{"id":828,"date":"2024-07-02T17:01:01","date_gmt":"2024-07-02T17:01:01","guid":{"rendered":"http:\/\/localhost\/hommywp\/hm-bd-1580-fast-cooling-ice-lolly-popsicle-freezer-refrigerator\/"},"modified":"2025-08-01T09:57:44","modified_gmt":"2025-08-01T09:57:44","slug":"hm-bd-1580-popsicle-freezer","status":"publish","type":"product","link":"https:\/\/www.hommy.com\/de\/p\/hm-bd-1580-popsicle-freezer\/","title":{"rendered":"Hm-Bd-1580 Schnellk\u00fchlung Eis am Stiel Gefrierschrank K\u00fchlschrank"},"content":{"rendered":"<div>\n<h2><span style=\"letter-spacing: 0px;font-family: arial, helvetica, sans-serif;font-size: 24px\"><br \/><\/span><\/h2>\n<h2 style=\"text-align: center\"><strong><span style=\"letter-spacing: 0px;font-family: arial, helvetica, sans-serif;font-size: 24px\"><a name=\"Full Automatic popsicle packing machine\"><\/a>Vollautomatische Verpackungsmaschine f\u00fcr Eis am Stiel<\/span><\/strong><\/h2>\n<p style=\"text-align: center\"><a href=\"http:\/\/Full Automatic popsicle packing machine\" target=\"_self\" data-lv=\"0\" rel=\"noopener nofollow\"><span style=\"letter-spacing: 0px;font-family: arial, helvetica, sans-serif;font-size: 16px\">Vollautomatische Verpackungsmaschine f\u00fcr Eis am Stiel<\/span><\/a><span style=\"letter-spacing: 0px;font-family: arial, helvetica, sans-serif;font-size: 16px\">|<a href=\"http:\/\/Product Features\" target=\"_self\" data-lv=\"0\" rel=\"noopener nofollow\">Produktmerkmale<\/a>|<a href=\"http:\/\/Product specification\" target=\"_self\" data-lv=\"0\" rel=\"noopener nofollow\">Produktspezifikation<\/a><\/span><\/p>\n<p><span style=\"letter-spacing: 0px;font-family: Helvetica;font-size: 20px\">Sie k\u00f6nnen Popsicle Freezers Online von der besten Quelle des Gro\u00dfhandels Popsicle Freezer kaufen. wir verkaufen Popsicle Freezers nur zu erm\u00e4\u00dfigten Preisen von Herstellern. Sie k\u00f6nnen Eis am Stiel Gefrierger\u00e4te aus unserem Gro\u00dfhandel Shop erhalten. Es ist weit verbreitet in der Partei, und Parteien, Hochzeit, Geburtstag und Familie verwendet.<\/span><\/p>\n<p><span style=\"font-family:\u5b8b\u4f53;letter-spacing:0;font-size:29px\"><\/span><\/p>\n<div class=\"d-tem01-graphic tem01-graphic mockup\" data-detail=\"wrap\">\n<div class=\"cont-section clearfix d-clearfix\">\n<div class=\"col-md-6 col-sm-6 col-xs-6\">\n<div class=\"right-p\">\n<div class=\"h2 heading\"><img decoding=\"async\" src=\"https:\/\/www.hommy.com\/wp-content\/uploads\/16034159106362.png\" alt=\"Produkt-HM-BD-1580 Eiszapfen-Gefrierschrank-Hommy-img\" style=\"font-size: 14px\" title=\"\"><span style=\"font-size: 14px\">&nbsp; &nbsp; &nbsp; &nbsp; &nbsp; &nbsp; &nbsp;<\/span><\/div>\n<\/div>\n<\/div>\n<div class=\"col-md-6 col-sm-6 col-xs-6\">\n<div class=\"right-p\">\n<div class=\"h2 heading\">\n<p style=\"margin-top:0;margin-right:0;margin-bottom:0;margin-left:0;text-indent:0;text-align:justify\"><strong><span style=\"letter-spacing: 0px;font-size: 29px;font-family: arial, helvetica, sans-serif\"><a name=\"Product Features\"><\/a>Produktmerkmale<\/span><\/strong><span style=\"letter-spacing: 0px;font-size: 29px;font-family: arial, helvetica, sans-serif\">&nbsp;<\/span><\/p>\n<p style=\"margin-top:0;margin-right:0;margin-bottom:0;margin-left:0;text-indent:0;text-align:justify\"><span style=\"letter-spacing: 0px;font-size: 29px;font-family: arial, helvetica, sans-serif\">&nbsp;<\/span><\/p>\n<p><span style=\"font-size: 24px\"><strong><span style=\"font-family: arial, helvetica, sans-serif\">Eigenschaften&nbsp;<\/span><\/strong><\/span><\/p>\n<p><span style=\"font-size: 24px\"><strong><span style=\"font-size: 16px;font-family: arial, helvetica, sans-serif\">Beschreibung des Produkts<\/span><\/strong><\/span><\/p>\n<p style=\"margin-left:32px\"><span style=\"font-family: arial, helvetica, sans-serif\"><span style=\"font-family: Calibri;font-size: 16px\">- Schmetterling geschlossene T\u00fcren: Verdickung doppelt<\/span><span style=\"font-family: \u5b8b\u4f53;font-size: 16px\">&nbsp;<\/span><span style=\"font-family: Calibri;font-size: 16px\">Isolierung, Leistung und Haltbarkeit sowie hochwertige<\/span><span style=\"font-family: \u5b8b\u4f53;font-size: 16px\">&nbsp;<\/span><span style=\"font-family: Calibri;font-size: 16px\">Farbtafeln, gro\u00dfz\u00fcgig und sch\u00f6n<\/span><\/span><\/p>\n<p style=\"margin-left:32px\"><span style=\"font-family: arial, helvetica, sans-serif\"><span style=\"font-family: Calibri;font-size: 16px\">- Umrechnungsfunktionen: ein Doppelzweckz\u00e4hler,<\/span><span style=\"font-family: \u5b8b\u4f53;font-size: 16px\">&nbsp;<\/span><span style=\"font-family: Calibri;font-size: 16px\">kann eingefroren werden, kann auch eingefroren werden - Design der hohlen, abgeschr\u00e4gten Glast\u00fcr: thermisch<\/span><span style=\"font-family: \u5b8b\u4f53;font-size: 16px\">&nbsp;<\/span><span style=\"font-family: Calibri;font-size: 16px\">Isolationseigenschaften, und zeigen gute Ergebnisse<\/span><\/span><\/p>\n<p style=\"margin-left:32px\"><span style=\"font-family: Calibri;font-size: 16px\">- Filetierverfahren: Sicherheit und \u00c4sthetik<\/span><\/p>\n<p style=\"margin-left:32px\"><span style=\"font-family: arial, helvetica, sans-serif\"><span style=\"font-family: Calibri;font-size: 16px\">- Dicke Schaumstoffschicht: effektive Isolierung, D\u00e4mmung<\/span><span style=\"font-family: \u5b8b\u4f53;font-size: 16px\">&nbsp;<\/span><span style=\"font-family: Calibri;font-size: 16px\">Exzellenz <\/span><\/span><\/p>\n<p style=\"margin-left:32px\"><span style=\"font-family: Calibri;font-size: 16px\">- Moxianglun: Mobile smart<\/span><\/p>\n<p style=\"margin-left:32px\"><span style=\"font-family: arial, helvetica, sans-serif\"><span style=\"font-family: Calibri;font-size: 16px\">- Effiziente W\u00e4rme: W\u00e4rme-Kanton Bereich, und mehr gleichm\u00e4\u00dfig<\/span><span style=\"font-family: \u5b8b\u4f53;font-size: 16px\">&nbsp;<\/span><span style=\"font-family: Calibri;font-size: 16px\">Temperatur im Inneren - Famous Compressor: ger\u00e4uscharm, weniger Strom<\/span><\/span><\/p>\n<p><span style=\"font-size: 16px;font-family: arial, helvetica, sans-serif\">Verbrauch, Leistung und Stabilit\u00e4t<\/span><\/p>\n<p style=\"margin-left:32px\"><span style=\"font-family: arial, helvetica, sans-serif\"><span style=\"font-family: Calibri;font-size: 16px\">- D-Rohr-Verdampfer: vier K\u00e4lteanlagen, K\u00fchlung<\/span><span style=\"font-family: \u5b8b\u4f53;font-size: 16px\">&nbsp;<\/span><span style=\"font-family: Calibri;font-size: 16px\">&nbsp;Geschwindigkeit, lange Lebensdauer<\/span><\/span><\/p>\n<\/div>\n<\/div>\n<p><span style=\"font-family: arial, helvetica, sans-serif\"><br \/>\n &nbsp; &nbsp; &nbsp; &nbsp; &nbsp; &nbsp;<\/span><\/div>\n<\/div>\n<\/div>\n<p><span style=\"letter-spacing: 0px;font-size: 29px;font-family: arial, helvetica, sans-serif\"><\/span><\/p>\n<p><span style=\"font-size: 24px\"><strong><span style=\"letter-spacing: 0px;font-family: arial, helvetica, sans-serif\"><a name=\"Product specification\"><\/a>Produktspezifikation<\/span><\/strong><\/span><\/p>\n<p><img loading=\"lazy\" decoding=\"async\" src=\"https:\/\/www.hommy.com\/wp-content\/uploads\/16034156819184.png\" title=\"\" alt=\"product-Hommy-img\" width=\"1000\" height=\"218\" border=\"0\" vspace=\"0\" style=\"width: 1000px;height: 218px\"><span style=\"font-family:\u5b8b\u4f53;letter-spacing:0;font-size:29px\"><\/span><\/p>\n<p><\/p>\n<p>Dokument\uff1a<img decoding=\"async\" src=\"icon_jpg.gif\" style=\"margin-right: 2px\" alt=\"product-Hommy-img\" title=\"\"><a href=\"https:\/\/img80002414.weyesimg.com\/uploads\/www.hommy.com\/images\/16034163249551.jpg\" title=\"16034163249551.jpg\" style=\"font-size: 12px\">16034163249551.jpg<\/a><\/p>\n<h2 style=\"font-family: sans-serif\">Wie wird das Eis am Stiel hergestellt?<\/h2>\n<p style=\"margin-top: 5px;margin-bottom: 5px;font-family: sans-serif;font-size: 16px\">Es gibt verschiedene Methoden zur Herstellung von Eis am Stiel, die vor allem von der Dicke des Eises abh\u00e4ngen. Am einfachsten ist die Methode mit der Handkurbel <a style=\"color:blue\" href=\"\/de\/\">Eismaschine<\/a>. Dies erfordert einen Gefrierschrank und eine Handkurbel, ist aber im Grunde nur f\u00fcr eine kleine Charge Eis geeignet und ziemlich einfach.<\/p>\n<p style=\"margin-top: 5px;margin-bottom: 5px;font-family: sans-serif;font-size: 16px\">Eine andere M\u00f6glichkeit ist, das Eis in einer Schale einzufrieren und mit einer manuellen Eiscremepresse zu pressen, \u00e4hnlich wie bei einem Waffeleisen. Auch hier kann nur eine kleine Menge Eis hergestellt werden, und die Handhabung ist schwieriger.<\/p>\n<p style=\"margin-top: 5px;margin-bottom: 5px;font-family: sans-serif;font-size: 16px\"><\/p>\n<h2 style=\"font-family: sans-serif\">Wie nennt man ein Eis am Stiel ohne Stiel?<\/h2>\n<p style=\"margin-top: 5px;margin-bottom: 5px;font-family: sans-serif;font-size: 16px\">Es gibt viele M\u00f6glichkeiten, das neue Sticky Pops Kit zu verwenden, z. B. als Grundlage f\u00fcr eine lustige Kindergeburtstagsparty - lassen Sie die Kinder drau\u00dfen ihre eigenen Popsicle-Burgen bauen, machen Sie selbstgemachte Eislutscher mit frischem Obst und kreieren Sie eine Vielzahl von fruchtigen, tropischen Getr\u00e4nken zu Hause.Sie k\u00f6nnen die Technik auch anpassen, um wirklich interessante essbare Kunstwerke herzustellen. Die M\u00f6glichkeiten sind endlos!<\/p>\n<p style=\"margin-top: 5px;margin-bottom: 5px;font-family: sans-serif;font-size: 16px\"><\/p>\n<h2 style=\"font-family: sans-serif\">Wie nennen die Kanadier Eiskugeln?<\/h2>\n<p style=\"margin-top: 5px;margin-bottom: 5px;font-family: sans-serif;font-size: 16px\">Antwort: In Kanada gibt es eine Reihe von Begriffen f\u00fcr Eis am Stiel. Dazu geh\u00f6ren Popsicles, Ice Lollies, Ice Creams und Ice Pops, die oft synonym verwendet werden. Obwohl in Kanada j\u00e4hrlich weniger als 2 Milliarden Eis am Stiel produziert und konsumiert werden, wird ein gro\u00dfer Teil des weltweiten Eis am Stiel in Kanada hergestellt und verkauft.<\/p>\n<\/div><\/div>","protected":false},"excerpt":{"rendered":"<p>Full Automatic popsicle packing machine Full Automatic popsicle packing machine|Product Features|Product specification You can buy Popsicle Freezers Online from the best source of wholesale Popsicle Freezer . we sell Popsicle Freezers only at discounted prices from manufacturers. You can get Popsicle Freezers from our Wholesale Shop. It is widely used in party, and parties, wedding, [&hellip;]<\/p>\n","protected":false},"featured_media":826,"comment_status":"open","ping_status":"open","template":"","meta":{"_swt_meta_header_display":false,"_swt_meta_footer_display":false,"_swt_meta_site_title_display":false,"_swt_meta_sticky_header":false,"_swt_meta_transparent_header":false},"product_brand":[],"product_cat":[84],"product_tag":[],"class_list":{"0":"post-828","1":"product","2":"type-product","3":"status-publish","4":"has-post-thumbnail","6":"product_cat-popsicle-machine","8":"first","9":"instock","10":"shipping-taxable","11":"product-type-simple"},"_links":{"self":[{"href":"https:\/\/www.hommy.com\/de\/wp-json\/wp\/v2\/product\/828","targetHints":{"allow":["GET"]}}],"collection":[{"href":"https:\/\/www.hommy.com\/de\/wp-json\/wp\/v2\/product"}],"about":[{"href":"https:\/\/www.hommy.com\/de\/wp-json\/wp\/v2\/types\/product"}],"replies":[{"embeddable":true,"href":"https:\/\/www.hommy.com\/de\/wp-json\/wp\/v2\/comments?post=828"}],"wp:featuredmedia":[{"embeddable":true,"href":"https:\/\/www.hommy.com\/de\/wp-json\/wp\/v2\/media\/826"}],"wp:attachment":[{"href":"https:\/\/www.hommy.com\/de\/wp-json\/wp\/v2\/media?parent=828"}],"wp:term":[{"taxonomy":"product_brand","embeddable":true,"href":"https:\/\/www.hommy.com\/de\/wp-json\/wp\/v2\/product_brand?post=828"},{"taxonomy":"product_cat","embeddable":true,"href":"https:\/\/www.hommy.com\/de\/wp-json\/wp\/v2\/product_cat?post=828"},{"taxonomy":"product_tag","embeddable":true,"href":"https:\/\/www.hommy.com\/de\/wp-json\/wp\/v2\/product_tag?post=828"}],"curies":[{"name":"wp","href":"https:\/\/api.w.org\/{rel}","templated":true}]}}