{"id":825,"date":"2024-07-02T17:00:57","date_gmt":"2024-07-02T17:00:57","guid":{"rendered":"http:\/\/localhost\/hommywp\/hm-pm-12-hot-sale-ice-popsicle-machine-manufacturer-cost\/"},"modified":"2025-08-01T09:57:44","modified_gmt":"2025-08-01T09:57:44","slug":"hm-pm-12-eiszapfenmaschine","status":"publish","type":"product","link":"https:\/\/www.hommy.com\/de\/p\/hm-pm-12-eiszapfenmaschine\/","title":{"rendered":"Hm-Pm-12 Hei\u00dfer Verkauf Eis am Stiel Maschine Hersteller Kosten"},"content":{"rendered":"<div>\n<h2 style=\"text-align: center\"><strong><span style=\"letter-spacing: 0px;font-family: arial, helvetica, sans-serif;font-size: 24px\"><a name=\"Ice Popsicle Machine\"><\/a>Eis am Stiel-Maschine<\/span><\/strong><\/h2>\n<h2 style=\"text-align: center\"><a href=\"#Ice Popsicle Machine\" target=\"_self\" data-lv=\"0\" rel=\"noopener\"><span style=\"letter-spacing: 0px;font-family: arial, helvetica, sans-serif;font-size: 16px\">Eis am Stiel-Maschine<\/span><\/a><span style=\"letter-spacing: 0px;font-family: arial, helvetica, sans-serif;font-size: 16px\">|<a href=\"#Product Features\" target=\"_self\" data-lv=\"0\" rel=\"noopener\">Produktmerkmale<\/a>|<a href=\"#Product specification\" target=\"_self\" data-lv=\"0\" rel=\"noopener\">Produktspezifikation<\/a>|<a href=\"#Product Advantage\" target=\"_self\" data-lv=\"0\" rel=\"noopener\">Produktvorteil<\/a><\/span><\/h2>\n<p><\/p>\n<p style=\"text-align: center\">&nbsp;&nbsp;&nbsp;&nbsp;<\/p>\n<p>Wir haben in diesem Bereich f\u00fcr eine lange Zeit besch\u00e4ftigt und in der Lage gewesen zu produzieren und liefern eine breite Palette von Ice Popsicle Maschine. Unsere Ice Popsicle Maschine ist so konzipiert und hergestellt mit den besten Qualit\u00e4tskomponenten und die beste Qualit\u00e4t Rohstoffe. Hergestellt mit qualit\u00e4tsgepr\u00fcften Materialien und Komponenten, sind diese entworfen, um einwandfreie Leistung zu bieten. Erh\u00e4ltlich in verschiedenen Spezifikationen, haben wir auch diese in verschiedenen Designs und Gr\u00f6\u00dfen hergestellt, um die vielf\u00e4ltigen Bed\u00fcrfnisse der Kunden zu erf\u00fcllen.<\/p>\n<p><\/p>\n<div class=\"d-tem01-graphic tem01-graphic mockup\" data-detail=\"wrap\">\n<div class=\"cont-section clearfix d-clearfix\">\n<div class=\"col-md-6 col-sm-6 col-xs-6\">\n<div class=\"right-p\">\n<h2><img loading=\"lazy\" decoding=\"async\" src=\"https:\/\/www.hommy.com\/wp-content\/uploads\/16289175573404.jpg\" alt=\"product-Hommy-img\" style=\"font-size: 14px;width: 600px;height: 600px\" title=\"\" width=\"600\" height=\"600\" border=\"0\" vspace=\"0\"><span style=\"font-size: 14px\">&nbsp; &nbsp; &nbsp; <strong><span style=\"font-family: arial, helvetica, sans-serif;font-size: 24px\">&nbsp; &nbsp; &nbsp; &nbsp;<\/span><\/strong><\/span><\/h2>\n<\/div>\n<\/div>\n<div class=\"col-md-6 col-sm-6 col-xs-6\">\n<div class=\"right-p\">\n<div class=\"h2 heading\">\n<h2 style=\"margin: 0px;text-indent: 0px;text-align: justify\"><strong><span style=\"letter-spacing: 0px;font-family: arial, helvetica, sans-serif;font-size: 24px\"><a name=\"Product Features\"><\/a>Produktmerkmale<\/span><\/strong><\/h2>\n<p style=\"margin-top:0;margin-right:0;margin-bottom:0;margin-left:0;text-indent:0;text-align:justify\"><span style=\"font-family:\u5b8b\u4f53;letter-spacing:0;font-size:29px\">&nbsp;&nbsp;<\/span><\/p>\n<p style=\"margin-left:32px\"><span style=\"font-family:Calibri;font-size:16px\">- Die Maschine hat ein luxuri\u00f6ses Aussehen und ist einfach zu bedienen und kosteng\u00fcnstig in der Wartung.<\/span><\/p>\n<p style=\"margin-left:32px\"><span style=\"font-family:Calibri;font-size:16px\">- Innenbeh\u00e4lter aus reinem rostfreiem Stahl, der der Salzs\u00e4ure widerstehen kann<\/span><\/p>\n<p style=\"margin-left:32px\"><span style=\"font-family:Calibri;font-size:16px\">- Die Bedienung ist einfach<\/span><span style=\"font-family:\u5b8b\u4f53;font-size:16px\">.<\/span><\/p>\n<p style=\"margin-left:32px\"><span style=\"font-family:Calibri;font-size:16px\">- Mehrere Arten von Eiszapfenformen zur Auswahl.<\/span><\/p>\n<p style=\"margin-left:32px\"><span style=\"font-family:Calibri;font-size:16px\">- Rostfreier Stahl<\/span><span style=\"font-family:\u5b8b\u4f53;font-size:16px\">l<\/span><span style=\"font-family:Calibri;font-size:16px\">! Schimmelpilze k\u00f6nnen der Erosion widerstehen.<\/span><\/p>\n<p style=\"margin-left:32px\"><span style=\"font-family:Calibri;font-size:16px\">- Die Form hat eine automatische Schalenfunktion und ist einfach zu bedienen <\/span><span style=\"font-family:\u5b8b\u4f53;font-size:16px\">.<\/span><\/p>\n<p style=\"margin-left:32px\"><span style=\"font-family:Calibri;font-size:16px\">- Luft<\/span><span style=\"font-family:\u5b8b\u4f53;font-size:16px\">&nbsp;<\/span><span style=\"font-family:Calibri;font-size:16px\">Schutzh\u00fclle und halten das Material lange Zeit verwenden.<\/span><\/p>\n<p style=\"margin-left:32px\"><span style=\"font-family:Calibri;font-size:16px\">- Geringe Kapitalinvestitionen bei maximaler Produktion<\/span><span style=\"font-family:\u5b8b\u4f53;font-size:16px\">.<\/span><\/p>\n<p style=\"margin-left:32px\"><span style=\"font-family:Calibri;font-size:16px\">- Profitieren Sie vom Wasser, unglaubliches Gewinnpotenzial <\/span><span style=\"font-family:\u5b8b\u4f53;font-size:16px\">.<\/span><\/p>\n<p style=\"margin-left:32px\"><span style=\"font-family:Calibri;font-size:16px\">- Sie k\u00f6nnen mit einer Maschine 3 Arten von Waren herstellen: <\/span><span style=\"font-family:\u5b8b\u4f53;font-size:16px\">P<\/span><span style=\"font-family:Calibri;font-size:16px\">opsicle . kleiner Eisblock , i<\/span><span style=\"font-family:\u5b8b\u4f53;font-size:16px\">c<\/span><span style=\"font-family:Calibri;font-size:16px\">e S\u00fc\u00dfigkeiten .<\/span><\/p>\n<\/div>\n<\/div>\n<p>&nbsp; &nbsp; &nbsp; &nbsp; &nbsp; &nbsp;<\/p><\/div>\n<\/div>\n<\/div>\n<h2><strong><span style=\"letter-spacing: 0px;font-family: arial, helvetica, sans-serif;font-size: 24px\"><a name=\"Product specification\"><\/a>Produktspezifikation<\/span><\/strong><\/h2>\n<h2><img loading=\"lazy\" decoding=\"async\" src=\"https:\/\/www.hommy.com\/wp-content\/uploads\/16032441296542.png\" title=\"\" alt=\"product-Hommy-img\" width=\"1000\" height=\"436\" border=\"0\" vspace=\"0\" style=\"width: 1000px;height: 436px\"><\/h2>\n<p><\/p>\n<h2><strong><span style=\"letter-spacing: 0px;font-family: arial, helvetica, sans-serif;font-size: 24px\"><a name=\"Product Advantage\"><\/a>Produktvorteil<\/span><\/strong><\/h2>\n<p><span style=\"font-family:\u5b8b\u4f53;letter-spacing:0;font-size:29px\"><\/span><\/p>\n<div class=\"d-tem01-graphic tem01-graphic mockup\" data-detail=\"wrap\">\n<div class=\"cont-section clearfix d-clearfix\">\n<div class=\"col-md-6 col-sm-6 col-xs-6\">\n<div class=\"right-p\">\n<div class=\"h2 heading\">\n<p style=\"margin: 0 0 0 28px;text-indent: 0;padding: 0;vertical-align: baseline\"><span style=\"letter-spacing: 0px;font-family: arial, helvetica, sans-serif;font-size: 16px\">1. Die Maschine w\u00e4hlt SS304 Salzwasser Tank-Anti-Rost-Material und Tank im Inneren w\u00e4hlen Sie alle die Schraube, die 304 Edelstahl ist, um eine l\u00e4ngere Lebensdauer der Maschine zu gew\u00e4hrleisten.<\/span><\/p>\n<p style=\"margin: 0 0 0 28px;text-indent: 0;padding: 0;vertical-align: baseline\"><span style=\"letter-spacing: 0px;font-family: arial, helvetica, sans-serif;font-size: 16px\"><br \/><\/span><\/p>\n<\/div>\n<\/div>\n<div class=\"graphic_pic animated wow bounceIn\" data-wow-delay=\".7s\">\n<p style=\"text-align:center\"><img loading=\"lazy\" decoding=\"async\" src=\"https:\/\/www.hommy.com\/wp-content\/uploads\/16032443699337.jpg\" alt=\"Produkt-Hommy-HM-PM-12 Eis am Stiel-Maschine-img\" title=\"\" width=\"350\" height=\"500\" border=\"0\" vspace=\"0\" style=\"width: 350px;height: 500px\"><\/p>\n<\/div>\n<\/div>\n<div class=\"col-md-6 col-sm-6 col-xs-6\">\n<div class=\"right-p\">\n<div class=\"h2 heading\">\n<p style=\"margin: 0 0 0 28px;text-indent: 0;padding: 0;vertical-align: baseline\"><span style=\"letter-spacing: 0px;font-family: arial, helvetica, sans-serif;font-size: 16px\">2. Wir haben verschiedene Eis Lolly Form f\u00fcr Sie es zu w\u00e4hlen.&nbsp;<\/span><\/p>\n<p style=\"margin: 0 0 0 28px;text-indent: 0;padding: 0;vertical-align: baseline\"><span style=\"letter-spacing: 0px;font-family: arial, helvetica, sans-serif;font-size: 16px\"><br \/><\/span><\/p>\n<p style=\"margin: 0 0 0 28px;text-indent: 0;padding: 0;vertical-align: baseline\"><span style=\"letter-spacing: 0px;font-family: arial, helvetica, sans-serif;font-size: 16px\"><br \/><\/span><\/p>\n<p style=\"margin: 0 0 0 28px;text-indent: 0;padding: 0;vertical-align: baseline\"><span style=\"letter-spacing: 0px;font-family: arial, helvetica, sans-serif;font-size: 16px\"><br \/><\/span><\/p>\n<p style=\"margin: 0 0 0 28px;text-indent: 0;padding: 0;vertical-align: baseline\"><span style=\"letter-spacing: 0px;font-family: arial, helvetica, sans-serif;font-size: 16px\"><br \/><\/span><\/p>\n<\/div>\n<\/div>\n<div class=\"graphic_pic animated wow bounceIn\" data-wow-delay=\".7s\"><img decoding=\"async\" src=\"https:\/\/www.hommy.com\/wp-content\/uploads\/16032444176318.png\" alt=\"product-Hommy-img\" title=\"\"><br \/>\n &nbsp; &nbsp; &nbsp; &nbsp; &nbsp; &nbsp;<\/div>\n<\/div>\n<\/div>\n<\/div>\n<p><\/p>\n<p><\/p>\n<div class=\"d-tem01-graphic tem01-graphic mockup\" data-detail=\"wrap\">\n<div class=\"cont-section clearfix d-clearfix\">\n<div class=\"col-md-6 col-sm-6 col-xs-6\">\n<div class=\"right-p\">\n<div class=\"h2 heading\">\n<p style=\"margin-left:28px;text-indent:0\"><span style=\"font-family: arial, helvetica, sans-serif\"><span style=\"letter-spacing: 0px;font-size: 16px\">3. Die Maschine im Inneren des K\u00fchlsystems ist sehr stark produzieren eine Charge eine 15-20 Minute, die Temperatur passieren kann&nbsp;<\/span><span style=\"font-size: 16px;letter-spacing: 0px\">-18 oder -20 Grad.&nbsp;<\/span><\/span><\/p>\n<\/div>\n<\/div>\n<div class=\"graphic_pic animated wow bounceIn\" data-wow-delay=\".7s\">\n<p style=\"text-align:center\"><img loading=\"lazy\" decoding=\"async\" src=\"https:\/\/www.hommy.com\/wp-content\/uploads\/16032446374464.jpg\" alt=\"product-Hommy-img\" title=\"\" width=\"350\" height=\"500\" border=\"0\" vspace=\"0\" style=\"width: 350px;height: 500px\"><\/p>\n<\/div>\n<\/div>\n<div class=\"col-md-6 col-sm-6 col-xs-6\">\n<div class=\"right-p\">\n<div class=\"h2 heading\">\n<p style=\"margin-left:28px;text-indent:0\"><span style=\"font-family:Calibri;letter-spacing:0;font-size:16px\">4.&nbsp;<\/span><span style=\"font-family:Calibri;letter-spacing:0;font-size:16px\">Wenn sich der hocheffiziente R\u00fchrstab aus Edelstahl dreht, erzeugt er einen Wasserstrom, der die Abk\u00fchlgeschwindigkeit beschleunigt.<\/span><\/p>\n<p style=\"margin-left:28px;text-indent:0\"><span style=\"font-family:Calibri;letter-spacing:0;font-size:16px\"><br \/><\/span><\/p>\n<\/div>\n<\/div>\n<div class=\"graphic_pic animated wow bounceIn\" data-wow-delay=\".7s\">\n<p style=\"text-align:center\"><img loading=\"lazy\" decoding=\"async\" src=\"https:\/\/www.hommy.com\/wp-content\/uploads\/16032446978294.jpg\" alt=\"Produkt-HM-PM-12 Eis am Stiel-Maschine-Hommy-img\" title=\"\" width=\"350\" height=\"500\" border=\"0\" vspace=\"0\" style=\"width: 350px;height: 500px\"><\/p>\n<\/div>\n<\/div>\n<\/div>\n<\/div>\n<p>Dokument\uff1a<img decoding=\"async\" src=\"https:\/\/www.hommy.com\/wp-content\/uploads\/icon_pdf-56.gif\" style=\"margin-right: 2px\" alt=\"produkt-Hommy-img-1\" title=\"\"><a href=\"https:\/\/img80002414.weyesimg.com\/uploads\/www.hommy.com\/addon\/16032455412296.pdf\" title=\"16032455412296.pdf\" style=\"font-size: 12px\">16032455412296.pdf<\/a><\/p>\n<h2>Ist das Speiseeisgesch\u00e4ft in Kenia rentabel?<\/h2>\n<p style=\"margin-top: 5px;margin-bottom: 5px\">Kenia ist bekannt f\u00fcr das beste Eis in Afrika. Obwohl Eiscreme kein fester Bestandteil der kenianischen Kultur ist, gewinnt sie langsam an Popularit\u00e4t. Auch wenn es nicht der beste Teil der Speisekarte ist, wird Eiscreme langsam immer beliebter und viele Menschen finden es eine nette Abwechslung.<\/p>\n<p style=\"margin-top: 5px;margin-bottom: 5px\"><\/p>\n<h2>Wie lange sind Eisw\u00fcrfel haltbar?<\/h2>\n<p style=\"margin-top: 5px;margin-bottom: 5px\">Wenn Sie ein Eis einfrieren, frieren Sie es auf zellul\u00e4rer Ebene ein. Das bedeutet, dass Sie die Wassermolek\u00fcle im Eis einfrieren. Wenn das Eis weiter gefriert, werden die Wassermolek\u00fcle kleiner und kleiner. Wenn du in ein Eis bei\u00dft, hat die Fl\u00fcssigkeit, die du trinkst, deshalb fast die gleiche Temperatur wie das Eis. Wenn es schmilzt, schrumpft das Eis weiter.<\/p>\n<p style=\"margin-top: 5px;margin-bottom: 5px\"><\/p>\n<h2>Wie lange brauchen Eisw\u00fcrfel zum Gefrieren?<\/h2>\n<p style=\"margin-top: 5px;margin-bottom: 5px\">Die Zeit, die zum Einfrieren einer einzelnen Portion Eis am Stiel ben\u00f6tigt wird, h\u00e4ngt von der Gr\u00f6\u00dfe des Eis am Stiel, der Anzahl der Portionen, der Gr\u00f6\u00dfe des Eisbeh\u00e4lters und der Temperatur des Gefrierschranks ab.<\/p>\n<p style=\"margin-top: 5px;margin-bottom: 5px\">Ich w\u00fcrde sagen, dass eine einzelne Portion im Durchschnitt etwa 30 Minuten zum Einfrieren braucht.&nbsp;<\/p>\n<\/div><\/div>","protected":false},"excerpt":{"rendered":"<p>Ice Popsicle Machine Ice Popsicle Machine|Product Features|Product specification|Product Advantage &nbsp;&nbsp;&nbsp;&nbsp; We have been engaged in this domain for a long time and have been able to manufacture and supply a broad range of Ice Popsicle machine. Our Ice Popsicle machine is designed and manufactured using the finest quality components and the finest grade raw materials. [&hellip;]<\/p>\n","protected":false},"featured_media":818,"comment_status":"open","ping_status":"open","template":"","meta":{"_swt_meta_header_display":false,"_swt_meta_footer_display":false,"_swt_meta_site_title_display":false,"_swt_meta_sticky_header":false,"_swt_meta_transparent_header":false},"product_brand":[],"product_cat":[84],"product_tag":[],"class_list":{"0":"post-825","1":"product","2":"type-product","3":"status-publish","4":"has-post-thumbnail","6":"product_cat-popsicle-machine","8":"first","9":"instock","10":"shipping-taxable","11":"product-type-simple"},"_links":{"self":[{"href":"https:\/\/www.hommy.com\/de\/wp-json\/wp\/v2\/product\/825","targetHints":{"allow":["GET"]}}],"collection":[{"href":"https:\/\/www.hommy.com\/de\/wp-json\/wp\/v2\/product"}],"about":[{"href":"https:\/\/www.hommy.com\/de\/wp-json\/wp\/v2\/types\/product"}],"replies":[{"embeddable":true,"href":"https:\/\/www.hommy.com\/de\/wp-json\/wp\/v2\/comments?post=825"}],"wp:featuredmedia":[{"embeddable":true,"href":"https:\/\/www.hommy.com\/de\/wp-json\/wp\/v2\/media\/818"}],"wp:attachment":[{"href":"https:\/\/www.hommy.com\/de\/wp-json\/wp\/v2\/media?parent=825"}],"wp:term":[{"taxonomy":"product_brand","embeddable":true,"href":"https:\/\/www.hommy.com\/de\/wp-json\/wp\/v2\/product_brand?post=825"},{"taxonomy":"product_cat","embeddable":true,"href":"https:\/\/www.hommy.com\/de\/wp-json\/wp\/v2\/product_cat?post=825"},{"taxonomy":"product_tag","embeddable":true,"href":"https:\/\/www.hommy.com\/de\/wp-json\/wp\/v2\/product_tag?post=825"}],"curies":[{"name":"wp","href":"https:\/\/api.w.org\/{rel}","templated":true}]}}