{"id":82,"date":"2024-07-02T11:52:06","date_gmt":"2024-07-02T11:52:06","guid":{"rendered":"http:\/\/localhost\/hommywp\/hm160e-automatic-compact-size-tabletop-smoothie-maker-for-business\/"},"modified":"2025-09-13T10:05:55","modified_gmt":"2025-09-13T10:05:55","slug":"hm160e-automatischer-tabletop-smoothie-maker-in-kompakter-grose-fur-unternehmen","status":"publish","type":"product","link":"https:\/\/www.hommy.com\/de\/p\/hm160e-automatischer-tabletop-smoothie-maker-in-kompakter-grose-fur-unternehmen\/","title":{"rendered":"HM160E: Automatischer Tisch-Smoothie-Maker im Kompaktformat f\u00fcr Unternehmen"},"content":{"rendered":"<p class=\"has-text-align-left\">Der HM-160E ist ein automatischer, kommerzieller Tisch-Smoothie-Maker, der f\u00fcr Unternehmen mit begrenztem Platzangebot entwickelt wurde. Er eignet sich perfekt f\u00fcr Obstl\u00e4den, Convenience Stores, Tankstellen, Restaurants und mehr.<\/p>\n\n\n\n<div class=\"wp-block-group is-vertical is-content-justification-center is-layout-flex wp-container-core-group-is-layout-ce155fab wp-block-group-is-layout-flex\">\n<figure class=\"wp-block-image aligncenter is-style-default wp-duotone-unset-1\"><img decoding=\"async\" src=\"https:\/\/www.hommy.com\/wp-content\/uploads\/17105146304917.jpg\" alt=\"Smoothie-Maschine\" title=\"Smoothie-Maschine\"\/><\/figure>\n<\/div>\n\n\n\n<h2 class=\"wp-block-heading\"><strong>Auswahl des K\u00fchlschranks:<\/strong><\/h2>\n\n\n\n<div class=\"wp-block-group is-nowrap is-layout-flex wp-container-core-group-is-layout-6c531013 wp-block-group-is-layout-flex\">\n<figure class=\"wp-block-image size-large\"><img decoding=\"async\" src=\"https:\/\/www.hommy.com\/wp-content\/uploads\/17107557283856-1.jpg\" alt=\"\" title=\"\"><\/figure>\n\n\n\n<figure class=\"wp-block-image size-large\"><img decoding=\"async\" src=\"https:\/\/www.hommy.com\/wp-content\/uploads\/17107557284443-1.jpg\" alt=\"\" title=\"\"><\/figure>\n\n\n\n<figure class=\"wp-block-image size-large\"><img decoding=\"async\" src=\"https:\/\/www.hommy.com\/wp-content\/uploads\/17107557297480-1.jpg\" alt=\"\" title=\"\"><\/figure>\n\n\n\n<figure class=\"wp-block-image size-large\"><img decoding=\"async\" src=\"https:\/\/www.hommy.com\/wp-content\/uploads\/17107557277036-1.jpg\" alt=\"\" title=\"\"><\/figure>\n<\/div>\n\n\n\n<h2 class=\"wp-block-heading\">Produkt-VIdeo:<\/h2>\n\n\n\n<p>Hei\u00dfe beliebte Smoothie-Maschine zum Verkauf<\/p>\n\n\n<p><iframe loading=\"lazy\" title=\"Smoothie-Maschine mit gefrorenen Fr\u00fcchten\" width=\"500\" height=\"281\" src=\"https:\/\/www.youtube.com\/embed\/x-XeZtjX6hg?feature=oembed\" frameborder=\"0\" allow=\"accelerometer; autoplay; clipboard-write; encrypted-media; gyroscope; picture-in-picture; web-share\" referrerpolicy=\"strict-origin-when-cross-origin\" allowfullscreen><\/iframe><\/p>\n\n\n<p><iframe loading=\"lazy\" title=\"24-Stunden-Smoothie-Automat im Supermarkt\" width=\"500\" height=\"281\" src=\"https:\/\/www.youtube.com\/embed\/izlN4mk533U?feature=oembed\" frameborder=\"0\" allow=\"accelerometer; autoplay; clipboard-write; encrypted-media; gyroscope; picture-in-picture; web-share\" referrerpolicy=\"strict-origin-when-cross-origin\" allowfullscreen><\/iframe><\/p>\n\n\n\n<div class=\"wp-block-group is-vertical is-content-justification-center is-layout-flex wp-container-core-group-is-layout-ce155fab wp-block-group-is-layout-flex\">\n<h2 class=\"wp-block-heading\">Spezifikationen:<\/h2>\n\n\n\n<figure class=\"wp-block-image\"><img decoding=\"async\" src=\"https:\/\/www.hommy.com\/wp-content\/uploads\/17105175578638-2.jpg\" alt=\"product-Hommy-img\" title=\"\"><\/figure>\n<\/div>\n\n\n\n<p class=\"has-text-align-center\"><\/p>\n\n\n\n<h2 class=\"wp-block-heading\">Prozess des Kundeneinkaufs:<\/h2>\n\n\n\n<p><strong>Vorbereitung:<\/strong>Erstellen Sie einen QR-Code auf der Website und drucken Sie einen Aufkleber f\u00fcr jeden Becher aus. Legen Sie die Fruchtst\u00fccke in die Becher und bringen Sie den QR-Code-Aufkleber an. (Dieser Schritt kann in einer anderen Produktionswerkstatt durchgef\u00fchrt werden, und Sie m\u00fcssen die Waren nur transportieren).<\/p>\n\n\n\n<p><strong>Produkte laden:<\/strong>Lagern Sie die Becher im K\u00fchlschrank bei -10\u00b0C bis -18\u00b0C.<\/p>\n\n\n\n<p><strong>Kundeneinkauf:<\/strong> Der Kunde sucht sich aus dem K\u00fchlschrank aus, was er mag.<\/p>\n\n\n\n<p>Bezahlen Sie an der Rezeption.<\/p>\n\n\n\n<p>Scannt den QR-Code auf der Maschine, die automatisch die T\u00fcr \u00f6ffnet.<\/p>\n\n\n\n<p>Setzen Sie den Becher in die Halterung unter dem Mixerblatt ein.<\/p>\n\n\n\n<p>Die Ger\u00e4tet\u00fcr schlie\u00dft sich automatisch und der Smoothie wird gemixt.<\/p>\n\n\n\n<p>Der Kunde kann den Fortschritt auf dem Bildschirm sehen.<\/p>\n\n\n\n<p>Sobald sie fertig sind, k\u00f6nnen sie den frischen Smoothie bekommen!<\/p>\n\n\n\n<p>Danach reinigt das Ger\u00e4t die Klingen automatisch mit Wasser.<\/p>\n\n\n\n<p><\/p>\n\n\n\n<h2 class=\"wp-block-heading\">Produktmerkmale<\/h2>\n\n\n\n<p><strong>Eigenst\u00e4ndiger Betrieb:&nbsp;<\/strong>Die HM160E arbeitet mit einem separaten Gefrierfach, so dass Kunden problemlos Smoothies mit gefrorenen Fr\u00fcchten herstellen k\u00f6nnen.<\/p>\n\n\n\n<p><strong>Automatische Vermischung:&nbsp;<\/strong>Das Ger\u00e4t mischt automatisch Fr\u00fcchte und gibt 100 ml bis 300 ml Wasser oder Milch hinzu, um in etwa 40 Sekunden einen perfekt gemixten Smoothie zu kreieren.<\/p>\n\n\n\n<p><strong>Steuerung \u00fcber Touchscreen:&nbsp;<\/strong>Ein gro\u00dfes 13,3\u2033-Touchscreen-Display mit Android-System zeigt den Betriebsfortschritt an oder spielt Werbung ab. F\u00fcr die \u00c4nderung von Maschinendaten wie Wasser-\/Milchmenge, Reinigungswasserverbrauch und Mixereinstellungen ist ein Passwort erforderlich, um in den Hintergrund zu gelangen.<\/p>\n\n\n\n<p><strong>QR-Code-Funktionalit\u00e4t:&nbsp;<\/strong>Jeder Becher wird mit einem QR-Code-Aufkleber geliefert, auf dem die Wasserf\u00fcllmenge, die Motordrehzahl, die Mixdauer und sogar die Reinigungswassermenge angegeben werden k\u00f6nnen.<\/p>\n\n\n\n<p><strong>Becherz\u00e4hler:<\/strong> Die Maschine scannt den QR-Code, um die Gesamtzahl der gemixten Smoothies zu erfassen und anzuzeigen.<\/p>\n\n\n\n<p><strong>K\u00f6rbchengr\u00f6\u00dfe:<\/strong> W\u00e4hlen Sie zwischen einem 14 oz oder 16 oz PET-Becher in Lebensmittelqualit\u00e4t.<\/p>\n\n\n\n<p><strong>Fern\u00fcberwachung:<\/strong> \u00dcberwachen und verwalten Sie Verkaufsdaten aus der Ferne.<\/p>\n\n\n\n<p><strong>Automatische Reinigung:<\/strong> Das Ger\u00e4t reinigt sich automatisch nach jeder Mischung.<\/p>\n\n\n\n<p><strong>Automatische Sterilisation:<\/strong> Verwendet ultraviolette Strahlung, um Bakterien und Viren in der Maschine abzut\u00f6ten.<\/p>\n\n\n\n<p><strong>Personalisiertes Design:<\/strong> Die Designs k\u00f6nnen je nach Kundenwunsch angepasst werden, und OEM ist m\u00f6glich.<\/p>\n\n\n\n<p><strong>Mehrsprachige Unterst\u00fctzung:<\/strong> Das Ger\u00e4t unterst\u00fctzt verschiedene Sprachen, darunter Chinesisch, Englisch, Deutsch, Arabisch, Malaysisch, Thai, Spanisch und Koreanisch.<\/p>\n\n\n\n<p><strong>Wassertank-System:<\/strong> Umfasst einen Reinwasser- und einen Abwassertank, wodurch eine Wasserleitung oder ein Bodenabfluss \u00fcberfl\u00fcssig wird. Es ist auch sehr bequem zu bewegen<\/p>\n\n\n\n<h2 class=\"wp-block-heading\"><strong>Produktvorteile<\/strong><\/h2>\n\n\n\n<div class=\"wp-block-group is-horizontal is-content-justification-center is-nowrap is-layout-flex wp-container-core-group-is-layout-2256e7f1 wp-block-group-is-layout-flex\">\n<div class=\"wp-block-group is-vertical is-content-justification-center is-layout-flex wp-container-core-group-is-layout-6363bf74 wp-block-group-is-layout-flex\">\n<figure class=\"wp-block-image\"><img decoding=\"async\" src=\"https:\/\/www.hommy.com\/wp-content\/uploads\/17105175559625-2.jpg\" alt=\"\" title=\"\"><figcaption class=\"wp-element-caption\">1.Scanner<\/figcaption><\/figure>\n<\/div>\n\n\n\n<div class=\"wp-block-group is-vertical is-content-justification-center is-layout-flex wp-container-core-group-is-layout-ce155fab wp-block-group-is-layout-flex\">\n<figure class=\"wp-block-image size-large\"><img decoding=\"async\" src=\"https:\/\/www.hommy.com\/wp-content\/uploads\/17105175558461-2.jpg\" alt=\"\" title=\"\"><figcaption class=\"wp-element-caption\">2. ein Klick<\/figcaption><\/figure>\n<\/div>\n\n\n\n<div class=\"wp-block-group is-vertical is-content-justification-center is-layout-flex wp-container-core-group-is-layout-ce155fab wp-block-group-is-layout-flex\">\n<figure class=\"wp-block-image size-large\"><img decoding=\"async\" src=\"https:\/\/www.hommy.com\/wp-content\/uploads\/17105175531218-2.jpg\" alt=\"\" title=\"\"><figcaption class=\"wp-element-caption\">3.Reinigung<\/figcaption><\/figure>\n<\/div>\n<\/div>\n\n\n\n<div class=\"wp-block-group is-horizontal is-content-justification-center is-nowrap is-layout-flex wp-container-core-group-is-layout-2256e7f1 wp-block-group-is-layout-flex\">\n<div class=\"wp-block-group is-vertical is-layout-flex wp-container-core-group-is-layout-fe9cc265 wp-block-group-is-layout-flex\">\n<figure class=\"wp-block-image size-large\"><img decoding=\"async\" src=\"https:\/\/www.hommy.com\/wp-content\/uploads\/17105175522157-2.jpg\" alt=\"\" title=\"\"><figcaption class=\"wp-element-caption\">4.Blender<\/figcaption><\/figure>\n<\/div>\n\n\n\n<div class=\"wp-block-group is-vertical is-layout-flex wp-container-core-group-is-layout-fe9cc265 wp-block-group-is-layout-flex\">\n<figure class=\"wp-block-image size-large\"><img decoding=\"async\" src=\"https:\/\/www.hommy.com\/wp-content\/uploads\/17105175543965-2.jpg\" alt=\"\" title=\"\"><figcaption class=\"wp-element-caption\">5.Lanugage<\/figcaption><\/figure>\n<\/div>\n\n\n\n<div class=\"wp-block-group is-vertical is-layout-flex wp-container-core-group-is-layout-fe9cc265 wp-block-group-is-layout-flex\">\n<figure class=\"wp-block-image size-large\"><img decoding=\"async\" src=\"https:\/\/www.hommy.com\/wp-content\/uploads\/17105175568398.jpg\" alt=\"\" title=\"\"><figcaption class=\"wp-element-caption\">6.Wassereinlass-Auslass<\/figcaption><\/figure>\n<\/div>\n<\/div>\n\n\n\n<div class=\"wp-block-group is-horizontal is-content-justification-center is-nowrap is-layout-flex wp-container-core-group-is-layout-2256e7f1 wp-block-group-is-layout-flex\">\n<div class=\"wp-block-group is-vertical is-layout-flex wp-container-core-group-is-layout-fe9cc265 wp-block-group-is-layout-flex\"><\/div>\n\n\n\n<div class=\"wp-block-group is-vertical is-layout-flex wp-container-core-group-is-layout-fe9cc265 wp-block-group-is-layout-flex\">\n<figure class=\"wp-block-image size-large\"><img decoding=\"async\" src=\"https:\/\/www.hommy.com\/wp-content\/uploads\/17105175542633.jpg\" alt=\"\" title=\"\"><figcaption class=\"wp-element-caption\">7.mehrfarbig<\/figcaption><\/figure>\n<\/div>\n\n\n\n<div class=\"wp-block-group is-vertical is-layout-flex wp-container-core-group-is-layout-fe9cc265 wp-block-group-is-layout-flex\"><\/div>\n<\/div>\n\n\n\n<h2 class=\"wp-block-heading\">Kontakt<\/h2>\n\n\n\n<p>Wenn Sie an dieser oder einer anderen Smoothie-Maschine interessiert sind, kontaktieren Sie uns f\u00fcr den Preis der Maschine und weitere Details.<\/p>\n\n\n\n<h2 class=\"wp-block-heading\">FAQ<\/h2>\n\n\n\n<p><strong>Wie werden Smoothies in einem Automaten hergestellt?<\/strong><\/p>\n\n\n\n<p>Die Hommy Smoothie-Maschine ist eine sehr bequeme und schnelle M\u00f6glichkeit, gesunde Smoothies zu genie\u00dfen. Er nimmt Bestellungen entgegen, mischt echte gefrorene Fr\u00fcchte im Becher und reinigt sich automatisch.  Sie ist ideal f\u00fcr Universit\u00e4ten, B\u00fcros, Kantinen, Fitnessstudios, Spa, Caf\u00e9s und Obstl\u00e4den.<\/p>\n\n\n\n<p><strong>Wie macht man Mango-Slush in einer Smoothie-Maschine?<\/strong><\/p>\n\n\n\n<p>Kann ein Smoothie-Automat auch Slush herstellen?  Ja, der Smoothie-Automat kann nicht nur gesunde Fruchtsmoothies herstellen, sondern auch Slush in verschiedenen Geschmacksrichtungen. Um zu lernen, wie man Slush in einem Smoothie-Automaten herstellt, muss man: einen Smoothie-Automaten, Eis, Slush-Sirup, Becher und Strohhalme besorgen. Wir zeigen Ihnen, wie Sie Slush schnell und mit Spa\u00df herstellen k\u00f6nnen!<\/p>\n\n\n\n<p><strong>Warum sind Smoothie-Automaten so beliebt?<\/strong><\/p>\n\n\n\n<p>Smoothies sind beliebter denn je. Wegen seiner gesunden Ern\u00e4hrung aus echten Fr\u00fcchten\/Zutaten kann ein Smoothie als Teil einer ausgewogenen Ern\u00e4hrung konsumiert werden, er kann auch zur Gewichtsabnahme beitragen. Ein Smoothie-Automat kann gesunde Smoothies schnell, einfach und bequem liefern.<\/p>","protected":false},"excerpt":{"rendered":"<p>The HM-160E is an automatic, commercial, table-top style smoothie maker designed for businesses with limited space. it&#8217;s perfect for fruit shops, convenience stores, gas stations, restaurants, and more. Refrigerator Selection: Product VIdeo: Hot popular smoothie machine for sale Specifications: Customer Purchasing Process: Prepration:Generate a QR code on the website and print a sticker for each [&hellip;]<\/p>\n","protected":false},"featured_media":69,"comment_status":"closed","ping_status":"closed","template":"","meta":{"_swt_meta_header_display":false,"_swt_meta_footer_display":false,"_swt_meta_site_title_display":false,"_swt_meta_sticky_header":false,"_swt_meta_transparent_header":false},"product_brand":[],"product_cat":[69,68],"product_tag":[],"class_list":{"0":"post-82","1":"product","2":"type-product","3":"status-publish","4":"has-post-thumbnail","6":"product_cat-smoothie-vending-machine","7":"product_cat-vending-machine","9":"first","10":"instock","11":"shipping-taxable","12":"product-type-simple"},"_links":{"self":[{"href":"https:\/\/www.hommy.com\/de\/wp-json\/wp\/v2\/product\/82","targetHints":{"allow":["GET"]}}],"collection":[{"href":"https:\/\/www.hommy.com\/de\/wp-json\/wp\/v2\/product"}],"about":[{"href":"https:\/\/www.hommy.com\/de\/wp-json\/wp\/v2\/types\/product"}],"replies":[{"embeddable":true,"href":"https:\/\/www.hommy.com\/de\/wp-json\/wp\/v2\/comments?post=82"}],"wp:featuredmedia":[{"embeddable":true,"href":"https:\/\/www.hommy.com\/de\/wp-json\/wp\/v2\/media\/69"}],"wp:attachment":[{"href":"https:\/\/www.hommy.com\/de\/wp-json\/wp\/v2\/media?parent=82"}],"wp:term":[{"taxonomy":"product_brand","embeddable":true,"href":"https:\/\/www.hommy.com\/de\/wp-json\/wp\/v2\/product_brand?post=82"},{"taxonomy":"product_cat","embeddable":true,"href":"https:\/\/www.hommy.com\/de\/wp-json\/wp\/v2\/product_cat?post=82"},{"taxonomy":"product_tag","embeddable":true,"href":"https:\/\/www.hommy.com\/de\/wp-json\/wp\/v2\/product_tag?post=82"}],"curies":[{"name":"wp","href":"https:\/\/api.w.org\/{rel}","templated":true}]}}