{"id":817,"date":"2024-07-02T16:38:59","date_gmt":"2024-07-02T16:38:59","guid":{"rendered":"http:\/\/localhost\/hommywp\/china-thai-electric-round-pan-fried-ice-cream-roll-maker-factory\/"},"modified":"2025-08-01T09:57:44","modified_gmt":"2025-08-01T09:57:44","slug":"thailandisch-gebratene-eiscreme-roll-maker-eiscreme-roll-maschine","status":"publish","type":"product","link":"https:\/\/www.hommy.com\/de\/p\/thailandisch-gebratene-eiscreme-roll-maker-eiscreme-roll-maschine\/","title":{"rendered":"China Thai Elektrische Runde Pfanne Gebratene Eiscreme Roll Maker Fabrik"},"content":{"rendered":"<div>\n<p>&nbsp;<\/p>\n<h2 style=\"text-align: center\"><span style=\"font-family: arial, helvetica, sans-serif;font-weight: 700;text-align: center;font-size: 20px\"><a name=\"Thai fried Ice cream roll maker\/High Quality Fried frozen yogurt\/Thai Thailand fried ice cream machine\"><\/a>Thai gebratene Eiscreme Roll Maker\/High Quality Fried frozen yogurt\/Thai Thailand gebratene Eiscreme Maschine<\/span><\/h2>\n<p style=\"text-align: center\"><\/p>\n<p style=\"text-align: center\"><a href=\"#Thai fried Ice cream roll maker\/High Quality Fried frozen yogurt\/Thai Thailand fried ice cream machine\" target=\"_self\" data-lv=\"0\" rel=\"noopener\"><span style=\"font-family: arial, helvetica, sans-serif\">Thai gebratene Eiscreme Roll Maker\/High Quality Fried frozen yogurt\/Thai Thailand gebratene Eiscreme Maschine<\/span><\/a><span style=\"font-family: arial, helvetica, sans-serif\">|<a href=\"#PRODUCT FEATURES\" target=\"_self\" data-lv=\"0\" rel=\"noopener\">PRODUKTMERKMALE<\/a>|<a href=\"#Fried Ice cream roll maker\" target=\"_self\" data-lv=\"0\" rel=\"noopener\">Frittierte Eiswaffelmaschine<\/a>|<a href=\"#Product specification\" target=\"_self\" data-lv=\"0\" rel=\"noopener\">Produktspezifikation<\/a>|<a href=\"#Product Features\" target=\"_self\" data-lv=\"0\" rel=\"noopener\">Produktmerkmale<\/a>|<a href=\"#Product Description\" target=\"_self\" data-lv=\"0\" rel=\"noopener\">Beschreibung des Produkts<\/a>|<\/span><a href=\"#Operation Demonstration\" target=\"_self\" data-lv=\"0\" rel=\"noopener\"><span style=\"font-family: arial, helvetica, sans-serif\">Demonstration des Betriebs<\/span><br \/><\/a><\/p>\n<p style=\"text-align: center\"><video src=\"https:\/\/img80002414.weyesimg.com\/uploads\/wij2rdgc.allweyes.com\/video\/15553215634613.mp4\" preload=\"none\" controls=\"\" poster=\"https:\/\/img80002414.weyesimg.com\/uploads\/wij2rdgc.allweyes.com\/images\/15553215473420.jpg\" data-setup=\"{}\" width=\"900\" height=\"640\"><\/video><\/p>\n<p>&nbsp;<\/p>\n<div class=\"text-left d-tem09-title d-interval\" data-detail=\"wrap\">\n<div class=\"title-header\">\n<p>Unsere Eiswaffelmaschine wird zur Herstellung von gebratenem Eis verwendet, indem Eis mit einem speziellen Teig vermischt wird. Der Eiswaffelbereiter ist in verschiedenen Gr\u00f6\u00dfen und Formen f\u00fcr den Einsatz in Restaurants, Hotels und anderen Lebensmittelgesch\u00e4ften erh\u00e4ltlich.<\/p>\n<h2><strong><span style=\"font-size: 24px;font-family: arial, helvetica, sans-serif\"><br \/><\/span><\/strong><\/h2>\n<h2><strong><span style=\"font-size: 24px;font-family: arial, helvetica, sans-serif\">PRODUKTMERKMALE<\/span><\/strong><\/h2>\n<div class=\"subtitle\"><span>Das Werk von Hommy erstreckt sich \u00fcber eine Fl\u00e4che von 30500 Quadratmetern in der Stadt Xinhui Jiangmen und umfasst flexible Produktionslinien, ein Forschungs- und Entwicklungslabor, ein Schulungszentrum und eine mit modernsten Ger\u00e4ten ausgestattete Werkstatt.<\/span><\/div>\n<\/div>\n<\/div>\n<p>&nbsp;<\/p>\n<div class=\"d-tem11-graphic tem11-graphic mockup\" data-detail=\"wrap\">\n<div class=\"tab_row\">\n<div class=\"img\" style=\"width: 50%\">\n<p style=\"text-align:center\"><img loading=\"lazy\" decoding=\"async\" title=\"\" alt=\"product-Hommy-img\" src=\"https:\/\/www.hommy.com\/wp-content\/uploads\/15553218255331.jpg\" width=\"600\" height=\"800\" border=\"0\" vspace=\"0\" style=\"width: 600px;height: 800px\"><\/p>\n<\/div>\n<div class=\"text_box\" style=\"width: 50%\">\n<p>&nbsp;<span style=\"font-size: 24px\"><strong style=\"font-family: arial, helvetica, sans-serif;color: inherit;font-size: 30px\"><span><a name=\"Fried Ice cream roll maker\"><\/a>Frittierte Eiswaffelmaschine<\/span><\/strong><\/span><\/p>\n<p>&nbsp;<\/p>\n<p style=\"line-height: 2em\">Die Pfannen sind aus rostfreiem Stahl gefertigt, sie k\u00f6nnen reines Wasser, sowie eine vorbereitete Formel und Fruchtgetr\u00e4nke verwenden, Sie k\u00f6nnen eine Vielzahl von Arten von weichem und hartem Eis, Smoothies, Eis, Eisschlamm, Slush, Schneeeis, Fruchteis, Eisbrei, Obst, etc. herstellen. <br \/>Beschreibung des Produkts: <br \/>Der hocheffiziente Niedrigtemperatureffekt ist ausgezeichnet und kann Temperaturen von -25\u00b0C standhalten. <br \/>Humanisiertes Kontrollsystem: basierend auf Ihrem Material zur Einstellung der Temperaturkontrolle der oberen und unteren Grenzen von -19'C bis -22C. <br \/>Abtaufunktion per Fu\u00df, die f\u00fcr den Arbeiter leicht zu steuern ist. &nbsp; &nbsp; &nbsp; &nbsp; &nbsp; &nbsp; &nbsp;<br \/>\n &nbsp; &nbsp; &nbsp; &nbsp; &nbsp; &nbsp; &nbsp;<\/p>\n<p>&nbsp;<\/p>\n<\/div>\n<\/div>\n<\/div>\n<p>&nbsp;<\/p>\n<div class=\"text-left d-tem09-title d-interval\" data-detail=\"wrap\">\n<div class=\"title-header\">\n<div class=\"title\"><span style=\"font-size: 24px\"><\/span><\/p>\n<h2 style=\"margin-bottom: 0px;text-align: justify\"><span style=\"font-weight: 700;letter-spacing: 0px;font-size: 24px;font-family: arial, helvetica, sans-serif\"><a name=\"Product specification\"><\/a>Produktspezifikation\uff1a<\/span><span style=\"font-family: \u5b8b\u4f53;letter-spacing: 0px;font-size: 48px\"><\/span><\/h2>\n<p style=\"margin-bottom: 0px\"><span style=\"font-family: Calibri;font-size: 20px\">Technische Parameter:<\/span><\/p>\n<p><span><\/span><\/div>\n<\/div>\n<\/div>\n<p>&nbsp;<\/p>\n<p style=\"text-align:center\"><img decoding=\"async\" src=\"https:\/\/www.hommy.com\/wp-content\/uploads\/16008276911846.png\" alt=\"Produkt-Thail\u00e4ndisch gebratene Eiscreme-Rollen-Maschine-Eiscreme-Rollen-Maschine-Hommy-img\" title=\"\"><\/p>\n<p><\/p>\n<h2 style=\"margin-bottom: 0px\"><span style=\"font-weight: 700;font-size: 24px;font-family: arial, helvetica, sans-serif\"><a name=\"Product Features\"><\/a>Produktmerkmale\uff1a<\/span><\/h2>\n<p style=\"margin-bottom: 0px\"><span style=\"font-family: Calibri;font-size: 16px\">Die Pfannen sind aus rostfreiem Stahl hergestellt, sie k\u00f6nnen reines Wasser verwenden, sowie eine vorbereitete Formel<\/span><span style=\"font-family: \u5b8b\u4f53;font-size: 16px\">&nbsp;<\/span><span style=\"font-family: Calibri;font-size: 16px\">und Fruchtgetr\u00e4nken k\u00f6nnen Sie verschiedene Arten von weichem und hartem Eis herstellen<\/span><span style=\"font-family: \u5b8b\u4f53;font-size: 16px\">&nbsp;<\/span><span style=\"font-family: Calibri;font-size: 16px\">Sahne, Smoothies, Eis, Eisschlamm, Slush, Schneeeis, Fruchteis, Eisbrei, Obst, usw.<\/span><\/p>\n<p style=\"margin-bottom: 0px\"><span style=\"font-family: Calibri;font-size: 16px\"><br \/><\/span><\/p>\n<h2 style=\"margin-bottom: 0px\"><span style=\"font-weight: 700;font-size: 24px;font-family: arial, helvetica, sans-serif\"><a name=\"Product Description\"><\/a>Beschreibung des Produkts:<\/span><\/h2>\n<p style=\"margin-bottom: 0px\"><span style=\"font-family: Calibri;font-size: 16px\">1. Hocheffiziente &amp; Niedertemperatur-Effekt ist ausgezeichnet, dass Temperatur -25 \u00b0 C passieren kann.<\/span><\/p>\n<p style=\"margin-bottom: 0px\"><span style=\"font-family: Calibri;font-size: 16px\">2. Humanisiertes Steuersystem: Basis auf Ihr Material zu Setup Temperaturregelung der oberen und unteren Grenzen von -19'C bis -22C.<\/span><\/p>\n<p style=\"margin-bottom: 0px\"><span style=\"font-family: Calibri;font-size: 16px\">3. Abtaufunktion durch Fu\u00df, der einfach, f\u00fcr den Arbeiter zu steuern ist.<\/span><\/p>\n<p><span style=\"font-family: Calibri;font-size: 16px\"><br \/><\/span><\/p>\n<p>&nbsp;<\/p>\n<div class=\"text-left d-tem09-title d-interval\" data-detail=\"wrap\">\n<div class=\"title-header\">\n<h2><strong><span style=\"font-size: 24px;font-family: arial, helvetica, sans-serif\"><a name=\"Operation Demonstration\"><\/a>Operation Demonstration:&nbsp;<\/span><\/strong><\/h2>\n<p><span>OperationDemonstration: Operation ist sehr einfach, k\u00f6nnen Sie das DRY tun, um gebranntes Eis zu bilden, k\u00f6nnen Sie mehr unterschiedliches Aroma und unterschiedliches Material f\u00fcr exsample hinzuf\u00fcgen: Zucker, Koch, Frucht und mehr, k\u00f6nnen Sie unterschiedliche Geschmackseisrolle bilden.&nbsp;&nbsp;<\/span><\/p>\n<p><span><br \/><\/span><\/p>\n<p style=\"text-align:center\"><span><img loading=\"lazy\" decoding=\"async\" src=\"https:\/\/www.hommy.com\/wp-content\/uploads\/16008277752200.jpg\" title=\"\" alt=\"product-Hommy-img\" width=\"800\" height=\"233\" border=\"0\" vspace=\"0\" style=\"width: 800px;height: 233px\"><\/span><\/p>\n<\/div>\n<\/div>\n<p style=\"line-height: 2em\"><\/p>\n<p>Dokument\uff1a<img decoding=\"async\" src=\"https:\/\/www.hommy.com\/wp-content\/uploads\/icon_pdf-55.gif\" style=\"margin-right: 2px\" alt=\"product-Hommy-img\" title=\"\"><a href=\"https:\/\/img80002414.weyesimg.com\/uploads\/www.hommy.com\/addon\/16027266629881.pdf\" title=\"16027266629881.pdf\" style=\"font-size: 12px\">16027266629881.pdf<\/a><\/p>\n<h2>Wie macht man sizilianisches Eis?&nbsp;<\/h2>\n<p style=\"margin-top: 5px;margin-bottom: 5px\">Sizilien gilt als eine der Geburtsst\u00e4tten der italienischen Speiseeisindustrie. Sizilianisches Eis wird oft als Ricotta-Eis bezeichnet. Es ist cremig, spritzig und leicht. Ricotta ist ein italienischer K\u00e4se, der aus der Molke gewonnen wird, die bei der K\u00e4seherstellung \u00fcbrig bleibt, \u00e4hnlich wie H\u00fcttenk\u00e4se.<\/p>\n<p style=\"margin-top: 5px;margin-bottom: 5px\">Ich bin immer auf der Suche nach M\u00f6glichkeiten, meiner t\u00e4glichen Ern\u00e4hrung ein wenig Farbe, einen lustigen Geschmack und ein wenig Laune zu verleihen. Ich kann es kaum erwarten, das, was ich entdeckt habe, mit Ihnen zu teilen. Das sizilianische Eis, das so einfach zu machen ist, wird sicherlich bald auf meinem Esstisch stehen.<\/p>\n<p style=\"margin-top: 5px;margin-bottom: 5px\"><\/p>\n<h2>Wie nennt man mexikanisches Eis?<\/h2>\n<p style=\"margin-top: 5px;margin-bottom: 5px\">Der gebr\u00e4uchlichste Begriff f\u00fcr Speiseeis in Mexiko ist helado, was \u00fcbersetzt \"Schnee\" oder \"Eis\" bedeutet (das \"h\" ist stumm), derselbe Begriff wie in den USA, aber in Mexiko wird er auch f\u00fcr Speiseeis verwendet, das nicht gefroren ist. Bei einem Stra\u00dfenverk\u00e4ufer, der Eiscreme verkauft, kann man zum Beispiel nach helado de leche fragen, was Milcheis ist.<\/p>\n<p style=\"margin-top: 5px;margin-bottom: 5px\"><\/p>\n<h2>Wie viel kostet eine McDonald's Shake-Maschine?<\/h2>\n<p style=\"margin-top: 5px;margin-bottom: 5px\">Laut einer auf der McDonald's-Website verf\u00fcgbaren Preisliste kostet eine Basis-McDonald's-Shake-Maschine $1.400, w\u00e4hrend ein Premium-Modell $1.600 kostet. Die Preise beinhalten die Kosten f\u00fcr die Maschine, die Hardware, die Software und die Installation.<\/p>\n<\/div><\/div>","protected":false},"excerpt":{"rendered":"<p>&nbsp; Thai fried Ice cream roll maker\/High Quality Fried frozen yogurt\/Thai Thailand fried ice cream machine Thai fried Ice cream roll maker\/High Quality Fried frozen yogurt\/Thai Thailand fried ice cream machine|PRODUCT FEATURES|Fried Ice cream roll maker|Product specification|Product Features|Product Description|Operation Demonstration &nbsp; Our Fried ice cream roll maker is used to make Fried ice cream by [&hellip;]<\/p>\n","protected":false},"featured_media":813,"comment_status":"open","ping_status":"open","template":"","meta":{"_swt_meta_header_display":false,"_swt_meta_footer_display":false,"_swt_meta_site_title_display":false,"_swt_meta_sticky_header":false,"_swt_meta_transparent_header":false},"product_brand":[],"product_cat":[83,77],"product_tag":[],"class_list":{"0":"post-817","1":"product","2":"type-product","3":"status-publish","4":"has-post-thumbnail","6":"product_cat-fried-ice-cream-machine","7":"product_cat-ice-cream-machine","9":"first","10":"instock","11":"shipping-taxable","12":"product-type-simple"},"_links":{"self":[{"href":"https:\/\/www.hommy.com\/de\/wp-json\/wp\/v2\/product\/817","targetHints":{"allow":["GET"]}}],"collection":[{"href":"https:\/\/www.hommy.com\/de\/wp-json\/wp\/v2\/product"}],"about":[{"href":"https:\/\/www.hommy.com\/de\/wp-json\/wp\/v2\/types\/product"}],"replies":[{"embeddable":true,"href":"https:\/\/www.hommy.com\/de\/wp-json\/wp\/v2\/comments?post=817"}],"wp:featuredmedia":[{"embeddable":true,"href":"https:\/\/www.hommy.com\/de\/wp-json\/wp\/v2\/media\/813"}],"wp:attachment":[{"href":"https:\/\/www.hommy.com\/de\/wp-json\/wp\/v2\/media?parent=817"}],"wp:term":[{"taxonomy":"product_brand","embeddable":true,"href":"https:\/\/www.hommy.com\/de\/wp-json\/wp\/v2\/product_brand?post=817"},{"taxonomy":"product_cat","embeddable":true,"href":"https:\/\/www.hommy.com\/de\/wp-json\/wp\/v2\/product_cat?post=817"},{"taxonomy":"product_tag","embeddable":true,"href":"https:\/\/www.hommy.com\/de\/wp-json\/wp\/v2\/product_tag?post=817"}],"curies":[{"name":"wp","href":"https:\/\/api.w.org\/{rel}","templated":true}]}}