{"id":812,"date":"2024-07-02T16:38:55","date_gmt":"2024-07-02T16:38:55","guid":{"rendered":"http:\/\/localhost\/hommywp\/hm-sm-900-mobile-cold-temperature-pan-fried-ice-cream-machine\/"},"modified":"2025-08-01T09:57:43","modified_gmt":"2025-08-01T09:57:43","slug":"hm-sm-900-pfannengebratene-eismaschine","status":"publish","type":"product","link":"https:\/\/www.hommy.com\/de\/p\/hm-sm-900-pfannengebratene-eismaschine\/","title":{"rendered":"Hm-Sm-900 Mobile Kalte Temperatur Pfanne gebratene Eiscreme Maschine"},"content":{"rendered":"<div>\n<p><\/p>\n<p><\/p>\n<h2 style=\"text-align: center\"><span style=\"font-family: Helvetica;letter-spacing: 0;font-size: 29px\"><a name=\"Double Pan Fried Ice Cream Maker\"><\/a><strong>Doppelt gebraten <a style=\"color:blue\" href=\"\/de\/\">Speiseeishersteller<\/a><\/strong>&nbsp;<\/span><\/h2>\n<p style=\"text-align: center\"><a href=\"#Double Pan Fried Ice Cream Maker\" target=\"_self\" data-lv=\"0\" rel=\"noopener\"><span style=\"letter-spacing: 0px;font-size: 16px;font-family: arial, helvetica, sans-serif\">Double Pan Fried Eiscreme-Maschine<\/span><\/a><span style=\"letter-spacing: 0px;font-size: 16px;font-family: arial, helvetica, sans-serif\">|<a href=\"#Product specification\" target=\"_self\" data-lv=\"0\" rel=\"noopener\">Produktspezifikation<\/a>|<a href=\"#Product Features\" target=\"_self\" data-lv=\"0\" rel=\"noopener\">Produktmerkmale<\/a>|<a href=\"#Product Description\" target=\"_self\" data-lv=\"0\" rel=\"noopener\">Beschreibung des Produkts<\/a>|<a href=\"#Operation Demonstration\" target=\"_self\" data-lv=\"0\" rel=\"noopener\">Demonstration des Betriebs<\/a><\/span><\/p>\n<p><\/p>\n<p style=\"text-align: center\">&nbsp;<\/p>\n<p>Pan <a style=\"color:blue\" href=\"https:\/\/www.hommy.com\/de\/frittier-eismaschine\/\">Frittierte Eismaschine<\/a> erh\u00e4ltlich in verschiedenen Kapazit\u00e4ten und mit attraktiven Optionen zu branchenf\u00fchrenden Preisen. F\u00fcr den Fall, dass Sie planen, dies zu kaufen, f\u00fchlen Sie sich frei, unseren Online-Showroom zu besuchen. Wir haben die besten Preise auf dem Markt und rechtzeitige Lieferungen sind getan.<\/p>\n<h2 style=\"margin-bottom: 0px;text-align: justify\"><span style=\"letter-spacing: 0px;font-size: 24px;font-weight: 700;font-family: arial, helvetica, sans-serif\"><a name=\"Product specification\"><\/a>Produktspezifikation\uff1a<\/span><span style=\"font-family: \u5b8b\u4f53;letter-spacing: 0px;font-size: 48px\"><\/span><\/h2>\n<p style=\"margin-bottom: 0px\"><span style=\"font-family: Calibri;font-size: 20px\">Technische Parameter:<\/span><\/p>\n<p style=\"margin-bottom: 0px\"><span style=\"font-family: Calibri;font-size: 20px\"><br \/><\/span><\/p>\n<p style=\"margin-bottom: 0px\"><span style=\"font-family: Calibri;font-size: 20px\"><br \/><\/span><\/p>\n<p style=\"text-align:center\"><img decoding=\"async\" src=\"https:\/\/www.hommy.com\/wp-content\/uploads\/16007637367973.png\" alt=\"product-Hommy-img\" title=\"\"><\/p>\n<p><span style=\"font-weight: 700\"><span style=\"font-family: \u5b8b\u4f53;font-size: 24px\"><br \/><\/span><\/span><\/p>\n<h2><span style=\"font-family:\u5b8b\u4f53;font-size:29px\"><\/span><span style=\"font-size: 24px;font-weight: 700;font-family: arial, helvetica, sans-serif\"><a name=\"Product Features\"><\/a>Produktmerkmale\uff1a<\/span><span style=\"font-family:Calibri;font-size:29px\"><\/span><\/h2>\n<p><span style=\"font-family:Calibri;font-size:16px\">Die Pfannen sind aus rostfreiem Stahl hergestellt, sie k\u00f6nnen reines Wasser verwenden, sowie eine vorbereitete Formel<\/span><span style=\"font-family:\u5b8b\u4f53;font-size:16px\">&nbsp;<\/span><span style=\"font-family:Calibri;font-size:16px\">und Fruchtgetr\u00e4nken k\u00f6nnen Sie verschiedene Arten von weichem und hartem Eis herstellen<\/span><span style=\"font-family:\u5b8b\u4f53;font-size:16px\">&nbsp;<\/span><span style=\"font-family:Calibri;font-size:16px\">Sahne, Smoothies, Eis, Eisschlamm, Slush, Schneeeis, Fruchteis, Eisbrei, Obst, usw.<\/span><\/p>\n<p><span style=\"font-family:Calibri;font-size:16px\"><br \/><\/span><\/p>\n<h2><span style=\"font-size: 24px;font-weight: 700;font-family: arial, helvetica, sans-serif\"><a name=\"Product Description\"><\/a>Beschreibung des Produkts:<\/span><\/h2>\n<p style=\"margin-bottom: 0px\"><span style=\"font-family: Calibri;font-size: 16px\">1. Hocheffiziente &amp; Niedertemperatur-Effekt ist ausgezeichnet, dass Temperatur -25 \u00b0 C passieren kann.<\/span><\/p>\n<p style=\"margin-bottom: 0px\"><span style=\"font-family: Calibri;font-size: 16px\">2. Humanisiertes Steuersystem: Basis auf Ihr Material zu Setup Temperaturregelung der oberen und unteren Grenzen von -19'C bis -22C.<\/span><\/p>\n<p style=\"margin-bottom: 0px\"><span style=\"font-family: Calibri;font-size: 16px\">3. Abtaufunktion durch Fu\u00df, der einfach, f\u00fcr den Arbeiter zu steuern ist.<\/span><\/p>\n<p style=\"margin-bottom: 0px\"><span style=\"font-family: Calibri;font-size: 16px\"><br \/><\/span><\/p>\n<h2 style=\"margin-bottom: 0px\"><span style=\"font-size: 24px;font-weight: 700;font-family: arial, helvetica, sans-serif\"><a name=\"Operation Demonstration\"><\/a>Operation Demonstration:<\/span><\/h2>\n<p style=\"margin-bottom: 0px\"><span style=\"font-family: \u5b8b\u4f53;font-size: 16px\">Der Betrieb ist sehr einfach, k\u00f6nnen Sie die DRY tun, um gebranntes Eis zu machen, k\u00f6nnen Sie mehr verschiedenen Geschmack und verschiedene Material f\u00fcr exsample hinzuf\u00fcgen: Zucker, kochen, Obst und mehr, k\u00f6nnen Sie verschiedenen Geschmack Eiswalze gemacht.&nbsp;<\/span><\/p>\n<p style=\"margin-bottom: 0px\"><span style=\"font-family: \u5b8b\u4f53;font-size: 16px\"><br \/><\/span><\/p>\n<p style=\"text-align: center\"><img loading=\"lazy\" decoding=\"async\" src=\"https:\/\/www.hommy.com\/wp-content\/uploads\/16007638228145.jpg\" title=\"\" alt=\"Produkt-HM-SM-900 Pfannenfrittierte Eismaschine-Hommy-img\" width=\"850\" height=\"233\" border=\"0\" vspace=\"0\" style=\"width: 850px;height: 233px\"><\/p>\n<p>Dokument\uff1a<img decoding=\"async\" src=\"https:\/\/www.hommy.com\/wp-content\/uploads\/icon_pdf-54.gif\" style=\"margin-right: 2px\" alt=\"product-Hommy-img\" title=\"\"><a href=\"https:\/\/img80002414.weyesimg.com\/uploads\/www.hommy.com\/addon\/16027279214159.pdf\" title=\"16027279214159.pdf\" style=\"font-size: 12px\">16027279214159.pdf<\/a><\/p>\n<h2>Warum macht mcdonalds <a style=\"color:blue\" href=\"\/de\/\">Speiseeismaschine<\/a> nie funktionieren?<\/h2>\n<p style=\"margin-top: 5px;margin-bottom: 5px\"><\/p>\n<p style=\"margin-top: 5px;margin-bottom: 5px\">Ich habe jetzt seit einigen Jahren eine Eismaschine von McDonalds. Bis vor etwa einem Jahr war sie in Ordnung, dann hat sie aufgeh\u00f6rt zu funktionieren. Sie schaltet sich ein, macht Ger\u00e4usche und piept, aber es passiert nichts. Als ich sie reparieren lassen will, ist alles in Ordnung. Er funktioniert einfach nicht mehr. Wei\u00df jemand, was mit dem Ger\u00e4t los ist?<\/p>\n<p style=\"margin-top: 5px;margin-bottom: 5px\"><\/p>\n<h2>Kommentare f\u00fcr mcdonalds Eismaschine funktioniert nicht?<\/h2>\n<p style=\"margin-top: 5px;margin-bottom: 5px\"><\/p>\n<p style=\"margin-top: 5px;margin-bottom: 5px\">Dies k\u00f6nnte hilfreich sein:<\/p>\n<p style=\"margin-top: 5px;margin-bottom: 5px\">Die beiden h\u00e4ufigsten Gr\u00fcnde, warum eine Maschine nicht funktioniert, sind:<\/p>\n<p style=\"margin-top: 5px;margin-bottom: 5px\"><\/p>\n<p style=\"margin-top: 5px;margin-bottom: 5px\">1. Eine Maschine, die einen alten Motor hat. Wenn der Motor abgestorben ist, dann<\/p>\n<p style=\"margin-top: 5px;margin-bottom: 5px\"><\/p>\n<p style=\"margin-top: 5px;margin-bottom: 5px\">Ist es ges\u00fcnder, sein eigenes Eis zu machen?<\/p>\n<p style=\"margin-top: 5px;margin-bottom: 5px\"><\/p>\n<p style=\"margin-top: 5px;margin-bottom: 5px\">Stellen Sie Ihr eigenes Eis her. Das ist billiger. Du hast die Kontrolle \u00fcber die Zutaten. Es ist eine gute M\u00f6glichkeit, Gem\u00fcse zu essen. Und es ist eine gute Ausrede, um noch mehr Schokoladeneis zu machen,<\/p>\n<\/div><\/div>","protected":false},"excerpt":{"rendered":"<p>Double Pan Fried Ice Cream Maker&nbsp; Double Pan Fried Ice Cream Maker|Product specification|Product Features|Product Description|Operation Demonstration &nbsp; Pan Fried Ice Cream Machine available in various capacities and with great attractive options at industry leading prices. In case you are planning to buy this, feel free to visit our online showroom. We are having the best [&hellip;]<\/p>\n","protected":false},"featured_media":1942,"comment_status":"open","ping_status":"open","template":"","meta":{"_swt_meta_header_display":false,"_swt_meta_footer_display":false,"_swt_meta_site_title_display":false,"_swt_meta_sticky_header":false,"_swt_meta_transparent_header":false},"product_brand":[],"product_cat":[83,77],"product_tag":[],"class_list":{"0":"post-812","1":"product","2":"type-product","3":"status-publish","4":"has-post-thumbnail","6":"product_cat-fried-ice-cream-machine","7":"product_cat-ice-cream-machine","9":"first","10":"instock","11":"shipping-taxable","12":"product-type-simple"},"_links":{"self":[{"href":"https:\/\/www.hommy.com\/de\/wp-json\/wp\/v2\/product\/812","targetHints":{"allow":["GET"]}}],"collection":[{"href":"https:\/\/www.hommy.com\/de\/wp-json\/wp\/v2\/product"}],"about":[{"href":"https:\/\/www.hommy.com\/de\/wp-json\/wp\/v2\/types\/product"}],"replies":[{"embeddable":true,"href":"https:\/\/www.hommy.com\/de\/wp-json\/wp\/v2\/comments?post=812"}],"wp:featuredmedia":[{"embeddable":true,"href":"https:\/\/www.hommy.com\/de\/wp-json\/wp\/v2\/media\/1942"}],"wp:attachment":[{"href":"https:\/\/www.hommy.com\/de\/wp-json\/wp\/v2\/media?parent=812"}],"wp:term":[{"taxonomy":"product_brand","embeddable":true,"href":"https:\/\/www.hommy.com\/de\/wp-json\/wp\/v2\/product_brand?post=812"},{"taxonomy":"product_cat","embeddable":true,"href":"https:\/\/www.hommy.com\/de\/wp-json\/wp\/v2\/product_cat?post=812"},{"taxonomy":"product_tag","embeddable":true,"href":"https:\/\/www.hommy.com\/de\/wp-json\/wp\/v2\/product_tag?post=812"}],"curies":[{"name":"wp","href":"https:\/\/api.w.org\/{rel}","templated":true}]}}