{"id":808,"date":"2024-07-02T16:38:51","date_gmt":"2024-07-02T16:38:51","guid":{"rendered":"http:\/\/localhost\/hommywp\/hm-sm-800-portable-double-pan-cold-plate-fried-ice-cream-machine\/"},"modified":"2025-08-01T09:57:42","modified_gmt":"2025-08-01T09:57:42","slug":"hm-sm-800-doppelte-pfanne-gebratene-eismaschine","status":"publish","type":"product","link":"https:\/\/www.hommy.com\/de\/p\/hm-sm-800-doppelte-pfanne-gebratene-eismaschine\/","title":{"rendered":"Hm-Sm-800 Tragbare Doppelpfannen-Kalte-Platte-Brat-Eismaschine"},"content":{"rendered":"<div>\n<p>&nbsp;&nbsp;&nbsp;&nbsp;<\/p>\n<p><\/p>\n<h2 style=\"text-align: center\"><strong><span style=\"letter-spacing: 0px;font-size: 29px;font-family: arial, helvetica, sans-serif\"><a name=\"Double Pan Fried Ice Cream Maker\"><\/a>Double Pan Fried Eiscreme-Maschine<\/span><\/strong><\/h2>\n<p style=\"text-align: center\"><span style=\"font-size: 16px\"><span style=\"letter-spacing: 0px;font-family: arial, helvetica, sans-serif\"><a href=\"#Double Pan Fried Ice Cream Maker\" target=\"_self\" data-lv=\"0\" rel=\"noopener\">Double Pan Fried Eiscreme-Maschine<\/a>|<a href=\"#Product specification\" target=\"_self\" data-lv=\"0\" rel=\"noopener\">Produktspezifikation<\/a>|<a href=\"#Product Features\" target=\"_self\" data-lv=\"0\" rel=\"noopener\">Produktmerkmale<\/a>|<a href=\"#Product Description\" target=\"_self\" data-lv=\"0\" rel=\"noopener\">Beschreibung des Produkts<\/a>|<a href=\"#Operation Demonstration\" target=\"_self\" data-lv=\"0\" rel=\"noopener\">Demonstration des Betriebs<\/a><\/span><\/span><\/p>\n<p><\/p>\n<p style=\"text-align: center\">\n<p>Wir sind einer der f\u00fchrenden Hersteller von <a style=\"color:blue\" href=\"https:\/\/www.hommy.com\/de\/frittier-eismaschine\/\">Frittierte Eismaschine<\/a>. Unsere Produkte sind auf dem Markt sehr gefragt. Unsere Produkte sind auf dem Markt sehr gefragt.<\/p>\n<h2 style=\"margin-bottom: 0px;text-align: justify\"><strong><span style=\"letter-spacing: 0px;font-size: 24px;font-weight: 700;font-family: arial, helvetica, sans-serif\"><a name=\"Product specification\"><\/a>Produktspezifikation\uff1a<\/span><\/strong><span style=\"font-family: \u5b8b\u4f53;letter-spacing: 0px;font-size: 48px\"><\/span><\/h2>\n<p style=\"margin-bottom: 0px\"><span style=\"font-family: Calibri;font-size: 20px\">Technische Parameter:<\/span><\/p>\n<p style=\"margin-bottom: 0px\"><span style=\"font-family: Calibri;font-size: 20px\"><br \/><\/span><\/p>\n<p style=\"margin-bottom: 0px\"><span style=\"font-family: Calibri;font-size: 20px\"><br \/><\/span><\/p>\n<p style=\"margin-bottom: 0px\"><span style=\"font-family: Calibri;font-size: 20px\"><\/span><\/p>\n<p style=\"margin-top:0;margin-right:0;margin-bottom:0;margin-left:0;text-indent:0;text-align:justify\"><\/p>\n<p style=\"text-align: center\"><span style=\"font-family: Calibri;font-size: 20px\"><img decoding=\"async\" src=\"https:\/\/www.hommy.com\/wp-content\/uploads\/16007631089986.png\" alt=\"product-Hommy-img\" title=\"\"><\/span><\/p>\n<p><span style=\"font-family: Calibri;font-size: 20px\"><br \/><\/span><\/p>\n<p><span style=\"font-weight: 700;font-family: \u5b8b\u4f53;font-size: 24px\"><br \/><\/span><\/p>\n<h2><span style=\"font-size: 24px\"><strong><span style=\"font-weight: 700;font-family: arial, helvetica, sans-serif\"><a name=\"Product Features\"><\/a>Produktmerkmale\uff1a<\/span><\/strong><\/span><\/h2>\n<p><span style=\"font-family: Calibri;font-size: 20px\"><\/span><\/p>\n<p><span style=\"font-family:Calibri;font-size:16px\">Die Pfannen sind aus rostfreiem Stahl hergestellt, sie k\u00f6nnen reines Wasser verwenden, sowie eine vorbereitete Formel<\/span><span style=\"font-family:\u5b8b\u4f53;font-size:16px\">&nbsp;<\/span><span style=\"font-family:Calibri;font-size:16px\">und Fruchtgetr\u00e4nken k\u00f6nnen Sie verschiedene Arten von weichem und hartem Eis herstellen<\/span><span style=\"font-family:\u5b8b\u4f53;font-size:16px\">&nbsp;<\/span><span style=\"font-family:Calibri;font-size:16px\">Sahne, Smoothies, Eis, Eisschlamm, Slush, Schneeeis, Fruchteis, Eisbrei, Obst, usw.<\/span><\/p>\n<p><span style=\"font-weight: 700;font-size: 24px;font-family: \u5b8b\u4f53\"><br \/><\/span><\/p>\n<h2><strong><span style=\"font-weight: 700;font-family: arial, helvetica, sans-serif;font-size: 24px\"><a name=\"Product Description\"><\/a>Beschreibung des Produkts:<\/span><\/strong><\/h2>\n<p><span style=\"font-family:Calibri;font-size:16px\">1. Hocheffiziente &amp; Niedertemperatur-Effekt ist ausgezeichnet, dass Temperatur -25 \u00b0 C passieren kann.<\/span><\/p>\n<p><span style=\"font-family:Calibri;font-size:16px\">2. Humanisiertes Steuersystem: Basis auf Ihr Material zu Setup Temperaturregelung der oberen und unteren Grenzen von -19'C bis -22C.<\/span><\/p>\n<p><span style=\"font-family:Calibri;font-size:16px\">3. Abtaufunktion durch Fu\u00df, der einfach, f\u00fcr den Arbeiter zu steuern ist.<\/span><\/p>\n<h2><span style=\"font-family: arial, helvetica, sans-serif;font-size: 24px\"><br \/><\/span><\/h2>\n<h2><span style=\"font-family: arial, helvetica, sans-serif;font-size: 24px\"><\/span><\/h2>\n<h2 style=\"margin-bottom: 0px\"><span style=\"font-weight: 700;font-family: arial, helvetica, sans-serif;font-size: 24px\"><a name=\"Operation Demonstration\"><\/a>Operation Demonstration:<\/span><\/h2>\n<p style=\"margin-bottom: 0px\"><span style=\"font-family: \u5b8b\u4f53;font-size: 16px\">Der Betrieb ist sehr einfach, k\u00f6nnen Sie die DRY tun, um gebranntes Eis zu machen, k\u00f6nnen Sie mehr verschiedenen Geschmack und verschiedene Material f\u00fcr exsample hinzuf\u00fcgen: Zucker, kochen, Obst und mehr, k\u00f6nnen Sie verschiedenen Geschmack Eiswalze gemacht.&nbsp;<\/span><\/p>\n<p style=\"margin-bottom: 0px\"><span style=\"font-family: \u5b8b\u4f53;font-size: 29px\">&nbsp;<\/span><\/p>\n<p style=\"text-align: center\"><span style=\"font-family: Calibri;font-size: 20px\"><img loading=\"lazy\" decoding=\"async\" src=\"https:\/\/www.hommy.com\/wp-content\/uploads\/16007633417754.jpg\" title=\"\" alt=\"product-Hommy-img\" width=\"850\" height=\"311\" border=\"0\" vspace=\"0\" style=\"width: 850px;height: 311px\"><\/span><\/p>\n<p>Dokument\uff1a<img decoding=\"async\" src=\"https:\/\/www.hommy.com\/wp-content\/uploads\/icon_pdf-53.gif\" style=\"margin-right: 2px\" alt=\"produkt-HM-SM-800 Doppelpfannen-Brat-Eismaschine-Hommy-img\" title=\"\"><a href=\"https:\/\/img80002414.weyesimg.com\/uploads\/www.hommy.com\/addon\/16027272246182.pdf\" title=\"16027272246182.pdf\" style=\"font-size: 12px\">16027272246182.pdf<\/a><\/p>\n<h2 style=\"font-family: sans-serif\">Welche Geschmacksrichtung ist blaues Eis?<\/h2>\n<p style=\"margin-top: 5px;margin-bottom: 5px;font-family: sans-serif;font-size: 16px\">Blaues Eis ist eine Eissorte, die in der Regel mit einem blauen Sirup zubereitet und in einer Plastikverpackung serviert wird.<\/p>\n<p style=\"margin-top: 5px;margin-bottom: 5px;font-family: sans-serif;font-size: 16px\"><\/p>\n<h2 style=\"font-family: sans-serif\">Gibt es noch Eiswagen?<\/h2>\n<p style=\"margin-top: 5px;margin-bottom: 5px;font-family: sans-serif;font-size: 16px\">Wie Sie vielleicht wissen, ist unser lieber Freund Zev ein gro\u00dfer Fan von Eiswagen. Er ist daf\u00fcr bekannt, dass er mitten in der Nacht auf den Stra\u00dfen der Stadt eine Waffel von ihnen kauft. Er ist auch daf\u00fcr bekannt, dass er ihnen mitten am Tag auf den Stra\u00dfen der Stadt eine Waffel abkauft.&nbsp;<\/p>\n<p style=\"margin-top: 5px;margin-bottom: 5px;font-family: sans-serif;font-size: 16px\">Als ich aufgewachsen bin, gab es eine bestimmte Art von Eiswagen, der regelm\u00e4\u00dfig in meiner Nachbarschaft auftauchte. Er parkte ein paar Stra\u00dfen weiter, schmetterte Popmusik und rollte die Stra\u00dfe hinunter, um Vanille- oder Schokoladeneis mit Schokoladensauce, Streuseln und einer Waffel zu servieren.<\/p>\n<p style=\"margin-top: 5px;margin-bottom: 5px;font-family: sans-serif;font-size: 16px\"><\/p>\n<h2 style=\"font-family: sans-serif\">Wie viel Geld kann man mit einer Eisdiele verdienen?<\/h2>\n<p style=\"margin-top: 5px;margin-bottom: 5px;font-family: sans-serif;font-size: 16px\">Um mit dem Betrieb einer Eisdiele Geld zu verdienen, m\u00fcssen Sie die Kosten f\u00fcr den Betrieb Ihres Ladens kennen. So wissen Sie, wie viel Sie f\u00fcr die von Ihnen angebotenen Waren und Dienstleistungen verlangen k\u00f6nnen. Das ist jedoch noch nicht alles. Um Geld zu verdienen, m\u00fcssen Sie auch andere Kosten kennen, z. B. die Kosten f\u00fcr den Betrieb des Ladens und f\u00fcr verschiedene Einnahmequellen.<\/p>\n<\/div><\/div>","protected":false},"excerpt":{"rendered":"<p>&nbsp;&nbsp;&nbsp;&nbsp; Double Pan Fried Ice Cream Maker Double Pan Fried Ice Cream Maker|Product specification|Product Features|Product Description|Operation Demonstration We are one of the leading manufacturers of Fried Ice Cream Machine. Our products are widely demanded in the market. Our products are widely demanded in the market. Product specification\uff1a Technical Parameters: Product Features\uff1a The pans is made [&hellip;]<\/p>\n","protected":false},"featured_media":1941,"comment_status":"open","ping_status":"open","template":"","meta":{"_swt_meta_header_display":false,"_swt_meta_footer_display":false,"_swt_meta_site_title_display":false,"_swt_meta_sticky_header":false,"_swt_meta_transparent_header":false},"product_brand":[],"product_cat":[83,77],"product_tag":[],"class_list":{"0":"post-808","1":"product","2":"type-product","3":"status-publish","4":"has-post-thumbnail","6":"product_cat-fried-ice-cream-machine","7":"product_cat-ice-cream-machine","9":"first","10":"instock","11":"shipping-taxable","12":"product-type-simple"},"_links":{"self":[{"href":"https:\/\/www.hommy.com\/de\/wp-json\/wp\/v2\/product\/808","targetHints":{"allow":["GET"]}}],"collection":[{"href":"https:\/\/www.hommy.com\/de\/wp-json\/wp\/v2\/product"}],"about":[{"href":"https:\/\/www.hommy.com\/de\/wp-json\/wp\/v2\/types\/product"}],"replies":[{"embeddable":true,"href":"https:\/\/www.hommy.com\/de\/wp-json\/wp\/v2\/comments?post=808"}],"wp:featuredmedia":[{"embeddable":true,"href":"https:\/\/www.hommy.com\/de\/wp-json\/wp\/v2\/media\/1941"}],"wp:attachment":[{"href":"https:\/\/www.hommy.com\/de\/wp-json\/wp\/v2\/media?parent=808"}],"wp:term":[{"taxonomy":"product_brand","embeddable":true,"href":"https:\/\/www.hommy.com\/de\/wp-json\/wp\/v2\/product_brand?post=808"},{"taxonomy":"product_cat","embeddable":true,"href":"https:\/\/www.hommy.com\/de\/wp-json\/wp\/v2\/product_cat?post=808"},{"taxonomy":"product_tag","embeddable":true,"href":"https:\/\/www.hommy.com\/de\/wp-json\/wp\/v2\/product_tag?post=808"}],"curies":[{"name":"wp","href":"https:\/\/api.w.org\/{rel}","templated":true}]}}