{"id":804,"date":"2024-07-02T16:38:48","date_gmt":"2024-07-02T16:38:48","guid":{"rendered":"http:\/\/localhost\/hommywp\/hm-sm-700-square-table-krim-goreng-ice-cream-rolled-machine\/"},"modified":"2025-08-01T09:57:42","modified_gmt":"2025-08-01T09:57:42","slug":"hm-sm-700-maschine-fur-frittierte-eisbrotchen","status":"publish","type":"product","link":"https:\/\/www.hommy.com\/de\/p\/hm-sm-700-maschine-fur-frittierte-eisbrotchen\/","title":{"rendered":"Hm-Sm-700 Quadratischer Tisch Krim Goreng Eiscreme gerollt Maschine"},"content":{"rendered":"<div>\n<p style=\"text-align: center\"><span style=\"font-family: Helvetica;letter-spacing: 0;font-size: 29px\"><br \/><\/span><\/p>\n<h2 style=\"text-align: center\"><strong><span style=\"letter-spacing: 0px;font-size: 29px;font-family: arial, helvetica, sans-serif\"><a name=\"Rolled Ice Cream Maker\"><\/a>Walzen-Eiscremebereiter<\/span><\/strong><span style=\"font-family: Helvetica;letter-spacing: 0;font-size: 29px\">&nbsp;<\/span><\/h2>\n<p style=\"text-align: center\"><span style=\"letter-spacing: 0px;font-family: arial, helvetica, sans-serif;font-size: 16px\"><a href=\"#Rolled Ice Cream Maker\" target=\"_self\" data-lv=\"0\" rel=\"noopener\">Walzen-Eiscremebereiter<\/a>|<a href=\"#Product specification\" target=\"_self\" data-lv=\"0\" rel=\"noopener\">Produktspezifikation<\/a>|<a href=\"#Product Features\" target=\"_self\" data-lv=\"0\" rel=\"noopener\">Produktmerkmale<\/a>|<a href=\"#Product Description\" target=\"_self\" data-lv=\"0\" rel=\"noopener\">Beschreibung des Produkts<\/a>|<a href=\"#Operation Demonstration\" target=\"_self\" data-lv=\"0\" rel=\"noopener\">Demonstration des Betriebs<\/a><\/span><\/p>\n<p><span style=\"font-family: Helvetica;letter-spacing: 0;font-size: 29px\"><br \/><\/span><\/p>\n<p style=\"text-align: center\">\n<p>Wenn Sie auf dem Markt f\u00fcr eine Eiscreme-Walzmaschine sind, gibt es keinen besseren Ort als unsere Fabrik. Wir sind seit Jahren in der Herstellung und dem Verkauf dieser Maschinen t\u00e4tig und wissen genau, wonach unsere Kunden suchen.<\/p>\n<p>Sie k\u00f6nnen sicher sein, dass Sie beim Kauf einer Speiseeiswalzmaschine aus unserer Fabrik ein hochwertiges Produkt erhalten, das Ihnen viele Jahre lang gute Dienste leisten wird. Wir sind so \u00fcberzeugt von unseren Produkten, dass wir eine 100% Zufriedenheitsgarantie anbieten.<\/p>\n<p>Wenn Sie auf der Suche nach einer zuverl\u00e4ssigen, erschwinglichen Eiscreme-Walzmaschine sind, ist unsere Fabrik der perfekte Ort, um Ihre Suche zu beginnen. Kontaktieren Sie uns noch heute, um mehr \u00fcber unsere Produkte zu erfahren und um Ihre Bestellung aufzugeben.<\/p>\n<h2 style=\"margin: 0px;text-indent: 0px;text-align: justify\"><span style=\"font-family: arial, helvetica, sans-serif\"><strong><span style=\"letter-spacing: 0px;font-size: 24px\"><a name=\"Product specification\"><\/a>Produktspezifikation:<\/span><\/strong><\/span><\/h2>\n<p><span style=\"font-family: Calibri;font-size: 16px\">Technische Parameter:<\/span><\/p>\n<p><span style=\"font-family: Calibri;font-size: 16px\"><br \/><\/span><\/p>\n<p style=\"text-align:center\"><img decoding=\"async\" src=\"https:\/\/www.hommy.com\/wp-content\/uploads\/16007620699771.png\" alt=\"product-Hommy-img\" title=\"\"><\/p>\n<h2><span style=\"font-size: 29px;font-family: arial, helvetica, sans-serif\"><br \/><\/span><\/h2>\n<h2><span style=\"font-family: arial, helvetica, sans-serif\"><strong><span style=\"font-size: 24px\"><a name=\"Product Features\"><\/a>Produktmerkmale:<\/span><\/strong><strong><span style=\"font-size: 24px\"><\/span><\/strong><\/span><\/h2>\n<p><span style=\"font-family:Calibri;font-size:16px\">Die Pfannen sind aus rostfreiem Stahl hergestellt, sie k\u00f6nnen reines Wasser verwenden, sowie eine vorbereitete Formel<\/span><span style=\"font-family:\u5b8b\u4f53;font-size:16px\">&nbsp;<\/span><span style=\"font-family:Calibri;font-size:16px\">und Fruchtgetr\u00e4nken k\u00f6nnen Sie verschiedene Arten von weichem und hartem Eis herstellen<\/span><span style=\"font-family:\u5b8b\u4f53;font-size:16px\">&nbsp;<\/span><span style=\"font-family:Calibri;font-size:16px\">Sahne, Smoothies, Eis, Eisschlamm, Slush, Schneeeis, Fruchteis, Eisbrei, Obst, usw.<\/span><\/p>\n<p><span style=\"font-family:Calibri;font-size:16px\"><br \/><\/span><\/p>\n<h2><span style=\"font-family: arial, helvetica, sans-serif\"><strong><span style=\"font-size: 24px\"><a name=\"Product Description\"><\/a>Beschreibung des Produkts:<\/span><\/strong><\/span><\/h2>\n<p><span style=\"font-family:Calibri;font-size:16px\">1. Hocheffiziente &amp; Niedertemperatur-Effekt ist ausgezeichnet, dass Temperatur -25 \u00b0 C passieren kann.<\/span><\/p>\n<p><span style=\"font-family:Calibri;font-size:16px\">2. Humanisiertes Steuersystem: Basis auf Ihr Material zu Setup Temperaturregelung der oberen und unteren Grenzen von -19'C bis -22C.<\/span><\/p>\n<p><span style=\"font-family: Calibri;font-size: 16px\">3. Abtaufunktion durch Fu\u00df, der einfach, f\u00fcr den Arbeiter zu steuern ist.<\/span><\/p>\n<p><span style=\"font-family:Calibri;font-size:16px\"><br \/><\/span><\/p>\n<h2><span style=\"font-family: arial, helvetica, sans-serif\"><strong><span style=\"font-size: 24px\"><a name=\"Operation Demonstration\"><\/a>Operation Demonstration:<\/span><\/strong><\/span><\/h2>\n<p><span style=\"font-size: 16px;font-family: \u5b8b\u4f53\">Der Betrieb ist sehr einfach, k\u00f6nnen Sie die DRY tun, um gebranntes Eis zu machen, k\u00f6nnen Sie mehr verschiedenen Geschmack und verschiedene Material f\u00fcr exsample hinzuf\u00fcgen: Zucker, kochen, Obst und mehr, k\u00f6nnen Sie verschiedenen Geschmack Eiswalze gemacht.&nbsp;<\/span><\/p>\n<p><span style=\"font-family:\u5b8b\u4f53;font-size:29px\">&nbsp;<\/span><\/p>\n<p style=\"text-align: center\"><img loading=\"lazy\" decoding=\"async\" src=\"https:\/\/www.hommy.com\/wp-content\/uploads\/16007621889457.jpg\" title=\"\" alt=\"Produkt-HM-SM-700 Maschine f\u00fcr frittierte Eiscremebr\u00f6tchen-Hommy-img\" width=\"850\" height=\"233\" border=\"0\" vspace=\"0\" style=\"width: 850px;height: 233px\"><\/p>\n<p><\/p>\n<p>Dokument\uff1a<img decoding=\"async\" src=\"https:\/\/www.hommy.com\/wp-content\/uploads\/icon_pdf-52.gif\" style=\"margin-right: 2px\" alt=\"product-Hommy-img\" title=\"\"><a href=\"https:\/\/img80002414.weyesimg.com\/uploads\/www.hommy.com\/addon\/16027286528684.pdf\" title=\"16027286528684.pdf\" style=\"font-size: 12px\">16027286528684.pdf<\/a><\/p>\n<h2>Ist Schlagsahne dasselbe wie schwere Sahne?<\/h2>\n<p style=\"margin-top: 5px;margin-bottom: 5px\"><\/p>\n<p style=\"margin-top: 5px;margin-bottom: 5px\">Was ist der Unterschied zwischen Schlagsahne und schwerer Sahne? Ich kann im Internet keine Informationen finden. Ich dachte, Schlagsahne ist leichter als schwere Sahne.<\/p>\n<p style=\"margin-top: 5px;margin-bottom: 5px\"><\/p>\n<p style=\"margin-top: 5px;margin-bottom: 5px\"><\/p>\n<h2>Wie nennt man schwere Sahne in Mexiko?<\/h2>\n<p style=\"margin-top: 5px;margin-bottom: 5px\"><\/p>\n<p style=\"margin-top: 5px;margin-bottom: 5px\">A:<\/p>\n<p style=\"margin-top: 5px;margin-bottom: 5px\"><\/p>\n<p style=\"margin-top: 5px;margin-bottom: 5px\">In Mexiko ist die Crema eine sehr wichtige Zutat. In vielen Rezepten wird sie sogar ausdr\u00fccklich erw\u00e4hnt. Das \u00fcbliche Wort in den Gerichten, die ich kenne, ist Crema, was im Grunde dasselbe ist wie Ihre \"schwere Sahne\".<\/p>\n<p style=\"margin-top: 5px;margin-bottom: 5px\">In manchen F\u00e4llen ist sie sogar ein fester Bestandteil des Gerichts, zum Beispiel wenn sie die \"geheime Zutat\" des Gerichts ist. Das wichtigste Gericht in meiner Kindheit waren zum Beispiel huevos a la crema<\/p>\n<p style=\"margin-top: 5px;margin-bottom: 5px\"><\/p>\n<p style=\"margin-top: 5px;margin-bottom: 5px\"><\/p>\n<h2>Wie kalt muss Speiseeis sein, um es zu braten?<\/h2>\n<p style=\"margin-top: 5px;margin-bottom: 5px\"><\/p>\n<p style=\"margin-top: 5px;margin-bottom: 5px\">Kaltes Speiseeis eignet sich am besten zum Frittieren. Durch das Schmelzen des Eises entsteht ein glatter Boden, in den das \u00d6l eindringen kann.<\/p>\n<p style=\"margin-top: 5px;margin-bottom: 5px\"><\/p>\n<p style=\"margin-top: 5px;margin-bottom: 5px\">Aber auch wenn es schmilzt, ist es noch gut zum Braten.<\/p>\n<p style=\"margin-top: 5px;margin-bottom: 5px\"><\/p>\n<p style=\"margin-top: 5px;margin-bottom: 5px\">Das \u00d6l dringt in das Eis ein und das \u00d6l im Eis br\u00e4t das Eis.<\/p>\n<\/div><\/div>","protected":false},"excerpt":{"rendered":"<p>Rolled Ice Cream Maker&nbsp; Rolled Ice Cream Maker|Product specification|Product Features|Product Description|Operation Demonstration If you&#039;re in the market for an Ice Cream Rolled Machine, there&#039;s no better place to buy than from our factory. We&#039;ve been in the business of manufacturing and selling these machines for years, and we know exactly what our customers are looking [&hellip;]<\/p>\n","protected":false},"featured_media":1940,"comment_status":"open","ping_status":"open","template":"","meta":{"_swt_meta_header_display":false,"_swt_meta_footer_display":false,"_swt_meta_site_title_display":false,"_swt_meta_sticky_header":false,"_swt_meta_transparent_header":false},"product_brand":[],"product_cat":[83,77],"product_tag":[],"class_list":{"0":"post-804","1":"product","2":"type-product","3":"status-publish","4":"has-post-thumbnail","6":"product_cat-fried-ice-cream-machine","7":"product_cat-ice-cream-machine","9":"first","10":"instock","11":"shipping-taxable","12":"product-type-simple"},"_links":{"self":[{"href":"https:\/\/www.hommy.com\/de\/wp-json\/wp\/v2\/product\/804","targetHints":{"allow":["GET"]}}],"collection":[{"href":"https:\/\/www.hommy.com\/de\/wp-json\/wp\/v2\/product"}],"about":[{"href":"https:\/\/www.hommy.com\/de\/wp-json\/wp\/v2\/types\/product"}],"replies":[{"embeddable":true,"href":"https:\/\/www.hommy.com\/de\/wp-json\/wp\/v2\/comments?post=804"}],"wp:featuredmedia":[{"embeddable":true,"href":"https:\/\/www.hommy.com\/de\/wp-json\/wp\/v2\/media\/1940"}],"wp:attachment":[{"href":"https:\/\/www.hommy.com\/de\/wp-json\/wp\/v2\/media?parent=804"}],"wp:term":[{"taxonomy":"product_brand","embeddable":true,"href":"https:\/\/www.hommy.com\/de\/wp-json\/wp\/v2\/product_brand?post=804"},{"taxonomy":"product_cat","embeddable":true,"href":"https:\/\/www.hommy.com\/de\/wp-json\/wp\/v2\/product_cat?post=804"},{"taxonomy":"product_tag","embeddable":true,"href":"https:\/\/www.hommy.com\/de\/wp-json\/wp\/v2\/product_tag?post=804"}],"curies":[{"name":"wp","href":"https:\/\/api.w.org\/{rel}","templated":true}]}}