{"id":800,"date":"2024-07-02T16:38:43","date_gmt":"2024-07-02T16:38:43","guid":{"rendered":"http:\/\/localhost\/hommywp\/hm-sm-600-thailand-outdoor-stir-fry-ice-cream-machine-cost\/"},"modified":"2025-08-01T09:57:42","modified_gmt":"2025-08-01T09:57:42","slug":"hm-sm-600-thailandische-eismaschine","status":"publish","type":"product","link":"https:\/\/www.hommy.com\/de\/p\/hm-sm-600-thailandische-eismaschine\/","title":{"rendered":"Hm-Sm-600 Thailand Outdoor R\u00fchrbraten Eiscreme Maschine Kosten"},"content":{"rendered":"<div>\n<p><\/p>\n<h2 style=\"text-align: center\"><strong><span style=\"letter-spacing: 0px;font-size: 29px;font-family: arial, helvetica, sans-serif\"><a name=\"Rolled Ice Cream Maker\"><\/a>Walzen-Eiscremebereiter<\/span><\/strong><\/h2>\n<p style=\"text-align: center\"><a href=\"#Rolled Ice Cream Maker\" target=\"_self\" data-lv=\"0\" rel=\"noopener\"><span style=\"font-size: 16px\"><span style=\"letter-spacing: 0px;font-family: arial, helvetica, sans-serif\">Walzen-Eiscremebereiter<\/span><\/span><\/a><span style=\"font-size: 16px\"><span style=\"letter-spacing: 0px;font-family: arial, helvetica, sans-serif\">|<a href=\"#Product specification\" target=\"_self\" data-lv=\"0\" rel=\"noopener\">Produktspezifikation<\/a>|<a href=\"#Product Features\" target=\"_self\" data-lv=\"0\" rel=\"noopener\">Produktmerkmale<\/a>|<a href=\"#Product Description\" target=\"_self\" data-lv=\"0\" rel=\"noopener\">Beschreibung des Produkts<\/a>|<a href=\"#Operation Demonstration\" target=\"_self\" data-lv=\"0\" rel=\"noopener\">Demonstration des Betriebs<\/a><\/span><\/span><\/p>\n<p><\/p>\n<p style=\"text-align: center\">&nbsp;&nbsp;&nbsp;&nbsp;<\/p>\n<p>Die <a style=\"color:blue\" href=\"https:\/\/www.hommy.com\/de\/frittier-eismaschine\/\">Frittier-Eismaschine<\/a> ist normalerweise der Anziehungspunkt in der modernen Stadt. Sie ist aus rostfreiem Stahl gefertigt. Diese Maschinen k\u00f6nnen gerollte Eiscreme herstellen. Wenn Sie diese Maschine verwenden, dann haben Sie die Chance, Ihre Lieblings-Roll-Eis zu kaufen, die Art und Weise Sie m\u00f6gen. Sie k\u00f6nnen die gebratene Eismaschine verwenden, um die k\u00f6stlichen Geschmacksrichtungen von Eis zu schaffen. Es gibt nicht viele Maschinen auf dem Markt, die leicht verwendet werden k\u00f6nnen und erstellen Sie die gebratene Eiscreme.<\/p>\n<h2 style=\"margin: 0px;text-indent: 0px;text-align: justify\"><span style=\"font-family: arial, helvetica, sans-serif\"><strong><span style=\"letter-spacing: 0px;font-size: 24px\"><a name=\"Product specification\"><\/a>Produktspezifikation\uff1a<\/span><\/strong><\/span><span style=\"font-family:\u5b8b\u4f53;letter-spacing:0;font-size:48px\"> <\/span><\/h2>\n<p><span style=\"font-family: Calibri;font-size: 20px\">Technische Parameter:<\/span><\/p>\n<p><span style=\"font-family:Calibri;font-size:16px\"><br \/><\/span><\/p>\n<p style=\"text-align: center\"><img decoding=\"async\" src=\"https:\/\/www.hommy.com\/wp-content\/uploads\/16007611857247.png\" alt=\"product-Hommy-img\" title=\"\"><\/p>\n<p><\/p>\n<p><span style=\"font-family:\u5b8b\u4f53;font-size:29px\"><br \/><\/span><\/p>\n<h2><span style=\"font-family: arial, helvetica, sans-serif\"><strong><span style=\"font-size: 24px\"><a name=\"Product Features\"><\/a>Produktmerkmale\uff1a<\/span><\/strong><\/span><\/h2>\n<p><span style=\"font-family:Calibri;font-size:16px\">Die Pfannen sind aus rostfreiem Stahl hergestellt, sie k\u00f6nnen reines Wasser verwenden, sowie eine vorbereitete Formel<\/span><span style=\"font-family:\u5b8b\u4f53;font-size:16px\">&nbsp;<\/span><span style=\"font-family:Calibri;font-size:16px\">und Fruchtgetr\u00e4nken k\u00f6nnen Sie verschiedene Arten von weichem und hartem Eis herstellen<\/span><span style=\"font-family:\u5b8b\u4f53;font-size:16px\">&nbsp;<\/span><span style=\"font-family:Calibri;font-size:16px\">Sahne, Smoothies, Eis, Eisschlamm, Slush, Schneeeis, Fruchteis, Eisbrei, Obst, usw.<\/span><\/p>\n<p><span style=\"font-family:Calibri;font-size:16px\"><br \/><\/span><\/p>\n<h2><span style=\"font-family: arial, helvetica, sans-serif\"><strong><span style=\"font-size: 24px\"><strong><span style=\"font-size: 24px\"><a name=\"Product Description\"><\/a>Beschreibung des Produkts:<\/span><\/strong><\/span><\/strong><\/span><\/h2>\n<p><span style=\"font-family:Calibri;font-size:16px\">1. Hocheffiziente &amp; Niedertemperatur-Effekt ist ausgezeichnet, dass Temperatur -25 \u00b0 C passieren kann.<\/span><\/p>\n<p><span style=\"font-family:Calibri;font-size:16px\">2. Humanisiertes Steuersystem: Basis auf Ihr Material zu Setup Temperaturregelung der oberen und unteren Grenzen von -19'C bis -22C.<\/span><\/p>\n<p><span style=\"font-family:Calibri;font-size:16px\">3. Abtaufunktion durch Fu\u00df, der einfach, f\u00fcr den Arbeiter zu steuern ist.<\/span><\/p>\n<p><span style=\"font-family:Calibri;font-size:16px\"><br \/><\/span><\/p>\n<h2><span style=\"font-family: arial, helvetica, sans-serif\"><strong><span style=\"font-size: 24px\"><a name=\"Operation Demonstration\"><\/a>Operation Demonstration:<\/span><\/strong><\/span><\/h2>\n<p><span style=\"font-family: \u5b8b\u4f53;font-size: 16px\">Der Betrieb ist sehr einfach, k\u00f6nnen Sie die DRY tun, um gebranntes Eis zu machen, k\u00f6nnen Sie mehr verschiedenen Geschmack und verschiedene Material f\u00fcr exsample hinzuf\u00fcgen: Zucker, kochen, Obst und mehr, k\u00f6nnen Sie verschiedenen Geschmack Eiswalze gemacht. <\/span><span style=\"font-family:\u5b8b\u4f53;font-size:29px\">&nbsp;<\/span><\/p>\n<p><span style=\"font-family:\u5b8b\u4f53;font-size:29px\">&nbsp;<\/span><\/p>\n<p style=\"text-align: center\"><img loading=\"lazy\" decoding=\"async\" src=\"https:\/\/www.hommy.com\/wp-content\/uploads\/16007613806711.jpg\" title=\"\" alt=\"produkt-HM-SM-600 thail\u00e4ndische Eiscreme-Maschine-Hommy-img\" width=\"850\" height=\"233\" border=\"0\" vspace=\"0\" style=\"width: 850px;height: 233px\"><\/p>\n<p><\/p>\n<p>Dokument\uff1a<img decoding=\"async\" src=\"https:\/\/www.hommy.com\/wp-content\/uploads\/icon_pdf-51.gif\" style=\"margin-right: 2px\" alt=\"product-Hommy-img\" title=\"\"><a href=\"https:\/\/img80002414.weyesimg.com\/uploads\/www.hommy.com\/addon\/16027282897476.pdf\" title=\"16027282897476.pdf\" style=\"font-size: 12px\">16027282897476.pdf<\/a><\/p>\n<h2>Stellt Cold Stone gerollte Eiscreme her?<\/h2>\n<p style=\"margin-top: 5px;margin-bottom: 5px\"><\/p>\n<p style=\"margin-top: 5px;margin-bottom: 5px\">In den USA hei\u00dft das Produkt Cold Stone Creamery, aber alle Produkte werden in Kanada hergestellt.<\/p>\n<p style=\"margin-top: 5px;margin-bottom: 5px\"><\/p>\n<p style=\"margin-top: 5px;margin-bottom: 5px\">\"Wir befinden uns in einer Art Neuland\", sagte Peter Hahn, der Vorstandsvorsitzende.<\/p>\n<p style=\"margin-top: 5px;margin-bottom: 5px\"><\/p>\n<p style=\"margin-top: 5px;margin-bottom: 5px\">Das Unternehmen erzielte 2009 einen Umsatz von $200 Millionen. Die durchschnittliche Cold Stone-Filiale hat etwa 150 Kisten Eiscreme.<\/p>\n<p style=\"margin-top: 5px;margin-bottom: 5px\"><\/p>\n<h2>Was ist in italienischem Gelato enthalten?<\/h2>\n<p style=\"margin-top: 5px;margin-bottom: 5px\"><\/p>\n<p style=\"margin-top: 5px;margin-bottom: 5px\">Italienisches Gelato ist eine k\u00f6stliche Leckerei, die man in ganz Italien findet. Das italienische Wort \"gelato\" bedeutet auf Italienisch \"Eiscreme\". Gelato ist cremig, wird aus frischer Milch oder Sahne hergestellt und hat eine glatte, cremige Konsistenz. Gelato gibt es in vielen Formen und Texturen und in \u00fcber 40 verschiedenen Geschmacksrichtungen, von Obst und Fr\u00fcchten \u00fcber Cremef\u00fcllung bis hin zu Schokolade und Karamell. Zu den beliebtesten Gelato-Geschmacksrichtungen geh\u00f6ren Schokolade, Honig, Pistazie und Kaffee.<\/p>\n<p style=\"margin-top: 5px;margin-bottom: 5px\"><\/p>\n<h2>Wie stelle ich schwere Sahne her?<\/h2>\n<p style=\"margin-top: 5px;margin-bottom: 5px\"><\/p>\n<p style=\"margin-top: 5px;margin-bottom: 5px\">Schwere Sahne ist eine s\u00fc\u00dfe, dicke und k\u00f6stliche Creme, die von Milchk\u00fchen gewonnen wird und manchmal zum Kochen verwendet werden kann. Sie hat einen hohen Fettgehalt und ist sehr vielseitig.<\/p>\n<p style=\"margin-top: 5px;margin-bottom: 5px\"><\/p>\n<p style=\"margin-top: 5px;margin-bottom: 5px\">Die beste Sahne zum Kochen ist die Sahne, die mit Eisw\u00fcrfeln aufgeschlagen wird, um eine dickere Konsistenz zu erhalten. Sie kann dann pur oder f\u00fcr die Zubereitung von Pudding verwendet werden. Sie kann sowohl in herzhaften als auch in s\u00fc\u00dfen Gerichten verwendet werden.<\/p>\n<\/div><\/div>","protected":false},"excerpt":{"rendered":"<p>Rolled Ice Cream Maker Rolled Ice Cream Maker|Product specification|Product Features|Product Description|Operation Demonstration &nbsp;&nbsp;&nbsp;&nbsp; The fried ice cream machine is usually the center of attraction in the modern city. It is made from the stainless steel. These machines can create rolled ice cream. When you use this machine, then you have the chance to buy your [&hellip;]<\/p>\n","protected":false},"featured_media":1939,"comment_status":"open","ping_status":"open","template":"","meta":{"_swt_meta_header_display":false,"_swt_meta_footer_display":false,"_swt_meta_site_title_display":false,"_swt_meta_sticky_header":false,"_swt_meta_transparent_header":false},"product_brand":[],"product_cat":[83,77],"product_tag":[],"class_list":{"0":"post-800","1":"product","2":"type-product","3":"status-publish","4":"has-post-thumbnail","6":"product_cat-fried-ice-cream-machine","7":"product_cat-ice-cream-machine","9":"first","10":"instock","11":"shipping-taxable","12":"product-type-simple"},"_links":{"self":[{"href":"https:\/\/www.hommy.com\/de\/wp-json\/wp\/v2\/product\/800","targetHints":{"allow":["GET"]}}],"collection":[{"href":"https:\/\/www.hommy.com\/de\/wp-json\/wp\/v2\/product"}],"about":[{"href":"https:\/\/www.hommy.com\/de\/wp-json\/wp\/v2\/types\/product"}],"replies":[{"embeddable":true,"href":"https:\/\/www.hommy.com\/de\/wp-json\/wp\/v2\/comments?post=800"}],"wp:featuredmedia":[{"embeddable":true,"href":"https:\/\/www.hommy.com\/de\/wp-json\/wp\/v2\/media\/1939"}],"wp:attachment":[{"href":"https:\/\/www.hommy.com\/de\/wp-json\/wp\/v2\/media?parent=800"}],"wp:term":[{"taxonomy":"product_brand","embeddable":true,"href":"https:\/\/www.hommy.com\/de\/wp-json\/wp\/v2\/product_brand?post=800"},{"taxonomy":"product_cat","embeddable":true,"href":"https:\/\/www.hommy.com\/de\/wp-json\/wp\/v2\/product_cat?post=800"},{"taxonomy":"product_tag","embeddable":true,"href":"https:\/\/www.hommy.com\/de\/wp-json\/wp\/v2\/product_tag?post=800"}],"curies":[{"name":"wp","href":"https:\/\/api.w.org\/{rel}","templated":true}]}}