{"id":796,"date":"2024-07-02T16:38:40","date_gmt":"2024-07-02T16:38:40","guid":{"rendered":"http:\/\/localhost\/hommywp\/hm-sm-500-flat-pan-street-roll-ice-cream-maker-for-sale-price\/"},"modified":"2025-08-01T09:57:42","modified_gmt":"2025-08-01T09:57:42","slug":"hm-sm-500-rollen-eiscrememaschine","status":"publish","type":"product","link":"https:\/\/www.hommy.com\/de\/p\/hm-sm-500-rollen-eiscrememaschine\/","title":{"rendered":"Hm-Sm-500 Flache Pfanne Stra\u00dfe Roll Eiscreme Maker zu verkaufen Preis"},"content":{"rendered":"<div>\n<p><\/p>\n<h2 style=\"text-align: center\"><span style=\"font-size: 29px;text-align: center;font-family: arial, helvetica, sans-serif\"><a name=\"Rolled Ice Cream Maker\"><\/a>Walzen-Eiscremebereiter<\/span><\/h2>\n<p style=\"text-align: center\"><a href=\"http:\/\/\" target=\"_self\" data-lv=\"0\" rel=\"noopener\"><span style=\"text-align: center;font-family: arial, helvetica, sans-serif;font-size: 16px\">Walzen-Eiscremebereiter<\/span><\/a><span style=\"text-align: center;font-family: arial, helvetica, sans-serif;font-size: 16px\">|<a href=\"#Product specification\" target=\"_self\" data-lv=\"0\" rel=\"noopener\">Produktspezifikation<\/a>|<a href=\"#Product Features\" target=\"_self\" data-lv=\"0\" rel=\"noopener\">Produktmerkmale<\/a>|<a href=\"#Product Description\" target=\"_self\" data-lv=\"0\" rel=\"noopener\">Beschreibung des Produkts<\/a>|<a href=\"#Operation Demonstration\" target=\"_self\" data-lv=\"0\" rel=\"noopener\">Demonstration des Betriebs<\/a><\/span><\/p>\n<p><\/p>\n<p style=\"text-align: center\">&nbsp;&nbsp;&nbsp;&nbsp;<\/p>\n<p>Wir haben ein engagiertes Team, das diese Produkte mit hochwertigen Materialien entwirft und herstellt, um sicherzustellen, dass sie lange halten und eine ausgezeichnete Leistung bieten. Wir bieten eine breite Palette von Pizzakegelformen an, die mit hochwertigen Materialien hergestellt werden und hochwertige Eigenschaften haben. Das Gute an dieser Pizzateigform ist, dass sie Ihnen viel Arbeit bei der Verarbeitung Ihres Produktes abnimmt. Sie erhalten mit Leichtigkeit qualitativ hochwertige Pizzat\u00fcten. Die Pizzateigform ist sehr benutzerfreundlich. Sie k\u00f6nnen das Produkt nach Ihren Bed\u00fcrfnissen anpassen. Es ist ein sehr haltbares Produkt. Mit viel Erfahrung und Wissen werden die Produkte in Handarbeit hergestellt, um h\u00f6chste Qualit\u00e4t zu gew\u00e4hrleisten. Die Produkte werden in \u00dcbereinstimmung mit den festgelegten Standards hergestellt. Wir sind bekannt f\u00fcr die Herstellung von Produkten von hoher Qualit\u00e4t, die sehr langlebig sind und lange Zeit halten. Sie k\u00f6nnen die Vorteile unseres Unternehmens nutzen.<\/p>\n<h2 style=\"margin: 0px;text-indent: 0px;text-align: justify\"><span style=\"font-family: arial, helvetica, sans-serif\"><strong><span style=\"letter-spacing: 0px;font-size: 24px\"><a name=\"Product specification\"><\/a>Produktspezifikation\uff1a<\/span><\/strong><\/span><span style=\"font-family:\u5b8b\u4f53;letter-spacing:0;font-size:48px\"> <\/span><\/h2>\n<p><span style=\"font-family: Calibri;font-size: 20px\">Technische Parameter:<\/span><\/p>\n<p><span style=\"font-family: Calibri;font-size: 20px\"><br \/><\/span><\/p>\n<p><span style=\"font-family: Calibri;font-size: 20px\"><br \/><\/span><\/p>\n<p style=\"text-align: center\"><img loading=\"lazy\" decoding=\"async\" src=\"https:\/\/www.hommy.com\/wp-content\/uploads\/16007570435675.png\" title=\"\" alt=\"product-Hommy-img\" width=\"850\" height=\"121\" border=\"0\" vspace=\"0\" style=\"width: 850px;height: 121px\"><\/p>\n<p><\/p>\n<p><strong><span style=\"font-size: 24px;font-family: \u5b8b\u4f53\"><br \/><\/span><\/strong><\/p>\n<h2><span style=\"font-family: arial, helvetica, sans-serif\"><strong><span style=\"font-size: 24px\"><a name=\"Product Features\"><\/a>Produktmerkmale\uff1a<\/span><\/strong><\/span><\/h2>\n<p><span style=\"font-family:Calibri;font-size:16px\">Die Pfannen sind aus rostfreiem Stahl hergestellt, sie k\u00f6nnen reines Wasser verwenden, sowie eine vorbereitete Formel<\/span><span style=\"font-family:\u5b8b\u4f53;font-size:16px\">&nbsp;<\/span><span style=\"font-family:Calibri;font-size:16px\">und Fruchtgetr\u00e4nken k\u00f6nnen Sie verschiedene Arten von weichem und hartem Eis herstellen<\/span><span style=\"font-family:\u5b8b\u4f53;font-size:16px\">&nbsp;<\/span><span style=\"font-family:Calibri;font-size:16px\">Sahne, Smoothies, Eis, Eisschlamm, Slush, Schneeeis, Fruchteis, Eisbrei, Obst, usw.<\/span><\/p>\n<h2><span style=\"font-size: 24px;font-family: arial, helvetica, sans-serif\"><strong><br \/><\/strong><\/span><\/h2>\n<h2><span style=\"font-size: 24px;font-family: arial, helvetica, sans-serif\"><strong><span style=\"font-weight: 700;font-size: 24px\"><a name=\"Product Description\"><\/a>Beschreibung des Produkts:<\/span><\/strong><\/span><\/h2>\n<p><span style=\"font-family:Calibri;font-size:16px\">1. hocheffiziente &amp; niedrige Temperatur-Effekt ist ausgezeichnet, dass die Temperatur -25 \u00b0 C passieren kann.<\/span><\/p>\n<p><span style=\"font-family:Calibri;font-size:16px\">2. Humanisiertes Steuersystem: Basis auf Ihr Material zu Setup Temperaturregelung der oberen und unteren Grenzen von -19'C bis -22C.<\/span><\/p>\n<p><span style=\"font-family:Calibri;font-size:16px\">3. Abtaufunktion durch Fu\u00df, der einfach, f\u00fcr den Arbeiter zu steuern ist.<\/span><\/p>\n<p><span style=\"font-family:Calibri;font-size:16px\"><br \/><\/span><\/p>\n<h2><span style=\"font-family: arial, helvetica, sans-serif\"><strong><span style=\"font-size: 24px\"><a name=\"Operation Demonstration\"><\/a>Operation Demonstration:<\/span><\/strong><\/span><\/h2>\n<p><span style=\"font-size: 16px;font-family: \u5b8b\u4f53\">Der Betrieb ist sehr einfach, k\u00f6nnen Sie die DRY tun, um gebranntes Eis zu machen, k\u00f6nnen Sie mehr verschiedenen Geschmack und verschiedene Material f\u00fcr exsample hinzuf\u00fcgen: Zucker, kochen, Obst und mehr, k\u00f6nnen Sie verschiedenen Geschmack Eiswalze gemacht.<\/span><\/p>\n<p><span style=\"font-size: 16px;font-family: \u5b8b\u4f53\"><br \/><\/span><\/p>\n<p><span style=\"font-size: 16px;font-family: \u5b8b\u4f53\"><\/span><\/p>\n<p style=\"text-align:center\"><img loading=\"lazy\" decoding=\"async\" src=\"https:\/\/www.hommy.com\/wp-content\/uploads\/16007575027895.jpg\" title=\"\" alt=\"product-Hommy-img\" width=\"850\" height=\"233\" border=\"0\" vspace=\"0\" style=\"width: 850px;height: 233px\"><\/p>\n<p><span style=\"font-size: 16px;font-family: \u5b8b\u4f53\">&nbsp;<\/span><span style=\"font-family:\u5b8b\u4f53;font-size:29px\">&nbsp;<\/span><\/p>\n<p><\/p>\n<p>Dokument\uff1a<img decoding=\"async\" src=\"https:\/\/www.hommy.com\/wp-content\/uploads\/icon_pdf-50.gif\" style=\"margin-right: 2px\" alt=\"Produkt-HM-SM-500 Br\u00f6tchen-Eismaschine-Hommy-img\" title=\"\"><a href=\"https:\/\/img80002414.weyesimg.com\/uploads\/www.hommy.com\/addon\/16027293528800.pdf\" title=\"16027293528800.pdf\" style=\"font-size: 12px\">16027293528800.pdf<\/a><\/p>\n<h2 style=\"font-family: sans-serif\">Wem geh\u00f6rt die Gefriertruhe von Taylor?<\/h2>\n<p style=\"margin-top: 5px;margin-bottom: 5px;font-family: sans-serif;font-size: 16px\">Taylor-Gefrierschr\u00e4nke sind sehr gute Produkte, die sehr gut funktionieren. In den letzten Jahren gab es jedoch eine Reihe von Problemen mit der internen Elektronik der Taylor-Gefrierger\u00e4te, die zu deren Ausfall f\u00fchrten. Taylor hat k\u00fcrzlich Ma\u00dfnahmen ergriffen, um diese Probleme zu beheben, und die neuen Gefrierger\u00e4te sind nicht mehr betroffen.<\/p>\n<p style=\"margin-top: 5px;margin-bottom: 5px;font-family: sans-serif;font-size: 16px\"><\/p>\n<h2 style=\"font-family: sans-serif\">Warum schmeckt gerolltes Speiseeis anders?<\/h2>\n<p style=\"margin-top: 5px;margin-bottom: 5px;font-family: sans-serif;font-size: 16px\">Meine \u00f6rtliche Eisdiele hat eine neue Geschmacksrichtung, f\u00fcr die sie wirbt: \"Buttermilch-Rolleis\". Es sieht fantastisch aus und h\u00f6rt sich auch so an, aber als ich es probiere, ist es nur eine Sorte Vanilleeis.<\/p>\n<p style=\"margin-top: 5px;margin-bottom: 5px;font-family: sans-serif;font-size: 16px\"><\/p>\n<h2 style=\"font-family: sans-serif\">Wie funktioniert gerollte <a style=\"color:blue\" href=\"\/de\/\">Eismaschine<\/a> arbeiten?<\/h2>\n<p style=\"margin-top: 5px;margin-bottom: 5px;font-family: sans-serif;font-size: 16px\">Walzeneis wird \u00e4hnlich wie ein herk\u00f6mmliches Eis geformt. <a style=\"color:blue\" href=\"\/de\/\">Speiseeismaschine<\/a>In einer herk\u00f6mmlichen Maschine wird das Eis durch das Einfrieren einer Menge Sahne (normalerweise aus einem Sahneseparator, aber auch aus Milch) und anschlie\u00dfendes Sch\u00fctteln hergestellt, bis es weich genug ist, um es zu sch\u00f6pfen. In einer Walzeneismaschine hingegen wird das Eis durch Gefrieren der Milch oder Sahne in einer vorgeformten Schale hergestellt und dann eine Platte aus gefrorenem Eis ausgerollt. Das Eis wird dann gesch\u00f6pft und nach der Entnahme aus der Maschine auf ein Tablett mit R\u00e4dern gerollt.<\/p>\n<\/div><\/div>","protected":false},"excerpt":{"rendered":"<p>Rolled Ice Cream Maker Rolled Ice Cream Maker|Product specification|Product Features|Product Description|Operation Demonstration &nbsp;&nbsp;&nbsp;&nbsp; we have a dedicated team who design and manufacture these products with high quality materials to ensure that they last for a long time and offer excellent performance.we offer a wide range of pizza cone moulds that are manufactured using high quality [&hellip;]<\/p>\n","protected":false},"featured_media":1938,"comment_status":"open","ping_status":"open","template":"","meta":{"_swt_meta_header_display":false,"_swt_meta_footer_display":false,"_swt_meta_site_title_display":false,"_swt_meta_sticky_header":false,"_swt_meta_transparent_header":false},"product_brand":[],"product_cat":[83,77],"product_tag":[],"class_list":{"0":"post-796","1":"product","2":"type-product","3":"status-publish","4":"has-post-thumbnail","6":"product_cat-fried-ice-cream-machine","7":"product_cat-ice-cream-machine","9":"first","10":"instock","11":"shipping-taxable","12":"product-type-simple"},"_links":{"self":[{"href":"https:\/\/www.hommy.com\/de\/wp-json\/wp\/v2\/product\/796","targetHints":{"allow":["GET"]}}],"collection":[{"href":"https:\/\/www.hommy.com\/de\/wp-json\/wp\/v2\/product"}],"about":[{"href":"https:\/\/www.hommy.com\/de\/wp-json\/wp\/v2\/types\/product"}],"replies":[{"embeddable":true,"href":"https:\/\/www.hommy.com\/de\/wp-json\/wp\/v2\/comments?post=796"}],"wp:featuredmedia":[{"embeddable":true,"href":"https:\/\/www.hommy.com\/de\/wp-json\/wp\/v2\/media\/1938"}],"wp:attachment":[{"href":"https:\/\/www.hommy.com\/de\/wp-json\/wp\/v2\/media?parent=796"}],"wp:term":[{"taxonomy":"product_brand","embeddable":true,"href":"https:\/\/www.hommy.com\/de\/wp-json\/wp\/v2\/product_brand?post=796"},{"taxonomy":"product_cat","embeddable":true,"href":"https:\/\/www.hommy.com\/de\/wp-json\/wp\/v2\/product_cat?post=796"},{"taxonomy":"product_tag","embeddable":true,"href":"https:\/\/www.hommy.com\/de\/wp-json\/wp\/v2\/product_tag?post=796"}],"curies":[{"name":"wp","href":"https:\/\/api.w.org\/{rel}","templated":true}]}}