{"id":792,"date":"2024-07-02T16:38:36","date_gmt":"2024-07-02T16:38:36","guid":{"rendered":"http:\/\/localhost\/hommywp\/m-sm-400-commercial-thai-fried-ice-cream-maker-equipment\/"},"modified":"2025-08-01T09:57:42","modified_gmt":"2025-08-01T09:57:42","slug":"m-sm-400-gebratene-eismaschine","status":"publish","type":"product","link":"https:\/\/www.hommy.com\/de\/p\/m-sm-400-gebratene-eismaschine\/","title":{"rendered":"M-Sm-400 Gewerbliche thail\u00e4ndische Speiseeismaschine Ausr\u00fcstung"},"content":{"rendered":"<div>\n<p style=\"text-align: center\"><span style=\"letter-spacing: 0px;text-align: center;text-indent: 205px;font-family: Helvetica;font-size: 29px\"><br \/><\/span><\/p>\n<h2 style=\"text-align: center\"><strong><span style=\"letter-spacing: 0px;text-align: center;text-indent: 205px;font-family: Helvetica;font-size: 29px\"><a name=\"Ice Cream Roll Machine\"><\/a>Eiscreme-Rollmaschine<\/span><\/strong><\/h2>\n<p style=\"text-align: center\"><span style=\"letter-spacing: 0px;text-align: center;text-indent: 205px;font-family: arial, helvetica, sans-serif;font-size: 16px\"><a href=\"#Ice Cream Roll Machine\" target=\"_self\" data-lv=\"0\" rel=\"noopener\">Eiscreme-Rollmaschine<\/a>|<a href=\"#Product specification\" target=\"_self\" data-lv=\"0\" rel=\"noopener\">Produktspezifikation<\/a>|<a href=\"#Product Features\" target=\"_self\" data-lv=\"0\" rel=\"noopener\">Produktmerkmale<\/a>|<a href=\"#Product Description\" target=\"_self\" data-lv=\"0\" rel=\"noopener\">Beschreibung des Produkts<\/a>|<a href=\"#Operation Demonstration\" target=\"_self\" data-lv=\"0\" rel=\"noopener\">Demonstration des Betriebs<\/a><\/span><\/p>\n<p style=\"text-indent: 205px;padding: 0px;vertical-align: baseline;text-align: center\"><\/p>\n<p style=\"text-align: center\">\n<p>Diese gebratene <a style=\"color:blue\" href=\"\/de\/\">Eismaschine<\/a> ist auf dem Markt in verschiedenen Modellen und Ausf\u00fchrungen erh\u00e4ltlich. Wir bieten diese Eismaschine in verschiedenen Kapazit\u00e4ten und Modellen je nach den Bed\u00fcrfnissen der Kunden.<\/p>\n<p><\/p>\n<h2 style=\"margin: 0px;text-indent: 0px;text-align: justify\"><span style=\"font-family: arial, helvetica, sans-serif;font-size: 24px\"><strong><span style=\"font-family: arial, helvetica, sans-serif;letter-spacing: 0px\"><strong><span style=\"font-family: arial, helvetica, sans-serif\"><a name=\"Product specification\"><\/a>Produktspezifikation<\/span><\/strong>:<\/span><\/strong><\/span><\/h2>\n<p><span style=\"font-family:Calibri;font-size:16px\">Technische Parameter:<\/span><\/p>\n<p><span style=\"font-family:Calibri;font-size:16px\"><br \/><\/span><\/p>\n<p style=\"text-align: center\"><img decoding=\"async\" src=\"https:\/\/www.hommy.com\/wp-content\/uploads\/16006565339830.png\" alt=\"Produkt-M-SM-400 gebratene Eismaschine-Hommy-img\" title=\"\"><\/p>\n<p><span style=\"font-family:\u5b8b\u4f53;font-size:29px\"><br \/><\/span><\/p>\n<h2><span style=\"font-size: 24px;font-family: arial, helvetica, sans-serif\"><strong><span style=\"font-size: 24px\"><a name=\"Product Features\"><\/a>Produktmerkmale:<\/span><\/strong><\/span><\/h2>\n<p><span style=\"font-family:Calibri;font-size:16px\">Die Pfannen sind aus rostfreiem Stahl hergestellt, sie k\u00f6nnen reines Wasser verwenden, sowie eine vorbereitete Formel<\/span><span style=\"font-family:\u5b8b\u4f53;font-size:16px\">&nbsp;<\/span><span style=\"font-family:Calibri;font-size:16px\">und Fruchtgetr\u00e4nken k\u00f6nnen Sie verschiedene Arten von weichem und hartem Eis herstellen<\/span><span style=\"font-family:\u5b8b\u4f53;font-size:16px\">&nbsp;<\/span><span style=\"font-family:Calibri;font-size:16px\">Sahne, Smoothies, Eis, Eisschlamm, Slush, Schneeeis, Fruchteis, Eisbrei, Obst, usw.<\/span><\/p>\n<p><span style=\"font-family:Calibri;font-size:16px\"><br \/><\/span><\/p>\n<h2><span style=\"font-family: arial, helvetica, sans-serif\"><strong><span style=\"font-size: 24px\"><strong style=\"font-size: 24px\"><a name=\"Product Description\"><\/a>Beschreibung des Produkts:<\/strong><\/span><\/strong><\/span><\/h2>\n<p><span style=\"font-family:Calibri;font-size:16px\">1. Hocheffiziente &amp; Niedertemperatur-Effekt ist ausgezeichnet, dass Temperatur -25 \u00b0 C passieren kann.<\/span><\/p>\n<p><span style=\"font-family:Calibri;font-size:16px\">2. Humanisiertes Steuersystem: Basis auf Ihr Material zu Setup Temperaturregelung der oberen und unteren Grenzen von -19'C bis -22C.<\/span><\/p>\n<p><span style=\"font-family:Calibri;font-size:16px\">3. Abtaufunktion durch Fu\u00df, der einfach, f\u00fcr den Arbeiter zu steuern ist.<\/span><\/p>\n<p style=\"margin-top:0;margin-right:0;margin-bottom:0;margin-left:0;text-indent:0;text-align:justify\"><\/p>\n<h2><span style=\"font-size: 24px;font-family: arial, helvetica, sans-serif\"><strong><span style=\"font-size: 24px\"><a name=\"Operation Demonstration\"><\/a>Operation Demonstration:<\/span><\/strong><\/span><\/h2>\n<p><strong><span style=\"font-family:\u5b8b\u4f53;font-size:29px\"><br \/><\/span><\/strong><\/p>\n<p style=\"text-align: center\"><strong><span style=\"font-family:\u5b8b\u4f53;font-size:29px\"><img loading=\"lazy\" decoding=\"async\" src=\"https:\/\/www.hommy.com\/wp-content\/uploads\/16006569426595.jpg\" title=\"\" alt=\"product-Hommy-img\" width=\"1000\" height=\"311\" border=\"0\" vspace=\"0\" style=\"width: 1000px;height: 311px\"><\/span><\/strong><\/p>\n<p><\/p>\n<p>Dokument\uff1a<img decoding=\"async\" src=\"https:\/\/www.hommy.com\/wp-content\/uploads\/icon_pdf-49.gif\" style=\"margin-right: 2px\" alt=\"product-Hommy-img\" title=\"\"><a href=\"https:\/\/img80002414.weyesimg.com\/uploads\/www.hommy.com\/addon\/16027296552707.pdf\" title=\"16027296552707.pdf\" style=\"font-size: 12px\">16027296552707.pdf<\/a><\/p>\n<h2>Wie ist gebratenes Eis m\u00f6glich?<\/h2>\n<p style=\"margin-top: 5px;margin-bottom: 5px\"><\/p>\n<p style=\"margin-top: 5px;margin-bottom: 5px\">Wenn es Ihnen wie mir geht, haben Sie vielleicht schon einmal von frittiertem Eis geh\u00f6rt. Dabei handelt es sich im Grunde um eine kalte Leckerei, die in einen Teig getaucht und frittiert wird. Dieses Rezept ist das Ergebnis eines lustigen Experiments, das ich mit einem Freund ausprobiert habe.<\/p>\n<p style=\"margin-top: 5px;margin-bottom: 5px\"><\/p>\n<p style=\"margin-top: 5px;margin-bottom: 5px\"><\/p>\n<h2>Wie macht man gebratenes Eis Reddit?<\/h2>\n<p style=\"margin-top: 5px;margin-bottom: 5px\"><\/p>\n<p style=\"margin-top: 5px;margin-bottom: 5px\">Das Ice Cream Sandwich ist ein Dessert, bei dem zwei verschiedene Eissorten, in der Regel Vanille und Schokolade, zwischen zwei Kekse gelegt werden.<\/p>\n<p style=\"margin-top: 5px;margin-bottom: 5px\"><\/p>\n<p style=\"margin-top: 5px;margin-bottom: 5px\">Es wurde so genannt, weil es eine gro\u00dfe Innovation in der Branche der gefrorenen Desserts war.<\/p>\n<p style=\"margin-top: 5px;margin-bottom: 5px\"><\/p>\n<p style=\"margin-top: 5px;margin-bottom: 5px\">Wir werden dar\u00fcber sprechen, wie man gebratenes Eis herstellt.<\/p>\n<p style=\"margin-top: 5px;margin-bottom: 5px\"><\/p>\n<h2>Wie viel kostet eine McDonald's Shake-Maschine?<\/h2>\n<p style=\"margin-top: 5px;margin-bottom: 5px\"><\/p>\n<p style=\"margin-top: 5px;margin-bottom: 5px\">A:<\/p>\n<p style=\"margin-top: 5px;margin-bottom: 5px\"><\/p>\n<p style=\"margin-top: 5px;margin-bottom: 5px\">Die Kosten f\u00fcr die Maschinen sind nicht so hoch. Die Kosten f\u00fcr die Maschine sind nur ein Bruchteil des Produktpreises, also bin ich sicher, dass man eine Maschine f\u00fcr nur $15.000 herstellen kann. Die Kosten f\u00fcr die Zutaten sind ein ganzes St\u00fcck h\u00f6her. Der Kauf von Milch kostet viel Geld, denn die K\u00fche m\u00fcssen gef\u00fcttert und gepflegt werden. Wenn Sie eine Gallone Milch in einem Lebensmittelgesch\u00e4ft kaufen, kostet sie $3,50, aber wenn Sie eine Gallone Milch von einem Milchviehbetrieb kaufen, kostet sie etwa $4,50.&nbsp;<\/p>\n<\/div><\/div>","protected":false},"excerpt":{"rendered":"<p>Ice&nbsp;Cream&nbsp;Roll&nbsp;Machine Ice Cream Roll Machine|Product specification|Product Features|Product Description|Operation Demonstration This fried ice cream maker is available in the market in different models and designs. We offer this ice cream maker in various capacities and models according to the needs of the customers. Product specification: Technical Parameters: Product Features: The pans is made of stainless steel, [&hellip;]<\/p>\n","protected":false},"featured_media":1937,"comment_status":"open","ping_status":"open","template":"","meta":{"_swt_meta_header_display":false,"_swt_meta_footer_display":false,"_swt_meta_site_title_display":false,"_swt_meta_sticky_header":false,"_swt_meta_transparent_header":false},"product_brand":[],"product_cat":[83,77],"product_tag":[],"class_list":{"0":"post-792","1":"product","2":"type-product","3":"status-publish","4":"has-post-thumbnail","6":"product_cat-fried-ice-cream-machine","7":"product_cat-ice-cream-machine","9":"first","10":"instock","11":"shipping-taxable","12":"product-type-simple"},"_links":{"self":[{"href":"https:\/\/www.hommy.com\/de\/wp-json\/wp\/v2\/product\/792","targetHints":{"allow":["GET"]}}],"collection":[{"href":"https:\/\/www.hommy.com\/de\/wp-json\/wp\/v2\/product"}],"about":[{"href":"https:\/\/www.hommy.com\/de\/wp-json\/wp\/v2\/types\/product"}],"replies":[{"embeddable":true,"href":"https:\/\/www.hommy.com\/de\/wp-json\/wp\/v2\/comments?post=792"}],"wp:featuredmedia":[{"embeddable":true,"href":"https:\/\/www.hommy.com\/de\/wp-json\/wp\/v2\/media\/1937"}],"wp:attachment":[{"href":"https:\/\/www.hommy.com\/de\/wp-json\/wp\/v2\/media?parent=792"}],"wp:term":[{"taxonomy":"product_brand","embeddable":true,"href":"https:\/\/www.hommy.com\/de\/wp-json\/wp\/v2\/product_brand?post=792"},{"taxonomy":"product_cat","embeddable":true,"href":"https:\/\/www.hommy.com\/de\/wp-json\/wp\/v2\/product_cat?post=792"},{"taxonomy":"product_tag","embeddable":true,"href":"https:\/\/www.hommy.com\/de\/wp-json\/wp\/v2\/product_tag?post=792"}],"curies":[{"name":"wp","href":"https:\/\/api.w.org\/{rel}","templated":true}]}}