{"id":788,"date":"2024-07-02T16:23:28","date_gmt":"2024-07-02T16:23:28","guid":{"rendered":"http:\/\/localhost\/hommywp\/hm18-table-top-digital-control-panel-hard-ice-cream-machine\/"},"modified":"2025-08-01T09:57:42","modified_gmt":"2025-08-01T09:57:42","slug":"hm18-tischplatte-hartes-eis-maschine","status":"publish","type":"product","link":"https:\/\/www.hommy.com\/de\/p\/hm18-tischplatte-hartes-eis-maschine\/","title":{"rendered":"Hm18 Table Top Digitales Bedienfeld Harteis-Maschine"},"content":{"rendered":"<div>\n<p style=\"text-align: center\"><a href=\"#Table top Gelato Freezer\" target=\"_self\" data-lv=\"0\" style=\"font-family: inherit\" rel=\"noopener\"><span style=\"font-size: 16px\"><span style=\"font-family: arial, helvetica, sans-serif\">Tischgefrierger\u00e4t f\u00fcr Gelato<\/span><\/span><\/a><span style=\"color: inherit;font-family: inherit;font-size: 16px\"><span style=\"font-family: arial, helvetica, sans-serif\">|<a href=\"#Product specification\" target=\"_self\" data-lv=\"0\" rel=\"noopener\">Produktspezifikation<\/a>|<a href=\"#Product Features\" target=\"_self\" data-lv=\"0\" rel=\"noopener\">Produktmerkmale<\/a>|<a href=\"#Product Advantage\" target=\"_self\" data-lv=\"0\" rel=\"noopener\">Produktvorteil<\/a>&nbsp;<\/span><\/span><\/p>\n<p><\/p>\n<p style=\"text-align: center\">\n<p>Wir sind f\u00fchrend in der Bereitstellung von High-End <a style=\"color:blue\" href=\"\/de\/\">Speiseeis-Ausr\u00fcstung<\/a> und sind in der Herstellung von Eiscreme-Maschinen aus den zuverl\u00e4ssigsten Rohstoffen, die von den beliebtesten Herstellern des Marktes bezogen wird engagiert. Um die vielf\u00e4ltigen Anforderungen unserer Kunden zu erf\u00fcllen, halten wir uns durch das Lesen neuer Produkte auf dem Markt aktualisiert. Dar\u00fcber hinaus bieten wir High-End-Eismaschinen und sind bekannt f\u00fcr die Qualit\u00e4t der Produkte in unserem Sortiment. Zu diesen Produkten geh\u00f6ren Eismaschinen, Eismaschinen f\u00fcr den Hausgebrauch, Eismaschinen f\u00fcr Restaurants und Eisk\u00fchlschr\u00e4nke.<\/p>\n<p style=\"margin-top:0;margin-right:0;margin-bottom:0;margin-left:0;text-indent:0;text-align:justify\"><span style=\"letter-spacing: 0px;font-size: 24px;font-family: arial, helvetica, sans-serif\"><span style=\"font-family: arial, helvetica, sans-serif;font-size: 24px;text-align: justify\">&nbsp; &nbsp;<\/span><\/span><\/p>\n<h2 style=\"margin: 0px;text-indent: 0px;text-align: justify\"><strong><span style=\"letter-spacing: 0px;font-size: 24px;font-family: arial, helvetica, sans-serif\"><span style=\"font-family: arial, helvetica, sans-serif;font-size: 24px;text-align: justify\">&nbsp;<a name=\"Product specification\"><\/a>Produktspezifikation\uff1a<\/span><\/span><\/strong><\/h2>\n<p style=\"margin-top:0;margin-right:0;margin-bottom:0;margin-left:0;text-indent:0;text-align:justify\"><span style=\"letter-spacing: 0px;font-size: 24px;font-family: arial, helvetica, sans-serif\"><span style=\"font-family: arial, helvetica, sans-serif;font-size: 24px;text-align: justify\"><br \/><\/span><\/span><\/p>\n<p style=\"margin-top:0;margin-right:0;margin-bottom:0;margin-left:0;text-indent:0;text-align:justify\"><span style=\"letter-spacing: 0px;font-size: 24px;font-family: arial, helvetica, sans-serif\"><br \/><\/span><\/p>\n<p style=\"text-align: center\"><img decoding=\"async\" src=\"https:\/\/www.hommy.com\/wp-content\/uploads\/16009386442698.png\" alt=\"product-Hommy-img\" title=\"\"><\/p>\n<p><\/p>\n<p><\/p>\n<div class=\"d-tem01-graphic tem01-graphic mockup\" data-detail=\"wrap\">\n<div class=\"cont-section clearfix d-clearfix\">\n<div class=\"col-md-6 col-sm-6 col-xs-6\">\n<div class=\"right-p\">\n<div class=\"h2 heading\" style=\"text-align: left\">\n<p style=\"text-align:center\"><img loading=\"lazy\" decoding=\"async\" src=\"https:\/\/www.hommy.com\/wp-content\/uploads\/16009958245964.jpg\" alt=\"product-Hommy-img\" style=\"font-size: 14px;width: 400px;height: 500px\" title=\"\" width=\"400\" height=\"500\" border=\"0\" vspace=\"0\"><\/p>\n<p><span style=\"font-size: 14px\">&nbsp; &nbsp; &nbsp; &nbsp;<\/span><\/p>\n<p><span style=\"font-size: 14px\"><br \/><\/span><\/p>\n<p><span style=\"font-size: 14px\"><br \/><\/span><\/p>\n<p><span style=\"font-size: 14px\"> <\/span><\/p>\n<p style=\"margin-bottom: 0px;text-align: justify\"><span style=\"letter-spacing: 0px;font-size: 24px;font-family: arial, helvetica, sans-serif\"><\/span><\/p>\n<h2><span style=\"font-size: 24px\"><strong><span style=\"letter-spacing: 0px;font-family: arial, helvetica, sans-serif\"><a name=\"Product Advantage\"><\/a>Produktvorteil:<\/span><\/strong><\/span><\/h2>\n<\/div>\n<\/div>\n<\/div>\n<div class=\"col-md-6 col-sm-6 col-xs-6\">\n<div class=\"right-p\">\n<div class=\"h2 heading\">\n<p style=\"text-align:justify\"><span style=\"font-size: 16px;font-family: arial, helvetica, sans-serif\"><\/span><\/p>\n<p style=\"margin-top:0;margin-right:0;margin-bottom:0;margin-left:0;text-indent:0;text-align:justify\"><strong><span style=\"letter-spacing: 0px;font-size: 29px;font-family: arial, helvetica, sans-serif\"><br \/><\/span><\/strong><\/p>\n<p style=\"margin-top:0;margin-right:0;margin-bottom:0;margin-left:0;text-indent:0;text-align:justify\"><strong><span style=\"letter-spacing: 0px;font-size: 29px;font-family: arial, helvetica, sans-serif\"><br \/><\/span><\/strong><\/p>\n<h2 style=\"margin: 0px;text-indent: 0px;text-align: justify\"><span style=\"font-size: 24px\"><strong><span style=\"letter-spacing: 0px;font-family: arial, helvetica, sans-serif\"><a name=\"Product Features\"><\/a>Produktmerkmale:<\/span><\/strong><\/span><span style=\"font-family:\u5b8b\u4f53;letter-spacing:0;font-size:29px\"> <\/span><\/h2>\n<p style=\"margin-top:0;margin-right:0;margin-bottom:0;margin-left:0;text-indent:0;text-align:justify\"><span style=\"font-family:\u5b8b\u4f53;letter-spacing:0;font-size:29px\"><br \/><\/span><\/p>\n<p style=\"text-align:justify\"><span style=\"font-size: 16px;font-family: arial, helvetica, sans-serif\">Verschlanken Sie das luxuri\u00f6se \u00c4u\u00dfere.<\/span><\/p>\n<p style=\"text-align:justify\"><span style=\"font-size: 16px;font-family: arial, helvetica, sans-serif\">Edelstahlblech als Au\u00dfenabdeckung f\u00fcr lange Haltbarkeit.<\/span><\/p>\n<p style=\"text-align:justify\"><span style=\"font-size: 16px;font-family: arial, helvetica, sans-serif\">Einzigartiger Zylinder und R\u00fchrwerkswelle.<\/span><\/p>\n<p style=\"text-align:justify\"><span style=\"font-size: 16px;font-family: arial, helvetica, sans-serif\">Benutzerfreundliches elektronisches Kontrollsystem. <\/span><\/p>\n<p style=\"text-align:justify\"><span style=\"font-size: 16px;font-family: arial, helvetica, sans-serif\">Digitales Bedienfeld mit Ber\u00fchrungsschalter.<\/span><\/p>\n<p style=\"text-align:justify\"><span style=\"font-size: 16px;font-family: arial, helvetica, sans-serif\">Ein intelligentes Vollcomputer-Kontrollsystem \u00fcberwacht kontinuierlich die Konsistenz, um das gew\u00fcnschte Produkt zu gew\u00e4hrleisten.<\/span><\/p>\n<p style=\"text-align:justify\"><span style=\"font-size: 16px;font-family: arial, helvetica, sans-serif\">Die Produktionszeit ist einstellbar. <\/span><\/p>\n<p style=\"text-align:justify\"><span style=\"font-size: 16px;font-family: arial, helvetica, sans-serif\">Einfach zu bedienen.<\/span><\/p>\n<p style=\"text-align:justify\"><span style=\"font-size: 16px;font-family: arial, helvetica, sans-serif\"><\/span><\/p>\n<\/div>\n<\/div>\n<\/div>\n<\/div>\n<\/div>\n<div class=\"d-tem01-graphic tem01-graphic mockup\" data-detail=\"wrap\">\n<div class=\"cont-section clearfix d-clearfix\">\n<div class=\"col-md-6 col-sm-6 col-xs-6\">\n<div class=\"right-p\">\n<div class=\"h2 heading\">\n<p style=\"text-indent: 0;padding: 0;vertical-align: baseline\"><span style=\"letter-spacing: 0px;font-size: 20px;font-family: arial, helvetica, sans-serif\">1. Die Kunststoffabdeckung thromat Block ist sauber und hygienisch, mit hoher Abdichtung Grad, einfache Bedienung und sch\u00f6nes Aussehen.<\/span><\/p>\n<p style=\"text-indent: 0;padding: 0;vertical-align: baseline\"><span style=\"font-family: \u5b8b\u4f53;letter-spacing: 0px;font-size: 20px\"><br \/><\/span><\/p>\n<p style=\"text-indent: 0;padding: 0;vertical-align: baseline\"><span style=\"font-family: \u5b8b\u4f53;letter-spacing: 0px;font-size: 20px\"><br \/><\/span><\/p>\n<\/div>\n<\/div>\n<div class=\"graphic_pic animated wow bounceIn\" data-wow-delay=\".7s\">\n<p style=\"text-align:center\"><img loading=\"lazy\" decoding=\"async\" src=\"https:\/\/www.hommy.com\/wp-content\/uploads\/16009964333073.png\" alt=\"Produkt-HM18B Tisch-Hardeismaschine-Hommy-img\" title=\"\" width=\"350\" height=\"246\" border=\"0\" vspace=\"0\" style=\"width: 350px;height: 246px\"><\/p>\n<\/div>\n<\/div>\n<div class=\"col-md-6 col-sm-6 col-xs-6\">\n<div class=\"right-p\">\n<div class=\"h2 heading\">\n<p style=\"text-indent: 0;padding: 0;vertical-align: baseline\"><span style=\"letter-spacing: 0px;font-size: 20px;font-family: arial, helvetica, sans-serif\"><span style=\"letter-spacing: 0px;font-size: 20px\">2.&nbsp;<\/span>Das Bedienfeld zeigt deutlich den Fortschritt der Produktion an, und die Zeit f\u00fcr jede Produktion kann eingestellt werden.<\/span><\/p>\n<p style=\"text-indent: 0;padding: 0;vertical-align: baseline\"><span style=\"letter-spacing: 0px;font-size: 20px;font-family: arial, helvetica, sans-serif\"><br \/><\/span><\/p>\n<p style=\"text-indent: 0;padding: 0;vertical-align: baseline\"><span style=\"letter-spacing: 0px;font-size: 20px;font-family: arial, helvetica, sans-serif\"><br \/><\/span><\/p>\n<p style=\"text-indent: 0;padding: 0;vertical-align: baseline\"><span style=\"letter-spacing: 0px;font-size: 20px;font-family: arial, helvetica, sans-serif\"><br \/><\/span><\/p>\n<\/div>\n<\/div>\n<div class=\"graphic_pic animated wow bounceIn\" data-wow-delay=\".7s\">\n<p style=\"text-align:center\"><img loading=\"lazy\" decoding=\"async\" src=\"https:\/\/www.hommy.com\/wp-content\/uploads\/16009974133673.jpg\" alt=\"product-Hommy-img\" title=\"\" width=\"250\" height=\"500\" border=\"0\" vspace=\"0\" style=\"width: 250px;height: 500px\"><\/p>\n<\/div>\n<\/div>\n<\/div>\n<\/div>\n<p>Dokument\uff1a<img decoding=\"async\" src=\"https:\/\/www.hommy.com\/wp-content\/uploads\/icon_pdf-48.gif\" style=\"margin-right: 2px\" alt=\"product-Hommy-img\" title=\"\"><a href=\"https:\/\/img80002414.weyesimg.com\/uploads\/www.hommy.com\/addon\/16026603438776.pdf\" title=\"16026603438776.pdf\" style=\"font-size: 12px\">16026603438776.pdf<\/a><\/p>\n<div>\n<div>\n<h2 class=\"otl-heading\" style=\"text-indent: 0em;padding-left: 0em\"><\/h2>\n<\/div>\n<h2>Warum wird das Eis in meinem Gefrierschrank weich?<\/h2>\n<p>Speiseeis wird im Gefrierschrank durch die Temperaturver\u00e4nderung weich. Wenn die Temperatur des Speiseeises unter den Gefrierpunkt f\u00e4llt, werden die Eiskristalle weicher und das Eis schmilzt schneller. Je mehr es schmilzt, desto mehr Fl\u00fcssigkeit nimmt es auf. Wenn die Temperatur unter den Gefrierpunkt sinkt, nimmt das Eis Fl\u00fcssigkeit aus der Umgebungsluft auf. Dadurch wird das Eis weicher und schmilzt schneller.<\/p>\n<p><\/p>\n<h2>Wie hei\u00dft das Eis in Frankreich?<\/h2>\n<p>Eiscreme ist eine Art gefrorenes Dessert aus Sahne und Milch oder Sahne und anderen Zutaten. Speiseeis wird aus Sahne und Milch sowie anderen Zutaten wie Zucker und anderen Zusatzstoffen hergestellt, zu denen auch Fr\u00fcchte, N\u00fcsse oder Schokolade geh\u00f6ren k\u00f6nnen.In Frankreich wird Speiseeis als Glace bezeichnet. Auch in vielen anderen L\u00e4ndern wird Glace f\u00fcr gefrorene Desserts aus Milch, Sahne oder beidem verwendet. Im Englischen ist der Begriff ice cream gebr\u00e4uchlicher.<\/p>\n<p><\/p>\n<h2>Wie nennen die Italiener Gelato?<\/h2>\n<p>Gelato ist das italienische Wort f\u00fcr Eiscreme. (Der italienische Name f\u00fcr einen kleinen Laden, der Eiscreme verkauft, ist eigentlich \"gelateria\"). Das Wort f\u00fcr Eiscreme ist nat\u00fcrlich \"gelato\". Es gibt einen Unterschied in der Schreibweise des italienischen \"a\". Der italienische Laut f\u00fcr \"a\" ist ein \"kurzes\" a, das wie das a in dem englischen Wort \"father\" klingt.<\/p>\n<\/div>\n<\/div><\/div>","protected":false},"excerpt":{"rendered":"<p>Table top Gelato Freezer|Product specification|Product Features|Product Advantage&nbsp; We are the leaders in providing high-end ice cream equipment and are engaged in manufacturing Ice Cream Machines from the most reliable raw material, which is sourced from the most popular manufacturers of the market. In order to satisfy the varied requirements of our clients, we keep ourselves [&hellip;]<\/p>\n","protected":false},"featured_media":1936,"comment_status":"open","ping_status":"open","template":"","meta":{"_swt_meta_header_display":false,"_swt_meta_footer_display":false,"_swt_meta_site_title_display":false,"_swt_meta_sticky_header":false,"_swt_meta_transparent_header":false},"product_brand":[],"product_cat":[82],"product_tag":[],"class_list":{"0":"post-788","1":"product","2":"type-product","3":"status-publish","4":"has-post-thumbnail","6":"product_cat-hard-ice-cream-machine","8":"first","9":"instock","10":"shipping-taxable","11":"product-type-simple"},"_links":{"self":[{"href":"https:\/\/www.hommy.com\/de\/wp-json\/wp\/v2\/product\/788","targetHints":{"allow":["GET"]}}],"collection":[{"href":"https:\/\/www.hommy.com\/de\/wp-json\/wp\/v2\/product"}],"about":[{"href":"https:\/\/www.hommy.com\/de\/wp-json\/wp\/v2\/types\/product"}],"replies":[{"embeddable":true,"href":"https:\/\/www.hommy.com\/de\/wp-json\/wp\/v2\/comments?post=788"}],"wp:featuredmedia":[{"embeddable":true,"href":"https:\/\/www.hommy.com\/de\/wp-json\/wp\/v2\/media\/1936"}],"wp:attachment":[{"href":"https:\/\/www.hommy.com\/de\/wp-json\/wp\/v2\/media?parent=788"}],"wp:term":[{"taxonomy":"product_brand","embeddable":true,"href":"https:\/\/www.hommy.com\/de\/wp-json\/wp\/v2\/product_brand?post=788"},{"taxonomy":"product_cat","embeddable":true,"href":"https:\/\/www.hommy.com\/de\/wp-json\/wp\/v2\/product_cat?post=788"},{"taxonomy":"product_tag","embeddable":true,"href":"https:\/\/www.hommy.com\/de\/wp-json\/wp\/v2\/product_tag?post=788"}],"curies":[{"name":"wp","href":"https:\/\/api.w.org\/{rel}","templated":true}]}}