{"id":782,"date":"2024-07-02T16:13:47","date_gmt":"2024-07-02T16:13:47","guid":{"rendered":"http:\/\/localhost\/hommywp\/hm38-best-sale-tecumseh-compressor-italy-gelato-maker-factory-cost\/"},"modified":"2025-08-01T09:57:42","modified_gmt":"2025-08-01T09:57:42","slug":"hm38-gelato-maker","status":"publish","type":"product","link":"https:\/\/www.hommy.com\/de\/p\/hm38-gelato-maker\/","title":{"rendered":"Hm38 Bester Verkauf Tecumseh Kompressor Italien Gelato Maker Fabrik Kosten"},"content":{"rendered":"<div>\n<p>&nbsp;&nbsp;&nbsp;&nbsp;<\/p>\n<p style=\"text-align: center\"><\/p>\n<h2 style=\"text-align: center\"><span style=\"font-family: arial, helvetica, sans-serif\"><strong><span style=\"letter-spacing: 0px;font-size: 29px\"><a name=\"Gelato Maker\"><\/a>Gelato-Macher<\/span><\/strong><\/span><\/h2>\n<p style=\"text-align: center\"><a href=\"#Gelato Maker\" target=\"_self\" data-lv=\"0\" rel=\"noopener\"><span style=\"font-family: arial, helvetica, sans-serif;font-size: 16px\"><span style=\"font-family: arial, helvetica, sans-serif;letter-spacing: 0px\">Gelato-Macher<\/span><\/span><\/a><span style=\"font-family: arial, helvetica, sans-serif;font-size: 16px\"><span style=\"font-family: arial, helvetica, sans-serif;letter-spacing: 0px\">|<a href=\"#Product specification\" target=\"_self\" data-lv=\"0\" rel=\"noopener\">Produktspezifikation<\/a>|<a href=\"#Product Features\" target=\"_self\" data-lv=\"0\" rel=\"noopener\">Produktmerkmale<\/a>|<a href=\"#Product Advantage\" target=\"_self\" data-lv=\"0\" rel=\"noopener\">Produktvorteil<\/a><\/span><\/span><\/p>\n<p><\/p>\n<p style=\"text-align: center\">\n<p>Der Gelato Maker ist ein einfach zu bedienendes Ger\u00e4t, mit dem Sie Ihren eigenen Eisgeschmack kreieren k\u00f6nnen. Sie m\u00fcssen nicht zum Gelato-Laden gehen oder in der Schlange f\u00fcr ein Gelato warten, um Ihr eigenes Gelato zu machen. Mit dem Gelato Maker k\u00f6nnen Sie Ihren eigenen Eisgeschmack kreieren. Im Gelato Maker befindet sich ein kleiner Beh\u00e4lter Ihrer Wahl (es kann einfache Milch, jede Art von aromatisierter Milch, jede Art von aromatisiertem Saft, jede Art von aromatisierter Milch und\/oder jede andere Fl\u00fcssigkeit\/Sahne sein, die den gew\u00fcnschten Geschmack erzeugt) und ein Beh\u00e4lter, der jede andere Fl\u00fcssigkeit enth\u00e4lt, die Sie daf\u00fcr verwenden m\u00f6chten.<\/p>\n<p><span style=\"font-family: arial, helvetica, sans-serif;font-size: 24px;font-weight: 700\"><\/span><\/p>\n<h2 style=\"margin-bottom: 0px\"><span style=\"font-size: 24px\"><span style=\"font-weight: 700\"><span style=\"letter-spacing: 0px;font-family: arial, helvetica, sans-serif\"><a name=\"Product specification\"><\/a>Produktspezifikation\uff1a<\/span><\/span><\/span><\/h2>\n<p style=\"margin-bottom: 0px\"><span style=\"font-size: 24px\"><span style=\"font-weight: 700\"><span style=\"letter-spacing: 0px;font-family: arial, helvetica, sans-serif\"><br \/><\/span><\/span><\/span><\/p>\n<p style=\"margin-bottom: 0px\"><span style=\"font-size: 24px\"><span style=\"font-weight: 700\"><span style=\"letter-spacing: 0px;font-family: arial, helvetica, sans-serif\"><br \/><\/span><\/span><\/span><\/p>\n<p style=\"margin-bottom: 0px;text-align: center\"><img decoding=\"async\" src=\"https:\/\/www.hommy.com\/wp-content\/uploads\/16008297565343-2.png\" alt=\"product-Hommy-img\" title=\"\"><\/p>\n<p style=\"margin-bottom: 0px\"><\/p>\n<p style=\"margin-bottom: 0px\"><\/p>\n<p style=\"margin-bottom: 0px\"><span style=\"font-family: arial, helvetica, sans-serif;font-size: 24px;font-weight: 700\"><\/span><\/p>\n<div class=\"d-tem01-graphic tem01-graphic mockup\" data-detail=\"wrap\">\n<div class=\"cont-section clearfix d-clearfix\">\n<div class=\"col-md-6 col-sm-6 col-xs-6\"><\/p>\n<div class=\"graphic_pic animated wow bounceIn\" data-wow-delay=\".7s\">\n<p style=\"text-align:center\"><img decoding=\"async\" src=\"https:\/\/www.hommy.com\/wp-content\/uploads\/16008380342603.jpg\" alt=\"product-Hommy-img\" title=\"\"><\/p>\n<\/div>\n<\/div>\n<div class=\"col-md-6 col-sm-6 col-xs-6\">\n<div class=\"right-p\">\n<p><span style=\"font-family: arial, helvetica, sans-serif;font-size: 24px;font-weight: 700;text-align: justify\"><br \/><\/span><\/p>\n<p><span style=\"font-family: arial, helvetica, sans-serif;font-size: 24px;font-weight: 700;text-align: justify\"><br \/><\/span><\/p>\n<h2><span style=\"font-family: arial, helvetica, sans-serif;font-size: 24px;font-weight: 700;text-align: justify\"><a name=\"Product Features\"><\/a>Produktmerkmale:<\/span><\/h2>\n<div class=\"description\">\n<p style=\"text-indent: 0;padding: 0;vertical-align: baseline\"><span style=\"font-family: Calibri;letter-spacing: 0px;font-size: 19px\">\u25c6 Kompressoren der Weltmarke Tecumseh , funktionieren im eingeschwungenen Zustand.<\/span><\/p>\n<p style=\"text-indent: 0;padding: 0;vertical-align: baseline\"><span><span style=\"letter-spacing: 0px;font-family: Calibri;font-size: 19px\">\u25c6<\/span><span style=\"font-family: Calibri;letter-spacing: 0px;font-size: 19px\">&nbsp;Leistungsstarker Elektromotor, Leistung bis zu 5000W.<\/span><\/span><\/p>\n<p style=\"text-indent: 0;padding: 0;vertical-align: baseline\"><span><span style=\"letter-spacing: 0px;font-family: Calibri;font-size: 19px\">\u25c6<\/span><span style=\"font-family: Calibri;letter-spacing: 0px;font-size: 19px\">&nbsp;Frisches neues Design der doppelten Rillenscheibe, stabile Rotation, geringes Rauschen, geringe Vibration, kein Schlupf.  Die Lebensdauer des Riemens ist 75% l\u00e4nger als das alte Design.  Und die <a style=\"color:blue\" href=\"\/de\/\">Speiseeismaschine<\/a> Funktion ist weitaus stabiler als der nationale Standard.<\/span><\/span><\/p>\n<p style=\"text-indent: 0;padding: 0;vertical-align: baseline\"><span><span style=\"letter-spacing: 0px;font-family: Calibri;font-size: 19px\">\u25c6<\/span><span style=\"font-family: Calibri;letter-spacing: 0px;font-size: 19px\">&nbsp;Zuletzt anwenden <\/span><span style=\"font-family: \u5b8b\u4f53;letter-spacing: 0px;font-size: 19px\">Forschung<\/span><span style=\"font-family: Calibri;letter-spacing: 0px;font-size: 19px\">&nbsp;Leistung, verst\u00e4rken die Dicke der Schaumstoffschicht, bieten eine bessere Isolierung und sparen mehr Energie, h\u00e4lt das Eis in bestimmten Temperatur, <\/span><span style=\"font-family: \u5b8b\u4f53;letter-spacing: 0px;font-size: 19px\">pflegen.<\/span><span style=\"font-family: Calibri;letter-spacing: 0px;font-size: 19px\">&nbsp;den Originalgeschmack.<\/span><\/span><\/p>\n<p style=\"text-indent: 0;padding: 0;vertical-align: baseline\"><span><span style=\"letter-spacing: 0px;font-family: Calibri;font-size: 19px\">\u25c6&nbsp;<\/span><span style=\"font-family: Calibri;letter-spacing: 0px;font-size: 19px\">Der Verdampfer aus reinem Kupfer sorgt f\u00fcr eine schnellere W\u00e4rme\u00fcbertragung und verbessert die Effizienz.<\/span><\/span><\/p>\n<p style=\"text-indent: 0;padding: 0;vertical-align: baseline\"><span><span style=\"letter-spacing: 0px;font-family: Calibri;font-size: 19px\">\u25c6&nbsp;<\/span><span style=\"font-family: Calibri;letter-spacing: 0px;font-size: 19px\">Die gro\u00dfen L\u00fcfterbl\u00e4tter halten den L\u00e4rmpegel niedrig und sorgen gleichzeitig f\u00fcr eine ausreichende Luftmenge.<\/span><\/span><\/p>\n<p style=\"text-indent: 0;padding: 0;vertical-align: baseline\"><span><span style=\"letter-spacing: 0px;font-family: Calibri;font-size: 19px\">\u25c6&nbsp;<\/span><span style=\"font-family: Calibri;letter-spacing: 0px;font-size: 19px\">Modernstes Bediensystem, die Bedienung der Maschine auf einen Blick.<\/span><\/span><\/p>\n<\/div>\n<\/div>\n<p><span>&nbsp; &nbsp; &nbsp; &nbsp; &nbsp; &nbsp; &nbsp;<\/span><\/div>\n<\/div>\n<\/div>\n<p style=\"margin-bottom: 0px\"><span style=\"font-family: arial, helvetica, sans-serif;font-size: 24px;font-weight: 700\"><br \/><\/span><\/p>\n<h2 style=\"margin-bottom: 0px\"><span style=\"font-family: arial, helvetica, sans-serif;font-size: 24px;font-weight: 700\"><a name=\"Product Advantage\"><\/a>Produktvorteil:<\/span><\/h2>\n<div class=\"d-tem01-graphic tem01-graphic mockup\" data-detail=\"wrap\">\n<div class=\"cont-section clearfix d-clearfix\">\n<div class=\"col-md-6 col-sm-6 col-xs-6\">\n<div class=\"right-p\">\n<p><span style=\"letter-spacing: 0px;font-size: 20px;font-family: arial, helvetica, sans-serif\">1.&nbsp;<\/span><span style=\"font-family: arial, helvetica, sans-serif\"><span style=\"font-family: Calibri;letter-spacing: 0px;font-size: 20px\">Hochverschlei\u00dffester R\u00fchrstab, importiertes lebensmittelechtes Material, macht Schluss mit thermischer Ausdehnung und Kontraktion, reduziert den Leerraum im Schabzylinder, macht den Geschmack von Eiscreme zarter und geschmeidiger<\/span><span style=\"font-family: \u5b8b\u4f53;letter-spacing: 0px;font-size: 20px\">.<\/span><\/span><\/p>\n<p><span style=\"font-family: arial, helvetica, sans-serif\"><span style=\"font-family: \u5b8b\u4f53;letter-spacing: 0px;font-size: 20px\"><br \/><\/span><\/span><\/p>\n<p><span style=\"font-family: arial, helvetica, sans-serif\"><span style=\"font-family: \u5b8b\u4f53;letter-spacing: 0px;font-size: 20px\"><br \/><\/span><\/span><\/p>\n<\/div>\n<div class=\"graphic_pic animated wow bounceIn\" data-wow-delay=\".7s\">\n<p style=\"text-align:center\"><img loading=\"lazy\" decoding=\"async\" src=\"https:\/\/www.hommy.com\/wp-content\/uploads\/16008387863584.png\" alt=\"Produkt-Hommy-HM38 Gelato-Maschine-img\" title=\"\" width=\"330\" height=\"362\" border=\"0\" vspace=\"0\" style=\"width: 330px;height: 362px\"><\/p>\n<\/div>\n<\/div>\n<div class=\"col-md-6 col-sm-6 col-xs-6\">\n<div class=\"right-p\">\n<p><span style=\"font-family: arial, helvetica, sans-serif;font-size: 20px\">2. der Edelstahl-Thermoblock ist sauber und hygienisch, mit hohem Dichtungsgrad, einfacher Bedienung und sch\u00f6nem Aussehen.<\/span><\/p>\n<p><span style=\"font-family: arial, helvetica, sans-serif;font-size: 20px\"><br \/><\/span><\/p>\n<p><span style=\"font-family: arial, helvetica, sans-serif;font-size: 20px\"><br \/><\/span><\/p>\n<\/div>\n<div class=\"graphic_pic animated wow bounceIn\" data-wow-delay=\".7s\">\n<p style=\"text-align:center\"><img loading=\"lazy\" decoding=\"async\" src=\"https:\/\/www.hommy.com\/wp-content\/uploads\/16008388628220.png\" alt=\"product-Hommy-img\" title=\"\" width=\"350\" height=\"279\" border=\"0\" vspace=\"0\" style=\"width: 350px;height: 279px\"><\/p>\n<\/div>\n<\/div>\n<\/div>\n<\/div>\n<div class=\"d-tem01-graphic tem01-graphic mockup\" data-detail=\"wrap\">\n<div class=\"cont-section clearfix d-clearfix\">\n<div class=\"col-md-6 col-sm-6 col-xs-6\">\n<div class=\"right-p\">\n<div class=\"h2 heading\"><span style=\"font-family: arial, helvetica, sans-serif;font-size: 20px\">3. Das Bedienfeld zeigt deutlich den Fortschritt der Produktion, und die Zeit f\u00fcr jede Produktion kann eingestellt werden.<\/span><\/div>\n<\/div>\n<div class=\"graphic_pic animated wow bounceIn\" data-wow-delay=\".7s\">\n<p style=\"text-align:center\"><img decoding=\"async\" src=\"https:\/\/www.hommy.com\/wp-content\/uploads\/16008389169004.png\" alt=\"product-Hommy-img\" title=\"\"><\/p>\n<\/div>\n<\/div>\n<p>&nbsp; &nbsp; &nbsp; &nbsp; &nbsp; &nbsp;<\/div>\n<\/div>\n<p>Dokument\uff1a<img decoding=\"async\" src=\"https:\/\/www.hommy.com\/wp-content\/uploads\/icon_pdf-47.gif\" style=\"margin-right: 2px\" alt=\"Produkt-HM38 Gelato-Maschine-Hommy-img\" title=\"\"><a href=\"https:\/\/img80002414.weyesimg.com\/uploads\/www.hommy.com\/addon\/16027245511513.pdf\" title=\"16027245511513.pdf\" style=\"font-size: 12px\">16027245511513.pdf<\/a><\/p>\n<h2 style=\"font-family: sans-serif\">Was ist die <a style=\"color:blue\" href=\"https:\/\/www.hommy.com\/de\/harteiscreme-maschine\/\">Gelato-Maschine<\/a> angerufen?<\/h2>\n<p style=\"margin-top: 5px;margin-bottom: 5px;font-family: sans-serif;font-size: 16px\"><\/p>\n<p style=\"margin-top: 5px;margin-bottom: 5px;font-family: sans-serif;font-size: 16px\">Ein Gelatore ist die kleine Maschine, mit der man Gelato und gelatineartige Milchshakes herstellt. Sie bekommt nicht so viel Presse wie eine Gelatine-Maschine, denn wenn man kein tolles Gelato machen kann, ist manchmal eine Milchshake-Maschine das N\u00e4chstbeste. Aber wenn man Gelato auf die richtige Weise zubereitet, braucht man keine Gelatine-Maschine.<\/p>\n<p style=\"margin-top: 5px;margin-bottom: 5px;font-family: sans-serif;font-size: 16px\"><\/p>\n<p style=\"margin-top: 5px;margin-bottom: 5px;font-family: sans-serif;font-size: 16px\">Servieren Sie aktuelle Milch. Dies ist nur eine Umschreibung daf\u00fcr, dass sich die Milch im Laufe der Zeit ver\u00e4ndert hat. Der aktuelle Standard f\u00fcr Milch ist die Ultrahochpasteurisierung oder UHT. Die eigentliche Frage ist jedoch, ob die Milch ultrahochpasteurisiert wurde, bevor sie homogenisiert und dann verpackt und an eine Verkaufsstelle geliefert wurde. Die Antwort lautet nein. Zumindest nicht, wenn<\/p>\n<p style=\"margin-top: 5px;margin-bottom: 5px;font-family: sans-serif;font-size: 16px\"><\/p>\n<h2 style=\"font-family: sans-serif\">Muss Gelato gefroren werden?<\/h2>\n<p style=\"margin-top: 5px;margin-bottom: 5px;font-family: sans-serif;font-size: 16px\"><\/p>\n<p style=\"margin-top: 5px;margin-bottom: 5px;font-family: sans-serif;font-size: 16px\">Ja. Gelato schmeckt am besten bei einer Temperatur von etwa 35 \u00baC, kann aber auch etwas w\u00e4rmer serviert werden (bis 60 \u00baC oder 140 \u00baF). Im Sommer sollte das Gelato gek\u00fchlt und deutlich unter dem Gefrierpunkt serviert werden.<\/p>\n<p style=\"margin-top: 5px;margin-bottom: 5px;font-family: sans-serif;font-size: 16px\"><\/p>\n<p style=\"margin-top: 5px;margin-bottom: 5px;font-family: sans-serif;font-size: 16px\">gelato wurde traditionell im Sommer gegessen, aber jetzt erlebt das Speiseeis im Mittelmeerraum ein gro\u00dfes Revival. In einigen L\u00e4ndern, vor allem in Norditalien, gibt es immer noch Eisdielen wie vor ein paar Jahrzehnten.<\/p>\n<p style=\"margin-top: 5px;margin-bottom: 5px;font-family: sans-serif;font-size: 16px\"><\/p>\n<p style=\"margin-top: 5px;margin-bottom: 5px;font-family: sans-serif;font-size: 16px\"><\/p>\n<h2 style=\"font-family: sans-serif\">Was macht Gelato dehnbar?<\/h2>\n<p style=\"margin-top: 5px;margin-bottom: 5px;font-family: sans-serif;font-size: 16px\"><\/p>\n<p style=\"margin-top: 5px;margin-bottom: 5px;font-family: sans-serif;font-size: 16px\">Das Gelato ist nicht dehnbar, sondern flie\u00dft wie Sahne, kann aber trotzdem verwendet werden, da es f\u00fcr den einmaligen Verzehr gedacht ist und sich bei Zimmertemperatur nach einigen Tagen ausdehnt.Wenn Sie das Gelato l\u00e4nger als eine Woche aufbewahren, sollten Sie es gut einpacken (Sie k\u00f6nnen auch einen Gefrierbeutel verwenden).Wenn das Gelato seine Form nicht h\u00e4lt, k\u00f6nnen Sie etwas Sahne oder Schlagsahne hinzuf\u00fcgen, um es wieder dehnbar zu machen.Dies ist das Ergebnis eines h\u00f6heren Wasseranteils im Gelato im Vergleich zu Eiscreme.<\/p>\n<\/div><\/div>","protected":false},"excerpt":{"rendered":"<p>&nbsp;&nbsp;&nbsp;&nbsp; Gelato Maker Gelato Maker|Product specification|Product Features|Product Advantage The Gelato Maker is an easy to use tool that will allow you to create your own flavor gelato. You do not have to go to the gelato shop or wait in line for a gelato to make your own gelato. The Gelato Maker will allow you [&hellip;]<\/p>\n","protected":false},"featured_media":1935,"comment_status":"open","ping_status":"open","template":"","meta":{"_swt_meta_header_display":false,"_swt_meta_footer_display":false,"_swt_meta_site_title_display":false,"_swt_meta_sticky_header":false,"_swt_meta_transparent_header":false},"product_brand":[],"product_cat":[82],"product_tag":[],"class_list":{"0":"post-782","1":"product","2":"type-product","3":"status-publish","4":"has-post-thumbnail","6":"product_cat-hard-ice-cream-machine","8":"first","9":"instock","10":"shipping-taxable","11":"product-type-simple"},"_links":{"self":[{"href":"https:\/\/www.hommy.com\/de\/wp-json\/wp\/v2\/product\/782","targetHints":{"allow":["GET"]}}],"collection":[{"href":"https:\/\/www.hommy.com\/de\/wp-json\/wp\/v2\/product"}],"about":[{"href":"https:\/\/www.hommy.com\/de\/wp-json\/wp\/v2\/types\/product"}],"replies":[{"embeddable":true,"href":"https:\/\/www.hommy.com\/de\/wp-json\/wp\/v2\/comments?post=782"}],"wp:featuredmedia":[{"embeddable":true,"href":"https:\/\/www.hommy.com\/de\/wp-json\/wp\/v2\/media\/1935"}],"wp:attachment":[{"href":"https:\/\/www.hommy.com\/de\/wp-json\/wp\/v2\/media?parent=782"}],"wp:term":[{"taxonomy":"product_brand","embeddable":true,"href":"https:\/\/www.hommy.com\/de\/wp-json\/wp\/v2\/product_brand?post=782"},{"taxonomy":"product_cat","embeddable":true,"href":"https:\/\/www.hommy.com\/de\/wp-json\/wp\/v2\/product_cat?post=782"},{"taxonomy":"product_tag","embeddable":true,"href":"https:\/\/www.hommy.com\/de\/wp-json\/wp\/v2\/product_tag?post=782"}],"curies":[{"name":"wp","href":"https:\/\/api.w.org\/{rel}","templated":true}]}}