{"id":775,"date":"2024-07-02T16:03:57","date_gmt":"2024-07-02T16:03:57","guid":{"rendered":"http:\/\/localhost\/hommywp\/commercial-big-fan-blades-gelato-maker-hard-ice-cream-maker\/"},"modified":"2025-08-01T09:57:42","modified_gmt":"2025-08-01T09:57:42","slug":"maschine-zur-herstellung-von-brotchen-kommerzielle-harteis-maschine","status":"publish","type":"product","link":"https:\/\/www.hommy.com\/de\/p\/maschine-zur-herstellung-von-brotchen-kommerzielle-harteis-maschine\/","title":{"rendered":"Kommerzielle Gelato-Maschine mit gro\u00dfen Ventilatorbl\u00e4ttern, Harteis-Maschine"},"content":{"rendered":"<div>\n<p>&nbsp;<\/p>\n<h2 style=\"text-align: center\"><strong><span style=\"font-family: arial, helvetica, sans-serif;font-size: 24px\"><a name=\"Hard ice cream making machine\/Gelato maker\"><\/a>Harteis-Maschine\/Gelato-Maschine<\/span><\/strong><\/h2>\n<p style=\"text-align: center\"><span style=\"font-size: 16px;font-family: arial, helvetica, sans-serif\">&nbsp;<a href=\"#Hard ice cream making machine\/Gelato maker\" target=\"_self\" data-lv=\"0\" rel=\"noopener\">Harteis-Maschine\/Gelato-Maschine<\/a>|<a href=\"#PRODUCT FEATURES\" target=\"_self\" data-lv=\"0\" rel=\"noopener\">PRODUKTMERKMALE<\/a>|<a href=\"#Hard Ice Cream Making Machine\" target=\"_self\" data-lv=\"0\" rel=\"noopener\">Harteis-Maschine<\/a>|<a href=\"#PRODUCT SPECIFICATION\" target=\"_self\" data-lv=\"0\" rel=\"noopener\">PRODUKTSPEZIFIKATION<\/a>|<a href=\"#PRODUCT ADVANTAGE\" target=\"_self\" data-lv=\"0\" rel=\"noopener\">PRODUKTVORTEIL<\/a><\/span><\/p>\n<p style=\"text-align: center\"><video src=\"https:\/\/img80002414.weyesimg.com\/uploads\/wij2rdgc.allweyes.com\/video\/15553982036329.mp4\" preload=\"none\" controls=\"\" poster=\"https:\/\/img80002414.weyesimg.com\/uploads\/wij2rdgc.allweyes.com\/images\/15553981902577.jpg\" data-setup=\"{}\" width=\"900\" height=\"640\"><\/video><\/p>\n<p>&nbsp;Wir freuen uns, unseren Kunden den Gelato Maker anbieten zu k\u00f6nnen. Es ist eine Maschine f\u00fcr die Herstellung von Gelato in verschiedenen Geschmacksrichtungen wie Mango, Vanille, Erdbeere, etc. Sie ist auf der ganzen Welt sehr beliebt. Mit ihm k\u00f6nnen Sie ganz einfach Gelato herstellen, das perfekt zu jedem Anlass passt. Sie ist eine erschwingliche Alternative zu den teureren Maschinen und ist einfach zu bedienen.<\/p>\n<div class=\"text-left d-tem09-title d-interval\" data-detail=\"wrap\">\n<div class=\"title-header\">\n<h2><strong><span style=\"font-family: arial, helvetica, sans-serif;font-size: 24px\"><a name=\"PRODUCT FEATURES\"><\/a>PRODUKTMERKMALE<\/span><\/strong><\/h2>\n<div class=\"subtitle\"><span>Das Werk von Hommy erstreckt sich \u00fcber eine Fl\u00e4che von 30500 Quadratmetern in der Stadt Xinhui Jiangmen und umfasst flexible Produktionslinien, ein Forschungs- und Entwicklungslabor, ein Schulungszentrum und eine mit modernsten Ger\u00e4ten ausgestattete Werkstatt.<\/span><\/div>\n<\/div>\n<\/div>\n<p>&nbsp;<\/p>\n<div class=\"d-tem11-graphic tem11-graphic mockup\" data-detail=\"wrap\">\n<div class=\"tab_row\">\n<div class=\"img\" style=\"width: 50%\"><img decoding=\"async\" title=\"\" alt=\"product-Hommy-img\" src=\"https:\/\/www.hommy.com\/wp-content\/uploads\/15553985425937.jpg\"><\/div>\n<div class=\"text_box\" style=\"width: 50%\">\n<div class=\"txt\">\n<div class=\"title\">\n<h2>&nbsp;<strong><span style=\"font-family: arial, helvetica, sans-serif;font-size: 24px\"><a name=\"Hard Ice Cream Making Machine\"><\/a>Harteis-Maschine<\/span><\/strong><\/h2>\n<\/div>\n<p>&nbsp;<\/p>\n<p style=\"line-height: 1.5em\">Die Kompressoren der Weltmarke Tecumseh funktionieren im eingeschwungenen Zustand.<br \/>Starker Elektromotor, Leistung bis zu 5000W.<br \/>Frisches neues Design der doppelten Rillenscheibe, stabile Rotation, geringes Rauschen, geringe Vibration, kein Schlupf. Die Lebensdauer des Riemens ist 75% l\u00e4nger als das alte Design.  Und die <a style=\"color:blue\" href=\"\/de\/\">Speiseeismaschine<\/a> Funktion ist weitaus stabiler als der nationale Standard.<br \/>Durch die Anwendung neuester Forschungsergebnisse wird die Dicke der Schaumstoffschicht verst\u00e4rkt, eine bessere Isolierung erreicht und mehr Energie gespart, das Eis wird auf einer bestimmten Temperatur gehalten und der urspr\u00fcngliche Geschmack bleibt erhalten.<br \/>Der Verdampfer aus reinem Kupfer sorgt f\u00fcr eine schnellere W\u00e4rme\u00fcbertragung und verbessert die Effizienz.<br \/>Die gro\u00dfen L\u00fcfterbl\u00e4tter halten den L\u00e4rmpegel niedrig und sorgen gleichzeitig f\u00fcr eine ausreichende Luftmenge.<br \/>Modernstes Bediensystem, die Bedienung der Maschine auf einen Blick.<\/p>\n<p>&nbsp;<\/p>\n<\/div>\n<\/div>\n<\/div>\n<\/div>\n<p>&nbsp;<\/p>\n<div class=\"text-left d-tem09-title d-interval\" data-detail=\"wrap\">\n<div class=\"title-header\">\n<h2><strong><span style=\"font-size: 24px;font-family: arial, helvetica, sans-serif\"><a name=\"PRODUCT SPECIFICATION\"><\/a>PRODUKTSPEZIFIKATION<\/span><\/strong><\/h2>\n<div class=\"subtitle\"><span>Hervorragende Kundenerfahrungen sind der Ausgangspunkt von Hommy.<\/span><\/div>\n<\/div>\n<\/div>\n<p>&nbsp;<\/p>\n<div class=\"table-responsive\">\n<table class=\"table table-bordered table-hover\">\n<tbody>\n<tr class=\"firstRow\">\n<td rowspan=\"2\" width=\"71\" valign=\"center\">\n<p style=\"text-align:center\">Artikel Nr.<\/p>\n<\/td>\n<td rowspan=\"2\" width=\"138\" valign=\"center\">\n<p style=\"text-align:center\">Touchscreen-Steuerung<\/p>\n<\/td>\n<td rowspan=\"2\" width=\"71\" valign=\"center\">\n<p style=\"text-align:center\">Produktionskapazit\u00e4t<\/p>\n<\/td>\n<td rowspan=\"2\" width=\"82\" valign=\"center\">\n<p style=\"text-align:center\">Fassungsverm\u00f6gen des Zylinders<\/p>\n<\/td>\n<td rowspan=\"2\" width=\"92\" valign=\"center\">\n<p style=\"text-align:center\">Stromversorgung<\/p>\n<\/td>\n<td colspan=\"2\" width=\"144\" valign=\"center\">\n<p style=\"text-align:center\">K\u00e4ltesystem<\/p>\n<\/td>\n<td colspan=\"3\" width=\"216\" valign=\"center\">\n<p style=\"text-align:center\">Netto. Abmessung(mm)<\/p>\n<\/td>\n<td rowspan=\"2\" width=\"72\" valign=\"center\">\n<p style=\"text-align:center\">N.W(kg)<\/p>\n<\/td>\n<\/tr>\n<tr>\n<td width=\"72\" valign=\"center\">\n<p style=\"text-align:center\">Gefrieren<\/p>\n<\/td>\n<td width=\"72\" valign=\"center\">\n<p style=\"text-align:center\">K\u00fchlungskondensator<\/p>\n<\/td>\n<td width=\"72\" valign=\"center\">\n<p style=\"text-align:center\">Breite<\/p>\n<\/td>\n<td width=\"72\" valign=\"center\">\n<p style=\"text-align:center\">Tiefe<\/p>\n<\/td>\n<td width=\"72\" valign=\"center\">\n<p style=\"text-align:center\">H\u00f6he<\/p>\n<\/td>\n<\/tr>\n<tr>\n<td rowspan=\"2\" width=\"71\" valign=\"center\">\n<p style=\"text-align:center\">HM28S<\/p>\n<\/td>\n<td rowspan=\"2\" width=\"138\" valign=\"center\">\n<p style=\"text-align:center\">Elektronisches Bedienfeld<\/p>\n<\/td>\n<td rowspan=\"2\" width=\"71\" valign=\"center\">\n<p style=\"text-align:center\">80L\/H<\/p>\n<\/td>\n<td rowspan=\"2\" width=\"82\" valign=\"center\">\n<p style=\"text-align:center\">15L<\/p>\n<\/td>\n<td width=\"92\" valign=\"center\">\n<p style=\"text-align:center\">220~380V<\/p>\n<\/td>\n<td rowspan=\"2\" width=\"72\" valign=\"center\">\n<p style=\"text-align:center\">R404A<\/p>\n<\/td>\n<td rowspan=\"2\" width=\"72\" valign=\"center\">\n<p style=\"text-align:center\">Luft\/Wasser<\/p>\n<\/td>\n<td rowspan=\"2\" width=\"72\" valign=\"center\">\n<p style=\"text-align:center\">550<\/p>\n<\/td>\n<td rowspan=\"2\" width=\"72\" valign=\"center\">\n<p style=\"text-align:center\">700<\/p>\n<\/td>\n<td rowspan=\"2\" width=\"72\" valign=\"center\">\n<p style=\"text-align:center\">1420<\/p>\n<\/td>\n<td rowspan=\"2\" width=\"72\" valign=\"center\">\n<p style=\"text-align:center\">186<\/p>\n<\/td>\n<\/tr>\n<tr>\n<td width=\"92\" valign=\"center\">\n<p style=\"text-align:center\">50HZ\/60HZ<\/p>\n<\/td>\n<\/tr>\n<\/tbody>\n<\/table>\n<\/div>\n<p>&nbsp;<\/p>\n<div class=\"text-left d-tem09-title d-interval\" data-detail=\"wrap\">\n<div class=\"title-header\">\n<h2><strong><span style=\"font-size: 24px;font-family: arial, helvetica, sans-serif\"><a name=\"PRODUCT ADVANTAGE\"><\/a>PRODUKTVORTEIL<\/span><\/strong><\/h2>\n<p><span>Au\u00dferdem tragen hochqualifizierte Ingenieure, f\u00e4hige Technologen und sachkundiges Personal viel zur Entwicklung des Unternehmens bei.<\/span><\/p>\n<p><span><img loading=\"lazy\" decoding=\"async\" title=\"\" alt=\"product-Hommy-img\" src=\"https:\/\/www.hommy.com\/wp-content\/uploads\/15553986958665.jpg\" style=\"font-size: 0px;width: 300px;height: 600px\" width=\"300\" height=\"600\" border=\"0\" vspace=\"0\"><\/span><\/p>\n<\/div>\n<\/div>\n<p><span style=\"text-align: center\">1. Voll Edelstahl K\u00f6rper, f\u00fcr lange Lebensdauer verwenden, und luxuri\u00f6s aussehen.<\/span><\/p>\n<p><img loading=\"lazy\" decoding=\"async\" title=\"\" alt=\"product-Hommy-img\" src=\"https:\/\/www.hommy.com\/wp-content\/uploads\/15553987016618.jpg\" style=\"font-size: 0px;width: 200px;height: 600px\" width=\"200\" height=\"600\" border=\"0\" vspace=\"0\"><\/p>\n<p><span style=\"text-align: center\">2. hoch verschlei\u00dffeste R\u00fchrstab, importiert Lebensmittelqualit\u00e4t Material, ein Ende zu setzen thermische Ausdehnung und Kontraktion, reduzieren Schaben Zylinder leer, machen Eis Geschmack mehr zart und glatt.<\/span><\/p>\n<p><br style=\"text-align: center\" \/><span style=\"text-align: center\">3.ingredient Input Mouth.Put die proportionale Mischung aus Eis-Pulver und Wasser in den Zutaten Topf, beachten Sie, dass das Gesamtvolumen der Aufschl\u00e4mmung kann nicht die MAX-Ebene des Topfes \u00fcberschreiten.<\/span><\/p>\n<p><\/p>\n<p><span style=\"text-align: center\"><br \/><\/span><\/p>\n<p><span style=\"text-align: center\"><br \/><\/span><\/p>\n<p><span style=\"text-align: center\">Dokument:<\/span><img decoding=\"async\" src=\"https:\/\/www.hommy.com\/wp-content\/uploads\/icon_pdf-46.gif\" style=\"margin-right: 2px\" alt=\"Produkt-Gelato-MaschineGewerbliche Harteis-Maschine-Hommy-img\" title=\"\"><a href=\"https:\/\/img80002414.weyesimg.com\/uploads\/www.hommy.com\/addon\/16028363831459.pdf\" title=\"16028363831459.pdf\" style=\"font-size: 12px\">16028363831459.pdf<\/a><\/p>\n<p><span style=\"text-align: center\"><\/span><\/p>\n<h2>Wie viel kostet ein <a style=\"color:blue\" href=\"https:\/\/www.hommy.com\/de\/harteiscreme-maschine\/\">Harteiscreme-Maschine<\/a>?<\/h2>\n<p style=\"margin-top: 5px;margin-bottom: 5px\"><\/p>\n<p style=\"margin-top: 5px;margin-bottom: 5px\">Die Eismaschine ist der wichtigste Teil einer Eisdiele. Wenn Sie eine neue Eismaschine kaufen, m\u00fcssen Sie sicherstellen, dass Sie die richtige Maschine f\u00fcr Ihr Unternehmen kaufen. Wir sagen Ihnen genau, was eine Eismaschine kostet und worauf Sie beim Kauf achten sollten.<\/p>\n<p style=\"margin-top: 5px;margin-bottom: 5px\"><\/p>\n<p style=\"margin-top: 5px;margin-bottom: 5px\">Wie bei vielen anderen Dingen im Leben gibt es auch beim Kauf von Speiseeismaschinen eine gro\u00dfe Preisspanne. Das h\u00e4ngt von der Art der Maschine, der Marke und den gew\u00fcnschten Funktionen ab.<\/p>\n<p style=\"margin-top: 5px;margin-bottom: 5px\"><\/p>\n<h2>Wie macht man Harteis?<\/h2>\n<p style=\"margin-top: 5px;margin-bottom: 5px\"><\/p>\n<p style=\"margin-top: 5px;margin-bottom: 5px\">Ich suche nach einer M\u00f6glichkeit, hartes Eis herzustellen, das nicht viel Energie erfordert. Ich habe einen Vakuumk\u00fchler und eine Abf\u00fcllmaschine, so dass ich mit dem Eis nichts zu tun haben muss. Ich w\u00fcrde gerne eine Packung Milch nehmen und ein Eis herstellen. Ich suche auch nach einer Methode, die die Textur nicht ver\u00e4ndert.<\/p>\n<p style=\"margin-top: 5px;margin-bottom: 5px\"><\/p>\n<p style=\"margin-top: 5px;margin-bottom: 5px\">Gibt es so etwas wie Eiscreme mit harter Konsistenz? Ich habe vor ein paar Monaten Eiscreme mit fester Konsistenz probiert, und es war wirklich ziemlich erstaunlich. Ich hatte keine Ahnung, wie schwierig es zu machen ist.<\/p>\n<p style=\"margin-top: 5px;margin-bottom: 5px\"><\/p>\n<p style=\"margin-top: 5px;margin-bottom: 5px\">Wenn ich sage \"hart serviert\", meine ich, dass man das Eis mit dem Stiel treffen muss. Nicht den Stiel des Eises. Sondern mit dem Stiel der Schaufel.<\/p>\n<\/div><\/div>","protected":false},"excerpt":{"rendered":"<p>&nbsp; Hard ice cream making machine\/Gelato maker &nbsp;Hard ice cream making machine\/Gelato maker|PRODUCT FEATURES|Hard Ice Cream Making Machine|PRODUCT SPECIFICATION|PRODUCT ADVANTAGE &nbsp;We are excited to offer Gelato Maker to our customers. It is a machine used for making gelato in different flavors like mango, vanilla, strawberry, etc. It is highly popular in all over the world. [&hellip;]<\/p>\n","protected":false},"featured_media":771,"comment_status":"open","ping_status":"open","template":"","meta":{"_swt_meta_header_display":false,"_swt_meta_footer_display":false,"_swt_meta_site_title_display":false,"_swt_meta_sticky_header":false,"_swt_meta_transparent_header":false},"product_brand":[],"product_cat":[82],"product_tag":[],"class_list":{"0":"post-775","1":"product","2":"type-product","3":"status-publish","4":"has-post-thumbnail","6":"product_cat-hard-ice-cream-machine","8":"first","9":"instock","10":"shipping-taxable","11":"product-type-simple"},"_links":{"self":[{"href":"https:\/\/www.hommy.com\/de\/wp-json\/wp\/v2\/product\/775","targetHints":{"allow":["GET"]}}],"collection":[{"href":"https:\/\/www.hommy.com\/de\/wp-json\/wp\/v2\/product"}],"about":[{"href":"https:\/\/www.hommy.com\/de\/wp-json\/wp\/v2\/types\/product"}],"replies":[{"embeddable":true,"href":"https:\/\/www.hommy.com\/de\/wp-json\/wp\/v2\/comments?post=775"}],"wp:featuredmedia":[{"embeddable":true,"href":"https:\/\/www.hommy.com\/de\/wp-json\/wp\/v2\/media\/771"}],"wp:attachment":[{"href":"https:\/\/www.hommy.com\/de\/wp-json\/wp\/v2\/media?parent=775"}],"wp:term":[{"taxonomy":"product_brand","embeddable":true,"href":"https:\/\/www.hommy.com\/de\/wp-json\/wp\/v2\/product_brand?post=775"},{"taxonomy":"product_cat","embeddable":true,"href":"https:\/\/www.hommy.com\/de\/wp-json\/wp\/v2\/product_cat?post=775"},{"taxonomy":"product_tag","embeddable":true,"href":"https:\/\/www.hommy.com\/de\/wp-json\/wp\/v2\/product_tag?post=775"}],"curies":[{"name":"wp","href":"https:\/\/api.w.org\/{rel}","templated":true}]}}