{"id":770,"date":"2024-07-02T16:03:54","date_gmt":"2024-07-02T16:03:54","guid":{"rendered":"http:\/\/localhost\/hommywp\/hm-ma-20-hard-ice-cream-pasteurization-machine-wholesale\/"},"modified":"2025-08-01T09:57:42","modified_gmt":"2025-08-01T09:57:42","slug":"hm-ma-20-maschine-zur-pasteurisierung-von-eis","status":"publish","type":"product","link":"https:\/\/www.hommy.com\/de\/p\/hm-ma-20-maschine-zur-pasteurisierung-von-eis\/","title":{"rendered":"Hm-Ma 20 Harteis Pasteurisierung Maschine Gro\u00dfhandel"},"content":{"rendered":"<div>\n<p><\/p>\n<p><\/p>\n<h2 style=\"text-align: center\"><strong><span style=\"font-family: arial, helvetica, sans-serif\"><span style=\"font-size: 29px\"><a name=\"Ice Cream Pasteurization Machine\"><\/a>I<\/span><span style=\"letter-spacing: 0px;font-size: 29px\">ce Pasteurisierungsmaschine f\u00fcr Sahne<\/span><\/span><\/strong><\/h2>\n<p style=\"text-align: center\"><a href=\"#Ice Cream Pasteurization Machine\" target=\"_self\" data-lv=\"0\" rel=\"noopener\"><span style=\"letter-spacing: 0px;font-family: arial, helvetica, sans-serif;font-size: 16px\">Maschine zur Pasteurisierung von Speiseeis<\/span><\/a><span style=\"letter-spacing: 0px;font-family: arial, helvetica, sans-serif;font-size: 16px\">|<a href=\"#Product specification\" target=\"_self\" data-lv=\"0\" rel=\"noopener\">Produktspezifikation<\/a>|<a href=\"#Product Features\" target=\"_self\" data-lv=\"0\" rel=\"noopener\">Produktmerkmale<\/a>|<a href=\"#Product Advantage\" target=\"_self\" data-lv=\"0\" rel=\"noopener\">Produktvorteil<\/a><\/span><\/p>\n<p>Unsere angebotene Maschine wird unter Verwendung von Rohstoffen bester Qualit\u00e4t und fortschrittlicher Technologie im Einklang mit internationalen Qualit\u00e4tsnormen hergestellt. Diese Maschine ist kompakt und einfach zu bedienen.<\/p>\n<h2 style=\"margin: 0px;text-indent: 0px;text-align: justify\"><span style=\"font-size: 24px\"><strong><span style=\"letter-spacing: 0px;font-family: arial, helvetica, sans-serif\"><a name=\"Product specification\"><\/a>Produktspezifikation:<\/span><\/strong><\/span><\/h2>\n<p style=\"text-align:justify\"><span style=\"font-family: arial, helvetica, sans-serif\"><span style=\"font-size: 16px\">Es kann in jedem Eiscreme-Arbeitsraum f\u00fcr die Herstellung verschiedener Arten von Eiscreme und Gelato-Mix, unter v\u00f6llig hygienischen Bedingungen verwendet werden.<\/span><\/span><\/p>\n<p style=\"text-align:justify\"><span style=\"font-family: arial, helvetica, sans-serif\"><span style=\"font-size: 16px\">Die Temperatur steigt auf 85\u2103\uff08oder eine beliebige Temperatur\uff09\uff0cund bleibt bei 85 (oder einer beliebigen Temperatur)<\/span><span style=\"font-size: 16px\">&nbsp;<span style=\"font-size: 16px\">f\u00fcnf Minuten lang, um Bakterien abzut\u00f6ten, k\u00fchlt dann schnell ab und bleibt bei einer Temperatur von 4 \u2103, um f\u00fcr einen bestimmten Zeitraum oder sogar \u00fcber Nacht zu reifen.<\/span> macht die Mischung cremiger.<\/span><\/span><\/p>\n<p style=\"text-align:justify\"><span style=\"font-family: arial, helvetica, sans-serif\"><span style=\"font-size: 16px\"><br \/><\/span><\/span><\/p>\n<p style=\"text-align:justify\"><span style=\"font-family: arial, helvetica, sans-serif\"><span style=\"font-size: 16px\"><br \/><\/span><\/span><\/p>\n<p style=\"text-align: center\"><img decoding=\"async\" src=\"https:\/\/www.hommy.com\/wp-content\/uploads\/16009987091450.png\" alt=\"product-Hommy-img\" title=\"\"><\/p>\n<p><\/p>\n<p><\/p>\n<div class=\"d-tem01-graphic tem01-graphic mockup\" data-detail=\"wrap\">\n<div class=\"cont-section clearfix d-clearfix\">\n<div class=\"col-md-6 col-sm-6 col-xs-6\"><\/p>\n<div class=\"graphic_pic animated wow bounceIn\" data-wow-delay=\".7s\">\n<p style=\"text-align:center\"><img loading=\"lazy\" decoding=\"async\" src=\"https:\/\/www.hommy.com\/wp-content\/uploads\/16009989147980.png\" alt=\"product-Hommy-img\" title=\"\" width=\"350\" height=\"557\" border=\"0\" vspace=\"0\" style=\"width: 350px;height: 557px\"><\/p>\n<\/div>\n<\/div>\n<div class=\"col-md-6 col-sm-6 col-xs-6\">\n<div class=\"right-p\">\n<div class=\"h2 heading\">\n<p style=\"margin-top:0;margin-right:0;margin-bottom:0;margin-left:0;text-indent:0;text-align:justify\"><strong><span style=\"letter-spacing: 0px;font-size: 29px;font-family: arial, helvetica, sans-serif\"><br \/><\/span><\/strong><\/p>\n<h2 style=\"margin: 0px;text-indent: 0px;text-align: justify\"><span style=\"font-size: 24px\"><strong><span style=\"letter-spacing: 0px;font-family: arial, helvetica, sans-serif\"><a name=\"Product Features\"><\/a>Produktmerkmale:<\/span><\/strong><\/span><span style=\"font-family:\u5b8b\u4f53;letter-spacing:0;font-size:29px\"> <\/span><\/h2>\n<p style=\"text-align:justify\"><span style=\"font-family:\u5b8b\u4f53;font-size:32px\">&nbsp;<\/span><\/p>\n<p style=\"text-align:justify\"><span style=\"font-size: 16px;font-family: arial, helvetica, sans-serif\">1. Benutzerfreundliche und einfache Bedienung.<\/span><\/p>\n<p style=\"margin-left:0;text-indent:0;text-align:justify\"><span style=\"font-size: 16px;font-family: arial, helvetica, sans-serif\">2. Computergesteuerte Maschine, die sowohl die Hochtemperaturpasteurisierung bei 85<span style=\"font-size: 16px;font-family: \u5b8b\u4f53\">\u2103 <\/span><span style=\"font-size: 16px;font-family: Tahoma\">und Niedertemperaturpasteurisierung bei 65<\/span><span style=\"font-size: 16px;font-family: \u5b8b\u4f53\">\u2103<\/span><span style=\"font-size: 16px;font-family: Tahoma\">.<\/span><\/span><\/p>\n<p style=\"margin-left:0;text-indent:0;text-align:justify\"><span style=\"font-size: 16px;font-family: arial, helvetica, sans-serif\">3. Der Pasteurisierungs- und Reifungsprozess stellt nicht nur sicher, dass die Gelato-Mischung frei von Bakterien ist, sondern aktiviert und stabilisiert die Zutaten, um den Geschmack und die Textur des Endprodukts zu verbessern.<\/span><\/p>\n<p style=\"margin-left:0;text-indent:0;text-align:justify\"><span style=\"font-size: 16px;font-family: arial, helvetica, sans-serif\">4. Wir verwenden die Turbinenmischung, um die wohlproportionierte Heiztemperatur aller Bottichpasteurisierer zu erreichen.<\/span><\/p>\n<p style=\"margin-left:0;text-indent:0;text-align:justify\"><span style=\"font-family: arial, helvetica, sans-serif\"><span style=\"font-size: 16px\">5. Verschiedene Gr\u00f6\u00dfe Turbinen sind f\u00fcr die 20L und 35L Maschinen angenommen, so dass Sie don<\/span><span style=\"font-size: 16px\">'<\/span><span style=\"font-size: 16px\">Sie brauchen sich keine Gedanken \u00fcber die Funktion des Mischens beim Erhitzen zu machen.<\/span><\/span><\/p>\n<p style=\"margin-left:0;text-indent:0;text-align:justify\"><span style=\"font-size: 16px;font-family: arial, helvetica, sans-serif\">6. Der Pasteurisierungs- und Reifungsprozess dauert etwa 2 Stunden.<\/span><\/p>\n<p style=\"margin-left:0;text-indent:0;text-align:justify\"><span style=\"font-size: 16px;font-family: arial, helvetica, sans-serif\">7. Die Pasteurisierungsmaschine ist auch eine Reifungsmaschine, so dass die Mischung am Ende cremiger ist und man sie in der Maschine kalt halten kann, bis sie gebraucht wird.<\/span><\/p>\n<p style=\"margin-left:0;text-indent:0;text-align:justify\"><span style=\"font-size: 16px;font-family: arial, helvetica, sans-serif\">8. Das Tonsignal warnt den Bediener, wenn der gesamte Pasteurisierungszyklus beendet ist.<\/span><\/p>\n<\/div>\n<\/div>\n<p>&nbsp; &nbsp; &nbsp; &nbsp; &nbsp; &nbsp;<\/p><\/div>\n<\/div>\n<\/div>\n<p><\/p>\n<p><strong><span style=\"letter-spacing: 0px;font-size: 29px;font-family: arial, helvetica, sans-serif\"><br \/><\/span><\/strong><\/p>\n<h2><span style=\"font-size: 24px\"><strong><span style=\"letter-spacing: 0px;font-family: arial, helvetica, sans-serif\"><a name=\"Product Advantage\"><\/a>Produktvorteil:<\/span><\/strong><\/span><\/h2>\n<p><\/p>\n<div class=\"d-tem01-graphic tem01-graphic mockup\" data-detail=\"wrap\">\n<div class=\"cont-section clearfix d-clearfix\">\n<div class=\"col-md-6 col-sm-6 col-xs-6\">\n<div class=\"right-p\">\n<div class=\"h2 heading\">\n<p style=\"margin: 0 0 15px;text-indent: 0\"><span style=\"font-family: Helvetica;letter-spacing: 0;font-size: 22px\">1.&nbsp;<\/span><span style=\"font-family: Helvetica;letter-spacing: 0;font-size: 22px\">Pasteurisierung<\/span><\/p>\n<\/div>\n<div class=\"description\">\n<p><span><span style=\"font-family: arial, helvetica, sans-serif;letter-spacing: 0px;font-size: 16px\">Wenn Sie verkaufen aus Eis in der Nacht das System automatisch Setup Pasteurisierung: Kann die Bakterien, die innerhalb der Maschine von -5\u2103 \u2192 65\u2103\u2192 -5\u2103Prozess (desinfizieren Sie den Ladezylinder und Rohstoff im Inneren, dann k\u00fchlen, um Buchungsstatus) zu produzieren t\u00f6ten. so k\u00f6nnen Sie die Maschine alle 14 Tage einmal zu halten.<\/span><\/span><\/p>\n<p><span><span style=\"font-family: arial, helvetica, sans-serif;letter-spacing: 0px;font-size: 16px\"><br \/><\/span><\/span><\/p>\n<p><span><span style=\"font-family: arial, helvetica, sans-serif;letter-spacing: 0px;font-size: 16px\"><br \/><\/span><\/span><\/p>\n<p><span><span style=\"font-family: arial, helvetica, sans-serif;letter-spacing: 0px;font-size: 16px\"><br \/><\/span><\/span><\/p>\n<\/div>\n<\/div>\n<div class=\"graphic_pic animated wow bounceIn\" data-wow-delay=\".7s\">\n<p style=\"text-align:center\"><img loading=\"lazy\" decoding=\"async\" src=\"https:\/\/www.hommy.com\/wp-content\/uploads\/16009990101811.png\" alt=\"Produkt-HM-MA 20 Eiscreme-Pasteurisierungsmaschine-Hommy-img\" title=\"\" width=\"400\" height=\"202\" border=\"0\" vspace=\"0\" style=\"width: 400px;height: 202px\"><\/p>\n<\/div>\n<\/div>\n<div class=\"col-md-6 col-sm-6 col-xs-6\">\n<div class=\"right-p\">\n<div class=\"h2 heading\">\n<p><span style=\"font-family: Helvetica;letter-spacing: 0;font-size: 22px\">2. Controller<\/span><\/p>\n<\/div>\n<div class=\"description\">\n<p><span style=\"letter-spacing: 0px;font-size: 16px;font-family: arial, helvetica, sans-serif\">Das Bedienfeld zeigt deutlich die internen Funktionen der Maschine. Sie k\u00f6nnen die Maschine im Inneren der Temperatur und rechtzeitig zu l\u00f6schen.<\/span><\/p>\n<p><span style=\"letter-spacing: 0px;font-size: 16px;font-family: arial, helvetica, sans-serif\"><br \/><\/span><\/p>\n<p><span style=\"letter-spacing: 0px;font-size: 16px;font-family: arial, helvetica, sans-serif\"><br \/><\/span><\/p>\n<p><span style=\"letter-spacing: 0px;font-size: 16px;font-family: arial, helvetica, sans-serif\"><br \/><\/span><\/p>\n<p><span style=\"letter-spacing: 0px;font-size: 16px;font-family: arial, helvetica, sans-serif\"><br \/><\/span><\/p>\n<p><span style=\"letter-spacing: 0px;font-size: 16px;font-family: arial, helvetica, sans-serif\"><br \/><\/span><\/p>\n<\/div>\n<\/div>\n<div class=\"graphic_pic animated wow bounceIn\" data-wow-delay=\".7s\">\n<p style=\"text-align:center\"><img loading=\"lazy\" decoding=\"async\" src=\"https:\/\/www.hommy.com\/wp-content\/uploads\/16009990387116.png\" alt=\"product-Hommy-img\" title=\"\" width=\"350\" height=\"224\" border=\"0\" vspace=\"0\" style=\"width: 350px;height: 224px\"><\/p>\n<\/div>\n<\/div>\n<\/div>\n<\/div>\n<p>Dokument\uff1a<img decoding=\"async\" src=\"https:\/\/www.hommy.com\/wp-content\/uploads\/icon_pdf-45.gif\" style=\"margin-right: 2px\" alt=\"product-Hommy-img\" title=\"\"><a href=\"https:\/\/img80002414.weyesimg.com\/uploads\/www.hommy.com\/addon\/16027242109694.pdf\" title=\"16027242109694.pdf\" style=\"font-size: 12px\">16027242109694.pdf<\/a><\/p>\n<h2>Warum wird Soja in Speiseeis verwendet?<\/h2>\n<p style=\"margin-top: 5px;margin-bottom: 5px\">Die Antwort ist einfach. Zun\u00e4chst einmal hat Soja einen hohen Proteingehalt. Das ist der Grund, warum es in Speiseeis auf Sojabasis verwendet wird. Der zweite Grund ist, dass es den Cholesterinspiegel in Ihrem K\u00f6rper senken kann. Das liegt daran, dass Soja reich an Phyto\u00f6strogenen ist, die den Cholesterinspiegel in Ihrem K\u00f6rper senken k\u00f6nnen.<\/p>\n<p style=\"margin-top: 5px;margin-bottom: 5px\"><\/p>\n<h2>Warum wird Maissirup in Speiseeis verwendet?<\/h2>\n<p style=\"margin-top: 5px;margin-bottom: 5px\">Maissirup wird als S\u00fc\u00dfungsmittel und als Emulgator verwendet.  Er wird in der Regel in Kombination mit fester Milch verwendet und hat einen Gefrierpunkt, der weit unter dem von fester Milch liegt.  Durch die Zugabe von Maissirup zu fester Milch wird der Gefrierpunkt der Mischung gesenkt, so dass sie schneller gefrieren kann.&nbsp;&nbsp;<\/p>\n<p style=\"margin-top: 5px;margin-bottom: 5px\"><\/p>\n<h2>Ist es sicher, ungekochte Eier in Speiseeis zu verwenden?<\/h2>\n<p style=\"margin-top: 5px;margin-bottom: 5px\">Wenn ich Eis mache, verwende ich in der Regel pasteurisierte Eier, das hei\u00dft, die Eier wurden auf eine bestimmte Temperatur erhitzt und dann abgek\u00fchlt. Es ist nicht sicher, rohe Eier zu essen, aber ein wenig Hitze schadet ihnen nicht.<\/p>\n<\/div><\/div>","protected":false},"excerpt":{"rendered":"<p>Ice Cream Pasteurization Machine Ice Cream Pasteurization Machine|Product specification|Product Features|Product Advantage Our offered machine is manufactured using best quality raw material and advanced technology in tune with international quality norms. This machine is compact and easy to operate. Product specification: It can be used in any ice cream workroom for producing various kinds of ice [&hellip;]<\/p>\n","protected":false},"featured_media":1934,"comment_status":"open","ping_status":"open","template":"","meta":{"_swt_meta_header_display":false,"_swt_meta_footer_display":false,"_swt_meta_site_title_display":false,"_swt_meta_sticky_header":false,"_swt_meta_transparent_header":false},"product_brand":[],"product_cat":[82],"product_tag":[],"class_list":{"0":"post-770","1":"product","2":"type-product","3":"status-publish","4":"has-post-thumbnail","6":"product_cat-hard-ice-cream-machine","8":"first","9":"instock","10":"shipping-taxable","11":"product-type-simple"},"_links":{"self":[{"href":"https:\/\/www.hommy.com\/de\/wp-json\/wp\/v2\/product\/770","targetHints":{"allow":["GET"]}}],"collection":[{"href":"https:\/\/www.hommy.com\/de\/wp-json\/wp\/v2\/product"}],"about":[{"href":"https:\/\/www.hommy.com\/de\/wp-json\/wp\/v2\/types\/product"}],"replies":[{"embeddable":true,"href":"https:\/\/www.hommy.com\/de\/wp-json\/wp\/v2\/comments?post=770"}],"wp:featuredmedia":[{"embeddable":true,"href":"https:\/\/www.hommy.com\/de\/wp-json\/wp\/v2\/media\/1934"}],"wp:attachment":[{"href":"https:\/\/www.hommy.com\/de\/wp-json\/wp\/v2\/media?parent=770"}],"wp:term":[{"taxonomy":"product_brand","embeddable":true,"href":"https:\/\/www.hommy.com\/de\/wp-json\/wp\/v2\/product_brand?post=770"},{"taxonomy":"product_cat","embeddable":true,"href":"https:\/\/www.hommy.com\/de\/wp-json\/wp\/v2\/product_cat?post=770"},{"taxonomy":"product_tag","embeddable":true,"href":"https:\/\/www.hommy.com\/de\/wp-json\/wp\/v2\/product_tag?post=770"}],"curies":[{"name":"wp","href":"https:\/\/api.w.org\/{rel}","templated":true}]}}