{"id":764,"date":"2024-07-02T16:03:50","date_gmt":"2024-07-02T16:03:50","guid":{"rendered":"http:\/\/localhost\/hommywp\/ds-1200-automatic-defogging-hard-ice-cream-display-showcase\/"},"modified":"2025-08-01T09:57:42","modified_gmt":"2025-08-01T09:57:42","slug":"vitrine-fur-harteis-ds-1200","status":"publish","type":"product","link":"https:\/\/www.hommy.com\/de\/p\/vitrine-fur-harteis-ds-1200\/","title":{"rendered":"Ds-1200 Automatisch enteisende Harteisvitrine"},"content":{"rendered":"<div>\n<p style=\"text-align: center\"><span style=\"font-family: arial, helvetica, sans-serif\"><strong><span style=\"letter-spacing: 0px;font-size: 29px\"><br \/><\/span><\/strong><\/span><\/p>\n<h2 style=\"text-align: center\"><span style=\"font-family: arial, helvetica, sans-serif\"><strong><span style=\"letter-spacing: 0px;font-size: 29px\"><a name=\"Gelato ice cream freezer\"><\/a>Gelato-Eiscreme-Gefrierschrank&nbsp;<\/span><\/strong><\/span><\/h2>\n<p style=\"text-align: center\"><span style=\"font-family: arial, helvetica, sans-serif;font-size: 16px\"><span style=\"font-family: arial, helvetica, sans-serif;letter-spacing: 0px\"><a href=\"#Gelato ice cream freezer\" target=\"_self\" data-lv=\"0\" rel=\"noopener\">Gelato-Eiscreme-Gefrierschrank<\/a>|<a href=\"#Product specification\" target=\"_self\" data-lv=\"0\" rel=\"noopener\">Produktspezifikation<\/a>|<a href=\"#Product Features\" target=\"_self\" data-lv=\"0\" rel=\"noopener\">Produktmerkmale<\/a>|<a href=\"#Product Advantage\" target=\"_self\" data-lv=\"0\" rel=\"noopener\">Produktvorteil<\/a><\/span><\/span><\/p>\n<p><span style=\"font-family: arial, helvetica, sans-serif\"><strong><span style=\"letter-spacing: 0px;font-size: 29px\"><\/span><\/strong><\/span><\/p>\n<p>In der heutigen Gesch\u00e4ftswelt ist eine harte <a style=\"color:blue\" href=\"https:\/\/www.hommy.com\/de\/schaufenster\/\">Speiseeis-Vitrine<\/a> kann den Unterschied ausmachen. Es ist eine Tatsache, dass Kunden eher bei einem Unternehmen kaufen, das \u00fcber eine gute Vitrine verf\u00fcgt, die das Produkt auf ansprechende Weise pr\u00e4sentiert. Deshalb ist die Investition in eine hochwertige Vitrine ein Muss f\u00fcr jedes Unternehmen, das Harteis verkauft.<\/p>\n<p>Wir in unserem Unternehmen sind stolz darauf, die bestm\u00f6glichen Harteisvitrinen auf dem Markt anzubieten. Wir wissen, wie wichtig es ist, bei den Kunden einen guten Eindruck zu hinterlassen, und unsere Vitrinen sind genau darauf ausgerichtet. Egal, ob Sie eine schlichte und moderne oder eine eher traditionelle Vitrine suchen, wir haben eine Vielzahl von Optionen zur Auswahl.<\/p>\n<p>Wenn Sie bereit sind, Ihr Gesch\u00e4ft auf die n\u00e4chste Stufe zu heben, ist die Investition in eine Harteisvitrine ein guter Anfang. Kontaktieren Sie uns noch heute, um mehr \u00fcber unsere Produkte zu erfahren und wie wir Ihnen helfen k\u00f6nnen, Ihren Umsatz zu steigern.<\/p>\n<p><\/p>\n<h2><span style=\"letter-spacing: 0px;font-weight: 700;text-align: justify;font-size: 24px\"><a name=\"Product specification\"><\/a>Produktspezifikation:<\/span><\/h2>\n<p><span style=\"font-weight: 700;text-align: justify\"><span style=\"letter-spacing: 0px;font-size: 29px;font-family: arial, helvetica, sans-serif\"><br \/><\/span><\/span><\/p>\n<p style=\"text-align: center\"><img decoding=\"async\" src=\"https:\/\/www.hommy.com\/wp-content\/uploads\/16009998067572.png\" alt=\"product-Hommy-img\" title=\"\"><\/p>\n<p><\/p>\n<div class=\"d-tem01-graphic tem01-graphic mockup\" data-detail=\"wrap\">\n<div class=\"cont-section clearfix d-clearfix\">\n<div class=\"col-md-6 col-sm-6 col-xs-6\">\n<div class=\"right-p\">\n<div class=\"h2 heading\">\n<p style=\"text-align:center\"><\/p>\n<p><\/p>\n<p><\/p>\n<p style=\"text-align:center\"><img loading=\"lazy\" decoding=\"async\" src=\"https:\/\/www.hommy.com\/wp-content\/uploads\/16009999027341.jpg\" alt=\"product-Hommy-img\" style=\"font-size: 14px;width: 500px;height: 250px\" title=\"\" width=\"500\" height=\"250\" border=\"0\" vspace=\"0\"><\/p>\n<p><span style=\"font-size: 14px\">&nbsp; &nbsp; &nbsp; &nbsp; &nbsp; &nbsp; &nbsp;<\/span><\/div>\n<\/div>\n<\/div>\n<div class=\"col-md-6 col-sm-6 col-xs-6\">\n<div class=\"right-p\">\n<div class=\"h2 heading\">\n<p style=\"margin-top:0;margin-right:0;margin-bottom:0;margin-left:0;text-indent:0;text-align:justify\"><strong><span style=\"letter-spacing: 0px;font-size: 29px;font-family: arial, helvetica, sans-serif\"><br \/><\/span><\/strong><\/p>\n<h2 style=\"margin: 0px;text-indent: 0px;text-align: justify\"><span style=\"font-size: 24px\"><strong><span style=\"letter-spacing: 0px;font-family: arial, helvetica, sans-serif\"><a name=\"Product Features\"><\/a>Produktmerkmale\uff1a<\/span><\/strong><\/span><span style=\"font-family:\u5b8b\u4f53;letter-spacing:0;font-size:29px\"> <\/span><\/h2>\n<p style=\"margin-top:0;margin-right:0;margin-bottom:0;margin-left:0;text-indent:0;text-align:justify\"><span style=\"font-family:\u5b8b\u4f53;letter-spacing:0;font-size:29px\"><br \/><\/span><\/p>\n<p style=\"margin-top:0;margin-right:0;margin-bottom:0;margin-left:0;text-indent:0;text-align:justify\"><span style=\"font-family: arial, helvetica, sans-serif\"><span style=\"color:#000000\"><span style=\"font-size: 20px\">\u25c6&nbsp;<\/span><\/span><span style=\"font-size: 19px\">Stromlinienf\u00f6rmiges, luxuri\u00f6ses \u00c4u\u00dferes .<\/span><\/span><\/p>\n<p style=\"margin-top:0;margin-right:0;margin-bottom:0;margin-left:0;text-indent:0;text-align:justify\"><span style=\"font-family: arial, helvetica, sans-serif\"><span style=\"font-size: 19px\"><br \/><\/span><\/span><\/p>\n<p style=\"margin-top:0;margin-right:0;margin-bottom:0;margin-left:0;text-indent:0;text-align:justify\"><span style=\"font-family: arial, helvetica, sans-serif\"><span style=\"font-family: Calibri;letter-spacing: 0px;font-size: 19px\"><span style=\"font-family: arial, helvetica, sans-serif;font-size: 20px;text-align: justify\">\u25c6&nbsp;<\/span><\/span><span style=\"font-family: Calibri;font-size: 19px\">Elektrisches Steuerungssystem f\u00fcr die Temperaturregelung, das einfach zu bedienen ist.<\/span><\/span><\/p>\n<p style=\"margin-top:0;margin-right:0;margin-bottom:0;margin-left:0;text-indent:0;text-align:justify\"><span style=\"font-family: arial, helvetica, sans-serif\"><span style=\"font-family: Calibri;font-size: 19px\"><br \/><\/span><\/span><\/p>\n<p style=\"text-align:justify\"><span style=\"font-family: arial, helvetica, sans-serif\"><span style=\"font-family: Calibri;letter-spacing: 0px;font-size: 19px\"><span style=\"font-family: arial, helvetica, sans-serif;font-size: 20px;text-align: justify\">\u25c6&nbsp;<\/span><\/span><span style=\"font-family: Calibri;font-size: 19px\">Langlebige Pfannen aus rostfreiem Stahl .<\/span><\/span><\/p>\n<p style=\"text-align:justify\"><span style=\"font-family: arial, helvetica, sans-serif\"><span style=\"font-family: Calibri;font-size: 19px\"><br \/><\/span><\/span><\/p>\n<p style=\"text-align:justify\"><span style=\"font-family: arial, helvetica, sans-serif\"><span style=\"font-family: Calibri;letter-spacing: 0px;font-size: 19px\"><span style=\"font-family: arial, helvetica, sans-serif;font-size: 20px;text-align: justify\">\u25c6&nbsp;<\/span><\/span><span style=\"font-family: Calibri;font-size: 19px\">Temperaturgrad einstellbar (-12 bis -22 Grad Celsius).<\/span><\/span><\/p>\n<p style=\"text-align:justify\"><span style=\"font-family: arial, helvetica, sans-serif\"><span style=\"font-family: Calibri;font-size: 19px\"><br \/><\/span><\/span><\/p>\n<p style=\"text-align:justify\"><span style=\"font-family: arial, helvetica, sans-serif\"><span style=\"font-family: Calibri;letter-spacing: 0px;font-size: 19px\"><span style=\"font-family: arial, helvetica, sans-serif;font-size: 20px;text-align: justify\">\u25c6&nbsp;<\/span><\/span><span style=\"font-family: Calibri;font-size: 19px\">Automatisches Entfrosten, Enteisungsfunktion.<\/span><\/span><\/p>\n<p style=\"text-align:justify\"><span style=\"font-family: arial, helvetica, sans-serif\"><span style=\"font-family: Calibri;font-size: 19px\"><br \/><\/span><\/span><\/p>\n<p style=\"text-align:justify\"><span style=\"font-family: arial, helvetica, sans-serif\"><span style=\"font-family: Calibri;letter-spacing: 0px;font-size: 19px\"><span style=\"font-family: arial, helvetica, sans-serif;font-size: 20px;text-align: justify\">\u25c6&nbsp;<\/span><\/span><span style=\"font-family: Calibri;font-size: 19px\">5 Schichten gebogenes und beheiztes Glas mit automatischer Entfogging-Funktion.<\/span><\/span><\/p>\n<p style=\"text-align:justify\"><span style=\"font-family: arial, helvetica, sans-serif\"><span style=\"font-family: Calibri;font-size: 19px\"><br \/><\/span><\/span><\/p>\n<p style=\"text-align:justify\"><span style=\"font-family: arial, helvetica, sans-serif\"><span style=\"font-family: Calibri;letter-spacing: 0px;font-size: 19px\"><span style=\"font-family: arial, helvetica, sans-serif;font-size: 20px;text-align: justify\">\u25c6&nbsp;<\/span><\/span><span style=\"font-family: Calibri;font-size: 19px\">Geringe Leistungsaufnahme .<\/span><\/span><\/p>\n<p style=\"text-align:justify\"><span style=\"font-family: arial, helvetica, sans-serif\"><span style=\"font-family: Calibri;font-size: 19px\"><br \/><\/span><\/span><\/p>\n<p style=\"text-align:justify\"><span style=\"font-family: arial, helvetica, sans-serif\"><span style=\"font-family: Calibri;letter-spacing: 0px;font-size: 19px\"><span style=\"font-family: arial, helvetica, sans-serif;font-size: 20px;text-align: justify\">\u25c6&nbsp;<\/span><\/span><span style=\"font-family: Calibri;font-size: 19px\">Verschiedene Farben auf Anfrage erh\u00e4ltlich.<\/span><\/span><\/p>\n<\/div>\n<\/div>\n<p>&nbsp; &nbsp; &nbsp; &nbsp; &nbsp; &nbsp;<\/p><\/div>\n<\/div>\n<\/div>\n<p><\/p>\n<h2><span style=\"letter-spacing: 0px;font-weight: 700;font-size: 24px\"><a name=\"Product Advantage\"><\/a>Produktvorteil:<\/span><\/h2>\n<p><\/p>\n<div class=\"d-tem01-graphic tem01-graphic mockup\" data-detail=\"wrap\">\n<div class=\"cont-section clearfix d-clearfix\">\n<div class=\"col-md-6 col-sm-6 col-xs-6\">\n<div class=\"right-p\">\n<div class=\"h2 heading\">\n<p style=\"text-indent: 0;padding: 0;vertical-align: baseline\"><span style=\"letter-spacing: 0px;font-size: 19px;font-family: arial, helvetica, sans-serif\">1.  Isolierte Bogen geh\u00e4rtetes Glas, perfekte Perspektive;<\/span><\/p>\n<p style=\"text-indent: 0;padding: 0;vertical-align: baseline\"><span style=\"letter-spacing: 0px;font-size: 19px;font-family: arial, helvetica, sans-serif\"><br \/><\/span><\/p>\n<p style=\"text-indent: 0;padding: 0;vertical-align: baseline\"><span style=\"letter-spacing: 0px;font-size: 19px;font-family: arial, helvetica, sans-serif\"><br \/><\/span><\/p>\n<\/div>\n<\/div>\n<div class=\"graphic_pic animated wow bounceIn\" data-wow-delay=\".7s\">\n<p style=\"text-align:center\"><img loading=\"lazy\" decoding=\"async\" src=\"https:\/\/www.hommy.com\/wp-content\/uploads\/16010000888677.png\" alt=\"product-Hommy-img\" title=\"\" width=\"300\" height=\"388\" border=\"0\" vspace=\"0\" style=\"width: 300px;height: 388px\"><\/p>\n<\/div>\n<\/div>\n<div class=\"col-md-6 col-sm-6 col-xs-6\">\n<div class=\"right-p\">\n<div class=\"h2 heading\">\n<p style=\"margin-left:0;text-indent:0\"><span style=\"letter-spacing: 0px;font-size: 19px;font-family: arial, helvetica, sans-serif\">2. Das haben 4 Art von K\u00f6rper Farbe f\u00fcr Sie zu w\u00e4hlen.&nbsp;<\/span><\/p>\n<p style=\"margin-left:0;text-indent:0\"><span style=\"letter-spacing: 0px;font-size: 19px;font-family: arial, helvetica, sans-serif\"><br \/><\/span><\/p>\n<p style=\"margin-left:0;text-indent:0\"><span style=\"letter-spacing: 0px;font-size: 19px;font-family: arial, helvetica, sans-serif\"><br \/><\/span><\/p>\n<\/div>\n<\/div>\n<div class=\"graphic_pic animated wow bounceIn\" data-wow-delay=\".7s\"><img decoding=\"async\" src=\"https:\/\/www.hommy.com\/wp-content\/uploads\/16010001223531.png\" alt=\"product-DS-1200 Harteis-Vitrine-Hommy-img\" title=\"\"><br \/>\n &nbsp; &nbsp; &nbsp; &nbsp; &nbsp; &nbsp;<\/div>\n<\/div>\n<\/div>\n<\/div>\n<p>Dokument\uff1a<img decoding=\"async\" src=\"https:\/\/www.hommy.com\/wp-content\/uploads\/icon_pdf-44.gif\" style=\"margin-right: 2px\" alt=\"product-Hommy-img\" title=\"\"><a href=\"https:\/\/img80002414.weyesimg.com\/uploads\/www.hommy.com\/addon\/16026616839424.pdf\" title=\"16026616839424.pdf\" style=\"font-size: 12px\">16026616839424.pdf<\/a><\/p>\n<h2>Wie viel kostet ein <a style=\"color:blue\" href=\"https:\/\/www.hommy.com\/de\/harteiscreme-maschine\/\">Harteiscreme-Maschine<\/a>?<\/h2>\n<p style=\"margin-top: 5px;margin-bottom: 5px\"><\/p>\n<p style=\"margin-top: 5px;margin-bottom: 5px\">A: Ich habe nicht viel Erfahrung mit Speiseeisbereitern, aber die meisten haben ein kleines Preisschild. Viele enthalten auch einen Aufbewahrungsbeh\u00e4lter und einen Eisportionierer f\u00fcr die Hand. Eine gute <a style=\"color:blue\" href=\"\/de\/\">Speiseeismaschine<\/a> ist eine kluge Investition.<\/p>\n<p style=\"margin-top: 5px;margin-bottom: 5px\"><\/p>\n<h2>Ich habe dar\u00fcber nachgedacht, mir ein <a style=\"color:blue\" href=\"\/de\/\">Eismaschine<\/a>. Welche Gr\u00f6\u00dfe sollte ich w\u00e4hlen?<\/h2>\n<p style=\"margin-top: 5px;margin-bottom: 5px\"><\/p>\n<p style=\"margin-top: 5px;margin-bottom: 5px\">A: Das ist eine pers\u00f6nliche Frage. Jeder Haushalt ist anders, daher sollten Sie den Platzbedarf f\u00fcr die Lagerung und die Nutzung abw\u00e4gen. Wenn Sie Kinder haben, die bei der Eisherstellung mitmachen wollen, brauchen Sie eine gr\u00f6\u00dfere Maschine, die in Ihren K\u00fchlschrank passt. Wenn Sie aber nur Eis f\u00fcr sich selbst herstellen wollen, reicht eine kleinere Maschine aus.<\/p>\n<p style=\"margin-top: 5px;margin-bottom: 5px\"><\/p>\n<p style=\"margin-top: 5px;margin-bottom: 5px\"><\/p>\n<h2>Ist h\u00e4rteres Eis besser?<\/h2>\n<p style=\"margin-top: 5px;margin-bottom: 5px\"><\/p>\n<p style=\"margin-top: 5px;margin-bottom: 5px\">Es gibt eine neue Eisdiele in der Stadt. Sie hat noch keinen Namen. Der Besitzer hat vor kurzem die alte Eisdiele in einem Einkaufszentrum gekauft, sie geschlossen und zu einer Eisdiele umgebaut. Da die alte, beengte und schlecht beleuchtete Eisdiele nun in ein schickes neues Gesch\u00e4ft umgewandelt wird, ist es an der Zeit, dass die neueste Eisdiele der Stadt einen eigenen Namen bekommt.<\/p>\n<p style=\"margin-top: 5px;margin-bottom: 5px\"><\/p>\n<h2>Wie viel kostet eine Eismaschine?<\/h2>\n<p style=\"margin-top: 5px;margin-bottom: 5px\"><\/p>\n<p style=\"margin-top: 5px;margin-bottom: 5px\">A: Die Kosten f\u00fcr eine Eismaschine h\u00e4ngen von einer Reihe von Faktoren ab, darunter die Gr\u00f6\u00dfe Ihrer Eismaschine, die Anzahl der Eisw\u00fcrfel, die Sie produzieren m\u00fcssen, und die Kapazit\u00e4t Ihrer Eismaschine.<\/p>\n<p style=\"margin-top: 5px;margin-bottom: 5px\">Die Kosten f\u00fcr einen Eisw\u00fcrfelbereiter k\u00f6nnen auch von der Marke abh\u00e4ngen, die Sie w\u00e4hlen.<\/p>\n<\/div><\/div>","protected":false},"excerpt":{"rendered":"<p>Gelato ice cream freezer&nbsp; Gelato ice cream freezer|Product specification|Product Features|Product Advantage In today&#039;s business world, a hard ice cream display showcase can make all the difference. It&#039;s a fact that customers are more likely to purchase from a business that has a good display showcase that shows off their product in an appealing way. That&#039;s [&hellip;]<\/p>\n","protected":false},"featured_media":1933,"comment_status":"open","ping_status":"open","template":"","meta":{"_swt_meta_header_display":false,"_swt_meta_footer_display":false,"_swt_meta_site_title_display":false,"_swt_meta_sticky_header":false,"_swt_meta_transparent_header":false},"product_brand":[],"product_cat":[82],"product_tag":[],"class_list":{"0":"post-764","1":"product","2":"type-product","3":"status-publish","4":"has-post-thumbnail","6":"product_cat-hard-ice-cream-machine","8":"first","9":"instock","10":"shipping-taxable","11":"product-type-simple"},"_links":{"self":[{"href":"https:\/\/www.hommy.com\/de\/wp-json\/wp\/v2\/product\/764","targetHints":{"allow":["GET"]}}],"collection":[{"href":"https:\/\/www.hommy.com\/de\/wp-json\/wp\/v2\/product"}],"about":[{"href":"https:\/\/www.hommy.com\/de\/wp-json\/wp\/v2\/types\/product"}],"replies":[{"embeddable":true,"href":"https:\/\/www.hommy.com\/de\/wp-json\/wp\/v2\/comments?post=764"}],"wp:featuredmedia":[{"embeddable":true,"href":"https:\/\/www.hommy.com\/de\/wp-json\/wp\/v2\/media\/1933"}],"wp:attachment":[{"href":"https:\/\/www.hommy.com\/de\/wp-json\/wp\/v2\/media?parent=764"}],"wp:term":[{"taxonomy":"product_brand","embeddable":true,"href":"https:\/\/www.hommy.com\/de\/wp-json\/wp\/v2\/product_brand?post=764"},{"taxonomy":"product_cat","embeddable":true,"href":"https:\/\/www.hommy.com\/de\/wp-json\/wp\/v2\/product_cat?post=764"},{"taxonomy":"product_tag","embeddable":true,"href":"https:\/\/www.hommy.com\/de\/wp-json\/wp\/v2\/product_tag?post=764"}],"curies":[{"name":"wp","href":"https:\/\/api.w.org\/{rel}","templated":true}]}}