{"id":758,"date":"2024-07-02T16:03:45","date_gmt":"2024-07-02T16:03:45","guid":{"rendered":"http:\/\/localhost\/hommywp\/hm28b-stainless-steel-user-friendly-ice-cream-batch-freezer\/"},"modified":"2025-08-01T09:57:40","modified_gmt":"2025-08-01T09:57:40","slug":"hm28b-gefrierschrank-fur-eiscreme","status":"publish","type":"product","link":"https:\/\/www.hommy.com\/de\/p\/hm28b-gefrierschrank-fur-eiscreme\/","title":{"rendered":"Hm28b Benutzerfreundlicher Eiscreme-Chargenfroster aus Edelstahl"},"content":{"rendered":"<div>\n<p>&nbsp;&nbsp;&nbsp;&nbsp;<\/p>\n<p><\/p>\n<h2 style=\"text-align: center\"><strong><span style=\"letter-spacing: 0px;font-size: 29px;font-family: arial, helvetica, sans-serif\"><a name=\"Gelato Machine\"><\/a>Gelato-Maschine<\/span><\/strong><\/h2>\n<p style=\"text-align: center\"><span style=\"letter-spacing: 0px;font-family: arial, helvetica, sans-serif;font-size: 16px\"><a href=\"#Gelato Machine\" target=\"_self\" data-lv=\"0\" rel=\"noopener\">Gelato-Maschine<\/a>|<a href=\"#Product specification\" target=\"_self\" data-lv=\"0\" rel=\"noopener\">Produktspezifikation<\/a>|<a href=\"#Product Features\" target=\"_self\" data-lv=\"0\" rel=\"noopener\">Produktmerkmale<\/a>|<a href=\"#Product Advantage\" target=\"_self\" data-lv=\"0\" rel=\"noopener\">Produktvorteil<\/a><\/span><\/p>\n<p><\/p>\n<p style=\"text-align: center\">\n<p><\/p>\n<p style=\"margin: 0px;text-indent: 0px;text-align: justify\"><strong><span style=\"letter-spacing: 0px;font-size: 29px;font-family: arial, helvetica, sans-serif\"><\/span><\/strong><\/p>\n<p>Wenn Sie auf der Suche nach einem Speiseeis sind <a style=\"color:blue\" href=\"https:\/\/www.hommy.com\/de\/harteiscreme-maschine\/\">Batch-Froster<\/a> die Ihnen helfen, Ihr Unternehmen auf die n\u00e4chste Stufe zu heben, dann sind Sie bei uns genau an der richtigen Adresse. Wir bei Ice Cream Batch Freezer sind stolz darauf, unseren Kunden ein Produkt von h\u00f6chster Qualit\u00e4t zu liefern. Wir sind davon \u00fcberzeugt, dass unsere Gefriertruhen Ihnen dabei helfen werden, das bestm\u00f6gliche Eis zu produzieren, und wir werden Ihnen dabei helfen, Ihr Gesch\u00e4ft auszubauen.<\/p>\n<p>Wir wissen, dass der Schl\u00fcssel zum Erfolg im Speiseeisgesch\u00e4ft ein hochwertiges Produkt ist. Deshalb haben wir unseren Batch-Froster so konzipiert, dass er die bestm\u00f6glichen Ergebnisse liefert. Wir wissen, dass Sie in der Lage sein werden, ein Produkt herzustellen, das Ihre Kunden lieben werden, und wir sind hier, um Ihnen bei jedem Schritt zu helfen.<\/p>\n<p>Wenn Sie bereit sind, Ihr Speiseeisgesch\u00e4ft auf die n\u00e4chste Stufe zu heben, w\u00fcrden wir Ihnen gerne helfen. Nehmen Sie noch heute Kontakt mit uns auf und erfahren Sie mehr \u00fcber unsere hochwertigen Gefriertruhen.<\/p>\n<p style=\"margin: 0px;text-indent: 0px;text-align: justify\"><strong><span style=\"letter-spacing: 0px;font-size: 29px;font-family: arial, helvetica, sans-serif\"><br \/><\/span><\/strong><\/p>\n<h2 style=\"margin: 0px;text-indent: 0px;text-align: justify\"><span style=\"font-size: 24px\"><strong><span style=\"letter-spacing: 0px;font-family: arial, helvetica, sans-serif\"><a name=\"Product specification\"><\/a>Produktspezifikation:<\/span><\/strong><\/span><\/h2>\n<p style=\"margin: 0px;text-indent: 0px;text-align: justify\"><strong><span style=\"letter-spacing: 0px;font-size: 29px;font-family: arial, helvetica, sans-serif\"><br \/><\/span><\/strong><\/p>\n<p style=\"text-align: center\"><strong><span style=\"letter-spacing: 0px;font-size: 29px;font-family: arial, helvetica, sans-serif\"><img decoding=\"async\" src=\"https:\/\/www.hommy.com\/wp-content\/uploads\/16009978652692.png\" alt=\"product-Hommy-img\" title=\"\"><\/span><\/strong><\/p>\n<p><strong><span style=\"letter-spacing: 0px;font-size: 29px;font-family: arial, helvetica, sans-serif\"><br \/><\/span><\/strong><\/p>\n<p><strong><span style=\"letter-spacing: 0px;font-size: 29px;font-family: arial, helvetica, sans-serif\"><\/span><\/strong><\/p>\n<div class=\"d-tem01-graphic tem01-graphic mockup\" data-detail=\"wrap\">\n<div class=\"cont-section clearfix d-clearfix\">\n<div class=\"col-md-6 col-sm-6 col-xs-6\">\n<div class=\"graphic_pic animated wow bounceIn\" data-wow-delay=\".7s\">\n<p style=\"text-align:center\"><img loading=\"lazy\" decoding=\"async\" src=\"https:\/\/www.hommy.com\/wp-content\/uploads\/16009979395040.png\" alt=\"product-Hommy-img\" title=\"\" width=\"350\" height=\"667\" border=\"0\" vspace=\"0\" style=\"width: 350px;height: 667px\"><\/p>\n<\/div>\n<\/div>\n<div class=\"col-md-6 col-sm-6 col-xs-6\">\n<div class=\"right-p\">\n<div class=\"h2 heading\">\n<p style=\"margin-top:0;margin-right:0;margin-bottom:0;margin-left:0;text-indent:0;text-align:justify\"><strong><span style=\"letter-spacing: 0px;font-size: 29px;font-family: arial, helvetica, sans-serif\"><br \/><\/span><\/strong><\/p>\n<p style=\"margin-top:0;margin-right:0;margin-bottom:0;margin-left:0;text-indent:0;text-align:justify\"><strong><span style=\"letter-spacing: 0px;font-size: 29px;font-family: arial, helvetica, sans-serif\"><br \/><\/span><\/strong><\/p>\n<h2 style=\"margin: 0px;text-indent: 0px;text-align: justify\"><span style=\"font-size: 24px\"><strong><span style=\"letter-spacing: 0px;font-family: arial, helvetica, sans-serif\"><a name=\"Product Features\"><\/a>Produktmerkmale:<\/span><\/strong><\/span><\/h2>\n<p style=\"margin-top:0;margin-right:0;margin-bottom:0;margin-left:0;text-indent:0;text-align:justify\"><span style=\"font-family:\u5b8b\u4f53;letter-spacing:0;font-size:29px\"><br \/><\/span><\/p>\n<p style=\"text-align:justify\"><span style=\"font-size: 16px;font-family: arial, helvetica, sans-serif\">Verschlanken Sie das luxuri\u00f6se \u00c4u\u00dfere.<\/span><\/p>\n<p style=\"text-align:justify\"><span style=\"font-size: 16px;font-family: arial, helvetica, sans-serif\">Edelstahlblech als Au\u00dfenabdeckung f\u00fcr lange Haltbarkeit.<\/span><\/p>\n<p style=\"text-align:justify\"><span style=\"font-size: 16px;font-family: arial, helvetica, sans-serif\">Einzigartiger Zylinder und R\u00fchrwerkswelle.<\/span><\/p>\n<p style=\"text-align:justify\"><span style=\"font-size: 16px;font-family: arial, helvetica, sans-serif\">Benutzerfreundliches elektronisches Kontrollsystem. <\/span><\/p>\n<p style=\"text-align:justify\"><span style=\"font-size: 16px;font-family: arial, helvetica, sans-serif\">Digitales Bedienfeld mit Ber\u00fchrungsschalter.<\/span><\/p>\n<p style=\"text-align:justify\"><span style=\"font-size: 16px;font-family: arial, helvetica, sans-serif\">Ein intelligentes Vollcomputer-Kontrollsystem \u00fcberwacht kontinuierlich die Konsistenz, um das gew\u00fcnschte Produkt zu gew\u00e4hrleisten.<\/span><\/p>\n<p style=\"text-align:justify\"><span style=\"font-size: 16px;font-family: arial, helvetica, sans-serif\">Die Produktionszeit ist einstellbar. <\/span><\/p>\n<p style=\"text-align:justify\"><span style=\"font-size: 16px;font-family: arial, helvetica, sans-serif\">Einfach zu bedienen.<\/span><\/p>\n<\/div>\n<\/div>\n<p>&nbsp; &nbsp; &nbsp; &nbsp; &nbsp; &nbsp;<\/p><\/div>\n<\/div>\n<\/div>\n<p><strong><span style=\"letter-spacing: 0px;font-size: 29px;font-family: arial, helvetica, sans-serif\"><\/span><\/strong><\/p>\n<h2><span style=\"font-size: 24px\"><strong><span style=\"letter-spacing: 0px;font-family: arial, helvetica, sans-serif\"><a name=\"Product Advantage\"><\/a>Produktvorteil:<\/span><\/strong><\/span><\/h2>\n<div class=\"d-tem01-graphic tem01-graphic mockup\" data-detail=\"wrap\">\n<div class=\"cont-section clearfix d-clearfix\">\n<div class=\"col-md-6 col-sm-6 col-xs-6\">\n<div class=\"right-p\">\n<div class=\"h2 heading\">\n<p style=\"text-indent: 0;padding: 0;vertical-align: baseline\"><span style=\"letter-spacing: 0px;font-size: 20px;font-family: arial, helvetica, sans-serif\">1. Die Kunststoffabdeckung thromat Block ist sauber und hygienisch, mit hoher Abdichtung Grad, einfache Bedienung und sch\u00f6nes Aussehen.<\/span><\/p>\n<p style=\"text-indent: 0;padding: 0;vertical-align: baseline\"><span style=\"letter-spacing: 0px;font-size: 20px;font-family: arial, helvetica, sans-serif\"><br \/><\/span><\/p>\n<p style=\"text-indent: 0;padding: 0;vertical-align: baseline\"><span style=\"letter-spacing: 0px;font-size: 20px;font-family: arial, helvetica, sans-serif\"><br \/><\/span><\/p>\n<\/div>\n<\/div>\n<div class=\"graphic_pic animated wow bounceIn\" data-wow-delay=\".7s\">\n<p style=\"text-align:center\"><img loading=\"lazy\" decoding=\"async\" src=\"https:\/\/www.hommy.com\/wp-content\/uploads\/16009980421729.png\" alt=\"product-Hommy-img\" title=\"\" width=\"350\" height=\"246\" border=\"0\" vspace=\"0\" style=\"width: 350px;height: 246px\"><\/p>\n<\/div>\n<\/div>\n<div class=\"col-md-6 col-sm-6 col-xs-6\">\n<div class=\"right-p\">\n<div class=\"h2 heading\">\n<p><span style=\"letter-spacing: 0px;font-size: 20px;font-family: arial, helvetica, sans-serif\">2. Das Bedienfeld zeigt deutlich den Fortschritt der Produktion, und die Zeit f\u00fcr jede Produktion kann eingestellt werden.<\/span><\/p>\n<p><span style=\"letter-spacing: 0px;font-size: 20px;font-family: arial, helvetica, sans-serif\"><br \/><\/span><\/p>\n<p><span style=\"letter-spacing: 0px;font-size: 20px;font-family: arial, helvetica, sans-serif\"><br \/><\/span><\/p>\n<p><span style=\"letter-spacing: 0px;font-size: 20px;font-family: arial, helvetica, sans-serif\"><br \/><\/span><\/p>\n<\/div>\n<\/div>\n<div class=\"graphic_pic animated wow bounceIn\" data-wow-delay=\".7s\">\n<p style=\"text-align:center\"><img loading=\"lazy\" decoding=\"async\" src=\"https:\/\/www.hommy.com\/wp-content\/uploads\/16009980857125.png\" alt=\"product-Hommy-img\" title=\"\" width=\"250\" height=\"438\" border=\"0\" vspace=\"0\" style=\"width: 250px;height: 438px\"><\/p>\n<\/div>\n<\/div>\n<\/div>\n<\/div>\n<p><strong><span style=\"letter-spacing: 0px;font-size: 29px;font-family: arial, helvetica, sans-serif\"><\/span><\/strong><\/p>\n<p>Dokument\uff1a<img decoding=\"async\" src=\"http:\/\/admin.allweyes.com\/templates\/admin\/default\/assets\/library\/ueditor\/dialogs\/attachment\/fileTypeImages\/icon_pdf.gif\" style=\"margin-right: 2px\" alt=\"Produkt-HM28B Gefrierschrank f\u00fcr Speiseeis-Hommy-img\" title=\"\"><a href=\"https:\/\/img80002414.weyesimg.com\/uploads\/www.hommy.com\/addon\/16026610416862.pdf\" title=\"16026610416862.pdf\" style=\"font-size: 12px\">16026610416862.pdf<\/a><\/p>\n<h2>Woher wei\u00df man, wann das Eis genug ger\u00fchrt ist?&nbsp;<\/h2>\n<p style=\"margin-top: 5px;margin-bottom: 5px\">Ob es fertig ist, l\u00e4sst sich am besten beurteilen, indem man einen langen L\u00f6ffel hineinsteckt. Das Eis sollte glatt und cremig, aber nicht zu weich sein. Wenn Sie feststellen, dass das Eis zu weich ist, ist es noch nicht fertig.<\/p>\n<p style=\"margin-top: 5px;margin-bottom: 5px\"><\/p>\n<h2>Wie kommt es, dass Breyers Eis nicht schmilzt?<\/h2>\n<p style=\"margin-top: 5px;margin-bottom: 5px\">Er wird aus Zutaten hergestellt, die bei hohen Temperaturen eingefroren werden.<\/p>\n<p style=\"margin-top: 5px;margin-bottom: 5px\">Breyers Ice Cream wird durch Einfrieren einer Grundmischung aus Milch, Zucker und Eiern bei sehr niedrigen Temperaturen hergestellt.&nbsp;<\/p>\n<p style=\"margin-top: 5px;margin-bottom: 5px\">Anschlie\u00dfend wird es mit einem Geschmackskonzentrat vermischt und bei sehr niedriger Temperatur wieder eingefroren.<\/p>\n<p style=\"margin-top: 5px;margin-bottom: 5px\"><\/p>\n<h2>Wie macht man selbstgemachtes Eis hart?<\/h2>\n<p style=\"margin-top: 5px;margin-bottom: 5px\">Die Zuckermenge h\u00e4ngt von der Art des Eises ab, das Sie herstellen. Zu Beginn werden mindestens 14% Zucker nach Gewicht zugesetzt, es k\u00f6nnen aber auch 20% oder sogar 30% sein. Speiseeis mit einem hohen Zuckergehalt ist formstabiler als Speiseeis mit einem niedrigeren Zuckergehalt.<\/p>\n<\/div><\/div>","protected":false},"excerpt":{"rendered":"<p>&nbsp;&nbsp;&nbsp;&nbsp; Gelato Machine Gelato Machine|Product specification|Product Features|Product Advantage If you&#039;re looking for an ice cream batch freezer that will help you take your business to the next level, you&#039;ve come to the right place. At Ice Cream Batch Freezer, we pride ourselves on providing our customers with the highest quality product possible. We believe that [&hellip;]<\/p>\n","protected":false},"featured_media":1932,"comment_status":"open","ping_status":"open","template":"","meta":{"_swt_meta_header_display":false,"_swt_meta_footer_display":false,"_swt_meta_site_title_display":false,"_swt_meta_sticky_header":false,"_swt_meta_transparent_header":false},"product_brand":[],"product_cat":[82],"product_tag":[],"class_list":{"0":"post-758","1":"product","2":"type-product","3":"status-publish","4":"has-post-thumbnail","6":"product_cat-hard-ice-cream-machine","8":"first","9":"instock","10":"shipping-taxable","11":"product-type-simple"},"_links":{"self":[{"href":"https:\/\/www.hommy.com\/de\/wp-json\/wp\/v2\/product\/758","targetHints":{"allow":["GET"]}}],"collection":[{"href":"https:\/\/www.hommy.com\/de\/wp-json\/wp\/v2\/product"}],"about":[{"href":"https:\/\/www.hommy.com\/de\/wp-json\/wp\/v2\/types\/product"}],"replies":[{"embeddable":true,"href":"https:\/\/www.hommy.com\/de\/wp-json\/wp\/v2\/comments?post=758"}],"wp:featuredmedia":[{"embeddable":true,"href":"https:\/\/www.hommy.com\/de\/wp-json\/wp\/v2\/media\/1932"}],"wp:attachment":[{"href":"https:\/\/www.hommy.com\/de\/wp-json\/wp\/v2\/media?parent=758"}],"wp:term":[{"taxonomy":"product_brand","embeddable":true,"href":"https:\/\/www.hommy.com\/de\/wp-json\/wp\/v2\/product_brand?post=758"},{"taxonomy":"product_cat","embeddable":true,"href":"https:\/\/www.hommy.com\/de\/wp-json\/wp\/v2\/product_cat?post=758"},{"taxonomy":"product_tag","embeddable":true,"href":"https:\/\/www.hommy.com\/de\/wp-json\/wp\/v2\/product_tag?post=758"}],"curies":[{"name":"wp","href":"https:\/\/api.w.org\/{rel}","templated":true}]}}