{"id":753,"date":"2024-07-02T16:03:42","date_gmt":"2024-07-02T16:03:42","guid":{"rendered":"http:\/\/localhost\/hommywp\/hm28-hot-sale-copper-evaporator-hard-ice-cream-machine-maker-price\/"},"modified":"2025-08-01T09:57:40","modified_gmt":"2025-08-01T09:57:40","slug":"hm28-harteis-maschine","status":"publish","type":"product","link":"https:\/\/www.hommy.com\/de\/p\/hm28-harteis-maschine\/","title":{"rendered":"Hm28 Hei\u00dfer Verkauf Kupferverdampfer Harteis-Maschine Preis"},"content":{"rendered":"<div>\n<p>&nbsp;&nbsp;&nbsp;&nbsp;<\/p>\n<h2 style=\"text-align: center\"><strong><span style=\"letter-spacing: 0px;font-size: 29px;font-family: arial, helvetica, sans-serif\"><a name=\"Gelato Ice Cream Maker\"><\/a>Gelato-Eiscreme-Maschine<\/span><\/strong><\/h2>\n<p style=\"text-align: center\"><a href=\"#Gelato Ice Cream Maker\" target=\"_self\" data-lv=\"0\" rel=\"noopener\"><span style=\"font-size: 16px\"><span style=\"letter-spacing: 0px;font-family: arial, helvetica, sans-serif\">Gelato-Eiscreme-Maschine<\/span><\/span><\/a><span style=\"font-size: 16px\"><span style=\"letter-spacing: 0px;font-family: arial, helvetica, sans-serif\">|<a href=\"#Product specification\" target=\"_self\" data-lv=\"0\" rel=\"noopener\">Produktspezifikation<\/a>|<a href=\"#Product Features\" target=\"_self\" data-lv=\"0\" rel=\"noopener\">Produktmerkmale<\/a>|<\/span><a href=\"#Product Advantage\" target=\"_self\" data-lv=\"0\" rel=\"noopener\"><span style=\"letter-spacing: 0px;font-family: arial, helvetica, sans-serif\">Produktvorteil<\/span><span style=\"letter-spacing: 0px;font-family: arial, helvetica, sans-serif\">e<\/span><\/a><\/span><\/p>\n<p><strong><span style=\"letter-spacing: 0px;font-size: 29px;font-family: arial, helvetica, sans-serif\"><br \/><\/span><\/strong><\/p>\n<p style=\"text-align: center\">\n<p>A <a style=\"color:blue\" href=\"https:\/\/www.hommy.com\/de\/harteiscreme-maschine\/\">Harteiscreme-Maschine<\/a> ist auch unter dem Namen Batch Freezer bekannt. Wir z\u00e4hlen zu den f\u00fchrenden Herstellern und Lieferanten von Harteis-Maschinen, die in verschiedenen Kapazit\u00e4ten, Gr\u00f6\u00dfen, Preisen und Designs erh\u00e4ltlich sind. Diese Maschinen sind f\u00fcr kleine und gro\u00dfe Produktion von Harteis geeignet.<\/p>\n<p>Werksdirekt hart <a style=\"color:blue\" href=\"\/de\/\">Speiseeismaschine<\/a>s sind jetzt f\u00fcr die \u00d6ffentlichkeit erh\u00e4ltlich! Diese Maschinen sind perfekt f\u00fcr alle, die k\u00f6stliches, hartes Eis genie\u00dfen m\u00f6chten, ohne sich dabei in Schwierigkeiten zu bringen.<\/p>\n<p>Unsere Harteismaschinen sind einfach zu bedienen und erfordern keine besonderen F\u00e4higkeiten oder Kenntnisse. Warum also warten? Bestellen Sie noch heute Ihre eigene Harteis-Maschine und genie\u00dfen Sie schon morgen k\u00f6stliches Harteis!<\/p>\n<p style=\"margin-bottom: 0px\"><span style=\"font-size: 24px\"><span style=\"font-weight: 700\"><span style=\"letter-spacing: 0px;font-family: arial, helvetica, sans-serif\"><br \/><\/span><\/span><\/span><\/p>\n<h2 style=\"margin-bottom: 0px\"><span style=\"font-size: 24px\"><span style=\"font-weight: 700\"><span style=\"letter-spacing: 0px;font-family: arial, helvetica, sans-serif\"><a name=\"Product specification\"><\/a>Produktspezifikation\uff1a<\/span><\/span><\/span><\/h2>\n<p style=\"margin-bottom: 0px\"><span style=\"font-size: 24px\"><span style=\"font-weight: 700\"><span style=\"letter-spacing: 0px;font-family: arial, helvetica, sans-serif\"><br \/><\/span><\/span><\/span><\/p>\n<p style=\"margin-bottom: 0px\"><span style=\"font-size: 24px\"><span style=\"font-weight: 700\"><span style=\"letter-spacing: 0px;font-family: arial, helvetica, sans-serif\"><br \/><\/span><\/span><\/span><\/p>\n<p style=\"margin-bottom: 0px;text-align: center\"><img decoding=\"async\" src=\"https:\/\/www.hommy.com\/wp-content\/uploads\/16008297565343-1.png\" alt=\"product-Hommy-img\" title=\"\"><\/p>\n<p><\/p>\n<p><span style=\"font-weight: 700\"><span style=\"letter-spacing: 0px;font-size: 24px;font-family: arial, helvetica, sans-serif\"><\/span><\/span><\/p>\n<div class=\"d-tem01-graphic tem01-graphic mockup\" data-detail=\"wrap\">\n<div class=\"cont-section clearfix d-clearfix\">\n<div class=\"col-md-6 col-sm-6 col-xs-6\"><\/p>\n<div class=\"graphic_pic animated wow bounceIn\" data-wow-delay=\".7s\">\n<p style=\"text-align:center\"><img loading=\"lazy\" decoding=\"async\" src=\"https:\/\/www.hommy.com\/wp-content\/uploads\/16008314161224.jpg\" alt=\"product-Hommy-img\" title=\"\" width=\"300\" height=\"627\" border=\"0\" vspace=\"0\" style=\"width: 300px;height: 627px\"><\/p>\n<\/div>\n<\/div>\n<div class=\"col-md-6 col-sm-6 col-xs-6\">\n<div class=\"right-p\">\n<div class=\"h2 heading\">\n<p style=\"margin-bottom: 0px;font-size: 22px;text-align: justify\"><span style=\"font-weight: 700\"><span style=\"letter-spacing: 0px;font-size: 24px;font-family: arial, helvetica, sans-serif\"><br \/><\/span><\/span><\/p>\n<p style=\"margin-bottom: 0px;font-size: 22px;text-align: justify\"><span style=\"font-weight: 700\"><span style=\"letter-spacing: 0px;font-size: 24px;font-family: arial, helvetica, sans-serif\"><br \/><\/span><\/span><\/p>\n<p style=\"margin-bottom: 0px;font-size: 22px;text-align: justify\"><span style=\"font-weight: 700\"><span style=\"letter-spacing: 0px;font-size: 24px;font-family: arial, helvetica, sans-serif\"><br \/><\/span><\/span><\/p>\n<h2 style=\"margin-bottom: 0px;font-size: 22px;text-align: justify\"><span style=\"font-weight: 700\"><span style=\"letter-spacing: 0px;font-size: 24px;font-family: arial, helvetica, sans-serif\"><a name=\"Product Features\"><\/a>Produktmerkmale:<\/span><\/span><\/h2>\n<p style=\"margin-bottom: 0px;font-size: 22px;text-align: justify\"><span style=\"font-weight: 700\"><span style=\"letter-spacing: 0px;font-size: 24px;font-family: arial, helvetica, sans-serif\"><br \/><\/span><\/span><\/p>\n<p style=\"margin-bottom: 0px;font-size: 22px;padding: 0px;vertical-align: baseline\"><span style=\"font-family: arial, helvetica, sans-serif\"><span style=\"letter-spacing: 0px;font-size: 19px\"><\/span><span style=\"font-size: 20px\"><span style=\"font-family: Calibri\">\u25c6&nbsp;<\/span><span style=\"letter-spacing: 0px\">Die Kompressoren der Weltmarke Tecumseh funktionieren im eingeschwungenen Zustand.<\/span><\/span><\/span><\/p>\n<p style=\"margin-bottom: 0px;font-size: 22px;padding: 0px;vertical-align: baseline\"><span style=\"font-family: arial, helvetica, sans-serif;font-size: 20px\"><span style=\"font-family: Calibri;letter-spacing: 0px;font-size: 19px\"><\/span><span style=\"font-family: Calibri;font-size: 19px\">\u25c6&nbsp;<\/span><span style=\"font-family: Calibri;letter-spacing: 0px;font-size: 19px\">Starker Elektromotor, Leistung bis zu 5000W.<\/span><\/span><\/p>\n<p style=\"margin-bottom: 0px;font-size: 22px;padding: 0px;vertical-align: baseline\"><span style=\"font-family: arial, helvetica, sans-serif;font-size: 20px\"><span style=\"letter-spacing: 0px;font-family: Calibri;font-size: 19px\">\u25c6<\/span><span style=\"font-family: Calibri;letter-spacing: 0px;font-size: 19px\">&nbsp;Frisches neues Design der doppelten Rillenscheibe, stabile Rotation, geringes Rauschen, geringe Vibration, kein Schlupf.  Die Lebensdauer des Riemens ist 75% l\u00e4nger als das alte Design.  Und die Funktion der Eismaschine ist viel stabiler als der nationale Standard.<\/span><\/span><\/p>\n<p style=\"margin-bottom: 0px;font-size: 22px;padding: 0px;vertical-align: baseline\"><span style=\"font-family: arial, helvetica, sans-serif;font-size: 20px\"><span style=\"letter-spacing: 0px;font-family: Calibri;font-size: 19px\">\u25c6<\/span><span style=\"font-family: Calibri;letter-spacing: 0px;font-size: 19px\">&nbsp;Zuletzt anwenden&nbsp;<\/span><span style=\"font-family: \u5b8b\u4f53;letter-spacing: 0px;font-size: 19px\">Forschung<\/span><span style=\"font-family: Calibri;letter-spacing: 0px;font-size: 19px\">&nbsp;Leistung, verst\u00e4rken die Dicke der Schaumstoffschicht, bieten eine bessere Isolierung und sparen mehr Energie, h\u00e4lt das Eis in bestimmten Temperatur,&nbsp;<\/span><span style=\"font-family: \u5b8b\u4f53;letter-spacing: 0px;font-size: 19px\">pflegen.<\/span><span style=\"font-family: Calibri;letter-spacing: 0px;font-size: 19px\">&nbsp;den Originalgeschmack.<\/span><\/span><\/p>\n<p style=\"margin-bottom: 0px;font-size: 22px;padding: 0px;vertical-align: baseline\"><span style=\"font-family: arial, helvetica, sans-serif;font-size: 20px\"><span style=\"letter-spacing: 0px;font-family: Calibri;font-size: 19px\">\u25c6&nbsp;<\/span><span style=\"font-family: Calibri;letter-spacing: 0px;font-size: 19px\">Der Verdampfer aus reinem Kupfer sorgt f\u00fcr eine schnellere W\u00e4rme\u00fcbertragung und verbessert die Effizienz.<\/span><\/span><\/p>\n<p style=\"margin-bottom: 0px;font-size: 22px;padding: 0px;vertical-align: baseline\"><span style=\"font-family: arial, helvetica, sans-serif;font-size: 20px\"><span style=\"letter-spacing: 0px;font-family: Calibri;font-size: 19px\">\u25c6<\/span><span style=\"font-family: Calibri;letter-spacing: 0px;font-size: 19px\">&nbsp;Die gro\u00dfen L\u00fcfterbl\u00e4tter halten den L\u00e4rmpegel niedrig und sorgen gleichzeitig f\u00fcr eine ausreichende Luftmenge.<\/span><\/span><\/p>\n<p style=\"margin-bottom: 0px;font-size: 22px;padding: 0px;vertical-align: baseline\"><span style=\"font-family: Calibri;letter-spacing: 0px;font-size: 20px\"><span style=\"letter-spacing: 0px;font-family: arial, helvetica, sans-serif\">\u25c6&nbsp;<\/span>Modernstes Bediensystem, die Bedienung der Maschine auf einen Blick.<\/span><\/p>\n<\/div>\n<\/div>\n<p>&nbsp; &nbsp; &nbsp; &nbsp; &nbsp; &nbsp;<\/p><\/div>\n<\/div>\n<\/div>\n<p><span style=\"font-weight: 700\"><span style=\"letter-spacing: 0px;font-size: 24px;font-family: arial, helvetica, sans-serif\"><br \/><\/span><\/span><\/p>\n<h2><span style=\"font-weight: 700\"><span style=\"letter-spacing: 0px;font-size: 24px;font-family: arial, helvetica, sans-serif\"><a name=\"Product Advantage\"><\/a>Produktvorteil:<\/span><\/span><\/h2>\n<p><span style=\"font-weight: 700\"><span style=\"letter-spacing: 0px;font-size: 24px;font-family: arial, helvetica, sans-serif\"><\/span><\/span><\/p>\n<div class=\"d-tem01-graphic tem01-graphic mockup\" data-detail=\"wrap\">\n<div class=\"cont-section clearfix d-clearfix\">\n<div class=\"col-md-6 col-sm-6 col-xs-6\">\n<div class=\"right-p\">\n<p><span style=\"letter-spacing: 0px;font-size: 20px;font-family: arial, helvetica, sans-serif\"><span style=\"color:#000000;font-family:arial, helvetica, sans-serif\">1.&nbsp;<\/span><\/span><span style=\"font-family: arial, helvetica, sans-serif\"><span style=\"font-family: Calibri;letter-spacing: 0px;font-size: 20px\">Hochverschlei\u00dffester R\u00fchrstab, importiertes lebensmittelechtes Material, macht Schluss mit thermischer Ausdehnung und Kontraktion, reduziert den Leerraum im Schabzylinder, macht den Geschmack von Eiscreme zarter und geschmeidiger<\/span><span style=\"font-family: \u5b8b\u4f53;letter-spacing: 0px;font-size: 20px\">.<\/span><\/span><\/p>\n<p><span style=\"font-family: arial, helvetica, sans-serif\"><span style=\"font-family: \u5b8b\u4f53;letter-spacing: 0px;font-size: 20px\"><br \/><\/span><\/span><\/p>\n<p><span style=\"font-family: arial, helvetica, sans-serif;font-size: 20px\"><\/span><\/div>\n<div class=\"graphic_pic animated wow bounceIn\" data-wow-delay=\".7s\">\n<p style=\"text-align:center\"><img loading=\"lazy\" decoding=\"async\" src=\"https:\/\/www.hommy.com\/wp-content\/uploads\/16008316805808.png\" alt=\"product-Hommy-img\" title=\"\" width=\"350\" height=\"177\" border=\"0\" vspace=\"0\" style=\"width: 350px;height: 177px\"><\/p>\n<\/div>\n<\/div>\n<div class=\"col-md-6 col-sm-6 col-xs-6\">\n<div class=\"right-p\">\n<p><span style=\"font-family: arial, helvetica, sans-serif;font-size: 20px\">2. der Edelstahl-Thermoblock ist sauber und hygienisch, mit hohem Dichtungsgrad, einfacher Bedienung und sch\u00f6nem Aussehen.<\/span><span style=\"font-size: 14px\"><\/span><\/p>\n<p><span style=\"font-size: 14px\"><br \/><\/span><\/p>\n<p><span style=\"font-size: 14px\"><br \/><\/span><\/p>\n<\/div>\n<div class=\"graphic_pic animated wow bounceIn\" data-wow-delay=\".7s\">\n<p style=\"text-align:center\"><img loading=\"lazy\" decoding=\"async\" src=\"https:\/\/www.hommy.com\/wp-content\/uploads\/16008316531897.png\" alt=\"product-Hommy-HM28 Harteis-Maschine-img\" title=\"\" width=\"350\" height=\"279\" border=\"0\" vspace=\"0\" style=\"width: 350px;height: 279px\"><\/p>\n<\/div>\n<\/div>\n<\/div>\n<\/div>\n<div class=\"d-tem01-graphic tem01-graphic mockup\" data-detail=\"wrap\">\n<div class=\"cont-section clearfix d-clearfix\">\n<div class=\"col-md-6 col-sm-6 col-xs-6\">\n<div class=\"right-p\">\n<div class=\"h2 heading\"><span style=\"font-family: arial, helvetica, sans-serif;font-size: 20px\">3. Das Bedienfeld zeigt deutlich den Fortschritt der Produktion, und die Zeit f\u00fcr jede Produktion kann eingestellt werden.<\/span><\/div>\n<\/div>\n<div class=\"graphic_pic animated wow bounceIn\" data-wow-delay=\".7s\">\n<p style=\"text-align:center\"><img loading=\"lazy\" decoding=\"async\" src=\"https:\/\/www.hommy.com\/wp-content\/uploads\/16008316138767.png\" alt=\"Produkt-HM28 Harteis-Maschine-Hommy-img\" title=\"\" width=\"350\" height=\"500\" border=\"0\" vspace=\"0\" style=\"width: 350px;height: 500px\"><\/p>\n<\/div>\n<\/div>\n<p>&nbsp; &nbsp; &nbsp; &nbsp; &nbsp; &nbsp;<\/div>\n<\/div>\n<p>Dokument\uff1a<img decoding=\"async\" src=\"https:\/\/www.hommy.com\/wp-content\/uploads\/icon_pdf-43.gif\" style=\"margin-right: 2px\" alt=\"product-Hommy-img\" title=\"\"><a href=\"https:\/\/img80002414.weyesimg.com\/uploads\/www.hommy.com\/addon\/16027247133039.pdf\" title=\"16027247133039.pdf\" style=\"font-size: 12px\">16027247133039.pdf<\/a><\/p>\n<h2>Ist selbstgemachtes Speiseeis schlecht f\u00fcr Sie?<\/h2>\n<p style=\"margin-top: 5px;margin-bottom: 5px\"><\/p>\n<p style=\"margin-top: 5px;margin-bottom: 5px\">Als jemand, der tagt\u00e4glich mit Lebensmitteln zu tun hat, bin ich immer neugierig auf die neuesten Ern\u00e4hrungstrends und ihre Auswirkungen auf die Lebensmittelindustrie.<\/p>\n<p style=\"margin-top: 5px;margin-bottom: 5px\"><\/p>\n<p style=\"margin-top: 5px;margin-bottom: 5px\">Ich bin sogar eingeladen worden, im Fernsehen \u00fcber gesunde Ern\u00e4hrung zu sprechen.<\/p>\n<p style=\"margin-top: 5px;margin-bottom: 5px\"><\/p>\n<p style=\"margin-top: 5px;margin-bottom: 5px\">Ein Ern\u00e4hrungstrend, von dem ich in letzter Zeit immer wieder h\u00f6re, ist die Behauptung, dass das selbstgemachte Eis den Menschen besser schmeckt\".<\/p>\n<p style=\"margin-top: 5px;margin-bottom: 5px\"><\/p>\n<p style=\"margin-top: 5px;margin-bottom: 5px\">Ich kann verstehen, warum die Menschen ein Eis herstellen m\u00f6chten, das besser ist als das, was sie in einem Gesch\u00e4ft oder im Flugzeug kaufen k\u00f6nnen. Eis zu Hause zu machen ist lohnender, und man kann genau kontrollieren, was in das Produkt kommt.<\/p>\n<p style=\"margin-top: 5px;margin-bottom: 5px\"><\/p>\n<h2>Kann man nach dem Verzehr von Speiseeis Wasser trinken?<\/h2>\n<p style=\"margin-top: 5px;margin-bottom: 5px\"><\/p>\n<p style=\"margin-top: 5px;margin-bottom: 5px\">Ich habe nur etwas Eis zum Abendessen gegessen (Erdbeer-Kokosnuss) und dann etwas Wasser getrunken. Mein Magen f\u00fchlte sich danach nicht gut an. Kann ich Wasser trinken, nachdem ich Eis gegessen habe? Ich habe dieses Problem noch nie gehabt.<\/p>\n<p style=\"margin-top: 5px;margin-bottom: 5px\"><\/p>\n<p style=\"margin-top: 5px;margin-bottom: 5px\">Was ist die beste Eissorte? Ich liebe Pistazien, weil sie so knackig sind, aber ich habe geh\u00f6rt, dass sie nicht gut f\u00fcr die Verdauung sind.<\/p>\n<p style=\"margin-top: 5px;margin-bottom: 5px\"><\/p>\n<p style=\"margin-top: 5px;margin-bottom: 5px\"><\/p>\n<h2>Ist gefrorener Custard dasselbe wie Eiscreme?<\/h2>\n<p style=\"margin-top: 5px;margin-bottom: 5px\"><\/p>\n<p style=\"margin-top: 5px;margin-bottom: 5px\">A:<\/p>\n<p style=\"margin-top: 5px;margin-bottom: 5px\"><\/p>\n<p style=\"margin-top: 5px;margin-bottom: 5px\">Speiseeis wird aus teilweise gefrorener Eismilch hergestellt und in der Regel mit Kugeln aus Vanille- und Schokoladeneisriegeln serviert. Gefrorener Pudding wird normalerweise direkt aus der Eismaschine oder in einer Eist\u00fcte serviert.&nbsp;<\/p>\n<\/div><\/div>","protected":false},"excerpt":{"rendered":"<p>&nbsp;&nbsp;&nbsp;&nbsp; Gelato Ice Cream Maker Gelato Ice Cream Maker|Product specification|Product Features|Product Advantage A hard ice cream machine is also known by the name as batch freezer. We are counted among the leading manufacturers and suppliers of hard ice cream machine, that are available in different capacities, sizes, prices, and designs. These machines are suitable for [&hellip;]<\/p>\n","protected":false},"featured_media":1931,"comment_status":"open","ping_status":"open","template":"","meta":{"_swt_meta_header_display":false,"_swt_meta_footer_display":false,"_swt_meta_site_title_display":false,"_swt_meta_sticky_header":false,"_swt_meta_transparent_header":false},"product_brand":[],"product_cat":[82],"product_tag":[],"class_list":{"0":"post-753","1":"product","2":"type-product","3":"status-publish","4":"has-post-thumbnail","6":"product_cat-hard-ice-cream-machine","8":"first","9":"instock","10":"shipping-taxable","11":"product-type-simple"},"_links":{"self":[{"href":"https:\/\/www.hommy.com\/de\/wp-json\/wp\/v2\/product\/753","targetHints":{"allow":["GET"]}}],"collection":[{"href":"https:\/\/www.hommy.com\/de\/wp-json\/wp\/v2\/product"}],"about":[{"href":"https:\/\/www.hommy.com\/de\/wp-json\/wp\/v2\/types\/product"}],"replies":[{"embeddable":true,"href":"https:\/\/www.hommy.com\/de\/wp-json\/wp\/v2\/comments?post=753"}],"wp:featuredmedia":[{"embeddable":true,"href":"https:\/\/www.hommy.com\/de\/wp-json\/wp\/v2\/media\/1931"}],"wp:attachment":[{"href":"https:\/\/www.hommy.com\/de\/wp-json\/wp\/v2\/media?parent=753"}],"wp:term":[{"taxonomy":"product_brand","embeddable":true,"href":"https:\/\/www.hommy.com\/de\/wp-json\/wp\/v2\/product_brand?post=753"},{"taxonomy":"product_cat","embeddable":true,"href":"https:\/\/www.hommy.com\/de\/wp-json\/wp\/v2\/product_cat?post=753"},{"taxonomy":"product_tag","embeddable":true,"href":"https:\/\/www.hommy.com\/de\/wp-json\/wp\/v2\/product_tag?post=753"}],"curies":[{"name":"wp","href":"https:\/\/api.w.org\/{rel}","templated":true}]}}