{"id":746,"date":"2024-07-02T16:03:38","date_gmt":"2024-07-02T16:03:38","guid":{"rendered":"http:\/\/localhost\/hommywp\/hm18-professional-batch-freezer-for-ice-cream-gelato\/"},"modified":"2025-08-01T09:57:40","modified_gmt":"2025-08-01T09:57:40","slug":"hm18-gefrierschrank","status":"publish","type":"product","link":"https:\/\/www.hommy.com\/de\/p\/hm18-gefrierschrank\/","title":{"rendered":"Hm18 Professioneller Gefrierschrank f\u00fcr Speiseeis und Gelato"},"content":{"rendered":"<div>\n<p style=\"text-align: center\">&nbsp; &nbsp; &nbsp; &nbsp; &nbsp; &nbsp;<span style=\"font-family: inherit;font-size: 22px\"><br \/><\/span><\/p>\n<h2 style=\"text-align: center\"><span style=\"font-family: arial, helvetica, sans-serif\"><strong><span style=\"letter-spacing: 0px;font-size: 29px\"><a name=\"Table top Gelato Maker\"><\/a>Tisch-Gelato-Maschine<\/span><\/strong><\/span><\/h2>\n<p style=\"text-align: center\"><a href=\"#Table top Gelato Maker\" target=\"_self\" data-lv=\"0\" rel=\"noopener\"><span style=\"font-family: \u5b8b\u4f53;letter-spacing: 0px;font-size: 16px\">Tisch-Gelato-Maschine<\/span><\/a><span style=\"font-family: \u5b8b\u4f53;letter-spacing: 0px;font-size: 16px\">|<a href=\"#Product specification\" target=\"_self\" data-lv=\"0\" rel=\"noopener\">Produktspezifikation<\/a>|<a href=\"#Product Features\" target=\"_self\" data-lv=\"0\" rel=\"noopener\">Produktmerkmale<\/a>|<a href=\"#Product Advantage\" target=\"_self\" data-lv=\"0\" rel=\"noopener\">Produktvorteil<\/a>&nbsp;<\/span><\/p>\n<p><\/p>\n<p style=\"text-align: center\"><div style=\"width: 640px;\" class=\"wp-video\"><video class=\"wp-video-shortcode\" id=\"video-746-1\" width=\"640\" height=\"360\" preload=\"metadata\" controls=\"controls\"><source type=\"video\/mp4\" src=\"https:\/\/img80002414.weyesimg.com\/uploads\/www.hommy.com\/video\/16008293811244.mp4?_=1\" \/><a href=\"https:\/\/img80002414.weyesimg.com\/uploads\/www.hommy.com\/video\/16008293811244.mp4\">https:\/\/img80002414.weyesimg.com\/uploads\/www.hommy.com\/video\/16008293811244.mp4<\/a><\/video><\/div><\/p>\n<p>Das Angebot <a style=\"color:blue\" href=\"https:\/\/www.hommy.com\/de\/harteiscreme-maschine\/\">Batch Freezer<\/a> wird unter Verwendung hochwertigster Materialien und Komponenten unter der Anleitung von Fachleuten hergestellt. Dar\u00fcber hinaus sind diese Maschinen weit verbreitet f\u00fcr kommerzielle Zwecke verwendet. Diese Batch Freezer ist in verschiedenen Gr\u00f6\u00dfen wie pro die Anforderungen der Kunden zur Verf\u00fcgung gestellt. Die angebotene Batch Freezer ist zu marktf\u00fchrenden Preisen zur Verf\u00fcgung gestellt.<\/p>\n<h2><span style=\"font-size: 24px\"><strong><span style=\"letter-spacing: 0px;font-family: arial, helvetica, sans-serif\"><a name=\"Product specification\"><\/a>Produktspezifikation\uff1a<\/span><\/strong><\/span><\/h2>\n<p><span style=\"font-size: 24px\"><strong><span style=\"letter-spacing: 0px;font-family: arial, helvetica, sans-serif\"><br \/><\/span><\/strong><\/span><\/p>\n<p style=\"text-align: center\"><img decoding=\"async\" src=\"https:\/\/www.hommy.com\/wp-content\/uploads\/16008297565343.png\" alt=\"product-Hommy-img\" title=\"\"><\/p>\n<p><\/p>\n<p><\/p>\n<div class=\"d-tem01-graphic tem01-graphic mockup\" data-detail=\"wrap\">\n<div class=\"cont-section clearfix d-clearfix\">\n<div class=\"col-md-6 col-sm-6 col-xs-6\"><\/p>\n<div class=\"graphic_pic animated wow bounceIn\" data-wow-delay=\".7s\">\n<p style=\"text-align:center\"><img loading=\"lazy\" decoding=\"async\" src=\"https:\/\/www.hommy.com\/wp-content\/uploads\/16008300224037.jpg\" alt=\"product-Hommy-img\" title=\"\" width=\"450\" height=\"500\" border=\"0\" vspace=\"0\" style=\"width: 450px;height: 500px\"><\/p>\n<\/div>\n<\/div>\n<div class=\"col-md-6 col-sm-6 col-xs-6\">\n<div class=\"right-p\">\n<div class=\"h2 heading\">\n<p style=\"margin-top:0;margin-right:0;margin-bottom:0;margin-left:0;text-indent:0;text-align:justify\"><strong><span style=\"letter-spacing: 0px;font-size: 24px;font-family: arial, helvetica, sans-serif\"><br \/><\/span><\/strong><\/p>\n<p style=\"margin-top:0;margin-right:0;margin-bottom:0;margin-left:0;text-indent:0;text-align:justify\"><strong><span style=\"letter-spacing: 0px;font-size: 24px;font-family: arial, helvetica, sans-serif\"><br \/><\/span><\/strong><\/p>\n<p style=\"margin-top:0;margin-right:0;margin-bottom:0;margin-left:0;text-indent:0;text-align:justify\"><strong><span style=\"letter-spacing: 0px;font-size: 24px;font-family: arial, helvetica, sans-serif\"><br \/><\/span><\/strong><\/p>\n<h2 style=\"margin: 0px;text-indent: 0px;text-align: justify\"><strong><span style=\"letter-spacing: 0px;font-size: 24px;font-family: arial, helvetica, sans-serif\"><a name=\"Product Features\"><\/a>Produktmerkmale:<\/span><\/strong><\/h2>\n<p style=\"margin-top:0;margin-right:0;margin-bottom:0;margin-left:0;text-indent:0;text-align:justify\"><strong><span style=\"letter-spacing: 0px;font-size: 24px;font-family: arial, helvetica, sans-serif\"><br \/><\/span><\/strong><\/p>\n<p style=\"text-indent: 0;padding: 0;vertical-align: baseline\"><span style=\"font-family: arial, helvetica, sans-serif\"><span style=\"letter-spacing: 0px;font-size: 19px\"><\/span><span style=\"font-family: arial, helvetica, sans-serif;font-size: 20px\"><span style=\"font-family: Calibri\">\u25c6&nbsp;<\/span><span style=\"font-family: arial, helvetica, sans-serif;letter-spacing: 0px\">Die Kompressoren der Weltmarke Tecumseh funktionieren im eingeschwungenen Zustand.<\/span><\/span><\/span><\/p>\n<p style=\"text-indent: 0;padding: 0;vertical-align: baseline\"><span style=\"font-family: arial, helvetica, sans-serif;font-size: 20px\"><span style=\"font-family: Calibri;letter-spacing: 0px;font-size: 19px\"><\/span><span style=\"font-family: Calibri;font-size: 19px\">\u25c6&nbsp;<\/span><span style=\"font-family: Calibri;letter-spacing: 0px;font-size: 19px\">Starker Elektromotor, Leistung bis zu 5000W.<\/span><\/span><\/p>\n<p style=\"text-indent: 0;padding: 0;vertical-align: baseline\"><span style=\"font-family: arial, helvetica, sans-serif;font-size: 20px\"><span style=\"letter-spacing: 0px;font-family: Calibri;font-size: 19px\">\u25c6<\/span><span style=\"font-family: Calibri;letter-spacing: 0px;font-size: 19px\">&nbsp;Frisches neues Design der doppelten Rillenscheibe, stabile Rotation, geringes Rauschen, geringe Vibration, kein Schlupf.  Die Lebensdauer des Riemens ist 75% l\u00e4nger als das alte Design.  Und die <a style=\"color:blue\" href=\"\/de\/\">Speiseeismaschine<\/a> Funktion ist weitaus stabiler als der nationale Standard.<\/span><\/span><\/p>\n<p style=\"text-indent: 0;padding: 0;vertical-align: baseline\"><span style=\"font-family: arial, helvetica, sans-serif;font-size: 20px\"><span style=\"letter-spacing: 0px;font-family: Calibri;font-size: 19px\">\u25c6<\/span><span style=\"font-family: Calibri;letter-spacing: 0px;font-size: 19px\">&nbsp;Zuletzt anwenden <\/span><span style=\"font-family: \u5b8b\u4f53;letter-spacing: 0px;font-size: 19px\">Forschung<\/span><span style=\"font-family: Calibri;letter-spacing: 0px;font-size: 19px\">&nbsp;Leistung, verst\u00e4rken die Dicke der Schaumstoffschicht, bieten eine bessere Isolierung und sparen mehr Energie, h\u00e4lt das Eis in bestimmten Temperatur, <\/span><span style=\"font-family: \u5b8b\u4f53;letter-spacing: 0px;font-size: 19px\">pflegen.<\/span><span style=\"font-family: Calibri;letter-spacing: 0px;font-size: 19px\">&nbsp;den Originalgeschmack.<\/span><\/span><\/p>\n<p style=\"text-indent: 0;padding: 0;vertical-align: baseline\"><span style=\"font-family: arial, helvetica, sans-serif;font-size: 20px\"><span style=\"letter-spacing: 0px;font-family: Calibri;font-size: 19px\">\u25c6&nbsp;<\/span><span style=\"font-family: Calibri;letter-spacing: 0px;font-size: 19px\">Der Verdampfer aus reinem Kupfer sorgt f\u00fcr eine schnellere W\u00e4rme\u00fcbertragung und verbessert die Effizienz.<\/span><\/span><\/p>\n<p style=\"text-indent: 0;padding: 0;vertical-align: baseline\"><span style=\"font-family: arial, helvetica, sans-serif;font-size: 20px\"><span style=\"letter-spacing: 0px;font-family: Calibri;font-size: 19px\">\u25c6<\/span><span style=\"font-family: Calibri;letter-spacing: 0px;font-size: 19px\">&nbsp;Die gro\u00dfen L\u00fcfterbl\u00e4tter halten den L\u00e4rmpegel niedrig und sorgen gleichzeitig f\u00fcr eine ausreichende Luftmenge.<\/span><\/span><\/p>\n<p style=\"text-indent: 0;padding: 0;vertical-align: baseline\"><span style=\"font-family: Calibri;letter-spacing: 0px;font-size: 20px\"><span style=\"letter-spacing: 0px;font-size: 20px;font-family: arial, helvetica, sans-serif\">\u25c6&nbsp;<\/span>Modernstes Bediensystem, die Bedienung der Maschine auf einen Blick.<\/span><\/p>\n<p><span style=\"font-size: 14px;font-family: arial, helvetica, sans-serif\"><\/span><\/div>\n<\/div>\n<p><\/p>\n<p>&nbsp; &nbsp; &nbsp; &nbsp; &nbsp; &nbsp;<\/p>\n<\/div>\n<\/div>\n<\/div>\n<p><\/p>\n<h2><strong><span style=\"letter-spacing: 0px;font-size: 24px;font-family: arial, helvetica, sans-serif\"><a name=\"Product Advantage\"><\/a>Produktvorteil:<\/span><\/strong><\/h2>\n<p><strong><span style=\"letter-spacing: 0px;font-size: 24px;font-family: arial, helvetica, sans-serif\"><\/span><\/strong><\/p>\n<div class=\"d-tem01-graphic tem01-graphic mockup\" data-detail=\"wrap\">\n<div class=\"cont-section clearfix d-clearfix\">\n<div class=\"col-md-6 col-sm-6 col-xs-6\">\n<div class=\"right-p\">\n<p><span style=\"font-family: arial, helvetica, sans-serif;letter-spacing: 0px;font-size: 20px\">1. Hoch verschlei\u00dffeste R\u00fchrstange, importierte Lebensmittelqualit\u00e4t Material, setzen ein Ende der thermischen Ausdehnung und Kontraktion, reduzieren Schaben Zylinder leer, machen Eis Geschmack mehr zart und glatt.<\/span><\/p>\n<p><span style=\"font-family: \u5b8b\u4f53;letter-spacing: 0px;font-size: 20px\"><br \/><\/span><\/p>\n<\/div>\n<div class=\"graphic_pic animated wow bounceIn\" data-wow-delay=\".7s\">\n<p style=\"text-align:center\"><img loading=\"lazy\" decoding=\"async\" src=\"https:\/\/www.hommy.com\/wp-content\/uploads\/16008302553521.png\" alt=\"Produkt-Hommy-HM18 Gefrierschrank-img\" title=\"\" width=\"350\" height=\"177\" border=\"0\" vspace=\"0\" style=\"width: 350px;height: 177px\"><\/p>\n<\/div>\n<\/div>\n<div class=\"col-md-6 col-sm-6 col-xs-6\">\n<div class=\"right-p\">\n<p><span style=\"letter-spacing: 0px;font-family: arial, helvetica, sans-serif;font-size: 20px\">2. der Edelstahl-Thermoblock ist sauber und hygienisch, mit hohem Dichtungsgrad, einfacher Bedienung und sch\u00f6nem Aussehen.<\/span><\/p>\n<p><span style=\"letter-spacing: 0px;font-family: arial, helvetica, sans-serif;font-size: 20px\"><br \/><\/span><\/p>\n<p><span style=\"letter-spacing: 0px;font-family: arial, helvetica, sans-serif;font-size: 20px\"><br \/><\/span><\/p>\n<\/div>\n<div class=\"graphic_pic animated wow bounceIn\" data-wow-delay=\".7s\">\n<p style=\"text-align:center\"><img loading=\"lazy\" decoding=\"async\" src=\"https:\/\/www.hommy.com\/wp-content\/uploads\/16008303362540.png\" alt=\"product-Hommy-img\" title=\"\" width=\"350\" height=\"279\" border=\"0\" vspace=\"0\" style=\"width: 350px;height: 279px\"><\/p>\n<\/div>\n<\/div>\n<\/div>\n<\/div>\n<div class=\"d-tem01-graphic tem01-graphic mockup\" data-detail=\"wrap\">\n<div class=\"cont-section clearfix d-clearfix\">\n<div class=\"col-md-6 col-sm-6 col-xs-6\">\n<div class=\"right-p\">\n<div class=\"description\">\n<p style=\"text-indent: 0;padding: 0;vertical-align: baseline\"><span style=\"letter-spacing: 0px;font-size: 20px;font-family: arial, helvetica, sans-serif\">3. Das Bedienfeld zeigt deutlich den Fortschritt der Produktion, und die Zeit f\u00fcr jede Produktion kann eingestellt werden.<\/span><\/p>\n<p style=\"text-indent: 0;padding: 0;vertical-align: baseline\"><span style=\"font-family: \u5b8b\u4f53;letter-spacing: 0;font-size: 20px\"><\/span><\/p>\n<\/div>\n<\/div>\n<div class=\"graphic_pic animated wow bounceIn\" data-wow-delay=\".7s\">\n<p style=\"text-align:center\"><img loading=\"lazy\" decoding=\"async\" src=\"https:\/\/www.hommy.com\/wp-content\/uploads\/16008303755211.png\" alt=\"product-Hommy-img\" title=\"\" width=\"350\" height=\"500\" border=\"0\" vspace=\"0\" style=\"width: 350px;height: 500px\"><\/p>\n<\/div>\n<\/div>\n<p>&nbsp; &nbsp; &nbsp; &nbsp; &nbsp; &nbsp;<\/div>\n<\/div>\n<p>Dokument\uff1a<img decoding=\"async\" src=\"icon_pdf.gif\" style=\"margin-right: 2px\" alt=\"Produkt-HM18-Batch-Gefrierschrank-Hommy-img\" title=\"\"><a href=\"https:\/\/img80002414.weyesimg.com\/uploads\/www.hommy.com\/addon\/16027255424095.pdf\" title=\"16027255424095.pdf\" style=\"font-size: 12px\">16027255424095.pdf<\/a><\/p>\n<h2 style=\"font-family: sans-serif\">Lohnt es sich, sein eigenes Eis herzustellen?&nbsp;<\/h2>\n<p style=\"margin-top: 5px;margin-bottom: 5px;font-family: sans-serif;font-size: 16px\">Vielleicht, aber nur, wenn es sich wirklich lohnt. Speiseeis muss keine teure Angelegenheit sein. Man muss nur wissen, wie man das Produkt zubereitet, denn es gibt viele Dinge, die man braucht, um das perfekte selbstgemachte Eis herzustellen. Das Wichtigste sind die Zutaten und die Ausr\u00fcstung. Sie brauchen eine <a style=\"color:blue\" href=\"\/de\/\">Eismaschine<\/a>, eine elektrische Handgefriermaschine und einen K\u00fchlschrank mit Gefrierfach.<\/p>\n<p style=\"margin-top: 5px;margin-bottom: 5px;font-family: sans-serif;font-size: 16px\"><\/p>\n<h2 style=\"font-family: sans-serif\">Welcher Pr\u00e4sident hat Eiscreme popul\u00e4r gemacht?<\/h2>\n<p style=\"margin-top: 5px;margin-bottom: 5px;font-family: sans-serif;font-size: 16px\">Laut dem Buch Strawberry Shortcake's Berry Bitty Adventures war es Pr\u00e4sident Franklin Delano Roosevelt. FDR ist derjenige, der Eiscreme auf den Tisch jeder Familie brachte und es zu einem festen Bestandteil der Gesellschaft machte. Dieses Bild von Roosevelt scheint eine Anspielung auf eine der gr\u00f6\u00dften und umstrittensten Ma\u00dfnahmen des New Deal zu sein, den Social Security Act.<\/p>\n<p style=\"margin-top: 5px;margin-bottom: 5px;font-family: sans-serif;font-size: 16px\"><\/p>\n<h2 style=\"font-family: sans-serif\">Ist in Eiscreme Schweinefleisch enthalten?<\/h2>\n<p style=\"margin-top: 5px;margin-bottom: 5px;font-family: sans-serif;font-size: 16px\">Ich wei\u00df, dass es Zucker enth\u00e4lt. Wenn ich ein Schokoladeneis machen w\u00fcrde, w\u00fcrde ich dann Schweinefett oder einfach nur Schweineschmalz verwenden?Was ist mit Rindfleisch? Ich w\u00fcrde denken, dass es in Ordnung ist, Rinderfett zu verwenden.<\/p>\n<\/div><\/div>","protected":false},"excerpt":{"rendered":"<p>&nbsp; &nbsp; &nbsp; &nbsp; &nbsp; &nbsp; Table top Gelato Maker Table top Gelato Maker|Product specification|Product Features|Product Advantage&nbsp; The offered Batch Freezer is manufactured using the finest quality material and components under the guidance of skilled professionals. In addition, this machines are widely used for commercial purposes. This Batch Freezer is provided in various sizes as [&hellip;]<\/p>\n","protected":false},"featured_media":1930,"comment_status":"open","ping_status":"open","template":"","meta":{"_swt_meta_header_display":false,"_swt_meta_footer_display":false,"_swt_meta_site_title_display":false,"_swt_meta_sticky_header":false,"_swt_meta_transparent_header":false},"product_brand":[],"product_cat":[82],"product_tag":[],"class_list":{"0":"post-746","1":"product","2":"type-product","3":"status-publish","4":"has-post-thumbnail","6":"product_cat-hard-ice-cream-machine","8":"first","9":"instock","10":"shipping-taxable","11":"product-type-simple"},"_links":{"self":[{"href":"https:\/\/www.hommy.com\/de\/wp-json\/wp\/v2\/product\/746","targetHints":{"allow":["GET"]}}],"collection":[{"href":"https:\/\/www.hommy.com\/de\/wp-json\/wp\/v2\/product"}],"about":[{"href":"https:\/\/www.hommy.com\/de\/wp-json\/wp\/v2\/types\/product"}],"replies":[{"embeddable":true,"href":"https:\/\/www.hommy.com\/de\/wp-json\/wp\/v2\/comments?post=746"}],"wp:featuredmedia":[{"embeddable":true,"href":"https:\/\/www.hommy.com\/de\/wp-json\/wp\/v2\/media\/1930"}],"wp:attachment":[{"href":"https:\/\/www.hommy.com\/de\/wp-json\/wp\/v2\/media?parent=746"}],"wp:term":[{"taxonomy":"product_brand","embeddable":true,"href":"https:\/\/www.hommy.com\/de\/wp-json\/wp\/v2\/product_brand?post=746"},{"taxonomy":"product_cat","embeddable":true,"href":"https:\/\/www.hommy.com\/de\/wp-json\/wp\/v2\/product_cat?post=746"},{"taxonomy":"product_tag","embeddable":true,"href":"https:\/\/www.hommy.com\/de\/wp-json\/wp\/v2\/product_tag?post=746"}],"curies":[{"name":"wp","href":"https:\/\/api.w.org\/{rel}","templated":true}]}}