{"id":740,"date":"2024-07-02T16:03:33","date_gmt":"2024-07-02T16:03:33","guid":{"rendered":"http:\/\/localhost\/hommywp\/ds-1500-defrosts-function-hard-ice-cream-display-freezer-for-sale\/"},"modified":"2025-08-01T09:57:40","modified_gmt":"2025-08-01T09:57:40","slug":"kommerzielle-harteis-vitrine-kommerzielle-auto-abtauung-typ-harteis-lagerung-kuhlschrank-display-frei","status":"publish","type":"product","link":"https:\/\/www.hommy.com\/de\/p\/kommerzielle-harteis-vitrine-kommerzielle-auto-abtauung-typ-harteis-lagerung-kuhlschrank-display-frei\/","title":{"rendered":"Ds-1500 Defrosts Funktion Harteis Display Gefrierschrank zu verkaufen"},"content":{"rendered":"<div>\n<p>&nbsp;<\/p>\n<p><span style=\"font-size: 20px\"><\/span><\/p>\n<h2 style=\"text-align: center\"><strong><span style=\"letter-spacing: 0px;font-size: 29px;font-family: arial, helvetica, sans-serif\"><a name=\"Gelato ice cream freezer\"><\/a>Gelato-Eiscreme-Gefrierschrank&nbsp;<\/span><\/strong><\/h2>\n<p style=\"text-align: center\"><a href=\"#Gelato ice cream freezer\" target=\"_self\" data-lv=\"0\" rel=\"noopener\"><span style=\"letter-spacing: 0px;font-family: arial, helvetica, sans-serif;font-size: 16px\">Gelato-Eiscreme-Gefrierschrank<\/span><\/a><span style=\"letter-spacing: 0px;font-family: arial, helvetica, sans-serif;font-size: 16px\">|<a href=\"#Product specification\" target=\"_self\" data-lv=\"0\" rel=\"noopener\">Produktspezifikation<\/a>|<a href=\"#Product Features\" target=\"_self\" data-lv=\"0\" rel=\"noopener\">Produktmerkmale<\/a>|<a href=\"#Product Advantage\" target=\"_self\" data-lv=\"0\" rel=\"noopener\">Produktvorteil<\/a><\/span><\/p>\n<p><strong><span style=\"letter-spacing: 0px;font-size: 29px;font-family: arial, helvetica, sans-serif\"><br \/><\/span><\/strong><\/p>\n<p><strong><span style=\"letter-spacing: 0px;font-size: 29px;font-family: arial, helvetica, sans-serif\"><\/span><\/strong><\/p>\n<h2 style=\"margin: 0px;text-indent: 0px;text-align: justify\"><strong><span style=\"letter-spacing: 0px;font-family: arial, helvetica, sans-serif;font-size: 24px\"><a name=\"Product specification\"><\/a>Produktspezifikation\uff1a<\/span><\/strong><\/h2>\n<p style=\"margin-top:0;margin-right:0;margin-bottom:0;margin-left:0;text-indent:0;text-align:justify\"><strong><span style=\"letter-spacing: 0px;font-family: arial, helvetica, sans-serif;font-size: 24px\"><br \/><\/span><\/strong><\/p>\n<p style=\"margin-top:0;margin-right:0;margin-bottom:0;margin-left:0;text-indent:0;text-align:justify\"><strong><span style=\"letter-spacing: 0px;font-family: arial, helvetica, sans-serif;font-size: 24px\"><br \/><\/span><\/strong><\/p>\n<p style=\"text-align:center\"><strong><span style=\"letter-spacing: 0px;font-family: arial, helvetica, sans-serif;font-size: 24px\"><img decoding=\"async\" src=\"https:\/\/www.hommy.com\/wp-content\/uploads\/16010856489931.png\" alt=\"product-Hommy-img\" title=\"\"><\/span><\/strong><\/p>\n<p>Wenn Sie auf der Suche nach einem Eiscreme-Gefrierschrank sind, der Ihr Produkt luxuri\u00f6s aussehen l\u00e4sst, dann sollten Sie unser Modell in Betracht ziehen. Es verf\u00fcgt \u00fcber ein elektrisches Steuerungssystem f\u00fcr pr\u00e4zise Temperaturregelung und einfache Bedienung. Die robusten Edelstahlwannen halten auch starker Beanspruchung stand, und die Temperatur ist von -12 bis -22 Grad Celsius einstellbar. Die automatische Beschlags- und Abtaufunktion sorgt daf\u00fcr, dass Ihr Speiseeis immer gut aussieht.<\/p>\n<p>Kontaktieren Sie uns jetzt, unser Team von Kundendienstmitarbeitern ist bereit, Sie bei all Ihren Fragen zu unterst\u00fctzen. <a style=\"color:blue\" href=\"https:\/\/www.hommy.com\/de\/schaufenster\/\">Eiscreme-Gefrierschrank<\/a> Bed\u00fcrfnisse.<\/p>\n<div class=\"d-tem11-graphic tem11-graphic mockup\" data-detail=\"wrap\">\n<div class=\"tab_row\">\n<div class=\"img\" style=\"width: 50%\">\n<p style=\"text-align:center\"><\/p>\n<p style=\"text-align:center\"><img loading=\"lazy\" decoding=\"async\" title=\"\" alt=\"product-Hommy-img\" src=\"https:\/\/www.hommy.com\/wp-content\/uploads\/16010859542291.jpg\" width=\"500\" height=\"532\" border=\"0\" vspace=\"0\" style=\"width: 500px;height: 532px\"><\/p>\n<\/div>\n<div class=\"text_box\" style=\"width: 50%\">\n<div class=\"txt\">\n<p>&nbsp;<\/p>\n<h2><strong><span style=\"font-size: 24px;font-family: arial, helvetica, sans-serif\"><a name=\"Product Features\"><\/a>Produktmerkmale<\/span><\/strong><\/h2>\n<p>&nbsp;<\/p>\n<p style=\"margin-top:0;margin-right:0;margin-bottom:0;margin-left:0;text-indent:0;text-align:justify\"><span style=\"font-family: Calibri;font-size: 20px\"><span style=\"color:#000000\">\u25c6&nbsp;<\/span><\/span><span style=\"font-family:Calibri;font-size:19px\">Stromlinienf\u00f6rmiges, luxuri\u00f6ses \u00c4u\u00dferes .<\/span><\/p>\n<p style=\"margin-top:0;margin-right:0;margin-bottom:0;margin-left:0;text-indent:0;text-align:justify\"><span style=\"font-family: Calibri;letter-spacing: 0;font-size: 19px\"><span style=\"font-family: Calibri;font-size: 20px;text-align: justify\">\u25c6&nbsp;<\/span><\/span><span style=\"font-family:Calibri;font-size:19px\">Elektrisches Steuerungssystem f\u00fcr die Temperaturregelung, das einfach zu bedienen ist.<\/span><\/p>\n<p style=\"text-align:justify\"><span style=\"font-family: Calibri;letter-spacing: 0;font-size: 19px\"><span style=\"font-family: Calibri;font-size: 20px;text-align: justify\">\u25c6&nbsp;<\/span><\/span><span style=\"font-family:Calibri;font-size:19px\">Langlebige Pfannen aus rostfreiem Stahl .<\/span><\/p>\n<p style=\"text-align:justify\"><span style=\"font-family: Calibri;letter-spacing: 0;font-size: 19px\"><span style=\"font-family: Calibri;font-size: 20px;text-align: justify\">\u25c6&nbsp;<\/span><\/span><span style=\"font-family:Calibri;font-size:19px\">Temperaturgrad einstellbar (-12 bis -22 Grad Celsius).<\/span><\/p>\n<p style=\"text-align:justify\"><span style=\"font-family: Calibri;letter-spacing: 0;font-size: 19px\"><span style=\"font-family: Calibri;font-size: 20px;text-align: justify\">\u25c6&nbsp;<\/span><\/span><span style=\"font-family:Calibri;font-size:19px\">Automatisches Entfrosten, Enteisungsfunktion.<\/span><\/p>\n<p style=\"text-align:justify\"><span style=\"font-family: Calibri;letter-spacing: 0;font-size: 19px\"><span style=\"font-family: Calibri;font-size: 20px;text-align: justify\">\u25c6&nbsp;<\/span><\/span><span style=\"font-family:Calibri;font-size:19px\">5 Schichten gebogenes und beheiztes Glas mit automatischer Entfogging-Funktion.<\/span><\/p>\n<p style=\"text-align:justify\"><span style=\"font-family: Calibri;letter-spacing: 0;font-size: 19px\"><span style=\"font-family: Calibri;font-size: 20px;text-align: justify\">\u25c6&nbsp;<\/span><\/span><span style=\"font-family:Calibri;font-size:19px\">Geringe Leistungsaufnahme .<\/span><\/p>\n<p style=\"text-align:justify\"><span style=\"font-family: Calibri;letter-spacing: 0;font-size: 19px\"><span style=\"font-family: Calibri;font-size: 20px;text-align: justify\">\u25c6&nbsp;<\/span><\/span><span style=\"font-family:Calibri;font-size:19px\">Verschiedene Farben auf Anfrage erh\u00e4ltlich.<\/span><\/p>\n<p style=\"line-height: 1.75em\">&nbsp;<\/p>\n<\/div>\n<\/div>\n<\/div>\n<\/div>\n<p>&nbsp;<\/p>\n<div class=\"text-left d-tem09-title d-interval\" data-detail=\"wrap\">\n<div class=\"title-header\">\n<div class=\"title\">\n<h2><strong><span style=\"letter-spacing: 0px;font-family: arial, helvetica, sans-serif;font-size: 24px\"><a name=\"Product Advantage\"><\/a>Produktvorteil:<\/span><\/strong><\/h2>\n<p><span style=\"font-size: 24px\"><\/span><\/div>\n<\/div>\n<\/div>\n<div class=\"d-tem01-graphic tem01-graphic mockup\" data-detail=\"wrap\">\n<div class=\"cont-section clearfix d-clearfix\">\n<div class=\"col-md-6 col-sm-6 col-xs-6\">\n<div class=\"right-p\">\n<div class=\"h2 heading\">\n<p style=\"text-indent: 0;padding: 0;vertical-align: baseline\"><span style=\"letter-spacing: 0px;font-size: 16px;font-family: arial, helvetica, sans-serif\">1. Isolierte Bogen geh\u00e4rtetes Glas, perfekte Perspektive;<\/span><\/p>\n<p><\/p>\n<p><\/p>\n<p><\/p>\n<\/div>\n<\/div>\n<div class=\"graphic_pic animated wow bounceIn\" data-wow-delay=\".7s\">\n<p style=\"text-align:center\"><img loading=\"lazy\" decoding=\"async\" src=\"https:\/\/www.hommy.com\/wp-content\/uploads\/16010859228968.png\" alt=\"Produkt-DS-1500 Harteis-Gefrierschrank-Hommy-img\" title=\"\" width=\"350\" height=\"636\" border=\"0\" vspace=\"0\" style=\"width: 350px;height: 636px\"><\/p>\n<\/div>\n<\/div>\n<div class=\"col-md-6 col-sm-6 col-xs-6\">\n<div class=\"right-p\">\n<div class=\"h2 heading\">\n<p style=\"margin-left:0;text-indent:0\"><span style=\"font-size: 16px\"><span style=\"letter-spacing: 0px;font-family: arial, helvetica, sans-serif\">2. das haben 4 Art von K\u00f6rper Farbe f\u00fcr Sie zu w\u00e4hlen.<\/span><span style=\"font-family: \u5b8b\u4f53;letter-spacing: 0px\">&nbsp;<\/span><\/span><\/p>\n<p style=\"margin-left:0;text-indent:0\"><span style=\"font-size: 16px\"><span style=\"font-family: \u5b8b\u4f53;letter-spacing: 0px\"><br \/><\/span><\/span><\/p>\n<p style=\"margin-left:0;text-indent:0\"><span style=\"font-size: 16px\"><span style=\"font-family: \u5b8b\u4f53;letter-spacing: 0px\"><br \/><\/span><\/span><\/p>\n<p style=\"margin-left:0;text-indent:0\"><span style=\"font-size: 16px\"><span style=\"font-family: \u5b8b\u4f53;letter-spacing: 0px\"><br \/><\/span><\/span><\/p>\n<\/div>\n<\/div>\n<div class=\"graphic_pic animated wow bounceIn\" data-wow-delay=\".7s\"><img decoding=\"async\" src=\"https:\/\/www.hommy.com\/wp-content\/uploads\/16010859006405.png\" alt=\"product-Hommy-img\" title=\"\"><br \/>\n &nbsp; &nbsp; &nbsp; &nbsp; &nbsp; &nbsp;<\/div>\n<\/div>\n<\/div>\n<\/div>\n<p>Dokument\uff1a<img decoding=\"async\" src=\"https:\/\/www.hommy.com\/wp-content\/uploads\/icon_pdf-42.gif\" style=\"margin-right: 2px\" alt=\"product-Hommy-img\" title=\"\"><a href=\"https:\/\/img80002414.weyesimg.com\/uploads\/www.hommy.com\/addon\/16026451843804.pdf\" title=\"16026451843804.pdf\" style=\"font-size: 12px\">16026451843804.pdf<\/a><\/p>\n<h2 style=\"font-family: sans-serif\">Was ist ein Stabilisator und Emulgator in Speiseeis?<\/h2>\n<p style=\"margin-top: 5px;margin-bottom: 5px;font-family: sans-serif;font-size: 16px\">Die Begriffe Stabilisator und Emulgator werden in der Speiseeisindustrie unterschiedlich verwendet: Stabilisatoren werden dem Speiseeis in der Regel zugesetzt, um das Wachstum von Eiskristallen zu verringern. Dies geschieht in der Regel durch Zugabe des Stabilisators in Form einer L\u00f6sung in Wasser oder anderen L\u00f6sungsmitteln und anschlie\u00dfende Zugabe dieser L\u00f6sung zu der Basis. Der Emulgator hingegen wird in der Regel in Form von Pulver oder Paste zugegeben. Die Funktion des Emulgators besteht darin, die Fettmolek\u00fcle in der Basis aufzuspalten, die oft gro\u00df sind und sich nicht leicht mischen lassen.&nbsp;<\/p>\n<h2 style=\"font-family: sans-serif\">Welche Maschine brauche ich, um Gelato zu machen?<\/h2>\n<p style=\"margin-top: 5px;margin-bottom: 5px;font-family: sans-serif;font-size: 16px\">Die klassischen italienischen Maschinen, die seit Generationen von italienischen Hausk\u00f6chen verwendet werden, erm\u00f6glichen die besten Ergebnisse, aber wenn Sie zu Hause Gelato machen, gibt es auch Alternativen, die nur einen Bruchteil des Preises der Maschinen kosten und mit denen Sie die gleiche Art von reichhaltigem, geschmeidigem Gelato herstellen k\u00f6nnen. <a style=\"color:blue\" href=\"\/de\/\">Speiseeismaschine<\/a>.<\/p>\n<h2 style=\"font-family: sans-serif\">Wie benutzt man einen ZOKU Slush Maker?<\/h2>\n<p style=\"margin-top: 5px;margin-bottom: 5px;font-family: sans-serif;font-size: 16px\">ZOKU Slush Maker ist eine japanische Reiskugelmaschine. Die Maschine kann Ihr Lieblings-Slush-Getr\u00e4nk zubereiten. Sie brauchen kein kochendes Wasser, geben Sie einfach die Zutaten in die Maschine und dr\u00fccken Sie einen Knopf, um es zu machen. Es ist sehr bequem und schnell, auch f\u00fcr eine einzelne Person, um einen Slush zu machen.<\/p>\n<\/div><\/div>","protected":false},"excerpt":{"rendered":"<p>&nbsp; Gelato ice cream freezer&nbsp; Gelato ice cream freezer|Product specification|Product Features|Product Advantage Product specification\uff1a If you are in the market for an ice cream display freezer that will make your product look luxurious, then consider our model. It has an electrical controller system for precise temperate control and easy operation. The durable stainless steel pans [&hellip;]<\/p>\n","protected":false},"featured_media":1929,"comment_status":"open","ping_status":"open","template":"","meta":{"_swt_meta_header_display":false,"_swt_meta_footer_display":false,"_swt_meta_site_title_display":false,"_swt_meta_sticky_header":false,"_swt_meta_transparent_header":false},"product_brand":[],"product_cat":[82],"product_tag":[],"class_list":{"0":"post-740","1":"product","2":"type-product","3":"status-publish","4":"has-post-thumbnail","6":"product_cat-hard-ice-cream-machine","8":"first","9":"instock","10":"shipping-taxable","11":"product-type-simple"},"_links":{"self":[{"href":"https:\/\/www.hommy.com\/de\/wp-json\/wp\/v2\/product\/740","targetHints":{"allow":["GET"]}}],"collection":[{"href":"https:\/\/www.hommy.com\/de\/wp-json\/wp\/v2\/product"}],"about":[{"href":"https:\/\/www.hommy.com\/de\/wp-json\/wp\/v2\/types\/product"}],"replies":[{"embeddable":true,"href":"https:\/\/www.hommy.com\/de\/wp-json\/wp\/v2\/comments?post=740"}],"wp:featuredmedia":[{"embeddable":true,"href":"https:\/\/www.hommy.com\/de\/wp-json\/wp\/v2\/media\/1929"}],"wp:attachment":[{"href":"https:\/\/www.hommy.com\/de\/wp-json\/wp\/v2\/media?parent=740"}],"wp:term":[{"taxonomy":"product_brand","embeddable":true,"href":"https:\/\/www.hommy.com\/de\/wp-json\/wp\/v2\/product_brand?post=740"},{"taxonomy":"product_cat","embeddable":true,"href":"https:\/\/www.hommy.com\/de\/wp-json\/wp\/v2\/product_cat?post=740"},{"taxonomy":"product_tag","embeddable":true,"href":"https:\/\/www.hommy.com\/de\/wp-json\/wp\/v2\/product_tag?post=740"}],"curies":[{"name":"wp","href":"https:\/\/api.w.org\/{rel}","templated":true}]}}