{"id":702,"date":"2024-07-02T15:24:36","date_gmt":"2024-07-02T15:24:36","guid":{"rendered":"http:\/\/localhost\/hommywp\/hm901-china-ice-cream-shake-freezer-factory-how-much\/"},"modified":"2025-08-01T09:57:40","modified_gmt":"2025-08-01T09:57:40","slug":"hm901-schuttelgefrierschrank","status":"publish","type":"product","link":"https:\/\/www.hommy.com\/de\/p\/hm901-schuttelgefrierschrank\/","title":{"rendered":"Hm901 China Eiscreme Shake Freezer Fabrik Wie viel"},"content":{"rendered":"<div>\n<p style=\"text-align: center\"><\/p>\n<p style=\"text-align: center\"><span style=\"font-size: 16px;font-family: arial, helvetica, sans-serif\"><a href=\"#Product Features\" target=\"_self\" data-lv=\"0\" rel=\"noopener\">Produktmerkmale<\/a><\/span><span style=\"font-size: 16px;font-family: arial, helvetica, sans-serif\">|<a href=\"#Shake freezer\" target=\"_self\" data-lv=\"0\" rel=\"noopener\">Gefrierschrank sch\u00fctteln<\/a>|<a href=\"#Product Specification\" target=\"_self\" data-lv=\"0\" rel=\"noopener\">Produkt-Spezifikation<\/a>|<a href=\"#Product Advantage\" target=\"_self\" data-lv=\"0\" rel=\"noopener\">Produktvorteil<\/a><\/span><\/p>\n<p>Unser Angebot an Eiscreme Shake Freezer kann von Kunden f\u00fcr private und gewerbliche Zwecke in Anspruch genommen werden. Wir stellen sicher, dass die Ice Cream Shake Freezer mit bester Qualit\u00e4t Rohstoff hergestellt wird. Sie sind sehr von den Kunden aufgrund ihrer besten Eigenschaften gesch\u00e4tzt. Wir bieten auch After-Sales-Services mit unseren Produkten.<\/p>\n<h2><span style=\"font-family: arial, helvetica, sans-serif;font-size: 24px\"><strong><span style=\"font-family: arial, helvetica, sans-serif;letter-spacing: 0px\"><a name=\"Product Features\"><\/a>Produkt <\/span><\/strong><strong><span style=\"font-family: arial, helvetica, sans-serif;letter-spacing: 0px\">Eigenschaften<\/span><\/strong><\/span><strong><span style=\"font-family: \u5b8b\u4f53;letter-spacing: 0;font-size: 18px\"> <\/span><\/strong><strong><span style=\"font-family: \u5b8b\u4f53;letter-spacing: 0;font-size: 18px\">&nbsp;<\/span><\/strong><\/h2>\n<p style=\"margin-top:0;margin-right:0;margin-bottom:10px;margin-left:0;text-indent:0\"><span style=\"font-family: Helvetica;letter-spacing: 0;font-size: 16px\">Hommy hat ein professionelles Team f\u00fcr die Produktentwicklung. Es gibt professionelle K\u00e4ltetechniker, Software-Ingenieure und Bauingenieure, die sicherstellen, dass die Produktqualit\u00e4t stabil und dauerhaft ist. Gleichzeitig wird das personalisierte Design hinzugef\u00fcgt, um den zuk\u00fcnftigen Kundendienst zu erleichtern. Hommy <a style=\"color:blue\" href=\"\/de\/\">Speiseeismaschine<\/a> ist des Vertrauens w\u00fcrdig.<\/span><\/p>\n<p style=\"margin-top:0;margin-right:0;margin-bottom:10px;margin-left:0;text-indent:0\"><span style=\"font-family: Helvetica;letter-spacing: 0;font-size: 16px\"><br \/><\/span><\/p>\n<div class=\"d-tem01-graphic tem01-graphic mockup\" data-detail=\"wrap\">\n<div class=\"cont-section clearfix d-clearfix\">\n<div class=\"col-md-6 col-sm-6 col-xs-6\">\n<div class=\"graphic_pic animated wow bounceIn\" data-wow-delay=\".7s\"><img decoding=\"async\" src=\"https:\/\/www.hommy.com\/wp-content\/uploads\/16004157494012.jpg\" alt=\"product-Hommy-img\" title=\"\"><br \/>\n &nbsp; &nbsp; &nbsp; &nbsp; &nbsp; &nbsp;<\/div>\n<\/div>\n<div class=\"col-md-6 col-sm-6 col-xs-6\">\n<div class=\"right-p\">\n<div class=\"h2 heading\">\n<h2><strong style=\"font-size: 24px\"><span style=\"font-family: arial, helvetica, sans-serif\"><a name=\"Shake freezer\"><\/a>Shake-Gefrierger\u00e4t, Dickshake-Maschine<\/span><\/strong><span style=\"font-size: 24px\"><strong><span style=\"font-family: arial, helvetica, sans-serif\"><a name=\"Shake freezer , Thick Shake machine Pre-cooling,  Mixer, Counter, Heat Treatment  Features\"><\/a><\/span><\/strong><\/span><\/h2>\n<h2 style=\", Helvetica, Arial, sans-serif\"><span style=\"font-size: 24px\"><strong><span style=\"font-family: Calibri\">Vork\u00fchlung, Mischer, Z\u00e4hler, W\u00e4rmebehandlung&nbsp;&nbsp;<\/span><\/strong><strong style=\"color: inherit;font-family: inherit\"><span style=\"font-family: arial, helvetica, sans-serif\">Merkmale:<\/span><\/strong><\/span><\/h2>\n<p style=\"margin-left:32px\"><span style=\"font-family: Calibri;font-size: 16px\">- Produktangebot: Angebot aller beliebten Softeis-Variationen von Eiscreme bis zu fettarmem oder fettfreiem Frozen Yogurt.<\/span><\/p>\n<p style=\"margin-left:32px\"><span style=\"font-family: Calibri;font-size: 16px\">- Geschmacksrichtung: Einzelne Geschmacksrichtung servieren.<\/span><\/p>\n<p style=\"margin-left:32px\"><span style=\"font-family: Calibri;font-size: 16px\">- Mischtrichter: Ein Fassungsverm\u00f6gen von 13 Einstreu (13,7 Quart, 3,43 Gallonen)<\/span><\/p>\n<p style=\"margin-top:0;margin-right:0;margin-bottom:0;margin-left:0;text-indent:0;text-align:justify\"><span style=\"font-family: arial, helvetica, sans-serif\"><span style=\"font-family: Calibri;font-size: 16px\">Gefrierzylinder: Eine <\/span><span style=\"font-family: Calibri;letter-spacing: 0px;font-size: 16px\">&nbsp;2,8 Liter Fassungsverm\u00f6gen (3,0 Quart, 0,74 Gallonen)<\/span><\/span><\/p>\n<p><span style=\"font-size: 16px;font-family: arial, helvetica, sans-serif\">&nbsp;<\/span><\/p>\n<p><span style=\"font-size: 16px;font-family: arial, helvetica, sans-serif\">Elektronische Steuerung:<\/span><\/p>\n<p style=\"margin-left:32px\"><span style=\"font-family: Calibri;font-size: 16px\">- Die Temperaturen in den Trichtern oder Gefrierzylindern k\u00f6nnen an jedem beliebigen Punkt des Betriebs angezeigt werden.<\/span><\/p>\n<p style=\"margin-left:32px\"><span style=\"font-family: Calibri;font-size: 16px\">- Bietet die erforderliche Viskosit\u00e4t f\u00fcr Portionen.<\/span><\/p>\n<p style=\"margin-left:32px\"><span style=\"font-family: Calibri;font-size: 16px\">- F\u00fcllstandsanzeige und Alarm. Wenn das Licht f\u00fcr den Mischvorgang blinkt, schaltet sich die Maschine automatisch ab, um Sch\u00e4den zu vermeiden.<\/span><\/p>\n<p><span style=\"font-size: 16px;font-family: arial, helvetica, sans-serif\">Standby-Modus: <\/span><\/p>\n<p><span style=\"font-family: Calibri;font-size: 16px\">W\u00e4hrend l\u00e4ngerer Stillstandszeiten sorgt die Standby-Funktion f\u00fcr sichere Produkttemperaturen im Mischtrichter und im Gefrierzylinder.<\/span><\/p>\n<p style=\"margin-left:32px\"><span style=\"font-family: Calibri;font-size: 16px\">- Druckschutzfunktion f\u00fcr das K\u00fchlsystem.<\/span><\/p>\n<p style=\"margin-left:32px\"><span style=\"font-family: arial, helvetica, sans-serif\"><span style=\"font-family: Calibri;font-size: 16px\">- Die robuste Konstruktion mit Edelstahlabdeckung ist ein modernes und<\/span><span style=\"font-family: \u5b8b\u4f53;font-size: 16px\">&nbsp;<\/span><span style=\"font-family: Calibri;font-size: 16px\">luxuri\u00f6ses \u00c4u\u00dferes<\/span><\/span><\/p>\n<p><span style=\"font-size: 16px;font-family: arial, helvetica, sans-serif\">Funktionen:<\/span><\/p>\n<p><span style=\"font-size: 16px;font-family: arial, helvetica, sans-serif\">Das Vork\u00fchlsystem h\u00e4lt die Mischung im Auto- und Standby-Modus unter 5\u00b0C.<\/span><\/p>\n<p><span style=\"font-size: 16px;font-family: arial, helvetica, sans-serif\">Der Mischer sorgt f\u00fcr eine gleichm\u00e4\u00dfige Mischung in den Trichtern.<\/span><\/p>\n<p><span style=\"font-size: 16px;font-family: arial, helvetica, sans-serif\">Die W\u00e4rmebehandlung bietet eine t\u00e4gliche Reinigungsroutine, um das Produkt gem\u00e4\u00df den Qualit\u00e4ts- und Sicherheitsstandards bis zu zwei Wochen vor der vollst\u00e4ndigen Reinigung mit Demontage zu erhalten.<\/span><\/p>\n<p><span style=\"font-family: Calibri;font-size: 16px\">Demontieren Sie die Maschine nicht, um den Einf\u00fcllstutzen, das Schlagwerk und die<\/span><span style=\"font-size: 16px\"><span style=\"font-family:\u5b8b\u4f53\">&nbsp;<\/span><\/span><span style=\"font-family: Calibri;font-size: 16px\">Zylinder.<\/span><\/p>\n<\/div>\n<\/div>\n<p>&nbsp; &nbsp; &nbsp; &nbsp; &nbsp; &nbsp;<\/p><\/div>\n<\/div>\n<\/div>\n<h2><span style=\"font-family: arial, helvetica, sans-serif;font-size: 24px\"><strong><span style=\"font-family: arial, helvetica, sans-serif;letter-spacing: 0px\"><a name=\"Product Specification\"><\/a>Produkt-Spezifikation<\/span><\/strong><\/span><strong><span style=\"font-family: \u5b8b\u4f53;letter-spacing: 0;font-size: 18px\"> <\/span><\/strong><\/h2>\n<h4><span style=\"font-family: Cambria;letter-spacing: 0;font-size: 16px\">Servieren Sie eine gro\u00dfe Auswahl an gefrorenen Getr\u00e4nken wie Shakes und Smoothies mit der Gewissheit, dass die Temperaturen von Molkereiprodukten sicher sind. Ziehen Sie direkt eine einzelne Geschmacksrichtung oder mischen Sie Aromen f\u00fcr mehr Abwechslung ein.&nbsp;<\/span><\/h4>\n<p><span style=\"font-family: Cambria;letter-spacing: 0;font-size: 16px\"><br \/><\/span><\/p>\n<p style=\"margin: 0px 0px 10px;text-indent: 0px;text-align: center\"><span style=\"font-family: Helvetica;letter-spacing: 0;font-size: 16px\"><img decoding=\"async\" src=\"https:\/\/www.hommy.com\/wp-content\/uploads\/16004156604638.jpg\" alt=\"product-Hommy-img\" title=\"\"><\/span><\/p>\n<p><strong><span style=\"font-family: \u5b8b\u4f53;letter-spacing: 0;font-size: 18px\"><br \/><\/span><\/strong><\/p>\n<h2><span style=\"font-family: arial, helvetica, sans-serif;font-size: 24px\"><strong><span style=\"font-family: arial, helvetica, sans-serif;letter-spacing: 0px\"><a name=\"Product Advantage\"><\/a>Produktvorteil<\/span><\/strong><\/span><strong><span style=\"font-family: \u5b8b\u4f53;letter-spacing: 0;font-size: 18px\"> <\/span><\/strong><\/h2>\n<p><span style=\"font-family: Helvetica;letter-spacing: 0;font-size: 14px\">Hommy haben produzieren Eismaschine f\u00fcr 20 Jahre Erfahrung, Vending-Eis-Maschine f\u00fcgen Sie mehr Funktion Softeis, weil kein Kerl, um die ganze Zeit zu warten. wir auf dieser Basis f\u00fcgen Sie mehr Sensor und Software verwenden, um es zu kontrollieren, die gute Qualit\u00e4t und gute Funktion ist.<\/span><\/p>\n<p><span style=\"font-family: Helvetica;letter-spacing: 0;font-size: 14px\"><\/span><\/p>\n<div class=\"d-tem01-graphic tem01-graphic mockup\" data-detail=\"wrap\">\n<div class=\"cont-section clearfix d-clearfix\">\n<div class=\"col-md-6 col-sm-6 col-xs-6\">\n<div class=\"right-p\">\n<div class=\"h2 heading\">\n<p style=\"margin-bottom:13px;margin-left:0;text-indent:0\"><span style=\"font-family: Helvetica;letter-spacing: 0;font-weight: bold;font-size: 18px\">1.&nbsp;<\/span><strong><span style=\"font-family: Helvetica;letter-spacing: 0;font-size: 18px\">Dehnungsrohr<\/span><\/strong><\/p>\n<\/div>\n<p><span style=\"font-family: \u5b8b\u4f53;font-size: 16px;letter-spacing: 0px\">Die Funktion des Expansionsrohrs ist es, Luft in den Zylinder zu blasen und mit dem Eis zu mischen, um die Expansionsrate des Eises zu erh\u00f6hen, das weicher und leckerer ist, wenn Sie es essen. Die Expansionsrate des Expansionsrohrs ist 30%-45%, und es hat drei verschiedene L\u00f6cher f\u00fcr Kunden, um die Menge der Luftzufuhr einzustellen, die bequem zu reinigen und einfach zu bedienen ist.<\/span><\/p>\n<p><span style=\"font-family: \u5b8b\u4f53;font-size: 16px;letter-spacing: 0px\"><br \/><\/span><\/p>\n<p><span style=\"font-family: \u5b8b\u4f53;font-size: 16px;letter-spacing: 0px\"><br \/><\/span><\/p>\n<\/div>\n<div class=\"graphic_pic animated wow bounceIn\" data-wow-delay=\".7s\">\n<p style=\"text-align:center\"><img loading=\"lazy\" decoding=\"async\" src=\"https:\/\/www.hommy.com\/wp-content\/uploads\/16004159642261.jpg\" alt=\"Produkt-HM901 Sch\u00fcttelgefrierschrank-Hommy-img\" title=\"\" width=\"250\" height=\"467\" border=\"0\" vspace=\"0\" style=\"width: 250px;height: 467px\"><\/p>\n<\/div>\n<\/div>\n<div class=\"col-md-6 col-sm-6 col-xs-6\">\n<div class=\"right-p\">\n<div class=\"h2 heading\">\n<p><span style=\"font-family: Helvetica;letter-spacing: 0;font-size: 22px\">2. Sensor verlassen<\/span><\/p>\n<\/div>\n<p><span style=\"font-family: \u5b8b\u4f53;letter-spacing: 0px;font-size: 16px\"><\/span><span><span style=\"font-family: \u5b8b\u4f53;letter-spacing: 0px;font-size: 16px\">Sensor haben lassen&nbsp;<\/span><span style=\"font-family: Calibri;letter-spacing: 0px;font-size: 16px\">Zweite Stufe, die erste Stufe der fehlenden Materialebene Alarm, die zweite Stufe der automatischen Abschaltung.<\/span><span style=\"font-family: \u5b8b\u4f53;letter-spacing: 0px;font-size: 16px\">&nbsp;Wenn Sie die erste Nachricht erhalten, haben Sie einige Zeit f\u00fcr Sie, um Material hinzuzuf\u00fcgen keine Notwendigkeit, die Maschine zu stoppen, um es zu arbeiten.<\/span><\/span><\/p>\n<p><span><span style=\"font-family: \u5b8b\u4f53;letter-spacing: 0px;font-size: 16px\"><br \/><\/span><\/span><\/p>\n<p><span><span style=\"font-family: \u5b8b\u4f53;letter-spacing: 0px;font-size: 16px\"><br \/><\/span><\/span><\/p>\n<p><span><span style=\"font-family: \u5b8b\u4f53;letter-spacing: 0px;font-size: 16px\"><br \/><\/span><\/span><\/p>\n<\/div>\n<div class=\"graphic_pic animated wow bounceIn\" data-wow-delay=\".7s\">\n<p style=\"text-align:center\"><img loading=\"lazy\" decoding=\"async\" src=\"https:\/\/www.hommy.com\/wp-content\/uploads\/16004160178346.jpg\" alt=\"produkt-Hommy-HM901 Sch\u00fcttelgefrierschrank-img\" title=\"\" width=\"250\" height=\"777\" border=\"0\" vspace=\"0\" style=\"width: 250px;height: 777px\"><\/p>\n<\/div>\n<\/div>\n<\/div>\n<\/div>\n<div class=\"d-tem01-graphic tem01-graphic mockup\" data-detail=\"wrap\">\n<div class=\"cont-section clearfix d-clearfix\">\n<div class=\"col-md-6 col-sm-6 col-xs-6\">\n<div class=\"right-p\">\n<div class=\"h2 heading\">3.&nbsp;<span style=\"font-family: Helvetica;letter-spacing: 0px\">Pasteurisierung<\/span><\/div>\n<div class=\"description\">\n<p><span><span style=\"font-family: \u5b8b\u4f53;letter-spacing: 0px;font-size: 16px\">Wenn Sie Eis in der Nacht verkaufen, wird das System automatisch eingestellt Pasteurisierung : Kann t\u00f6ten&nbsp;<\/span><span style=\"font-family: Calibri;letter-spacing: 0px;font-size: 16px\">die Bakterien&nbsp;<\/span><span style=\"font-family: \u5b8b\u4f53;letter-spacing: 0px;font-size: 16px\">dass&nbsp;<\/span><span style=\"font-family: Calibri;letter-spacing: 0px;font-size: 16px\">produzieren<\/span><span style=\"font-family: \u5b8b\u4f53;letter-spacing: 0px;font-size: 16px\">&nbsp;<\/span><span style=\"font-family: Calibri;letter-spacing: 0px;font-size: 16px\">innerhalb der Maschine<\/span><span style=\"font-family: \u5b8b\u4f53;letter-spacing: 0px;font-size: 16px\">&nbsp;von -5\u2103&nbsp;<\/span><span style=\"font-family: Arial;letter-spacing: 0px;font-size: 16px\">\u2192<\/span><span style=\"font-family: \u5b8b\u4f53;letter-spacing: 0px;font-size: 16px\">&nbsp;65\u2103<\/span><span style=\"font-family: Arial;letter-spacing: 0px;font-size: 16px\">\u2192<\/span><span style=\"font-family: \u5b8b\u4f53;letter-spacing: 0px;font-size: 16px\">&nbsp;-5\u2103<\/span><span style=\"font-family: Calibri;letter-spacing: 0px;font-size: 16px\">Prozess<\/span><span style=\"font-family: \u5b8b\u4f53;letter-spacing: 0px;font-size: 16px\">&nbsp;( Desinfizieren Sie den Ladezylinder und das Rohmaterial im Inneren, dann k\u00fchlen Sie den Buchungsstatus ). so k\u00f6nnen Sie die Maschine alle 14 Tage ein Mal aufbewahren.<\/span><\/span><\/p>\n<p><span><span style=\"font-family: \u5b8b\u4f53;letter-spacing: 0px;font-size: 16px\"><br \/><\/span><\/span><\/p>\n<p><span><span style=\"font-family: \u5b8b\u4f53;letter-spacing: 0px;font-size: 16px\"><br \/><\/span><\/span><\/p>\n<\/div>\n<\/div>\n<div class=\"graphic_pic animated wow bounceIn\" data-wow-delay=\".7s\">\n<p style=\"text-align:center\"><img loading=\"lazy\" decoding=\"async\" src=\"https:\/\/www.hommy.com\/wp-content\/uploads\/16004160617364.png\" alt=\"product-Hommy-img\" title=\"\" width=\"350\" height=\"336\" border=\"0\" vspace=\"0\" style=\"width: 350px;height: 336px\"><\/p>\n<\/div>\n<\/div>\n<div class=\"col-md-6 col-sm-6 col-xs-6\">\n<div class=\"right-p\">\n<div class=\"h2 heading\">4. Mischen im Trichter<\/div>\n<div class=\"description\"><span style=\"font-family: \u5b8b\u4f53;font-size: 16px;letter-spacing: 0px\">Gleichm\u00e4\u00dfig mischen. Der Hochgeschwindigkeitsmischer im Trichter sorgt daf\u00fcr, dass das Material im Trichter flie\u00dft, wenn es gefriert. Das Eis wird glatter, nachdem es vollst\u00e4ndig mit Luft vermischt wurde.&nbsp;<\/span><\/div>\n<\/div>\n<p><\/p>\n<p><\/p>\n<p><\/p>\n<p><\/p>\n<p style=\"text-align:center\"><img loading=\"lazy\" decoding=\"async\" src=\"https:\/\/www.hommy.com\/wp-content\/uploads\/16004160943439.jpg\" alt=\"product-Hommy-img\" title=\"\" width=\"250\" height=\"467\" border=\"0\" vspace=\"0\" style=\"width: 250px;height: 467px\"><\/p>\n<p>&nbsp; &nbsp; &nbsp; &nbsp; &nbsp; &nbsp;<\/p>\n<\/div>\n<\/div>\n<\/div>\n<p style=\"margin: 0px 0px 10px;text-indent: 0px\"><span style=\"font-family: Helvetica;letter-spacing: 0;font-size: 16px\">Dokument\uff1a<\/span><img decoding=\"async\" src=\"https:\/\/www.hommy.com\/wp-content\/uploads\/icon_pdf-37.gif\" style=\"margin-right: 2px\" alt=\"produkt-Hommy-img-1\" title=\"\"><a href=\"https:\/\/img80002414.weyesimg.com\/uploads\/www.hommy.com\/addon\/16027420964101.pdf\" title=\"16027420964101.pdf\" style=\"font-size: 12px\">16027420964101.pdf<\/a><\/p>\n<p style=\"margin: 0px 0px 10px;text-indent: 0px\"><span style=\"font-family: Helvetica;letter-spacing: 0;font-size: 16px\"><\/span><\/p>\n<h2>Wird gefrorener Joghurt im Gefrierschrank schlecht?<\/h2>\n<p style=\"margin-top: 5px;margin-bottom: 5px\">Ich habe immer geh\u00f6rt, dass man gefrorenen Joghurt im Gefrierschrank aufbewahren sollte. Auf der Verpackung steht, dass der gefrorene Joghurt auftaut, wenn man ihn zu lange bei Zimmertemperatur stehen l\u00e4sst. Und wenn man ihn nicht verbraucht, bevor das passiert, verdirbt er und schmeckt furchtbar.<\/p>\n<p style=\"margin-top: 5px;margin-bottom: 5px\"><\/p>\n<h2>Wer stellt die Eismaschinen von McDonalds her?<\/h2>\n<p style=\"margin-top: 5px;margin-bottom: 5px\">Wir sind McDonalds. Wir machen McDonalds Eismaschinen!&nbsp;<\/p>\n<p style=\"margin-top: 5px;margin-bottom: 5px\">Aber wir stellen nicht nur Eismaschinen her, sondern auch verschiedene Geschmacksrichtungen, die sich nicht nur auf Eiscreme beschr\u00e4nken. Die verschiedenen Geschmacksrichtungen beschr\u00e4nken sich nicht nur auf Eis, sondern umfassen auch Milchshakes, Milkshakes, Softeis und vieles mehr - und das alles hier bei McDonalds!<\/p>\n<p style=\"margin-top: 5px;margin-bottom: 5px\"><\/p>\n<h2>Kann man gefrorenen Joghurt als Vorspeise verwenden?<\/h2>\n<p style=\"margin-top: 5px;margin-bottom: 5px\">Ich habe noch ein paar der Joghurtstarter vom letzten Mal, als ich Joghurt gemacht habe. Ich w\u00fcrde sie gerne wieder verwenden, aber ich bin mir nicht sicher, ob sie noch gut sind. Ich habe mir \u00fcberlegt, dass ich sie einfrieren und dann auftauen und als Starter verwenden k\u00f6nnte.<\/p>\n<\/div><\/div>","protected":false},"excerpt":{"rendered":"<p>Product Features|Shake freezer|Product Specification|Product Advantage Our range of Ice Cream Shake Freezer can be availed by customers for residential and commercial uses. We ensure that the Ice Cream Shake Freezer is manufactured with best quality raw material. They are highly appreciated by customers due to their best features. We also provide after sales services with [&hellip;]<\/p>\n","protected":false},"featured_media":695,"comment_status":"open","ping_status":"open","template":"","meta":{"_swt_meta_header_display":false,"_swt_meta_footer_display":false,"_swt_meta_site_title_display":false,"_swt_meta_sticky_header":false,"_swt_meta_transparent_header":false},"product_brand":[],"product_cat":[80,77],"product_tag":[],"class_list":{"0":"post-702","1":"product","2":"type-product","3":"status-publish","4":"has-post-thumbnail","6":"product_cat-frozen-yogurt-machine","7":"product_cat-ice-cream-machine","9":"first","10":"instock","11":"shipping-taxable","12":"product-type-simple"},"_links":{"self":[{"href":"https:\/\/www.hommy.com\/de\/wp-json\/wp\/v2\/product\/702","targetHints":{"allow":["GET"]}}],"collection":[{"href":"https:\/\/www.hommy.com\/de\/wp-json\/wp\/v2\/product"}],"about":[{"href":"https:\/\/www.hommy.com\/de\/wp-json\/wp\/v2\/types\/product"}],"replies":[{"embeddable":true,"href":"https:\/\/www.hommy.com\/de\/wp-json\/wp\/v2\/comments?post=702"}],"wp:featuredmedia":[{"embeddable":true,"href":"https:\/\/www.hommy.com\/de\/wp-json\/wp\/v2\/media\/695"}],"wp:attachment":[{"href":"https:\/\/www.hommy.com\/de\/wp-json\/wp\/v2\/media?parent=702"}],"wp:term":[{"taxonomy":"product_brand","embeddable":true,"href":"https:\/\/www.hommy.com\/de\/wp-json\/wp\/v2\/product_brand?post=702"},{"taxonomy":"product_cat","embeddable":true,"href":"https:\/\/www.hommy.com\/de\/wp-json\/wp\/v2\/product_cat?post=702"},{"taxonomy":"product_tag","embeddable":true,"href":"https:\/\/www.hommy.com\/de\/wp-json\/wp\/v2\/product_tag?post=702"}],"curies":[{"name":"wp","href":"https:\/\/api.w.org\/{rel}","templated":true}]}}