{"id":694,"date":"2024-07-02T15:24:30","date_gmt":"2024-07-02T15:24:30","guid":{"rendered":"http:\/\/localhost\/hommywp\/hm706-buy-profitable-soft-frozen-yogurt-maker-wholesale\/"},"modified":"2025-08-01T09:57:40","modified_gmt":"2025-08-01T09:57:40","slug":"hm706-softeismaschine","status":"publish","type":"product","link":"https:\/\/www.hommy.com\/de\/p\/hm706-softeismaschine\/","title":{"rendered":"Hm706 Profitable Soft Frozen Yogurt Maker Gro\u00dfhandel kaufen"},"content":{"rendered":"<div>\n<h4 style=\"text-align: center\"><span style=\"font-size: 24px\"><strong><span style=\"font-family: \u5b8b\u4f53;letter-spacing: 0px\"><br \/><\/span><\/strong><\/span><\/h4>\n<h2 style=\"text-align: center\"><span style=\"font-size: 24px;font-family: arial, helvetica, sans-serif\"><strong><span style=\"font-size: 24px;letter-spacing: 0px\"><a name=\"Soft Serve Ice Cream Machine\"><\/a>Softeiscreme-Maschine<\/span><\/strong><\/span><\/h2>\n<p style=\"text-align: center\"><a href=\"#Soft Serve Ice Cream Machine\" target=\"_self\" data-lv=\"0\" rel=\"noopener\"><span style=\"font-size: 16px;font-family: arial, helvetica, sans-serif;letter-spacing: 0px\">Softeiscreme-Maschine<\/span><\/a><span style=\"font-size: 16px;font-family: arial, helvetica, sans-serif;letter-spacing: 0px\">|<a href=\"#Product Features\" target=\"_self\" data-lv=\"0\" rel=\"noopener\">Produktmerkmale<\/a>|<a href=\"#Table top Soft Serve Freezer, table top Frozen Yogurt Freezer\" target=\"_self\" data-lv=\"0\" rel=\"noopener\">Tisch-Soft-Serve-Froster, Tisch-Froster f\u00fcr gefrorenen Joghurt<\/a>|<a href=\"#Product Specification\" target=\"_self\" data-lv=\"0\" rel=\"noopener\">Produkt-Spezifikation<\/a>|<a href=\"#Product Advantage\" target=\"_self\" data-lv=\"0\" rel=\"noopener\">Produktvorteil<\/a><\/span><\/p>\n<p><\/p>\n<p style=\"text-align: center\">\n<p style=\"text-align: center\">\n<p><span style=\"font-family: Helvetica;font-size: 16px;letter-spacing: 0px\">Wir haben ein Team von Fachleuten, die jahrelange Erfahrung in diesem Bereich haben. Der Frozen Yogurt Maker, den wir anbieten, hat eine hohe Energieeffizienz und ist sehr langlebig. Der Frozen Yogurt Maker, den wir anbieten, ist hocheffektiv und einfach zu bedienen.<\/span><\/p>\n<h2><span style=\"font-family: arial, helvetica, sans-serif;font-size: 24px\"><strong><span style=\"font-family: arial, helvetica, sans-serif;letter-spacing: 0px\">Produkt <\/span><\/strong><strong><span style=\"font-family: arial, helvetica, sans-serif;letter-spacing: 0px\">Eigenschaften<\/span><\/strong><\/span><strong><span style=\"font-family: \u5b8b\u4f53;letter-spacing: 0;font-size: 18px\"> <\/span><\/strong><strong><span style=\"font-family: \u5b8b\u4f53;letter-spacing: 0;font-size: 18px\">&nbsp;<\/span><\/strong><\/h2>\n<p style=\"margin-top:0;margin-right:0;margin-bottom:10px;margin-left:0;text-indent:0\"><span style=\"font-family: Helvetica;letter-spacing: 0;font-size: 16px\"><\/span><\/p>\n<p><span style=\"font-family: Helvetica;letter-spacing: 0;font-size: 16px\">Hommy hat ein professionelles Team f\u00fcr die Produktentwicklung. Es gibt professionelle K\u00e4ltetechniker, Software-Ingenieure und Bauingenieure, die sicherstellen, dass die Produktqualit\u00e4t stabil und dauerhaft ist. Gleichzeitig wird das personalisierte Design hinzugef\u00fcgt, um den zuk\u00fcnftigen Kundendienst zu erleichtern. <\/span><span style=\"font-family: Helvetica\"><span style=\"letter-spacing: 0px;font-size: 16px\">Hommy<\/span><span style=\"letter-spacing: 0px;font-size: 16px\">&nbsp;Eiscreme <a style=\"color:blue\" href=\"https:\/\/www.hommy.com\/de\/speiseeismaschine\/\">Softeisautomat<\/a> <\/span><\/span><span style=\"font-family: Helvetica;letter-spacing: 0;font-size: 16px\">ist des Vertrauens w\u00fcrdig.<\/span><span style=\"font-family: \u5b8b\u4f53;letter-spacing: 0px;font-size: 16px\">&nbsp;<span style=\"letter-spacing: 0px;font-size: 16px;font-family: Helvetica\">Wenn Sie mehr \u00fcber folgende Themen erfahren m\u00f6chten <a style=\"color:blue\" href=\"https:\/\/www.hommy.com\/de\/softeismaschine\/\">Softeismaschine<\/a> und Preis bitte mit uns Kontakt aufnehmen.<\/span><\/span><\/p>\n<p><span style=\"font-family: \u5b8b\u4f53;letter-spacing: 0;font-size: 16px\"><\/span><\/p>\n<div class=\"d-tem01-graphic tem01-graphic mockup\" data-detail=\"wrap\">\n<div class=\"cont-section clearfix d-clearfix\">\n<div class=\"col-md-6 col-sm-6 col-xs-6\"><\/p>\n<div class=\"graphic_pic animated wow bounceIn\" data-wow-delay=\".7s\"><img decoding=\"async\" src=\"https:\/\/www.hommy.com\/wp-content\/uploads\/16004078203526.jpg\" alt=\"product-Hommy-img\" title=\"\"><br \/>\n &nbsp; &nbsp; &nbsp; &nbsp; &nbsp; &nbsp;<\/div>\n<\/div>\n<div class=\"col-md-6 col-sm-6 col-xs-6\">\n<div class=\"right-p\">\n<div class=\"h2 heading\">\n<h2><span style=\"font-size: 24px;font-family: arial, helvetica, sans-serif\"><strong><span style=\"font-size: 24px\"><a name=\"Table top Soft Serve Freezer, table top Frozen Yogurt Freezer\"><\/a>Tischplatte <\/span><\/strong><strong><span style=\"font-size: 24px\">Soft Serve Freezer, <\/span><\/strong><strong><span style=\"font-size: 24px\">Tischplatte <\/span><\/strong><strong><span style=\"font-size: 24px\">Gefrorener Joghurt Gefrierschrank<\/span><\/strong><\/span><\/h2>\n<p><span style=\"font-family:Calibri;font-size:16px\">Twin Twist, Vork\u00fchlung, Mixer, Theke, Ultraleise<\/span><\/p>\n<p><span style=\"font-size: 16px;font-family: Helvetica\">Eigenschaften<\/span><\/p>\n<p><span style=\"font-family:Calibri;font-size:16px\">Produktangebot: Angebot aller beliebten Softeis-Variationen von Eiscreme bis zu fettarmem oder fettfreiem Frozen Yogurt.<\/span><\/p>\n<p><span style=\"font-family:Calibri;font-size:16px\">Geschmacksrichtung: Servieren Sie zwei verschiedene Geschmacksrichtungen und einen Twist.<\/span><\/p>\n<p><span style=\"font-family:Calibri;font-size:16px\">Mischtrichter: Zwei 13 Wurf Kapazit\u00e4t (13.7quart, 3.43gallons)<\/span><\/p>\n<p><span style=\"font-family:Calibri;font-size:16px\">Gefrierzylinder: Zwei 1.8 Wurf Kapazit\u00e4t 1.63quart, 0.48gallons)<\/span><\/p>\n<p><span style=\"font-family:Calibri;font-size:16px\">Steuerung \u00fcber Touchscreen:<\/span><\/p>\n<p style=\"margin-left:32px\"><span style=\"font-family:Calibri;font-size:16px\">- Das Mikroprozessor-Touch-Steuerungssystem ist in eine robuste Hartglasscheibe eingebettet.<\/span><\/p>\n<p style=\"margin-left:32px\"><span style=\"font-family:Calibri;font-size:16px\">- Die Temperaturen in den Trichtern oder Gefrierzylindern k\u00f6nnen an jedem beliebigen Punkt des Betriebs angezeigt werden.<\/span><\/p>\n<p style=\"margin-left:32px\"><span style=\"font-family:Calibri;font-size:16px\">- Bietet die erforderliche Viskosit\u00e4t f\u00fcr Portionen.<\/span><\/p>\n<p style=\"margin-left:32px\"><span style=\"font-family:Calibri;font-size:16px\">- F\u00fcllstandsanzeige und Alarm. Wenn das Licht f\u00fcr den Mischvorgang blinkt, schaltet sich die Maschine automatisch ab, um Sch\u00e4den zu vermeiden.<\/span><\/p>\n<p><span style=\"font-family:Calibri;font-size:16px\">Standby-Modus: W\u00e4hrend l\u00e4ngerer Stillstandszeiten sorgt die Standby-Funktion f\u00fcr sichere Produkttemperaturen im Mischtrichter und im Gefrierzylinder.<\/span><\/p>\n<p><span style=\"font-family:Calibri;font-size:16px\">Druckschutzfunktion f\u00fcr das K\u00fchlsystem.<\/span><\/p>\n<p><span style=\"font-family:Calibri;font-size:16px\">Die robuste Konstruktion mit Edelstahlabdeckung ist ein modernes und<\/span><span style=\"font-family:\u5b8b\u4f53;font-size:16px\">&nbsp;<\/span><span style=\"font-family:Calibri;font-size:16px\">luxuri\u00f6ses \u00c4u\u00dferes.<\/span><\/p>\n<p><span style=\"font-family:Calibri;font-size:16px\">Funktionen: <\/span><\/p>\n<p><span style=\"font-family: Calibri;font-size: 16px\">Das Vork\u00fchlsystem h\u00e4lt das Gemisch im Auto- und Standby-Modus unter 5\u00b0C. Die Luftpumpe f\u00f6rdert das Gemisch mit einer bestimmten Luftmenge zu den Gefrierzylindern. <\/span><\/p>\n<p><span style=\"font-family:Calibri;font-size:16px\">Der Mischer sorgt f\u00fcr ein gleichm\u00e4\u00dfiges Mischungsverh\u00e4ltnis in den Beh\u00e4ltern. *Der Z\u00e4hler erm\u00f6glicht es dem Bediener, die Anzahl der ausgegebenen Portionen zu sehen.<\/span><\/p>\n<p><span style=\"font-family:Calibri;font-size:16px\">Ultraleises Ger\u00e4usch von 50-55 Dezibel.<\/span><\/p>\n<p><span style=\"font-size: 14px\"><\/span><\/div>\n<\/div>\n<p>&nbsp; &nbsp; &nbsp; &nbsp; &nbsp; &nbsp;<\/p><\/div>\n<\/div>\n<\/div>\n<p><span style=\"font-family: \u5b8b\u4f53;letter-spacing: 0;font-size: 16px\"><br \/><\/span><\/p>\n<p><\/p>\n<h2><span style=\"font-family: arial, helvetica, sans-serif;font-size: 24px\"><strong><span style=\"font-family: arial, helvetica, sans-serif;letter-spacing: 0px\">Produkt-Spezifikation<\/span><\/strong><\/span><\/h2>\n<h4><span style=\"font-family: \u5b8b\u4f53;letter-spacing: 0;font-size: 18px\"><\/span><\/h4>\n<p><span style=\"font-family: Helvetica;letter-spacing: 0;font-size: 16px\">Hommy haben mehr weich <a style=\"color:blue\" href=\"\/de\/\">Speiseeismaschine<\/a> f\u00fcr Sie zu w\u00e4hlen, k\u00f6nnen Sie auf der Grundlage Ihrer ben\u00f6tigen, um Eis-Maschine, die auf verschiedene Kapazit\u00e4t und Funktion zu w\u00e4hlen. unsere Maschine K\u00fchlsystem ist sehr stark, dass Eis und gefrorenen Joghurt kann, setzen Sie nur verschiedene Material im Inneren, die in Ordnung sein wird, verwendet die Maschine Strom und Temperatur, um das interne System automatisch einzustellen. Wenn Sie es versuchen, werden Sie diese Maschine m\u00f6gen.&nbsp;<\/span><\/p>\n<p><span style=\"font-family: Helvetica;letter-spacing: 0;font-size: 16px\"><br \/><\/span><\/p>\n<p><span style=\"font-family: Helvetica;letter-spacing: 0;font-size: 16px\"><br \/><\/span><\/p>\n<p style=\"text-align: center\"><span style=\"font-family: Helvetica;letter-spacing: 0;font-size: 16px\"><img decoding=\"async\" src=\"https:\/\/www.hommy.com\/wp-content\/uploads\/16004079362483.png\" title=\"\" alt=\"product-Hommy-img\"><\/span><\/p>\n<p><strong><span style=\"font-family: \u5b8b\u4f53;letter-spacing: 0;font-size: 18px\"><br \/><\/span><\/strong><\/p>\n<p><strong><span style=\"font-family: \u5b8b\u4f53;letter-spacing: 0;font-size: 18px\"><br \/><\/span><\/strong><\/p>\n<h2><span style=\"font-family: arial, helvetica, sans-serif;font-size: 24px\"><strong><span style=\"font-family: arial, helvetica, sans-serif;letter-spacing: 0px\">Produktvorteil<\/span><\/strong><\/span><strong><span style=\"font-family: \u5b8b\u4f53;letter-spacing: 0;font-size: 18px\"> &nbsp;&nbsp;&nbsp;&nbsp;&nbsp;&nbsp;<\/span><\/strong><strong><span style=\"font-family: \u5b8b\u4f53;letter-spacing: 0;font-size: 18px\">&nbsp;<\/span><\/strong><br \/><\/h2>\n<p><span style=\"font-family: Helvetica;letter-spacing: 0;font-size: 16px\">Hommy haben produzieren Eismaschine f\u00fcr 20 Jahre Erfahrung, Vending-Eis-Maschine f\u00fcgen Sie mehr Funktion Softeis, weil kein Kerl, um die ganze Zeit zu warten. wir auf dieser Basis f\u00fcgen Sie mehr Sensor und Software verwenden, um es zu kontrollieren, die gute Qualit\u00e4t und gute Funktion ist.<\/span><\/p>\n<p><span style=\"font-family: Helvetica;letter-spacing: 0;font-size: 16px\"><\/span><\/p>\n<div class=\"d-tem01-graphic tem01-graphic mockup\" data-detail=\"wrap\">\n<div class=\"cont-section clearfix d-clearfix\">\n<div class=\"col-md-6 col-sm-6 col-xs-6\">\n<div class=\"right-p\">\n<div class=\"h2 heading\">\n<p style=\"margin-bottom:13px;margin-left:0;text-indent:0\"><span style=\"font-family: Helvetica;letter-spacing: 0;font-weight: bold;font-size: 18px\">1.&nbsp;<\/span><strong><span style=\"font-family: Helvetica;letter-spacing: 0;font-size: 18px\">Dehnungsrohr<\/span><\/strong><\/p>\n<\/div>\n<p><span style=\"font-size: 16px;letter-spacing: 0px;font-family: Helvetica\">Die Funktion des Expansionsrohrs ist es, Luft in den Zylinder zu blasen und mit dem Eis zu mischen, um die Expansionsrate des Eises zu erh\u00f6hen, das weicher und leckerer ist, wenn Sie es essen. Die Expansionsrate des Expansionsrohrs ist 30%-45%, und es hat drei verschiedene L\u00f6cher f\u00fcr Kunden, um die Menge der Luftzufuhr einzustellen, die bequem zu reinigen und einfach zu bedienen ist.<\/span><\/p>\n<p><span style=\"font-family: \u5b8b\u4f53;font-size: 16px;letter-spacing: 0px\"><br \/><\/span><\/p>\n<p><span style=\"font-family: \u5b8b\u4f53;font-size: 16px;letter-spacing: 0px\"><br \/><\/span><\/p>\n<\/div>\n<div class=\"graphic_pic animated wow bounceIn\" data-wow-delay=\".7s\">\n<p style=\"text-align:center\"><img loading=\"lazy\" decoding=\"async\" src=\"https:\/\/www.hommy.com\/wp-content\/uploads\/16004833162473.jpg\" alt=\"Produkt-Hommy-HM706 Softeismaschine-img\" title=\"\" width=\"250\" height=\"250\" border=\"0\" vspace=\"0\" style=\"width: 250px;height: 250px\"><\/p>\n<\/div>\n<\/div>\n<div class=\"col-md-6 col-sm-6 col-xs-6\">\n<div class=\"right-p\">\n<div class=\"h2 heading\"><span style=\"font-family: Helvetica;letter-spacing: 0px\">2. Sensor verlassen<\/span><span style=\"font-family: \u5b8b\u4f53;letter-spacing: 0px\">&nbsp;<\/span><\/div>\n<p><span style=\"font-family: Helvetica\"><span style=\"letter-spacing: 0px;font-size: 16px\">Sensor haben lassen&nbsp;<\/span><span style=\"letter-spacing: 0px;font-size: 16px\">Zweite Stufe, die erste Stufe der fehlenden Materialebene Alarm, die zweite Stufe der automatischen Abschaltung.<\/span><span style=\"letter-spacing: 0px;font-size: 16px\">&nbsp;Wenn Sie die erste Nachricht erhalten, haben Sie einige Zeit f\u00fcr Sie, um Material hinzuzuf\u00fcgen keine Notwendigkeit, die Maschine zu stoppen, um es zu arbeiten.<\/span><\/span><\/p>\n<p><span style=\"font-family: \u5b8b\u4f53;letter-spacing: 0px;font-size: 16px\"><br \/><\/span><\/p>\n<p><span style=\"font-family: \u5b8b\u4f53;letter-spacing: 0px;font-size: 16px\"><br \/><\/span><\/p>\n<p><span style=\"font-family: \u5b8b\u4f53;letter-spacing: 0px;font-size: 16px\"><br \/><\/span><\/p>\n<\/div>\n<div class=\"graphic_pic animated wow bounceIn\" data-wow-delay=\".7s\">\n<p style=\"text-align:center\"><img loading=\"lazy\" decoding=\"async\" src=\"https:\/\/www.hommy.com\/wp-content\/uploads\/16004087772397.jpg\" alt=\"product-Hommy-img\" title=\"\" width=\"250\" height=\"1000\" border=\"0\" vspace=\"0\" style=\"width: 250px;height: 1000px\"><\/p>\n<\/div>\n<\/div>\n<\/div>\n<\/div>\n<div class=\"d-tem01-graphic tem01-graphic mockup\" data-detail=\"wrap\">\n<div class=\"cont-section clearfix d-clearfix\">\n<div class=\"col-md-6 col-sm-6 col-xs-6\">\n<div class=\"right-p\">\n<div class=\"h2 heading\"><span style=\"letter-spacing: 0px\">3.&nbsp;<\/span><span style=\"font-family: Helvetica;letter-spacing: 0px\">Controller<\/span><\/div>\n<p><span style=\"font-size: 16px;letter-spacing: 0px;font-family: Helvetica\">Das Bedienfeld zeigt deutlich die internen Funktionen der Maschine. Zur gleichen Zeit, die Maschine erinnert auch die Reinigungsfunktion, das Hinzuf\u00fcgen von mehr humanisierte Funktionen, wir sind auch willkommen, OEM zu tun.<\/span><\/p>\n<p><\/p>\n<p><\/p>\n<p><\/p>\n<\/div>\n<div class=\"graphic_pic animated wow bounceIn\" data-wow-delay=\".7s\" style=\"text-align: center\"><img decoding=\"async\" src=\"https:\/\/www.hommy.com\/wp-content\/uploads\/16004090699722.jpg\" alt=\"product-Hommy-img\" title=\"\" style=\"text-align: center\"><\/div>\n<\/div>\n<div class=\"col-md-6 col-sm-6 col-xs-6\">\n<div class=\"right-p\">\n<div class=\"h2 heading\"><span style=\"letter-spacing: 0px\">4. der Mischer im Trichter<\/span><\/div>\n<p><span style=\"font-size: 16px;letter-spacing: 0px;font-family: Helvetica\">Gleichm\u00e4\u00dfig mischen. Der Hochgeschwindigkeitsmischer im Trichter sorgt daf\u00fcr, dass das Material im Trichter flie\u00dft, wenn es gefriert. Das Eis wird glatter, nachdem es vollst\u00e4ndig mit Luft vermischt wurde.<\/span><\/p>\n<\/div>\n<div class=\"graphic_pic animated wow bounceIn\" data-wow-delay=\".7s\">\n<p style=\"text-align:center\"><\/p>\n<p><\/p>\n<p style=\"text-align:center\"><\/p>\n<p style=\"text-align:center\"><img decoding=\"async\" src=\"https:\/\/www.hommy.com\/wp-content\/uploads\/16004834973089.jpg\" alt=\"Produkt-HM706 Softeismaschine-Hommy-img\" title=\"\"><\/p>\n<\/div>\n<\/div>\n<\/div>\n<\/div>\n<div class=\"d-tem01-graphic tem01-graphic mockup\" data-detail=\"wrap\">\n<div class=\"cont-section clearfix d-clearfix\">\n<div class=\"col-md-6 col-sm-6 col-xs-6\">\n<div class=\"right-p\">\n<div class=\"h2 heading\">5. Optionales Zubeh\u00f6r Auspuff<\/div>\n<p><span style=\"font-size: 16px;letter-spacing: 0px;font-family: Helvetica\">Installieren Sie die Eismaschine richtig. Der Abstand zwischen der Abluft\u00f6ffnung hinter der Maschine und der Wand betr\u00e4gt 1 Meter f\u00fcr die Bel\u00fcftung, aber in Wirklichkeit ist es unm\u00f6glich, diese Situation in unserem Lagerraum zu erreichen. Hommy hat einen neuen Abluftkanal f\u00fcr den t\u00e4glichen Gebrauch entworfen, um die hei\u00dfe Luft abzuf\u00fchren. Nach oben hin kann er mehr Orte versorgen, ohne Platz zu beanspruchen.<\/span><\/p>\n<p><span style=\"font-family: \u5b8b\u4f53;font-size: 16px;letter-spacing: 0px\"><br \/><\/span><\/p>\n<p><span style=\"font-family: \u5b8b\u4f53;font-size: 16px;letter-spacing: 0px\">&nbsp;<\/span><\/p>\n<\/div>\n<div class=\"graphic_pic animated wow bounceIn\" data-wow-delay=\".7s\">\n<p style=\"text-align:center\"><img decoding=\"async\" src=\"https:\/\/www.hommy.com\/wp-content\/uploads\/16004092538447.jpg\" style=\"text-align: center\" alt=\"produkt-Hommy-img-1\" title=\"\"><\/p>\n<\/div>\n<\/div>\n<div class=\"col-md-6 col-sm-6 col-xs-6\">\n<div class=\"right-p\">\n<div class=\"h2 heading\"><span style=\"letter-spacing: 0px\">6. Automatische R\u00fcckstellung des Handlers<\/span><\/div>\n<p><span style=\"letter-spacing: 0px;font-size: 16px;font-family: Helvetica\">Installieren Sie, wenn Sie herausnehmen Eis, dass Handler wird automatisch zur\u00fcckgesetzt, die durch versehentliches Fallenlassen Eis auf den Boden verschont werden kann.<\/span><\/p>\n<p><span style=\"font-family: \u5b8b\u4f53;letter-spacing: 0px;font-size: 16px\"><br \/><\/span><\/p>\n<p><\/p>\n<p><span style=\"font-family: \u5b8b\u4f53;letter-spacing: 0px;font-size: 16px\"><br \/><\/span><\/p>\n<\/div>\n<div class=\"graphic_pic animated wow bounceIn\" data-wow-delay=\".7s\">\n<p style=\"text-align:center\"><img loading=\"lazy\" decoding=\"async\" src=\"https:\/\/www.hommy.com\/wp-content\/uploads\/16004834208076.jpg\" title=\"\" alt=\"produkt-Hommy-img-1\" width=\"350\" height=\"562\" border=\"0\" vspace=\"0\" style=\"width: 350px;height: 562px\"><\/p>\n<\/div>\n<\/div>\n<\/div>\n<\/div>\n<p style=\"text-align: center\"><\/p>\n<p>Dokument:<img decoding=\"async\" src=\"https:\/\/www.hommy.com\/wp-content\/uploads\/icon_pdf-36.gif\" style=\"margin-right: 2px\" alt=\"Produkt-Hommy-HM706 Softeismaschine-img-1\" title=\"\"><a href=\"https:\/\/img80002414.weyesimg.com\/uploads\/www.hommy.com\/addon\/16027406495634.pdf\" title=\"16027406495634.pdf\" style=\"font-size: 12px\">16027406495634.pdf<\/a><\/p>\n<h2>Wie lange kann man Softeis im Automaten lassen?<\/h2>\n<p style=\"margin-top: 5px;margin-bottom: 5px\">Das ist eine gute Frage, aber die Antwort h\u00e4ngt von der Marke und dem Modell Ihrer Eismaschine ab. Wenn Sie eine Eismaschine verwenden, die \u00fcber ein separates Gefrierfach verf\u00fcgt, k\u00f6nnen Sie die Maschine bis zu einer Woche im Gefrierschrank aufbewahren. Es ist ratsam, die Konsistenz des Softeises nach 2 Tagen zu \u00fcberpr\u00fcfen.<\/p>\n<p style=\"margin-top: 5px;margin-bottom: 5px\"><\/p>\n<h2>Warum schmeckt gefrorener Joghurt nicht wie Joghurt?<\/h2>\n<p style=\"margin-top: 5px;margin-bottom: 5px\">Gefrorener Joghurt ist so ziemlich genau dasselbe wie normaler Joghurt. Gefrorener Joghurt ist eine Art von Joghurt, der vor dem Servieren gefroren wurde. Er hat die Konsistenz eines Joghurts, ist aber noch gefroren. Gefrorener Joghurt ist k\u00f6stlich und kann allein oder als Beilage zu etwas anderem gegessen werden. Es gibt viele verschiedene Arten von gefrorenem Joghurt, und viele von ihnen werden aus verschiedenen Joghurtsorten hergestellt. Einigen gefrorenen Joghurts kann mehr Zucker zugesetzt werden, was sie s\u00fc\u00dfer macht, und einigen gefrorenen Joghurts werden Zutaten zugesetzt, die sie anders schmecken lassen.<\/p>\n<p style=\"margin-top: 5px;margin-bottom: 5px\"><\/p>\n<h2>Was sind die Nachteile von Joghurt?<\/h2>\n<p style=\"margin-top: 5px;margin-bottom: 5px\">Joghurt hat eine Reihe von gesundheitlichen Vorteilen. Er hat einen hohen Kalziumgehalt und ist auch eine gute Quelle f\u00fcr Vitamine. Joghurt ist auch eine gute Eiwei\u00dfquelle, aber es gibt auch einige Nachteile von Joghurt. Manche Menschen m\u00f6gen den Geschmack von Joghurt nicht und er ist schwer zu verdauen. Auch der Geruch des Joghurts nach dem Verzehr kann unangenehm sein.<\/p>\n<\/div><\/div>","protected":false},"excerpt":{"rendered":"<p>Soft Serve Ice Cream Machine Soft Serve Ice Cream Machine|Product Features|Table top Soft Serve Freezer, table top Frozen Yogurt Freezer|Product Specification|Product Advantage We have a team of professionals who have years of experience in this field. They work with a team of professionals who are also well-versed in this field.The frozen yogurt Maker we provide [&hellip;]<\/p>\n","protected":false},"featured_media":1944,"comment_status":"open","ping_status":"open","template":"","meta":{"_swt_meta_header_display":false,"_swt_meta_footer_display":false,"_swt_meta_site_title_display":false,"_swt_meta_sticky_header":false,"_swt_meta_transparent_header":false},"product_brand":[],"product_cat":[80,77],"product_tag":[],"class_list":{"0":"post-694","1":"product","2":"type-product","3":"status-publish","4":"has-post-thumbnail","6":"product_cat-frozen-yogurt-machine","7":"product_cat-ice-cream-machine","9":"first","10":"instock","11":"shipping-taxable","12":"product-type-simple"},"_links":{"self":[{"href":"https:\/\/www.hommy.com\/de\/wp-json\/wp\/v2\/product\/694","targetHints":{"allow":["GET"]}}],"collection":[{"href":"https:\/\/www.hommy.com\/de\/wp-json\/wp\/v2\/product"}],"about":[{"href":"https:\/\/www.hommy.com\/de\/wp-json\/wp\/v2\/types\/product"}],"replies":[{"embeddable":true,"href":"https:\/\/www.hommy.com\/de\/wp-json\/wp\/v2\/comments?post=694"}],"wp:featuredmedia":[{"embeddable":true,"href":"https:\/\/www.hommy.com\/de\/wp-json\/wp\/v2\/media\/1944"}],"wp:attachment":[{"href":"https:\/\/www.hommy.com\/de\/wp-json\/wp\/v2\/media?parent=694"}],"wp:term":[{"taxonomy":"product_brand","embeddable":true,"href":"https:\/\/www.hommy.com\/de\/wp-json\/wp\/v2\/product_brand?post=694"},{"taxonomy":"product_cat","embeddable":true,"href":"https:\/\/www.hommy.com\/de\/wp-json\/wp\/v2\/product_cat?post=694"},{"taxonomy":"product_tag","embeddable":true,"href":"https:\/\/www.hommy.com\/de\/wp-json\/wp\/v2\/product_tag?post=694"}],"curies":[{"name":"wp","href":"https:\/\/api.w.org\/{rel}","templated":true}]}}