{"id":674,"date":"2024-07-02T15:24:21","date_gmt":"2024-07-02T15:24:21","guid":{"rendered":"http:\/\/localhost\/hommywp\/hm716-commercial-auto-frozen-yogurt-machine-manufacturer-cost\/"},"modified":"2025-08-01T09:57:38","modified_gmt":"2025-08-01T09:57:38","slug":"hm716-kommerzielle-speiseeismaschine","status":"publish","type":"product","link":"https:\/\/www.hommy.com\/de\/p\/hm716-kommerzielle-speiseeismaschine\/","title":{"rendered":"Hm716 Kommerzielle Auto Frozen Yogurt Maschine Hersteller Kosten"},"content":{"rendered":"<div>\n<p>&nbsp;&nbsp;&nbsp;&nbsp;<\/p>\n<h2 style=\"text-align: center\"><span style=\"font-size: 24px;font-family: arial, helvetica, sans-serif\"><strong><span style=\"font-size: 24px;letter-spacing: 0px\"><a name=\"2 flavour+mix soft ice cream machine\"><\/a>2 Geschmacksrichtungen+Mix Softeismaschine<\/span><\/strong><\/span><\/h2>\n<p style=\"text-align: center\"><a href=\"#2 flavour+mix soft ice cream machine\" target=\"_self\" data-lv=\"0\" rel=\"noopener\"><span style=\"font-family: arial, helvetica, sans-serif;font-size: 16px\"><span style=\"font-family: arial, helvetica, sans-serif;letter-spacing: 0px\">2 Geschmacksrichtungen+Mix Softeismaschine<\/span><\/span><\/a><span style=\"font-family: arial, helvetica, sans-serif;font-size: 16px\"><span style=\"font-family: arial, helvetica, sans-serif;letter-spacing: 0px\">|<a href=\"#Product Features\" target=\"_self\" data-lv=\"0\" rel=\"noopener\">Produktmerkmale<\/a>|<a href=\"#Soft Serve Freezer, Frozen Yogurt Freezer\" target=\"_self\" data-lv=\"0\" rel=\"noopener\">Gefrierschrank f\u00fcr Softeis, Gefrierschrank f\u00fcr Joghurt<\/a>|<a href=\"#Product Specification\" target=\"_self\" data-lv=\"0\" rel=\"noopener\">Produkt-Spezifikation<\/a>|<a href=\"#Product Advantage\" target=\"_self\" data-lv=\"0\" rel=\"noopener\">Produktvorteil<\/a><\/span><\/span><\/p>\n<p><\/p>\n<p style=\"text-align: center\">\n<p style=\"text-align: center\">&nbsp;&nbsp;&nbsp;&nbsp;<\/p>\n<h4><strong><span style=\"font-family: \u5b8b\u4f53;letter-spacing: 0;font-size: 18px\"><\/span><\/strong><\/h4>\n<p>Ein Werbespot <a style=\"color:blue\" href=\"https:\/\/www.hommy.com\/de\/maschine-fur-gefrorenen-joghurt\/\">Maschine f\u00fcr gefrorenen Joghurt<\/a> ist eine Maschine, die zur Herstellung von gefrorenem Joghurt verwendet wird. Gefrorener Joghurt ist ein gefrorenes Dessert, das aus Joghurt, Milch und anderen Zutaten hergestellt wird. Er wird in der Regel in einer Softeis-Maschine hergestellt, die den Joghurt einfriert und in einen Becher abf\u00fcllt.<\/p>\n<p>Wenn Sie auf der Suche nach einer kommerziellen Frozen Yogurt Maschine sind, dann sind Sie bei uns genau an der richtigen Adresse. Unsere Fabrik ist auf den Verkauf dieser Maschinen spezialisiert und wir sind sicher, dass wir die perfekte Maschine f\u00fcr Sie haben. Wir haben eine gro\u00dfe Auswahl an Maschinen, so dass Sie sicher die perfekte Maschine f\u00fcr Ihre Bed\u00fcrfnisse finden werden. Wir bieten auch eine 100% Zufriedenheitsgarantie auf alle unsere Produkte, so dass Sie sicher sein k\u00f6nnen, dass Sie eine kluge Investition t\u00e4tigen. Wir sind zuversichtlich, dass wir die perfekte Maschine f\u00fcr Ihr Unternehmen haben, also schauen Sie sich bitte unsere Auswahl an und lassen Sie uns wissen, wenn Sie Fragen haben. Vielen Dank, dass Sie uns als Ihre erste Anlaufstelle f\u00fcr kommerzielle Frozen Yogurt Maschinen in Betracht ziehen.<\/p>\n<h4><strong><span style=\"font-family: \u5b8b\u4f53;letter-spacing: 0;font-size: 18px\"><br \/><\/span><\/strong><br \/><\/h4>\n<h2><span style=\"font-family: arial, helvetica, sans-serif;font-size: 24px\"><strong><span style=\"font-family: arial, helvetica, sans-serif;letter-spacing: 0px\"><a name=\"Product Features\"><\/a>Produkt <\/span><\/strong><strong><span style=\"font-family: arial, helvetica, sans-serif;letter-spacing: 0px\">Eigenschaften<\/span><\/strong><\/span><strong><span style=\"font-family: \u5b8b\u4f53;letter-spacing: 0;font-size: 18px\"> <\/span><\/strong><strong><span style=\"font-family: \u5b8b\u4f53;letter-spacing: 0;font-size: 18px\">&nbsp;<\/span><\/strong><\/h2>\n<p style=\"margin-top:0;margin-right:0;margin-bottom:10px;margin-left:0;text-indent:0\"><span style=\"font-family: Helvetica;letter-spacing: 0;font-size: 16px\"><\/span><\/p>\n<p><span style=\"font-family: Helvetica;letter-spacing: 0;font-size: 16px\">Hommy hat mehr <a style=\"color:blue\" href=\"https:\/\/www.hommy.com\/de\/softeismaschine\/\">Softeismaschine<\/a> Hersteller f\u00fcr Sie zu w\u00e4hlen, k\u00f6nnen Sie auf der Grundlage Ihrer ben\u00f6tigen, um Eis-Maschine w\u00e4hlen <\/span><span style=\"font-family: Helvetica;letter-spacing: 0;font-size: 16px\">Unsere Maschine K\u00fchlsystem ist sehr stark, dass Eis und gefrorenen Joghurt kann, setzen Sie nur verschiedene Materialien in das Innere, die ok sein wird, die <a style=\"color:blue\" href=\"https:\/\/www.hommy.com\/de\/speiseeismaschine\/\">Softeisautomat<\/a> verwendet Strom und Temperatur, um das interne System automatisch anzupassen. <\/span><span style=\"font-family: Helvetica;letter-spacing: 0;font-size: 16px\">W<\/span><span style=\"font-family: Helvetica;letter-spacing: 0;font-size: 16px\">enn Sie es versuchen, werden Sie diese Maschine m\u00f6gen.&nbsp;<\/span><\/p>\n<p><span style=\"font-family: Helvetica;letter-spacing: 0;font-size: 16px\"><\/span><\/p>\n<div class=\"d-tem01-graphic tem01-graphic mockup\" data-detail=\"wrap\">\n<div class=\"cont-section clearfix d-clearfix\">\n<div class=\"col-md-6 col-sm-6 col-xs-6\"><\/p>\n<div class=\"graphic_pic animated wow bounceIn\" data-wow-delay=\".7s\"><img decoding=\"async\" src=\"https:\/\/www.hommy.com\/wp-content\/uploads\/16004108937389.jpg\" alt=\"Produkt-Hommy-HM716 gewerbliche Eismaschine-img\" title=\"\"><br \/>\n &nbsp; &nbsp; &nbsp; &nbsp; &nbsp; &nbsp;<\/div>\n<\/div>\n<div class=\"col-md-6 col-sm-6 col-xs-6\">\n<div class=\"right-p\">\n<div class=\"h2 heading\"><span style=\"font-family: \u5b8b\u4f53;letter-spacing: 0px;font-size: 16px\"><\/span><\/p>\n<h2 style=\", Helvetica, Arial, sans-serif\"><span style=\"font-family: arial, helvetica, sans-serif;font-size: 24px\"><strong><a name=\"Soft Serve Freezer, Frozen Yogurt Freezer\"><\/a>Gefrierschrank f\u00fcr Softeis, Gefrierschrank f\u00fcr Joghurt<\/strong><\/span><\/h2>\n<p><span style=\"font-family:Calibri;font-size:16px\">Twin Twist, Vork\u00fchlung, Mixer, Theke, Ultraleise<\/span><\/p>\n<p><span style=\"font-family:\u5b8b\u4f53;font-size:16px\">Eigenschaften<\/span><\/p>\n<p><span style=\"font-family:Calibri;font-size:16px\">Produktangebot: Angebot aller beliebten Softeis-Variationen von Eiscreme bis zu fettarmem oder fettfreiem Frozen Yogurt.<\/span><\/p>\n<p><span style=\"font-family:Calibri;font-size:16px\">Geschmacksrichtung: Servieren Sie zwei verschiedene Geschmacksrichtungen und einen Twist.<\/span><\/p>\n<p><span style=\"font-family:Calibri;font-size:16px\">Mischtrichter: Zwei 13 Wurf Kapazit\u00e4t (13.7quart, 3.43gallons)<\/span><\/p>\n<p><span style=\"font-family:Calibri;font-size:16px\">Gefrierzylinder: Zwei 1.8 Wurf Kapazit\u00e4t 1.63quart, 0.48gallons)<\/span><\/p>\n<p><span style=\"font-family:Calibri;font-size:16px\">Steuerung \u00fcber Touchscreen:<\/span><\/p>\n<p style=\"margin-left:32px\"><span style=\"font-family:Calibri;font-size:16px\">-&nbsp;<\/span><span style=\"font-family:Calibri;font-size:16px\">Das Mikroprozessor-Touch-Steuerungssystem ist in eine robuste Hartglasscheibe eingebettet.<\/span><\/p>\n<p style=\"margin-left:32px\"><span style=\"font-family:Calibri;font-size:16px\">-&nbsp;<\/span><span style=\"font-family:Calibri;font-size:16px\">Die Temperaturen in den Trichtern oder Gefrierzylindern k\u00f6nnen an jedem beliebigen Punkt des Betriebs angezeigt werden.<\/span><\/p>\n<p style=\"margin-left:32px\"><span style=\"font-family:Calibri;font-size:16px\">-&nbsp;<\/span><span style=\"font-family:Calibri;font-size:16px\">Bietet die erforderliche Viskosit\u00e4t f\u00fcr Portionen.<\/span><\/p>\n<p style=\"margin-left:32px\"><span style=\"font-family:Calibri;font-size:16px\">-&nbsp;<\/span><span style=\"font-family:Calibri;font-size:16px\">F\u00fcllstandsanzeige und Alarm. Wenn das Licht f\u00fcr den Mischvorgang blinkt, schaltet sich die Maschine automatisch ab, um Sch\u00e4den zu vermeiden.<\/span><\/p>\n<p><span style=\"font-family:Calibri;font-size:16px\">Standby-Modus: W\u00e4hrend l\u00e4ngerer Stillstandszeiten sorgt die Standby-Funktion f\u00fcr sichere Produkttemperaturen im Mischtrichter und im Gefrierzylinder.<\/span><\/p>\n<p><span style=\"font-family:Calibri;font-size:16px\">Druckschutzfunktion f\u00fcr das K\u00fchlsystem.<\/span><\/p>\n<p><span style=\"font-family:Calibri;font-size:16px\">Die robuste Konstruktion mit Edelstahlabdeckung ist ein modernes und<\/span><span style=\"font-family:\u5b8b\u4f53;font-size:16px\">&nbsp;<\/span><span style=\"font-family:Calibri;font-size:16px\">luxuri\u00f6ses \u00c4u\u00dferes.<\/span><\/p>\n<p><span style=\"font-family:Calibri;font-size:16px\">Funktionen: <\/span><\/p>\n<p><span style=\"font-family: Calibri;font-size: 16px\">Das Vork\u00fchlsystem h\u00e4lt das Gemisch im Auto- und Standby-Modus unter 5\u00b0C. Luftpumpe f\u00f6rdert das Gemisch mit einer bestimmten Luftmenge <\/span><span style=\"font-family:Calibri;font-size:16px\">zu den Gefrierzylindern. <\/span><\/p>\n<p><span style=\"font-family:Calibri;font-size:16px\">Der Mischer sorgt f\u00fcr ein gleichm\u00e4\u00dfiges Mischungsverh\u00e4ltnis in den Beh\u00e4ltern. *Der Z\u00e4hler erm\u00f6glicht es dem Bediener, die Anzahl der ausgegebenen Portionen zu sehen.<\/span><\/p>\n<p><span style=\"font-family:Calibri;font-size:16px\">Ultraleises Ger\u00e4usch von 50-55 Dezibel.<\/span><span style=\"font-size: 14px;font-family: inherit\">&nbsp; &nbsp; &nbsp; &nbsp;<\/span><\/p>\n<\/div>\n<\/div>\n<\/div>\n<\/div>\n<\/div>\n<p><span style=\"font-family: Helvetica;letter-spacing: 0;font-size: 16px\"><\/span><\/p>\n<h2><span style=\"font-family: arial, helvetica, sans-serif;font-size: 24px\"><strong><span style=\"font-family: arial, helvetica, sans-serif;letter-spacing: 0px\"><a name=\"Product Specification\"><\/a>Produkt-Spezifikation<\/span><\/strong><\/span><strong><span style=\"font-family: \u5b8b\u4f53;letter-spacing: 0;font-size: 18px\"> <\/span><\/strong><\/h2>\n<p><span style=\"font-family: Helvetica;letter-spacing: 0;font-size: 16px\">Hommy haben mehr weich <a style=\"color:blue\" href=\"\/de\/\">Speiseeismaschine<\/a> Hersteller f\u00fcr Sie zu w\u00e4hlen, k\u00f6nnen Sie auf der Grundlage Ihrer ben\u00f6tigen, um Eis-Maschine w\u00e4hlen <\/span><span style=\"font-family: Helvetica;letter-spacing: 0;font-size: 16px\">Unsere Maschine K\u00fchlsystem ist sehr stark, dass Eis und gefrorenen Joghurt kann, setzen Sie nur verschiedene Material im Inneren, die in Ordnung sein wird, die Soft-Serve-Maschine verwendet Strom und Temperatur, um automatisch das interne System. <\/span><span style=\"font-family: Helvetica;letter-spacing: 0;font-size: 16px\">W<\/span><span style=\"font-family: Helvetica;letter-spacing: 0;font-size: 16px\">enn Sie es versuchen, werden Sie diese Maschine m\u00f6gen.&nbsp;<\/span><\/p>\n<p><span style=\"font-family: Helvetica;letter-spacing: 0;font-size: 16px\"><br \/><\/span><\/p>\n<p style=\"text-align:center\"><img decoding=\"async\" src=\"https:\/\/www.hommy.com\/wp-content\/uploads\/16004104919672.png\" alt=\"product-Hommy-img\" title=\"\"><\/p>\n<p><strong><span style=\"font-family: \u5b8b\u4f53;letter-spacing: 0;font-size: 18px\"><br \/><\/span><\/strong><\/p>\n<h2><span style=\"font-family: arial, helvetica, sans-serif;font-size: 24px\"><strong><span style=\"font-family: arial, helvetica, sans-serif;letter-spacing: 0px\"><a name=\"Product Advantage\"><\/a>Produktvorteil<\/span><\/strong><\/span><strong><span style=\"font-family: \u5b8b\u4f53;letter-spacing: 0;font-size: 18px\"> &nbsp;&nbsp;&nbsp;&nbsp;&nbsp;&nbsp;<\/span><\/strong><\/h2>\n<p><span style=\"font-family: Helvetica;letter-spacing: 0;font-size: 16px\">Hommy haben produzieren Eismaschine f\u00fcr 20 Jahre Erfahrung, Vending-Eis-Maschine f\u00fcgen Sie mehr Funktion Softeis, weil kein Kerl, um die ganze Zeit zu warten. wir auf dieser Basis f\u00fcgen Sie mehr Sensor und Software verwenden, um es zu kontrollieren, die gute Qualit\u00e4t und gute Funktion ist.<\/span><\/p>\n<p><span style=\"font-family: Helvetica;letter-spacing: 0;font-size: 16px\"><\/span><\/p>\n<div class=\"d-tem01-graphic tem01-graphic mockup\" data-detail=\"wrap\">\n<div class=\"cont-section clearfix d-clearfix\">\n<div class=\"col-md-6 col-sm-6 col-xs-6\">\n<div class=\"right-p\">\n<div class=\"h2 heading\">\n<div class=\"h2 heading\" style=\", Helvetica, Arial, sans-serif;margin: 0px 0px 15px;font-size: 22px\"><span style=\"font-family: Helvetica;letter-spacing: 0px;font-weight: bold;font-size: 18px\">1.&nbsp;<\/span><strong style=\"font-family: inherit\"><span style=\"font-family: Helvetica;letter-spacing: 0px;font-size: 18px\">Dehnungsrohr<\/span><\/strong><\/div>\n<div class=\"description\" style=\"line-height: 24.5px;padding-top: 10px\"><span style=\"font-family: \u5b8b\u4f53;font-size: 16px;letter-spacing: 0px\">Die Funktion des Expansionsrohrs ist es, Luft in den Zylinder zu blasen und mit dem Eis zu mischen, um die Expansionsrate des Eises zu erh\u00f6hen, das weicher und leckerer ist, wenn Sie es essen. Die Expansionsrate des Expansionsrohrs ist 30%-45%, und es hat drei verschiedene L\u00f6cher f\u00fcr Kunden, um die Menge der Luftzufuhr einzustellen, die bequem zu reinigen und einfach zu bedienen ist.<\/span><\/div>\n<\/div>\n<\/div>\n<div class=\"graphic_pic animated wow bounceIn\" data-wow-delay=\".7s\">\n<p style=\"text-align:center\"><img loading=\"lazy\" decoding=\"async\" src=\"https:\/\/www.hommy.com\/wp-content\/uploads\/16004115364443.jpg\" alt=\"Produkt-HM716 Gewerbliche Speiseeismaschine-Hommy-img\" title=\"\" width=\"300\" height=\"438\" border=\"0\" vspace=\"0\" style=\"width: 300px;height: 438px\"><\/p>\n<\/div>\n<\/div>\n<div class=\"col-md-6 col-sm-6 col-xs-6\">\n<div class=\"right-p\">\n<div class=\"h2 heading\">\n<div class=\"h2 heading\" style=\", Helvetica, Arial, sans-serif;margin: 0px 0px 15px;font-size: 22px\">2.&nbsp;<span style=\"font-family: Helvetica;letter-spacing: 0px\">Sensor verlassen<\/span><\/div>\n<p style=\"line-height: 24.5px;padding-top: 10px\"><span style=\"font-family: \u5b8b\u4f53;letter-spacing: 0px;font-size: 16px\">Sensor haben lassen&nbsp;<\/span><span style=\"font-family: Calibri;letter-spacing: 0px;font-size: 16px\">Zweite Stufe, die erste Stufe der fehlenden Materialebene Alarm, die zweite Stufe der automatischen Abschaltung.<\/span><span style=\"font-family: \u5b8b\u4f53;letter-spacing: 0px;font-size: 16px\">&nbsp;Wenn Sie die erste Nachricht erhalten, haben Sie einige Zeit f\u00fcr Sie, um Material hinzuzuf\u00fcgen keine Notwendigkeit, die Maschine zu stoppen, um es zu arbeiten.<\/span><\/p>\n<p style=\"line-height: 24.5px;padding-top: 10px\"><span style=\"font-family: \u5b8b\u4f53;letter-spacing: 0px;font-size: 16px\"><br \/><\/span><\/p>\n<\/div>\n<\/div>\n<div class=\"graphic_pic animated wow bounceIn\" data-wow-delay=\".7s\">\n<p style=\"text-align:center\"><img loading=\"lazy\" decoding=\"async\" src=\"https:\/\/www.hommy.com\/wp-content\/uploads\/16004115082069.jpg\" alt=\"product-Hommy-img\" title=\"\" width=\"300\" height=\"438\" border=\"0\" vspace=\"0\" style=\"width: 300px;height: 438px\"><\/p>\n<\/div>\n<\/div>\n<\/div>\n<\/div>\n<div class=\"d-tem01-graphic tem01-graphic mockup\" data-detail=\"wrap\">\n<div class=\"cont-section clearfix d-clearfix\">\n<div class=\"col-md-6 col-sm-6 col-xs-6\">\n<div class=\"right-p\">\n<div class=\"h2 heading\">\n<p><span style=\"font-family: Helvetica;letter-spacing: 0;font-size: 22px\">3.Controller<\/span><\/p>\n<\/div>\n<p><span style=\"font-family: \u5b8b\u4f53;font-size: 16px;letter-spacing: 0px\">Das Bedienfeld zeigt deutlich die internen Funktionen der Maschine. Zur gleichen Zeit, die Maschine erinnert auch die Reinigungsfunktion, das Hinzuf\u00fcgen von mehr humanisierte Funktionen, wir sind auch willkommen, OEM zu tun.<\/span><\/p>\n<p><span style=\"font-family: \u5b8b\u4f53;font-size: 16px;letter-spacing: 0px\"><br \/><\/span><\/p>\n<p><span style=\"font-family: \u5b8b\u4f53;font-size: 16px;letter-spacing: 0px\"><br \/><\/span><\/p>\n<\/div>\n<div class=\"graphic_pic animated wow bounceIn\" data-wow-delay=\".7s\">\n<p style=\"text-align:center\"><img loading=\"lazy\" decoding=\"async\" src=\"https:\/\/www.hommy.com\/wp-content\/uploads\/16004116331576.jpg\" alt=\"product-Hommy-img\" title=\"\" width=\"400\" height=\"214\" border=\"0\" vspace=\"0\" style=\"height: 214px;text-align: center;width: 400px\"><\/p>\n<\/div>\n<\/div>\n<div class=\"col-md-6 col-sm-6 col-xs-6\">\n<div class=\"right-p\">\n<div class=\"h2 heading\">\n<p style=\"margin: 0 0 15px;text-indent: 0\"><span style=\"letter-spacing: 0px;font-size: 22px\">4. der Mischer im Trichter<\/span><span style=\"font-family: \u5b8b\u4f53;letter-spacing: 0;font-size: 22px\">&nbsp;<\/span><\/p>\n<\/div>\n<p><span style=\"font-family: \u5b8b\u4f53;font-size: 16px;letter-spacing: 0px\">Gleichm\u00e4\u00dfig mischen. Der Hochgeschwindigkeitsmischer im Trichter sorgt daf\u00fcr, dass das Material im Trichter flie\u00dft, wenn es gefriert. Das Eis wird glatter, nachdem es vollst\u00e4ndig mit Luft vermischt wurde.<\/span><\/p>\n<p><span style=\"font-family: \u5b8b\u4f53;font-size: 16px;letter-spacing: 0px\"><br \/><\/span><\/p>\n<p><span style=\"font-family: \u5b8b\u4f53;font-size: 16px;letter-spacing: 0px\"><br \/><\/span><\/p>\n<p><\/p>\n<\/div>\n<div class=\"graphic_pic animated wow bounceIn\" data-wow-delay=\".7s\">\n<p style=\"text-align:center\"><img loading=\"lazy\" decoding=\"async\" src=\"https:\/\/www.hommy.com\/wp-content\/uploads\/16004845644979.jpg\" alt=\"product-Hommy-img\" title=\"\" width=\"250\" height=\"438\" border=\"0\" vspace=\"0\" style=\"width: 250px;height: 438px\"><\/p>\n<\/div>\n<\/div>\n<\/div>\n<\/div>\n<div class=\"d-tem01-graphic tem01-graphic mockup\" data-detail=\"wrap\">\n<div class=\"cont-section clearfix d-clearfix\">\n<div class=\"col-md-6 col-sm-6 col-xs-6\">\n<div class=\"right-p\">\n<div class=\"h2 heading\">5. optionales Zubeh\u00f6r Auspuff<\/div>\n<p><span style=\"font-family: \u5b8b\u4f53;font-size: 16px;letter-spacing: 0px\">Installieren Sie die Eismaschine richtig. Der Abstand zwischen der Abluft\u00f6ffnung hinter der Maschine und der Wand betr\u00e4gt 1 Meter f\u00fcr die Bel\u00fcftung, aber in Wirklichkeit ist es unm\u00f6glich, diese Situation in unserem Lagerraum zu erreichen. Hommy hat einen neuen Abluftkanal f\u00fcr den t\u00e4glichen Gebrauch entworfen, um die hei\u00dfe Luft abzuf\u00fchren. Nach oben hin kann er mehr Orte versorgen, ohne Platz zu beanspruchen.<\/span><\/p>\n<p><span style=\"font-family: \u5b8b\u4f53;font-size: 16px;letter-spacing: 0px\"><br \/><\/span><\/p>\n<p><span style=\"font-family: \u5b8b\u4f53;font-size: 16px;letter-spacing: 0px\"><br \/><\/span><\/p>\n<p><span style=\"font-family: \u5b8b\u4f53;font-size: 16px;letter-spacing: 0px\"><br \/><\/span><\/p>\n<\/div>\n<div class=\"graphic_pic animated wow bounceIn\" data-wow-delay=\".7s\">\n<p style=\"text-align:center\"><img decoding=\"async\" src=\"https:\/\/www.hommy.com\/wp-content\/uploads\/16004849602733.jpg\" alt=\"product-Hommy-HM716 gewerbliche Eismaschine-img-1\" title=\"\"><\/p>\n<\/div>\n<\/div>\n<div class=\"col-md-6 col-sm-6 col-xs-6\">\n<div class=\"right-p\">\n<div class=\"h2 heading\">6. automatische R\u00fcckstellung des Handlers<\/div>\n<div class=\"description\">\n<p style=\"margin-top: 0;margin-right: 0;margin-bottom: 15px\"><span style=\"font-family: \u5b8b\u4f53;letter-spacing: 0;font-size: 16px\">Installieren Sie <\/span><span style=\"font-family: \u5b8b\u4f53;letter-spacing: 0;font-size: 16px\">Wenn du Eiscreme herausnimmst, wird der Handler automatisch zur\u00fcckgesetzt, was durch versehentliches Fallenlassen von Eiscreme auf den Boden vermieden werden kann.<\/span><\/p>\n<p style=\"margin-top: 0;margin-right: 0;margin-bottom: 15px\"><span style=\"font-family: \u5b8b\u4f53;letter-spacing: 0;font-size: 16px\"><br \/><\/span><\/p>\n<p style=\"margin-top: 0;margin-right: 0;margin-bottom: 15px\"><span style=\"font-family: \u5b8b\u4f53;letter-spacing: 0;font-size: 16px\"><br \/><\/span><\/p>\n<p style=\"margin-top: 0;margin-right: 0;margin-bottom: 15px\"><span style=\"font-family: \u5b8b\u4f53;letter-spacing: 0;font-size: 16px\">&nbsp;<\/span><\/p>\n<\/div>\n<\/div>\n<div class=\"graphic_pic animated wow bounceIn\" data-wow-delay=\".7s\">\n<p style=\"text-align:center\"><img loading=\"lazy\" decoding=\"async\" src=\"https:\/\/www.hommy.com\/wp-content\/uploads\/16004849914760.jpg\" alt=\"produkt-Hommy-img-1\" title=\"\" width=\"350\" height=\"562\" border=\"0\" vspace=\"0\" style=\"width: 350px;height: 562px\"><\/p>\n<\/div>\n<\/div>\n<\/div>\n<\/div>\n<p><\/p>\n<p><\/p>\n<p>Dokument\uff1a<img decoding=\"async\" src=\"https:\/\/www.hommy.com\/wp-content\/uploads\/icon_pdf-34.gif\" style=\"margin-right: 2px\" alt=\"Produkt-HM716 Gewerbliche Speiseeismaschine-Hommy-img-1\" title=\"\"><a href=\"https:\/\/img80002414.weyesimg.com\/uploads\/www.hommy.com\/addon\/16027399365015.pdf\" title=\"16027399365015.pdf\" style=\"font-size: 12px\">16027399365015.pdf<\/a><\/p>\n<h2>Wie kann ich eine Starbucks-Franchise erwerben?<\/h2>\n<p style=\"margin-top: 5px;margin-bottom: 5px\">Starbucks ist eine weltweit t\u00e4tige Kaffeekette, die in vielen L\u00e4ndern Franchisebetriebe unterh\u00e4lt. Das Unternehmen verf\u00fcgt \u00fcber ein einzigartiges Gesch\u00e4ftsmodell, das es ihm erm\u00f6glicht hat, schnell und erfolgreich in die ganze Welt zu expandieren. In diesem Leitfaden erfahren Sie, wie Sie ein Starbucks-Franchise erwerben k\u00f6nnen.Was sind die wichtigsten Vorteile eines Starbucks-Franchise-Unternehmens?Es gibt viele Vorteile, ein Starbucks-Franchise-Unternehmen zu besitzen. Du verdienst Geld mit dem Verkauf von Kaffee, Espresso, Tee und anderen Getr\u00e4nken. Au\u00dferdem k\u00f6nnen Sie den Markennamen nutzen, um Ihr eigenes Gesch\u00e4ft aufzubauen. Starbucks hat ein einzigartiges Gesch\u00e4ftsmodell, das sich von anderen unterscheidet.<\/p>\n<p style=\"margin-top: 5px;margin-bottom: 5px\"><\/p>\n<h2>Wie lange legt man Joghurt in den Gefrierschrank, um gefrorenen Joghurt herzustellen?<\/h2>\n<p style=\"margin-top: 5px;margin-bottom: 5px\">Um gefrorenen Joghurt zuzubereiten, gibst du einfach deinen Lieblingsjoghurt in den Gefrierschrank und nimmst ihn heraus, wenn er fest ist. Wir verwenden die super-cremige Sorte, weil sie bereits die perfekte Konsistenz und Temperatur hat - die Dauer h\u00e4ngt davon ab, wie dick der Joghurt ist.<\/p>\n<p style=\"margin-top: 5px;margin-bottom: 5px\"><\/p>\n<h2>Was kann ich mit Joghurt machen, der bald abl\u00e4uft?<\/h2>\n<p style=\"margin-top: 5px;margin-bottom: 5px\">Wenn Sie ihn nicht innerhalb von ein paar Tagen verbrauchen k\u00f6nnen, werfen Sie ihn weg und verwenden Sie ihn f\u00fcr einen Sauerteigstarter, oder frieren Sie ihn ein und verwenden Sie ihn f\u00fcr Milchkefir.<\/p>\n<\/div><\/div>","protected":false},"excerpt":{"rendered":"<p>&nbsp;&nbsp;&nbsp;&nbsp; 2 flavour+mix soft ice cream machine 2 flavour+mix soft ice cream machine|Product Features|Soft Serve Freezer, Frozen Yogurt Freezer|Product Specification|Product Advantage &nbsp;&nbsp;&nbsp;&nbsp; A commercial frozen yogurt machine is a machine used to make frozen yogurt. Frozen yogurt is a frozen dessert made from yogurt, milk, and other ingredients. It is usually made in a soft [&hellip;]<\/p>\n","protected":false},"featured_media":665,"comment_status":"open","ping_status":"open","template":"","meta":{"_swt_meta_header_display":false,"_swt_meta_footer_display":false,"_swt_meta_site_title_display":false,"_swt_meta_sticky_header":false,"_swt_meta_transparent_header":false},"product_brand":[],"product_cat":[80,77],"product_tag":[],"class_list":{"0":"post-674","1":"product","2":"type-product","3":"status-publish","4":"has-post-thumbnail","6":"product_cat-frozen-yogurt-machine","7":"product_cat-ice-cream-machine","9":"first","10":"instock","11":"shipping-taxable","12":"product-type-simple"},"_links":{"self":[{"href":"https:\/\/www.hommy.com\/de\/wp-json\/wp\/v2\/product\/674","targetHints":{"allow":["GET"]}}],"collection":[{"href":"https:\/\/www.hommy.com\/de\/wp-json\/wp\/v2\/product"}],"about":[{"href":"https:\/\/www.hommy.com\/de\/wp-json\/wp\/v2\/types\/product"}],"replies":[{"embeddable":true,"href":"https:\/\/www.hommy.com\/de\/wp-json\/wp\/v2\/comments?post=674"}],"wp:featuredmedia":[{"embeddable":true,"href":"https:\/\/www.hommy.com\/de\/wp-json\/wp\/v2\/media\/665"}],"wp:attachment":[{"href":"https:\/\/www.hommy.com\/de\/wp-json\/wp\/v2\/media?parent=674"}],"wp:term":[{"taxonomy":"product_brand","embeddable":true,"href":"https:\/\/www.hommy.com\/de\/wp-json\/wp\/v2\/product_brand?post=674"},{"taxonomy":"product_cat","embeddable":true,"href":"https:\/\/www.hommy.com\/de\/wp-json\/wp\/v2\/product_cat?post=674"},{"taxonomy":"product_tag","embeddable":true,"href":"https:\/\/www.hommy.com\/de\/wp-json\/wp\/v2\/product_tag?post=674"}],"curies":[{"name":"wp","href":"https:\/\/api.w.org\/{rel}","templated":true}]}}