{"id":67,"date":"2024-07-02T11:51:56","date_gmt":"2024-07-02T11:51:56","guid":{"rendered":"http:\/\/localhost\/hommywp\/hm160d-stand-alone-floor-style-refrigerated-fruit-smoothie-machine\/"},"modified":"2025-08-01T09:52:44","modified_gmt":"2025-08-01T09:52:44","slug":"hm160d-freistehende-gekuhlte-fruchtsmoothie-maschine-fur-den-boden","status":"publish","type":"product","link":"https:\/\/www.hommy.com\/de\/p\/hm160d-freistehende-gekuhlte-fruchtsmoothie-maschine-fur-den-boden\/","title":{"rendered":"HM160D Freistehende gek\u00fchlte Frucht-Smoothie-Maschine f\u00fcr den Boden"},"content":{"rendered":"<h2 class=\"wp-block-heading\"><strong>Steigern Sie Ihren Umsatz und f\u00f6rdern Sie Ihr Gesch\u00e4ft mit der Hommy HM160D: Automatische Frozen-Smoothie-Maschine<\/strong><\/h2>\r\n\r\n\r\n\r\n<p>M\u00f6chten Sie Ihr Gesch\u00e4ft um eine gesunde und profitable Option erweitern?<\/p>\r\n\r\n\r\n\r\n<div class=\"wp-block-group is-content-justification-center is-nowrap is-layout-flex wp-container-core-group-is-layout-23441af8 wp-block-group-is-layout-flex\">\r\n<figure class=\"wp-block-image aligncenter\"><img decoding=\"async\" title=\"Smoothie-Maschine HM160D\" src=\"https:\/\/www.hommy.com\/wp-content\/uploads\/17105145929159.jpg\" alt=\"Smoothie-Maschine HM160D\" \/><\/figure>\r\n<\/div>\r\n\r\n\r\n\r\n<div class=\"wp-block-group is-horizontal is-content-justification-center is-nowrap is-layout-flex wp-container-core-group-is-layout-2256e7f1 wp-block-group-is-layout-flex\">\r\n<div class=\"wp-block-group is-vertical is-layout-flex wp-container-core-group-is-layout-fe9cc265 wp-block-group-is-layout-flex\">\r\n<figure class=\"wp-block-image\"><img decoding=\"async\" src=\"https:\/\/www.hommy.com\/wp-content\/uploads\/17105175559625-2.jpg\" alt=\"\" title=\"\">\r\n<figcaption class=\"wp-element-caption\">1.Scanner<\/figcaption>\r\n<\/figure>\r\n<\/div>\r\n\r\n\r\n\r\n<div class=\"wp-block-group is-vertical is-layout-flex wp-container-core-group-is-layout-fe9cc265 wp-block-group-is-layout-flex\">\r\n<figure class=\"wp-block-image size-large\"><img decoding=\"async\" src=\"https:\/\/www.hommy.com\/wp-content\/uploads\/17105175558461-2.jpg\" alt=\"\" title=\"\">\r\n<figcaption class=\"wp-element-caption\">2. ein Klick<\/figcaption>\r\n<\/figure>\r\n<\/div>\r\n\r\n\r\n\r\n<div class=\"wp-block-group is-vertical is-layout-flex wp-container-core-group-is-layout-fe9cc265 wp-block-group-is-layout-flex\">\r\n<figure class=\"wp-block-image size-large\"><img decoding=\"async\" src=\"https:\/\/www.hommy.com\/wp-content\/uploads\/17105175531218-2.jpg\" alt=\"\" title=\"\">\r\n<figcaption class=\"wp-element-caption\">3.Reinigung<\/figcaption>\r\n<\/figure>\r\n<\/div>\r\n<\/div>\r\n\r\n\r\n\r\n<div class=\"wp-block-group is-horizontal is-content-justification-center is-nowrap is-layout-flex wp-container-core-group-is-layout-2256e7f1 wp-block-group-is-layout-flex\">\r\n<div class=\"wp-block-group is-vertical is-layout-flex wp-container-core-group-is-layout-fe9cc265 wp-block-group-is-layout-flex\">\r\n<figure class=\"wp-block-image size-large\"><img decoding=\"async\" src=\"https:\/\/www.hommy.com\/wp-content\/uploads\/17105175522157-2.jpg\" alt=\"\" title=\"\">\r\n<figcaption class=\"wp-element-caption\">4.sicher<\/figcaption>\r\n<\/figure>\r\n<\/div>\r\n\r\n\r\n\r\n<div class=\"wp-block-group is-vertical is-layout-flex wp-container-core-group-is-layout-fe9cc265 wp-block-group-is-layout-flex\">\r\n<figure class=\"wp-block-image size-large\"><img decoding=\"async\" src=\"https:\/\/www.hommy.com\/wp-content\/uploads\/17105175543965-2.jpg\" alt=\"\" title=\"\">\r\n<figcaption class=\"wp-element-caption\">5.Lanugage<\/figcaption>\r\n<\/figure>\r\n<\/div>\r\n\r\n\r\n\r\n<div class=\"wp-block-group is-vertical is-layout-flex wp-container-core-group-is-layout-fe9cc265 wp-block-group-is-layout-flex\">\r\n<figure class=\"wp-block-image size-large\"><img decoding=\"async\" src=\"https:\/\/www.hommy.com\/wp-content\/uploads\/17105175576781-1.jpg\" alt=\"\" title=\"\">\r\n<figcaption class=\"wp-element-caption\">6. die Wassertanks<\/figcaption>\r\n<\/figure>\r\n<\/div>\r\n<\/div>\r\n\r\n\r\n\r\n<p>Die Hommy HM160D Smoothie-Maschine k\u00f6nnte die perfekte L\u00f6sung sein. Diese <strong>freistehend, gek\u00fchlt<\/strong> Die Smoothie-Maschine liefert jederzeit gesunde und erfrischende Smoothies aus Fr\u00fcchten wie Banane, Erdbeere, Heidelbeere, Mango und Ananas.<\/p>\r\n\r\n\r\n\r\n<h2 class=\"wp-block-heading\"><strong>Video:<\/strong><\/h2>\r\n\r\n\r\n<p><iframe loading=\"lazy\" title=\"24-Stunden-Smoothie-Automat im Supermarkt\" width=\"500\" height=\"281\" src=\"https:\/\/www.youtube.com\/embed\/izlN4mk533U?feature=oembed\" frameborder=\"0\" allow=\"accelerometer; autoplay; clipboard-write; encrypted-media; gyroscope; picture-in-picture; web-share\" referrerpolicy=\"strict-origin-when-cross-origin\" allowfullscreen><\/iframe><\/p>\n\r\n\r\n\r\n<h2 class=\"wp-block-heading\"><strong><strong>Spezifikationen:<\/strong><\/strong><\/h2>\r\n\r\n\r\n\r\n<div class=\"wp-block-group is-content-justification-center is-nowrap is-layout-flex wp-container-core-group-is-layout-23441af8 wp-block-group-is-layout-flex\">\r\n<figure class=\"wp-block-image\"><img decoding=\"async\" title=\"Smoothie-Maschine Spezifikationen\" src=\"https:\/\/www.hommy.com\/wp-content\/uploads\/17105175578638-1.jpg\" alt=\"Smoothie-Maschine Spezifikationen\" \/><\/figure>\r\n<\/div>\r\n\r\n\r\n\r\n<p class=\"has-text-align-center\">\u00a0<\/p>\r\n\r\n\r\n\r\n<h2 class=\"wp-block-heading\"><strong><span style=\"font-size: 16px;\">Auswahl des K\u00fchlschranks:<\/span><\/strong><\/h2>\r\n\r\n\r\n\r\n<div class=\"wp-block-group is-nowrap is-layout-flex wp-container-core-group-is-layout-6c531013 wp-block-group-is-layout-flex\">\r\n<figure class=\"wp-block-image size-large\"><img decoding=\"async\" src=\"https:\/\/www.hommy.com\/wp-content\/uploads\/17107557283856-1.jpg\" alt=\"\" title=\"\"><\/figure>\r\n\r\n\r\n\r\n<figure class=\"wp-block-image size-large\"><img decoding=\"async\" src=\"https:\/\/www.hommy.com\/wp-content\/uploads\/17107557284443-1.jpg\" alt=\"\" title=\"\"><\/figure>\r\n\r\n\r\n\r\n<figure class=\"wp-block-image size-large\"><img decoding=\"async\" src=\"https:\/\/www.hommy.com\/wp-content\/uploads\/17107557297480-1.jpg\" alt=\"\" title=\"\"><\/figure>\r\n\r\n\r\n\r\n<figure class=\"wp-block-image size-large\"><img decoding=\"async\" src=\"https:\/\/www.hommy.com\/wp-content\/uploads\/17107557277036-1.jpg\" alt=\"\" title=\"\"><\/figure>\r\n<\/div>\r\n\r\n\r\n\r\n<h2 class=\"wp-block-heading\"><strong><strong>Produktmerkmale:<\/strong><\/strong><\/h2>\r\n\r\n\r\n\r\n<ul class=\"wp-block-list\">\r\n<li>\r\n<p><strong><strong>Einfache, problemlose Bedienung:<\/strong><\/strong> Die Kunden bezahlen einfach, w\u00e4hlen einen mit gefrorenen Fr\u00fcchten gef\u00fcllten Becher, scannen den QR-Code auf dem Becher, die T\u00fcr des Mixers \u00f6ffnet sich automatisch, setzen den Becher ein und ihr Smoothie wird perfekt gemixt.<\/p>\r\n<\/li>\r\n\r\n\r\n\r\n<li>\r\n<p><strong><strong>Datenfern\u00fcberwachung:<\/strong><\/strong> Verfolgen Sie Ihre Verkaufsdaten und Maschinenleistung jederzeit<strong><strong>,\u00a0<\/strong><\/strong>\u00fcberall mit dem eingebauten Fern\u00fcberwachungssystem.<\/p>\r\n<\/li>\r\n\r\n\r\n\r\n<li>\r\n<p><strong><strong>Frisch und gesund:<\/strong><\/strong> Der HM160D verwendet gefrorene Fruchtst\u00fccke, um frische, k\u00f6stliche Smoothies zu kreieren.<\/p>\r\n<\/li>\r\n\r\n\r\n\r\n<li>\r\n<p><strong><strong>Automatische Reinigung:<\/strong><\/strong> Die Maschine reinigt sich automatisch nach jedem Gebrauch und gew\u00e4hrleistet so einen hygienischen Betrieb.<\/p>\r\n<\/li>\r\n\r\n\r\n\r\n<li>\r\n<p><strong><strong>Auff\u00e4lliges Design mit anpassbarem Erscheinungsbild:<\/strong><\/strong> Das elegante Design und die anpassbaren Grafiken ziehen die Aufmerksamkeit auf sich und f\u00fcgen sich nahtlos in jede Umgebung ein.<\/p>\r\n<\/li>\r\n<\/ul>\r\n\r\n\r\n\r\n<h2 class=\"wp-block-heading\"><strong><strong>Geeignete Standorte:<\/strong><\/strong><\/h2>\r\n\r\n\r\n\r\n<ul class=\"wp-block-list\">\r\n<li>\r\n<p>\u00c4mter<\/p>\r\n<\/li>\r\n\r\n\r\n\r\n<li>\r\n<p>Pausenr\u00e4ume<\/p>\r\n<\/li>\r\n\r\n\r\n\r\n<li>\r\n<p>Turnhallen<\/p>\r\n<\/li>\r\n\r\n\r\n\r\n<li>\r\n<p>Verbraucherm\u00e4rkte<\/p>\r\n<\/li>\r\n\r\n\r\n\r\n<li>\r\n<p>Einkaufszentren<\/p>\r\n<\/li>\r\n\r\n\r\n\r\n<li>\r\n<p>Und an jedem anderen Ort, an dem sich Kunden nach einem gesunden und praktischen Snack sehnen!<\/p>\r\n<\/li>\r\n<\/ul>\r\n\r\n\r\n\r\n<p>Steigern Sie Ihren Umsatz und bieten Sie Ihren Kunden eine gesunde Auswahl mit der Hommy HM160D Smoothie-Maschine.<\/p>\r\n\r\n\r\n\r\n<p>Kontaktieren Sie Hommy noch heute, um mehr \u00fcber das Produkt und den Preis zu erfahren.<\/p>\r\n\r\n\r\n\r\n<h2 class=\"wp-block-heading\">FAQ<\/h2>\r\n\r\n\r\n\r\n<p><strong>Wie kann man mit einer Smoothie-Maschine Geld verdienen?<\/strong><\/p>\r\n\r\n\r\n\r\n<p>Es gibt viele M\u00f6glichkeiten, mit einer Smoothie-Maschine Geld zu verdienen. Zun\u00e4chst brauchen Sie nur einen kleinen Geldbetrag, um einen Smoothie-Automaten und gefrorene Fr\u00fcchte im Becher zu kaufen. Suchen Sie sich einen Standort in der N\u00e4he der Universit\u00e4t oder in einem Einkaufszentrum. Erhalten Sie passives Einkommen so einfach.<\/p>\r\n\r\n\r\n\r\n<p><strong>Wie startet man das Smoothie-Gesch\u00e4ft?<\/strong><\/p>\r\n\r\n\r\n\r\n<p>Um das Smoothie-Gesch\u00e4ft zu starten, m\u00fcssen Sie zun\u00e4chst einen Gesch\u00e4ftsplan entwickeln. Wenn Sie zum Beispiel das Gesch\u00e4ft in einem Laden betreiben wollen und Personal f\u00fcr den Verkauf von Smoothies haben, dann k\u00f6nnen Sie einen Tisch-Smoothie-Automaten in Betracht ziehen, der wirtschaftlicher ist. Wenn Sie ein unbemanntes Gesch\u00e4ft betreiben wollen, ohne in die Ladenmiete zu investieren, ist ein Smoothie-Automat eine gute Wahl.\u00a0<\/p>\r\n\r\n\r\n\r\n<p><strong>Wie viel kostet es, ein Smoothie-Gesch\u00e4ft zu er\u00f6ffnen?<\/strong><\/p>\r\n\r\n\r\n\r\n<p>Das h\u00e4ngt von der Gr\u00f6\u00dfe des Unternehmens ab, das Sie gr\u00fcnden m\u00f6chten. Mit durchschnittlich US$10.000~US$25.000 Startkosten ist es m\u00f6glich, ein Smoothie-Gesch\u00e4ft mit einem selbstreinigenden Smoothie-Automaten in einem Gesch\u00e4ft oder einem Einkaufszentrum zu er\u00f6ffnen. \u00a0<\/p>","protected":false},"excerpt":{"rendered":"<p>Increase Your Sales and Boost Your Business with the Hommy HM160D: Automatic Frozen Smoothie Machine Looking to add a healthy and profitable option to your business? The Hommy HM160D Smoothie Machine may be the perfect solution. This freestanding, refrigerated smoothie machine dispenses healthy and refreshing smoothies anytime using fruits like banana, strawberry, blueberry, mango, and [&hellip;]<\/p>\n","protected":false},"featured_media":58,"comment_status":"open","ping_status":"closed","template":"","meta":{"_swt_meta_header_display":false,"_swt_meta_footer_display":false,"_swt_meta_site_title_display":false,"_swt_meta_sticky_header":false,"_swt_meta_transparent_header":false},"product_brand":[],"product_cat":[69,68],"product_tag":[],"class_list":{"0":"post-67","1":"product","2":"type-product","3":"status-publish","4":"has-post-thumbnail","6":"product_cat-smoothie-vending-machine","7":"product_cat-vending-machine","9":"first","10":"instock","11":"shipping-taxable","12":"product-type-simple"},"_links":{"self":[{"href":"https:\/\/www.hommy.com\/de\/wp-json\/wp\/v2\/product\/67","targetHints":{"allow":["GET"]}}],"collection":[{"href":"https:\/\/www.hommy.com\/de\/wp-json\/wp\/v2\/product"}],"about":[{"href":"https:\/\/www.hommy.com\/de\/wp-json\/wp\/v2\/types\/product"}],"replies":[{"embeddable":true,"href":"https:\/\/www.hommy.com\/de\/wp-json\/wp\/v2\/comments?post=67"}],"wp:featuredmedia":[{"embeddable":true,"href":"https:\/\/www.hommy.com\/de\/wp-json\/wp\/v2\/media\/58"}],"wp:attachment":[{"href":"https:\/\/www.hommy.com\/de\/wp-json\/wp\/v2\/media?parent=67"}],"wp:term":[{"taxonomy":"product_brand","embeddable":true,"href":"https:\/\/www.hommy.com\/de\/wp-json\/wp\/v2\/product_brand?post=67"},{"taxonomy":"product_cat","embeddable":true,"href":"https:\/\/www.hommy.com\/de\/wp-json\/wp\/v2\/product_cat?post=67"},{"taxonomy":"product_tag","embeddable":true,"href":"https:\/\/www.hommy.com\/de\/wp-json\/wp\/v2\/product_tag?post=67"}],"curies":[{"name":"wp","href":"https:\/\/api.w.org\/{rel}","templated":true}]}}