{"id":664,"date":"2024-07-02T15:24:17","date_gmt":"2024-07-02T15:24:17","guid":{"rendered":"http:\/\/localhost\/hommywp\/hm716a-froyo-frozen-yogurt-machine-for-franchise-business\/"},"modified":"2025-08-01T09:57:38","modified_gmt":"2025-08-01T09:57:38","slug":"hm716a-softeismaschine","status":"publish","type":"product","link":"https:\/\/www.hommy.com\/de\/p\/hm716a-softeismaschine\/","title":{"rendered":"Hm716a Froyo Frozen Yogurt Maschine f\u00fcr Franchise-Gesch\u00e4ft"},"content":{"rendered":"<div>\n<p><span style=\"font-size: 24px\">&nbsp;&nbsp;&nbsp;&nbsp;<\/span><\/p>\n<h2 style=\"text-align: center\"><span style=\"font-size: 24px\"><span style=\"font-family: arial, helvetica, sans-serif\"><strong><span style=\"letter-spacing: 0px\"><a name=\"2 flavour+mix soft ice cream machine\"><\/a>2 Geschmacksrichtungen+Mix Softeismaschine<\/span><\/strong><\/span><strong><span style=\"font-family: \u5b8b\u4f53;letter-spacing: 0px\"><\/span><\/strong><strong><span style=\"font-family: \u5b8b\u4f53;letter-spacing: 0px\"><\/span><\/strong><\/span><\/h2>\n<p style=\"text-align: center\"><span style=\"letter-spacing: 0px;font-family: arial, helvetica, sans-serif;font-size: 16px\"><a href=\"#2 flavour+mix soft ice cream machine\" target=\"_self\" data-lv=\"0\" rel=\"noopener\">2 Geschmacksrichtungen+Mix Softeismaschine<\/a>|<a href=\"#Product Features\" target=\"_self\" data-lv=\"0\" rel=\"noopener\">Produktmerkmale<\/a>|<a href=\"#Soft Serve Freezer, Frozen Yogurt Freezer\" target=\"_self\" data-lv=\"0\" rel=\"noopener\">Gefrierschrank f\u00fcr Softeis, Gefrierschrank f\u00fcr Joghurt<\/a>|<a href=\"#Product Specification\" target=\"_self\" data-lv=\"0\" rel=\"noopener\">Produkt-Spezifikation<\/a>|<a href=\"#Product Advantage\" target=\"_self\" data-lv=\"0\" rel=\"noopener\">Produktvorteil<\/a><\/span><\/p>\n<p><span style=\"font-size: 24px\"><span style=\"font-family: arial, helvetica, sans-serif\"><strong><span style=\"letter-spacing: 0px\"><br \/><\/span><\/strong><\/span><\/span><\/p>\n<p><\/p>\n<p style=\"text-align: center\">\n<p style=\"text-align: center\">&nbsp;&nbsp;&nbsp;&nbsp;<\/p>\n<h2><span style=\"font-family: arial, helvetica, sans-serif;font-size: 24px\"><span style=\"font-family: arial, helvetica, sans-serif;letter-spacing: 0px\">Wir haben ein Team von qualifizierten Fachleuten, die im Umgang mit den gefrorenen Froyo-Maschinen auf dem Markt erfahren und qualifiziert sind. Unser Expertenteam ist immer bereit, Sie zu unterst\u00fctzen, falls Sie irgendwelche technischen Probleme oder Zweifel bei der Verwendung unseres Produkts haben.<\/span><\/span><\/h2>\n<h2><span style=\"font-size: 24px\"><strong><span style=\"letter-spacing: 0px;font-family: arial, helvetica, sans-serif\"><a name=\"Product Features\"><\/a>Produktmerkmale<\/span><\/strong><\/span><strong><span style=\"font-family: \u5b8b\u4f53;letter-spacing: 0;font-size: 18px\"> <\/span><\/strong><strong><span style=\"font-family: \u5b8b\u4f53;letter-spacing: 0;font-size: 18px\">&nbsp;<\/span><\/strong><\/h2>\n<h4><span style=\"font-family: Helvetica;letter-spacing: 0;font-size: 16px\">Hommy hat ein professionelles Team f\u00fcr die Produktentwicklung. Es gibt professionelle K\u00e4ltetechniker, Software-Ingenieure und Bauingenieure, die sicherstellen, dass die Produktqualit\u00e4t stabil und dauerhaft ist. Gleichzeitig wird das personalisierte Design hinzugef\u00fcgt, um den zuk\u00fcnftigen Kundendienst zu erleichtern. Hommy <a style=\"color:blue\" href=\"\/de\/\">Speiseeismaschine<\/a> ist des Vertrauens w\u00fcrdig.<\/span><\/h4>\n<p><span style=\"font-family: Helvetica;letter-spacing: 0;font-size: 16px\"><\/span><\/p>\n<div class=\"d-tem01-graphic tem01-graphic mockup\" data-detail=\"wrap\">\n<div class=\"cont-section clearfix d-clearfix\">\n<div class=\"col-md-6 col-sm-6 col-xs-6\">\n<div class=\"right-p\">\n<div class=\"h2 heading\"><img loading=\"lazy\" decoding=\"async\" src=\"https:\/\/www.hommy.com\/wp-content\/uploads\/16004137821992.jpg\" alt=\"product-Hommy-img\" style=\"font-size: 14px;width: 650px;height: 750px\" title=\"\" width=\"650\" height=\"750\" border=\"0\" vspace=\"0\"><\/div>\n<\/div>\n<p>&nbsp; &nbsp; &nbsp; &nbsp; &nbsp; &nbsp; &nbsp;<\/p><\/div>\n<div class=\"col-md-6 col-sm-6 col-xs-6\">\n<div class=\"right-p\">\n<h2 style=\", Helvetica, Arial, sans-serif;margin: 0px 0px 15px;font-size: 22px\"><span style=\"font-size: 24px;font-family: arial, helvetica, sans-serif\"><strong style=\"font-family: inherit\"><a name=\"Soft Serve Freezer, Frozen Yogurt Freezer\"><\/a>Gefrierschrank f\u00fcr Softeis, Gefrierschrank f\u00fcr Joghurt<\/strong><\/span><\/h2>\n<p><span style=\"font-family:Calibri;font-size:16px\">Twin Twist, Vork\u00fchlung, Luft<\/span><span style=\"font-family:\u5b8b\u4f53;font-size:16px\">&nbsp;<\/span><span style=\"font-family:Calibri;font-size:16px\">Pumpe, Mischer, Z\u00e4hler, Ultra-leise<\/span><\/p>\n<p><span style=\"font-family:\u5b8b\u4f53;font-size:16px\">Eigenschaften<\/span><\/p>\n<p><span style=\"font-family:Calibri;font-size:16px\">Produktangebot: Angebot aller beliebten Softeis-Variationen von Eiscreme bis zu fettarmem oder fettfreiem Frozen Yogurt.<\/span><\/p>\n<p><span style=\"font-family:Calibri;font-size:16px\">Geschmacksrichtung: Servieren Sie zwei verschiedene Geschmacksrichtungen und einen Twist.<\/span><\/p>\n<p><span style=\"font-family:Calibri;font-size:16px\">Mischtrichter: Zwei 13 Wurf Kapazit\u00e4t (13.7quart, 3.43gallons)<\/span><\/p>\n<p><span style=\"font-family:Calibri;font-size:16px\">Gefrierzylinder: Zwei 1.8 Wurf Kapazit\u00e4t 1.63quart, 0.48gallons)<\/span><\/p>\n<p><span style=\"font-family:Calibri;font-size:16px\">Steuerung \u00fcber Touchscreen:<\/span><\/p>\n<p style=\"margin-left:32px\"><span style=\"font-family:Calibri;font-size:16px\">- Das Mikroprozessor-Touch-Steuerungssystem ist in eine robuste Hartglasscheibe eingebettet.<\/span><\/p>\n<p style=\"margin-left:32px\"><span style=\"font-family:Calibri;font-size:16px\">- Die Temperaturen in den Trichtern oder Gefrierzylindern k\u00f6nnen an jedem beliebigen Punkt des Betriebs angezeigt werden.<\/span><\/p>\n<p style=\"margin-left:32px\"><span style=\"font-family:Calibri;font-size:16px\">- Bietet die erforderliche Viskosit\u00e4t f\u00fcr Portionen.<\/span><\/p>\n<p style=\"margin-left:32px\"><span style=\"font-family:Calibri;font-size:16px\">- F\u00fcllstandsanzeige und Alarm. Wenn das Licht f\u00fcr den Mischvorgang blinkt, schaltet sich die Maschine automatisch ab, um Sch\u00e4den zu vermeiden.<\/span><\/p>\n<p><span style=\"font-family:Calibri;font-size:16px\">Standby-Modus: W\u00e4hrend l\u00e4ngerer Stillstandszeiten sorgt die Standby-Funktion f\u00fcr sichere Produkttemperaturen im Mischtrichter und im Gefrierzylinder.<\/span><\/p>\n<p><span style=\"font-family:Calibri;font-size:16px\">Druckschutzfunktion f\u00fcr das K\u00fchlsystem.<\/span><\/p>\n<p><span style=\"font-family:Calibri;font-size:16px\">Die robuste Konstruktion mit Edelstahlabdeckung ist ein modernes und<\/span><span style=\"font-family:\u5b8b\u4f53;font-size:16px\">&nbsp;<\/span><span style=\"font-family:Calibri;font-size:16px\">luxuri\u00f6ses \u00c4u\u00dferes.<\/span><\/p>\n<p><span style=\"font-family:Calibri;font-size:16px\">Funktionen: <\/span><\/p>\n<p><span style=\"font-family: Calibri;font-size: 16px\">Das Vork\u00fchlsystem h\u00e4lt das Gemisch im Auto- und Standby-Modus unter 5\u00b0C. Die Luftpumpe f\u00f6rdert das Gemisch mit einer bestimmten Luftmenge zu den Gefrierzylindern. <\/span><\/p>\n<p><span style=\"font-family:Calibri;font-size:16px\">Der Mischer sorgt f\u00fcr ein gleichm\u00e4\u00dfiges Mischungsverh\u00e4ltnis in den Beh\u00e4ltern. *Der Z\u00e4hler erm\u00f6glicht es dem Bediener, die Anzahl der ausgegebenen Portionen zu sehen.<\/span><\/p>\n<p><span style=\"font-family:Calibri;font-size:16px\">Ultraleises Ger\u00e4usch von 50-55 Dezibel.<\/span><\/p>\n<p><span style=\"font-size: 14px\"><\/span><\/div>\n<p>&nbsp; &nbsp; &nbsp; &nbsp; &nbsp; &nbsp;<\/p><\/div>\n<\/div>\n<\/div>\n<h2><span style=\"font-family: arial, helvetica, sans-serif;font-size: 24px\"><strong><span style=\"font-family: arial, helvetica, sans-serif;letter-spacing: 0px\"><a name=\"Product Specification\"><\/a>Produkt-Spezifikation<\/span><\/strong><\/span><strong><span style=\"font-family: \u5b8b\u4f53;letter-spacing: 0;font-size: 18px\"> <\/span><\/strong><\/h2>\n<p><span style=\"font-family: Helvetica;letter-spacing: 0;font-size: 16px\">Hommy hat ein professionelles Team f\u00fcr die Produktentwicklung. Es gibt professionelle K\u00e4ltetechniker, Software-Ingenieure und Bauingenieure, um sicherzustellen, dass die Produktqualit\u00e4t stabil und langlebig ist. Zugleich wird das personalisierte Design hinzugef\u00fcgt<\/span><span style=\"font-family: \u5b8b\u4f53;letter-spacing: 0;font-size: 16px\">&nbsp;<\/span><span style=\"font-family: Helvetica;letter-spacing: 0;font-size: 16px\">um den k\u00fcnftigen Kundendienst zu erleichtern. Hommy Eiscreme-Maschine ist des Vertrauens w\u00fcrdig.<\/span><\/p>\n<p><span style=\"font-family: Helvetica;letter-spacing: 0;font-size: 16px\"><br \/><\/span><\/p>\n<p><span style=\"font-family: Helvetica;letter-spacing: 0;font-size: 16px\"><\/span><\/p>\n<h4 style=\", Helvetica, Arial, sans-serif;text-align: center\"><strong><span style=\"font-family: \u5b8b\u4f53;letter-spacing: 0px\"><img decoding=\"async\" src=\"https:\/\/www.hommy.com\/wp-content\/uploads\/16004129174280.png\" alt=\"product-Hommy-img\" title=\"\"><\/span><\/strong><\/h4>\n<p><\/p>\n<p><span style=\"font-family: Helvetica;letter-spacing: 0;font-size: 16px\"><\/span><\/p>\n<h2><span style=\"font-family: arial, helvetica, sans-serif;font-size: 24px\"><strong><span style=\"font-family: arial, helvetica, sans-serif;letter-spacing: 0px\"><a name=\"Product Advantage\"><\/a>Produktvorteil<\/span><\/strong><\/span><strong><span style=\"font-family: \u5b8b\u4f53;letter-spacing: 0;font-size: 18px\"> &nbsp;&nbsp;&nbsp;&nbsp;&nbsp;&nbsp;<\/span><\/strong><strong><span style=\"font-family: \u5b8b\u4f53;letter-spacing: 0;font-size: 18px\">&nbsp;<\/span><\/strong><\/h2>\n<p><span style=\"font-family: Helvetica;letter-spacing: 0px;font-size: 16px\">Hommy haben produzieren Eismaschine f\u00fcr 20 Jahre Erfahrung, Vending-Eis-Maschine f\u00fcgen Sie mehr Funktion Softeis, weil kein Kerl, um die ganze Zeit zu warten. wir auf dieser Basis f\u00fcgen Sie mehr Sensor und Software verwenden, um es zu kontrollieren, die gute Qualit\u00e4t und gute Funktion ist.<\/span><\/p>\n<p><\/p>\n<div class=\"d-tem01-graphic tem01-graphic mockup\" data-detail=\"wrap\">\n<div class=\"cont-section clearfix d-clearfix\">\n<div class=\"col-md-6 col-sm-6 col-xs-6\">\n<div class=\"right-p\">\n<div class=\"h2 heading\">\n<p><strong><span style=\"font-family: \u5b8b\u4f53;letter-spacing: 0;font-size: 18px\">1.A<\/span><\/strong><strong><span style=\"font-family: \u5b8b\u4f53;letter-spacing: 0;font-size: 18px\">IR-Pumpe<\/span><\/strong><\/p>\n<\/div>\n<p><span style=\"font-family: \u5b8b\u4f53;font-size: 16px;letter-spacing: 0px\">Einstellbarer \u00dcberlauf von 20% bis 80%, reduziert die Bildung von Eiskristallen, macht gefrorenen Joghurt (Eiscreme) geschmeidig und sieht wei\u00df aus; reduziert den Einsatz von Rohstoffen, erh\u00f6ht den Gewinn<\/span><\/p>\n<p><span style=\"font-family: \u5b8b\u4f53;font-size: 16px;letter-spacing: 0px\"><br \/><\/span><\/p>\n<p><span style=\"font-family: \u5b8b\u4f53;font-size: 16px;letter-spacing: 0px\"><br \/><\/span><\/p>\n<\/div>\n<div class=\"graphic_pic animated wow bounceIn\" data-wow-delay=\".7s\">\n<p style=\"text-align:center\"><img loading=\"lazy\" decoding=\"async\" src=\"https:\/\/www.hommy.com\/wp-content\/uploads\/16004853657589.jpg\" alt=\"product-Hommy-img\" title=\"\" width=\"250\" height=\"467\" border=\"0\" vspace=\"0\" style=\"width: 250px;height: 467px\"><\/p>\n<\/div>\n<\/div>\n<div class=\"col-md-6 col-sm-6 col-xs-6\">\n<div class=\"right-p\">\n<div class=\"h2 heading\">\n<p><span style=\"font-family: Helvetica;letter-spacing: 0;font-size: 22px\">2. Sensor verlassen<\/span><\/p>\n<\/div>\n<p><span style=\"font-family: \u5b8b\u4f53;letter-spacing: 0px;font-size: 16px\">Sensor haben lassen&nbsp;<\/span><span style=\"font-family: Calibri;letter-spacing: 0px;font-size: 16px\">Zweite Stufe, die erste Stufe der fehlenden Materialebene Alarm, die zweite Stufe der automatischen Abschaltung.<\/span><span style=\"font-family: \u5b8b\u4f53;letter-spacing: 0px;font-size: 16px\">&nbsp;Wenn Sie die erste Nachricht erhalten, haben Sie einige Zeit f\u00fcr Sie, um Material hinzuzuf\u00fcgen keine Notwendigkeit, die Maschine zu stoppen, um es zu arbeiten.<\/span><\/p>\n<p><span style=\"font-family: \u5b8b\u4f53;letter-spacing: 0px;font-size: 16px\"><br \/><\/span><\/p>\n<p><span style=\"font-family: \u5b8b\u4f53;letter-spacing: 0px;font-size: 16px\"><br \/><\/span><\/p>\n<\/div>\n<div class=\"graphic_pic animated wow bounceIn\" data-wow-delay=\".7s\">\n<p style=\"text-align:center\"><img loading=\"lazy\" decoding=\"async\" src=\"https:\/\/www.hommy.com\/wp-content\/uploads\/16004134703083.jpg\" alt=\"product-Hommy-img\" title=\"\" width=\"250\" height=\"250\" border=\"0\" vspace=\"0\" style=\"width: 250px;height: 250px\"><\/p>\n<\/div>\n<\/div>\n<\/div>\n<\/div>\n<div class=\"d-tem01-graphic tem01-graphic mockup\" data-detail=\"wrap\">\n<div class=\"cont-section clearfix d-clearfix\">\n<div class=\"col-md-6 col-sm-6 col-xs-6\">\n<div class=\"right-p\">\n<div class=\"h2 heading\">3.<span style=\"font-family: Helvetica;letter-spacing: 0px\">Controller<\/span><\/div>\n<div class=\"description\">\n<p style=\"margin-top: 0;margin-right: 0;margin-bottom: 15px\"><span style=\"font-family: \u5b8b\u4f53;letter-spacing: 0;font-size: 16px\">Das Bedienfeld zeigt deutlich die internen Funktionen der Maschine. Zur gleichen Zeit, die Maschine erinnert auch die Reinigungsfunktion, das Hinzuf\u00fcgen von mehr humanisierte Funktionen, wir sind auch willkommen, OEM zu tun.<\/span><\/p>\n<p style=\"margin-top: 0;margin-right: 0;margin-bottom: 15px\"><span style=\"font-family: \u5b8b\u4f53;letter-spacing: 0;font-size: 16px\"><br \/><\/span><\/p>\n<p style=\"margin-top: 0;margin-right: 0;margin-bottom: 15px\"><span style=\"font-family: \u5b8b\u4f53;letter-spacing: 0;font-size: 16px\"><br \/><\/span><\/p>\n<\/div>\n<\/div>\n<div class=\"graphic_pic animated wow bounceIn\" data-wow-delay=\".7s\">\n<p style=\"text-align:center\"><img decoding=\"async\" src=\"https:\/\/www.hommy.com\/wp-content\/uploads\/16004135443000.jpg\" alt=\"Produkt-Hommy-HM716A Softeismaschine-img\" title=\"\" style=\"text-align: center\"><\/p>\n<\/div>\n<\/div>\n<div class=\"col-md-6 col-sm-6 col-xs-6\">\n<div class=\"right-p\">\n<div class=\"h2 heading\">4. der Mischer im Trichter<span style=\"font-family: \u5b8b\u4f53;letter-spacing: 0px\">&nbsp;<\/span><\/div>\n<p><span style=\"font-family: \u5b8b\u4f53;font-size: 16px;letter-spacing: 0px\">Gleichm\u00e4\u00dfig mischen. Der Hochgeschwindigkeitsmischer im Trichter sorgt daf\u00fcr, dass das Material im Trichter flie\u00dft, wenn es gefriert. Das Eis wird glatter, nachdem es vollst\u00e4ndig mit Luft vermischt wurde.&nbsp;&nbsp;<\/span><\/p>\n<p><span style=\"font-family: \u5b8b\u4f53;font-size: 16px;letter-spacing: 0px\"><br \/><\/span><\/p>\n<p><span style=\"font-family: \u5b8b\u4f53;font-size: 16px;letter-spacing: 0px\"><br \/><\/span><\/p>\n<p><span style=\"font-family: \u5b8b\u4f53;font-size: 16px;letter-spacing: 0px\">&nbsp;&nbsp;<\/span><\/p>\n<p><\/p>\n<\/div>\n<div class=\"graphic_pic animated wow bounceIn\" data-wow-delay=\".7s\">\n<p style=\"text-align:center\"><img decoding=\"async\" src=\"https:\/\/www.hommy.com\/wp-content\/uploads\/16004911416799.jpg\" alt=\"Produkt-HM716A Softeismaschine-Hommy-img\" title=\"\"><\/p>\n<\/div>\n<\/div>\n<\/div>\n<\/div>\n<div class=\"d-tem01-graphic tem01-graphic mockup\" data-detail=\"wrap\">\n<div class=\"cont-section clearfix d-clearfix\">\n<div class=\"col-md-6 col-sm-6 col-xs-6\">\n<div class=\"right-p\">\n<div class=\"h2 heading\">5. optionales Zubeh\u00f6r Auspuff<\/div>\n<div class=\"description\">\n<p style=\"margin-bottom:13px\"><span style=\"font-family: \u5b8b\u4f53;letter-spacing: 0;font-size: 16px\">Installieren Sie die Eismaschine richtig. Der Abstand zwischen der Abluft\u00f6ffnung hinter der Maschine und der Wand betr\u00e4gt 1 Meter f\u00fcr die Bel\u00fcftung, aber in Wirklichkeit ist es unm\u00f6glich, diese Situation in unserem Lagerraum zu erreichen. Hommy hat einen neuen Abluftkanal f\u00fcr den t\u00e4glichen Gebrauch entworfen, um die hei\u00dfe Luft abzuf\u00fchren. Nach oben hin kann er mehr Orte versorgen, ohne Platz zu beanspruchen.&nbsp;<\/span><\/p>\n<p style=\"margin-bottom:13px\"><span style=\"font-family: \u5b8b\u4f53;letter-spacing: 0;font-size: 16px\"><br \/><\/span><\/p>\n<p style=\"margin-bottom:13px\"><span style=\"font-family: \u5b8b\u4f53;letter-spacing: 0;font-size: 16px\"><br \/><\/span><\/p>\n<\/div>\n<\/div>\n<div class=\"graphic_pic animated wow bounceIn\" data-wow-delay=\".7s\">\n<p style=\"text-align:center\"><img decoding=\"async\" src=\"https:\/\/www.hommy.com\/wp-content\/uploads\/16004854659304.jpg\" alt=\"produkt-Hommy-img-1\" title=\"\"><\/p>\n<\/div>\n<\/div>\n<div class=\"col-md-6 col-sm-6 col-xs-6\">\n<div class=\"right-p\">\n<div class=\"h2 heading\">6. automatische R\u00fcckstellung des Handlers<\/div>\n<p><span style=\"font-family: \u5b8b\u4f53;letter-spacing: 0px;font-size: 16px\">Installieren Sie, wenn Sie herausnehmen Eis, dass Handler wird automatisch zur\u00fcckgesetzt, die durch versehentliches Fallenlassen Eis auf den Boden verschont werden kann.&nbsp;<\/span><\/p>\n<p><span style=\"font-family: \u5b8b\u4f53;letter-spacing: 0px;font-size: 16px\"><br \/><\/span><\/p>\n<p><\/p>\n<p><\/p>\n<p style=\"text-align: center\"><span style=\"font-family: \u5b8b\u4f53;letter-spacing: 0px;font-size: 16px\"><br \/><\/span><\/p>\n<\/div>\n<p style=\"text-align: center\"><img loading=\"lazy\" decoding=\"async\" src=\"https:\/\/www.hommy.com\/wp-content\/uploads\/16004854865949.jpg\" alt=\"produkt-Hommy-img-1\" title=\"\" width=\"350\" height=\"562\" border=\"0\" vspace=\"0\" style=\"width: 350px;height: 562px\"><br \/>\n &nbsp; &nbsp; &nbsp; &nbsp; &nbsp; &nbsp;<\/p>\n<p><\/p>\n<\/div>\n<\/div>\n<\/div>\n<p><\/p>\n<p><span style=\"font-family: Helvetica;letter-spacing: 0;font-size: 16px\"><br \/><\/span><\/p>\n<p>Dokument\uff1a<img decoding=\"async\" src=\"icon_pdf.gif\" style=\"margin-right: 2px\" alt=\"produkt-Hommy-img-1\" title=\"\"><a href=\"https:\/\/img80002414.weyesimg.com\/uploads\/www.hommy.com\/addon\/16027386739912.pdf\" title=\"16027386739912.pdf\" style=\"font-size: 12px\">16027386739912.pdf<\/a><\/p>\n<h2>Wie viel Geld brauche ich, um einen Joghurt-Laden zu er\u00f6ffnen?<\/h2>\n<p style=\"margin-top: 5px;margin-bottom: 5px\">Wenn Sie in das Joghurtgesch\u00e4ft einsteigen wollen, m\u00fcssen Sie wissen, wo Sie anfangen sollen. Sie brauchen einen Gesch\u00e4ftsplan und einen Finanzplan. Die Art des Geldes, das Sie ben\u00f6tigen, h\u00e4ngt von einigen Dingen ab. Erstens m\u00fcssen Sie sich \u00fcberlegen, was Ihr Gesch\u00e4ftsmodell ist und wie viel Sie daf\u00fcr ausgeben k\u00f6nnen. Zweitens: Wenn Ihr Produkt verderblich ist, m\u00fcssen Sie wissen, wie viele Einheiten Sie verkaufen k\u00f6nnen und wie viel Sie einnehmen m\u00fcssen, um Ihre Kosten zu decken. Dieser Beitrag wird Ihnen helfen, herauszufinden, was Sie f\u00fcr den Anfang brauchen.<\/p>\n<p style=\"margin-top: 5px;margin-bottom: 5px\"><\/p>\n<h2>Kann man Vanillejoghurt einfrieren?<\/h2>\n<p style=\"margin-top: 5px;margin-bottom: 5px\">Ja, das k\u00f6nnen Sie. Zum Einfrieren geben Sie den Joghurt in einen Plastikbeh\u00e4lter, decken ihn mit einem Deckel ab und frieren ihn bis zu 3 Monate lang ein.Sie k\u00f6nnen Joghurtcremekuchen oder Desserteis mit normalem Joghurt zubereiten und einen Belag auf Ihren Lieblingskuchen oder -kuchen geben. Sie k\u00f6nnen den Joghurt auch mit Milch anr\u00fchren, in einen kleinen Eisw\u00fcrfelbeh\u00e4lter f\u00fcllen und einfrieren. Dann k\u00f6nnen Sie die gefrorenen Joghurtw\u00fcrfel aus dem Beh\u00e4lter nehmen und in einen Becher geben. Achten Sie darauf, dass Sie die Joghurteisw\u00fcrfel essen, bevor sie schmelzen!<\/p>\n<p style=\"margin-top: 5px;margin-bottom: 5px\"><\/p>\n<h2>Ist Speiseeis rentabel?<\/h2>\n<p style=\"margin-top: 5px;margin-bottom: 5px\">Speiseeis ist ein gro\u00dfartiges Produkt. Es ist schnell und einfach herzustellen und die Geschmacksm\u00f6glichkeiten sind endlos. Die Tatsache, dass man es in der heimischen K\u00fcche mit nur wenigen Zutaten herstellen kann, macht es zu einem kosteng\u00fcnstigen Produkt, das man vermarkten kann.Beginnen wir mit den Grundlagen. Speiseeis ist sehr beliebt. Nach Angaben der National Ice Cream Association haben die Amerikaner im vergangenen Jahr rund 20 Milliarden Liter Eiscreme konsumiert. Das ist mehr als Milch, Butter, K\u00e4se, Eier und sogar Fleisch.<\/p>\n<\/div><\/div>","protected":false},"excerpt":{"rendered":"<p>&nbsp;&nbsp;&nbsp;&nbsp; 2 flavour+mix soft ice cream machine 2 flavour+mix soft ice cream machine|Product Features|Soft Serve Freezer, Frozen Yogurt Freezer|Product Specification|Product Advantage &nbsp;&nbsp;&nbsp;&nbsp; We have a team of skilled professionals who are experienced and skilled in handling the frozen froyo Machines in the market. Our expert team is always ready to assist you, in case you [&hellip;]<\/p>\n","protected":false},"featured_media":656,"comment_status":"open","ping_status":"open","template":"","meta":{"_swt_meta_header_display":false,"_swt_meta_footer_display":false,"_swt_meta_site_title_display":false,"_swt_meta_sticky_header":false,"_swt_meta_transparent_header":false},"product_brand":[],"product_cat":[80,77],"product_tag":[],"class_list":{"0":"post-664","1":"product","2":"type-product","3":"status-publish","4":"has-post-thumbnail","6":"product_cat-frozen-yogurt-machine","7":"product_cat-ice-cream-machine","9":"first","10":"instock","11":"shipping-taxable","12":"product-type-simple"},"_links":{"self":[{"href":"https:\/\/www.hommy.com\/de\/wp-json\/wp\/v2\/product\/664","targetHints":{"allow":["GET"]}}],"collection":[{"href":"https:\/\/www.hommy.com\/de\/wp-json\/wp\/v2\/product"}],"about":[{"href":"https:\/\/www.hommy.com\/de\/wp-json\/wp\/v2\/types\/product"}],"replies":[{"embeddable":true,"href":"https:\/\/www.hommy.com\/de\/wp-json\/wp\/v2\/comments?post=664"}],"wp:featuredmedia":[{"embeddable":true,"href":"https:\/\/www.hommy.com\/de\/wp-json\/wp\/v2\/media\/656"}],"wp:attachment":[{"href":"https:\/\/www.hommy.com\/de\/wp-json\/wp\/v2\/media?parent=664"}],"wp:term":[{"taxonomy":"product_brand","embeddable":true,"href":"https:\/\/www.hommy.com\/de\/wp-json\/wp\/v2\/product_brand?post=664"},{"taxonomy":"product_cat","embeddable":true,"href":"https:\/\/www.hommy.com\/de\/wp-json\/wp\/v2\/product_cat?post=664"},{"taxonomy":"product_tag","embeddable":true,"href":"https:\/\/www.hommy.com\/de\/wp-json\/wp\/v2\/product_tag?post=664"}],"curies":[{"name":"wp","href":"https:\/\/api.w.org\/{rel}","templated":true}]}}