{"id":655,"date":"2024-07-02T15:24:13","date_gmt":"2024-07-02T15:24:13","guid":{"rendered":"http:\/\/localhost\/hommywp\/commercial-twin-twist-automatic-table-top-frozen-yogurt-machine\/"},"modified":"2025-08-01T09:57:38","modified_gmt":"2025-08-01T09:57:38","slug":"automatische-tischmaschine-fur-gefrorenen-joghurt-mit-zwei-drehungen","status":"publish","type":"product","link":"https:\/\/www.hommy.com\/de\/p\/automatische-tischmaschine-fur-gefrorenen-joghurt-mit-zwei-drehungen\/","title":{"rendered":"Kommerzielle automatische Tischmaschine f\u00fcr gefrorenen Joghurt Twin Twist"},"content":{"rendered":"<div>\n<p>&nbsp;<\/p>\n<p><span style=\"font-size: 20px\"><\/span><\/p>\n<h2 style=\"text-align: center\"><strong><span style=\"letter-spacing: 0px;font-family: arial, helvetica, sans-serif;font-size: 24px\"><a name=\"Twin twist automatic table top soft serve machine\"><\/a>Automatische Tisch-Soft-Serve-Maschine mit Doppeldrehung<\/span><\/strong><\/h2>\n<p style=\"text-align: center\"><span style=\"letter-spacing: 0px;font-family: arial, helvetica, sans-serif;font-size: 16px\"><a href=\"#Twin twist automatic table top soft serve machine\" target=\"_self\" data-lv=\"0\" rel=\"noopener\">Automatische Tisch-Soft-Serve-Maschine mit Doppeldrehung<\/a>|<a href=\"#Electronic control\" target=\"_self\" data-lv=\"0\" rel=\"noopener\">Elektronische Kontrolle<\/a>|<a href=\"#PRODUCT DETAILS\" target=\"_self\" data-lv=\"0\" rel=\"noopener\">PRODUKTANGABEN<\/a><\/span><\/p>\n<p>&nbsp;Zwillingstwist <a style=\"color:blue\" href=\"https:\/\/www.hommy.com\/de\/maschine-fur-gefrorenen-joghurt\/\">Maschine f\u00fcr gefrorenen Joghurt<\/a>s sind einfach zu bedienen. Sie m\u00fcssen kein Profi sein, um sie zu bedienen. Sie k\u00f6nnen den gefrorenen Joghurt einfach zu jeder Party oder Veranstaltung mitnehmen. Frozen-Yogurt-Maschinen haben eine Vielzahl von Funktionen. Sie k\u00f6nnen ihn in kleinen Portionen oder in gro\u00dfen Gr\u00f6\u00dfen zubereiten. Sie k\u00f6nnen ihn auch in jeder Geschmacksrichtung zubereiten.<\/p>\n<div class=\"d-tem11-graphic tem11-graphic mockup\" data-detail=\"wrap\">\n<div class=\"tab_row\">\n<div class=\"img\" style=\"width: 50%\"><img decoding=\"async\" title=\"\" alt=\"product-Hommy-img\" src=\"https:\/\/www.hommy.com\/wp-content\/uploads\/15585131824789.jpg\"><\/div>\n<div class=\"text_box\" style=\"width: 50%\">\n<div class=\"txt\">\n<p>&nbsp;<\/p>\n<h2><strong><span style=\"font-family: arial, helvetica, sans-serif;font-size: 24px\">HM708<\/span><\/strong><\/h2>\n<p>&nbsp;<\/p>\n<h2><strong><span style=\"font-family: arial, helvetica, sans-serif;font-size: 24px\"><a name=\"Electronic control\"><\/a>Elektronische Steuerung:<\/span><\/strong><\/h2>\n<p>- Die Temperatur in den Gefrierzylindern kann an jedem beliebigen Punkt des Betriebs angezeigt werden.<\/p>\n<p>- Bietet die erforderliche Viskosit\u00e4t f\u00fcr Portionen.<\/p>\n<p>- F\u00fcllstandsanzeige und Alarm. Wenn das Licht f\u00fcr den Mischvorgang blinkt, schaltet sich die Maschine automatisch ab, um Sch\u00e4den zu vermeiden.<\/p>\n<p>Standby-Modus:<\/p>\n<p>- W\u00e4hrend langer Stillstandszeiten sorgt die Standby-Funktion f\u00fcr sichere Produkttemperaturen im Mischtrichter und im Gefrierzylinder.<\/p>\n<p>Optionale Funktionen:<\/p>\n<p>- Der Z\u00e4hler erm\u00f6glicht es dem Bediener, die Anzahl der ausgegebenen Portionen zu sehen.<\/p>\n<p>&nbsp;<\/p>\n<\/div>\n<\/div>\n<\/div>\n<\/div>\n<p>&nbsp;<\/p>\n<div class=\"text-left d-tem09-title d-interval\" data-detail=\"wrap\">\n<div class=\"title-header\">\n<h2><strong><span style=\"font-size: 24px;font-family: arial, helvetica, sans-serif\">PRODUKTANGABEN<\/span><\/strong><\/h2>\n<div class=\"subtitle\"><span>Nach jahrelanger Entwicklung haben wir einen umfangreichen Netzvertrieb in verschiedenen L\u00e4ndern aufgebaut und erhalten gutes Feedback von unseren Kunden.<\/span><\/div>\n<\/div>\n<\/div>\n<p>&nbsp;<\/p>\n<div class=\"d-tem18-graphic d-clearfix d-interval mockup clearfix\" data-detail=\"wrap\">\n<div class=\"col-lg-4 col-md-4 col-sm-4 col-xs-6\">\n<div class=\"item\">\n<div class=\"images\"><img decoding=\"async\" title=\"\" alt=\"product-Hommy-img\" src=\"https:\/\/www.hommy.com\/wp-content\/uploads\/15553943011548-1.jpg\" style=\"line-height: 1.42857\"><\/div>\n<\/div>\n<\/div>\n<div class=\"col-lg-4 col-md-4 col-sm-4 col-xs-6\">\n<div class=\"item\">\n<div class=\"images\"><img decoding=\"async\" title=\"\" alt=\"produkt-twin twist automatische tischplatte soft serve frozen yogurt maschine-hommy-img\" src=\"https:\/\/www.hommy.com\/wp-content\/uploads\/15553943082607-1.jpg\"><\/div>\n<\/div>\n<\/div>\n<\/div>\n<p>&nbsp;<\/p>\n<h2>Wir bieten unseren Kunden die Twin Twist Frozen Yogurt Maschine an.&nbsp;<\/h2>\n<p style=\"margin-top: 5px;margin-bottom: 5px\">Wir bieten auch eine Vielzahl von Toppings und S\u00fc\u00dfungsmitteln an, damit der gefrorene Joghurt genauso gut schmeckt wie ein normaler Joghurt.Frozen Yogurt Maschinen sind einfach zu bedienen. Sie m\u00fcssen kein Profi sein, um sie zu bedienen. Sie k\u00f6nnen den gefrorenen Joghurt einfach zu jeder Party oder Veranstaltung mitnehmen. Frozen-Yogurt-Maschinen haben eine Vielzahl von Funktionen. Sie k\u00f6nnen ihn in kleinen Portionen oder in gro\u00dfen Gr\u00f6\u00dfen zubereiten. Sie k\u00f6nnen ihn auch in jeder Geschmacksrichtung zubereiten.<\/p>\n<p style=\"margin-top: 5px;margin-bottom: 5px\"><\/p>\n<h2>Warum ist amerikanisches Speiseeis so hart?<\/h2>\n<p style=\"margin-top: 5px;margin-bottom: 5px\">Wie wir alle wissen, sind die Vereinigten Staaten ein Schmelztiegel der Kulturen, und Eiscreme ist da keine Ausnahme. Es gibt amerikanische Vanille, Erdbeere, Schokolade und so weiter. Aber eine Sache ist ein wenig seltsam: Das meiste amerikanische Eis ist hart und hat einen sehr starken Geschmack.<\/p>\n<p style=\"margin-top: 5px;margin-bottom: 5px\"><\/p>\n<h2>Wie dickt man selbstgemachten Joghurt nach der Herstellung ein?<\/h2>\n<p style=\"margin-top: 5px;margin-bottom: 5px\">Ich mache schon seit einigen Jahren Joghurt. Meine Kinder mochten ihn, als sie noch j\u00fcnger waren, und er ist seit Jahren ein Grundnahrungsmittel in meinem Haus. Ich habe verschiedene Marken ausprobiert, und ich glaube, ich verwende Joghurt am liebsten als K\u00e4seersatz, wenn ich ein Gericht mit K\u00e4se mache. Er ist k\u00f6stlich. Ich habe ihn auch schon mit Maisst\u00e4rke angedickt, weil ich die Konsistenz so mag, die er dadurch bekommt. Ich mag die Dicke, die der Joghurt dadurch erh\u00e4lt.<\/p>\n<\/div><\/div>","protected":false},"excerpt":{"rendered":"<p>&nbsp; Twin twist automatic table top soft serve machine Twin twist automatic table top soft serve machine|Electronic control|PRODUCT DETAILS &nbsp;Twin twist frozen yogurt machines are easy to use. You don\u2019t have to be a professional to operate it. You can easily take the frozen yogurt to any party or event. Frozen yogurt machines come with [&hellip;]<\/p>\n","protected":false},"featured_media":652,"comment_status":"open","ping_status":"open","template":"","meta":{"_swt_meta_header_display":false,"_swt_meta_footer_display":false,"_swt_meta_site_title_display":false,"_swt_meta_sticky_header":false,"_swt_meta_transparent_header":false},"product_brand":[],"product_cat":[80,77],"product_tag":[],"class_list":{"0":"post-655","1":"product","2":"type-product","3":"status-publish","4":"has-post-thumbnail","6":"product_cat-frozen-yogurt-machine","7":"product_cat-ice-cream-machine","9":"first","10":"instock","11":"shipping-taxable","12":"product-type-simple"},"_links":{"self":[{"href":"https:\/\/www.hommy.com\/de\/wp-json\/wp\/v2\/product\/655","targetHints":{"allow":["GET"]}}],"collection":[{"href":"https:\/\/www.hommy.com\/de\/wp-json\/wp\/v2\/product"}],"about":[{"href":"https:\/\/www.hommy.com\/de\/wp-json\/wp\/v2\/types\/product"}],"replies":[{"embeddable":true,"href":"https:\/\/www.hommy.com\/de\/wp-json\/wp\/v2\/comments?post=655"}],"wp:featuredmedia":[{"embeddable":true,"href":"https:\/\/www.hommy.com\/de\/wp-json\/wp\/v2\/media\/652"}],"wp:attachment":[{"href":"https:\/\/www.hommy.com\/de\/wp-json\/wp\/v2\/media?parent=655"}],"wp:term":[{"taxonomy":"product_brand","embeddable":true,"href":"https:\/\/www.hommy.com\/de\/wp-json\/wp\/v2\/product_brand?post=655"},{"taxonomy":"product_cat","embeddable":true,"href":"https:\/\/www.hommy.com\/de\/wp-json\/wp\/v2\/product_cat?post=655"},{"taxonomy":"product_tag","embeddable":true,"href":"https:\/\/www.hommy.com\/de\/wp-json\/wp\/v2\/product_tag?post=655"}],"curies":[{"name":"wp","href":"https:\/\/api.w.org\/{rel}","templated":true}]}}