{"id":651,"date":"2024-07-02T15:24:09","date_gmt":"2024-07-02T15:24:09","guid":{"rendered":"http:\/\/localhost\/hommywp\/hot-sale-countertop-frozen-yogurt-maker-machine-price-list\/"},"modified":"2025-08-01T09:57:38","modified_gmt":"2025-08-01T09:57:38","slug":"heiser-verkauf-von-softeismaschinen","status":"publish","type":"product","link":"https:\/\/www.hommy.com\/de\/p\/heiser-verkauf-von-softeismaschinen\/","title":{"rendered":"Hei\u00dfer Verkauf Countertop Frozen Yogurt Maker Maschine Preisliste"},"content":{"rendered":"<div>\n<p>&nbsp;<\/p>\n<h2 style=\"text-align: center\"><strong><span style=\"font-family: arial, helvetica, sans-serif;font-size: 24px\"><a name=\"Hot Sale Soft Serve Ice Cream Machine\"><\/a>Hei\u00dfer Verkauf Soft Serve Eismaschine<\/span><\/strong><\/h2>\n<p style=\"text-align: center\"><span style=\"font-family: arial, helvetica, sans-serif;font-size: 16px\"><a href=\"#Hot Sale Soft Serve Ice Cream Machine\" target=\"_self\" data-lv=\"0\" rel=\"noopener\">Hei\u00dfer Verkauf Soft Serve Eismaschine<\/a>|<a href=\"#Touch screen control\" target=\"_self\" data-lv=\"0\" rel=\"noopener\">Steuerung \u00fcber Touchscreen<\/a>|<a href=\"#Functions\" target=\"_self\" data-lv=\"0\" rel=\"noopener\">Funktionen<\/a>|<a href=\"#PRODUCT DETAILS\" target=\"_self\" data-lv=\"0\" rel=\"noopener\">PRODUKTANGABEN<\/a><\/span><\/p>\n<p>Wir haben die Kunden mit unserer breiten Sammlung von <a style=\"color:blue\" href=\"https:\/\/www.hommy.com\/de\/maschine-fur-gefrorenen-joghurt\/\">Maschine f\u00fcr gefrorenen Joghurt<\/a>s aus der ganzen Welt. Wir k\u00f6nnen den Kunden die gew\u00fcnschten Maschinen innerhalb der vereinbarten Zeit zur Verf\u00fcgung stellen. Dar\u00fcber hinaus bieten wir den Kunden die Maschinen auf dem Markt zu den wettbewerbsf\u00e4higsten Preisen.<\/p>\n<p><\/p>\n<p>Dar\u00fcber hinaus bieten unsere Fachleute den Kunden auch einen Kundendienst an.<\/p>\n<p style=\"text-align: center\">&nbsp;<\/p>\n<div class=\"d-tem11-graphic tem11-graphic mockup\" data-detail=\"wrap\">\n<div class=\"tab_row\">\n<div class=\"img\" style=\"width: 50%\"><img decoding=\"async\" title=\"\" alt=\"product-Hommy-img\" src=\"https:\/\/www.hommy.com\/wp-content\/uploads\/15553942303515.jpg\"><\/div>\n<div class=\"text_box\" style=\"width: 50%\">\n<div class=\"txt\">\n<p>&nbsp;<\/p>\n<h2><strong><span style=\"font-family: arial, helvetica, sans-serif;font-size: 24px\"><a name=\"Touch screen control\"><\/a>Steuerung \u00fcber Touchscreen<\/span><\/strong><\/h2>\n<p>&nbsp;<\/p>\n<p style=\"line-height: 2em\">Das Mikroprozessor-Touch-Steuerungssystem ist in eine robuste Hartglasscheibe eingebettet.<br \/>Die Temperaturen in den Trichtern oder Gefrierzylindern k\u00f6nnen an jedem beliebigen Punkt des Betriebs angezeigt werden.<br \/>Bietet die erforderliche Viskosit\u00e4t f\u00fcr Portionen.<br \/>F\u00fcllstandsanzeige und Alarm. Wenn das Licht f\u00fcr den Mischvorgang blinkt, schaltet sich die Maschine automatisch ab, um Sch\u00e4den zu vermeiden.<br \/>Standby-Modus: W\u00e4hrend l\u00e4ngerer Stillstandszeiten sorgt die Standby-Funktion f\u00fcr sichere Produkttemperaturen im Mischtrichter und im Gefrierzylinder.<br \/>Druckschutzfunktion f\u00fcr das K\u00fchlsystem.<br \/>Die robuste Konstruktion mit Edelstahlabdeckung sorgt f\u00fcr ein modernes und luxuri\u00f6ses \u00c4u\u00dferes.<br \/><span style=\"font-size: 18px\"><strong><br \/><\/strong><\/span><\/p>\n<p style=\"line-height: 2em\"><span style=\"font-family: arial, helvetica, sans-serif;font-size: 24px\"><strong><a name=\"Functions\"><\/a>Funktionen: <\/strong><\/span><br \/><span style=\"font-family: arial, helvetica, sans-serif;font-size: 16px\">Das Vork\u00fchlsystem h\u00e4lt das Gemisch im Auto- und Standby-Modus unter 5\u00b0C. Die Luftpumpe f\u00f6rdert das Gemisch mit einer bestimmten Luftmenge zu den Gefrierzylindern. <br \/>Der Mischer sorgt f\u00fcr ein gleichm\u00e4\u00dfiges Mischungsverh\u00e4ltnis in den Beh\u00e4ltern. *Der Z\u00e4hler erm\u00f6glicht es dem Bediener, die Anzahl der ausgegebenen Portionen zu sehen.<br \/>Ultraleises Ger\u00e4usch von 50-55 Dezibel.&nbsp;<\/span><\/p>\n<\/div>\n<\/div>\n<\/div>\n<\/div>\n<p>&nbsp;<\/p>\n<div class=\"text-left d-tem09-title d-interval\" data-detail=\"wrap\">\n<div class=\"title-header\">\n<h2><strong><span style=\"font-size: 24px;font-family: arial, helvetica, sans-serif\"><a name=\"PRODUCT DETAILS\"><\/a>PRODUKTANGABEN<\/span><\/strong><\/h2>\n<div class=\"subtitle\"><span>Nach jahrelanger Entwicklung haben wir einen umfangreichen Netzvertrieb in verschiedenen L\u00e4ndern aufgebaut und erhalten gutes Feedback von unseren Kunden.<\/span><\/div>\n<\/div>\n<\/div>\n<p>&nbsp;<\/p>\n<div class=\"d-tem18-graphic d-clearfix d-interval mockup clearfix\" data-detail=\"wrap\">\n<div class=\"col-lg-4 col-md-4 col-sm-4 col-xs-6\">\n<div class=\"item\">\n<div class=\"images\"><img decoding=\"async\" title=\"\" alt=\"product-Hommy-img\" src=\"https:\/\/www.hommy.com\/wp-content\/uploads\/15553942943527.jpg\"><\/div>\n<\/div>\n<\/div>\n<div class=\"col-lg-4 col-md-4 col-sm-4 col-xs-6\">\n<div class=\"item\">\n<div class=\"images\"><img decoding=\"async\" title=\"\" alt=\"product-Hommy-img\" src=\"https:\/\/www.hommy.com\/wp-content\/uploads\/15553943011548.jpg\"><\/div>\n<\/div>\n<\/div>\n<div class=\"col-lg-4 col-md-4 col-sm-4 col-xs-6\">\n<div class=\"item\">\n<div class=\"images\"><img decoding=\"async\" title=\"\" alt=\"Produkt-Hot Sale Softeis-Maschine-Hommy-img\" src=\"https:\/\/www.hommy.com\/wp-content\/uploads\/15553943082607.jpg\"><\/div>\n<\/div>\n<\/div>\n<\/div>\n<p>&nbsp;<\/p>\n<p>Dokument\uff1a<img decoding=\"async\" src=\"https:\/\/www.hommy.com\/wp-content\/uploads\/icon_pdf-33.gif\" style=\"margin-right: 2px\" alt=\"product-Hommy-img\" title=\"\"><a href=\"https:\/\/img80002414.weyesimg.com\/uploads\/www.hommy.com\/addon\/16028125946586.pdf\" title=\"16028125946586.pdf\" style=\"font-size: 12px\">16028125946586.pdf<\/a><\/p>\n<h2>Kann man Vanillejoghurt einfrieren? Ich kann das nicht, also kaufe ich den fettfreien.<\/h2>\n<p style=\"margin-top: 5px;margin-bottom: 5px\"><\/p>\n<p style=\"margin-top: 5px;margin-bottom: 5px\">Oh, und ich kaufe auch fettfreien Frischk\u00e4se.<\/p>\n<p style=\"margin-top: 5px;margin-bottom: 5px\"><\/p>\n<p style=\"margin-top: 5px;margin-bottom: 5px\">Es ist nicht so, dass ich fettfreien Frischk\u00e4se nicht mag, ich habe nur geh\u00f6rt, dass er nicht gut schmeckt. Also mache ich meinen eigenen. Ich mache meinen eigenen von Grund auf, weil er so viel besser ist.<\/p>\n<p style=\"margin-top: 5px;margin-bottom: 5px\"><\/p>\n<p style=\"margin-top: 5px;margin-bottom: 5px\">Was also ist fettfreier Frischk\u00e4se? Er ist im Grunde eine Kombination aus Zucker und Wei\u00dfmehl und ist das, was wir fr\u00fcher \"H\u00fcttenk\u00e4se\" nannten.<\/p>\n<p style=\"margin-top: 5px;margin-bottom: 5px\"><\/p>\n<h2>Wie lange dauert eine <a style=\"color:blue\" href=\"https:\/\/www.hommy.com\/de\/speiseeismaschine\/\">Softeisautomat<\/a> zuletzt?<\/h2>\n<p style=\"margin-top: 5px;margin-bottom: 5px\"><\/p>\n<p style=\"margin-top: 5px;margin-bottom: 5px\">Es ist leicht zu erkennen, ob Ihre Softeismaschine richtig funktioniert. Wenn das Eis cremig aussieht, eine dicke Konsistenz hat und frei aus dem Spender flie\u00dft, funktioniert es einwandfrei. Wenn das Eis hart ist, eine d\u00fcnne Konsistenz hat und nicht frei aus dem Spender flie\u00dft, funktioniert es nicht richtig. Es ist auch leicht zu erkennen, ob eine Softeismaschine alt oder neu ist. Ist die Maschine \u00e4lter, ist sie wahrscheinlich schwieriger zu reinigen und funktioniert nicht mehr so gut.<\/p>\n<p style=\"margin-top: 5px;margin-bottom: 5px\"><\/p>\n<p style=\"margin-top: 5px;margin-bottom: 5px\"><\/p>\n<h2>K\u00f6nnen Hunde griechischen Joghurt essen?<\/h2>\n<p style=\"margin-top: 5px;margin-bottom: 5px\"><\/p>\n<p style=\"margin-top: 5px;margin-bottom: 5px\">Griechischer Joghurt ist der neueste Trend in der Hundewelt, aber k\u00f6nnen Hunde griechischen Joghurt essen? Diese Frage und vieles mehr beantworten wir in unserem Leitfaden f\u00fcr griechischen Joghurt f\u00fcr Hunde.<\/p>\n<\/div><\/div>","protected":false},"excerpt":{"rendered":"<p>&nbsp; Hot Sale Soft Serve Ice Cream Machine Hot Sale Soft Serve Ice Cream Machine|Touch screen control|Functions|PRODUCT DETAILS We have been serving the customers with our wide collection of frozen yogurt machines from all over the world. We can provide the customers with the required machines within the stipulated time. Moreover, we provide the customers [&hellip;]<\/p>\n","protected":false},"featured_media":646,"comment_status":"open","ping_status":"open","template":"","meta":{"_swt_meta_header_display":false,"_swt_meta_footer_display":false,"_swt_meta_site_title_display":false,"_swt_meta_sticky_header":false,"_swt_meta_transparent_header":false},"product_brand":[],"product_cat":[80,77],"product_tag":[],"class_list":{"0":"post-651","1":"product","2":"type-product","3":"status-publish","4":"has-post-thumbnail","6":"product_cat-frozen-yogurt-machine","7":"product_cat-ice-cream-machine","9":"first","10":"instock","11":"shipping-taxable","12":"product-type-simple"},"_links":{"self":[{"href":"https:\/\/www.hommy.com\/de\/wp-json\/wp\/v2\/product\/651","targetHints":{"allow":["GET"]}}],"collection":[{"href":"https:\/\/www.hommy.com\/de\/wp-json\/wp\/v2\/product"}],"about":[{"href":"https:\/\/www.hommy.com\/de\/wp-json\/wp\/v2\/types\/product"}],"replies":[{"embeddable":true,"href":"https:\/\/www.hommy.com\/de\/wp-json\/wp\/v2\/comments?post=651"}],"wp:featuredmedia":[{"embeddable":true,"href":"https:\/\/www.hommy.com\/de\/wp-json\/wp\/v2\/media\/646"}],"wp:attachment":[{"href":"https:\/\/www.hommy.com\/de\/wp-json\/wp\/v2\/media?parent=651"}],"wp:term":[{"taxonomy":"product_brand","embeddable":true,"href":"https:\/\/www.hommy.com\/de\/wp-json\/wp\/v2\/product_brand?post=651"},{"taxonomy":"product_cat","embeddable":true,"href":"https:\/\/www.hommy.com\/de\/wp-json\/wp\/v2\/product_cat?post=651"},{"taxonomy":"product_tag","embeddable":true,"href":"https:\/\/www.hommy.com\/de\/wp-json\/wp\/v2\/product_tag?post=651"}],"curies":[{"name":"wp","href":"https:\/\/api.w.org\/{rel}","templated":true}]}}