{"id":645,"date":"2024-07-02T14:54:03","date_gmt":"2024-07-02T14:54:03","guid":{"rendered":"http:\/\/localhost\/hommywp\/pop-corn-making-equipment-vending-machine-manufacturer-price-list\/"},"modified":"2025-08-01T09:57:38","modified_gmt":"2025-08-01T09:57:38","slug":"verkaufsautomat-fur-popcorn-16","status":"publish","type":"product","link":"https:\/\/www.hommy.com\/de\/p\/verkaufsautomat-fur-popcorn-16\/","title":{"rendered":"Popcorn-Maschinen, Verkaufsautomaten Herstellerpreisliste"},"content":{"rendered":"<div>\n<p style=\"text-align: center\"><span style=\"font-size: 24px\"><br \/><\/span><\/p>\n<h2 style=\"text-align: center\"><strong><span style=\"font-family: arial, helvetica, sans-serif;font-size: 24px\"><a name=\"Vending popcorn machine\"><\/a>Automaten-Popcorn-Maschine<\/span><\/strong><br \/><\/h2>\n<p style=\"text-align: center\"><a href=\"#Vending popcorn machine\" target=\"_self\" data-lv=\"0\" rel=\"noopener\"><span style=\"font-family: arial, helvetica, sans-serif;font-size: 16px\">Automaten-Popcorn-Maschine<\/span><\/a><span style=\"font-family: arial, helvetica, sans-serif;font-size: 16px\">|<a href=\"#PRODUCT FEATURES\" target=\"_self\" data-lv=\"0\" rel=\"noopener\">PRODUKTMERKMALE<\/a>|<a href=\"#Vending popcorn machine\" target=\"_self\" data-lv=\"0\" rel=\"noopener\">Automaten-Popcorn-Maschine<\/a>|<a href=\"#PRODUCT SPECIFICATION\" target=\"_self\" data-lv=\"0\" rel=\"noopener\">PRODUKTSPEZIFIKATION<\/a>|<a href=\"#PRODUCT ADVANTAGE\" target=\"_self\" data-lv=\"0\" rel=\"noopener\">PRODUKTVORTEIL<\/a><\/span><\/p>\n<p><\/p>\n<p><!-- Video start --><video poster=\"https:\/\/img80002414.weyesimg.com\/uploads\/www.hommy.com\/video\/15794976206195.mp4?vframe\/jpg\/offset\/1\" id=\"video\" preload=\"auto\" controls=\"controls\" style=\"width:100%;height:510px\"><\/video><!-- Video end --><\/p>\n<p><!-- Video start --><video poster=\"https:\/\/img80002414.weyesimg.com\/uploads\/www.hommy.com\/video\/15863024924759.mp4?vframe\/jpg\/offset\/1\" id=\"video\" preload=\"auto\" controls=\"controls\" style=\"width:100%;height:510px\"><\/video><!-- Video end --><\/p>\n<\/p>\n<p>Wir bieten eine breite Palette von Popcorn-Automaten f\u00fcr die Bed\u00fcrfnisse unserer Kunden. Unsere Maschine wird in verschiedenen Gr\u00f6\u00dfen und Ausf\u00fchrungen zur Verf\u00fcgung gestellt und ist sehr einfach auf dem Markt erh\u00e4ltlich. Unser Qualit\u00e4tsangebot an Popcorn-Automaten wird in sehr g\u00fcnstigen Preisen zur Verf\u00fcgung gestellt.<\/p>\n<p><\/p>\n<p>Aufgrund ihrer Qualit\u00e4t und Zuverl\u00e4ssigkeit sind sie auf dem Markt sehr gefragt. Unser Popcorn-Automat ist in verschiedenen Modellen und Gr\u00f6\u00dfen erh\u00e4ltlich und kann den Bed\u00fcrfnissen unserer Kunden angepasst werden.<\/p>\n<p><span style=\"font-size: 24px\"><br \/><\/span><\/p>\n<h2><strong><span style=\"font-size: 24px;font-family: arial, helvetica, sans-serif\"><a name=\"PRODUCT FEATURES\"><\/a>PRODUKTMERKMALE<\/span><\/strong><\/h2>\n<p style=\"font-size: 13px;line-height: 30px\"><span>Das Werk von Hommy erstreckt sich \u00fcber eine Fl\u00e4che von 30500 Quadratmetern in der Stadt Xinhui Jiangmen und umfasst flexible Produktionslinien, ein Forschungs- und Entwicklungslabor, ein Schulungszentrum und eine mit modernsten Ger\u00e4ten ausgestattete Werkstatt.<\/span><\/p>\n<div class=\"d-tem11-graphic tem11-graphic mockup\" data-detail=\"wrap\">\n<div class=\"tab_row\">\n<div class=\"img\" style=\"width:50%\"><img decoding=\"async\" src=\"https:\/\/www.hommy.com\/wp-content\/uploads\/15794987406646.png\" alt=\"Produkt-HM-PC-18 Verkauf Popcorn Maschine-Hommy-img\" title=\"\"><\/div>\n<div class=\"text_box\" style=\"width:50%\">\n<div class=\"txt\">\n<h2><span style=\"font-family: arial, helvetica, sans-serif;font-size: 24px\"><strong><a name=\"Vending popcorn machine\"><\/a>Automaten-Popcorn-Maschine<\/strong><\/span><\/h2>\n<p><\/p>\n<p style=\"margin-top:0;margin-right:0;margin-bottom:0;margin-left:0;text-indent:0;text-align:justify\"><span style=\"font-family:\u5b8b\u4f53;letter-spacing:0;font-size:16px\">1.Jedes Tassenvolumen: 50 ml, die ungef\u00e4hr 16-18 Unzen Popcorn herstellen k\u00f6nnen.<\/span><\/p>\n<p style=\"margin-top:0;margin-right:0;margin-bottom:0;margin-left:0;text-indent:0;text-align:justify\"><span style=\"font-family: \u5b8b\u4f53;font-size: 16px;letter-spacing: 0px\">2. Die Maschine im Inneren kann 80 St\u00fcck Papiert\u00fcte speichern.<\/span><span style=\"font-family: \u5b8b\u4f53;font-size: 16px;letter-spacing: 0px\">Zahlungssystem: M\u00fcnze &amp; Token 4.<\/span><span style=\"font-family: \u5b8b\u4f53;font-size: 16px;letter-spacing: 0px\">30L Storge Popcorn aus Edelstahl und Au\u00dfenh\u00fclle mit sch\u00f6nem Bild.<\/span><\/p>\n<p style=\"margin-top:0;margin-right:0;margin-bottom:0;margin-left:0;text-indent:0;text-align:justify\"><span style=\"font-family: \u5b8b\u4f53;font-size: 16px;letter-spacing: 0px\">5. Die Maschine im Inneren Installieren Sie das Heizsystem und den L\u00fcfter des hergestellten Mais f\u00fcr Popcorn ist schnell nur 60-80 Sekunden<\/span><\/p>\n<p style=\"margin-top:0;margin-right:0;margin-bottom:0;margin-left:0;text-indent:0;text-align:justify\"><span style=\"font-family: \u5b8b\u4f53;font-size: 16px;letter-spacing: 0px\">6.Die Maschine im Inneren Installieren Sie die automatische Steuerungsheizung.<\/span><\/p>\n<p style=\"margin-top:0;margin-right:0;margin-bottom:0;margin-left:0;text-indent:0;text-align:justify\"><span style=\"font-family: \u5b8b\u4f53;font-size: 16px;letter-spacing: 0px\">7.<\/span><span style=\"font-family: \u5b8b\u4f53;font-size: 16px;letter-spacing: 0px\">Sch\u00fcssel aus Aluminium ist gut \u00fcbertragen W\u00e4rme.<\/span><\/p>\n<p style=\"margin-top:0;margin-right:0;margin-bottom:0;margin-left:0;text-indent:0;text-align:justify\"><span style=\"font-family: \u5b8b\u4f53;font-size: 16px;letter-spacing: 0px\">8. Die Maschinenoberseite haben LED-Werbebretter, die 10 Farben \u00e4ndern m\u00fcssen, damit Sie sie anpassen k\u00f6nnen.&nbsp;&nbsp;<\/span><\/p>\n<p style=\"margin-top:0;margin-right:0;margin-bottom:0;text-align:justify\"><span style=\"font-family:\u5b8b\u4f53;letter-spacing:0;font-size:16px\">9. Energie sparen . 10.<\/span><span style=\"font-family: \u5b8b\u4f53;font-size: 16px;letter-spacing: 0px\">Einfaches Design und komfortable Bedienung.<\/span><\/p>\n<p><\/p>\n<\/div>\n<\/div>\n<\/div>\n<\/div>\n<p style=\"font-size: 13px;line-height: 30px\"><span><br \/><\/span><\/p>\n<p style=\"font-size: 13px;line-height: 30px\"><span><br \/><\/span><\/p>\n<p style=\"font-size: 13px;line-height: 30px\"><span><\/span><\/p>\n<h2><strong><span style=\"font-size: 24px;font-family: arial, helvetica, sans-serif\"><a name=\"PRODUCT SPECIFICATION\"><\/a>PRODUKTSPEZIFIKATION<\/span><\/strong><\/h2>\n<p style=\"font-size: 13px;line-height: 30px\"><span>Hervorragende Kundenerfahrungen sind der Ausgangspunkt von Hommy.<\/span><\/p>\n<p style=\"text-align:center\"><span style=\"font-size: 24px\"><img decoding=\"async\" src=\"https:\/\/www.hommy.com\/wp-content\/uploads\/15865765716782-1.png\" title=\"Uploads\/www.hommy.com\/images\/https:\/\/www.hommy.com\/wp-content\/uploads\/15865765716782-1.png\" alt=\"bild.png\" \/><\/span><\/p>\n<p style=\"font-size: 13px;line-height: 30px\"><span style=\"font-size: 24px\"><br \/><\/span><\/p>\n<h2 style=\"font-size: 13px;line-height: 30px\"><strong><span style=\"font-size: 24px;font-family: arial, helvetica, sans-serif\"><a name=\"PRODUCT ADVANTAGE\"><\/a>PRODUKTVORTEIL<\/span><\/strong><br \/><\/h2>\n<p style=\"font-size: 13px;line-height: 30px\"><span style=\"font-size: 24px\"><\/span><\/p>\n<div class=\"d-tem01-graphic tem01-graphic mockup\" data-detail=\"wrap\">\n<div class=\"cont-section clearfix d-clearfix\">\n<div class=\"col-md-6 col-sm-6 col-xs-6\">\n<div class=\"right-p\">\n<p><span style=\"font-size: 20px\">LED-Werbebrett&nbsp;<\/span><\/p>\n<p><span style=\"font-family: \u5b8b\u4f53;font-size: 16px;letter-spacing: 0px\">Led-Werbetafel, die 10 Farbe zu \u00e4ndern, damit Sie es anpassen, k\u00f6nnen Sie mehr Kunden anziehen.<\/span><\/p>\n<p><span style=\"font-family: \u5b8b\u4f53;font-size: 16px;letter-spacing: 0px\"><br \/><\/span><\/p>\n<p><img decoding=\"async\" src=\"https:\/\/www.hommy.com\/wp-content\/uploads\/15865768005936.jpg\" alt=\"product-Hommy-img\" title=\"\" style=\"text-align: center\"><\/p>\n<\/div>\n<\/div>\n<div class=\"col-md-6 col-sm-6 col-xs-6\">\n<div class=\"right-p\"><span style=\"font-size: 20px\">Zahlungssystem: M\u00fcnze &amp; Token&nbsp;<\/span>&nbsp;<\/p>\n<p><span style=\"font-family:\u5b8b\u4f53;letter-spacing:0;font-size:16px\">Die Maschine innerhalb der Zahlung, die M\u00fcnzen und Token akzeptieren kann, k\u00f6nnen Sie mit Token die Werbung f\u00fcr Ihre Maschine durchf\u00fchren.&nbsp;<\/span><\/p>\n<\/div>\n<p style=\"text-align:center\"><img decoding=\"async\" src=\"https:\/\/www.hommy.com\/wp-content\/uploads\/15865769703876.jpg\" alt=\"Produkt-Hommy-HM-PC-18 Verkaufs-Popcorn-Maschine-IMG\" title=\"\"><\/p>\n<p><\/p>\n<p>&nbsp;<\/p>\n<p>&nbsp;<\/p>\n<p><\/p>\n<\/div>\n<\/div>\n<\/div>\n<div class=\"d-tem01-graphic tem01-graphic mockup\" data-detail=\"wrap\">\n<div class=\"cont-section clearfix d-clearfix\">\n<div class=\"col-md-6 col-sm-6 col-xs-6\">\n<div class=\"right-p\">\n<div class=\"h2 heading\">Widerstandsf\u00e4higer Heiztopf<\/div>\n<p><\/p>\n<p><span style=\"font-family:\u5b8b\u4f53;letter-spacing:0;font-size:16px\">Die Maschine im Inneren Heiztopf, dass die Verwendung von hochtemperaturbest\u00e4ndigen Materialien, die 200 Grad passieren kann, in der Regel die Heizung Topf Arbeitstemperatur ist 90degree bis 110 Grad.&nbsp;&nbsp;<\/span><\/p>\n<\/div>\n<div class=\"graphic_pic animated wow bounceIn\" data-wow-delay=\".7s\"><img decoding=\"async\" src=\"https:\/\/www.hommy.com\/wp-content\/uploads\/15865774343251-1.jpg\" alt=\"Produkt-Automat -Hommy-img\" title=\"\" style=\"float: left\"><br \/>\n &nbsp; &nbsp; &nbsp; &nbsp; &nbsp; &nbsp;<\/div>\n<\/div>\n<div class=\"col-md-6 col-sm-6 col-xs-6\">\n<div class=\"right-p\">\n<div class=\"h2 heading\">Papiert\u00fcte &amp; Kasse Stoge<\/div>\n<p><\/p>\n<p><span style=\"font-family: \u5b8b\u4f53;font-size: 16px;letter-spacing: 0px\">In der Maschine haben gr\u00f6\u00dfere Geldkassetten und gr\u00f6\u00dfere Papiert\u00fcte (etwa 80 St\u00fcck).<\/span><\/p>\n<p><\/p>\n<p><\/p>\n<p><img decoding=\"async\" src=\"https:\/\/www.hommy.com\/wp-content\/uploads\/15865778984004.jpg\" alt=\"Produkt-Hommy-Automat -img\" title=\"\">&nbsp; &nbsp; &nbsp; &nbsp; &nbsp; &nbsp; &nbsp;<\/p>\n<\/div>\n<\/div>\n<\/div>\n<\/div>\n<p>&nbsp; &nbsp; &nbsp;<\/p>\n<p>Dokument\uff1a<img decoding=\"async\" src=\"https:\/\/www.hommy.com\/wp-content\/uploads\/icon_pdf-32.gif\" style=\"margin-right: 2px\" alt=\"Produkt-HM-PC-18 Verkauf Popcorn Maschine-Hommy-IMG-1\" title=\"\"><a href=\"https:\/\/img80002414.weyesimg.com\/uploads\/www.hommy.com\/addon\/16028328875109.pdf\" title=\"16028328875109.pdf\" style=\"font-size: 12px\">16028328875109.pdf<\/a><\/p>\n<h2>Wie gr\u00fcnde ich ein Verkaufsgesch\u00e4ft?<\/h2>\n<p style=\"margin-top: 5px;margin-bottom: 5px\"><\/p>\n<p style=\"margin-top: 5px;margin-bottom: 5px\">\u201eIch freue mich sehr, mein erstes Verkaufsgesch\u00e4ft zu er\u00f6ffnen. Ich wei\u00df nicht viel \u00fcber die Branche, aber ich bin zuversichtlich, dass ich die notwendigen F\u00e4higkeiten erlernen kann, um mein eigenes Unternehmen zu gr\u00fcnden. \"<\/p>\n<p style=\"margin-top: 5px;margin-bottom: 5px\"><\/p>\n<p style=\"margin-top: 5px;margin-bottom: 5px\">Wenn Sie jemals \u00fcber Verkaufszahlen nachgedacht haben, sind Sie nicht allein. Es gibt viele Leute, die in das Verkaufsgesch\u00e4ft einsteigen wollen und nach Antworten suchen, wie sie beginnen k\u00f6nnen.<\/p>\n<p style=\"margin-top: 5px;margin-bottom: 5px\"><\/p>\n<p style=\"margin-top: 5px;margin-bottom: 5px\"><\/p>\n<p style=\"margin-top: 5px;margin-bottom: 5px\">Wie macht man Popcorn in einer gro\u00dfen Maschine? Was ist der beste Weg, um die Butter dort hinein zu bekommen? Was ist eine gute Mikrowellen-Popcorn-Tasche? Ich habe ein paar Taschen im Supermarkt gekauft und sie scheinen \u00fcberall zu sein, also suche ich nach Empfehlungen.<\/p>\n<p style=\"margin-top: 5px;margin-bottom: 5px\"><\/p>\n<p style=\"margin-top: 5px;margin-bottom: 5px\">Wie macht man Popcorn in einer gro\u00dfen Maschine? Was ist der beste Weg, um die Butter dort hinein zu bekommen? Was ist eine gute Mikrowellen-Popcorn-Tasche? Ich habe ein paar Taschen im Supermarkt gekauft und sie scheinen \u00fcberall zu sein, also suche ich nach Empfehlungen ...<\/p>\n<p style=\"margin-top: 5px;margin-bottom: 5px\"><\/p>\n<h2>Ben\u00f6tigen Sie eine Lizenz f\u00fcr einen Automaten in Ontario?<\/h2>\n<p style=\"margin-top: 5px;margin-bottom: 5px\"><\/p>\n<p style=\"margin-top: 5px;margin-bottom: 5px\">Die Antwort ist ja. Um einen neuen Standort oder eine neue Maschine zu er\u00f6ffnen, ben\u00f6tigen Sie eine Lizenz der Alkohol- und Spielkommission von Ontario (AGCO). Es gibt zwei Lizenzen f\u00fcr Verkaufsautomaten: eine Standard-Vending-Lizenz und eine Liquor-Lizenz.<\/p>\n<p style=\"margin-top: 5px;margin-bottom: 5px\"><\/p>\n<p style=\"margin-top: 5px;margin-bottom: 5px\">Sie k\u00f6nnen eine Standard-Vending-Lizenz f\u00fcr Ihr Unternehmen und Ihre neue Maschine erhalten, aber keine Spirituosenlizenz f\u00fcr Ihre neue Maschine.<\/p>\n<\/div><\/div>","protected":false},"excerpt":{"rendered":"<p>Vending popcorn machine Vending popcorn machine|PRODUCT FEATURES|Vending popcorn machine|PRODUCT SPECIFICATION|PRODUCT ADVANTAGE We provide a wide range of popcorn vending machine for catering to the needs of our clients. Our machine is made available in different sizes and designs and is very easily available at the market. Our quality range of popcorn vending machine is made [&hellip;]<\/p>\n","protected":false},"featured_media":638,"comment_status":"open","ping_status":"open","template":"","meta":{"_swt_meta_header_display":false,"_swt_meta_footer_display":false,"_swt_meta_site_title_display":false,"_swt_meta_sticky_header":false,"_swt_meta_transparent_header":false},"product_brand":[],"product_cat":[79,68],"product_tag":[],"class_list":{"0":"post-645","1":"product","2":"type-product","3":"status-publish","4":"has-post-thumbnail","6":"product_cat-popcorn-vending-machine","7":"product_cat-vending-machine","9":"first","10":"instock","11":"shipping-taxable","12":"product-type-simple"},"_links":{"self":[{"href":"https:\/\/www.hommy.com\/de\/wp-json\/wp\/v2\/product\/645","targetHints":{"allow":["GET"]}}],"collection":[{"href":"https:\/\/www.hommy.com\/de\/wp-json\/wp\/v2\/product"}],"about":[{"href":"https:\/\/www.hommy.com\/de\/wp-json\/wp\/v2\/types\/product"}],"replies":[{"embeddable":true,"href":"https:\/\/www.hommy.com\/de\/wp-json\/wp\/v2\/comments?post=645"}],"wp:featuredmedia":[{"embeddable":true,"href":"https:\/\/www.hommy.com\/de\/wp-json\/wp\/v2\/media\/638"}],"wp:attachment":[{"href":"https:\/\/www.hommy.com\/de\/wp-json\/wp\/v2\/media?parent=645"}],"wp:term":[{"taxonomy":"product_brand","embeddable":true,"href":"https:\/\/www.hommy.com\/de\/wp-json\/wp\/v2\/product_brand?post=645"},{"taxonomy":"product_cat","embeddable":true,"href":"https:\/\/www.hommy.com\/de\/wp-json\/wp\/v2\/product_cat?post=645"},{"taxonomy":"product_tag","embeddable":true,"href":"https:\/\/www.hommy.com\/de\/wp-json\/wp\/v2\/product_tag?post=645"}],"curies":[{"name":"wp","href":"https:\/\/api.w.org\/{rel}","templated":true}]}}