{"id":637,"date":"2024-07-02T14:53:27","date_gmt":"2024-07-02T14:53:27","guid":{"rendered":"http:\/\/localhost\/hommywp\/polular-coin-operated-automatic-popcorn-vending-machine\/"},"modified":"2025-08-01T09:57:38","modified_gmt":"2025-08-01T09:57:38","slug":"automatischer-popcorn-automat","status":"publish","type":"product","link":"https:\/\/www.hommy.com\/de\/p\/automatischer-popcorn-automat\/","title":{"rendered":"Polularer m\u00fcnzbetriebener automatischer Popcorn-Automat"},"content":{"rendered":"<p style=\"text-align: center\"><span style=\"font-family:Calibri;font-size:29px\">Ein automatischer Verkaufsautomaten <\/span><span style=\"font-family:\u5b8b\u4f53;font-size:29px\">Popcorn-Maschine <\/span><\/p>\n<p style=\"text-align: center\"><span style=\"font-family:Calibri;font-size:29px\">https:\/\/youtu.be\/jkdmDw6KefI<\/span><\/p>\n<p><span style=\"font-family:Calibri;font-size:29px\">&nbsp;<\/span><\/p>\n<p>Die angebotene automatische Verkaufs-Popcorn-Maschine wird wegen ihrer Langlebigkeit, Qualit\u00e4t, reibungslosen Funktionalit\u00e4t, perfektem Design usw. Es wurde aus den besten Rohstoffen und Komponenten der besten Qualit\u00e4t entwickelt, um seine langlebige Leistung zu gew\u00e4hrleisten. Dar\u00fcber hinaus wird die automatische Verkaufs-Popcorn-Maschine anhand verschiedener Parameter getestet, um sicherzustellen, dass sie optimale Leistung liefert.<\/p>\n<p><span style=\"font-family:Calibri;font-size:29px\"><\/span><\/p>\n<p><span style=\"font-family:\u5b8b\u4f53;font-size:29px\">Produktspezifikation:<\/span><\/p>\n<p><span style=\"font-family:\u5b8b\u4f53;font-size:29px\"><img decoding=\"async\" src=\"https:\/\/www.hommy.com\/wp-content\/uploads\/16431874463170.png\" alt=\"product-Hommy-img\" title=\"\"><\/span><\/p>\n<p><span style=\"font-family:\u5b8b\u4f53;font-size:29px\"><\/span><\/p>\n<p style=\"margin-bottom:0;text-align:justify\"><span style=\"font-family:\u5b8b\u4f53;font-size:29px\">Produktmerkmale\uff1a<\/span><\/p>\n<p style=\"margin-bottom:0;text-align:justify\"><strong><span style=\"font-family: Calibri;font-size: 16px\">\u25cf 21\" Bedien- und Werbebildschirm mit Androiden-System<\/span><\/strong><\/p>\n<p style=\"margin-bottom:0;text-align:justify\"><strong><span style=\"font-family: Calibri;font-size: 16px\">\u25cf Die Tassen fallen automatisch herunter. Jede Tasse Kapazit\u00e4t : 32oz( die Maschine im Inneren kann&nbsp;<\/span><\/strong><strong><span style=\"font-family: Calibri;font-size: 16px\">100 Stk. Pappbecher aufbewahren )<\/span><\/strong><\/p>\n<p style=\"margin-bottom:0;text-align:justify\"><strong><span style=\"font-family: Calibri;font-size: 16px\">\u25cf<\/span><span style=\"font-size: 16px\"><span style=\"font-family:\u5b8b\u4f53\">&nbsp;<\/span><\/span><\/strong><strong><span style=\"font-family: Calibri;font-size: 16px\">\u00c4u\u00dfere Abdeckung ist Edelstahl und wickeln mit sch\u00f6nen Bild.<\/span><\/strong><\/p>\n<p style=\"margin-bottom:0;text-align:justify\"><strong><span style=\"font-family: Calibri;font-size: 16px\">\u25cf Die Maschine ist im Inneren mit einer Heizung und einem Gebl\u00e4se ausgestattet, die den Mais schnell zu Popcorn machen<\/span><\/strong><\/p>\n<p style=\"margin-bottom:0;text-align:justify\"><strong><span style=\"font-family: Calibri;font-size: 16px\">&nbsp;in nur 80 Sekunden, die Temperatur der Maschinenheizung kann auf verschiedene Arten eingestellt werden&nbsp;<\/span><\/strong><strong><span style=\"font-family: Calibri;font-size: 16px\">von Popcorn.<\/span><\/strong><\/p>\n<p style=\"margin-bottom:0;text-align:justify\"><strong><span style=\"font-family: Calibri;font-size: 16px\">\u25cf Das Ger\u00e4t mischt das Popcorn automatisch mit den Aromen im Ger\u00e4t.<\/span><\/strong><\/p>\n<p style=\"margin-bottom:0;text-align:justify\"><strong><span style=\"font-family: Calibri;font-size: 16px\">\u25cf Die Maschine ist im Inneren mit einer automatisch gesteuerten Heizung ausgestattet. Design einfach und bequem zu bedienen.<\/span><\/strong><\/p>\n<p style=\"margin-bottom:0;text-align:justify\"><strong><span style=\"font-family: Calibri;font-size: 16px\">\u25cf Zwei Schalen aus Aluminium sind gut f\u00fcr die W\u00e4rme\u00fcbertragung.<\/span><\/strong><\/p>\n<p style=\"margin-bottom:0;text-align:justify\"><strong><span style=\"font-family: Calibri;font-size: 16px\">Die Sprache der Touchscreen-Oberfl\u00e4che kann je nach Land eingestellt werden.<\/span><\/strong><\/p>\n<p style=\"margin-bottom:0;text-align:justify\"><strong><span style=\"font-family: Calibri;font-size: 16px\">\u25cf Zahlungssystem: M\u00fcnze, Schein, MDB f\u00fcr Kartenleser<\/span><\/strong><\/p>\n<p style=\"margin-bottom:0;text-align:justify\"><strong><span style=\"font-family: Calibri;font-size: 16px\">\u25cf Die Maschine im Inneren h\u00e4lt einen Aroma-Corn.<\/span><\/strong><\/p>\n<p style=\"margin-bottom:0;text-align:justify\"><strong><span style=\"font-family: Calibri;font-size: 16px\">\u25cf Das Fernsystem kann die Verkaufssituation, die Erinnerung an fehlendes Material und die Einstellung der internen Maschinendaten verfolgen,<\/span><\/strong><strong><span style=\"font-family: Calibri;font-size: 16px\">&nbsp; Erinnerung an eine Maschinenst\u00f6rung.&nbsp;&nbsp;<\/span><\/strong><\/p>\n<p style=\"margin-bottom:0;margin-left:96px;text-align:justify\"><span style=\"font-family:Calibri;font-size:16px\">&nbsp;<\/span><span style=\"font-family: \u5b8b\u4f53;font-size: 16px\">&nbsp; &nbsp; &nbsp; &nbsp; &nbsp; &nbsp;<\/span><\/p>\n<p><span style=\"font-family:\u5b8b\u4f53;font-size:29px\">Produktvorteil:<\/span><\/p>\n<p><span style=\"font-family:Calibri;font-size:16px\">&nbsp;<\/span><span style=\"font-family: Calibri;font-size: 16px\">1.&nbsp;<\/span><span style=\"font-family: Calibri;font-size: 16px\">Zweischichtige Heizung verteilt die W\u00e4rme gleichm\u00e4\u00dfiger<\/span><\/p>\n<p><img loading=\"lazy\" decoding=\"async\" src=\"https:\/\/www.hommy.com\/wp-content\/uploads\/16431876355525.png\" title=\"\" alt=\"Produkt-Hommy-Automatic Vending Popcorn Machine-img\" width=\"350\" height=\"366\" border=\"0\" vspace=\"0\" style=\"width: 350px;height: 366px\"><\/p>\n<p><span style=\"font-family:\u5b8b\u4f53;font-size:16px\">2.<\/span><span style=\"font-family:\u5b8b\u4f53;font-size:16px\">Die Maschine<\/span><span style=\"font-family:Calibri;font-size:16px\">&nbsp;haben 3 Arten der Zahlung f\u00fcr Sie zu betreiben: Rechnung, M\u00fcnze und M\u00fcnzwechsel, Kreditkarte.<\/span><span style=\"font-family:\u5b8b\u4f53;font-size:16px\">&nbsp;<\/span><\/p>\n<p><img loading=\"lazy\" decoding=\"async\" src=\"https:\/\/www.hommy.com\/wp-content\/uploads\/16431876115451.png\" title=\"\" alt=\"Produktautomatischer Verkauf Popcorn-Maschine-Hommy-img\" width=\"350\" height=\"162\" border=\"0\" vspace=\"0\" style=\"width: 350px;height: 162px\"><\/p>\n<p><span style=\"font-family:\u5b8b\u4f53;font-size:16px\">3.<\/span><span style=\"font-family:\u5b8b\u4f53;font-size:16px\">Die Maschine im Inneren Heiztopf, dass die Verwendung von hochtemperaturbest\u00e4ndigen Materialien, die 200 Grad passieren kann, in der Regel die Heizung Topf Arbeitstemperatur ist 90degree bis 110 Grad. &nbsp;<\/span><\/p>\n<p><img loading=\"lazy\" decoding=\"async\" src=\"https:\/\/www.hommy.com\/wp-content\/uploads\/16431875836350.jpg\" title=\"\" alt=\"product-Hommy-img\" width=\"350\" height=\"1440\" border=\"0\" vspace=\"0\" style=\"width: 350px;height: 1440px\"><\/p>\n<p><span style=\"font-family:Calibri;font-size:16px\">4.&nbsp;<\/span><span style=\"font-family:Calibri;font-size:16px\">Die Maschine im Inneren kann 32OZ Tasse 100pcs halten. <\/span><\/p>\n<p><span style=\"font-family:\u5b8b\u4f53;font-size:16px\"><img loading=\"lazy\" decoding=\"async\" src=\"https:\/\/www.hommy.com\/wp-content\/uploads\/16431875535861.png\" title=\"\" alt=\"product-Hommy-img\" width=\"350\" height=\"1080\" border=\"0\" vspace=\"0\" style=\"width: 350px;height: 1080px\">&nbsp;&nbsp;<\/span><\/p>\n<p><span style=\"font-family:Calibri;font-size:16px\">5.<\/span><span style=\"font-family:Calibri;font-size:16px\">Die Maschine im Inneren kann 1 Geschmacksmais behalten.<\/span><\/p>\n<p><img loading=\"lazy\" decoding=\"async\" src=\"https:\/\/www.hommy.com\/wp-content\/uploads\/16431874975650.png\" title=\"\" alt=\"product-Hommy-img\" width=\"350\" height=\"522\" border=\"0\" vspace=\"0\" style=\"width: 350px;height: 522px\"><\/p>\n<h2>Welches \u00d6l verwenden Sie f\u00fcr Popcornmaschinen? Und wie lange l\u00e4sst du es abk\u00fchlen, bevor du den Deckel \u00f6ffnest?<\/h2>\n<p style=\"margin-top: 5px;margin-bottom: 5px\"><\/p>\n<p style=\"margin-top: 5px;margin-bottom: 5px\">Ich plane, dieses Wochenende eine Popcorn-Maschine zu kaufen. Ich habe mir den M &amp; P angesehen und ich mag die Idee, die Menge an Butter und Salz anpassen zu k\u00f6nnen. Ich habe einen 13-J\u00e4hrigen, der es essen m\u00f6chte, also m\u00f6chte ich es schaffen, ohne dass es nach Butter schmeckt.<\/p>\n<p style=\"margin-top: 5px;margin-bottom: 5px\"><\/p>\n<p style=\"margin-top: 5px;margin-bottom: 5px\">Als erstes f\u00e4llt mir Raps\u00f6l ein. Aber ich m\u00f6chte normales Pflanzen\u00f6l verwenden k\u00f6nnen.<\/p>\n<p style=\"margin-top: 5px;margin-bottom: 5px\"><\/p>\n<p style=\"margin-top: 5px;margin-bottom: 5px\"><\/p>\n<h2>Was ist das perfekte Gesch\u00e4ft f\u00fcr den Start?<\/h2>\n<p style=\"margin-top: 5px;margin-bottom: 5px\"><\/p>\n<p style=\"margin-top: 5px;margin-bottom: 5px\">Diese Frage wurde so oft gestellt, dass die Antwort fast zu einem Klischee wird. Aber es gibt eine Wahrheit, die zu oft \u00fcbersehen wird. Wenn Sie eine Person von Integrit\u00e4t sind, spielt es keine Rolle, mit welchem Unternehmen Sie beginnen. Das gleiche gilt f\u00fcr eine Person von Integrit\u00e4t. Wenn Sie eine Person von Integrit\u00e4t sind, spielt es keine Rolle, mit welchem Unternehmen Sie beginnen. Die Wahrheit ist, es geht nicht um das Gesch\u00e4ft, es ist die Person. Eine Person von Integrit\u00e4t wird flei\u00dfig daran arbeiten, ein erfolgreiches Unternehmen aufzubauen, aber der Erfolg wird an der Integrit\u00e4t der Person gemessen.<\/p>\n<p style=\"margin-top: 5px;margin-bottom: 5px\"><\/p>\n<h2>Sind Automaten in Kanada rentabel?<\/h2>\n<p style=\"margin-top: 5px;margin-bottom: 5px\"><\/p>\n<p style=\"margin-top: 5px;margin-bottom: 5px\">Es gibt nur wenige Verkaufsautomaten, die in Kanada nicht rentabel sind. Die Gr\u00fcnde sind, dass Kanada ein relativ kleiner Markt ist und die Lieferkosten relativ niedrig sind. Wenn ein Unternehmen beispielsweise f\u00fcnf Artikel an einen Kunden liefert und die Lieferkosten $15 betragen, betr\u00e4gt die Kosten f\u00fcr eine Maschine f\u00fcr die Lieferung derselben Artikel nur $3. Einige Verkaufsautomaten sind in Kanada jedoch nicht rentabel, andere sind rentabel.<\/p>\n<\/p><\/div>","protected":false},"excerpt":{"rendered":"<p>One flavor automatic vending Popcorn Machine https:\/\/youtu.be\/jkdmDw6KefI &nbsp; The offered Automatic Vending Popcorn Machine is widely appreciated for its durability, high quality, smooth functionality, perfect design, etc. It is designed using the finest quality raw materials and components to ensure its long-lasting performance. Further, the Automatic Vending Popcorn Machine is tested on different parameters to [&hellip;]<\/p>\n","protected":false},"featured_media":1967,"comment_status":"open","ping_status":"open","template":"","meta":{"_swt_meta_header_display":false,"_swt_meta_footer_display":false,"_swt_meta_site_title_display":false,"_swt_meta_sticky_header":false,"_swt_meta_transparent_header":false},"product_brand":[],"product_cat":[79,68],"product_tag":[],"class_list":{"0":"post-637","1":"product","2":"type-product","3":"status-publish","4":"has-post-thumbnail","6":"product_cat-popcorn-vending-machine","7":"product_cat-vending-machine","9":"first","10":"instock","11":"shipping-taxable","12":"product-type-simple"},"_links":{"self":[{"href":"https:\/\/www.hommy.com\/de\/wp-json\/wp\/v2\/product\/637","targetHints":{"allow":["GET"]}}],"collection":[{"href":"https:\/\/www.hommy.com\/de\/wp-json\/wp\/v2\/product"}],"about":[{"href":"https:\/\/www.hommy.com\/de\/wp-json\/wp\/v2\/types\/product"}],"replies":[{"embeddable":true,"href":"https:\/\/www.hommy.com\/de\/wp-json\/wp\/v2\/comments?post=637"}],"wp:featuredmedia":[{"embeddable":true,"href":"https:\/\/www.hommy.com\/de\/wp-json\/wp\/v2\/media\/1967"}],"wp:attachment":[{"href":"https:\/\/www.hommy.com\/de\/wp-json\/wp\/v2\/media?parent=637"}],"wp:term":[{"taxonomy":"product_brand","embeddable":true,"href":"https:\/\/www.hommy.com\/de\/wp-json\/wp\/v2\/product_brand?post=637"},{"taxonomy":"product_cat","embeddable":true,"href":"https:\/\/www.hommy.com\/de\/wp-json\/wp\/v2\/product_cat?post=637"},{"taxonomy":"product_tag","embeddable":true,"href":"https:\/\/www.hommy.com\/de\/wp-json\/wp\/v2\/product_tag?post=637"}],"curies":[{"name":"wp","href":"https:\/\/api.w.org\/{rel}","templated":true}]}}