{"id":630,"date":"2024-07-02T14:42:50","date_gmt":"2024-07-02T14:42:50","guid":{"rendered":"http:\/\/localhost\/hommywp\/multiple-payment-methods-popcorn-vending-machine-for-sale\/"},"modified":"2025-08-01T09:57:38","modified_gmt":"2025-08-01T09:57:38","slug":"hm-pm-18a-automatischer-verkaufsautomat-fur-popcorn","status":"publish","type":"product","link":"https:\/\/www.hommy.com\/de\/p\/hm-pm-18a-automatischer-verkaufsautomat-fur-popcorn\/","title":{"rendered":"Mehrere Zahlungsarten Popcorn-Automat zu verkaufen"},"content":{"rendered":"<div>\n<p style=\"text-align: center\"><span style=\"font-size: 24px\"><br \/><\/span><\/p>\n<h2 style=\"text-align: center\"><strong><span style=\"font-family: arial, helvetica, sans-serif;font-size: 24px\"><a name=\"Full Automatic Vending popcorn machine\"><\/a>Vollautomatische Popcornmaschine<\/span><\/strong><br \/><\/h2>\n<p style=\"text-align: center\"><a href=\"#Full Automatic Vending popcorn machine\" target=\"_self\" data-lv=\"0\" rel=\"noopener\"><span style=\"font-family: arial, helvetica, sans-serif;font-size: 16px\">Vollautomatische Popcornmaschine<\/span><\/a><span style=\"font-family: arial, helvetica, sans-serif;font-size: 16px\">|<a href=\"#PRODUCT FEATURES\" target=\"_self\" data-lv=\"0\" rel=\"noopener\">PRODUKTMERKMALE<\/a>|<a href=\"#Full Automatic Vending popcorn machine\" target=\"_self\" data-lv=\"0\" rel=\"noopener\">Vollautomatische Popcornmaschine<\/a>|<a href=\"#PRODUCT SPECIFICATION\" target=\"_self\" data-lv=\"0\" rel=\"noopener\">PRODUKTSPEZIFIKATION<\/a>|<a href=\"#PRODUCT ADVANTAGE\" target=\"_self\" data-lv=\"0\" rel=\"noopener\">PRODUKTVORTEIL<\/a><\/span><\/p>\n<p><span style=\"font-size: 24px\"><br \/><\/span><\/p>\n<p><!-- Video start --><video poster=\"https:\/\/img80002414.weyesimg.com\/uploads\/www.hommy.com\/video\/15794976206195.mp4?vframe\/jpg\/offset\/1\" id=\"video\" preload=\"auto\" controls=\"controls\" style=\"width:100%;height:510px\"><\/video><!-- Video end --><\/p>\n<p>Unsere Kunden k\u00f6nnen diesen Automaten in verschiedenen Spezifikationen zu vern\u00fcnftigen Preisen von uns in Anspruch nehmen. Dieser Popcorn-Automat wird zum Servieren von Popcorn in Restaurants, Hotels, Filmhallen, Einkaufszentren und anderen \u00f6ffentlichen Orten verwendet. Es ist so konzipiert, dass es von einer Person leicht bedient werden kann. Der Popcorn-Automat wird unter Verwendung der besten Komponenten hergestellt.<\/p>\n<h2><strong><span style=\"font-size: 24px;font-family: arial, helvetica, sans-serif\"><a name=\"PRODUCT FEATURES\"><\/a>PRODUKTMERKMALE<\/span><\/strong><\/h2>\n<p style=\"font-size: 13px;line-height: 30px\"><span>Das Werk von Hommy erstreckt sich \u00fcber eine Fl\u00e4che von 30500 Quadratmetern in der Stadt Xinhui Jiangmen und umfasst flexible Produktionslinien, ein Forschungs- und Entwicklungslabor, ein Schulungszentrum und eine mit modernsten Ger\u00e4ten ausgestattete Werkstatt.<\/span><\/p>\n<div class=\"d-tem11-graphic tem11-graphic mockup\" data-detail=\"wrap\">\n<div class=\"tab_row\">\n<div class=\"img\" style=\"width:50%\"><img loading=\"lazy\" decoding=\"async\" src=\"https:\/\/www.hommy.com\/wp-content\/uploads\/15865788232339.png\" alt=\"PRODUCT-HM-PM-18A Automatischer Verkauf Popcorn-Maschine-Hommy-img\" title=\"\" width=\"481\" height=\"641\" border=\"0\" vspace=\"0\" style=\"width: 481px;height: 641px\"><\/div>\n<div class=\"text_box\" style=\"width:50%\">\n<div class=\"txt\">\n<h2><strong><span style=\"font-family: arial, helvetica, sans-serif;font-size: 24px\"><a name=\"Full Automatic Vending popcorn machine\"><\/a>Vollautomatische Popcornmaschine<\/span><\/strong><\/h2>\n<p><span style=\"font-size: 18px\"><strong><br \/><\/strong><\/span><\/p>\n<p style=\"margin-bottom: 0px;text-align: justify\"><span style=\"font-family: \u5b8b\u4f53;letter-spacing: 0px;font-size: 16px\">1,15 \"Betriebs- und Werbebildschirm. 2.Jede Tasse Kapazit\u00e4t: 100 ml, die ungef\u00e4hr 32 Unzen Popcorn herstellen k\u00f6nnen.<\/span><\/p>\n<p style=\"margin-bottom: 0px;text-align: justify\"><span style=\"font-family: \u5b8b\u4f53;font-size: 16px;letter-spacing: 0px\">3. Die Maschine im Inneren kann 100 St\u00fcck Tasse aufbewahren.<\/span><span style=\"font-family: \u5b8b\u4f53;font-size: 16px;letter-spacing: 0px\">Vollautomatische Popcornmaschine.<\/span><span style=\"font-family: \u5b8b\u4f53;font-size: 16px;letter-spacing: 0px\">.Zahlungssystem: Bargeld, M\u00fcnzen und Token, Kreditkarte, Umtauschm\u00fcnze und Online-Pay.&nbsp;<\/span><\/p>\n<p style=\"margin-bottom: 0px;text-align: justify\"><span style=\"font-family: \u5b8b\u4f53;font-size: 16px;letter-spacing: 0px\">6.&nbsp;<\/span><span style=\"font-family: \u5b8b\u4f53;font-size: 16px;letter-spacing: 0px\">30L Storge Popcorn aus Edelstahl und Au\u00dfenh\u00fclle mit sch\u00f6nem Bild.<\/span><\/p>\n<p style=\"margin-bottom: 0px;text-align: justify\"><span style=\"font-family: \u5b8b\u4f53;font-size: 16px;letter-spacing: 0px\">7.Popcorn-Produktionszeit betr\u00e4gt nur 60-80 Sekunden.<\/span><\/p>\n<p style=\"margin-bottom: 0px;text-align: justify\"><span style=\"font-family: \u5b8b\u4f53;font-size: 16px;letter-spacing: 0px\">8.Die Maschine im Inneren Installieren Sie die automatische Steuerungsheizung.<\/span><\/p>\n<p style=\"margin-bottom: 0px;text-align: justify\"><span style=\"font-family: \u5b8b\u4f53;font-size: 16px;letter-spacing: 0px\">9. Sch\u00fcssel aus Aluminium ist gut W\u00e4rme \u00fcbertragen.<\/span><\/p>\n<p style=\"margin-bottom: 0px;text-align: justify\"><span style=\"font-family: \u5b8b\u4f53;font-size: 16px;letter-spacing: 0px\">10.Die Sprache kann auf verschiedenen L\u00e4ndern basieren, um sie anzupassen.<\/span><\/p>\n<p style=\"margin-bottom: 0px;text-align: justify\"><span style=\"font-family: \u5b8b\u4f53;font-size: 16px;letter-spacing: 0px\">11.Es gibt 3 Geschmacksrichtungen f\u00fcr Sie, um diesen Mix-Geschmack in der Maschine zu w\u00e4hlen.&nbsp;&nbsp;<\/span><\/p>\n<p style=\"margin-bottom: 0px;text-align: justify\"><span style=\"font-family: \u5b8b\u4f53;letter-spacing: 0px;font-size: 16px\">12. Fernsystem kann Verkaufssituation, Materialleckage-Erinnerung, Maschineninterne Dateneinstellung, Maschinenfehler-Erinnerung.<\/span><\/p>\n<p style=\"margin-bottom: 0px;text-align: justify\"><span style=\"font-family: \u5b8b\u4f53;font-size: 16px;letter-spacing: 0px\">13.Entwerfen Sie einfach und bedienen Sie Komfort.<\/span><\/p>\n<p><span style=\"font-family: \u5b8b\u4f53;font-size: 16px;letter-spacing: 0px\"><br \/><\/span><\/p>\n<p style=\"margin-top:0;margin-right:0;margin-bottom:0;margin-left:0;text-indent:0;text-align:justify\"><\/p>\n<\/div>\n<\/div>\n<\/div>\n<\/div>\n<p style=\"font-size: 13px;line-height: 30px\"><span><br \/><\/span><\/p>\n<p style=\"font-size: 13px;line-height: 30px\"><span><br \/><\/span><\/p>\n<p style=\"font-size: 13px;line-height: 30px\"><span><\/span><\/p>\n<h2><strong><span style=\"font-family: arial, helvetica, sans-serif;font-size: 24px\"><a name=\"PRODUCT SPECIFICATION\"><\/a>PRODUKTSPEZIFIKATION<\/span><\/strong><\/h2>\n<p style=\"font-size: 13px;line-height: 30px\"><span>Hervorragende Kundenerfahrungen sind der Ausgangspunkt von Hommy.<\/span><\/p>\n<p style=\"text-align:center\"><span style=\"font-size: 24px\"><img decoding=\"async\" src=\"https:\/\/www.hommy.com\/wp-content\/uploads\/15865765716782.png\" title=\"Uploads\/www.hommy.com\/images\/https:\/\/www.hommy.com\/wp-content\/uploads\/15865765716782.png\" alt=\"bild.png\" \/><\/span><\/p>\n<p style=\"font-size: 13px;line-height: 30px\"><span style=\"font-size: 24px\"><br \/><\/span><\/p>\n<h2 style=\"font-size: 13px;line-height: 30px\"><strong><span style=\"font-family: arial, helvetica, sans-serif;font-size: 24px\"><a name=\"PRODUCT ADVANTAGE\"><\/a>PRODUKTVORTEIL<\/span><\/strong><br \/><\/h2>\n<p style=\"font-size: 13px;line-height: 30px\"><span style=\"font-size: 24px\"><\/span><\/p>\n<div class=\"d-tem01-graphic tem01-graphic mockup\" data-detail=\"wrap\">\n<div class=\"cont-section clearfix d-clearfix\">\n<div class=\"col-md-6 col-sm-6 col-xs-6\">\n<div class=\"right-p\">\n<div class=\"h2 heading\">Widerstandsf\u00e4higer Heiztopf<\/div>\n<p><\/p>\n<p><span style=\"font-family:\u5b8b\u4f53;letter-spacing:0;font-size:16px\">Die Maschine im Inneren Heiztopf, dass die Verwendung von hochtemperaturbest\u00e4ndigen Materialien, die 200 Grad passieren kann, in der Regel die Heizung Topf Arbeitstemperatur ist 90degree bis 110 Grad.&nbsp;&nbsp;<\/span><\/p>\n<\/div>\n<div class=\"graphic_pic animated wow bounceIn\" data-wow-delay=\".7s\"><img decoding=\"async\" src=\"https:\/\/www.hommy.com\/wp-content\/uploads\/15865774343251.jpg\" alt=\"product-Hommy-img\" title=\"\" style=\"float: left\"><br \/>\n &nbsp; &nbsp; &nbsp; &nbsp; &nbsp; &nbsp;<\/div>\n<\/div>\n<div class=\"col-md-6 col-sm-6 col-xs-6\">\n<div class=\"right-p\">\n<div class=\"h2 heading\">andere Sprache&nbsp;<\/div>\n<p><\/p>\n<p><span style=\"font-family:\u5b8b\u4f53;letter-spacing:0;font-size:16px\">Wir k\u00f6nnen eine andere Sprache f\u00fcr die Maschine einrichten, um die Bedienung zu lehren&nbsp;<\/span><\/p>\n<p><\/p>\n<p><\/p>\n<p><img loading=\"lazy\" decoding=\"async\" src=\"https:\/\/www.hommy.com\/wp-content\/uploads\/15788858317746-6.png\" alt=\"product-Hommy-img\" title=\"\" width=\"441\" height=\"588\" border=\"0\" vspace=\"0\" style=\"width: 441px;height: 588px\">&nbsp; &nbsp; &nbsp; &nbsp; &nbsp; &nbsp; &nbsp;<\/p>\n<\/div>\n<\/div>\n<\/div>\n<\/div>\n<p>&nbsp; &nbsp;<\/p>\n<p>&nbsp;Dokument\uff1a<img decoding=\"async\" src=\"https:\/\/www.hommy.com\/wp-content\/uploads\/icon_pdf-31.gif\" style=\"margin-right: 2px\" alt=\"Produkt-Hommy-Full Automatic Vending Popcorn Maschine -IMG\" title=\"\"><a href=\"https:\/\/img80002414.weyesimg.com\/uploads\/www.hommy.com\/addon\/16028332825554.pdf\" title=\"16028332825554.pdf\" style=\"font-size: 12px\">16028332825554.pdf<\/a><\/p>\n<h2>Ist Popcorn ein rentables Gesch\u00e4ft?<\/h2>\n<p style=\"margin-top: 5px;margin-bottom: 5px\">Popcorn ist ein sehr beliebtes Snack-Essen. Es ist ein Snack, der einfach zu machen und zu verkaufen ist. Es ist auch ein Snack, der bei Kindern sehr beliebt ist. Es wird in fast allen Gesch\u00e4ften und Restaurants verkauft. Es ist ein Snack, der zu sehr niedrigen Preisen verkauft wird. Es ist ein Snack, der sehr ist. Eine einzelne Sitzung in einem Kino oder eine Veranstaltung kann ein oder zwei Stunden dauern, und in dieser Zeit ist es wahrscheinlich, dass Sie eine ganze Menge Popcorn gegessen haben.<\/p>\n<p style=\"margin-top: 5px;margin-bottom: 5px\"><\/p>\n<h2>Ben\u00f6tigen Automaten Strom?<\/h2>\n<p style=\"margin-top: 5px;margin-bottom: 5px\">Alle Automaten ben\u00f6tigen Strom in Form von Strom. Wie der Strom zu den Automaten gelangt, ist eine andere Frage. Es gibt zwei M\u00f6glichkeiten, wie Elektrizit\u00e4tsautomaten erreicht werden k\u00f6nnen. Eines ist durch Verkabelung. In diesem Fall verbindet die Verkabelung die Automaten mit der Stromversorgung. Die andere M\u00f6glichkeit ist die drahtlose Stromversorgung. In diesem Fall erhalten die Verkaufsautomaten die Stromversorgung ohne Verkabelung von der Stromversorgung.<\/p>\n<p style=\"margin-top: 5px;margin-bottom: 5px\"><\/p>\n<h2>Sind die Schl\u00fcssel f\u00fcr den Verkaufsautomaten universell?<\/h2>\n<p style=\"margin-top: 5px;margin-bottom: 5px\">Ich verstehe, dass es einige Verkaufsautomaten gibt, die \u00fcber eine Tastatur verf\u00fcgen, die eine bestimmte Taste zum Bet\u00e4tigen der Maschine erfordert. Ich verstehe jedoch auch, dass es einige Verkaufsautomaten gibt, die \u00fcber eine Tastatur verf\u00fcgen, die eine bestimmte Kombination von Zahlen erfordert, um die Maschine zu aktivieren.<\/p>\n<\/p><\/div>","protected":false},"excerpt":{"rendered":"<p>Full Automatic Vending popcorn machine Full Automatic Vending popcorn machine|PRODUCT FEATURES|Full Automatic Vending popcorn machine|PRODUCT SPECIFICATION|PRODUCT ADVANTAGE Our clients can avail from us this vending machine in various specifications at reasonable prices. This popcorn vending machine is used for serving popcorn in the restaurants, hotels, movie halls, malls and other public places. It is designed [&hellip;]<\/p>\n","protected":false},"featured_media":625,"comment_status":"open","ping_status":"open","template":"","meta":{"_swt_meta_header_display":false,"_swt_meta_footer_display":false,"_swt_meta_site_title_display":false,"_swt_meta_sticky_header":false,"_swt_meta_transparent_header":false},"product_brand":[],"product_cat":[79,68],"product_tag":[],"class_list":{"0":"post-630","1":"product","2":"type-product","3":"status-publish","4":"has-post-thumbnail","6":"product_cat-popcorn-vending-machine","7":"product_cat-vending-machine","9":"first","10":"instock","11":"shipping-taxable","12":"product-type-simple"},"_links":{"self":[{"href":"https:\/\/www.hommy.com\/de\/wp-json\/wp\/v2\/product\/630","targetHints":{"allow":["GET"]}}],"collection":[{"href":"https:\/\/www.hommy.com\/de\/wp-json\/wp\/v2\/product"}],"about":[{"href":"https:\/\/www.hommy.com\/de\/wp-json\/wp\/v2\/types\/product"}],"replies":[{"embeddable":true,"href":"https:\/\/www.hommy.com\/de\/wp-json\/wp\/v2\/comments?post=630"}],"wp:featuredmedia":[{"embeddable":true,"href":"https:\/\/www.hommy.com\/de\/wp-json\/wp\/v2\/media\/625"}],"wp:attachment":[{"href":"https:\/\/www.hommy.com\/de\/wp-json\/wp\/v2\/media?parent=630"}],"wp:term":[{"taxonomy":"product_brand","embeddable":true,"href":"https:\/\/www.hommy.com\/de\/wp-json\/wp\/v2\/product_brand?post=630"},{"taxonomy":"product_cat","embeddable":true,"href":"https:\/\/www.hommy.com\/de\/wp-json\/wp\/v2\/product_cat?post=630"},{"taxonomy":"product_tag","embeddable":true,"href":"https:\/\/www.hommy.com\/de\/wp-json\/wp\/v2\/product_tag?post=630"}],"curies":[{"name":"wp","href":"https:\/\/api.w.org\/{rel}","templated":true}]}}