{"id":624,"date":"2024-07-02T14:42:43","date_gmt":"2024-07-02T14:42:43","guid":{"rendered":"http:\/\/localhost\/hommywp\/auto-2-flavors-popcorn-vending-machine-cost-wholesale\/"},"modified":"2025-08-01T09:57:38","modified_gmt":"2025-08-01T09:57:38","slug":"popcorn-automat-mit-2-geschmacksrichtungen","status":"publish","type":"product","link":"https:\/\/www.hommy.com\/de\/p\/popcorn-automat-mit-2-geschmacksrichtungen\/","title":{"rendered":"Auto 2 Geschmacksrichtungen Popcorn-Automat Kosten Gro\u00dfhandel"},"content":{"rendered":"<div>\n<p style=\"text-align: center\"><strong><span style=\"font-family: \u5b8b\u4f53;font-size: 29px\"><\/span><\/strong><\/p>\n<p style=\"text-align: center\"><span style=\"font-family:Calibri;font-size:29px\">24 Stunden Verkaufsautomaten <\/span><span style=\"font-family:\u5b8b\u4f53;font-size:29px\">Popcorn-Maschine <\/span><\/p>\n<p style=\"text-align: center\"><span style=\"font-family:Calibri;font-size:29px\">https:\/\/youtu.be\/jkdmDw6KefI<\/span><\/p>\n<p style=\"text-align: left\"><span style=\"font-family: Calibri;font-size: 29px\"><\/span>Unser Angebot an Popcorn-Automaten ist weithin von den Kunden gefordert, da es einfach zu bedienen ist und hat eine einfache Nachf\u00fcllm\u00f6glichkeiten. die Palette der Popcorn-Automaten ist auch in verschiedenen Gr\u00f6\u00dfen, Formen, Designs und Stile, die angepasst werden k\u00f6nnen, wie pro Ihre Bed\u00fcrfnisse. Dar\u00fcber hinaus sind die Preise der Popcorn-Automaten auch sehr viel angemessen.<\/p>\n<p><span style=\"font-family: \u5b8b\u4f53;font-size: 29px\">Produktspezifikation:<\/span><\/p>\n<p><span style=\"font-family: \u5b8b\u4f53;font-size: 29px\"><img decoding=\"async\" src=\"https:\/\/www.hommy.com\/wp-content\/uploads\/16431836941896-1.png\" alt=\"product-Hommy-img\" title=\"\"><\/span><\/p>\n<p><\/p>\n<p style=\"margin-bottom: 0px\"><span style=\"font-family: \u5b8b\u4f53;font-size: 29px\"><\/span><\/p>\n<p style=\"margin-bottom: 0px;text-align: left\"><span style=\"font-family:\u5b8b\u4f53;font-size:29px\">Produktmerkmale:<\/span><\/p>\n<p style=\"margin-bottom: 0px;text-align: left\"><strong><span style=\"font-family: Calibri;font-size: 16px\">\u25cf 21\" Bedien- und Werbebildschirm mit Androiden-System<\/span><\/strong><\/p>\n<p style=\"margin-bottom: 0px;text-align: left\"><strong><span style=\"font-family: Calibri;font-size: 16px\">\u25cf Die Tassen fallen automatisch herunter. Jede Tasse Kapazit\u00e4t : 32oz( die Maschine im Inneren kann&nbsp;<\/span><\/strong><strong><span style=\"font-family: Calibri;font-size: 16px\">100 Stk. Pappbecher aufbewahren )<\/span><\/strong><\/p>\n<p style=\"margin-bottom: 0px;text-align: left\"><strong><span style=\"font-family: Calibri;font-size: 16px\">\u25cf<\/span><\/strong><strong><span style=\"font-family: Calibri;font-size: 16px\">\u00c4u\u00dfere Abdeckung ist Edelstahl und wickeln mit sch\u00f6nen Bild.<\/span><\/strong><\/p>\n<p style=\"margin-bottom: 0px;text-align: left\"><strong><span style=\"font-family: Calibri;font-size: 16px\">\u25cf Die Maschine ist im Inneren mit einer Heizung und einem Gebl\u00e4se ausgestattet, die den Mais schnell zu Popcorn machen&nbsp;<\/span><\/strong><strong><span style=\"font-family: Calibri;font-size: 16px\">&nbsp;in nur 80 Sekunden, die Temperatur der Maschinenheizung kann auf verschiedene Arten eingestellt werden&nbsp;<\/span><\/strong><strong><span style=\"font-family: Calibri;font-size: 16px\">von Popcorn.<\/span><\/strong><\/p>\n<p style=\"margin-bottom: 0px;text-align: left\"><strong><span style=\"font-family: Calibri;font-size: 16px\">\u25cf Das Ger\u00e4t mischt das Popcorn automatisch mit den Aromen im Ger\u00e4t.<\/span><\/strong><\/p>\n<p style=\"margin-bottom: 0px;text-align: left\"><strong><span style=\"font-family: Calibri;font-size: 16px\">\u25cf Die Maschine ist im Inneren mit einer automatisch gesteuerten Heizung ausgestattet. Design einfach und bequem zu bedienen.<\/span><\/strong><\/p>\n<p style=\"margin-bottom: 0px;text-align: left\"><strong><span style=\"font-family: Calibri;font-size: 16px\">\u25cf Zwei Schalen aus Aluminium sind gut f\u00fcr die W\u00e4rme\u00fcbertragung.<\/span><\/strong><\/p>\n<p style=\"margin-bottom: 0px;text-align: left\"><strong><span style=\"font-family: Calibri;font-size: 16px\">Die Sprache der Touchscreen-Oberfl\u00e4che kann je nach Land eingestellt werden.<\/span><\/strong><\/p>\n<p style=\"margin-bottom: 0px;text-align: left\"><strong><span style=\"font-family: Calibri;font-size: 16px\">\u25cf Zahlungssystem: M\u00fcnze, Schein, MDB f\u00fcr Kartenleser<\/span><\/strong><\/p>\n<p style=\"margin-bottom: 0px;text-align: left\"><strong><span style=\"font-family: Calibri;font-size: 16px\">\u25cf Der Mais sollte derjenige verwendet werden, der bereits mit Geschmack gemacht, und Maschine kann 2 verschiedene Geschmacksrichtungen f\u00fcr dienen&nbsp;<\/span><\/strong><strong><span style=\"font-family: Calibri;font-size: 16px\">Option: einmal s\u00fc\u00df, einmal salzig.<\/span><\/strong><\/p>\n<p style=\"margin-bottom: 0px;text-align: left\"><strong><span style=\"font-family: Calibri;font-size: 16px\">\u25cf Das Fernsystem kann die Verkaufssituation, die Erinnerung an fehlendes Material und die Einstellung der internen Maschinendaten verfolgen,&nbsp;<\/span><\/strong><strong><span style=\"font-family: Calibri;font-size: 16px\">Erinnerung an eine Maschinenst\u00f6rung.&nbsp;&nbsp;<\/span><\/strong><\/p>\n<p style=\"margin-bottom: 0px;margin-left: 96px;text-align: left\"><span style=\"font-family: Calibri;font-size: 16px\">&nbsp;<\/span><span style=\"font-family: \u5b8b\u4f53;font-size: 16px\">&nbsp; &nbsp; &nbsp; &nbsp; &nbsp; &nbsp;&nbsp;<\/span><\/p>\n<p><span style=\"font-family: \u5b8b\u4f53;font-size: 29px\">Produktvorteil:<\/span><\/p>\n<p><span style=\"font-family: \u5b8b\u4f53;font-size: 16px\">1.<\/span><span style=\"font-family: Calibri;font-size: 16px\">Zweischichtige Heizung verteilt die W\u00e4rme gleichm\u00e4\u00dfiger<\/span><\/p>\n<p><img loading=\"lazy\" decoding=\"async\" src=\"https:\/\/www.hommy.com\/wp-content\/uploads\/16431845549200.png\" title=\"\" alt=\"product-Hommy-img\" width=\"350\" height=\"366\" border=\"0\" vspace=\"0\" style=\"width: 350px;height: 366px\"><\/p>\n<p><span style=\"font-family: \u5b8b\u4f53;font-size: 16px\">2.<\/span><span style=\"font-family: \u5b8b\u4f53;font-size: 16px\">Die Maschine<\/span><span style=\"font-family: Calibri;font-size: 16px\">&nbsp;haben 3 Arten der Zahlung f\u00fcr Sie zu betreiben: Rechnung, M\u00fcnze und M\u00fcnzwechsel, Kreditkarte.<\/span><span style=\"font-family: \u5b8b\u4f53;font-size: 16px\">&nbsp;<\/span><\/p>\n<p><span style=\"font-family: \u5b8b\u4f53;font-size: 16px\"><\/span><span style=\"font-family: \u5b8b\u4f53;font-size: 16px\"><\/span><\/p>\n<p><img loading=\"lazy\" decoding=\"async\" src=\"https:\/\/www.hommy.com\/wp-content\/uploads\/16431846494554.png\" title=\"\" alt=\"produkt-Hommy-2-Geschmack Vending Popcorn Maschine-img\" width=\"350\" height=\"162\" border=\"0\" vspace=\"0\" style=\"width: 350px;height: 162px\"><\/p>\n<p><span style=\"font-family: \u5b8b\u4f53;font-size: 16px\">3.<\/span><span style=\"font-family: \u5b8b\u4f53;font-size: 16px\">Die Maschine im Inneren Heiztopf, dass die Verwendung von hochtemperaturbest\u00e4ndigen Materialien, die 200 Grad passieren kann, in der Regel die Heizung Topf Arbeitstemperatur ist 90degree bis 110 Grad.<\/span><span style=\"font-family: \u5b8b\u4f53;font-size: 16px\">&nbsp;<\/span><\/p>\n<p><img loading=\"lazy\" decoding=\"async\" src=\"https:\/\/www.hommy.com\/wp-content\/uploads\/16431846822537.jpg\" title=\"\" alt=\"product-Hommy-img\" width=\"350\" height=\"1440\" border=\"0\" vspace=\"0\" style=\"width: 350px;height: 1440px\"><\/p>\n<p><span style=\"font-family: \u5b8b\u4f53;font-size: 16px\">4.<\/span><span style=\"font-family: Calibri;font-size: 16px\">Die Maschine im Inneren kann 32OZ Tasse 100pcs halten.<\/span><\/p>\n<p><img loading=\"lazy\" decoding=\"async\" src=\"https:\/\/www.hommy.com\/wp-content\/uploads\/16431847722694.png\" title=\"\" alt=\"Produkt-2 Geschmacksrichtung Vending Popcorn Maschine-Hommy-img\" width=\"350\" height=\"1080\" border=\"0\" vspace=\"0\" style=\"width: 350px;height: 1080px\"><\/p>\n<p><span style=\"font-family: \u5b8b\u4f53;font-size: 16px\">5.<\/span><span style=\"font-family: Calibri;font-size: 16px\">&nbsp;Die Maschine im Inneren kann 2 Geschmacksrichtungen Mais f\u00fcr K\u00e4ufer zu w\u00e4hlen halten.<\/span><\/p>\n<p><img loading=\"lazy\" decoding=\"async\" src=\"https:\/\/www.hommy.com\/wp-content\/uploads\/16431849207917.png\" title=\"\" alt=\"product-Hommy-img\" width=\"350\" height=\"1024\" border=\"0\" vspace=\"0\" style=\"width: 350px;height: 1024px\"><\/p>\n<p><img loading=\"lazy\" decoding=\"async\" src=\"https:\/\/www.hommy.com\/wp-content\/uploads\/16431852367811.png\" title=\"\" alt=\"produkt-Hommy-img-1\" width=\"350\" height=\"199\" border=\"0\" vspace=\"0\" style=\"width: 350px;height: 199px\"><\/p>\n<h2>Wie viel verdient ein Eisverk\u00e4ufer pro Jahr?<\/h2>\n<p style=\"margin-top: 5px;margin-bottom: 5px\">Je nach Gr\u00f6\u00dfe und Ausf\u00fchrung der Maschine liegen die j\u00e4hrlichen Kosten f\u00fcr eine einzelne Maschine zwischen $250-$1000. Die j\u00e4hrlichen Kosten f\u00fcr den Betrieb einer Maschine liegen bei etwa $300-$400. Die Kosten f\u00fcr die Maschine und die Kosten f\u00fcr den Betrieb der Maschine machen nur einen kleinen Teil der Kosten f\u00fcr den Besitz der Maschine aus. Die Kosten f\u00fcr die Maschine und die Kosten f\u00fcr den Betrieb der Maschine machen nur einen kleinen Teil der Kosten f\u00fcr den Besitz der Maschine aus.<\/p>\n<p style=\"margin-top: 5px;margin-bottom: 5px\"><\/p>\n<h2>Wie hoch sind die Kosten f\u00fcr einen Lebensmittelautomaten?<\/h2>\n<p style=\"margin-top: 5px;margin-bottom: 5px\">Bei Gro\u00dfhandelsseiten ist der Preis weniger wichtig als die Kosten der Waren. Wenn Sie eine Pizza im Wert von $10 f\u00fcr $3 verkaufen, dann betr\u00e4gt Ihr Gewinn $7. Lebensmittelautomaten sind zu einer beliebten M\u00f6glichkeit geworden, Lebensmittel auf Veranstaltungen zu verkaufen. Automaten sind Automaten, die Speisen und Getr\u00e4nke an die Veranstaltungsbesucher verkaufen. Die Lebensmittel, die verkauft werden k\u00f6nnen, sind in der Regel vorverpackt und werden nur an die Teilnehmer der Veranstaltung ausgegeben. Das ist sehr praktisch und zeitsparend und nimmt nicht zu viel Zeit oder Energie in Anspruch.<\/p>\n<p style=\"margin-top: 5px;margin-bottom: 5px\"><\/p>\n<h2>K\u00f6nnen Sie einen Getr\u00e4nkeautomaten in Ihrer Wohnung aufstellen?&nbsp;<\/h2>\n<p style=\"margin-top: 5px;margin-bottom: 5px\">Ja, das k\u00f6nnen Sie! Der Soda Maker von Sodastream ist eine kleine Maschine, die Ihr Zuhause in einen Sodabrunnen verwandeln kann! Sie k\u00f6nnen Ihre eigene Soda, Limonade, Eistee und andere Getr\u00e4nke herstellen. Die Maschine kann auf einer Theke oder einem Schreibtisch aufgestellt werden und findet \u00fcberall Platz, auch in kleinen R\u00e4umen. Wenn Sie ein Limonadenliebhaber sind oder gerne Ihre eigenen Getr\u00e4nke zubereiten, ist dies ein tolles Geschenk!<\/p>\n<\/p><\/div>","protected":false},"excerpt":{"rendered":"<p>24 hours vending Popcorn Machine https:\/\/youtu.be\/jkdmDw6KefI Our range of popcorn vending machine is widely demanded by the clients as it is easy to operate and has easy replenishment facilities.The range of popcorn vending machine is also available in different sizes, shapes, designs and styles that can be customized as per your need. Moreover, the prices [&hellip;]<\/p>\n","protected":false},"featured_media":1966,"comment_status":"closed","ping_status":"closed","template":"","meta":{"_swt_meta_header_display":false,"_swt_meta_footer_display":false,"_swt_meta_site_title_display":false,"_swt_meta_sticky_header":false,"_swt_meta_transparent_header":false},"product_brand":[],"product_cat":[79,68],"product_tag":[],"class_list":{"0":"post-624","1":"product","2":"type-product","3":"status-publish","4":"has-post-thumbnail","6":"product_cat-popcorn-vending-machine","7":"product_cat-vending-machine","9":"first","10":"instock","11":"shipping-taxable","12":"product-type-simple"},"_links":{"self":[{"href":"https:\/\/www.hommy.com\/de\/wp-json\/wp\/v2\/product\/624","targetHints":{"allow":["GET"]}}],"collection":[{"href":"https:\/\/www.hommy.com\/de\/wp-json\/wp\/v2\/product"}],"about":[{"href":"https:\/\/www.hommy.com\/de\/wp-json\/wp\/v2\/types\/product"}],"replies":[{"embeddable":true,"href":"https:\/\/www.hommy.com\/de\/wp-json\/wp\/v2\/comments?post=624"}],"wp:featuredmedia":[{"embeddable":true,"href":"https:\/\/www.hommy.com\/de\/wp-json\/wp\/v2\/media\/1966"}],"wp:attachment":[{"href":"https:\/\/www.hommy.com\/de\/wp-json\/wp\/v2\/media?parent=624"}],"wp:term":[{"taxonomy":"product_brand","embeddable":true,"href":"https:\/\/www.hommy.com\/de\/wp-json\/wp\/v2\/product_brand?post=624"},{"taxonomy":"product_cat","embeddable":true,"href":"https:\/\/www.hommy.com\/de\/wp-json\/wp\/v2\/product_cat?post=624"},{"taxonomy":"product_tag","embeddable":true,"href":"https:\/\/www.hommy.com\/de\/wp-json\/wp\/v2\/product_tag?post=624"}],"curies":[{"name":"wp","href":"https:\/\/api.w.org\/{rel}","templated":true}]}}