{"id":616,"date":"2024-07-02T14:42:37","date_gmt":"2024-07-02T14:42:37","guid":{"rendered":"http:\/\/localhost\/hommywp\/electric-popcorn-food-vending-maker-machine-factory\/"},"modified":"2025-08-01T09:57:38","modified_gmt":"2025-08-01T09:57:38","slug":"popcorn-automat-2","status":"publish","type":"product","link":"https:\/\/www.hommy.com\/de\/p\/popcorn-automat-2\/","title":{"rendered":"Elektrischer Popcorn-Automaten Fabrik"},"content":{"rendered":"<div>\n<p style=\"text-align: center\"><strong><span style=\"font-family:\u5b8b\u4f53;font-size:29px\">Vollautomatisch <\/span><span style=\"font-family:\u5b8b\u4f53;font-size:29px\">Popcorn-Maschine<\/span><\/strong><span style=\"font-family:\u5b8b\u4f53;font-size:29px\"> <\/span><\/p>\n<p style=\"text-align: center\"><span style=\"font-family:\u5b8b\u4f53;font-size:29px\">https:\/\/youtu.be\/2y4RBREaus8<\/span><\/p>\n<p><span style=\"font-family:Calibri;font-size:29px\">&nbsp;<\/span><\/p>\n<p>Wir k\u00f6nnen unseren Kunden elektrische Popcorn-Automaten und andere Snack-Automaten anbieten.<\/p>\n<p><\/p>\n<p>Unser elektrischer Popcorn-Automat ist energieeffizienter als herk\u00f6mmliche Automaten. Sie k\u00f6nnen Popcorn mit Ihrer Kreditkarte an unseren Automaten kaufen.<\/p>\n<p><span style=\"font-family:Calibri;font-size:29px\"><\/span><\/p>\n<p><span style=\"font-family:\u5b8b\u4f53;font-size:29px\">Produktspezifikation:<\/span><\/p>\n<p><span style=\"font-family:\u5b8b\u4f53;font-size:29px\"><img decoding=\"async\" src=\"https:\/\/www.hommy.com\/wp-content\/uploads\/16431836941896.png\" alt=\"product-Hommy-img\" title=\"\"><\/span><\/p>\n<p><\/p>\n<p style=\"margin-bottom: 0px;text-align: left\"><span style=\"font-family:\u5b8b\u4f53;font-size:29px\">Produktmerkmale: <\/span><\/p>\n<p style=\"margin-bottom: 0px;text-align: left\"><span style=\"font-family:\u5b8b\u4f53;font-size:16px\">Jede Tasse Kapazit\u00e4t: 50ml, die etwa 1L Popcorn gemacht werden kann.<\/span><\/p>\n<p style=\"margin-bottom: 0px;text-align: left\"><span style=\"font-family: \u5b8b\u4f53;font-size: 16px\">Die Maschine kann 80 St\u00fcck Papiers\u00e4cke lagern.&nbsp; &nbsp; &nbsp; &nbsp; &nbsp; &nbsp;&nbsp;<\/span><\/p>\n<p style=\"margin-bottom: 0px;text-align: left\"><span style=\"font-family: \u5b8b\u4f53;font-size: 16px\">Zahlungssystem: M\u00fcnzen und Token .&nbsp; &nbsp; &nbsp; &nbsp; &nbsp; &nbsp; &nbsp; &nbsp; &nbsp; &nbsp; &nbsp; &nbsp; &nbsp; &nbsp; &nbsp; &nbsp; &nbsp; &nbsp; &nbsp; &nbsp; &nbsp; &nbsp; &nbsp; &nbsp; &nbsp; &nbsp; &nbsp; &nbsp; &nbsp; &nbsp;<\/span><\/p>\n<p style=\"margin-bottom: 0px;text-align: left\"><span style=\"font-family: \u5b8b\u4f53;font-size: 16px\">20L storge Popcorn aus rostfreiem Stahl und Au\u00dfenh\u00fclle mit sch\u00f6nem Bild.<\/span><\/p>\n<p style=\"margin-bottom: 0px;text-align: left\"><span style=\"font-family: \u5b8b\u4f53;font-size: 16px\">Die Maschine im Inneren installieren Heizsystem und L\u00fcfter der Mais zu Popcorn gemacht ist schnell nur 60-80 Sekunden ben\u00f6tigen.<\/span><\/p>\n<p style=\"margin-bottom: 0px;text-align: left\"><span style=\"font-family: \u5b8b\u4f53;font-size: 16px\">Die Maschine im Inneren installieren automatische Kontrolle W\u00e4rme-System.<\/span><\/p>\n<p style=\"margin-bottom: 0px;text-align: left\"><span style=\"font-family: \u5b8b\u4f53;font-size: 16px\">Sch\u00fcssel aus Aluminium ist gut \u00fcbertragen W\u00e4rme.<\/span><\/p>\n<p style=\"margin-bottom: 0px;text-align: left\"><span style=\"font-family: \u5b8b\u4f53;font-size: 16px\">Die Maschine oben haben gef\u00fchrt Werbetafel, die 10 Farbe haben, um f\u00fcr Ihr zu \u00e4ndern, um es einzustellen.&nbsp;&nbsp;<\/span><\/p>\n<p style=\"margin-bottom: 0px;text-align: left\"><span style=\"font-family:\u5b8b\u4f53;font-size:16px\">Energieeinsparung .<\/span><\/p>\n<p style=\"margin-bottom: 0px;text-align: left\"><span style=\"font-family: \u5b8b\u4f53;font-size: 16px\">Einfaches Design und komfortable Bedienung.<\/span><\/p>\n<p style=\"margin-bottom: 0px;margin-left: 96px;text-align: left\"><span style=\"font-family:Calibri;font-size:16px\">&nbsp;<\/span><\/p>\n<p style=\"margin-bottom: 0px;margin-left: 96px;text-align: left\"><span style=\"font-family:\u5b8b\u4f53;font-size:16px\">&nbsp; &nbsp; &nbsp; &nbsp; &nbsp; &nbsp;&nbsp;<\/span><\/p>\n<p style=\"text-align: left\"><span style=\"font-family:\u5b8b\u4f53;font-size:29px\">Produktvorteil:<\/span><\/p>\n<p><span style=\"font-family:\u5b8b\u4f53;font-size:16px\">1.<\/span><span style=\"font-family:\u5b8b\u4f53;font-size:16px\">Led-Werbetafel, die 10 Farbe zu \u00e4ndern, damit Sie es anpassen, k\u00f6nnen Sie mehr Kunden anziehen.<\/span><\/p>\n<p><img loading=\"lazy\" decoding=\"async\" src=\"https:\/\/www.hommy.com\/wp-content\/uploads\/16431838332716.jpg\" title=\"\" alt=\"product-Hommy-img\" width=\"350\" height=\"1920\" border=\"0\" vspace=\"0\" style=\"width: 350px;height: 1920px\"><\/p>\n<p><span style=\"font-family:\u5b8b\u4f53;font-size:16px\">2.<\/span><span style=\"font-family:\u5b8b\u4f53;font-size:16px\">Die Maschine im Inneren Zahlung, die M\u00fcnze und Token akzeptieren k\u00f6nnen, k\u00f6nnen Sie Token verwenden, um die F\u00f6rderung f\u00fcr tun&nbsp;<\/span><span style=\"font-family: \u5b8b\u4f53;font-size: 16px\">Ihre Maschine .<\/span><\/p>\n<p><img loading=\"lazy\" decoding=\"async\" src=\"https:\/\/www.hommy.com\/wp-content\/uploads\/16431838925853.jpg\" title=\"\" alt=\"produkt-Hommy-Verkaufsautomat Popcorn-Maschine-img\" width=\"350\" height=\"960\" border=\"0\" vspace=\"0\" style=\"width: 350px;height: 960px\"><\/p>\n<p><span style=\"font-family:\u5b8b\u4f53;font-size:16px\">3.<\/span><span style=\"font-family:\u5b8b\u4f53;font-size:16px\">Die Maschine im Inneren Heiztopf, dass die Verwendung von hochtemperaturbest\u00e4ndigen Materialien, die 200 Grad passieren kann, in der Regel die Heizung Topf Arbeitstemperatur ist 90degree bis 110 Grad. &nbsp;<\/span><\/p>\n<p><img loading=\"lazy\" decoding=\"async\" src=\"https:\/\/www.hommy.com\/wp-content\/uploads\/16431839165370.jpg\" title=\"\" alt=\"Produkt-Verkaufsautomat Popcornmaschine-Hommy-img\" width=\"350\" height=\"1440\" border=\"0\" vspace=\"0\" style=\"width: 350px;height: 1440px\"><\/p>\n<p><span style=\"font-family:\u5b8b\u4f53;font-size:16px\">4.<\/span><span style=\"font-family:\u5b8b\u4f53;font-size:16px\">Wir k\u00f6nnen verschiedene Sprachen f\u00fcr die Maschine einrichten, um die Bedienung zu erlernen.<\/span><\/p>\n<p><span style=\"font-family:\u5b8b\u4f53;font-size:16px\"><img loading=\"lazy\" decoding=\"async\" src=\"https:\/\/www.hommy.com\/wp-content\/uploads\/16431839561330.png\" title=\"\" alt=\"product-Hommy-img\" width=\"350\" height=\"313\" border=\"0\" vspace=\"0\" style=\"width: 350px;height: 313px\">&nbsp;&nbsp;<\/span><\/p>\n<p><span style=\"font-family:\u5b8b\u4f53;font-size:16px\">5.<\/span><span style=\"font-family:\u5b8b\u4f53;font-size:16px\">Die Maschine im Inneren haben gr\u00f6\u00dfere storge Popcorn: 20L, die etwa 400pcs Taschen gemacht werden kann.<\/span><\/p>\n<p><img loading=\"lazy\" decoding=\"async\" src=\"https:\/\/www.hommy.com\/wp-content\/uploads\/16431839881374.jpg\" title=\"\" alt=\"product-Hommy-img\" width=\"350\" height=\"750\" border=\"0\" vspace=\"0\" style=\"width: 350px;height: 750px\"><\/p>\n<p><span style=\"font-family:\u5b8b\u4f53;font-size:16px\">6.<\/span><span style=\"font-family:\u5b8b\u4f53;font-size:16px\">das Innere hat eine gr\u00f6\u00dfere Geldkassette und eine gr\u00f6\u00dfere Papiert\u00fcte (f\u00fcr etwa 80 St\u00fcck). <\/span><\/p>\n<p><img loading=\"lazy\" decoding=\"async\" src=\"https:\/\/www.hommy.com\/wp-content\/uploads\/16431840184030.jpg\" title=\"\" alt=\"produkt-Hommy-img-1\" width=\"350\" height=\"960\" border=\"0\" vspace=\"0\" style=\"width: 350px;height: 960px\"><\/p>\n<p><span style=\"font-family:\u5b8b\u4f53;font-size:29px\"><br \/><\/span><\/p>\n<h2>Brauche ich eine Lizenz, um in Ontario selbstgemachte Lebensmittel zu verkaufen?<\/h2>\n<p style=\"margin-top: 5px;margin-bottom: 5px\"><\/p>\n<p style=\"margin-top: 5px;margin-bottom: 5px\">Vielleicht fragen Sie sich, ob Sie eine Lizenz oder ein Zertifikat f\u00fcr den Umgang mit Lebensmitteln ben\u00f6tigen, um in Ontario hausgemachte Lebensmittel zu verkaufen. Wenn Sie wie ich sind, haben Sie sich dar\u00fcber wahrscheinlich noch nie Gedanken gemacht. Wenn Sie jedoch in der Lebensmittelbranche t\u00e4tig sind, haben Sie wahrscheinlich schon mehr als einmal dar\u00fcber nachgedacht.<\/p>\n<p style=\"margin-top: 5px;margin-bottom: 5px\"><\/p>\n<h2>Ist Popcorn ein rentables Gesch\u00e4ft?<\/h2>\n<p style=\"margin-top: 5px;margin-bottom: 5px\"><\/p>\n<p style=\"margin-top: 5px;margin-bottom: 5px\">Popcorn ist ein einfaches Lebensmittel, das Spa\u00df macht und Spa\u00df macht, aber kann es auch profitabel sein? Kann man mit dem Verkauf von Popcorn Geld verdienen?<\/p>\n<p style=\"margin-top: 5px;margin-bottom: 5px\"><\/p>\n<p style=\"margin-top: 5px;margin-bottom: 5px\">Popcorn ist eines der Lebensmittel, die viele von uns gerne essen. Einige von uns essen es gerne mit Freunden und der Familie, einige von uns genie\u00dfen es alleine, und einige von uns genie\u00dfen es sogar als Snack.<\/p>\n<p style=\"margin-top: 5px;margin-bottom: 5px\"><\/p>\n<p style=\"margin-top: 5px;margin-bottom: 5px\"><\/p>\n<p style=\"margin-top: 5px;margin-bottom: 5px\">Das h\u00e4ngt davon ab, wo Sie wohnen, wie viel Sie verlangen und wie viel Sie verdienen.<\/p>\n<p style=\"margin-top: 5px;margin-bottom: 5px\"><\/p>\n<p style=\"margin-top: 5px;margin-bottom: 5px\">Die offensichtliche Antwort ist, dass Sie Ihren \u00fcblichen Stundensatz f\u00fcr Ihre Dienste berechnen sollten.<\/p>\n<p style=\"margin-top: 5px;margin-bottom: 5px\"><\/p>\n<p style=\"margin-top: 5px;margin-bottom: 5px\">Dies sollte ein Ausgangspunkt sein. M\u00f6glicherweise m\u00f6chten Sie den Preis anpassen, je nachdem, wie viele Personen Sie ins Kino mitnehmen und wie viel Sie Ihrem Personal zahlen.<\/p>\n<\/p><\/div>","protected":false},"excerpt":{"rendered":"<p>Full Automatic Popcorn Machine https:\/\/youtu.be\/2y4RBREaus8 &nbsp; We can provide electric popcorn vending machine and other snack vending machines to our customers. Our electric popcorn vending machine is more energy efficient than the traditional machines. You can buy popcorn using your credit card at our vending machines. Product specificatio: Product Features: Each cup capacity :50ml that [&hellip;]<\/p>\n","protected":false},"featured_media":1965,"comment_status":"open","ping_status":"open","template":"","meta":{"_swt_meta_header_display":false,"_swt_meta_footer_display":false,"_swt_meta_site_title_display":false,"_swt_meta_sticky_header":false,"_swt_meta_transparent_header":false},"product_brand":[],"product_cat":[79,68],"product_tag":[],"class_list":{"0":"post-616","1":"product","2":"type-product","3":"status-publish","4":"has-post-thumbnail","6":"product_cat-popcorn-vending-machine","7":"product_cat-vending-machine","9":"first","10":"instock","11":"shipping-taxable","12":"product-type-simple"},"_links":{"self":[{"href":"https:\/\/www.hommy.com\/de\/wp-json\/wp\/v2\/product\/616","targetHints":{"allow":["GET"]}}],"collection":[{"href":"https:\/\/www.hommy.com\/de\/wp-json\/wp\/v2\/product"}],"about":[{"href":"https:\/\/www.hommy.com\/de\/wp-json\/wp\/v2\/types\/product"}],"replies":[{"embeddable":true,"href":"https:\/\/www.hommy.com\/de\/wp-json\/wp\/v2\/comments?post=616"}],"wp:featuredmedia":[{"embeddable":true,"href":"https:\/\/www.hommy.com\/de\/wp-json\/wp\/v2\/media\/1965"}],"wp:attachment":[{"href":"https:\/\/www.hommy.com\/de\/wp-json\/wp\/v2\/media?parent=616"}],"wp:term":[{"taxonomy":"product_brand","embeddable":true,"href":"https:\/\/www.hommy.com\/de\/wp-json\/wp\/v2\/product_brand?post=616"},{"taxonomy":"product_cat","embeddable":true,"href":"https:\/\/www.hommy.com\/de\/wp-json\/wp\/v2\/product_cat?post=616"},{"taxonomy":"product_tag","embeddable":true,"href":"https:\/\/www.hommy.com\/de\/wp-json\/wp\/v2\/product_tag?post=616"}],"curies":[{"name":"wp","href":"https:\/\/api.w.org\/{rel}","templated":true}]}}