{"id":608,"date":"2024-07-02T14:42:29","date_gmt":"2024-07-02T14:42:29","guid":{"rendered":"http:\/\/localhost\/hommywp\/commercial-5-flavors-popcorn-vending-machine-manufacturer\/"},"modified":"2025-08-01T09:57:36","modified_gmt":"2025-08-01T09:57:36","slug":"popcorn-automat-mit-5-geschmacksrichtungen","status":"publish","type":"product","link":"https:\/\/www.hommy.com\/de\/p\/popcorn-automat-mit-5-geschmacksrichtungen\/","title":{"rendered":"Kommerzielle 5 Geschmacksrichtungen Popcorn-Automat Hersteller"},"content":{"rendered":"<div>\n<p style=\"text-align: center\">\n<p><\/p>\n<div>\n<div>\n<p>Popcorn ist in Kinos im ganzen Land zu einem festen Bestandteil geworden. Unsere Selbstbedienungs-Popcornautomaten erm\u00f6glichen es den Kunden, Popcorn ohne Hilfe eines Kassierers oder Bedieners zu kaufen.<\/p>\n<p>Wir sind ein kommerzieller Popcorn-Verkaufsautomaten in China und unsere Fabrik ist mit den modernsten Maschinen der Industrie ausgestattet. Wir sind seit mehr als 20 Jahren im Gesch\u00e4ft und haben die wettbewerbsf\u00e4higsten Preise in der Branche. Dar\u00fcber hinaus beliefern wir viele gro\u00dfe Lebensmittel- und Snackunternehmen in den USA, Gro\u00dfbritannien, Kanada, Australien, Europa, Asien und S\u00fcdamerika.<\/p>\n<p>Alle Automaten werden vor dem Versand \u00fcberpr\u00fcft, getestet und repariert. Wir haben ein starkes F&amp;E-Team, wir k\u00f6nnen Ihnen mit der besten Designl\u00f6sung f\u00fcr Ihre spezifischen Anforderungen helfen.<\/p>\n<p>Dies ist eine neue gro\u00dfartige Gesch\u00e4ftsm\u00f6glichkeit, um ein eigenes Unternehmen zu gr\u00fcnden. Es gibt viele potenzielle Kunden in Ihrer N\u00e4he. Jetzt Ma\u00dfnahmen ergreifen! Kontaktieren Sie uns f\u00fcr ein Angebot, wenn Sie an unserem Produkt interessiert sind.<\/p>\n<\/div>\n<\/div>\n<p><span style=\"font-family:\u5b8b\u4f53;font-size:29px\">Produktspezifikation:<\/span><\/p>\n<p><span style=\"font-family:\u5b8b\u4f53;font-size:29px\"><img decoding=\"async\" src=\"https:\/\/www.hommy.com\/wp-content\/uploads\/16431864017723.png\" alt=\"product-Hommy-img\" title=\"\"><\/span><\/p>\n<p><\/p>\n<p style=\"margin-bottom:0;text-align:justify\"><span style=\"font-family:\u5b8b\u4f53;font-size:29px\">Produktmerkmale\uff1a<\/span><\/p>\n<p style=\"margin-bottom:0;text-align:justify\"><strong><span style=\"font-family: Calibri;font-size: 16px\">\u25cf Au\u00dfenabdeckung ist aus Edelstahl und umwickelt mit sch\u00f6nem Bild.<\/span><\/strong><\/p>\n<p style=\"margin-bottom:0;text-align:justify\"><strong><span style=\"font-family: Calibri;font-size: 16px\">\u25cf 21,5-Zoll-Betriebs- und Werbebildschirm mit Android-System<\/span><\/strong><\/p>\n<p style=\"margin-bottom:0;text-align:justify\"><strong><span style=\"font-family: Calibri;font-size: 16px\">&nbsp;-Erlauben Sie den Menschen, Aromen, Bestellmenge und Zahlungsmethode zu w\u00e4hlen<\/span><\/strong><\/p>\n<p style=\"margin-bottom:0;text-align:justify\"><strong><span style=\"font-family: Calibri;font-size: 16px\">&nbsp; -Erlauben Sie dem Bediener die Maschinendaten, den Verkaufsrekord, die Verkaufs- und Maschineneinstellung, den Fehler, die geringe Bestandsalarmierung.<\/span><\/strong><\/p>\n<p style=\"margin-bottom:0;text-align:justify\"><strong><span style=\"font-family: Calibri;font-size: 16px\">\u25cf Die Pappbecher fallen automatisch aus. (Speicherkapazit\u00e4t von 100 St\u00fcck 32 Unzen Papierbecher im Inneren)<\/span><\/strong><\/p>\n<p style=\"margin-bottom:0;text-align:justify\"><strong><span style=\"font-family: Calibri;font-size: 16px\">\u25cf<\/span><span style=\"font-size: 16px\"><span style=\"font-family:\u5b8b\u4f53\">&nbsp;<\/span><\/span><\/strong><strong><span style=\"font-family: Calibri;font-size: 16px\">Installiertes Heizsystem und Ventilator, machen Sie Mais zu Popcorn und f\u00fcgen Sie in etwa 100 bis 120 Sekunden schnell Geschmack hinzu.<\/span><\/strong><\/p>\n<p style=\"margin-bottom:0;text-align:justify\"><strong><span style=\"font-family: Calibri;font-size: 16px\">&nbsp; &nbsp;Die Maschinenheizungstemperatur kann auf der Basis verschiedener Popcorn-Arten eingestellt werden.<\/span><\/strong><\/p>\n<p style=\"margin-bottom:0;text-align:justify\"><strong><span style=\"font-family: Calibri;font-size: 16px\">\u25cf Mit 5 Geschmacksrichtungen k\u00f6nnen wir Sauce mit Popcorn verwenden, um verschiedene Geschmacksrichtungen f\u00fcr Sie zu mischen.<\/span><\/strong><\/p>\n<p style=\"margin-bottom:0;text-align:justify\"><strong><span style=\"font-family: Calibri;font-size: 16px\">\u25cf Geniales Design und einfache Bedienung.<\/span><\/strong><\/p>\n<p style=\"margin-bottom:0;text-align:justify\"><strong><span style=\"font-family: Calibri;font-size: 16px\">\u25cf Sch\u00fcssel aus Aluminium ist gut f\u00fcr die W\u00e4rme\u00fcbertragung.<\/span><\/strong><\/p>\n<p style=\"margin-bottom:0;text-align:justify\"><strong><span style=\"font-family: Calibri;font-size: 16px\">\u25cf Die Touchscreen-Schnittstellensprache kann kundenspezifisch sein.<\/span><\/strong><\/p>\n<p style=\"margin-bottom:0;text-align:justify\"><strong><span style=\"font-family: Calibri;font-size: 16px\">\u25cf Zahlungssystem: M\u00fcnzakzeptor, Banknotenakzeptor, Change Coin, MDB-Schnittstelle f\u00fcr Kartenleser.&nbsp; &nbsp;<\/span><\/strong><\/p>\n<p style=\"margin-bottom:0;text-align:justify\"><strong><span style=\"font-family: Calibri;font-size: 16px\">\u25cf Fern\u00fcberwachungssystem mit WLAN verbinden, Betreiber zur Online-\u00dcberpr\u00fcfung der Daten, geringer Lagerbestand<\/span><\/strong><\/p>\n<p style=\"margin-bottom:0;text-align:justify\"><strong><span style=\"font-family: Calibri;font-size: 16px\">&nbsp; &nbsp; &nbsp;und Maschinenst\u00f6rungserinnerung kann an das Handy gesendet werden.&nbsp;&nbsp;<\/span><\/strong><\/p>\n<p style=\"margin-bottom:0;margin-left:96px;text-align:justify\"><span style=\"font-family:Calibri;font-size:16px\">&nbsp;<\/span><span style=\"font-family: \u5b8b\u4f53;font-size: 16px\">&nbsp; &nbsp; &nbsp; &nbsp; &nbsp; &nbsp;<\/span><\/p>\n<p><span style=\"font-family:\u5b8b\u4f53;font-size:29px\">Produktvorteil:<\/span><\/p>\n<p><span style=\"font-family: Calibri;font-size: 16px\">1.&nbsp;<\/span><span style=\"font-family: Calibri;font-size: 16px\">Zweischichtige Heizung verteilt die W\u00e4rme gleichm\u00e4\u00dfiger<\/span><\/p>\n<p><img loading=\"lazy\" decoding=\"async\" src=\"https:\/\/www.hommy.com\/wp-content\/uploads\/16431867316937.png\" title=\"\" alt=\"product-Hommy-img\" width=\"350\" height=\"366\" border=\"0\" vspace=\"0\" style=\"width: 350px;height: 366px\"><\/p>\n<p><span style=\"font-family:\u5b8b\u4f53;font-size:16px\">1.&nbsp;<\/span><span style=\"font-family:\u5b8b\u4f53;font-size:16px\">Die Maschine<\/span><span style=\"font-family:Calibri;font-size:16px\">&nbsp;haben 3 Arten der Zahlung f\u00fcr Sie zu betreiben: Rechnung, M\u00fcnze und M\u00fcnzwechsel, Kreditkarte.<\/span><span style=\"font-family:\u5b8b\u4f53;font-size:16px\">&nbsp;<\/span><\/p>\n<p><img loading=\"lazy\" decoding=\"async\" src=\"https:\/\/www.hommy.com\/wp-content\/uploads\/16431867566200.png\" title=\"\" alt=\"product-Hommy-img\" width=\"350\" height=\"162\" border=\"0\" vspace=\"0\" style=\"width: 350px;height: 162px\"><\/p>\n<p><span style=\"font-family:\u5b8b\u4f53;font-size:16px\">2.&nbsp;<\/span><span style=\"font-family:\u5b8b\u4f53;font-size:16px\">Die Maschine im Inneren Heiztopf, dass die Verwendung von hochtemperaturbest\u00e4ndigen Materialien, die 200 Grad passieren kann, in der Regel die Heizung Topf Arbeitstemperatur ist 90degree bis 110 Grad. &nbsp;<\/span><\/p>\n<p><img loading=\"lazy\" decoding=\"async\" src=\"https:\/\/www.hommy.com\/wp-content\/uploads\/16431867774526.jpg\" title=\"\" alt=\"product-Hommy-img\" width=\"350\" height=\"1440\" border=\"0\" vspace=\"0\" style=\"width: 350px;height: 1440px\"><\/p>\n<p><span style=\"font-family:Calibri;font-size:16px\">3.&nbsp;<\/span><span style=\"font-family:Calibri;font-size:16px\">&nbsp;Die Maschine im Inneren kann 32OZ Tasse 100pcs halten. <\/span><\/p>\n<p><span style=\"font-family:\u5b8b\u4f53;font-size:16px\"><img loading=\"lazy\" decoding=\"async\" src=\"https:\/\/www.hommy.com\/wp-content\/uploads\/16431868692645.png\" title=\"\" alt=\"Produkt-Hommy-5 Geschmacksverkauf Popcorn Maschine-img\" width=\"350\" height=\"1080\" border=\"0\" vspace=\"0\" style=\"width: 350px;height: 1080px\">&nbsp;&nbsp;<\/span><\/p>\n<p><span style=\"font-family:Calibri;font-size:16px\">4.&nbsp;<\/span><span style=\"font-family:Calibri;font-size:16px\">&nbsp;Die Maschine im Inneren kann 5 Geschmacksmais f\u00fcr den K\u00e4ufer behalten.<\/span><\/p>\n<p><img loading=\"lazy\" decoding=\"async\" src=\"https:\/\/www.hommy.com\/wp-content\/uploads\/16431869912947.png\" title=\"\" alt=\"Produkt-5 Geschmacksverkauf Popcorn-Maschine-Hommy-img\" width=\"350\" height=\"1024\" border=\"0\" vspace=\"0\" style=\"width: 350px;height: 1024px\"><\/p>\n<div>\n<div>\n<h2 class=\"otl-heading\" style=\"text-indent: 0em;padding-left: 0em\">K\u00f6nnen Popcorn-Verkaufsautomaten in Mehrfamilienh\u00e4usern installiert werden?<\/h2>\n<p>Ja, das ist m\u00f6glich, aber es erfordert viel Planung und Koordination. Das Wichtigste ist, dass der Automat in einem \u00f6ffentlichen Bereich des Geb\u00e4udes (und nicht hinter dem Aufzug oder in einem privaten B\u00fcro) aufgestellt wird, damit die Benutzer ihn problemlos nutzen k\u00f6nnen. Au\u00dferdem m\u00fcssen Sie einen Mechanismus installieren, der die Maschine bei Nichtgebrauch verriegeln kann.<\/p>\n<p><\/p>\n<h2 class=\"otl-heading\" style=\"text-indent: 0em;padding-left: 0em\">Welches \u00d6l verwenden Sie f\u00fcr Popcornmaschinen?<\/h2>\n<p>Es gibt verschiedene Arten von \u00d6l f\u00fcr Popcorn-Maschinen, aber die meisten verhindern, dass die Kernel auftauchen.<\/p>\n<p>\u2022 Autoklaviertes \u00d6l \u2013 Dies wird f\u00fcr die meisten Maschinen empfohlen.<\/p>\n<p>\u2022 Polyethylenglykol \u2013 Dies wird in der Regel auf \u00e4lteren, manuellen Maschinen verwendet.<\/p>\n<p>\u2022 Mineral\u00f6l \u2013 Auch diese wird h\u00e4ufig f\u00fcr manuelle Maschinen verwendet.<\/p>\n<p>Sie k\u00f6nnen auch Oliven\u00f6l verwenden, das f\u00fcr eine kleinere Menge an Kernen empfohlen wird.<\/p>\n<p><\/p>\n<h2 class=\"otl-heading\" style=\"text-indent: 0em;padding-left: 0em\">Ist Popcorn ein rentables Gesch\u00e4ft?<\/h2>\n<p>Popcorn ist ein sehr beliebter Snack, und eine wachsende Anzahl von Menschen wendet sich als ges\u00fcndere Alternative zu traditionellen Snacks. Es wird auch bei Kinog\u00e4ngern immer beliebter und wird sogar in einigen Lebensmittelgesch\u00e4ften verkauft - es ist also definitiv eine gute Gesch\u00e4ftsidee.<\/p>\n<p><\/p>\n<h2 class=\"otl-heading\" style=\"text-indent: 0em;padding-left: 0em\">Sind Apartmentkomplexe gute Standorte f\u00fcr Popcorn-Automaten?<\/h2>\n<p>Die Antwort ist ja. Wenn Sie einen Popcorn-Automaten in einem Apartmentkomplex einrichten m\u00f6chten, sollten Sie zuerst den Bereich untersuchen, um herauszufinden, ob es Vorschriften oder Regeln f\u00fcr Verkaufsautomaten gibt. Au\u00dferdem sollten Sie einen Ort finden, der sich relativ nahe am Eingang des Geb\u00e4udes befindet und von den Bewohnern gut betreut wird.<\/p>\n<\/div>\n<\/div>\n<p><\/p>\n<\/p><\/div>","protected":false},"excerpt":{"rendered":"<p>Popcorn has become a staple at movie theaters across the country. Our self-service popcorn vending machines allow customers to purchase popcorn without assistance from a cashier or server. We are a Commercial Popcorn Vending Machine manufacturer in China and our factory is equipped with the most advanced machinery in the industry. We have been in [&hellip;]<\/p>\n","protected":false},"featured_media":1964,"comment_status":"open","ping_status":"open","template":"","meta":{"_swt_meta_header_display":false,"_swt_meta_footer_display":false,"_swt_meta_site_title_display":false,"_swt_meta_sticky_header":false,"_swt_meta_transparent_header":false},"product_brand":[],"product_cat":[79,68],"product_tag":[],"class_list":{"0":"post-608","1":"product","2":"type-product","3":"status-publish","4":"has-post-thumbnail","6":"product_cat-popcorn-vending-machine","7":"product_cat-vending-machine","9":"first","10":"instock","11":"shipping-taxable","12":"product-type-simple"},"_links":{"self":[{"href":"https:\/\/www.hommy.com\/de\/wp-json\/wp\/v2\/product\/608","targetHints":{"allow":["GET"]}}],"collection":[{"href":"https:\/\/www.hommy.com\/de\/wp-json\/wp\/v2\/product"}],"about":[{"href":"https:\/\/www.hommy.com\/de\/wp-json\/wp\/v2\/types\/product"}],"replies":[{"embeddable":true,"href":"https:\/\/www.hommy.com\/de\/wp-json\/wp\/v2\/comments?post=608"}],"wp:featuredmedia":[{"embeddable":true,"href":"https:\/\/www.hommy.com\/de\/wp-json\/wp\/v2\/media\/1964"}],"wp:attachment":[{"href":"https:\/\/www.hommy.com\/de\/wp-json\/wp\/v2\/media?parent=608"}],"wp:term":[{"taxonomy":"product_brand","embeddable":true,"href":"https:\/\/www.hommy.com\/de\/wp-json\/wp\/v2\/product_brand?post=608"},{"taxonomy":"product_cat","embeddable":true,"href":"https:\/\/www.hommy.com\/de\/wp-json\/wp\/v2\/product_cat?post=608"},{"taxonomy":"product_tag","embeddable":true,"href":"https:\/\/www.hommy.com\/de\/wp-json\/wp\/v2\/product_tag?post=608"}],"curies":[{"name":"wp","href":"https:\/\/api.w.org\/{rel}","templated":true}]}}