{"id":601,"date":"2024-07-02T14:15:02","date_gmt":"2024-07-02T14:15:02","guid":{"rendered":"http:\/\/localhost\/hommywp\/commercial-automated-soft-ice-cream-machine-for-sale-hommy-brand\/"},"modified":"2025-08-01T09:57:36","modified_gmt":"2025-08-01T09:57:36","slug":"gewerbliche-eismaschine-hm701","status":"publish","type":"product","link":"https:\/\/www.hommy.com\/de\/p\/gewerbliche-eismaschine-hm701\/","title":{"rendered":"Kommerzielle automatisierte Softeismaschine zu verkaufen Hommy Brand"},"content":{"rendered":"<div>\n<p style=\"text-align: center\"><\/p>\n<h2 style=\"text-align: center\"><span style=\"font-size: 24px;font-family: arial, helvetica, sans-serif\"><strong><span style=\"font-size: 24px;letter-spacing: 0px\"><a name=\"Small ice cream machine\"><\/a>Kleine Speiseeismaschine<\/span><\/strong><\/span><\/h2>\n<p style=\"text-align: center\"><a href=\"#Small ice cream machine\" target=\"_self\" data-lv=\"0\" rel=\"noopener\"><span style=\"letter-spacing: 0px;font-family: arial, helvetica, sans-serif;font-size: 16px\">Kleine Speiseeismaschine<\/span><\/a><span style=\"letter-spacing: 0px;font-family: arial, helvetica, sans-serif;font-size: 16px\">|<a href=\"#PRODUCT FEATURES\" target=\"_self\" data-lv=\"0\" rel=\"noopener\">PRODUKTMERKMALE<\/a>|<a href=\"#Soft Serve Freezer Frozen Yogurt Freezer Pre-cooling\" target=\"_self\" data-lv=\"0\" rel=\"noopener\">Gefrierschrank f\u00fcr Softeis Gefrierschrank f\u00fcr Joghurt Vork\u00fchlung<\/a>|<a href=\"#PRODUCT SPECIFICATION\" target=\"_self\" data-lv=\"0\" rel=\"noopener\">PRODUKTSPEZIFIKATION<\/a>|<a href=\"#PRODUCT ADVANTAGE\" target=\"_self\" data-lv=\"0\" rel=\"noopener\">PRODUKTVORTEIL<\/a><\/span><\/p>\n<p style=\"text-align: center\">&nbsp;&nbsp;&nbsp;&nbsp;<\/p>\n<p style=\"text-align: center\">\n<p style=\"text-align: center\">&nbsp; &nbsp;&nbsp;<\/p>\n<p style=\"text-align: left\">Wir sind auch einer der f\u00fchrenden Hersteller und Lieferanten von <a style=\"color:blue\" href=\"\/de\/\">Eiscreme-Maschine<\/a>Wir haben eine breite Palette von Eiscreme-Maschinen, die zu marktf\u00fchrenden Preisen erh\u00e4ltlich sind. Sie k\u00f6nnen sogar availalbe als pro Ihr bevorzugtes Datum der Lieferung sein. Wir sind sehr gut mit den Qualit\u00e4tsspezifikationen und Qualit\u00e4tsanforderungen unserer Kunden versiert und bem\u00fchen uns, jedes einzelne Kriterium mit jeder Maschine zu erf\u00fcllen.&nbsp;&nbsp; &nbsp; &nbsp; &nbsp; &nbsp; &nbsp; &nbsp; &nbsp;&nbsp;&nbsp; &nbsp; &nbsp;<\/p>\n<h2><span style=\"font-family: arial, helvetica, sans-serif\"><strong><span style=\"font-size: 24px\"><a name=\"PRODUCT FEATURES\"><\/a>PRODUKTMERKMALE<\/span><\/strong><\/span><br \/><\/h2>\n<p><span style=\"font-size: 22px\"><span style=\"font-family: Helvetica;font-size: 16px\"><\/span><\/span><\/p>\n<p style=\"margin-top:0;margin-right:0;margin-bottom:10px;margin-left:0;text-indent:0\"><span style=\"font-family: Helvetica;letter-spacing: 0;font-size: 16px\">Hommy hat ein professionelles Team f\u00fcr die Produktentwicklung. Es gibt professionelle K\u00e4ltetechniker, Software-Ingenieure und Bauingenieure, die sicherstellen, dass die Produktqualit\u00e4t stabil und dauerhaft ist. Gleichzeitig wird das personalisierte Design hinzugef\u00fcgt, um den zuk\u00fcnftigen Kundendienst zu erleichtern. Hommy Eiscreme-Maschine ist des Vertrauens w\u00fcrdig.<\/span><\/p>\n<p><\/p>\n<div class=\"d-tem01-graphic tem01-graphic mockup\" data-detail=\"wrap\">\n<div class=\"cont-section clearfix d-clearfix\">\n<div class=\"col-md-6 col-sm-6 col-xs-6\">\n<div class=\"right-p\">\n<div class=\"h2 heading\" style=\"text-align: center\"><img decoding=\"async\" src=\"https:\/\/www.hommy.com\/wp-content\/uploads\/16002442948830.jpg\" alt=\"product-Hommy-img\" title=\"\" style=\"font-size: 14px\"><span style=\"font-size: 14px\">&nbsp; &nbsp; &nbsp; &nbsp; &nbsp; &nbsp; &nbsp;<\/span><\/div>\n<\/div>\n<\/div>\n<div class=\"col-md-6 col-sm-6 col-xs-6\">\n<div class=\"right-p\">\n<div class=\"h2 heading\">\n<div class=\"col-md-6 col-sm-6 col-xs-6\" style=\"width: 820px\">\n<h2 style=\"text-align: left\"><strong><span style=\"font-family: arial, helvetica, sans-serif;font-size: 24px\">&nbsp; &nbsp; &nbsp;<a name=\"Soft Serve Freezer Frozen Yogurt Freezer Pre-cooling\"><\/a>Gefrierschrank f\u00fcr Softeis Gefrierschrank f\u00fcr Joghurt<\/span><\/strong><\/h2>\n<\/div>\n<div class=\"col-md-6 col-sm-6 col-xs-6\" style=\"width: 820px\">\n<div class=\"right-p\" style=\"padding: 0px 0px 0px 30px\">\n<div class=\"h2 heading\" style=\"margin: 0px 0px 15px;font-size: 22px\">\n<h2 style=\"text-align: left\"><span style=\"font-size: 24px;font-family: arial, helvetica, sans-serif\"><strong><span style=\"font-size: 24px\">Vork\u00fchlung, Mischer,<\/span><span style=\"font-size: 24px\">&nbsp;<\/span><span style=\"font-size: 24px\">Z\u00e4hler, W\u00e4rmebehandlung, Auftauen, Desinfektion<\/span><\/strong><\/span><\/h2>\n<h2 style=\"text-align: left\"><strong><span style=\"font-family: arial, helvetica, sans-serif;font-size: 24px\">Merkmale:<\/span><\/strong><\/h2>\n<p style=\"margin-left: 32px;text-align: left\"><span style=\"font-family: Calibri;font-size: 16px\">- Produktangebot: Angebot aller beliebten Softeis-Variationen von Eiscreme bis zu fettarmem oder fettfreiem Frozen Yogurt.<\/span><\/p>\n<p style=\"margin-left: 32px;text-align: left\"><span style=\"font-family: Calibri;font-size: 16px\">- Geschmacksrichtung: Einzelne Geschmacksrichtung servieren.<\/span><\/p>\n<p style=\"margin-left: 32px;text-align: left\"><span style=\"font-family: Calibri;font-size: 16px\">- Mischtrichter: Ein Fassungsverm\u00f6gen von 13 Einstreu (13,7 Quart, 3,43 Gallonen)<\/span><\/p>\n<p style=\"margin-left: 32px;text-align: left\"><span style=\"font-family: Calibri;font-size: 16px\">- Gefrierzylinder: Ein Fassungsverm\u00f6gen von 1,8 Litern<\/span><\/p>\n<p style=\"text-align: left\"><span style=\"font-family: Calibri;font-size: 16px\">Elektronische Steuerung:<\/span><\/p>\n<p style=\"margin-left: 32px;text-align: left\"><span style=\"font-family: Calibri;font-size: 16px\">- Die Temperaturen in den Trichtern oder Gefrierzylindern k\u00f6nnen an jedem beliebigen Punkt des Betriebs angezeigt werden.<\/span><\/p>\n<p style=\"margin-left: 32px;text-align: left\"><span style=\"font-family: Calibri;font-size: 16px\">- Bietet die erforderliche Viskosit\u00e4t f\u00fcr Portionen.<\/span><\/p>\n<p style=\"margin-left: 32px;text-align: left\"><span style=\"font-family: Calibri;font-size: 16px\">- F\u00fcllstandsanzeige und Alarm. Wenn das Licht f\u00fcr den Mischvorgang blinkt, schaltet sich die Maschine automatisch ab, um Sch\u00e4den zu vermeiden.<\/span><\/p>\n<p style=\"text-align: left\"><span style=\"font-family: Calibri;font-size: 16px\">Standby-Modus:<\/span><\/p>\n<p style=\"text-align: left\"><span style=\"font-family: Calibri;font-size: 16px\">W\u00e4hrend l\u00e4ngerer Stillstandszeiten sorgt die Standby-Funktion f\u00fcr sichere Produkttemperaturen im Mischtrichter und im Gefrierzylinder.<\/span><\/p>\n<p style=\"margin-left: 32px;text-align: left\"><span style=\"font-family: Calibri;font-size: 16px\">- Druckschutzfunktion f\u00fcr das K\u00fchlsystem.<\/span><\/p>\n<p style=\"margin-left: 32px;text-align: left\"><span style=\"font-family: Calibri;font-size: 16px\">- Die robuste Konstruktion mit Edelstahlabdeckung ist ein modernes und<\/span><span style=\"font-family: \u5b8b\u4f53;font-size: 16px\">&nbsp;<\/span><span style=\"font-family: Calibri;font-size: 16px\">luxuri\u00f6ses \u00c4u\u00dferes<\/span><\/p>\n<p style=\"text-align: left\"><span style=\"font-family: Calibri;font-size: 16px\">Funktionen:<\/span><\/p>\n<p style=\"text-align: left\"><span style=\"font-family: Calibri;font-size: 16px\">Das Vork\u00fchlsystem h\u00e4lt die Mischung im Auto- und Standby-Modus unter 5\u00b0C.<\/span><\/p>\n<p style=\"text-align: left\"><span style=\"font-family: Calibri;font-size: 16px\">Der Mischer sorgt f\u00fcr eine gleichm\u00e4\u00dfige Mischung in den Trichtern.<\/span><\/p>\n<p style=\"text-align: left\"><span style=\"font-family: Calibri;font-size: 16px\">Die W\u00e4rmebehandlung bietet eine t\u00e4gliche Reinigungsroutine, um das Produkt gem\u00e4\u00df den Qualit\u00e4ts- und Sicherheitsstandards bis zu zwei Wochen vor der vollst\u00e4ndigen Reinigung mit Demontage zu erhalten.<\/span><\/p>\n<p style=\"text-align: left\"><span style=\"font-family: Calibri;font-size: 16px\">Entfrosten<\/span><\/p>\n<p style=\"margin-left: 32px;text-align: left\"><span style=\"font-family: Calibri;font-size: 16px\">- Die Produktionsabtauung l\u00e4sst das Produkt in beiden Zylindern schnell schmelzen und<\/span><span style=\"font-family: \u5b8b\u4f53;font-size: 16px\">&nbsp;<\/span><span style=\"font-family: Calibri;font-size: 16px\">Trichter und geht dann zur\u00fcck in den Produktionsmodus, um sich zu reproduzieren.<\/span><\/p>\n<p style=\"margin-left: 32px;text-align: left\"><span style=\"font-family: Calibri;font-size: 16px\">- Das Abtauen durch Waschen l\u00e4sst das Produkt in den Zylindern schnell schmelzen.<\/span><span style=\"font-family: \u5b8b\u4f53;font-size: 16px\">&nbsp;<\/span><span style=\"font-family: Calibri;font-size: 16px\">verringert die Anzahl der R\u00fcckst\u00e4nde vor der Reinigung erheblich.<\/span><\/p>\n<p style=\"text-align: left\"><span style=\"font-family: Calibri;font-size: 16px\">Desinfektion<\/span><\/p>\n<p style=\"margin-left: 32px;text-align: left\"><span style=\"font-family: Calibri;font-size: 16px\">- Spezielle Funktion, die den Desinfektionsprozess halbautomatisch und einfach macht.<\/span><\/p>\n<p style=\"text-align: left\"><span style=\"font-family: Calibri;font-size: 16px\">Demontieren Sie die Maschine nicht, um den Einf\u00fcllstutzen, das Schlagwerk und die<\/span><span style=\"font-family: \u5b8b\u4f53;font-size: 16px\">&nbsp;<\/span><span style=\"font-family: Calibri;font-size: 16px\">Zylinder.<\/span><\/p>\n<p><span style=\"font-family: Calibri;font-size: 16px\"><br \/><\/span><\/div>\n<\/div>\n<\/div>\n<p><span style=\"font-size: 14px\"><\/span><\/div>\n<\/div>\n<p>&nbsp; &nbsp; &nbsp; &nbsp; &nbsp;<\/p><\/div>\n<\/div>\n<\/div>\n<p><span style=\"font-size: 22px\"><\/span><\/p>\n<div class=\"d-tem03-graphic tem03-graphic mockup\" data-detail=\"wrap\">\n<div class=\"cont-section\">\n<h2 style=\"text-align: left\"><strong><span style=\"font-size: 24px;font-family: arial, helvetica, sans-serif\"><a name=\"PRODUCT SPECIFICATION\"><\/a>PRODUKTSPEZIFIKATION<\/span><\/strong><\/h2>\n<p style=\"text-align: left\"><span style=\"font-size: 24px\"><\/span><\/p>\n<p style=\"text-align: left\"><span style=\"font-family: Helvetica;letter-spacing: 0px;font-size: 16px\"><\/span><\/p>\n<p style=\"text-align: left\"><span style=\"font-family: Helvetica;letter-spacing: 0;font-size: 16px\">Hommy hat ein professionelles Team f\u00fcr die Produktentwicklung. Es gibt professionelle K\u00e4ltetechniker, Software-Ingenieure und Bauingenieure, um sicherzustellen, dass die Produktqualit\u00e4t stabil und langlebig ist. Zugleich wird das personalisierte Design hinzugef\u00fcgt<\/span><span style=\"font-family: \u5b8b\u4f53;letter-spacing: 0;font-size: 16px\">&nbsp;<\/span><span style=\"font-family: Helvetica;letter-spacing: 0;font-size: 16px\">um den k\u00fcnftigen Kundendienst zu erleichtern. Hommy Eiscreme-Maschine ist des Vertrauens w\u00fcrdig.<\/span><\/p>\n<p style=\"text-align: left\"><span style=\"font-family: Helvetica;letter-spacing: 0px;font-size: 16px\"><\/span><\/p>\n<p style=\"text-align: left\"><span style=\"font-size: 24px\"><\/span><\/p>\n<p><img decoding=\"async\" src=\"https:\/\/www.hommy.com\/wp-content\/uploads\/16001606257392-1.png\" alt=\"product-Hommy-img\" title=\"\">&nbsp; &nbsp; &nbsp;&nbsp;<\/p>\n<p style=\"text-align: left\"><\/p>\n<p style=\"text-align: left\"><span style=\"font-size: 24px\"><\/span><\/p>\n<p style=\"text-align: left\"><span style=\"font-size: 24px\"><br \/><\/span><\/p>\n<h2 style=\"text-align: left\"><strong><span style=\"font-size: 24px;font-family: arial, helvetica, sans-serif\">PRODUKTVORTEIL<\/span><\/strong><\/h2>\n<p><span style=\"font-size: 24px\"><\/span><\/p>\n<p><span style=\"font-family: Helvetica;letter-spacing: 0px;font-size: 16px\"><\/span><\/p>\n<p style=\"text-align: left\"><span style=\"font-family: Helvetica;letter-spacing: 0px\">Hommy haben produzieren Eismaschine f\u00fcr 20 Jahre Erfahrung, Vending-Eis-Maschine f\u00fcgen Sie mehr Funktion Softeis, weil kein Kerl, um die ganze Zeit zu warten. wir auf dieser Basis f\u00fcgen Sie mehr Sensor und Software verwenden, um es zu kontrollieren, die gute Qualit\u00e4t und gute Funktion ist.<\/span><\/p>\n<p style=\"text-align: left\"><span style=\"font-family: Helvetica;letter-spacing: 0px\"><\/span><\/p>\n<p><span style=\"font-family: Helvetica;letter-spacing: 0px\"><\/span><\/div>\n<\/div>\n<div class=\"d-tem01-graphic tem01-graphic mockup\" data-detail=\"wrap\">\n<div class=\"cont-section clearfix d-clearfix\">\n<div class=\"col-md-6 col-sm-6 col-xs-6\">\n<div class=\"right-p\">\n<div class=\"h2 heading\"><span style=\"letter-spacing: 0px;font-family: Helvetica;font-weight: bold;font-size: 18px\">1.&nbsp;<\/span><strong style=\"font-family: inherit;font-size: 22px\"><span style=\"font-family: Helvetica;letter-spacing: 0px;font-size: 18px\">Dehnungsrohr<\/span><\/strong><\/div>\n<p><span style=\"font-family: \u5b8b\u4f53;font-size: 16px\">Die Funktion des Expansionsrohrs ist es, Luft in den Zylinder zu blasen und mit dem Eis zu mischen, um die Expansionsrate des Eises zu erh\u00f6hen, das weicher und leckerer ist, wenn Sie es essen. Die Expansionsrate des Expansionsrohrs ist 30%-45%, und es hat drei verschiedene L\u00f6cher f\u00fcr Kunden, um die Menge der Luftzufuhr einzustellen, die bequem zu reinigen und einfach zu bedienen ist.<\/span><\/p>\n<p><span style=\"font-family: \u5b8b\u4f53;font-size: 16px\"><br \/><\/span><\/p>\n<p><span style=\"font-family: \u5b8b\u4f53;font-size: 16px\"><br \/><\/span><\/p>\n<\/div>\n<div class=\"graphic_pic animated wow bounceIn\" data-wow-delay=\".7s\">\n<p style=\"text-align:center\"><img decoding=\"async\" src=\"https:\/\/www.hommy.com\/wp-content\/uploads\/16002438458170.jpg\" alt=\"product-Hommy-img\" title=\"\"><\/p>\n<\/div>\n<\/div>\n<div class=\"col-md-6 col-sm-6 col-xs-6\">\n<div class=\"right-p\">\n<div class=\"h2 heading\"><span style=\"font-size: 22px\">2. Sensor verlassen<\/span><\/div>\n<p><span style=\"letter-spacing: 0px;font-family: \u5b8b\u4f53;font-size: 16px\">Wenn Sie verkaufen aus Eis in der Nacht das System automatische Einrichtung Pasteurisierung: Kann die Bakterien, die in der Maschine von -5\u2103 \u2192 65\u2103\u2192 -5\u2103process (desinfizieren Sie den Ladezylinder und Rohstoff im Inneren, dann k\u00fchlen, um Buchungsstatus). so k\u00f6nnen Sie die Maschine alle 14 Tage einmal zu halten.<\/span><span style=\"letter-spacing: 0px;font-family: \u5b8b\u4f53\">&nbsp;<\/span><\/p>\n<p><span style=\"letter-spacing: 0px;font-family: \u5b8b\u4f53\"><br \/><\/span><\/p>\n<p><span style=\"letter-spacing: 0px;font-family: \u5b8b\u4f53\"><br \/><\/span><\/p>\n<p><\/p>\n<\/div>\n<div class=\"graphic_pic animated wow bounceIn\" data-wow-delay=\".7s\">\n<p style=\"text-align:center\"><img decoding=\"async\" src=\"https:\/\/www.hommy.com\/wp-content\/uploads\/16002438718897.jpg\" alt=\"Produkt-HM701 gewerbliche Eismaschine-Hommy-img\" title=\"\"><\/p>\n<\/div>\n<\/div>\n<\/div>\n<\/div>\n<div class=\"d-tem01-graphic tem01-graphic mockup\" data-detail=\"wrap\">\n<div class=\"cont-section clearfix d-clearfix\">\n<div class=\"col-md-6 col-sm-6 col-xs-6\">\n<div class=\"right-p\">\n<div class=\"h2 heading\"><span style=\"font-size: 22px\">3. die Pasteurisierung<\/span><\/div>\n<p><span style=\"letter-spacing: 0px;font-family: \u5b8b\u4f53;font-size: 16px\">Wenn Sie verkaufen aus Eis in der Nacht das System automatische Einrichtung Pasteurisierung: Kann die Bakterien, die in der Maschine von -5\u2103 \u2192 65\u2103\u2192 -5\u2103process (desinfizieren Sie den Ladezylinder und Rohstoff im Inneren, dann k\u00fchlen, um Buchungsstatus). so k\u00f6nnen Sie die Maschine alle 14 Tage einmal zu halten.<\/span><span style=\"letter-spacing: 0px;font-family: \u5b8b\u4f53\">&nbsp;<\/span><\/p>\n<p><span style=\"letter-spacing: 0px;font-family: \u5b8b\u4f53\"><br \/><\/span><\/p>\n<p><span style=\"letter-spacing: 0px;font-family: \u5b8b\u4f53\">&nbsp;<\/span><\/p>\n<\/div>\n<div class=\"graphic_pic animated wow bounceIn\" data-wow-delay=\".7s\">\n<p style=\"text-align:center\"><img decoding=\"async\" src=\"https:\/\/www.hommy.com\/wp-content\/uploads\/16002438931389.jpg\" alt=\"Produkt-Hommy-HM701 gewerbliche Eismaschine-img\" title=\"\"><\/p>\n<\/div>\n<\/div>\n<div class=\"col-md-6 col-sm-6 col-xs-6\">\n<div class=\"right-p\">\n<div class=\"h2 heading\"><span style=\"font-size: 22px\">4.Controller<\/span><\/div>\n<p><span style=\"letter-spacing: 0px;font-family: \u5b8b\u4f53;font-size: 16px\">Das Bedienfeld zeigt deutlich die internen Funktionen der Maschine. Zur gleichen Zeit, die Maschine erinnert auch die Reinigungsfunktion, das Hinzuf\u00fcgen von mehr humanisierte Funktionen, wir sind auch willkommen, OEM zu tun.<\/span>&nbsp;&nbsp;<\/p>\n<p><\/p>\n<p><\/p>\n<\/div>\n<div class=\"graphic_pic animated wow bounceIn\" data-wow-delay=\".7s\">\n<p style=\"text-align:center\"><img decoding=\"async\" src=\"https:\/\/www.hommy.com\/wp-content\/uploads\/16002439163396.jpg\" alt=\"product-Hommy-img\" title=\"\"><\/p>\n<\/div>\n<\/div>\n<\/div>\n<\/div>\n<div class=\"d-tem01-graphic tem01-graphic mockup\" data-detail=\"wrap\">\n<div class=\"cont-section clearfix d-clearfix\">\n<div class=\"col-md-6 col-sm-6 col-xs-6\">\n<div class=\"right-p\">\n<p><span style=\"font-size: 22px\">5. der Mischer im Trichter<\/span><\/p>\n<p><span style=\"font-family: \u5b8b\u4f53;font-size: 16px\">Gleichm\u00e4\u00dfig mischen. Der Hochgeschwindigkeitsmischer im Trichter sorgt daf\u00fcr, dass das Material im Trichter flie\u00dft, wenn es gefriert. Das Eis wird glatter, nachdem es vollst\u00e4ndig mit Luft vermischt wurde.<\/span><\/p>\n<p><span style=\"font-family: \u5b8b\u4f53;font-size: 16px\"><br \/><\/span><\/p>\n<p><span style=\"font-family: \u5b8b\u4f53;font-size: 16px\"><br \/><\/span><\/p>\n<p><span style=\"font-family: \u5b8b\u4f53;font-size: 16px\"><br \/><\/span><\/p>\n<\/div>\n<div class=\"graphic_pic animated wow bounceIn\" data-wow-delay=\".7s\">\n<p style=\"text-align:center\"><img decoding=\"async\" src=\"https:\/\/www.hommy.com\/wp-content\/uploads\/16002439503054.jpg\" alt=\"produkt-Hommy-img-1\" title=\"\"><\/p>\n<\/div>\n<\/div>\n<div class=\"col-md-6 col-sm-6 col-xs-6\">\n<div class=\"right-p\">\n<p><span style=\"font-size: 22px\">6. optionales Zubeh\u00f6r Auspuff<\/span><\/p>\n<p><span style=\"font-family: \u5b8b\u4f53;font-size: 16px\">Installieren Sie die Eismaschine richtig. Der Abstand zwischen der Abluft\u00f6ffnung hinter der Maschine und der Wand betr\u00e4gt 1 Meter f\u00fcr die Bel\u00fcftung, aber in Wirklichkeit ist es unm\u00f6glich, diese Situation in unserem Lagerraum zu erreichen. Hommy hat einen neuen Abluftkanal f\u00fcr den t\u00e4glichen Gebrauch entworfen, um die hei\u00dfe Luft abzuf\u00fchren. Nach oben hin kann er mehr Orte versorgen, ohne Platz zu beanspruchen.<\/span><\/p>\n<p><span style=\"font-family: \u5b8b\u4f53;font-size: 16px\"><br \/><\/span><\/p>\n<p><span style=\"font-family: \u5b8b\u4f53;font-size: 16px\"><br \/><\/span><\/p>\n<\/div>\n<div class=\"graphic_pic animated wow bounceIn\" data-wow-delay=\".7s\">\n<p style=\"text-align:center\"><img decoding=\"async\" src=\"https:\/\/www.hommy.com\/wp-content\/uploads\/16002439846203.jpg\" alt=\"produkt-Hommy-img-1\" title=\"\"><\/p>\n<\/div>\n<\/div>\n<\/div>\n<\/div>\n<p><span style=\"font-family: \u5b8b\u4f53;letter-spacing: 0px;font-size: 16px\"><\/span><\/p>\n<p>Dokument\uff1a<img decoding=\"async\" src=\"https:\/\/www.hommy.com\/wp-content\/uploads\/icon_pdf-30.gif\" style=\"margin-right: 2px\" alt=\"produkt-Hommy-img-1\" title=\"\"><a href=\"https:\/\/img80002414.weyesimg.com\/uploads\/www.hommy.com\/addon\/16028097954416.pdf\" title=\"16028097954416.pdf\" style=\"font-size: 12px\">16028097954416.pdf<\/a><\/p>\n<h2>Ist Softeis echtes Speiseeis?<\/h2>\n<p style=\"margin-top: 5px;margin-bottom: 5px\">Softeis bezieht sich auf die weiche Textur von Speiseeis. Es unterscheidet sich von echtem Speiseeis und von gefrorenen Milcherzeugnissen. In diesem Artikel werden wir er\u00f6rtern, ob Softeis echtes Eis ist.<\/p>\n<p style=\"margin-top: 5px;margin-bottom: 5px\"><\/p>\n<h2>Was ist <a style=\"color:blue\" href=\"https:\/\/www.hommy.com\/de\/softeismaschine\/\">Softeismaschine f\u00fcr Speiseeis<\/a>?<\/h2>\n<p style=\"margin-top: 5px;margin-bottom: 5px\">Die Softeismaschine ist die zweite Generation der Eismaschinen, die erste war die Softeis- und die Harteismaschine, die beide zur gleichen Klasse der Eismaschinen geh\u00f6ren. <a style=\"color:blue\" href=\"https:\/\/www.hommy.com\/de\/softeismaschine\/\">Softeismaschine<\/a> Die Softeismaschine unterscheidet sich von der Softeismaschine im Wesentlichen durch die unterschiedliche Weichheit des Eises, das sie produziert. Sie wird h\u00e4ufig in Restaurants, Fast-Food-Ketten, Caf\u00e9s und anderen Orten mit gro\u00dfer Nachfrage eingesetzt.<\/p>\n<p style=\"margin-top: 5px;margin-bottom: 5px\"><\/p>\n<h2>Wie macht man Softeis?\"<\/h2>\n<p style=\"margin-top: 5px;margin-bottom: 5px\">\"Mmmm. Der beste Weg, Softeis herzustellen, ist die Verwendung eines Weichmachers. Das gebr\u00e4uchlichste ist Glycerin, aber es gibt auch andere Weichmacher wie Sorbit und Sorbitsirup. Glycerin wird dem Speiseeis bei der Herstellung zugesetzt, Sorbit wird dem Speiseeis bei der Lagerung zugesetzt.\"<\/p>\n<\/div><\/div>","protected":false},"excerpt":{"rendered":"<p>Small ice cream machine Small ice cream machine|PRODUCT FEATURES|Soft Serve Freezer Frozen Yogurt Freezer Pre-cooling|PRODUCT SPECIFICATION|PRODUCT ADVANTAGE &nbsp;&nbsp;&nbsp;&nbsp; &nbsp; &nbsp;&nbsp; We are also one of the leading manufacturers and suppliers of Ice Cream Machines.We have a wide range of Ice Cream Machines that are available at market leading prices. They can even be availalbe as [&hellip;]<\/p>\n","protected":false},"featured_media":592,"comment_status":"open","ping_status":"open","template":"","meta":{"_swt_meta_header_display":false,"_swt_meta_footer_display":false,"_swt_meta_site_title_display":false,"_swt_meta_sticky_header":false,"_swt_meta_transparent_header":false},"product_brand":[],"product_cat":[77,78],"product_tag":[],"class_list":{"0":"post-601","1":"product","2":"type-product","3":"status-publish","4":"has-post-thumbnail","6":"product_cat-ice-cream-machine","7":"product_cat-soft-ice-cream-machine","9":"first","10":"instock","11":"shipping-taxable","12":"product-type-simple"},"_links":{"self":[{"href":"https:\/\/www.hommy.com\/de\/wp-json\/wp\/v2\/product\/601","targetHints":{"allow":["GET"]}}],"collection":[{"href":"https:\/\/www.hommy.com\/de\/wp-json\/wp\/v2\/product"}],"about":[{"href":"https:\/\/www.hommy.com\/de\/wp-json\/wp\/v2\/types\/product"}],"replies":[{"embeddable":true,"href":"https:\/\/www.hommy.com\/de\/wp-json\/wp\/v2\/comments?post=601"}],"wp:featuredmedia":[{"embeddable":true,"href":"https:\/\/www.hommy.com\/de\/wp-json\/wp\/v2\/media\/592"}],"wp:attachment":[{"href":"https:\/\/www.hommy.com\/de\/wp-json\/wp\/v2\/media?parent=601"}],"wp:term":[{"taxonomy":"product_brand","embeddable":true,"href":"https:\/\/www.hommy.com\/de\/wp-json\/wp\/v2\/product_brand?post=601"},{"taxonomy":"product_cat","embeddable":true,"href":"https:\/\/www.hommy.com\/de\/wp-json\/wp\/v2\/product_cat?post=601"},{"taxonomy":"product_tag","embeddable":true,"href":"https:\/\/www.hommy.com\/de\/wp-json\/wp\/v2\/product_tag?post=601"}],"curies":[{"name":"wp","href":"https:\/\/api.w.org\/{rel}","templated":true}]}}