{"id":581,"date":"2024-07-02T14:14:55","date_gmt":"2024-07-02T14:14:55","guid":{"rendered":"http:\/\/localhost\/hommywp\/hm706b-professional-high-output-ice-cream-maker-factory-cost\/"},"modified":"2025-11-05T18:50:10","modified_gmt":"2025-11-05T18:50:10","slug":"hm706b-eiscrememaschine","status":"publish","type":"product","link":"https:\/\/www.hommy.com\/de\/p\/hm706b-eiscrememaschine\/","title":{"rendered":"Hm706b Professionelle Eiscrememaschine mit hoher Leistung Fabrikkosten"},"content":{"rendered":"<div>\n<p style=\"text-align: center\"><\/p>\n<h2 style=\"text-align: center\"><span style=\"font-family: arial, helvetica, sans-serif;font-size: 24px\"><strong><span style=\"font-family: arial, helvetica, sans-serif;letter-spacing: 0px\"><a name=\"Table top ice cream machine\"><\/a>Speiseeismaschine f\u00fcr den Tisch<\/span><\/strong><\/span><\/h2>\n<p style=\"text-align: center\"><a href=\"#Table top ice cream machine\" target=\"_self\" data-lv=\"0\" rel=\"noopener\"><span style=\"font-size: 16px;font-family: arial, helvetica, sans-serif\"><strong><span style=\"font-size: 16px;letter-spacing: 0px\">Speiseeismaschine f\u00fcr den Tisch<\/span><\/strong><\/span><\/a><span style=\"font-size: 16px;font-family: arial, helvetica, sans-serif\"><strong><span style=\"font-size: 16px;letter-spacing: 0px\">|<a href=\"#Product Features\" target=\"_self\" data-lv=\"0\" rel=\"noopener\">Produktmerkmale<\/a>|<a href=\"#Soft Serve Freezer and  Frozen Yogurt Freezer\" target=\"_self\" data-lv=\"0\" rel=\"noopener\">Gefrierschrank f\u00fcr Softeis und gefrorenen Joghurt<\/a>|<a href=\"#Product Specification\" target=\"_self\" data-lv=\"0\" rel=\"noopener\">Produkt-Spezifikation<\/a>&nbsp;<\/span><\/strong><\/span><\/p>\n<p><\/p>\n<p style=\"text-align: center\">\n<p>Diese <a style=\"color:blue\" href=\"\/de\/\">Eismaschine<\/a>s werden wegen ihrer robusten Konstruktion, ihrer einfachen Bedienung und ihrer Langlebigkeit sehr gesch\u00e4tzt. Wir sind einer der bedeutendsten Namen in der Branche. Alle unsere Produkte werden nach den neuesten Trends der Industrie entwickelt. Wir halten uns bei der Herstellung des Sortiments streng an die Qualit\u00e4tsparameter, was uns in die einzigartige Lage versetzt, die perfekte Qualit\u00e4t zu liefern. Dar\u00fcber hinaus kommt die Ausr\u00fcstung mit einer Garantie f\u00fcr K\u00fchler von 1 Jahr. Die Kunden k\u00f6nnen die Vorteile dieser Garantie von uns leicht in Anspruch nehmen.<\/p>\n<h4><strong><span style=\"font-family: \u5b8b\u4f53;letter-spacing: 0;font-size: 18px\"><\/span><\/strong><\/h4>\n<h2 style=\", Helvetica, Arial, sans-serif\"><span style=\"font-family: arial, helvetica, sans-serif;font-size: 24px\"><strong><span style=\"font-family: arial, helvetica, sans-serif;letter-spacing: 0px\"><a name=\"Product Features\"><\/a>Produkt&nbsp;<\/span><\/strong><strong><span style=\"font-family: arial, helvetica, sans-serif;letter-spacing: 0px\">Eigenschaften<\/span><\/strong><\/span><strong><span style=\"font-family: \u5b8b\u4f53;letter-spacing: 0px\">&nbsp;<\/span><\/strong><strong><span style=\"font-family: \u5b8b\u4f53;letter-spacing: 0px\">&nbsp;<\/span><\/strong><\/h2>\n<p><span style=\"font-family: Helvetica;letter-spacing: 0px;font-size: 16px\">Hommy hat ein professionelles Team f\u00fcr die Produktentwicklung. Es gibt professionelle K\u00e4ltetechniker, Software-Ingenieure und Bauingenieure, die sicherstellen, dass die Produktqualit\u00e4t stabil und dauerhaft ist. Gleichzeitig wird das personalisierte Design hinzugef\u00fcgt, um den zuk\u00fcnftigen Kundendienst zu erleichtern. Hommy <a style=\"color:blue\" href=\"\/de\/\">Speiseeismaschine<\/a> ist des Vertrauens w\u00fcrdig.<\/span><\/p>\n<p><span style=\"font-family: Helvetica;letter-spacing: 0px;font-size: 16px\"><br \/><\/span><\/p>\n<p><span style=\"font-family: Helvetica;letter-spacing: 0px;font-size: 16px\"><\/span><\/p>\n<div class=\"d-tem01-graphic tem01-graphic mockup\" data-detail=\"wrap\">\n<div class=\"cont-section clearfix d-clearfix\">\n<div class=\"col-md-6 col-sm-6 col-xs-6\">\n<div class=\"right-p\">\n<div class=\"h2 heading\"><img decoding=\"async\" src=\"https:\/\/www.hommy.com\/wp-content\/uploads\/16002465096161.jpg\" alt=\"product-Hommy-img\" style=\"font-size: 14px\" title=\"\"><span style=\"font-size: 14px\">&nbsp; &nbsp; &nbsp; &nbsp; &nbsp; &nbsp; &nbsp;<\/span><\/div>\n<\/div>\n<\/div>\n<div class=\"col-md-6 col-sm-6 col-xs-6\">\n<div class=\"right-p\">\n<div class=\"h2 heading\">\n<h2 style=\"margin-bottom: 0px;font-size: 22px;text-align: justify\"><span style=\"font-size: 24px\"><strong><span style=\"font-family: arial, helvetica, sans-serif;letter-spacing: 0px\"><a name=\"Soft Serve Freezer and  Frozen Yogurt Freezer\"><\/a>Gefrierschrank f\u00fcr Softeis und gefrorenen Joghurt<\/span><\/strong><\/span><\/h2>\n<h2 style=\"margin-bottom: 0px;font-size: 22px;text-align: justify\"><strong><span style=\"letter-spacing: 0px;font-family: arial, helvetica, sans-serif;font-size: 24px\">Twin Twist, Vork\u00fchlung, Mischer, Z\u00e4hler, W\u00e4rmebehandlung, Auftauung, Desinfektion, Fern\u00fcberwachungssystem<\/span><\/strong><\/h2>\n<h2 style=\"margin-bottom: 0px;font-size: 22px;text-align: justify\"><strong><span style=\"letter-spacing: 0px;font-family: arial, helvetica, sans-serif;font-size: 24px\">Eigenschaften<\/span><\/strong><\/h2>\n<p style=\"margin-bottom: 0px;font-size: 22px;text-align: justify\"><span style=\"font-family: \u5b8b\u4f53;letter-spacing: 0px;font-size: 16px\">-<\/span><span style=\"font-family: Calibri;letter-spacing: 0px;font-size: 16px\">Produktangebot: Angebot aller beliebten Softeis-Variationen von Eiscreme bis zu fettarmem oder fettfreiem Frozen Yogurt.<\/span><\/p>\n<p style=\"margin-bottom: 0px;font-size: 22px;text-align: justify\"><span style=\"font-family: \u5b8b\u4f53;letter-spacing: 0px;font-size: 16px\">-<\/span><span style=\"font-family: Calibri;letter-spacing: 0px;font-size: 16px\">Geschmacksrichtung: Servieren Sie zwei verschiedene Geschmacksrichtungen und einen Twist.<\/span><\/p>\n<p style=\"margin-bottom: 0px;font-size: 22px;text-align: justify\"><span style=\"font-family: \u5b8b\u4f53;letter-spacing: 0px;font-size: 16px\">-<\/span><span style=\"font-family: Calibri;letter-spacing: 0px;font-size: 16px\">Mischtrichter: Zwei 13 Wurf Kapazit\u00e4t (13.7quart, 3.43gallons)<\/span><\/p>\n<p style=\"margin-bottom: 0px;font-size: 22px;text-align: justify\"><span style=\"font-family: \u5b8b\u4f53;letter-spacing: 0px;font-size: 16px\">-<\/span><span style=\"font-family: Calibri;letter-spacing: 0px;font-size: 16px\">Gefrierzylinder: Zwei 2,8 Liter Fassungsverm\u00f6gen (3,0quart, 0,74gallons)<\/span><\/p>\n<p style=\"margin-bottom: 0px;font-size: 22px;text-align: justify\"><span style=\"font-family: \u5b8b\u4f53;letter-spacing: 0px;font-size: 16px\">-<\/span><span style=\"font-family: Calibri;letter-spacing: 0px;font-size: 16px\">15\" Farb-Touchscreen-Tablet-Controller mit Android-System.<\/span><\/p>\n<p style=\"margin-bottom: 0px;font-size: 22px;text-align: justify\"><span style=\"font-family: Calibri;letter-spacing: 0px;font-size: 16px\">- Sicherheit gew\u00e4hrleisten: Nachdem Sie alle Parameter wie gew\u00fcnscht eingestellt haben, verriegeln Sie die Steuerplatine, damit die Einstellungen nicht von anderen ge\u00e4ndert werden k\u00f6nnen.<\/span><\/p>\n<p style=\"margin-bottom: 0px;font-size: 22px;text-align: justify\"><span style=\"font-family: Calibri;letter-spacing: 0px;font-size: 16px\">Funktionen:<\/span><\/p>\n<p style=\"margin-bottom: 0px;font-size: 22px;text-align: justify\"><span style=\"font-family: \u5b8b\u4f53;letter-spacing: 0px;font-size: 16px\">-<\/span><span style=\"font-family: Calibri;letter-spacing: 0px;font-size: 16px\">Das Vork\u00fchlsystem h\u00e4lt die Mischung unter 5<\/span><span style=\"font-family: \u5b8b\u4f53;letter-spacing: 0px;font-size: 16px\">\u2103<\/span><span style=\"font-family: Calibri;letter-spacing: 0px;font-size: 16px\">&nbsp;im Auto- und Standby-Modus.<\/span><\/p>\n<p style=\"margin-bottom: 0px;font-size: 22px;text-align: justify\"><span style=\"font-family: \u5b8b\u4f53;letter-spacing: 0px;font-size: 16px\">-<\/span><span style=\"font-family: Calibri;letter-spacing: 0px;font-size: 16px\">Der Mischer sorgt f\u00fcr eine gleichm\u00e4\u00dfige Mischung in den Trichtern.<\/span><\/p>\n<p style=\"margin-bottom: 0px;font-size: 22px;text-align: justify\"><span style=\"font-family: \u5b8b\u4f53;letter-spacing: 0px;font-size: 16px\">-<\/span><span style=\"font-family: Calibri;letter-spacing: 0px;font-size: 16px\">Die W\u00e4rmebehandlung bietet eine t\u00e4gliche Reinigungsroutine, um das Produkt gem\u00e4\u00df den Qualit\u00e4ts- und Sicherheitsstandards bis zu zwei Wochen vor der vollst\u00e4ndigen Reinigung mit Demontage zu erhalten.<\/span><\/p>\n<p style=\"margin-bottom: 0px;font-size: 22px;text-align: justify\"><span style=\"font-family: \u5b8b\u4f53;letter-spacing: 0px;font-size: 16px\">-<\/span><span style=\"font-family: Calibri;letter-spacing: 0px;font-size: 16px\">Entfrosten<\/span><\/p>\n<p style=\"margin-bottom: 0px;font-size: 22px;text-align: justify\"><span style=\"font-family: Calibri;letter-spacing: 0px;font-size: 16px\">- Die Produktionsabtauung l\u00e4sst das Produkt in beiden Zylindern schnell schmelzen und geht dann zur\u00fcck in den Produktionsmodus, um zu reproduzieren.<\/span><\/p>\n<p style=\"margin-bottom: 0px;font-size: 22px;text-align: justify\"><span style=\"font-family: Calibri;letter-spacing: 0px;font-size: 16px\">- Das Abtauen durch Waschen l\u00e4sst das Produkt in den Zylindern schnell schmelzen, so dass vor der Reinigung deutlich weniger Reste \u00fcbrig bleiben.<\/span><\/p>\n<p style=\"margin-bottom: 0px;font-size: 22px;text-align: justify\"><span style=\"font-family: \u5b8b\u4f53;letter-spacing: 0px;font-size: 16px\">-<\/span><span style=\"font-family: Calibri;letter-spacing: 0px;font-size: 16px\">Desinfektion<\/span><\/p>\n<p style=\"margin-bottom: 0px;font-size: 22px;text-align: justify\"><span style=\"font-family: Calibri;letter-spacing: 0px;font-size: 16px\">- Spezielle Funktion, die den Desinfektionsprozess halbautomatisch und einfach macht.<\/span><\/p>\n<p style=\"margin-bottom: 0px;font-size: 22px;text-align: justify\"><span style=\"font-family: Calibri;letter-spacing: 0px;font-size: 16px\">- Demontieren Sie die Maschine nicht, um den Halsteil, die Luftpumpeneinheit, den Schl\u00e4ger und den Zylinder zu reinigen.<\/span><\/p>\n<p style=\"margin-bottom: 0px;font-size: 22px;text-align: justify\"><span style=\"font-family: \u5b8b\u4f53;letter-spacing: 0px;font-size: 16px\">-<\/span><span style=\"font-family: Calibri;letter-spacing: 0px;font-size: 16px\">Der Z\u00e4hler erm\u00f6glicht es dem Bediener, die Anzahl der ausgegebenen Portionen zu sehen.<\/span><\/p>\n<p style=\"margin-bottom: 0px;font-size: 22px;text-align: justify\"><span style=\"font-family: \u5b8b\u4f53;letter-spacing: 0px;font-size: 16px\">-<\/span><span style=\"font-family: Calibri;letter-spacing: 0px;font-size: 16px\">System zur Fern\u00fcberwachung:<\/span><\/p>\n<p style=\"margin-bottom: 0px;font-size: 22px;text-align: justify\"><span style=\"font-family: Calibri;letter-spacing: 0px;font-size: 16px\">- Verbinden Sie sich mit Wifi, damit Sie das Datum online \u00fcberpr\u00fcfen k\u00f6nnen.<\/span><\/p>\n<p style=\"margin-bottom: 0px;font-size: 22px;text-align: justify\"><span style=\"font-family: Calibri;letter-spacing: 0px;font-size: 16px\">- Rechtzeitige Erkennung von Maschinenfehlern und direkte \u00dcbermittlung der Arbeitsdiagnose an das \u00dcberwachungszentrum, um das Problem zu l\u00f6sen<\/span><span style=\"font-family: \u5b8b\u4f53;letter-spacing: 0px;font-size: 16px\">&nbsp;<\/span><span style=\"font-family: Calibri;letter-spacing: 0px;font-size: 16px\">Problem schneller zu l\u00f6sen.<\/span><\/p>\n<p style=\"margin-bottom: 0px;font-size: 22px;text-align: justify\"><span style=\"font-family: Calibri;letter-spacing: 0px;font-size: 16px\">- Zur \u00dcberwachung des Echtzeit-Verkaufsvolumens sowie des Fl\u00fcssigkeitsstandes in den Trichtern, die zum Nachf\u00fcllen von Material alarmieren.<\/span><\/p>\n<p><span style=\"font-size: 14px\"><\/span><\/div>\n<\/div>\n<\/div>\n<\/div>\n<\/div>\n<h4><strong><span style=\"font-family: \u5b8b\u4f53;letter-spacing: 0;font-size: 18px\"><\/span><\/strong><\/h4>\n<h2><span style=\"font-family: arial, helvetica, sans-serif;font-size: 24px\"><strong><span style=\"font-family: arial, helvetica, sans-serif;letter-spacing: 0px\"><a name=\"Product Specification\"><\/a>Produkt-Spezifikation<\/span><\/strong><\/span><strong style=\"color: inherit;font-family: inherit;font-size: 18px\"><span style=\"font-family: \u5b8b\u4f53;letter-spacing: 0px\">&nbsp;<\/span><\/strong><\/h2>\n<p style=\"margin-top:0;margin-right:0;margin-bottom:10px;margin-left:0;text-indent:0\"><span style=\"font-family: Helvetica;letter-spacing: 0;font-size: 16px\"><\/span><\/p>\n<p><span style=\"font-family: Helvetica;letter-spacing: 0;font-size: 16px\">Hommy hat ein professionelles Team f\u00fcr die Produktentwicklung. Es gibt professionelle K\u00e4ltetechniker, Software-Ingenieure und Bauingenieure, um sicherzustellen, dass die Produktqualit\u00e4t stabil und langlebig ist. Zugleich wird das personalisierte Design hinzugef\u00fcgt<\/span><span style=\"font-family: \u5b8b\u4f53;letter-spacing: 0;font-size: 16px\">&nbsp;<\/span><span style=\"font-family: Helvetica;letter-spacing: 0;font-size: 16px\">um den k\u00fcnftigen Kundendienst zu erleichtern. Hommy Eiscreme-Maschine ist des Vertrauens w\u00fcrdig.<\/span><\/p>\n<p><span style=\"font-family: Helvetica;letter-spacing: 0;font-size: 16px\"><br \/><\/span><\/p>\n<p><span style=\"font-family: inherit\"><\/span><\/p>\n<p style=\"text-align:center\"><img decoding=\"async\" src=\"https:\/\/www.hommy.com\/wp-content\/uploads\/16002452328091.png\" alt=\"product-Hommy-img\" title=\"\"><\/p>\n<p><\/p>\n<p><\/p>\n<div class=\"d-tem01-graphic tem01-graphic mockup\" data-detail=\"wrap\">\n<div class=\"cont-section clearfix d-clearfix\">\n<div class=\"col-md-6 col-sm-6 col-xs-6\">\n<div class=\"right-p\">\n<div class=\"h2 heading\">\n<p style=\"margin-bottom:13px;margin-left:0;text-indent:0\"><span style=\"font-family: Helvetica;letter-spacing: 0;font-weight: bold;font-size: 18px\">1.&nbsp;<\/span><strong><span style=\"font-family: Helvetica;letter-spacing: 0;font-size: 18px\">Dehnungsrohr<\/span><\/strong><\/p>\n<\/div>\n<p><span style=\"font-family: \u5b8b\u4f53;font-size: 16px;letter-spacing: 0px\">Die Funktion des Expansionsrohrs ist es, Luft in den Zylinder zu blasen und mit dem Eis zu mischen, um die Expansionsrate des Eises zu erh\u00f6hen, das weicher und leckerer ist, wenn Sie es essen. Die Expansionsrate des Expansionsrohrs ist 30%-45%, und es hat drei verschiedene L\u00f6cher f\u00fcr Kunden, um die Menge der Luftzufuhr einzustellen, die bequem zu reinigen und einfach zu bedienen ist.<\/span><\/p>\n<p><span style=\"font-family: \u5b8b\u4f53;font-size: 16px;letter-spacing: 0px\"><br \/><\/span><\/p>\n<p><span style=\"font-family: \u5b8b\u4f53;font-size: 16px;letter-spacing: 0px\"><br \/><\/span><\/p>\n<\/div>\n<div class=\"graphic_pic animated wow bounceIn\" data-wow-delay=\".7s\">\n<p style=\"text-align:center\"><img decoding=\"async\" src=\"https:\/\/www.hommy.com\/wp-content\/uploads\/16002467024223.jpg\" alt=\"product-Hommy-img\" title=\"\"><\/p>\n<\/div>\n<\/div>\n<div class=\"col-md-6 col-sm-6 col-xs-6\">\n<div class=\"right-p\">\n<div class=\"h2 heading\">\n<p><span style=\"font-family: Helvetica;letter-spacing: 0;font-size: 22px\">2. Senso verlassen<\/span><span style=\"font-family: \u5b8b\u4f53;letter-spacing: 0;font-size: 22px\">r<\/span><\/p>\n<\/div>\n<p><span><span style=\"font-family: \u5b8b\u4f53;letter-spacing: 0px;font-size: 16px\">Sensor haben lassen&nbsp;<\/span><span style=\"font-family: Calibri;letter-spacing: 0px;font-size: 16px\">Zweite Stufe, die erste Stufe der fehlenden Materialebene Alarm, die zweite Stufe der automatischen Abschaltung.&nbsp;<\/span><span style=\"font-family: \u5b8b\u4f53;letter-spacing: 0px;font-size: 16px\">Wenn Sie die erste Nachricht erhalten, haben Sie etwas Zeit, um Material hinzuzuf\u00fcgen, ohne dass die Maschine anhalten muss, um es zu bearbeiten.<\/span><\/span><\/p>\n<p><span><span style=\"font-family: \u5b8b\u4f53;letter-spacing: 0px;font-size: 16px\"><br \/><\/span><\/span><\/p>\n<p><span><span style=\"font-family: \u5b8b\u4f53;letter-spacing: 0px;font-size: 16px\"><br \/><\/span><\/span><\/p>\n<p><span><span style=\"font-family: \u5b8b\u4f53;letter-spacing: 0px;font-size: 16px\"><br \/><\/span><\/span><\/p>\n<p style=\"text-align:center\"><img decoding=\"async\" src=\"https:\/\/www.hommy.com\/wp-content\/uploads\/16002467515556.jpg\" alt=\"product-Hommy-img\" title=\"\" style=\"text-align: center\"><\/p>\n<\/div>\n<\/div>\n<\/div>\n<\/div>\n<div class=\"d-tem01-graphic tem01-graphic mockup\" data-detail=\"wrap\">\n<div class=\"cont-section clearfix d-clearfix\">\n<div class=\"col-md-6 col-sm-6 col-xs-6\">\n<div class=\"right-p\">\n<div class=\"h2 heading\"><span style=\"letter-spacing: 0px\">3.&nbsp;<\/span><span style=\"font-family: Helvetica;letter-spacing: 0px\">Pasteurisierung<\/span><\/div>\n<p><span><span style=\"font-family: \u5b8b\u4f53;letter-spacing: 0px;font-size: 16px\">Wenn Sie Eis in der Nacht verkaufen, wird das System automatisch eingestellt Pasteurisierung : Kann t\u00f6ten&nbsp;<\/span><span style=\"font-family: Calibri;letter-spacing: 0px;font-size: 16px\">die Bakterien&nbsp;<\/span><span style=\"font-family: \u5b8b\u4f53;letter-spacing: 0px;font-size: 16px\">dass&nbsp;<\/span><span style=\"font-family: Calibri;letter-spacing: 0px;font-size: 16px\">produzieren<\/span><span style=\"letter-spacing: 0px;font-size: 16px\"><span style=\"font-family:\u5b8b\u4f53\">&nbsp;<\/span><\/span><span style=\"font-family: Calibri;letter-spacing: 0px;font-size: 16px\">innerhalb der Maschine<\/span><span style=\"font-family: \u5b8b\u4f53;letter-spacing: 0px;font-size: 16px\">&nbsp;von -5\u2103&nbsp;<\/span><span style=\"font-family: Arial;letter-spacing: 0px;font-size: 16px\">\u2192<\/span><span style=\"font-family: \u5b8b\u4f53;letter-spacing: 0px;font-size: 16px\">&nbsp;65\u2103<\/span><span style=\"font-family: Arial;letter-spacing: 0px;font-size: 16px\">\u2192<\/span><span style=\"font-family: \u5b8b\u4f53;letter-spacing: 0px;font-size: 16px\">&nbsp;-5\u2103<\/span><span style=\"font-family: Calibri;letter-spacing: 0px;font-size: 16px\">Prozess<\/span><span style=\"font-family: \u5b8b\u4f53;letter-spacing: 0px;font-size: 16px\">&nbsp;(Desinfizieren Sie den Ladezylinder und das Rohmaterial im Inneren, dann k\u00fchlen Sie den Buchungsstatus). So k\u00f6nnen Sie die Maschine alle 14 Tage ein Mal aufbewahren.<\/span><\/span><\/p>\n<p><\/p>\n<\/div>\n<div class=\"graphic_pic animated wow bounceIn\" data-wow-delay=\".7s\">\n<p style=\"text-align:center\"><img decoding=\"async\" src=\"https:\/\/www.hommy.com\/wp-content\/uploads\/16002467836145.jpg\" alt=\"Produkt-HM706B Eismaschine-Hommy-img\" title=\"\"><\/p>\n<\/div>\n<\/div>\n<div class=\"col-md-6 col-sm-6 col-xs-6\">\n<div class=\"right-p\">\n<div class=\"h2 heading\"><span style=\"letter-spacing: 0px\">4.&nbsp;<\/span><span style=\"font-family: Helvetica;letter-spacing: 0px\">Controller<\/span><\/div>\n<p><span style=\"font-family: \u5b8b\u4f53;font-size: 16px;letter-spacing: 0px\">Das Bedienfeld zeigt deutlich die internen Funktionen der Maschine. Zur gleichen Zeit, die Maschine erinnert auch die Reinigungsfunktion, das Hinzuf\u00fcgen von mehr humanisierte Funktionen, wir sind auch willkommen, OEM zu tun.<\/span><\/p>\n<p><span style=\"font-family: \u5b8b\u4f53;font-size: 16px;letter-spacing: 0px\"><br \/><\/span><\/p>\n<p><\/p>\n<\/div>\n<div class=\"graphic_pic animated wow bounceIn\" data-wow-delay=\".7s\">\n<p style=\"text-align:center\"><img decoding=\"async\" src=\"https:\/\/www.hommy.com\/wp-content\/uploads\/16002468032578.jpg\" alt=\"Produkt-Hommy-HM706B Eismaschine-img\" title=\"\"><\/p>\n<\/div>\n<\/div>\n<\/div>\n<\/div>\n<div class=\"d-tem01-graphic tem01-graphic mockup\" data-detail=\"wrap\">\n<div class=\"cont-section clearfix d-clearfix\">\n<div class=\"col-md-6 col-sm-6 col-xs-6\">\n<div class=\"right-p\">\n<div class=\"h2 heading\">5. Mischer im Trichter<\/div>\n<p><span style=\"font-family: \u5b8b\u4f53;font-size: 16px;letter-spacing: 0px\">Gleichm\u00e4\u00dfig mischen. Der Hochgeschwindigkeitsmischer im Trichter sorgt daf\u00fcr, dass das Material im Trichter flie\u00dft, wenn es gefriert. Das Eis wird glatter, nachdem es vollst\u00e4ndig mit Luft vermischt wurde.<\/span><\/p>\n<p><span style=\"font-family: \u5b8b\u4f53;font-size: 16px;letter-spacing: 0px\"><br \/><\/span><\/p>\n<p><span style=\"font-family: \u5b8b\u4f53;font-size: 16px;letter-spacing: 0px\"><br \/><\/span><\/p>\n<p><span style=\"font-family: \u5b8b\u4f53;font-size: 16px;letter-spacing: 0px\"><br \/><\/span><\/p>\n<\/div>\n<div class=\"graphic_pic animated wow bounceIn\" data-wow-delay=\".7s\">\n<p style=\"text-align:center\"><img decoding=\"async\" src=\"https:\/\/www.hommy.com\/wp-content\/uploads\/16002468551062.jpg\" alt=\"produkt-Hommy-img-1\" title=\"\"><\/p>\n<\/div>\n<\/div>\n<div class=\"col-md-6 col-sm-6 col-xs-6\">\n<div class=\"right-p\">\n<div class=\"h2 heading\">6. Optionales Zubeh\u00f6r Auspuff<\/div>\n<div class=\"description\">\n<p><span style=\"font-family: \u5b8b\u4f53;letter-spacing: 0;font-size: 16px\">Installieren Sie die Eismaschine richtig. Der Abstand zwischen der Abluft\u00f6ffnung hinter der Maschine und der Wand betr\u00e4gt 1 Meter f\u00fcr die Bel\u00fcftung, aber in Wirklichkeit ist es unm\u00f6glich, diese Situation in unserem Lagerraum zu erreichen. Hommy hat einen neuen Abluftkanal f\u00fcr den t\u00e4glichen Gebrauch entworfen, um die hei\u00dfe Luft abzuf\u00fchren. Nach oben hin kann er mehr Orte versorgen, ohne Platz zu beanspruchen.<\/span><\/p>\n<\/div>\n<\/div>\n<div class=\"graphic_pic animated wow bounceIn\" data-wow-delay=\".7s\">\n<p style=\"text-align:center\"><img decoding=\"async\" src=\"https:\/\/www.hommy.com\/wp-content\/uploads\/16002468827657.jpg\" alt=\"produkt-Hommy-img-1\" title=\"\"><\/p>\n<\/div>\n<\/div>\n<\/div>\n<\/div>\n<p><span style=\"font-family: inherit\">&nbsp; &nbsp; &nbsp; &nbsp; &nbsp; &nbsp; &nbsp;<\/span><\/p>\n<p><\/p>\n<p>&nbsp; &nbsp; &nbsp;<\/p>\n<p>Dokument\uff1a<img decoding=\"async\" src=\"https:\/\/www.hommy.com\/wp-content\/uploads\/icon_pdf-28.gif\" style=\"margin-right: 2px\" alt=\"produkt-Hommy-img-1\" title=\"\"><a href=\"https:\/\/img80002414.weyesimg.com\/uploads\/www.hommy.com\/addon\/16027509944616.pdf\" title=\"16027509944616.pdf\" style=\"font-size: 12px\">16027509944616.pdf<\/a><\/p>\n<h2>Kann selbstgemachtes Eis ohne Steinsalz gefrieren?<\/h2>\n<p style=\"margin-top: 5px;margin-bottom: 5px\"><\/p>\n<p style=\"margin-top: 5px;margin-bottom: 5px\">Selbstgemachtes Speiseeis hat mehrere Vorteile gegen\u00fcber gekaufter Eiscreme. Es ist in der Regel teurer, weil man f\u00fcr die Zutaten und die Zeit zur Herstellung bezahlen muss, und es ist in der Regel ges\u00fcnder, weil man weniger Zucker und Stabilisatoren verwendet.<\/p>\n<p style=\"margin-top: 5px;margin-bottom: 5px\"><\/p>\n<p style=\"margin-top: 5px;margin-bottom: 5px\">Sie k\u00f6nnen es mit weniger Kalorien herstellen als gekauftes Eis, aber das ist der Nachteil.<\/p>\n<p style=\"margin-top: 5px;margin-bottom: 5px\"><\/p>\n<p style=\"margin-top: 5px;margin-bottom: 5px\">Vor ein paar Jahren haben wir versucht, unser eigenes Eis zu Hause herzustellen, aber es ist nie richtig gefroren, und wir mussten das meiste wegwerfen.<\/p>\n<p style=\"margin-top: 5px;margin-bottom: 5px\"><\/p>\n<h2>Kann man normales Salz f\u00fcr selbstgemachtes Eis verwenden?<\/h2>\n<p style=\"margin-top: 5px;margin-bottom: 5px\"><\/p>\n<p style=\"margin-top: 5px;margin-bottom: 5px\">Eiscreme ist ein Genuss. Was gibt es Besseres als eine Eiswaffel an einem hei\u00dfen Sommertag? Ich wei\u00df es nicht, aber ich w\u00fcsste gern, was es sein k\u00f6nnte. Was tust du also, wenn deine Eismaschine kein Eis macht? Man ruft nat\u00fcrlich seinen Vater an. \"Was w\u00fcrdest du mir empfehlen\", fragte ich ihn, \"das ich f\u00fcr die Eisherstellung verwenden sollte?\" Er empfahl mir normales Salz. Als ich das einer Freundin gegen\u00fcber erw\u00e4hnte, sagte sie: \"Oh, ich wei\u00df, aber sie schmecken genau wie Salz.\" Wie Sie wissen, hat jeder von uns einen anderen Geschmack im Mund, wenn wir Eis essen. Unterscheidet sich Ihr Geschmack von dem der anderen? Ich wette, das tut er. Was f\u00fcr den einen Eis ist, kann f\u00fcr den anderen Gift sein. Der eine h\u00e4lt dich vielleicht f\u00fcr verr\u00fcckt, wenn du kein gro\u00dfer Fan von Salz bist.<\/p>\n<p style=\"margin-top: 5px;margin-bottom: 5px\"><\/p>\n<h2>Welche Art von Gefrierschrank eignet sich am besten f\u00fcr Speiseeis?<\/h2>\n<p style=\"margin-top: 5px;margin-bottom: 5px\"><\/p>\n<p style=\"margin-top: 5px;margin-bottom: 5px\">Welcher ist besser, der kleine oder der gro\u00dfe Gefrierschrank? Ich habe nicht viel Erfahrung mit Speiseeis und \u00fcberlege, mir einen zuzulegen, bin mir aber nicht sicher, welcher Typ am besten f\u00fcr Speiseeis geeignet ist. Ich bin schon ganz aufgeregt, mein eigenes Eis zu machen und versuche gerade, den \"perfekten\" Gefrierschrank zu finden, um es einfacher zu machen. Vielen Dank!<\/p>\n<\/div><\/div>","protected":false},"excerpt":{"rendered":"<p>Table top ice cream machine Table top ice cream machine|Product Features|Soft Serve Freezer and&nbsp; Frozen Yogurt Freezer|Product Specification&nbsp; These ice cream makers are widely appreciated because of its robust construction, easy-to-operate features and durability. We are one of the eminent names in the industry. All our products are designed after following the latest trends of [&hellip;]<\/p>\n","protected":false},"featured_media":572,"comment_status":"open","ping_status":"open","template":"","meta":{"_swt_meta_header_display":false,"_swt_meta_footer_display":false,"_swt_meta_site_title_display":false,"_swt_meta_sticky_header":false,"_swt_meta_transparent_header":false},"product_brand":[],"product_cat":[77,78],"product_tag":[],"class_list":{"0":"post-581","1":"product","2":"type-product","3":"status-publish","4":"has-post-thumbnail","6":"product_cat-ice-cream-machine","7":"product_cat-soft-ice-cream-machine","9":"first","10":"instock","11":"shipping-taxable","12":"product-type-simple"},"_links":{"self":[{"href":"https:\/\/www.hommy.com\/de\/wp-json\/wp\/v2\/product\/581","targetHints":{"allow":["GET"]}}],"collection":[{"href":"https:\/\/www.hommy.com\/de\/wp-json\/wp\/v2\/product"}],"about":[{"href":"https:\/\/www.hommy.com\/de\/wp-json\/wp\/v2\/types\/product"}],"replies":[{"embeddable":true,"href":"https:\/\/www.hommy.com\/de\/wp-json\/wp\/v2\/comments?post=581"}],"wp:featuredmedia":[{"embeddable":true,"href":"https:\/\/www.hommy.com\/de\/wp-json\/wp\/v2\/media\/572"}],"wp:attachment":[{"href":"https:\/\/www.hommy.com\/de\/wp-json\/wp\/v2\/media?parent=581"}],"wp:term":[{"taxonomy":"product_brand","embeddable":true,"href":"https:\/\/www.hommy.com\/de\/wp-json\/wp\/v2\/product_brand?post=581"},{"taxonomy":"product_cat","embeddable":true,"href":"https:\/\/www.hommy.com\/de\/wp-json\/wp\/v2\/product_cat?post=581"},{"taxonomy":"product_tag","embeddable":true,"href":"https:\/\/www.hommy.com\/de\/wp-json\/wp\/v2\/product_tag?post=581"}],"curies":[{"name":"wp","href":"https:\/\/api.w.org\/{rel}","templated":true}]}}