{"id":570,"date":"2024-07-02T14:14:45","date_gmt":"2024-07-02T14:14:45","guid":{"rendered":"http:\/\/localhost\/hommywp\/industrial-21-falvors-soft-serve-ice-cream-machine-manufacturer\/"},"modified":"2025-08-01T09:57:36","modified_gmt":"2025-08-01T09:57:36","slug":"2-1-falvor-soft-serve-freezer-soft-ice-cream-machine","status":"publish","type":"product","link":"https:\/\/www.hommy.com\/de\/p\/2-1-falvor-soft-serve-freezer-soft-ice-cream-machine\/","title":{"rendered":"Industrielle 2+1 Falvors Soft Serve Eismaschine Hersteller"},"content":{"rendered":"<div>\n<p>&nbsp;<\/p>\n<h2 style=\"text-align: center\"><span style=\"font-family: arial, helvetica, sans-serif;font-size: 24px\"><strong><span style=\"font-family: arial, helvetica, sans-serif\"><a name=\"2 flavour + 1mix soft ice cream machine\"><\/a>2 Geschmack + 1 Mix Softeismaschine<\/span><\/strong><\/span><strong><span style=\"font-size: 20px\">&nbsp;<\/span><\/strong><\/h2>\n<p style=\"text-align: center\"><a href=\"#2 flavour + 1mix soft ice cream machine\" target=\"_self\" data-lv=\"0\" rel=\"noopener\"><span style=\"font-family: arial, helvetica, sans-serif;font-size: 16px\">2 Geschmack + 1 Mix Softeismaschine<\/span><\/a><span style=\"font-family: arial, helvetica, sans-serif;font-size: 16px\">|<a href=\"#Product Features\" target=\"_self\" data-lv=\"0\" rel=\"noopener\">Produktmerkmale<\/a>|<a href=\"#Touch screen control\" target=\"_self\" data-lv=\"0\" rel=\"noopener\">Steuerung \u00fcber Touchscreen<\/a>|<a href=\"#Functions|PRODUCT ADVANTAGE\" target=\"_self\" data-lv=\"0\" rel=\"noopener\">Funktionen|Produkt Vorteil<\/a>|<a href=\"#2+1 falvor Soft Serve Freezer\" target=\"_self\" data-lv=\"0\" rel=\"noopener\">2+1 Falvor Soft-Serve-Gefrierschrank<\/a><\/span><strong><span style=\"font-size: 20px\"><br \/><\/span><\/strong><\/p>\n<p><strong><span style=\"font-size: 20px\"><br \/><\/span><\/strong><\/p>\n<p style=\"text-align: center\">&nbsp;<iframe loading=\"lazy\" title=\"Hommy Softeismaschine HM726 in MacDonald\" width=\"500\" height=\"281\" src=\"https:\/\/www.youtube.com\/embed\/mT-z8S6VBG0?feature=oembed\" frameborder=\"0\" allow=\"accelerometer; autoplay; clipboard-write; encrypted-media; gyroscope; picture-in-picture; web-share\" referrerpolicy=\"strict-origin-when-cross-origin\" allowfullscreen><\/iframe><\/p>\n<p>Diese Maschinen werden weit verbreitet f\u00fcr die Herstellung eines Soft-Serve-Eis. der <a style=\"color:blue\" href=\"https:\/\/www.hommy.com\/de\/softeismaschine\/\">Softeismaschine f\u00fcr Speiseeis<\/a> Wird auch bei der Herstellung von Softeis in verschiedenen Arten von Restaurants und Caf\u00e9s verwendet. Unsere Maschine wird von unseren erfahrenen Ingenieuren unter Einhaltung der internationalen Standards und Qualit\u00e4tsnormen entwickelt.<\/p>\n<h2><span style=\"font-family: arial, helvetica, sans-serif\"><strong><span style=\"font-size: 24px\"><a name=\"Product Features\"><\/a>Produktmerkmale<\/span><\/strong><\/span><strong><span style=\"font-size: 24px\">&nbsp;<\/span><\/strong><\/h2>\n<p><span style=\"font-size: 16px\">Hommy hat ein professionelles Team f\u00fcr die Produktentwicklung. Es gibt professionelle K\u00e4ltetechniker, Software-Ingenieure und Bauingenieure, die sicherstellen, dass die Produktqualit\u00e4t stabil und dauerhaft ist. Gleichzeitig wird das personalisierte Design hinzugef\u00fcgt, um den zuk\u00fcnftigen Kundendienst zu erleichtern. Hommy <a style=\"color:blue\" href=\"\/de\/\">Speiseeismaschine<\/a> ist des Vertrauens w\u00fcrdig.<\/span><\/p>\n<div class=\"d-tem11-graphic tem11-graphic mockup\" data-detail=\"wrap\">\n<div class=\"tab_row\">\n<div class=\"img\" style=\"width: 50%\"><img decoding=\"async\" title=\"\" alt=\"product-Hommy-img\" src=\"https:\/\/www.hommy.com\/wp-content\/uploads\/15553936786104.jpg\"><\/div>\n<div class=\"text_box\" style=\"width: 50%\">\n<div class=\"txt\">\n<p>&nbsp;<\/p>\n<h2><strong><span style=\"font-family: arial, helvetica, sans-serif;font-size: 24px\"><a name=\"Touch screen control\"><\/a>Steuerung \u00fcber Touchscreen<\/span><\/strong><\/h2>\n<p>&nbsp;<\/p>\n<p style=\"line-height: 2em\">Das Mikroprozessor-Touch-Steuerungssystem ist in eine robuste Hartglasscheibe eingebettet.<br \/>Die Temperaturen in den Trichtern oder Gefrierzylindern k\u00f6nnen an jedem beliebigen Punkt des Betriebs angezeigt werden.<br \/>Bietet die erforderliche Viskosit\u00e4t f\u00fcr Portionen.<br \/>F\u00fcllstandsanzeige und Alarm. Wenn das Licht f\u00fcr den Mischvorgang blinkt, schaltet sich die Maschine automatisch ab, um Sch\u00e4den zu vermeiden.<br \/>Die Luftpumpe f\u00f6rdert das Gemisch mit einer bestimmten Luftmenge zu den Gefrierzylindern.<br \/>Standby-Modus: W\u00e4hrend l\u00e4ngerer Stillstandszeiten sorgt die Standby-Funktion f\u00fcr sichere Produkttemperaturen im Mischtrichter und im Gefrierzylinder.<br \/>Druckschutzfunktion f\u00fcr das K\u00fchlsystem.<br \/>Die robuste Konstruktion mit Edelstahlabdeckung sorgt f\u00fcr ein modernes und luxuri\u00f6ses \u00c4u\u00dferes.<br \/><span style=\"font-size: 18px\"><strong><br \/><\/strong><\/span><\/p>\n<p style=\"line-height: 2em\"><span style=\"font-family: arial, helvetica, sans-serif;font-size: 24px\"><strong><a name=\"Functions: \"><\/a>Funktionen: <\/strong><\/span><br \/><span style=\"font-family: arial, helvetica, sans-serif;font-size: 16px\">Das Vork\u00fchlsystem h\u00e4lt das Gemisch im Auto- und Standby-Modus unter 5\u00b0C. Die Luftpumpe f\u00f6rdert das Gemisch mit einer bestimmten Luftmenge zu den Gefrierzylindern. <br \/>Der Mischer sorgt f\u00fcr ein gleichm\u00e4\u00dfiges Mischungsverh\u00e4ltnis in den Beh\u00e4ltern. *Der Z\u00e4hler erm\u00f6glicht es dem Bediener, die Anzahl der ausgegebenen Portionen zu sehen.<br \/>Ultraleises Ger\u00e4usch von 50-55 Dezibel.<\/span> <\/p>\n<p style=\"line-height: 1.75em\">&nbsp;<\/p>\n<\/div>\n<\/div>\n<\/div>\n<\/div>\n<div class=\"text-left d-tem09-title d-interval\" data-detail=\"wrap\">\n<div class=\"title-header\">\n<h2><strong><span style=\"font-size: 24px;font-family: arial, helvetica, sans-serif\"><a name=\"PRODUCT ADVANTAGE\"><\/a>PRODUKTVORTEIL<\/span><\/strong><\/h2>\n<div class=\"subtitle\"><span>Au\u00dferdem tragen hochqualifizierte Ingenieure, f\u00e4hige Technologen und sachkundiges Personal viel zur Entwicklung des Unternehmens bei.<\/span><\/div>\n<\/div>\n<\/div>\n<p><\/p>\n<p style=\"text-align:center\"><img decoding=\"async\" src=\"https:\/\/www.hommy.com\/wp-content\/uploads\/15553937579612.jpg\" alt=\"Produkt-2+1 Aromen Soft Serve Maschine-Hommy-img\" title=\"\"><\/p>\n<p><\/p>\n<div class=\"d-tem04-promotion d-tem01-promotion mockup\" data-detail=\"wrap\">\n<div class=\"cont-section\">\n<div class=\"main\">\n<div class=\"header text-center\">\n<h2><strong><span style=\"font-family: arial, helvetica, sans-serif;font-size: 24px\"><a name=\"2+1 falvor Soft Serve Freezer\"><\/a>2+1 Falvor Soft-Serve-Gefrierschrank<\/span><\/strong><\/h2>\n<div class=\"subtitle\" style=\"text-align: left\">\n<p><\/p>\n<p style=\"line-height: 2em\"><strong><span><\/span><\/strong>Luftpumpe: einstellbarer \u00dcberlauf von 20% bis 80%, reduziert die Bildung von Eiskristallen, macht gefrorenen Joghurt (Eis) Geschmack glatt und wei\u00df aussehen; reduzieren den Einsatz von Rohstoffen, erh\u00f6hen die Gewinne.<\/p>\n<p style=\"line-height: 2em\"><strong><span><\/span><\/strong>Die Maschine im Inneren haben zwei unabh\u00e4ngige Steuerung, k\u00f6nnen Sie eine Maschine verwenden, um zwei Arten von Produkten: Softeis und gefrorenen Joghurt.<\/p>\n<p style=\"line-height: 2em\"><strong><span><\/span><\/strong>Die Maschine im Inneren verwenden Kompressor Made in France und Expansionsventil Made in Italy .<\/p>\n<p style=\"line-height: 2em\"><strong><span><\/span><\/strong>Leave conser haben zweite Stufe, die erste Stufe des fehlenden Materialniveaus, die zweite Stufe der automatischen Abschaltung.<\/p>\n<\/div>\n<\/div>\n<\/div>\n<\/div>\n<\/div>\n<p>&nbsp;Dokument\uff1a<img decoding=\"async\" src=\"https:\/\/www.hommy.com\/wp-content\/uploads\/icon_pdf-27.gif\" style=\"margin-right: 2px\" alt=\"Produkt-2+1 Aromen Soft Serve FreezerSoft Eismaschine-Hommy-img\" title=\"\"><a href=\"https:\/\/img80002414.weyesimg.com\/uploads\/www.hommy.com\/addon\/16028102773329.pdf\" title=\"16028102773329.pdf\" style=\"font-size: 12px\">16028102773329.pdf<\/a><\/p>\n<h2>Was ist der Unterschied zwischen hartem Eis und Softeis?<\/h2>\n<p style=\"margin-top: 5px;margin-bottom: 5px\">Wenn Sie Eis m\u00f6gen, haben Sie wahrscheinlich von hartem und weichem Eis geh\u00f6rt. Einige Eisl\u00e4den nennen Hard-Eis, w\u00e4hrend andere in den USA in den 1950er und 60er Jahren hartes und weiches Eis erfunden wurden, und es gibt eine gro\u00dfe Debatte dar\u00fcber, ob es sich um zwei verschiedene Arten von Eis oder die gleiche Art von Eis handelt. Wir k\u00f6nnen jedoch best\u00e4tigen, dass hartes und weiches Eis zwei Arten von derselben Sache sind: Eis.<\/p>\n<p style=\"margin-top: 5px;margin-bottom: 5px\"><\/p>\n<h2>Kann Softeis wieder eingefroren werden?<\/h2>\n<p style=\"margin-top: 5px;margin-bottom: 5px\">Eine meiner Lieblingsaromen f\u00fcr den Sommer ist \u201eSofteis\u201c. Es ist das, was ich mein \"Sommereis\" nenne, da es leicht, cremig und reich ist und einen sch\u00f6nen s\u00fc\u00dfen und cremigen Geschmack hat. Das einzige Problem ist, dass es sehr schwer ist, es im Gefrierschrank zu lagern. Ich mache es, indem ich die Molkerei koche, k\u00fchle und dann peitsche, um diese sch\u00f6ne weiche Eisbeschaffenheit zu erhalten.<\/p>\n<p style=\"margin-top: 5px;margin-bottom: 5px\"><\/p>\n<h2>Warum hat McDonald's den Erdbeersandaue losgeworden?<\/h2>\n<p style=\"margin-top: 5px;margin-bottom: 5px\">McDonald's gab im Oktober bekannt, dass es seinen Erdbeerbecher einstellen w\u00fcrde, und es scheint eine sehr gro\u00dfe Entscheidung gewesen zu sein. Der Vice President of Marketing des Unternehmens, Michael Girelli, sagte gegen\u00fcber USA Today, dass die Entscheidung getroffen wurde, nachdem die Kunden von McDonald's klar gemacht hatten, dass sie den Erdbeergeschmack in ihren Eisbechern nicht sehen wollten.<\/p>\n<\/div><\/div>","protected":false},"excerpt":{"rendered":"<p>&nbsp; 2 flavour + 1mix soft ice cream machine&nbsp; 2 flavour + 1mix soft ice cream machine|Product Features|Touch screen control|Functions|PRODUCT ADVANTAGE|2+1 falvor Soft Serve Freezer &nbsp; These machines are widely used for the production of a soft-serve ice cream. The soft serve ice cream machine is also used in the making of soft serve ice [&hellip;]<\/p>\n","protected":false},"featured_media":567,"comment_status":"open","ping_status":"open","template":"","meta":{"_swt_meta_header_display":false,"_swt_meta_footer_display":false,"_swt_meta_site_title_display":false,"_swt_meta_sticky_header":false,"_swt_meta_transparent_header":false},"product_brand":[],"product_cat":[77,78],"product_tag":[],"class_list":{"0":"post-570","1":"product","2":"type-product","3":"status-publish","4":"has-post-thumbnail","6":"product_cat-ice-cream-machine","7":"product_cat-soft-ice-cream-machine","9":"first","10":"instock","11":"shipping-taxable","12":"product-type-simple"},"_links":{"self":[{"href":"https:\/\/www.hommy.com\/de\/wp-json\/wp\/v2\/product\/570","targetHints":{"allow":["GET"]}}],"collection":[{"href":"https:\/\/www.hommy.com\/de\/wp-json\/wp\/v2\/product"}],"about":[{"href":"https:\/\/www.hommy.com\/de\/wp-json\/wp\/v2\/types\/product"}],"replies":[{"embeddable":true,"href":"https:\/\/www.hommy.com\/de\/wp-json\/wp\/v2\/comments?post=570"}],"wp:featuredmedia":[{"embeddable":true,"href":"https:\/\/www.hommy.com\/de\/wp-json\/wp\/v2\/media\/567"}],"wp:attachment":[{"href":"https:\/\/www.hommy.com\/de\/wp-json\/wp\/v2\/media?parent=570"}],"wp:term":[{"taxonomy":"product_brand","embeddable":true,"href":"https:\/\/www.hommy.com\/de\/wp-json\/wp\/v2\/product_brand?post=570"},{"taxonomy":"product_cat","embeddable":true,"href":"https:\/\/www.hommy.com\/de\/wp-json\/wp\/v2\/product_cat?post=570"},{"taxonomy":"product_tag","embeddable":true,"href":"https:\/\/www.hommy.com\/de\/wp-json\/wp\/v2\/product_tag?post=570"}],"curies":[{"name":"wp","href":"https:\/\/api.w.org\/{rel}","templated":true}]}}