{"id":566,"date":"2024-07-02T14:14:40","date_gmt":"2024-07-02T14:14:40","guid":{"rendered":"http:\/\/localhost\/hommywp\/popular-fruit-soft-serve-ice-cream-machine-factory-equipment\/"},"modified":"2025-08-01T09:57:36","modified_gmt":"2025-08-01T09:57:36","slug":"soft-serve-eismaschinen","status":"publish","type":"product","link":"https:\/\/www.hommy.com\/de\/p\/soft-serve-eismaschinen\/","title":{"rendered":"Beliebte Frucht-Soft-Serve-Eismaschine Fabrikausr\u00fcstung"},"content":{"rendered":"<div>\n<p>&nbsp;<\/p>\n<p><span style=\"font-size: 20px\"><\/span><\/p>\n<h2 style=\"text-align: center\"><strong><span style=\"letter-spacing: 0px;font-family: arial, helvetica, sans-serif;font-size: 24px\"><a name=\"Soft Serve Machines\"><\/a>Softeis-Maschinen<\/span><\/strong><\/h2>\n<p style=\"text-align: center\"><span style=\"letter-spacing: 0px;font-family: arial, helvetica, sans-serif;font-size: 16px\"><a href=\"#Soft Serve Machines\" target=\"_self\" data-lv=\"0\" rel=\"noopener\">Softeis-Maschinen<\/a>|<a href=\"#Features\" target=\"_self\" data-lv=\"0\" rel=\"noopener\">Eigenschaften<\/a>|<a href=\"#PRODUCT ADVANTAGE\" target=\"_self\" data-lv=\"0\" rel=\"noopener\">PRODUKTVORTEIL<\/a>|<a href=\"#2+1 flavor Soft Serve Freezer\" target=\"_self\" data-lv=\"0\" rel=\"noopener\">2+1 Geschmacksrichtungen Soft Serve Freezer<\/a><\/span><\/p>\n<p style=\"text-align: center\"><\/p>\n<p>Um den Bed\u00fcrfnissen des Marktes gerecht zu werden, stellen wir qualitativ hochwertige <a style=\"color:blue\" href=\"https:\/\/www.hommy.com\/de\/softeismaschine\/\">Softeismaschine f\u00fcr Speiseeis<\/a> die \u00fcber eine fortschrittliche Technologie mit innovativen Komponenten verf\u00fcgt. Dar\u00fcber hinaus hat diese Maschine durch die Verwendung von fortschrittlichen Technologie, die es effizienter und energiesparend macht entworfen worden. Diese Maschinen sind in verschiedenen Spezifikationen wie pro die Anforderungen der Kunden zur Verf\u00fcgung. Auch diese Maschinen sind streng auf Qualit\u00e4tsparameter getestet, um ihre Leistung zu gew\u00e4hrleisten.<\/p>\n<div class=\"d-tem11-graphic tem11-graphic mockup\" data-detail=\"wrap\">\n<div class=\"tab_row\">\n<div class=\"img\" style=\"width: 50%\"><img decoding=\"async\" title=\"\" alt=\"Produkt-Soft Serve-Eismaschine Maschinen-Hommy-img\" src=\"https:\/\/www.hommy.com\/wp-content\/uploads\/15585041103798.jpg\"><\/div>\n<div class=\"text_box\" style=\"width: 50%\">\n<div class=\"txt\">\n<div class=\"title\">\n<h2><strong style=\"color: inherit;font-family: inherit;font-size: 30px\"><span style=\"font-family: arial, helvetica, sans-serif;font-size: 24px\"><a name=\"Features\"><\/a>Eigenschaften<\/span><\/strong><br \/><\/h2>\n<\/div>\n<p style=\"margin-left:32px\"><span style=\"font-family:Calibri;font-size:16px\">-&nbsp;<\/span><span style=\"font-family:Calibri;font-size:16px\">Produktangebot: alle g\u00e4ngigen Softeis-Variationen von Eiscreme<\/span><\/p>\n<p style=\"margin-left:32px\"><span style=\"font-family:Calibri;font-size:16px\">-&nbsp;<\/span><span style=\"font-family:Calibri;font-size:16px\">Geschmack: zwei verschiedene Geschmacksrichtungen und ein Twist<\/span><\/p>\n<p style=\"margin-left:32px\"><span style=\"font-family:Calibri;font-size:16px\">-&nbsp;<\/span><span style=\"font-family:Calibri;font-size:16px\">Mischtrichter: zwei 5,5 Liter Fassungsverm\u00f6gen (5,81 Quarts, 1,45 Gallonen)<\/span><\/p>\n<p style=\"margin-left:32px\"><span style=\"font-family:Calibri;font-size:16px\">-&nbsp;<\/span><span style=\"font-family:Calibri;font-size:16px\">Gefrierzylinder: zwei 2,1 Liter Fassungsverm\u00f6gen (2,21 quart, 0,55 gallons)<\/span><\/p>\n<p><span style=\"font-family:Calibri;font-size:16px\">Elektronische Steuerung:<\/span><\/p>\n<p style=\"margin-left:32px\"><span style=\"font-family:Calibri;font-size:16px\">-&nbsp;<\/span><span style=\"font-family:Calibri;font-size:16px\">Die Temperatur in den Gefrierzylindern kann an jedem beliebigen Punkt des Betriebs angezeigt werden.<\/span><\/p>\n<p style=\"margin-left:32px\"><span style=\"font-family:Calibri;font-size:16px\">-&nbsp;<\/span><span style=\"font-family:Calibri;font-size:16px\">Bietet die erforderliche Viskosit\u00e4t f\u00fcr Portionen.<\/span><\/p>\n<p style=\"margin-left:32px\"><span style=\"font-family:Calibri;font-size:16px\">-&nbsp;<\/span><span style=\"font-family:Calibri;font-size:16px\">F\u00fcllstandsanzeige und Alarm. Wenn das Licht f\u00fcr den Mischvorgang blinkt, schaltet sich die Maschine automatisch ab, um Sch\u00e4den zu vermeiden.<\/span><\/p>\n<p><span style=\"font-family:Calibri;font-size:16px\">Standby-Modus:<\/span><\/p>\n<p style=\"margin-left:32px\"><span style=\"font-family:Calibri;font-size:16px\">-&nbsp;<\/span><span style=\"font-family:Calibri;font-size:16px\">W\u00e4hrend l\u00e4ngerer Stillstandszeiten sorgt die Standby-Funktion f\u00fcr sichere Produkttemperaturen im Mischtrichter und im Gefrierzylinder.<\/span><\/p>\n<p style=\"margin-left:32px\"><span style=\"font-family:Calibri;font-size:16px\">-&nbsp;<\/span><span style=\"font-family:Calibri;font-size:16px\">Druckschutzfunktion f\u00fcr das K\u00fchlsystem.<\/span><\/p>\n<p><span style=\"font-family:Calibri;font-size:16px\">Optionale Funktionen:<\/span><\/p>\n<p style=\"margin-left:32px\"><span style=\"font-family:Calibri;font-size:16px\">-&nbsp;<\/span><span style=\"font-family:Calibri;font-size:16px\">Das Expansionsrohr mit Schwerkraftzufuhr liefert das Gemisch mit einem \u00dcberlauf von etwa 20-30% zu den Gefrierzylindern.<\/span><\/p>\n<p><span style=\"font-family:Calibri;font-size:16px\">Der Z\u00e4hler erm\u00f6glicht es dem Bediener, die Anzahl der ausgegebenen Portionen zu sehen.<\/span><\/p>\n<p style=\"line-height: 1.75em\">&nbsp;<\/p>\n<\/div>\n<\/div>\n<\/div>\n<\/div>\n<p>&nbsp;<\/p>\n<div class=\"text-left d-tem09-title d-interval\" data-detail=\"wrap\">\n<div class=\"title-header\">\n<h2><strong><span style=\"font-family: arial, helvetica, sans-serif;font-size: 24px\"><a name=\"PRODUCT ADVANTAGE\"><\/a>PRODUKTVORTEIL<\/span><\/strong><\/h2>\n<div class=\"subtitle\"><span>Au\u00dferdem tragen hochqualifizierte Ingenieure, f\u00e4hige Technologen und sachkundiges Personal viel zur Entwicklung des Unternehmens bei.<\/span><\/div>\n<\/div>\n<\/div>\n<p style=\"text-align:center\"><\/p>\n<p><img decoding=\"async\" src=\"https:\/\/www.hommy.com\/wp-content\/uploads\/15585058853778.png\" alt=\"product-Hommy-img\" title=\"\"><\/p>\n<p><strong style=\"font-size: 30px;text-align: center\"><span style=\"font-family: arial, helvetica, sans-serif;font-size: 24px\"><br \/><\/span><\/strong><\/p>\n<p><strong style=\"font-size: 30px;text-align: center\"><span style=\"font-family: arial, helvetica, sans-serif;font-size: 24px\">2+1 Geschmacksrichtungen Soft Serve Freezer<\/span><\/strong><\/p>\n<div class=\"subtitle\">\n<p style=\"line-height: 2em\"><strong><span><\/span><\/strong>Die Maschine im Inneren haben zwei unabh\u00e4ngige Steuerung, k\u00f6nnen Sie eine Maschine verwenden, um zwei Arten von Produkten: Softeis und gefrorenen Joghurt.<\/p>\n<p>- F\u00fcllstandsanzeige und Alarm. Wenn das Licht f\u00fcr den Mischvorgang blinkt, schaltet sich die Maschine automatisch ab, um Sch\u00e4den zu vermeiden.<\/p>\n<p>Standby-Modus:<\/p>\n<p>- Druckschutzfunktion f\u00fcr das K\u00fchlsystem.&nbsp;<\/p>\n<p>- Einfach zu bedienen<\/p>\n<h2 style=\"font-family: sans-serif\">Do <a style=\"color:blue\" href=\"\/de\/\">Speiseeismaschine<\/a>s Softeis machen?<\/h2>\n<p style=\"margin-top: 5px;margin-bottom: 5px;font-family: sans-serif;font-size: 16px\">Kann man mit einer Eismaschine Softeis zubereiten? Ich werde eine Softeismaschine kaufen und wollte wissen, ob es irgendwelche Softeisrezepte gibt, die ich damit herstellen kann. Ich plane, Softeis in 1, 2 und 4 Bechern herzustellen, und m\u00f6chte herausfinden, wie einfach sie mit dieser Maschine herzustellen sind und ob die Maschine eine gleichm\u00e4\u00dfige Konsistenz schafft. Ich danke Ihnen vielmals!<\/p>\n<p style=\"margin-top: 5px;margin-bottom: 5px;font-family: sans-serif;font-size: 16px\"><\/p>\n<h2 style=\"font-family: sans-serif\">Wie viel kostet ein <a style=\"color:blue\" href=\"https:\/\/www.hommy.com\/de\/softeismaschine\/\">Softeismaschine<\/a>?<\/h2>\n<p style=\"margin-top: 5px;margin-bottom: 5px;font-family: sans-serif;font-size: 16px\">Der Begriff <a style=\"color:blue\" href=\"\/de\/\">Eismaschine<\/a> bezieht sich auf K\u00fcchenger\u00e4te, die \u00e4hnlich wie Eisw\u00fcrfelbeh\u00e4lter Eis von Fl\u00fcssigkeit trennen. Wenn das Eis beginnt, in der Fl\u00fcssigkeit in der Eismaschine zu schmelzen, gefriert das Wasser schnell, so dass das Eis in nur wenigen Minuten hergestellt werden kann. Die Menge des Eises, die Sie f\u00fcr die Herstellung des Eises ben\u00f6tigen, h\u00e4ngt davon ab, wie schnell das Eis gefrieren und auftauen soll.<\/p>\n<p style=\"margin-top: 5px;margin-bottom: 5px;font-family: sans-serif;font-size: 16px\"><\/p>\n<h2 style=\"font-family: sans-serif\">Wie lange h\u00e4lt sich Softeis in einer Maschine?<\/h2>\n<p style=\"margin-top: 5px;margin-bottom: 5px;font-family: sans-serif;font-size: 16px\">Ich habe gelesen, dass es nur etwa eine Stunde h\u00e4lt und dass es dann am besten ist, das Softeis f\u00fcr eine neue Ladung wegzuwerfen. <a style=\"color:blue\" href=\"https:\/\/www.hommy.com\/de\/speiseeismaschine\/\">Softeisautomat<\/a> Die Zeit, die f\u00fcr die Herstellung von Speiseeis ben\u00f6tigt wird, h\u00e4ngt weitgehend von der Temperatur des Gefrierschranks ab. Da Sie eine Softeismaschine verwenden, h\u00e4ngt die Zeit f\u00fcr die Herstellung einer Charge Speiseeis mit einer Softeismaschine davon ab, wie lange die Softeismaschine f\u00fcr die Herstellung des Eises ben\u00f6tigt.<\/p>\n<\/div>\n<\/div><\/div>","protected":false},"excerpt":{"rendered":"<p>&nbsp; Soft Serve Machines Soft Serve Machines|Features|PRODUCT ADVANTAGE|2+1 flavor Soft Serve Freezer To cater to the needs of the market, we are making superior quality soft serve ice cream machine that has an advanced technology with innovative components. Moreover, this machine has been designed by using advanced technology that makes it more efficient and energy-saving. [&hellip;]<\/p>\n","protected":false},"featured_media":564,"comment_status":"open","ping_status":"open","template":"","meta":{"_swt_meta_header_display":false,"_swt_meta_footer_display":false,"_swt_meta_site_title_display":false,"_swt_meta_sticky_header":false,"_swt_meta_transparent_header":false},"product_brand":[],"product_cat":[77,78],"product_tag":[],"class_list":{"0":"post-566","1":"product","2":"type-product","3":"status-publish","4":"has-post-thumbnail","6":"product_cat-ice-cream-machine","7":"product_cat-soft-ice-cream-machine","9":"first","10":"instock","11":"shipping-taxable","12":"product-type-simple"},"_links":{"self":[{"href":"https:\/\/www.hommy.com\/de\/wp-json\/wp\/v2\/product\/566","targetHints":{"allow":["GET"]}}],"collection":[{"href":"https:\/\/www.hommy.com\/de\/wp-json\/wp\/v2\/product"}],"about":[{"href":"https:\/\/www.hommy.com\/de\/wp-json\/wp\/v2\/types\/product"}],"replies":[{"embeddable":true,"href":"https:\/\/www.hommy.com\/de\/wp-json\/wp\/v2\/comments?post=566"}],"wp:featuredmedia":[{"embeddable":true,"href":"https:\/\/www.hommy.com\/de\/wp-json\/wp\/v2\/media\/564"}],"wp:attachment":[{"href":"https:\/\/www.hommy.com\/de\/wp-json\/wp\/v2\/media?parent=566"}],"wp:term":[{"taxonomy":"product_brand","embeddable":true,"href":"https:\/\/www.hommy.com\/de\/wp-json\/wp\/v2\/product_brand?post=566"},{"taxonomy":"product_cat","embeddable":true,"href":"https:\/\/www.hommy.com\/de\/wp-json\/wp\/v2\/product_cat?post=566"},{"taxonomy":"product_tag","embeddable":true,"href":"https:\/\/www.hommy.com\/de\/wp-json\/wp\/v2\/product_tag?post=566"}],"curies":[{"name":"wp","href":"https:\/\/api.w.org\/{rel}","templated":true}]}}