{"id":563,"date":"2024-07-02T13:52:44","date_gmt":"2024-07-02T13:52:44","guid":{"rendered":"http:\/\/localhost\/hommywp\/hm-pm-31-industrial-big-ice-block-making-machine-for-sale-factory\/"},"modified":"2025-08-01T09:57:36","modified_gmt":"2025-08-01T09:57:36","slug":"hm-pm-31-eisblockherstellungsmaschine-zu-verkaufen","status":"publish","type":"product","link":"https:\/\/www.hommy.com\/de\/p\/hm-pm-31-eisblockherstellungsmaschine-zu-verkaufen\/","title":{"rendered":"Hm-Pm-31 Industrielle gro\u00dfe Eisblock-Maschine zum Verkauf Fabrik"},"content":{"rendered":"<div>\n<p><\/p>\n<p>&nbsp;&nbsp;&nbsp;&nbsp;<\/p>\n<h2 style=\"text-align: center\"><strong><span style=\"letter-spacing: 0px;font-family: arial, helvetica, sans-serif;font-size: 24px\"><a name=\"Ice block machine\"><\/a>Eisblock-Maschine<\/span><\/strong><\/h2>\n<p style=\"text-align: center\"><a href=\"#Ice block machine\" target=\"_self\" data-lv=\"0\" rel=\"noopener\"><span style=\"font-family: arial, helvetica, sans-serif;font-size: 16px\">Eisblock-Maschine<\/span><\/a><span style=\"font-family: arial, helvetica, sans-serif;font-size: 16px\">|<a href=\"#Product Features\" target=\"_self\" data-lv=\"0\" rel=\"noopener\">Produktmerkmale<\/a>|<a href=\"#Product specification\" target=\"_self\" data-lv=\"0\" rel=\"noopener\">Produktspezifikation<\/a><\/span><\/p>\n<p><\/p>\n<p style=\"text-align: center\">&nbsp; &nbsp;&nbsp;<\/p>\n<p><\/p>\n<p style=\"text-align: left\">Hergestellt mit Hilfe der neuesten technologischen Fortschritte, sind diese Maschinen ideal f\u00fcr die Herstellung von hochwertigen Big Block Eis. Wir sind ein renommierter Name in diesem Bereich als unsere Maschinen sind mit hochwertigen Rohstoffen hergestellt. Diese Maschinen sind weit verbreitet in verschiedenen Bereichen f\u00fcr die Herstellung von Eisbl\u00f6cken verwendet. Wir bieten diese Maschinen in verschiedenen Gr\u00f6\u00dfen, Kapazit\u00e4ten und Designs.<\/p>\n<p><\/p>\n<div class=\"d-tem01-graphic tem01-graphic mockup\" data-detail=\"wrap\">\n<div class=\"cont-section clearfix d-clearfix\">\n<div class=\"col-md-6 col-sm-6 col-xs-6\"><\/p>\n<div class=\"graphic_pic animated wow bounceIn\" data-wow-delay=\".7s\">\n<p style=\"text-align:center\"><\/p>\n<p><\/p>\n<p><\/p>\n<p><img decoding=\"async\" src=\"https:\/\/www.hommy.com\/wp-content\/uploads\/16030737187486.jpg\" alt=\"product-Hommy-img\" title=\"\"><\/p>\n<\/div>\n<\/div>\n<div class=\"col-md-6 col-sm-6 col-xs-6\">\n<div class=\"right-p\">\n<div class=\"h2 heading\">\n<h2><strong><span style=\"font-family: arial, helvetica, sans-serif;font-size: 24px\"><span style=\"font-family: arial, helvetica, sans-serif;letter-spacing: 0px\"><a name=\"Product Features\"><\/a>Produkt <\/span><span style=\"font-family: arial, helvetica, sans-serif\">Eigenschaften<\/span><\/span><\/strong><\/h2>\n<\/div>\n<div class=\"description\">\n<p><span style=\"font-size: 16px;font-family: arial, helvetica, sans-serif\">1. die Maschine ist mit Luxus Aussehen und einfache Bedienung und niedrige Kosten f\u00fcr die Wartung gebaut.<\/span><\/p>\n<p><span style=\"font-family: arial, helvetica, sans-serif\"><span style=\"font-family: \u5b8b\u4f53;font-size: 16px\">2.<\/span><span style=\"font-family: Calibri;font-size: 16px\">Innen Material Tank aus reinem Edelstahl, die Salzs\u00e4ure widerstehen kann erodieren.<\/span><\/span><\/p>\n<p><span style=\"font-family: arial, helvetica, sans-serif\"><span style=\"font-family: \u5b8b\u4f53;font-size: 16px\">3.<\/span><span style=\"font-family: Calibri;font-size: 16px\">Die Bedienung ist einfach.<\/span><\/span><\/p>\n<p><span style=\"font-family: arial, helvetica, sans-serif\"><span style=\"font-family: \u5b8b\u4f53;font-size: 16px\">4.<\/span><span style=\"font-family: Calibri;font-size: 16px\">Airproof Abdeckung und halten das Material verwenden lange Zeit.<\/span><\/span><\/p>\n<p><span style=\"font-family: arial, helvetica, sans-serif\"><span style=\"font-family: \u5b8b\u4f53;font-size: 16px\">5.<\/span><span style=\"font-family: Calibri;font-size: 16px\">Geringe Kapitalinvestitionen bei maximaler Produktion<\/span><\/span><\/p>\n<p><span style=\"font-family: arial, helvetica, sans-serif\"><span style=\"font-family: \u5b8b\u4f53;font-size: 16px\">6.<\/span><span style=\"font-family: Calibri;font-size: 16px\">Profitieren Sie vom Wasser, unglaubliches Gewinnpotenzial.<\/span><\/span><\/p>\n<p><span style=\"font-family: arial, helvetica, sans-serif\"><span style=\"font-family: \u5b8b\u4f53;font-size: 16px\">7.<\/span><span style=\"font-family: Calibri;font-size: 16px\">Angebotene Kapazit\u00e4ten: 1 Tonne\/24H, 2 Tonnen\/24H, 3 Tonnen\/24H, 4 Tonnen\/24H, 5 Tonnen\/24H.<\/span><\/span><\/p>\n<p><span style=\"font-family: arial, helvetica, sans-serif\"><span style=\"font-family: \u5b8b\u4f53;font-size: 16px\">8.<\/span><span style=\"font-family: Calibri;font-size: 16px\">Ice weight: 5kgs(130X70X630mm),10kgs(260X70X630mm),15kgs(210X100X830mm),20kgs(210X120X830mm),<\/span><\/span><\/p>\n<p style=\"text-indent:32px\"><span style=\"font-size: 16px;font-family: arial, helvetica, sans-serif\">25kgs(280X120X830mm)<\/span><\/p>\n<p><span style=\"font-family: arial, helvetica, sans-serif\"><span style=\"font-family: \u5b8b\u4f53;font-size: 16px\">9.<\/span><span style=\"font-family: Calibri;font-size: 16px\">Kein Bedarf an Fachkr\u00e4ften<\/span><\/span><\/p>\n<p><span style=\"font-family: arial, helvetica, sans-serif\"><span style=\"font-family: \u5b8b\u4f53;font-size: 16px\">10.<\/span><span style=\"font-family: Calibri;font-size: 16px\">Hohe Lebensdauer, minimale Wartung<\/span><\/span><\/p>\n<p><span style=\"font-family: arial, helvetica, sans-serif\"><span style=\"font-family: \u5b8b\u4f53;font-size: 16px\">11. <\/span><span style=\"font-family: Calibri;font-size: 16px\">Wenn die Maschine mit einem Wasserk\u00fchlsystem arbeitet, m\u00fcssen Pumpe und K\u00fchlturm zusammen installiert werden.<\/span><\/span><\/p>\n<\/div>\n<\/div>\n<p>&nbsp; &nbsp; &nbsp; &nbsp; &nbsp; &nbsp;<\/p><\/div>\n<\/div>\n<\/div>\n<h2><span style=\"font-family: arial, helvetica, sans-serif;font-size: 24px\"><strong><span style=\"font-family: arial, helvetica, sans-serif;letter-spacing: 0px\"><a name=\"Product specification\"><\/a>Produktspezifikation<\/span><\/strong><\/span><\/h2>\n<p><span style=\"font-family: arial, helvetica, sans-serif;font-size: 24px\"><strong><span style=\"font-family: arial, helvetica, sans-serif;letter-spacing: 0px\"><br \/><\/span><\/strong><\/span><\/p>\n<p><span style=\"font-family:\u5b8b\u4f53;letter-spacing:0;font-size:48px\"><img loading=\"lazy\" decoding=\"async\" src=\"https:\/\/www.hommy.com\/wp-content\/uploads\/16030736305566.png\" title=\"\" alt=\"product-Hommy-img\" width=\"1000\" height=\"424\" border=\"0\" vspace=\"0\" style=\"width: 1000px;height: 424px\"><\/span><\/p>\n<p><\/p>\n<p>Dokument\uff1a<img decoding=\"async\" src=\"http:\/\/admin.allweyes.com\/templates\/admin\/default\/assets\/library\/ueditor\/dialogs\/attachment\/fileTypeImages\/icon_pdf.gif\" style=\"margin-right: 2px\" alt=\"product-HM-PM-31 Eisblockmaschine zu verkaufen-Hommy-img\" title=\"\"><a href=\"https:\/\/img80002414.weyesimg.com\/uploads\/www.hommy.com\/addon\/16030750603406.pdf\" title=\"16030750603406.pdf\" style=\"font-size: 12px\">16030750603406.pdf<\/a><\/p>\n<h2>Kann man mit Wassermaschinen Geld verdienen?<\/h2>\n<p style=\"margin-top: 5px;margin-bottom: 5px\">Wenn Sie nach einer Einkommensquelle suchen, die nachhaltig ist und nicht viel Zeit oder M\u00fche erfordert, dann lautet die Antwort: Ja, Sie k\u00f6nnen tats\u00e4chlich mit einer Wassermaschine Geld verdienen, und ich zeige Ihnen, wie.<\/p>\n<p style=\"margin-top: 5px;margin-bottom: 5px\">Es ist etwas, woran die meisten Menschen nicht denken, aber Wassermaschinen (auch bekannt als Tauchpumpen) k\u00f6nnen tats\u00e4chlich Geld f\u00fcr Sie erwirtschaften.<\/p>\n<p style=\"margin-top: 5px;margin-bottom: 5px\"><\/p>\n<h2>Sind Eisbl\u00f6cke besser als Eisw\u00fcrfel?<\/h2>\n<p style=\"margin-top: 5px;margin-bottom: 5px\">Eisw\u00fcrfel sind praktisch und es gibt sie in verschiedenen Gr\u00f6\u00dfen, aber sie sind nicht vergleichbar mit Eisbl\u00f6cken, die praktischer sind und es in mehr Varianten gibt. Auch Eisbl\u00f6cke gibt es in verschiedenen Gr\u00f6\u00dfen und Formen. Eisbl\u00f6cke sind bei den Verbrauchern die beliebteste Wahl, und das aus gutem Grund: Sie sind praktisch, eignen sich gut f\u00fcr die Bewirtung von G\u00e4sten und sind leicht zu verpacken und zu transportieren. Eisbl\u00f6cke sind auch f\u00fcr die Zubereitung von Cocktails beliebt.<\/p>\n<p style=\"margin-top: 5px;margin-bottom: 5px\"><\/p>\n<h2>Ist die Eisherstellung ein gutes Gesch\u00e4ft?<\/h2>\n<p style=\"margin-top: 5px;margin-bottom: 5px\">Ich mache das schon seit vielen Jahren, und ich muss sagen, dass ich noch nie Geld damit verdient habe. Ich hatte ein paar gute Jahre, aber nie ein gro\u00dfartiges Jahr. Ich versuche gerade herauszufinden, ob es die Zeit, das Geld und die M\u00fche wert ist, es weiterhin zu tun.Ich lebe im mittleren Westen. Hier gibt es im Winter viel Schnee. Normalerweise habe ich die Gefriertruhe voll mit Eis, wenn der Strom ausf\u00e4llt. Ich w\u00fcrde sch\u00e4tzen, dass ich etwa 25-30 Kubikfu\u00df pro Tag verkaufe.<\/p>\n<\/div><\/div>","protected":false},"excerpt":{"rendered":"<p>&nbsp;&nbsp;&nbsp;&nbsp; Ice block machine Ice block machine|Product Features|Product specification &nbsp; &nbsp;&nbsp; Manufactured with the aid of latest technological advancements, these machines are ideal for making high quality big block ice. We are a reputed name in this domain as our machines are manufactured using high quality raw material. We offer the products at industry leading [&hellip;]<\/p>\n","protected":false},"featured_media":561,"comment_status":"open","ping_status":"open","template":"","meta":{"_swt_meta_header_display":false,"_swt_meta_footer_display":false,"_swt_meta_site_title_display":false,"_swt_meta_sticky_header":false,"_swt_meta_transparent_header":false},"product_brand":[],"product_cat":[76],"product_tag":[],"class_list":{"0":"post-563","1":"product","2":"type-product","3":"status-publish","4":"has-post-thumbnail","6":"product_cat-ice-block-machine","8":"first","9":"instock","10":"shipping-taxable","11":"product-type-simple"},"_links":{"self":[{"href":"https:\/\/www.hommy.com\/de\/wp-json\/wp\/v2\/product\/563","targetHints":{"allow":["GET"]}}],"collection":[{"href":"https:\/\/www.hommy.com\/de\/wp-json\/wp\/v2\/product"}],"about":[{"href":"https:\/\/www.hommy.com\/de\/wp-json\/wp\/v2\/types\/product"}],"replies":[{"embeddable":true,"href":"https:\/\/www.hommy.com\/de\/wp-json\/wp\/v2\/comments?post=563"}],"wp:featuredmedia":[{"embeddable":true,"href":"https:\/\/www.hommy.com\/de\/wp-json\/wp\/v2\/media\/561"}],"wp:attachment":[{"href":"https:\/\/www.hommy.com\/de\/wp-json\/wp\/v2\/media?parent=563"}],"wp:term":[{"taxonomy":"product_brand","embeddable":true,"href":"https:\/\/www.hommy.com\/de\/wp-json\/wp\/v2\/product_brand?post=563"},{"taxonomy":"product_cat","embeddable":true,"href":"https:\/\/www.hommy.com\/de\/wp-json\/wp\/v2\/product_cat?post=563"},{"taxonomy":"product_tag","embeddable":true,"href":"https:\/\/www.hommy.com\/de\/wp-json\/wp\/v2\/product_tag?post=563"}],"curies":[{"name":"wp","href":"https:\/\/api.w.org\/{rel}","templated":true}]}}