{"id":560,"date":"2024-07-02T13:52:40","date_gmt":"2024-07-02T13:52:40","guid":{"rendered":"http:\/\/localhost\/hommywp\/hm-pm-62-commercial-block-ice-maker-equipment-supplier-4tons-24h\/"},"modified":"2025-08-01T09:57:36","modified_gmt":"2025-08-01T09:57:36","slug":"eisblockmaschine-zu-verkaufen","status":"publish","type":"product","link":"https:\/\/www.hommy.com\/de\/p\/eisblockmaschine-zu-verkaufen\/","title":{"rendered":"Hm-Pm-62 Kommerzieller Blockeisbereiter Ausr\u00fcstung Lieferant 4tons\/24h"},"content":{"rendered":"<div>\n<p><\/p>\n<h2 style=\", Helvetica, Arial, sans-serif;text-align: center\"><strong><span style=\"letter-spacing: 0px;font-family: arial, helvetica, sans-serif;font-size: 24px\"><a name=\"Block ice machine\"><\/a>Blockeismaschine<\/span><\/strong><\/h2>\n<p style=\"text-align: center\"><a href=\"#Block ice machine\" target=\"_self\" data-lv=\"0\" rel=\"noopener\"><span style=\"font-size: 18px;font-family: arial, helvetica, sans-serif\">Blockeismaschine<\/span><\/a><span style=\"font-size: 18px;font-family: arial, helvetica, sans-serif\">|<a href=\"#Product Features\" target=\"_self\" data-lv=\"0\" rel=\"noopener\">Produktmerkmale<\/a>|<a href=\"#PRODUCT SPECIFICATION\" target=\"_self\" data-lv=\"0\" rel=\"noopener\">PRODUKTSPEZIFIKATION<\/a><a href=\"#PRODUCT SPECIFICATION\" target=\"_self\" data-lv=\"0\" rel=\"noopener\"><\/a><\/span><\/p>\n<p><\/p>\n<p><\/p>\n<p style=\"text-align: center\">\n<p>Wir sind ein renommierter Hersteller, Lieferant und Exporteur des Blockeisbereiters. Dieser kommerzielle Block Eismaschine ist f\u00fcr die Herstellung von Eis in den kommerziellen Bereich verwendet. Diese Maschine hat die F\u00e4higkeit, gro\u00dfe Menge an Eis in weniger Zeit zu produzieren. Dar\u00fcber hinaus hat diese Maschine eine effektive und fortschrittliche Design. Diese Eismaschine ist in verschiedenen Spezifikationen zur Verf\u00fcgung.<\/p>\n<p><\/p>\n<p>Wir sind in das Angebot eine ausgezeichnete Qualit\u00e4t der kommerziellen Block Eismaschine f\u00fcr unsere wertvollen Kunden engagiert. Wir sind ein qualit\u00e4tsorientiertes Unternehmen, das sich auf die Qualit\u00e4t unserer Produkte und auch auf die Qualit\u00e4t der Dienstleistungen, die wir unseren Kunden bieten, konzentriert.<\/p>\n<p style=\"text-align: center\">&nbsp;<\/p>\n<p style=\"text-align: center\">&nbsp;<\/p>\n<div class=\"d-tem11-graphic tem11-graphic mockup\" data-detail=\"wrap\">\n<div class=\"tab_row\">\n<div class=\"img\" style=\"width: 50%\">\n<p style=\"text-align:center\"><img loading=\"lazy\" decoding=\"async\" title=\"\" alt=\"Produkt-HM-PM-62 Blockeismaschine-Hommy-img\" src=\"https:\/\/www.hommy.com\/wp-content\/uploads\/16030686509068.jpg\" width=\"480\" height=\"561\" border=\"0\" vspace=\"0\" style=\"width: 480px;height: 561px\"><\/p>\n<\/div>\n<div class=\"text_box\" style=\"width: 50%\">\n<div class=\"txt\">\n<div class=\"title\">\n<h2><strong><span style=\"font-family: arial, helvetica, sans-serif;font-size: 24px\"><a name=\"Product Features\"><\/a>Produktmerkmale<\/span><\/strong>&nbsp;<\/h2>\n<\/div>\n<p><span style=\"font-family: arial, helvetica, sans-serif\"><span style=\"font-size: 16px\">1.<\/span><span style=\"font-size: 16px\">Die Maschine hat ein luxuri\u00f6ses Aussehen und ist einfach zu bedienen und kosteng\u00fcnstig in der Wartung.<\/span><\/span><\/p>\n<p><span style=\"font-family: arial, helvetica, sans-serif\"><span style=\"font-family: \u5b8b\u4f53;font-size: 16px\">2.<\/span><span style=\"font-family: Calibri;font-size: 16px\">Innen Material Tank aus reinem Edelstahl, die Salzs\u00e4ure widerstehen kann erodieren.<\/span><\/span><\/p>\n<p><span style=\"font-family: arial, helvetica, sans-serif\"><span style=\"font-family: \u5b8b\u4f53;font-size: 16px\">3.<\/span><span style=\"font-family: Calibri;font-size: 16px\">Die Bedienung ist einfach.<\/span><\/span><\/p>\n<p><span style=\"font-family: arial, helvetica, sans-serif\"><span style=\"font-family: \u5b8b\u4f53;font-size: 16px\">4.<\/span><span style=\"font-family: Calibri;font-size: 16px\">Airproof Abdeckung und halten das Material verwenden lange Zeit.<\/span><\/span><\/p>\n<p><span style=\"font-family: arial, helvetica, sans-serif\"><span style=\"font-family: \u5b8b\u4f53;font-size: 16px\">5.<\/span><span style=\"font-family: Calibri;font-size: 16px\">Geringe Kapitalinvestitionen bei maximaler Produktion<\/span><\/span><\/p>\n<p><span style=\"font-family: arial, helvetica, sans-serif\"><span style=\"font-family: \u5b8b\u4f53;font-size: 16px\">6.<\/span><span style=\"font-family: Calibri;font-size: 16px\">Profitieren Sie vom Wasser, unglaubliches Gewinnpotenzial.<\/span><\/span><\/p>\n<p><span style=\"font-family: arial, helvetica, sans-serif\"><span style=\"font-family: \u5b8b\u4f53;font-size: 16px\">7.<\/span><span style=\"font-family: Calibri;font-size: 16px\">Angebotene Kapazit\u00e4ten: 1 Tonne\/24H, 2 Tonnen\/24H, 3 Tonnen\/24H, 4 Tonnen\/24H, 5 Tonnen\/24H.<\/span><\/span><\/p>\n<p><span style=\"font-family: arial, helvetica, sans-serif\"><span style=\"font-family: \u5b8b\u4f53;font-size: 16px\">8.<\/span><span style=\"font-family: Calibri;font-size: 16px\">Ice weight: 5kgs(130X70X630mm),10kgs(260X70X630mm),15kgs(210X100X830mm),20kgs(210X120X830mm),<\/span><\/span><\/p>\n<p style=\"text-indent:32px\"><span style=\"font-size: 16px;font-family: arial, helvetica, sans-serif\">25kgs(280X120X830mm)<\/span><\/p>\n<p><span style=\"font-family: arial, helvetica, sans-serif\"><span style=\"font-family: \u5b8b\u4f53;font-size: 16px\">9.<\/span><span style=\"font-family: Calibri;font-size: 16px\">Kein Bedarf an Fachkr\u00e4ften<\/span><\/span><\/p>\n<p><span style=\"font-family: arial, helvetica, sans-serif\"><span style=\"font-family: \u5b8b\u4f53;font-size: 16px\">10.<\/span><span style=\"font-family: Calibri;font-size: 16px\">Hohe Lebensdauer, minimale Wartung<\/span><\/span><\/p>\n<p><span style=\"font-family: arial, helvetica, sans-serif\"><span style=\"font-family: \u5b8b\u4f53;font-size: 16px\">11. <\/span><span style=\"font-family: Calibri;font-size: 16px\">Wenn die Maschine mit einem Wasserk\u00fchlsystem arbeitet, m\u00fcssen Pumpe und K\u00fchlturm zusammen installiert werden.<\/span><\/span><\/p>\n<\/div>\n<\/div>\n<\/div>\n<\/div>\n<p>&nbsp;<\/p>\n<div class=\"text-left d-tem09-title d-interval\" data-detail=\"wrap\">\n<div class=\"title-header\">\n<h2><strong><span style=\"font-size: 24px;font-family: arial, helvetica, sans-serif\"><a name=\"PRODUCT SPECIFICATION\"><\/a>PRODUKTSPEZIFIKATION<\/span><\/strong><strong><span style=\"font-size: 24px;font-family: arial, helvetica, sans-serif\"><\/span><\/strong><strong style=\"color: inherit;font-family: inherit\"><span style=\"font-size: 24px;font-family: arial, helvetica, sans-serif\">N<\/span><\/strong><\/h2>\n<div class=\"subtitle\" style=\"text-align: center\"><img loading=\"lazy\" decoding=\"async\" src=\"https:\/\/www.hommy.com\/wp-content\/uploads\/16030689896844.png\" title=\"\" alt=\"product-Hommy-img\" width=\"1000\" height=\"424\" border=\"0\" vspace=\"0\" style=\"width: 1000px;height: 424px\"><\/div>\n<\/div>\n<\/div>\n<p>&nbsp;<\/p>\n<p><span><br \/><\/span><\/p>\n<p><span>Dokument\uff1a<\/span><img decoding=\"async\" src=\"https:\/\/www.hommy.com\/wp-content\/uploads\/icon_pdf-26.gif\" style=\"margin-right: 2px\" alt=\"product-Hommy-img\" title=\"\"><a href=\"https:\/\/img80002414.weyesimg.com\/uploads\/www.hommy.com\/addon\/16030709006453.pdf\" title=\"16030709006453.pdf\" style=\"font-size: 12px\">16030709006453.pdf<\/a><\/p>\n<h2>Wie stellt man gro\u00dfe Mengen an Eisw\u00fcrfeln her?<\/h2>\n<p style=\"margin-top: 5px;margin-bottom: 5px\"><\/p>\n<p style=\"margin-top: 5px;margin-bottom: 5px\">In der Vergangenheit haben die Menschen Eisw\u00fcrfel hergestellt, indem sie Wasser in einen Plastikbeutel gef\u00fcllt und den Beutel in den K\u00fchlschrank gelegt haben. Diese Methode ist jedoch gef\u00e4hrlich, weil Plastikbeutel im K\u00fchlschrank explodieren k\u00f6nnen.<\/p>\n<p style=\"margin-top: 5px;margin-bottom: 5px\"><\/p>\n<p style=\"margin-top: 5px;margin-bottom: 5px\"><\/p>\n<p style=\"margin-top: 5px;margin-bottom: 5px\">Ich plane den Bau eines isolierten Schuppens von 8' x 4' x 4'. Ich habe eine 4' x 8' x 8'-Garage, die ich f\u00fcr ein Au\u00dfenprojekt verwenden werde, aber ich muss den zus\u00e4tzlichen Platz in meinem Schuppen f\u00fcr die Lagerung nutzen. Ich denke daran, eine billige u-f\u00f6rmige Schaumstoffplatte zu kaufen und sie mit Glasfaser zu verkleiden. Die Isolierung sollte den gr\u00f6\u00dften Teil der K\u00e4lte abhalten, aber ich frage mich, ob die Glasfaser die Feuchtigkeit abhalten wird. Ich werde das Glasfasergewebe auch auf der Innenseite anbringen. Meine Hauptsorge ist, ob die Glasfaser die Feuchtigkeit festh\u00e4lt und verhindert, dass sie in den Raum eindringt.<\/p>\n<p style=\"margin-top: 5px;margin-bottom: 5px\"><\/p>\n<h2>Warum gehen Eisbereiter immer kaputt?<\/h2>\n<p style=\"margin-top: 5px;margin-bottom: 5px\"><\/p>\n<p style=\"margin-top: 5px;margin-bottom: 5px\">Wir alle wissen, dass Eisbereiter nicht perfekt sind. Sie gehen kaputt, und selbst bei den am besten entwickelten und hergestellten Eisbereitern gibt es Eis, das es nicht durch den Eisbereiter schafft. Aber warum gehen Eisbereiter kaputt?<\/p>\n<p style=\"margin-top: 5px;margin-bottom: 5px\"><\/p>\n<p style=\"margin-top: 5px;margin-bottom: 5px\">Wir hatten k\u00fcrzlich ein Problem mit unserer Eismaschine. Sie ging kaputt. Was wir nicht wussten, war, dass sie kaputt gehen w\u00fcrde. Wir waren gerade dabei, unser Haus zu verkaufen, und hatten das Wasser nicht abgestellt. Als wir merkten, dass die Eismaschine kaputt war, riefen wir unseren \u00f6rtlichen Handwerker an. Der Handwerker kam vorbei und f\u00fchrte einige Tests durch. Er stellte fest, dass<\/p>\n<\/div><\/div>","protected":false},"excerpt":{"rendered":"<p>Block ice machine Block ice machine|Product Features|PRODUCT SPECIFICATION We are a renowned manufacturer, supplier and exporter of the block ice maker. This commercial block ice maker is used for making ice in the commercial area. This machine has the ability to produce large quantity of ice in less time. Moreover, this machine has an effective [&hellip;]<\/p>\n","protected":false},"featured_media":557,"comment_status":"open","ping_status":"open","template":"","meta":{"_swt_meta_header_display":false,"_swt_meta_footer_display":false,"_swt_meta_site_title_display":false,"_swt_meta_sticky_header":false,"_swt_meta_transparent_header":false},"product_brand":[],"product_cat":[76],"product_tag":[],"class_list":{"0":"post-560","1":"product","2":"type-product","3":"status-publish","4":"has-post-thumbnail","6":"product_cat-ice-block-machine","8":"first","9":"instock","10":"shipping-taxable","11":"product-type-simple"},"_links":{"self":[{"href":"https:\/\/www.hommy.com\/de\/wp-json\/wp\/v2\/product\/560","targetHints":{"allow":["GET"]}}],"collection":[{"href":"https:\/\/www.hommy.com\/de\/wp-json\/wp\/v2\/product"}],"about":[{"href":"https:\/\/www.hommy.com\/de\/wp-json\/wp\/v2\/types\/product"}],"replies":[{"embeddable":true,"href":"https:\/\/www.hommy.com\/de\/wp-json\/wp\/v2\/comments?post=560"}],"wp:featuredmedia":[{"embeddable":true,"href":"https:\/\/www.hommy.com\/de\/wp-json\/wp\/v2\/media\/557"}],"wp:attachment":[{"href":"https:\/\/www.hommy.com\/de\/wp-json\/wp\/v2\/media?parent=560"}],"wp:term":[{"taxonomy":"product_brand","embeddable":true,"href":"https:\/\/www.hommy.com\/de\/wp-json\/wp\/v2\/product_brand?post=560"},{"taxonomy":"product_cat","embeddable":true,"href":"https:\/\/www.hommy.com\/de\/wp-json\/wp\/v2\/product_cat?post=560"},{"taxonomy":"product_tag","embeddable":true,"href":"https:\/\/www.hommy.com\/de\/wp-json\/wp\/v2\/product_tag?post=560"}],"curies":[{"name":"wp","href":"https:\/\/api.w.org\/{rel}","templated":true}]}}