{"id":556,"date":"2024-07-02T13:52:37","date_gmt":"2024-07-02T13:52:37","guid":{"rendered":"http:\/\/localhost\/hommywp\/hm-pm-60-ice-block-making-machine-sale-for-africa-5tons-24h\/"},"modified":"2025-08-01T09:57:36","modified_gmt":"2025-08-01T09:57:36","slug":"hm-pm-60-eisblock-herstellungsmaschine-verkauf-fur-afrika","status":"publish","type":"product","link":"https:\/\/www.hommy.com\/de\/p\/hm-pm-60-eisblock-herstellungsmaschine-verkauf-fur-afrika\/","title":{"rendered":"Hm-Pm-60 Eisblockherstellungsmaschine Verkauf f\u00fcr Afrika 5tons\/24h"},"content":{"rendered":"<div>\n<p><\/p>\n<h2 style=\"text-align: center\"><strong><span style=\"letter-spacing: 0px;font-family: arial, helvetica, sans-serif;font-size: 24px\"><a name=\"ice block making machine\"><\/a>Eisblock-Maschine<\/span><\/strong><\/h2>\n<p style=\"text-align: center\"><a href=\"#ice block making machine\" target=\"_self\" data-lv=\"0\" rel=\"noopener\"><span style=\"letter-spacing: 0px;font-family: arial, helvetica, sans-serif;font-size: 16px\">Eisblock-Maschine<\/span><\/a><span style=\"letter-spacing: 0px;font-family: arial, helvetica, sans-serif;font-size: 16px\">|<a href=\"#Product Features\" target=\"_self\" data-lv=\"0\" rel=\"noopener\">Produktmerkmale<\/a>|<a href=\"#Product specification\" target=\"_self\" data-lv=\"0\" rel=\"noopener\">Produktspezifikation<\/a><\/span><\/p>\n<p><\/p>\n<p style=\"text-align: center\">&nbsp;&nbsp;&nbsp;&nbsp;<\/p>\n<p>Unsere angebotene Maschine wird verwendet, um alle Gr\u00f6\u00dfen von Eisw\u00fcrfeln f\u00fcr die Menschen zu machen. Dar\u00fcber hinaus ist die angebotene Maschine mit hochwertigen Rohstoffen und fortschrittlichen Techniken entwickelt. Unsere Kunden k\u00f6nnen die Maschine von uns in verschiedenen Konfigurationen nutzen, um ihre spezifischen Bed\u00fcrfnisse zu erf\u00fcllen.<\/p>\n<div class=\"d-tem01-graphic tem01-graphic mockup\" data-detail=\"wrap\">\n<div class=\"cont-section clearfix d-clearfix\">\n<div class=\"col-md-6 col-sm-6 col-xs-6\"><\/p>\n<div class=\"graphic_pic animated wow bounceIn\" data-wow-delay=\".7s\">\n<p style=\"text-align:center\"><img loading=\"lazy\" decoding=\"async\" src=\"https:\/\/www.hommy.com\/wp-content\/uploads\/16030866173518.jpg\" alt=\"product-Hommy-img\" title=\"\" width=\"500\" height=\"500\" border=\"0\" vspace=\"0\" style=\"width: 500px;height: 500px\"><\/p>\n<\/div>\n<\/div>\n<div class=\"col-md-6 col-sm-6 col-xs-6\">\n<div class=\"right-p\">\n<div class=\"h2 heading\">\n<h2><strong><span style=\"font-family: arial, helvetica, sans-serif;font-size: 24px\"><span style=\"font-family: arial, helvetica, sans-serif;letter-spacing: 0px\"><a name=\"Product Features\"><\/a>Produkt <\/span><span style=\"font-family: arial, helvetica, sans-serif\">Eigenschaften<\/span><\/span><\/strong><\/h2>\n<\/div>\n<div class=\"description\">\n<p><span style=\"font-family: arial, helvetica, sans-serif;font-size: 16px\">1. die Maschine ist mit Luxus Aussehen und einfache Bedienung und niedrige Kosten f\u00fcr die Wartung gebaut.<\/span><\/p>\n<p><span style=\"font-family: arial, helvetica, sans-serif\"><span style=\"font-family: \u5b8b\u4f53;font-size: 16px\">2.<\/span><span style=\"font-family: Calibri;font-size: 16px\">Innen Material Tank aus reinem Edelstahl, die Salzs\u00e4ure widerstehen kann erodieren.<\/span><\/span><\/p>\n<p><span style=\"font-family: arial, helvetica, sans-serif\"><span style=\"font-family: \u5b8b\u4f53;font-size: 16px\">3.<\/span><span style=\"font-family: Calibri;font-size: 16px\">Die Bedienung ist einfach.<\/span><\/span><\/p>\n<p><span style=\"font-family: arial, helvetica, sans-serif\"><span style=\"font-family: \u5b8b\u4f53;font-size: 16px\">4.<\/span><span style=\"font-family: Calibri;font-size: 16px\">Airproof Abdeckung und halten das Material verwenden lange Zeit.<\/span><\/span><\/p>\n<p><span style=\"font-family: arial, helvetica, sans-serif\"><span style=\"font-family: \u5b8b\u4f53;font-size: 16px\">5.<\/span><span style=\"font-family: Calibri;font-size: 16px\">Geringe Kapitalinvestitionen bei maximaler Produktion<\/span><\/span><\/p>\n<p><span style=\"font-family: arial, helvetica, sans-serif\"><span style=\"font-family: \u5b8b\u4f53;font-size: 16px\">6.<\/span><span style=\"font-family: Calibri;font-size: 16px\">Profitieren Sie vom Wasser, unglaubliches Gewinnpotenzial.<\/span><\/span><\/p>\n<p><span style=\"font-family: arial, helvetica, sans-serif\"><span style=\"font-family: \u5b8b\u4f53;font-size: 16px\">7.<\/span><span style=\"font-family: Calibri;font-size: 16px\">Angebotene Kapazit\u00e4ten: 1 Tonne\/24H, 2 Tonnen\/24H, 3 Tonnen\/24H, 4 Tonnen\/24H, 5 Tonnen\/24H.<\/span><\/span><\/p>\n<p><span style=\"font-family: arial, helvetica, sans-serif\"><span style=\"font-family: \u5b8b\u4f53;font-size: 16px\">8.<\/span><span style=\"font-family: Calibri;font-size: 16px\">Ice weight: 5kgs(130X70X630mm),10kgs(260X70X630mm),15kgs(210X100X830mm),20kgs(210X120X830mm),<\/span><\/span><\/p>\n<p style=\"text-indent:32px\"><span style=\"font-size: 16px;font-family: arial, helvetica, sans-serif\">25kgs(280X120X830mm)<\/span><\/p>\n<p><span style=\"font-family: arial, helvetica, sans-serif\"><span style=\"font-family: \u5b8b\u4f53;font-size: 16px\">9.<\/span><span style=\"font-family: Calibri;font-size: 16px\">Kein Bedarf an Fachkr\u00e4ften<\/span><\/span><\/p>\n<p><span style=\"font-family: arial, helvetica, sans-serif\"><span style=\"font-family: \u5b8b\u4f53;font-size: 16px\">10.<\/span><span style=\"font-family: Calibri;font-size: 16px\">Hohe Lebensdauer, minimale Wartung<\/span><\/span><\/p>\n<p><span style=\"font-family: arial, helvetica, sans-serif\"><span style=\"font-family: \u5b8b\u4f53;font-size: 16px\">11. <\/span><span style=\"font-family: Calibri;font-size: 16px\">Wenn die Maschine mit einem Wasserk\u00fchlsystem arbeitet, m\u00fcssen Pumpe und K\u00fchlturm zusammen installiert werden.<\/span><\/span><\/p>\n<p><span>&nbsp; &nbsp; &nbsp; &nbsp; &nbsp; &nbsp;<\/span><\/p>\n<\/div>\n<\/div>\n<\/div>\n<\/div>\n<\/div>\n<h2><strong><span style=\"letter-spacing: 0px;font-family: arial, helvetica, sans-serif;font-size: 24px\"><a name=\"Product specification\"><\/a>Produktspezifikation<\/span><\/strong><\/h2>\n<p><img loading=\"lazy\" decoding=\"async\" src=\"https:\/\/www.hommy.com\/wp-content\/uploads\/16030863868315.png\" title=\"\" alt=\"product-Hommy-img\" width=\"1000\" height=\"424\" border=\"0\" vspace=\"0\" style=\"width: 1000px;height: 424px\"><\/p>\n<p><\/p>\n<p>Dokument\uff1a<img decoding=\"async\" src=\"http:\/\/admin.allweyes.com\/templates\/admin\/default\/assets\/library\/ueditor\/dialogs\/attachment\/fileTypeImages\/icon_pdf.gif\" style=\"margin-right: 2px\" alt=\"product-HM-PM-60 Eisblockmaschine Verkauf f\u00fcr Afrika-Hommy-img\" title=\"\"><a href=\"https:\/\/img80002414.weyesimg.com\/uploads\/www.hommy.com\/addon\/16030865203721.pdf\" title=\"16030865203721.pdf\" style=\"font-size: 12px\">16030865203721.pdf<\/a><\/p>\n<h2 style=\"font-family: sans-serif\">Sind Eisbl\u00f6cke besser als Eisw\u00fcrfel?<\/h2>\n<p style=\"margin-top: 5px;margin-bottom: 5px;font-family: sans-serif;font-size: 16px\">Laut einer Umfrage der National Ice Cream Association (Nationaler Speiseeisverband) entscheiden sich die Amerikaner f\u00fcr Eisbl\u00f6cke als ihre bevorzugte Eiskremspeise. Die Beliebtheit von Eisbl\u00f6cken nimmt sogar noch zu. Die Zahl der Eisdielen, die diese neue Geschmacksrichtung anbieten, hat um fast 25 Prozent zugenommen.Eisbl\u00f6cke sind eigentlich eine relativ neue Erfindung. In den fr\u00fchen 1900er Jahren waren Eisbl\u00f6cke in den Vereinigten Staaten eine neue Eissorte.&nbsp;<\/p>\n<p style=\"margin-top: 5px;margin-bottom: 5px;font-family: sans-serif;font-size: 16px\"><\/p>\n<h2 style=\"font-family: sans-serif\">Ist die Eisherstellung ein gutes Gesch\u00e4ft?<\/h2>\n<p style=\"margin-top: 5px;margin-bottom: 5px;font-family: sans-serif;font-size: 16px\">Seit seinen Anf\u00e4ngen ist Eis ein wesentlicher Bestandteil unseres Lebens. In den fr\u00fchen Tagen der Menschheit wurde es zur Konservierung von Fleisch und anderen Lebensmitteln verwendet. Eis wird auch f\u00fcr die Herstellung von Getr\u00e4nken wie Wein und Bier und f\u00fcr die Zubereitung von Eiscreme verwendet. Und dann gibt es noch Eisw\u00fcrfel, aus denen die meisten unserer eisgek\u00fchlten Getr\u00e4nke und Lebensmittel hergestellt werden.<\/p>\n<p style=\"margin-top: 5px;margin-bottom: 5px;font-family: sans-serif;font-size: 16px\"><\/p>\n<h2 style=\"font-family: sans-serif\">Welches ist der beste Isolator, um Eis vor dem Schmelzen zu bewahren?<\/h2>\n<p style=\"margin-top: 5px;margin-bottom: 5px;font-family: sans-serif;font-size: 16px\">Der beste D\u00e4mmstoff ist eine Kombination aus mehreren Faktoren: In erster Linie muss er ein guter W\u00e4rmed\u00e4mmstoff sein, d. h. er muss der Hitze der Sonne widerstehen oder was auch immer der Fall sein mag.Wenn Sie einen kleinen Bereich haben, der nicht beheizt wird, k\u00f6nnen Sie Holz verwenden, um die Sonne abzuhalten.Wenn Sie einen gro\u00dfen Bereich haben, k\u00f6nnen Sie einen gro\u00dfen Baum verwenden.Ein besserer Ansatz w\u00e4re es, einen guten D\u00e4mmstoff auf dem Dach des Hauses zu verwenden.&nbsp;<\/p>\n<\/div><\/div>","protected":false},"excerpt":{"rendered":"<p>ice block making machine ice block making machine|Product Features|Product specification &nbsp;&nbsp;&nbsp;&nbsp; Our offered machine is used to make all sizes of ice cubes for the people. Furthermore, the offered machine is developed using quality raw material and advanced techniques. Our clients can avail the machine from us in different configurations to meet their specific needs. [&hellip;]<\/p>\n","protected":false},"featured_media":554,"comment_status":"open","ping_status":"open","template":"","meta":{"_swt_meta_header_display":false,"_swt_meta_footer_display":false,"_swt_meta_site_title_display":false,"_swt_meta_sticky_header":false,"_swt_meta_transparent_header":false},"product_brand":[],"product_cat":[76],"product_tag":[],"class_list":{"0":"post-556","1":"product","2":"type-product","3":"status-publish","4":"has-post-thumbnail","6":"product_cat-ice-block-machine","8":"first","9":"instock","10":"shipping-taxable","11":"product-type-simple"},"_links":{"self":[{"href":"https:\/\/www.hommy.com\/de\/wp-json\/wp\/v2\/product\/556","targetHints":{"allow":["GET"]}}],"collection":[{"href":"https:\/\/www.hommy.com\/de\/wp-json\/wp\/v2\/product"}],"about":[{"href":"https:\/\/www.hommy.com\/de\/wp-json\/wp\/v2\/types\/product"}],"replies":[{"embeddable":true,"href":"https:\/\/www.hommy.com\/de\/wp-json\/wp\/v2\/comments?post=556"}],"wp:featuredmedia":[{"embeddable":true,"href":"https:\/\/www.hommy.com\/de\/wp-json\/wp\/v2\/media\/554"}],"wp:attachment":[{"href":"https:\/\/www.hommy.com\/de\/wp-json\/wp\/v2\/media?parent=556"}],"wp:term":[{"taxonomy":"product_brand","embeddable":true,"href":"https:\/\/www.hommy.com\/de\/wp-json\/wp\/v2\/product_brand?post=556"},{"taxonomy":"product_cat","embeddable":true,"href":"https:\/\/www.hommy.com\/de\/wp-json\/wp\/v2\/product_cat?post=556"},{"taxonomy":"product_tag","embeddable":true,"href":"https:\/\/www.hommy.com\/de\/wp-json\/wp\/v2\/product_tag?post=556"}],"curies":[{"name":"wp","href":"https:\/\/api.w.org\/{rel}","templated":true}]}}