{"id":553,"date":"2024-07-02T13:52:34","date_gmt":"2024-07-02T13:52:34","guid":{"rendered":"http:\/\/localhost\/hommywp\/hm-pm-63-low-investment-ice-block-maker-maufacturer-direct-cost\/"},"modified":"2025-08-01T09:57:36","modified_gmt":"2025-08-01T09:57:36","slug":"hm-pm-63-eisblockmaschine","status":"publish","type":"product","link":"https:\/\/www.hommy.com\/de\/p\/hm-pm-63-eisblockmaschine\/","title":{"rendered":"Hm-Pm-63 Eisw\u00fcrfelbereiter mit niedrigen Investitionskosten Hersteller Direktkosten"},"content":{"rendered":"<div>\n<h2 style=\"text-align: center\"><span style=\"font-family: arial, helvetica, sans-serif;font-size: 24px\"><strong><span style=\"font-family: arial, helvetica, sans-serif;letter-spacing: 0px\"><br \/><\/span><\/strong><\/span><\/h2>\n<h2 style=\"text-align: center\"><span style=\"font-size: 24px;font-family: arial, helvetica, sans-serif\"><strong><span style=\"letter-spacing: 0px;font-size: 29px\"><a name=\"ice block maker\"><\/a>Eisblockhersteller<\/span><\/strong><\/span><\/h2>\n<p style=\"text-align: center\"><a href=\"#ice block maker\" target=\"_self\" data-lv=\"0\" rel=\"noopener\"><span style=\"font-family: arial, helvetica, sans-serif;font-size: 16px\"><span style=\"font-family: arial, helvetica, sans-serif;letter-spacing: 0px\"><span style=\"font-family: arial, helvetica, sans-serif;font-size: 16px;text-align: center\">Eisblockhersteller<\/span><\/span><\/span><\/a><span style=\"font-family: arial, helvetica, sans-serif;font-size: 16px\"><span style=\"font-family: arial, helvetica, sans-serif;letter-spacing: 0px\"><span style=\"font-family: arial, helvetica, sans-serif;font-size: 16px;text-align: center\"><\/span>|<a href=\"#Product Features\" target=\"_self\" data-lv=\"0\" rel=\"noopener\">Produktmerkmale<\/a>|<a href=\"#Product specification\" target=\"_self\" data-lv=\"0\" rel=\"noopener\">Produktspezifikation<\/a><\/span><\/span><\/p>\n<p><\/p>\n<p><\/p>\n<p style=\"text-align: center\">&nbsp;&nbsp;&nbsp;&nbsp;<\/p>\n<p><a style=\"color:blue\" href=\"https:\/\/www.hommy.com\/de\/eisblockmaschine\/\">Eisblock-Hersteller<\/a> kann in einer Vielzahl von Lebensmittel- und Getr\u00e4nkeindustrien verwendet werden, die meist in Form von Tiefk\u00fchlprodukten vorliegen. Der Eisw\u00fcrfelbereiter kann zur Herstellung von Eisbl\u00f6cken oder Eisw\u00fcrfeln f\u00fcr eine breite Palette von Getr\u00e4nken wie Wasser, Saft, Bier, alkoholische und alkoholfreie Getr\u00e4nke verwendet werden.<\/p>\n<p><\/p>\n<p>Wir sind einer der f\u00fchrenden Hersteller und Lieferanten von Eisblockherstellern. Wir bieten eine breite Palette von Eisbl\u00f6cke Maker, die verwendet wird, um eine gro\u00dfe Menge von Eisbl\u00f6cken oder Eisw\u00fcrfel zu produzieren.<\/p>\n<p><strong><span style=\"letter-spacing: 0px;font-family: arial, helvetica, sans-serif;font-size: 24px\"><\/span><\/strong><\/p>\n<div class=\"d-tem01-graphic tem01-graphic mockup\" data-detail=\"wrap\">\n<div class=\"cont-section clearfix d-clearfix\">\n<div class=\"col-md-6 col-sm-6 col-xs-6\"><\/p>\n<div class=\"graphic_pic animated wow bounceIn\" data-wow-delay=\".7s\">\n<p style=\"text-align:center\"><img decoding=\"async\" src=\"https:\/\/www.hommy.com\/wp-content\/uploads\/16030880678633.jpg\" alt=\"Produkt-HM-PM-63 Eisw\u00fcrfelbereiter-Hommy-img\" title=\"\"><\/p>\n<\/div>\n<\/div>\n<div class=\"col-md-6 col-sm-6 col-xs-6\">\n<div class=\"right-p\">\n<div class=\"h2 heading\">\n<h2><strong><span style=\"font-family: arial, helvetica, sans-serif;font-size: 24px\"><span style=\"font-family: arial, helvetica, sans-serif;letter-spacing: 0px\"><a name=\"Product Features\"><\/a>Produkt <\/span><span style=\"font-family: arial, helvetica, sans-serif\">Eigenschaften<\/span><\/span><\/strong><\/h2>\n<p><span style=\"font-family: arial, helvetica, sans-serif\"><span style=\"font-size: 16px\">1.<\/span><span style=\"font-size: 16px\">Die Maschine hat ein luxuri\u00f6ses Aussehen und ist einfach zu bedienen und kosteng\u00fcnstig in der Wartung.<\/span><\/span><\/p>\n<p><span style=\"font-family: arial, helvetica, sans-serif\"><span style=\"font-family: \u5b8b\u4f53;font-size: 16px\">2.<\/span><span style=\"font-family: Calibri;font-size: 16px\">Innen Material Tank aus reinem Edelstahl, die Salzs\u00e4ure widerstehen kann erodieren.<\/span><\/span><\/p>\n<p><span style=\"font-family: arial, helvetica, sans-serif\"><span style=\"font-family: \u5b8b\u4f53;font-size: 16px\">3.<\/span><span style=\"font-family: Calibri;font-size: 16px\">Die Bedienung ist einfach.<\/span><\/span><\/p>\n<p><span style=\"font-family: arial, helvetica, sans-serif\"><span style=\"font-family: \u5b8b\u4f53;font-size: 16px\">4.<\/span><span style=\"font-family: Calibri;font-size: 16px\">Airproof Abdeckung und halten das Material verwenden lange Zeit.<\/span><\/span><\/p>\n<p><span style=\"font-family: arial, helvetica, sans-serif\"><span style=\"font-family: \u5b8b\u4f53;font-size: 16px\">5.<\/span><span style=\"font-family: Calibri;font-size: 16px\">Geringe Kapitalinvestitionen bei maximaler Produktion<\/span><\/span><\/p>\n<p><span style=\"font-family: arial, helvetica, sans-serif\"><span style=\"font-family: \u5b8b\u4f53;font-size: 16px\">6.<\/span><span style=\"font-family: Calibri;font-size: 16px\">Profitieren Sie vom Wasser, unglaubliches Gewinnpotenzial.<\/span><\/span><\/p>\n<p><span style=\"font-family: arial, helvetica, sans-serif\"><span style=\"font-family: \u5b8b\u4f53;font-size: 16px\">7.<\/span><span style=\"font-family: Calibri;font-size: 16px\">Angebotene Kapazit\u00e4ten: 1 Tonne\/24H, 2 Tonnen\/24H, 3 Tonnen\/24H, 4 Tonnen\/24H, 5 Tonnen\/24H.<\/span><\/span><\/p>\n<p><span style=\"font-family: arial, helvetica, sans-serif\"><span style=\"font-family: \u5b8b\u4f53;font-size: 16px\">8.<\/span><span style=\"font-family: Calibri;font-size: 16px\">Ice weight: 5kgs(130X70X630mm),10kgs(260X70X630mm),15kgs(210X100X830mm),20kgs(210X120X830mm),<\/span><\/span><\/p>\n<p style=\"text-indent:32px\"><span style=\"font-size: 16px;font-family: arial, helvetica, sans-serif\">25kgs(280X120X830mm)<\/span><\/p>\n<p><span style=\"font-family: arial, helvetica, sans-serif\"><span style=\"font-family: \u5b8b\u4f53;font-size: 16px\">9.<\/span><span style=\"font-family: Calibri;font-size: 16px\">Kein Bedarf an Fachkr\u00e4ften<\/span><\/span><\/p>\n<p><span style=\"font-family: arial, helvetica, sans-serif\"><span style=\"font-family: \u5b8b\u4f53;font-size: 16px\">10.<\/span><span style=\"font-family: Calibri;font-size: 16px\">Hohe Lebensdauer, minimale Wartung<\/span><\/span><\/p>\n<p><span style=\"font-family: arial, helvetica, sans-serif\"><span style=\"font-family: \u5b8b\u4f53;font-size: 16px\">11. <\/span><span style=\"font-family: Calibri;font-size: 16px\">Wenn die Maschine mit einem Wasserk\u00fchlsystem arbeitet, m\u00fcssen Pumpe und K\u00fchlturm zusammen installiert werden.<\/span><\/span><\/p>\n<p><span> &nbsp; &nbsp;<\/span><\/div>\n<\/div>\n<\/div>\n<\/div>\n<\/div>\n<h2><strong><span style=\"letter-spacing: 0px;font-family: arial, helvetica, sans-serif;font-size: 24px\"><a name=\"Product specification\"><\/a>Produktspezifikation<\/span><\/strong><\/h2>\n<p><strong><span style=\"letter-spacing: 0px;font-family: arial, helvetica, sans-serif;font-size: 24px\"><br \/><\/span><\/strong><\/p>\n<p><img loading=\"lazy\" decoding=\"async\" src=\"https:\/\/www.hommy.com\/wp-content\/uploads\/16030880182602.png\" title=\"\" alt=\"product-Hommy-img\" width=\"1000\" height=\"424\" border=\"0\" vspace=\"0\" style=\"width: 1000px;height: 424px\"><\/p>\n<p><\/p>\n<p><\/p>\n<p>Dokument\uff1a<img decoding=\"async\" src=\"https:\/\/www.hommy.com\/wp-content\/uploads\/icon_pdf-25.gif\" style=\"margin-right: 2px\" alt=\"product-Hommy-img\" title=\"\"><a href=\"https:\/\/img80002414.weyesimg.com\/uploads\/www.hommy.com\/addon\/16030883546016.pdf\" title=\"16030883546016.pdf\" style=\"font-size: 12px\">16030883546016.pdf<\/a><\/p>\n<h2>Wie viel kostet eine Selbstbedienungs-Eismaschine?<\/h2>\n<p style=\"margin-top: 5px;margin-bottom: 5px\"><\/p>\n<p style=\"margin-top: 5px;margin-bottom: 5px\">Die Kosten f\u00fcr eine Selbstbedienungs-Eismaschine h\u00e4ngen von einer Vielzahl von Faktoren ab. Es kommt nicht nur auf den jeweiligen Eisbereiter oder -spender an, sondern auch auf die Menge an Eis, die Sie pro Tag herstellen m\u00fcssen, und auf den Geldbetrag, den Sie ausgeben m\u00fcssen, um Ihre Einrichtung mit einem solchen Ger\u00e4t auszustatten.<\/p>\n<p style=\"margin-top: 5px;margin-bottom: 5px\"><\/p>\n<p style=\"margin-top: 5px;margin-bottom: 5px\">Die durchschnittlichen Kosten f\u00fcr den Kauf eines Selbstbedienungseisbereiters f\u00fcr jede Art von Anwendung reichen von $900 bis $1500. Aber nat\u00fcrlich gibt es eine Menge Faktoren, die das beeinflussen werden.<\/p>\n<p style=\"margin-top: 5px;margin-bottom: 5px\"><\/p>\n<p style=\"margin-top: 5px;margin-bottom: 5px\"><\/p>\n<h2>Ist die Eisherstellung ein gutes Gesch\u00e4ft?<\/h2>\n<p style=\"margin-top: 5px;margin-bottom: 5px\"><\/p>\n<p style=\"margin-top: 5px;margin-bottom: 5px\">Wie man aus der Eisherstellung ein Gesch\u00e4ft macht<\/p>\n<p style=\"margin-top: 5px;margin-bottom: 5px\"><\/p>\n<p style=\"margin-top: 5px;margin-bottom: 5px\">Als wir f\u00fcr eine Woche nach Kanada fuhren, um zu heiraten, habe ich meiner Mutter gesagt, dass ich vielleicht eine Zeit lang nicht schreiben kann. Und dann habe ich einen Beitrag geschrieben, und innerhalb weniger Tage habe ich angefangen, mir Gedanken dar\u00fcber zu machen, ob ich es \u00f6fter tun sollte. Nach einem Monat begann ich zu verzweifeln. Die Tage vergingen, und ich hatte immer noch keine Arbeit vorzuweisen, nicht einmal, als mein Mann begann, seine eigenen Kurzgeschichten zu ver\u00f6ffentlichen. Schlie\u00dflich kam der Tag, an dem ich dachte, ich w\u00fcrde verr\u00fcckt werden und schreiben, nur damit ich mich produktiv f\u00fchlen konnte.<\/p>\n<p style=\"margin-top: 5px;margin-bottom: 5px\"><\/p>\n<h2>Kann Trockeneis 3 Tage halten?<\/h2>\n<p style=\"margin-top: 5px;margin-bottom: 5px\"><\/p>\n<p style=\"margin-top: 5px;margin-bottom: 5px\">A:<\/p>\n<p style=\"margin-top: 5px;margin-bottom: 5px\"><\/p>\n<p style=\"margin-top: 5px;margin-bottom: 5px\">Es sollte sich nicht allzu sehr zersetzen (eigentlich m\u00fcsste das Gegenteil der Fall sein, damit es funktioniert - durch den hohen Siedepunkt dehnt sich Trockeneis eher aus, als dass es seine Dichte erh\u00f6ht), aber im Allgemeinen sollte es ein paar Tage halten.<\/p>\n<p style=\"margin-top: 5px;margin-bottom: 5px\">Es kann jedoch sein, dass das Wasser schneller (oder langsamer) zerf\u00e4llt, wenn sich die Temperatur erw\u00e4rmt.<\/p>\n<\/div><\/div>","protected":false},"excerpt":{"rendered":"<p>ice block maker ice block maker|Product Features|Product specification &nbsp;&nbsp;&nbsp;&nbsp; Ice Block Maker can be used in a wide range of food and beverages industries, which are mostly in the form of frozen products. The Ice Block Maker can be used to make ice blocks or ice cubes for a wide range of beverages like water, [&hellip;]<\/p>\n","protected":false},"featured_media":550,"comment_status":"open","ping_status":"open","template":"","meta":{"_swt_meta_header_display":false,"_swt_meta_footer_display":false,"_swt_meta_site_title_display":false,"_swt_meta_sticky_header":false,"_swt_meta_transparent_header":false},"product_brand":[],"product_cat":[76],"product_tag":[],"class_list":{"0":"post-553","1":"product","2":"type-product","3":"status-publish","4":"has-post-thumbnail","6":"product_cat-ice-block-machine","8":"first","9":"instock","10":"shipping-taxable","11":"product-type-simple"},"_links":{"self":[{"href":"https:\/\/www.hommy.com\/de\/wp-json\/wp\/v2\/product\/553","targetHints":{"allow":["GET"]}}],"collection":[{"href":"https:\/\/www.hommy.com\/de\/wp-json\/wp\/v2\/product"}],"about":[{"href":"https:\/\/www.hommy.com\/de\/wp-json\/wp\/v2\/types\/product"}],"replies":[{"embeddable":true,"href":"https:\/\/www.hommy.com\/de\/wp-json\/wp\/v2\/comments?post=553"}],"wp:featuredmedia":[{"embeddable":true,"href":"https:\/\/www.hommy.com\/de\/wp-json\/wp\/v2\/media\/550"}],"wp:attachment":[{"href":"https:\/\/www.hommy.com\/de\/wp-json\/wp\/v2\/media?parent=553"}],"wp:term":[{"taxonomy":"product_brand","embeddable":true,"href":"https:\/\/www.hommy.com\/de\/wp-json\/wp\/v2\/product_brand?post=553"},{"taxonomy":"product_cat","embeddable":true,"href":"https:\/\/www.hommy.com\/de\/wp-json\/wp\/v2\/product_cat?post=553"},{"taxonomy":"product_tag","embeddable":true,"href":"https:\/\/www.hommy.com\/de\/wp-json\/wp\/v2\/product_tag?post=553"}],"curies":[{"name":"wp","href":"https:\/\/api.w.org\/{rel}","templated":true}]}}