{"id":549,"date":"2024-07-02T13:52:30","date_gmt":"2024-07-02T13:52:30","guid":{"rendered":"http:\/\/localhost\/hommywp\/hm-pm-50-commercial-heavy-duty-ice-block-machine-price-list\/"},"modified":"2025-08-01T09:57:34","modified_gmt":"2025-08-01T09:57:34","slug":"hm-pm-50-eisblockherstellungsmaschine","status":"publish","type":"product","link":"https:\/\/www.hommy.com\/de\/p\/hm-pm-50-eisblockherstellungsmaschine\/","title":{"rendered":"Hm-Pm-50 Gewerbliche Hochleistungs-Eisblockmaschine Preisliste"},"content":{"rendered":"<div>\n<p style=\"text-align: center\"><span style=\"font-family:\u5b8b\u4f53;letter-spacing:0;font-size:29px\"><br \/><\/span><\/p>\n<h2 style=\"text-align: center\"><strong><span style=\"letter-spacing: 0px;font-family: arial, helvetica, sans-serif;font-size: 24px\"><a name=\"ice block making machine\"><\/a>Eisblock-Maschine<\/span><\/strong><\/h2>\n<p style=\"text-align: center\"><a href=\"#ice block making machine\" target=\"_self\" data-lv=\"0\" rel=\"noopener\"><span style=\"font-size: 16px\"><span style=\"letter-spacing: 0px;font-family: arial, helvetica, sans-serif\">Eisblock-Maschine<\/span><\/span><\/a><span style=\"font-size: 16px\"><span style=\"letter-spacing: 0px;font-family: arial, helvetica, sans-serif\"><\/span><span style=\"letter-spacing: 0px;font-family: arial, helvetica, sans-serif\">|<a href=\"#Product Features\" target=\"_self\" data-lv=\"0\" rel=\"noopener\">Produktmerkmale<\/a>|<a href=\"#Product specification\" target=\"_self\" data-lv=\"0\" rel=\"noopener\">Produktspezifikation<\/a><\/span><\/span><\/p>\n<p><span style=\"font-size: 16px\"><br \/><\/span><\/p>\n<p style=\"text-align: center\"><span style=\"font-size: 16px\">&nbsp; &nbsp;&nbsp;<\/span><\/p>\n<p><span style=\"font-size: 16px\"><\/span><\/p>\n<p><span style=\"font-size: 16px\"><\/span><\/p>\n<p><\/p>\n<p>Unsere Maschine ist ein hoch automatisiertes Werkzeug, das auf der ganzen Welt gefragt ist. In unserer modernisierten Anlage, produzieren und entwerfen wir diese Maschinen in verschiedenen Spezifikationen zu wettbewerbsf\u00e4higen Preisen. Diese Maschinen sind in der Lage, konsistente und gleichm\u00e4\u00dfige Qualit\u00e4t zu liefern, die f\u00fcr die Herstellung von Eisbl\u00f6cken wesentlich ist. Unsere Maschinen werden mit der neuesten Technologie hergestellt und sind hocheffizient und robust. Aufgrund ihrer verschiedenen Eigenschaften, diese <a style=\"color:blue\" href=\"https:\/\/www.hommy.com\/de\/eisblockmaschine\/\">Eisblockmaschine<\/a>s werden von unseren Kunden wegen ihrer Zuverl\u00e4ssigkeit und Benutzerfreundlichkeit sehr gesch\u00e4tzt. Diese Maschinen sind unter der Leitung von hoch qualifizierten Ingenieuren hergestellt, und ihre Leistung wird auf verschiedene Parameter bewertet.<\/p>\n<div class=\"d-tem01-graphic tem01-graphic mockup\" data-detail=\"wrap\">\n<div class=\"cont-section clearfix d-clearfix\">\n<div class=\"col-md-6 col-sm-6 col-xs-6\">\n<p><\/p>\n<p><\/p>\n<div class=\"graphic_pic animated wow bounceIn\" data-wow-delay=\".7s\"><img loading=\"lazy\" decoding=\"async\" src=\"https:\/\/www.hommy.com\/wp-content\/uploads\/16030772362707.jpg\" alt=\"product-Hommy-img\" title=\"\" width=\"500\" height=\"350\" border=\"0\" vspace=\"0\" style=\"width: 500px;height: 350px\"><br \/>\n &nbsp; &nbsp; &nbsp; &nbsp; &nbsp; &nbsp;<\/div>\n<\/div>\n<div class=\"col-md-6 col-sm-6 col-xs-6\">\n<div class=\"right-p\">\n<div class=\"h2 heading\">\n<h2><strong><span style=\"font-family: arial, helvetica, sans-serif;font-size: 24px\"><span style=\"font-family: arial, helvetica, sans-serif;letter-spacing: 0px\"><a name=\"Product Features\"><\/a>Produkt <\/span><span style=\"font-family: arial, helvetica, sans-serif\">Eigenschaften<\/span><\/span><\/strong><\/h2>\n<p><span style=\"font-family: arial, helvetica, sans-serif\"><span style=\"font-size: 16px\">1.<\/span><span style=\"font-size: 16px\">Die Maschine hat ein luxuri\u00f6ses Aussehen und ist einfach zu bedienen und kosteng\u00fcnstig in der Wartung.<\/span><\/span><\/p>\n<p><span style=\"font-family: arial, helvetica, sans-serif\"><span style=\"font-family: \u5b8b\u4f53;font-size: 16px\">2.<\/span><span style=\"font-family: Calibri;font-size: 16px\">Innen Material Tank aus reinem Edelstahl, die Salzs\u00e4ure widerstehen kann erodieren.<\/span><\/span><\/p>\n<p><span style=\"font-family: arial, helvetica, sans-serif\"><span style=\"font-family: \u5b8b\u4f53;font-size: 16px\">3.<\/span><span style=\"font-family: Calibri;font-size: 16px\">Die Bedienung ist einfach.<\/span><\/span><\/p>\n<p><span style=\"font-family: arial, helvetica, sans-serif\"><span style=\"font-family: \u5b8b\u4f53;font-size: 16px\">4.<\/span><span style=\"font-family: Calibri;font-size: 16px\">Airproof Abdeckung und halten das Material verwenden lange Zeit.<\/span><\/span><\/p>\n<p><span style=\"font-family: arial, helvetica, sans-serif\"><span style=\"font-family: \u5b8b\u4f53;font-size: 16px\">5.<\/span><span style=\"font-family: Calibri;font-size: 16px\">Geringe Kapitalinvestitionen bei maximaler Produktion<\/span><\/span><\/p>\n<p><span style=\"font-family: arial, helvetica, sans-serif\"><span style=\"font-family: \u5b8b\u4f53;font-size: 16px\">6.<\/span><span style=\"font-family: Calibri;font-size: 16px\">Profitieren Sie vom Wasser, unglaubliches Gewinnpotenzial.<\/span><\/span><\/p>\n<p><span style=\"font-family: arial, helvetica, sans-serif\"><span style=\"font-family: \u5b8b\u4f53;font-size: 16px\">7.<\/span><span style=\"font-family: Calibri;font-size: 16px\">Angebotene Kapazit\u00e4ten: 1 Tonne\/24H, 2 Tonnen\/24H, 3 Tonnen\/24H, 4 Tonnen\/24H, 5 Tonnen\/24H.<\/span><\/span><\/p>\n<p><span style=\"font-family: arial, helvetica, sans-serif\"><span style=\"font-family: \u5b8b\u4f53;font-size: 16px\">8.<\/span><span style=\"font-family: Calibri;font-size: 16px\">Ice weight: 5kgs(130X70X630mm),10kgs(260X70X630mm),15kgs(210X100X830mm),20kgs(210X120X830mm),<\/span><\/span><\/p>\n<p style=\"text-indent: 32px\"><span style=\"font-size: 16px;font-family: arial, helvetica, sans-serif\">25kgs(280X120X830mm)<\/span><\/p>\n<p><span style=\"font-family: arial, helvetica, sans-serif\"><span style=\"font-family: \u5b8b\u4f53;font-size: 16px\">9.<\/span><span style=\"font-family: Calibri;font-size: 16px\">Kein Bedarf an Fachkr\u00e4ften<\/span><\/span><\/p>\n<p><span style=\"font-family: arial, helvetica, sans-serif\"><span style=\"font-family: \u5b8b\u4f53;font-size: 16px\">10.<\/span><span style=\"font-family: Calibri;font-size: 16px\">Hohe Lebensdauer, minimale Wartung<\/span><\/span><\/p>\n<p><span style=\"font-family: arial, helvetica, sans-serif\"><span style=\"font-family: \u5b8b\u4f53;font-size: 16px\">11. <\/span><span style=\"font-family: Calibri;font-size: 16px\">Wenn die Maschine mit einem Wasserk\u00fchlsystem arbeitet, m\u00fcssen Pumpe und K\u00fchlturm zusammen installiert werden.<\/span><\/span><\/p>\n<p><span>&nbsp; &nbsp; &nbsp;<\/span><\/div>\n<\/div>\n<\/div>\n<\/div>\n<\/div>\n<p><\/p>\n<h2><strong><span style=\"letter-spacing: 0px;font-family: arial, helvetica, sans-serif;font-size: 24px\"><a name=\"Product specification\"><\/a>Produktspezifikation<\/span><\/strong><\/h2>\n<p><strong><span style=\"letter-spacing: 0px;font-family: arial, helvetica, sans-serif;font-size: 24px\"><br \/><\/span><\/strong><\/p>\n<p><strong><span style=\"letter-spacing: 0px;font-family: arial, helvetica, sans-serif;font-size: 24px\"><img loading=\"lazy\" decoding=\"async\" src=\"https:\/\/www.hommy.com\/wp-content\/uploads\/16030770308566.png\" title=\"\" alt=\"product-Hommy-img\" width=\"1000\" height=\"424\" border=\"0\" vspace=\"0\" style=\"width: 1000px;height: 424px\"><\/span><\/strong><\/p>\n<p><\/p>\n<p>Dokument\uff1a<img decoding=\"async\" src=\"https:\/\/www.hommy.com\/wp-content\/uploads\/icon_pdf-24.gif\" style=\"margin-right: 2px\" alt=\"Produkt-HM-PM-50 Eisblockmaschine-Hommy-img\" title=\"\"><a href=\"https:\/\/img80002414.weyesimg.com\/uploads\/www.hommy.com\/addon\/16030773368604.pdf\" title=\"16030773368604.pdf\" style=\"font-size: 12px\">16030773368604.pdf<\/a><\/p>\n<h2 style=\"font-family: sans-serif\">Warum kosten Eisbereiter so viel?<\/h2>\n<p style=\"margin-top: 5px;margin-bottom: 5px;font-family: sans-serif;font-size: 16px\">Dies ist der erste Teil einer Reihe von Blogbeitr\u00e4gen \u00fcber die f\u00fcnf gr\u00f6\u00dften Getr\u00e4nkeeisbereiter der Welt, vom kleinsten bis hin zum leistungsst\u00e4rksten. Obwohl ein grundlegendes Verst\u00e4ndnis von Eisbereitern f\u00fcr jeden, der in den USA Soda, Limonade und Wasser trinkt, ein Muss ist, steckt in einem Eisbereiter viel mehr als nur die Herstellung von Eisw\u00fcrfeln.Der durchschnittliche Haushaltsk\u00fchlschrank produziert t\u00e4glich zwischen 500 und 600 Pfund Eis. Und obwohl das von Eisbereitern produzierte Eis nicht so rein sein muss, wollen die Hersteller Eis ohne Luftblasen oder andere Verunreinigungen produzieren.<\/p>\n<h2 style=\"font-family: sans-serif\"><\/h2>\n<h2 style=\"font-family: sans-serif\">Wie macht man zu Hause einen guten Eisblock?<\/h2>\n<p style=\"margin-top: 5px;margin-bottom: 5px;font-family: sans-serif;font-size: 16px\">A: Sie brauchen vier Eisblock-Zutaten: Salz, ein backpulver\u00e4hnliches Natron, Backpulver und Milchpulver. Man mischt alles zu einer Art lockerem Teig und l\u00e4sst ihn dann hart gefrieren. Wenn du m\u00f6chtest, kannst du noch etwas Kakaopulver oder Zitronensaft untermischen. Wenn du die Eisblock-Mischung im Gefrierschrank abk\u00fchlen l\u00e4sst, bis sie die Konsistenz von richtig nassem Keksteig hat, ist sie leichter zu handhaben.Wenn du bereit bist, einen Eisblock zu machen, nimmst du deinen Teig und rollst ihn zu einer gro\u00dfen, gro\u00dfen, schneeball\u00e4hnlichen Form. Lege ihn wieder in den Gefrierschrank, bis er fest gefroren ist. Wenn du bereit bist, die Eisbl\u00f6cke zuzubereiten, nimm ein scharfes Messer oder einen Eisportionierer, um den Teig aus dem Gefrierschrank zu holen, ihn wieder zu einem Block zu formen und in handliche St\u00fccke zu schneiden.<\/p>\n<p style=\"margin-top: 5px;margin-bottom: 5px;font-family: sans-serif;font-size: 16px\"><\/p>\n<h2 style=\"font-family: sans-serif\">Wirken Eispackungen besser als Eis?<\/h2>\n<p style=\"margin-top: 5px;margin-bottom: 5px;font-family: sans-serif;font-size: 16px\">Eine schnelle Google-Suche liefert etwa hundert Ergebnisse. Es sieht so aus, als ob viele Leute nicht davon \u00fcberzeugt sind, dass Eispackungen sehr gut funktionieren, aber wenn Sie immer noch nach Beweisen suchen, finden Sie hier ein Zitat aus der US National Library of Medicine, das zu best\u00e4tigen scheint, was Sie in Ihrer Erfahrung sehen.<\/p>\n<\/div><\/div>","protected":false},"excerpt":{"rendered":"<p>ice block making machine ice block making machine|Product Features|Product specification &nbsp; &nbsp;&nbsp; Our machine is a highly automated tool that is widely demanded throughout the globe. In our modernized facility, we manufacture and design these machines in various specifications at most competitive prices. These machines are capable of providing consistent and uniform quality, which is [&hellip;]<\/p>\n","protected":false},"featured_media":546,"comment_status":"open","ping_status":"open","template":"","meta":{"_swt_meta_header_display":false,"_swt_meta_footer_display":false,"_swt_meta_site_title_display":false,"_swt_meta_sticky_header":false,"_swt_meta_transparent_header":false},"product_brand":[],"product_cat":[76],"product_tag":[],"class_list":{"0":"post-549","1":"product","2":"type-product","3":"status-publish","4":"has-post-thumbnail","6":"product_cat-ice-block-machine","8":"first","9":"instock","10":"shipping-taxable","11":"product-type-simple"},"_links":{"self":[{"href":"https:\/\/www.hommy.com\/de\/wp-json\/wp\/v2\/product\/549","targetHints":{"allow":["GET"]}}],"collection":[{"href":"https:\/\/www.hommy.com\/de\/wp-json\/wp\/v2\/product"}],"about":[{"href":"https:\/\/www.hommy.com\/de\/wp-json\/wp\/v2\/types\/product"}],"replies":[{"embeddable":true,"href":"https:\/\/www.hommy.com\/de\/wp-json\/wp\/v2\/comments?post=549"}],"wp:featuredmedia":[{"embeddable":true,"href":"https:\/\/www.hommy.com\/de\/wp-json\/wp\/v2\/media\/546"}],"wp:attachment":[{"href":"https:\/\/www.hommy.com\/de\/wp-json\/wp\/v2\/media?parent=549"}],"wp:term":[{"taxonomy":"product_brand","embeddable":true,"href":"https:\/\/www.hommy.com\/de\/wp-json\/wp\/v2\/product_brand?post=549"},{"taxonomy":"product_cat","embeddable":true,"href":"https:\/\/www.hommy.com\/de\/wp-json\/wp\/v2\/product_cat?post=549"},{"taxonomy":"product_tag","embeddable":true,"href":"https:\/\/www.hommy.com\/de\/wp-json\/wp\/v2\/product_tag?post=549"}],"curies":[{"name":"wp","href":"https:\/\/api.w.org\/{rel}","templated":true}]}}