{"id":545,"date":"2024-07-02T13:45:38","date_gmt":"2024-07-02T13:45:38","guid":{"rendered":"http:\/\/localhost\/hommywp\/zj140-manual-staiinless-steel-sugarcane-juice-machine-manufacturer\/"},"modified":"2025-08-01T09:57:34","modified_gmt":"2025-08-01T09:57:34","slug":"zj140-zuckerrohrsaftmaschine-kommerziell","status":"publish","type":"product","link":"https:\/\/www.hommy.com\/de\/p\/zj140-zuckerrohrsaftmaschine-kommerziell\/","title":{"rendered":"Zj140 Manuelle Edelstahl Zuckerrohrsaftmaschine Hersteller"},"content":{"rendered":"<div>\n<p><span><\/span><\/p>\n<h2 style=\"text-align: center\"><strong><span style=\"font-family: arial, helvetica, sans-serif;font-size: 24px\"><a name=\"Sugar Cane Juice Extractor Machine by hand\"><\/a>Zuckerrohrsaft-Extraktionsmaschine von Hand<\/span><\/strong><span style=\"font-size: 20px\"> <\/span><\/h2>\n<p style=\"text-align: center\"><span style=\"font-size: 16px\"><span style=\"font-family: arial, helvetica, sans-serif\"><a href=\"#Sugar Cane Juice Extractor Machine by hand\" target=\"_self\" data-lv=\"0\" rel=\"noopener\">Zuckerrohrsaft-Extraktionsmaschine von Hand<\/a>|<a href=\"#PRODUCT FEATURES\" target=\"_self\" data-lv=\"0\" rel=\"noopener\">PRODUKTMERKMALE<\/a>|<a href=\"#Sugarcane Juice Machine\" target=\"_self\" data-lv=\"0\" rel=\"noopener\">Zuckerrohrsaftmaschine<\/a>|<a href=\"#PRODUCT SPECIFICATION\" target=\"_self\" data-lv=\"0\" rel=\"noopener\">PRODUKTSPEZIFIKATION<\/a>|<a href=\"#PRODUCT ADVANTAGE\" target=\"_self\" data-lv=\"0\" rel=\"noopener\">PRODUKTVORTEIL<\/a><\/span><\/span><\/p>\n<p><strong><span style=\"font-family: arial, helvetica, sans-serif;font-size: 24px\"><br \/><\/span><\/strong><\/p>\n<p><strong><span style=\"font-family: arial, helvetica, sans-serif;font-size: 24px\"><br \/><\/span><\/strong><\/p>\n<p style=\"text-align: center\">&nbsp;<\/p>\n<p><!-- Video start --><video poster=\"https:\/\/img80002414.weyesimg.com\/uploads\/www.hommy.com\/video\/15828715752041.mp4?vframe\/jpg\/offset\/1\" id=\"video\" preload=\"auto\" controls=\"controls\" style=\"width:100%;height:510px\"><\/video><!-- Video end --><\/p>\n<div class=\"text-left d-tem09-title d-interval\" data-detail=\"wrap\">\n<div class=\"title-header\">\n<p>Hinter uns steht ein Team von geschickten Fachleuten, die mit den Markttrends bestens vertraut sind. Dies hat es uns erm\u00f6glicht, eine breite Palette von <a style=\"color:blue\" href=\"https:\/\/www.hommy.com\/de\/sugarcan-juice-machine\/\">Zuckerrohrsaftmaschine<\/a> die f\u00fcr ihre attraktiven Eigenschaften und robuste Konstruktion gesch\u00e4tzt werden. Dar\u00fcber hinaus sind diese Maschinen auch in verschiedenen Gr\u00f6\u00dfen und Spezifikationen wie pro die Nachfrage unserer gesch\u00e4tzten Kunden zur Verf\u00fcgung. Dar\u00fcber hinaus ist unser Angebot an Zuckerrohr Saft Maschine weithin f\u00fcr seine einfache Installation, fehlerfreie Funktion und l\u00e4ngere Lebensdauer anerkannt.<\/p>\n<p><\/p>\n<p>Da wir \u00fcber eine umfangreiche Infrastruktur und Fachwissen verf\u00fcgen, sind wir in der Lage, den gro\u00dfen Bedarf unserer Kunden schnell zu decken.<\/p>\n<p><span style=\"font-size: 14px\"><br \/><\/span><span style=\"font-size: 14px\"><br \/><\/span><\/p>\n<h2><strong><span style=\"font-size: 24px;font-family: arial, helvetica, sans-serif\"><a name=\"PRODUCT FEATURES\"><\/a>PRODUKTMERKMALE<\/span><\/strong><\/h2>\n<div class=\"subtitle\"><span>Das Werk von Hommy erstreckt sich \u00fcber eine Fl\u00e4che von 30500 Quadratmetern in der Stadt Xinhui Jiangmen und umfasst flexible Produktionslinien, ein Forschungs- und Entwicklungslabor, ein Schulungszentrum und eine mit modernsten Ger\u00e4ten ausgestattete Werkstatt.<\/span><\/div>\n<\/div>\n<\/div>\n<p>&nbsp;<\/p>\n<div class=\"d-tem11-graphic tem11-graphic mockup\" data-detail=\"wrap\">\n<div class=\"tab_row\">\n<div class=\"img\" style=\"width: 27.6%;height: 238px\"><img decoding=\"async\" src=\"https:\/\/www.hommy.com\/wp-content\/uploads\/15828794687962-3.png\" alt=\"product-Hommy-ZJ140 Zuckerrohrsaftmaschine commercial-img\" title=\"\"><\/div>\n<div class=\"text_box\" style=\"width: 50%\">\n<div class=\"txt\">\n<p>&nbsp;<\/p>\n<h2><strong><span style=\"font-family: arial, helvetica, sans-serif;font-size: 24px\"><a name=\"Sugarcane Juice Machine\"><\/a>Zuckerrohrsaftmaschine<\/span><\/strong>&nbsp;&nbsp;<\/h2>\n<p>&nbsp;<\/p>\n<p>Sicher, hygienisch, <br \/>Revolution\u00e4res Verfahren zur Gewinnung von Zuckerrohr.<br \/>Au\u00dfenseite aus rostfreiem Stahl.<br \/>Einfach zu bedienen. das Rad leicht zu bewegen.<\/p>\n<p style=\"line-height: 1.5em\"><strong><span style=\"font-size: 18px\">Walze<\/span><\/strong><\/p>\n<p style=\"line-height: 1.5em\">Innenteil aus Eisen<br \/>\u00c4u\u00dfere Umh\u00fcllung mit rostfreiem Stahl<br \/>Kann nicht herausgenommen werden, um es nur mit Wasser abzusp\u00fclen.&nbsp;<\/p>\n<p style=\"line-height: 1.5em\"><strong><span style=\"font-size: 18px\"><br \/><\/span><\/strong><\/p>\n<p style=\"line-height: 1.5em\"><strong><span style=\"font-size: 18px\">Druckstab<\/span><\/strong><\/p>\n<p style=\"line-height: 1.5em\"><span style=\"font-size: 14px\">Stellen Sie den Abstand zwischen den Druckst\u00e4ben von Hand ein.<\/span><\/p>\n<p style=\"line-height: 1.5em\"><span style=\"font-size: 14px\">die die Saftmenge erh\u00f6hen k\u00f6nnen.<br \/><\/span><\/p>\n<p style=\"line-height: 1.5em\"><\/p>\n<p>&nbsp;<\/p>\n<\/div>\n<\/div>\n<\/div>\n<\/div>\n<p><!-- \u8517\u6c41\u673aadvantages start --><\/p>\n<h2><strong><span style=\"font-size: 24px;font-family: arial, helvetica, sans-serif\"><br \/><\/span><\/strong><\/h2>\n<h2><strong><span style=\"font-size: 24px;font-family: arial, helvetica, sans-serif\"><a name=\"PRODUCT SPECIFICATION\"><\/a>PRODUKTSPEZIFIKATION<\/span><\/strong><\/h2>\n<div class=\"title\"><span style=\"font-size: 14px\">Hervorragende Kundenerfahrung ist der Ausgangspunkt von Hommy<\/span><\/div>\n<p><span style=\"font-size: 24px\"><\/span><\/p>\n<table width=\"723\" cellspacing=\"0\" cellpadding=\"0\">\n<colgroup>\n<col width=\"72\" style=\"width: 72px\" span=\"2\" \/>\n<col width=\"80\" style=\"width: 80px\" \/>\n<col width=\"86\" style=\"width: 86px\" \/>\n<col width=\"110\" style=\"width: 110px\" \/>\n<col width=\"87\" style=\"width: 87px\" \/>\n<col width=\"72\" style=\"width: 72px\" span=\"3\" \/><\/colgroup>\n<tbody>\n<tr class=\"firstRow\" style=\"height: 32px\">\n<td width=\"72\" height=\"61\" style=\"background-color: transparent\" rowspan=\"2\"><span style=\"font-family: \u5b8b\u4f53;font-size: 16px\">Modell&nbsp;<\/span><\/td>\n<td width=\"152\" style=\"background-color: transparent\" rowspan=\"2\" colspan=\"2\"><span style=\"font-family: \u5b8b\u4f53;font-size: 16px\">Stromversorgung<\/span><\/td>\n<td width=\"86\" style=\"background-color: transparent\" rowspan=\"2\"><span style=\"font-family: \u5b8b\u4f53;font-size: 16px\">Typ<\/span><\/td>\n<td width=\"110\" style=\"background-color: transparent\" rowspan=\"2\"><span style=\"font-family: \u5b8b\u4f53;font-size: 16px\">Rollengr\u00f6\u00dfe \uff08mm)<\/span><\/td>\n<td width=\"87\" style=\"background-color: transparent\" rowspan=\"2\"><span style=\"font-family: \u5b8b\u4f53;font-size: 16px\">N.W.(kg)<\/span><\/td>\n<td width=\"216\" style=\"background-color: transparent\" colspan=\"3\"><span style=\"font-family: \u5b8b\u4f53;font-size: 16px\">Nettoabmessungen(mm)<\/span><\/td>\n<\/tr>\n<tr style=\"height: 29px\">\n<td style=\"background-color: transparent\"><span style=\"font-family: \u5b8b\u4f53;font-size: 16px\">Breite<\/span><\/td>\n<td style=\"background-color: transparent\"><span style=\"font-family: \u5b8b\u4f53;font-size: 16px\">Tiefe<\/span><\/td>\n<td style=\"background-color: transparent\"><span style=\"font-family: \u5b8b\u4f53;font-size: 16px\">H\u00f6he<\/span><\/td>\n<\/tr>\n<tr style=\"height: 36px\">\n<td height=\"36\" style=\"background-color: transparent\"><span style=\"font-family: \u5b8b\u4f53;font-size: 16px\">ZJ130<\/span><\/td>\n<td style=\"background-color: transparent\" colspan=\"2\"><span style=\"font-family: \u5b8b\u4f53;font-size: 16px\">Nein<\/span><\/td>\n<td style=\"background-color: transparent\"><span style=\"font-family: \u5b8b\u4f53;font-size: 16px\">Tabelle&nbsp;<\/span><\/td>\n<td style=\"background-color: transparent\"><span style=\"font-family: \u5b8b\u4f53;font-size: 16px\">100 X \u00d873<\/span><\/td>\n<td style=\"background-color: transparent\"><span style=\"font-family: \u5b8b\u4f53;font-size: 16px\">33<\/span><\/td>\n<td style=\"background-color: transparent\"><span style=\"font-family: \u5b8b\u4f53;font-size: 16px\">340<\/span><\/td>\n<td style=\"background-color: transparent\"><span style=\"font-family: \u5b8b\u4f53;font-size: 16px\">380<\/span><\/td>\n<td style=\"background-color: transparent\"><span style=\"font-family: \u5b8b\u4f53;font-size: 16px\">380<\/span><\/td>\n<\/tr>\n<tr style=\"height: 57px\">\n<td height=\"57\" style=\"background-color: transparent\"><span style=\"font-family: \u5b8b\u4f53;font-size: 16px\">ZJ140<\/span><\/td>\n<td width=\"152\" style=\"background-color: transparent\" colspan=\"2\"><span style=\"font-family: \u5b8b\u4f53;font-size: 16px\">220V,50HZ\/60HZ,1ph (0.75W)<\/span><\/td>\n<td style=\"background-color: transparent\"><span style=\"font-family: \u5b8b\u4f53;font-size: 16px\">Vertikal<\/span><\/td>\n<td style=\"background-color: transparent\"><span style=\"font-family: \u5b8b\u4f53;font-size: 16px\">100 X \u00d873<\/span><\/td>\n<td style=\"background-color: transparent\"><span style=\"font-family: \u5b8b\u4f53;font-size: 16px\">50<\/span><\/td>\n<td style=\"background-color: transparent\"><span style=\"font-family: \u5b8b\u4f53;font-size: 16px\">350<\/span><\/td>\n<td style=\"background-color: transparent\"><span style=\"font-family: \u5b8b\u4f53;font-size: 16px\">430<\/span><\/td>\n<td style=\"background-color: transparent\"><span style=\"font-family: \u5b8b\u4f53;font-size: 16px\">920<\/span><\/td>\n<\/tr>\n<\/tbody>\n<\/table>\n<p><span style=\"font-size: 24px\"><\/span><\/p>\n<p><span style=\"font-size: 24px\"><br \/><\/span><\/p>\n<h2><strong><span style=\"font-size: 24px;font-family: arial, helvetica, sans-serif\"><a name=\"PRODUCT ADVANTAGE\"><\/a>PRODUKTVORTEIL<\/span><\/strong><\/h2>\n<div class=\"text-left d-tem09-title d-interval\" data-detail=\"wrap\">\n<div class=\"title-header\">\n<div class=\"subtitle\"><span>Au\u00dferdem tragen hochqualifizierte Ingenieure, f\u00e4hige Technologen und sachkundiges Personal viel zur Entwicklung des Unternehmens bei.<\/span><\/div>\n<p><span><\/span><\/div>\n<\/div>\n<div class=\"d-tem01-graphic tem01-graphic mockup\" data-detail=\"wrap\">\n<div class=\"cont-section clearfix d-clearfix\">\n<div class=\"col-md-6 col-sm-6 col-xs-6\">\n<div class=\"right-p\">\n<div class=\"h2 heading\"><strong>Walze &nbsp;<\/strong><\/div>\n<p><strong>&nbsp;<\/strong><\/p>\n<div class=\"description\">\n<p style=\"text-align: center\"><strong><img loading=\"lazy\" decoding=\"async\" width=\"261\" height=\"239\" title=\"\" style=\"width: 247px\" alt=\"produkt-Hommy-Zuckerr\u00f6hrchen-Maschine Saft-img\" src=\"https:\/\/www.hommy.com\/wp-content\/uploads\/15828745399521-7.png\"><\/strong><\/p>\n<\/div>\n<\/div>\n<p><strong>&nbsp; &nbsp; &nbsp; &nbsp; &nbsp; &nbsp;<\/strong><\/div>\n<div class=\"col-md-6 col-sm-6 col-xs-6\">\n<div class=\"right-p\">\n<div class=\"h2 heading\"><strong>&nbsp;Druckbalken einstellen&nbsp;<\/strong><\/div>\n<\/div>\n<div class=\"graphic_pic animated wow bounceIn\" data-wow-delay=\".7s\">\n<p style=\"text-align: center\"><strong><img loading=\"lazy\" decoding=\"async\" width=\"471\" height=\"233\" title=\"\" style=\"width: 311px\" alt=\"produkt-zuckerrohrmaschine-saft-hommy-img\" src=\"https:\/\/www.hommy.com\/wp-content\/uploads\/15828747489869-7.png\"><\/strong><\/p>\n<\/div>\n<\/div>\n<\/div>\n<\/div>\n<p>&nbsp;<\/p>\n<p><span style=\"text-align: center\"><\/span><\/p>\n<div class=\"d-tem01-graphic tem01-graphic mockup\" data-detail=\"wrap\">\n<div class=\"cont-section clearfix d-clearfix\">\n<div class=\"col-md-6 col-sm-6 col-xs-6\">\n<div class=\"right-p\">\n<div class=\"h2 heading\">\n<p style=\"margin: 0pt\"><strong><span style=\"font-family: \u5b8b\u4f53;font-size: 24px\">Handgriff<\/span><\/strong><\/p>\n<\/div>\n<p style=\"padding: 0px;text-indent: 0px;vertical-align: baseline\"><span style=\"font-family: \u5b8b\u4f53;font-size: 16px\"><br \/><\/span><\/p>\n<\/div>\n<div class=\"graphic_pic animated wow bounceIn\" data-wow-delay=\".7s\">\n<p style=\"text-align: center\"><img loading=\"lazy\" decoding=\"async\" width=\"345\" height=\"219\" title=\"\" style=\"width: 267px\" alt=\"product-ZJ140 Zuckerrohrsaftmaschine commercial-Hommy-img\" src=\"https:\/\/www.hommy.com\/wp-content\/uploads\/15828749106493-7.png\"><\/p>\n<\/div>\n<\/div>\n<div class=\"col-md-6 col-sm-6 col-xs-6\">\n<div class=\"right-p\">\n<div class=\"h2 heading\">Auslass &nbsp;<\/div>\n<p style=\"padding: 0px;text-align: left;line-height: 17px;vertical-align: baseline\"><span style=\"letter-spacing: 0px;font-family: \u5b8b\u4f53;font-size: 16px;font-style: normal;font-weight: normal\"><br \/><\/span><\/p>\n<\/div>\n<div class=\"graphic_pic animated wow bounceIn\" data-wow-delay=\".7s\">\n<p style=\"text-align: center\"><img loading=\"lazy\" decoding=\"async\" width=\"342\" height=\"240\" title=\"\" style=\"width: 282px\" alt=\"product-Hommy-img\" src=\"https:\/\/www.hommy.com\/wp-content\/uploads\/15828750346126-1.png\"><\/p>\n<\/div>\n<\/div>\n<\/div>\n<\/div>\n<p><span style=\"text-align: center\"><\/span><\/p>\n<div class=\"d-tem01-graphic tem01-graphic mockup\" data-detail=\"wrap\">\n<div class=\"cont-section clearfix d-clearfix\">\n<div class=\"col-md-6 col-sm-6 col-xs-6\">\n<div class=\"right-p\">\n<div class=\"h2 heading\">Saft aus dem Wasserhahn nehmen&nbsp;&nbsp;<\/div>\n<div class=\"description\"><span style=\"font-family: \u5b8b\u4f53;font-size: 14px\">Filter hinzuf\u00fcgen <\/span><\/div>\n<\/div>\n<div class=\"graphic_pic animated wow bounceIn\" data-wow-delay=\".7s\">\n<p style=\"text-align: center\"><img loading=\"lazy\" decoding=\"async\" width=\"201\" height=\"322\" title=\"\" style=\"width: 475px\" alt=\"product-Hommy-img\" src=\"https:\/\/www.hommy.com\/wp-content\/uploads\/15828751527020-1.png\"><\/p>\n<\/div>\n<\/div>\n<div class=\"col-md-6 col-sm-6 col-xs-6\">\n<div class=\"right-p\">\n<div class=\"h2 heading\">\n<p style=\"margin: 0pt\">Einspeisung&nbsp;<\/p>\n<\/div>\n<div class=\"description\">Gr\u00f6\u00dfere Gr\u00f6\u00dfe einfach f\u00fcr den zweiten Prush<\/p>\n<p style=\"text-align: center\"><img decoding=\"async\" src=\"https:\/\/www.hommy.com\/wp-content\/uploads\/15828767927922-1.png\" alt=\"product-Hommy-ZJ140 Zuckerrohrsaftmaschine commercial-img-1\" title=\"\"><\/p>\n<\/div>\n<\/div>\n<p>&nbsp;&nbsp;&nbsp;&nbsp;&nbsp;&nbsp;&nbsp;&nbsp;&nbsp;&nbsp;&nbsp;&nbsp;<\/p>\n<p style=\"text-align: center\"><\/p>\n<\/div>\n<\/div>\n<\/div>\n<p><!-- \u8517\u6c41\u673aadvantages End --><\/p>\n<p>&nbsp; &nbsp; &nbsp; &nbsp; &nbsp; &nbsp; &nbsp; &nbsp; &nbsp; &nbsp; &nbsp; &nbsp; &nbsp; &nbsp; &nbsp; &nbsp; &nbsp; &nbsp; &nbsp; &nbsp; &nbsp; &nbsp; &nbsp; &nbsp; &nbsp; &nbsp; &nbsp; &nbsp; &nbsp; &nbsp; &nbsp; &nbsp; &nbsp; &nbsp; &nbsp; &nbsp; &nbsp; &nbsp;<\/p>\n<p>Dokument:<img decoding=\"async\" src=\"https:\/\/www.hommy.com\/wp-content\/uploads\/icon_pdf-23.gif\" style=\"margin-right: 2px\" alt=\"produkt-Hommy-Zuckerr\u00f6hrchen-Maschine Saft-img-1\" title=\"\"><a href=\"https:\/\/img80002414.weyesimg.com\/uploads\/www.hommy.com\/addon\/16028306334669.pdf\" title=\"16028306334669.pdf\" style=\"font-size: 12px\">16028306334669.pdf<\/a><\/p>\n<h2>Wie lange kann man Zuckerrohrsaft im K\u00fchlschrank aufbewahren?<\/h2>\n<p style=\"margin-top: 5px;margin-bottom: 5px\"><\/p>\n<p style=\"margin-top: 5px;margin-bottom: 5px\">Ich werde einen Zuckerrohrsaft f\u00fcr die Geburtstagsfeier meines Vaters herstellen. Ich habe 2,5 Liter Zuckerrohrsaft. Ich m\u00f6chte wissen, wie lange ich ihn vor dem Servieren im K\u00fchlschrank aufbewahren kann.<\/p>\n<p style=\"margin-top: 5px;margin-bottom: 5px\"><\/p>\n<p style=\"margin-top: 5px;margin-bottom: 5px\">A:<\/p>\n<p style=\"margin-top: 5px;margin-bottom: 5px\"><\/p>\n<p style=\"margin-top: 5px;margin-bottom: 5px\">Wenn Sie ihn aus frischem Zuckerrohr herstellen, k\u00f6nnen Sie ihn bedenkenlos verwenden, solange er im K\u00fchlschrank aufbewahrt wird.<\/p>\n<p style=\"margin-top: 5px;margin-bottom: 5px\">Es besteht keine Notwendigkeit, einen Zuckerrohrsaft herzustellen, wenn er bereits verarbeitet wurde.<\/p>\n<p style=\"margin-top: 5px;margin-bottom: 5px\"><\/p>\n<h2>Wie funktioniert die Zuckerrohrsaftmaschine?<\/h2>\n<p style=\"margin-top: 5px;margin-bottom: 5px\"><\/p>\n<p style=\"margin-top: 5px;margin-bottom: 5px\">Wenn Sie auf der Suche nach einer Zuckerrohrsaftmaschine sind, um Ihren eigenen Zuckerrohrsaft herzustellen, dann sind Sie hier genau richtig.<\/p>\n<p style=\"margin-top: 5px;margin-bottom: 5px\"><\/p>\n<h2>Wie viele Zuckerrohrpflanzen werden f\u00fcr 1 Acre ben\u00f6tigt?<\/h2>\n<p style=\"margin-top: 5px;margin-bottom: 5px\"><\/p>\n<p style=\"margin-top: 5px;margin-bottom: 5px\">A:<\/p>\n<p style=\"margin-top: 5px;margin-bottom: 5px\"><\/p>\n<p style=\"margin-top: 5px;margin-bottom: 5px\">Das h\u00e4ngt von vielen Dingen ab, unter anderem von der Art des Zuckerrohrs und der Art des Anbaus.<\/p>\n<p style=\"margin-top: 5px;margin-bottom: 5px\">F\u00fcr die Herstellung von 1 Tonne Zucker ben\u00f6tigt man in der Regel 1,5-2 Tonnen Zuckerrohr. Man kann die f\u00fcr eine Tonne Zucker ben\u00f6tigte Menge an Zuckerrohr reduzieren, indem man die f\u00fcr den Anbau des Zuckerrohrs verwendete Wassermenge verringert und Zuckerrohr anbaut, das produktiver ist, d. h. mehr Zucker in Zuckerrohr umwandelt.<\/p>\n<\/div><\/div>","protected":false},"excerpt":{"rendered":"<p>Sugar Cane Juice Extractor Machine by hand Sugar Cane Juice Extractor Machine by hand|PRODUCT FEATURES|Sugarcane Juice Machine|PRODUCT SPECIFICATION|PRODUCT ADVANTAGE &nbsp; We are backed by a team of deft professionals who are well-versed with the market trends. This has enabled us to manufacture a wide range of Sugarcane Juice Machine that are appreciated for their attractive [&hellip;]<\/p>\n","protected":false},"featured_media":537,"comment_status":"open","ping_status":"open","template":"","meta":{"_swt_meta_header_display":false,"_swt_meta_footer_display":false,"_swt_meta_site_title_display":false,"_swt_meta_sticky_header":false,"_swt_meta_transparent_header":false},"product_brand":[],"product_cat":[75],"product_tag":[],"class_list":{"0":"post-545","1":"product","2":"type-product","3":"status-publish","4":"has-post-thumbnail","6":"product_cat-sugarcane-juice-machine","8":"first","9":"instock","10":"shipping-taxable","11":"product-type-simple"},"_links":{"self":[{"href":"https:\/\/www.hommy.com\/de\/wp-json\/wp\/v2\/product\/545","targetHints":{"allow":["GET"]}}],"collection":[{"href":"https:\/\/www.hommy.com\/de\/wp-json\/wp\/v2\/product"}],"about":[{"href":"https:\/\/www.hommy.com\/de\/wp-json\/wp\/v2\/types\/product"}],"replies":[{"embeddable":true,"href":"https:\/\/www.hommy.com\/de\/wp-json\/wp\/v2\/comments?post=545"}],"wp:featuredmedia":[{"embeddable":true,"href":"https:\/\/www.hommy.com\/de\/wp-json\/wp\/v2\/media\/537"}],"wp:attachment":[{"href":"https:\/\/www.hommy.com\/de\/wp-json\/wp\/v2\/media?parent=545"}],"wp:term":[{"taxonomy":"product_brand","embeddable":true,"href":"https:\/\/www.hommy.com\/de\/wp-json\/wp\/v2\/product_brand?post=545"},{"taxonomy":"product_cat","embeddable":true,"href":"https:\/\/www.hommy.com\/de\/wp-json\/wp\/v2\/product_cat?post=545"},{"taxonomy":"product_tag","embeddable":true,"href":"https:\/\/www.hommy.com\/de\/wp-json\/wp\/v2\/product_tag?post=545"}],"curies":[{"name":"wp","href":"https:\/\/api.w.org\/{rel}","templated":true}]}}