{"id":536,"date":"2024-07-02T13:45:33","date_gmt":"2024-07-02T13:45:33","guid":{"rendered":"http:\/\/localhost\/hommywp\/zj130-hand-operated-sugarcane-juice-machine-at-best-factory-prices\/"},"modified":"2025-08-01T09:57:34","modified_gmt":"2025-08-01T09:57:34","slug":"zj120-zuckerrohrsaftmaschine-von-hand","status":"publish","type":"product","link":"https:\/\/www.hommy.com\/de\/p\/zj120-zuckerrohrsaftmaschine-von-hand\/","title":{"rendered":"Zj130 Handbetriebene Zuckerrohrsaftmaschine zu besten Fabrikpreisen"},"content":{"rendered":"<div>\n<p><span><\/span><\/p>\n<h2 style=\"text-align: center\"><strong><span style=\"font-family: arial, helvetica, sans-serif;font-size: 24px\"><a name=\"Sugar Cane Juice Extractor Machine by hand\"><\/a>Handbetriebene Zuckerrohrsaft-Extraktionsmaschine<\/span><\/strong><\/h2>\n<p style=\"text-align: center\"><span style=\"font-size: 16px;font-family: arial, helvetica, sans-serif\"><\/span><a href=\"#Sugar Cane Juice Extractor Machine by hand\" target=\"_self\" data-lv=\"0\" rel=\"noopener\"><span style=\"font-family: arial, helvetica, sans-serif\">Zuckerrohrsaft-Extraktionsmaschine von Hand<\/span><\/a><span style=\"font-family: arial, helvetica, sans-serif\">|<a href=\"#PRODUCT FEATURES\" target=\"_self\" data-lv=\"0\" rel=\"noopener\">PRODUKTMERKMALE<\/a>|<a href=\"#Sugarcane Juice Machine by hand\" target=\"_self\" data-lv=\"0\" rel=\"noopener\">Zuckerrohrsaftmaschine von Hand<\/a>|<a href=\"#PRODUCT SPECIFICATION\" target=\"_self\" data-lv=\"0\" rel=\"noopener\">PRODUKTSPEZIFIKATION<\/a>|<a href=\"#PRODUCT ADVANTAGE\" target=\"_self\" data-lv=\"0\" rel=\"noopener\">PRODUKTVORTEIL<\/a><span style=\"font-size: 16px\"><\/span><\/span><\/p>\n<p><strong><span style=\"font-family: arial, helvetica, sans-serif;font-size: 24px\"><br \/><\/span><\/strong><\/p>\n<p style=\"text-align: center\">&nbsp;<\/p>\n<p><!-- Video start --><video poster=\"https:\/\/img80002414.weyesimg.com\/uploads\/www.hommy.com\/video\/15828715752041.mp4?vframe\/jpg\/offset\/1\" id=\"video\" preload=\"auto\" controls=\"controls\" style=\"width:100%;height:510px\"><\/video><!-- Video end --><\/p>\n<p><span style=\"font-size: 14px\"><br \/><\/span><\/p>\n<p>&nbsp;<\/p>\n<div class=\"d-tem11-graphic tem11-graphic mockup\" data-detail=\"wrap\">\n<div class=\"tab_row\">\n<div class=\"img\" style=\"width: 49.1%;height: 306px\">\n<p style=\"text-align: center\"><img decoding=\"async\" height=\"353\" style=\"width: 69.61%\" src=\"https:\/\/www.hommy.com\/wp-content\/uploads\/15828803795049-3.jpg\" alt=\"Produkt-ZJ130 Zuckerrohrsaftmaschine von Hand-Hommy-img\" title=\"\"><\/p>\n<\/div>\n<div class=\"text_box\" style=\"width: 50%\">\n<div class=\"txt\">\n<h2><strong><span style=\"font-family: arial, helvetica, sans-serif;font-size: 24px\"><a name=\"Sugarcane Juice Machine by hand \"><\/a>Zuckerrohr-Entsafter Maschine von Hand&nbsp;<\/span><\/strong><\/h2>\n<p>&nbsp;<\/p>\n<p style=\"line-height: 1.5em\">Sicher, hygienisch, <br \/>Revolution\u00e4res Verfahren zur Gewinnung von Zuckerrohr.<br \/>Au\u00dfenseite aus rostfreiem Stahl.<br \/>Einfach zu bedienen.<\/p>\n<p style=\"line-height: 1.5em\"><strong><span style=\"font-size: 18px\">Walze<\/span><\/strong><\/p>\n<p style=\"line-height: 1.5em\">Innenteil aus Eisen<br \/>\u00c4u\u00dfere Umh\u00fcllung mit rostfreiem Stahl<br \/>Kann nicht herausgenommen werden, um es nur mit Wasser abzusp\u00fclen.&nbsp;<\/p>\n<p style=\"line-height: 1.5em\"><strong><span style=\"font-size: 18px\"><br \/><\/span><\/strong><\/p>\n<p style=\"line-height: 1.5em\"><strong><span style=\"font-size: 18px\">Druckstab<\/span><\/strong><\/p>\n<p style=\"line-height: 1.5em\"><span style=\"font-size: 14px\">Stellen Sie den Abstand zwischen den Druckst\u00e4ben von Hand ein.<\/span><\/p>\n<p style=\"line-height: 1.5em\"><span style=\"font-size: 14px\">die die Saftmenge erh\u00f6hen k\u00f6nnen.<br \/><\/span><\/p>\n<p style=\"line-height: 1.5em\"><\/p>\n<p>&nbsp;<\/p>\n<\/div>\n<\/div>\n<\/div>\n<\/div>\n<p><!-- \u8517\u6c41\u673aadvantages start --><\/p>\n<p><span style=\"font-size: 24px\"><\/span><\/p>\n<h2 style=\", Helvetica, Arial, sans-serif\"><strong><span style=\"font-size: 24px;font-family: arial, helvetica, sans-serif\"><a name=\"PRODUCT FEATURES\"><\/a>PRODUKTMERKMALE<\/span><\/strong><\/h2>\n<div class=\"subtitle\" style=\"font-size: 13px;line-height: 30px\"><span><\/span><\/p>\n<p style=\"margin: 0px;padding: 0px;font-size: 12px;line-height: 30px\"><span style=\"color:#3f3f3f\">Die handbetriebene <a style=\"color:blue\" href=\"https:\/\/www.hommy.com\/de\/sugarcan-juice-machine\/\">Zuckerrohrsaftmaschine<\/a> ist einfach zu bedienen und zu reinigen und kann frisches Zuckerrohr in nur wenigen Minuten entsaften. Bestellen Sie also noch heute Ihre beste Maschine!<\/span><\/p>\n<p style=\"margin: 0px;padding: 0px;font-size: 12px;line-height: 30px\"><span style=\"color:#3f3f3f\"><br \/><\/span><\/p>\n<h3 style=\"margin: 0px;padding: 0px;font-size: 12px;line-height: 30px\"><span style=\"color:#3f3f3f\">EINFACH ZU BEDIENEN<\/span><\/h3>\n<h3 style=\"margin: 0px;padding: 0px;font-size: 12px;line-height: 30px\"><span style=\"color:#3f3f3f\">Dieser Hand-Zuckerrohr-Entsafter ist einfach zu bedienen. Legen Sie einfach das Zuckerrohr in den Entsafter und kurbeln Sie an der Kurbel. Die eingebaute Spiraldraht-Ziehmaschine extrahiert den Saft aus dem Zuckerrohr. Manuelle Zuckerrohrverarbeitungsmaschinen sind auch f\u00fcr den Einsatz in industriellen Umgebungen geeignet. Sie sind langlebig und einfach zu bedienen und daher ideal f\u00fcr den Einsatz in gro\u00dfen Zuckerrohrsaftverarbeitungsbetrieben.<\/span><\/h3>\n<p><span style=\"color:#3f3f3f\"><br \/><\/span><span style=\"color:#3f3f3f\"><br \/><\/span><\/p>\n<h3 style=\"margin: 0px;padding: 0px;font-size: 12px;line-height: 30px\"><span style=\"color:#3f3f3f\">DER EINLASS IST GROSS UND BEQUEM ZU BEDIENEN<\/span><\/h3>\n<h3 style=\"margin: 0px;padding: 0px;font-size: 12px;line-height: 30px\"><span style=\"color:#3f3f3f\">Der Zuckerrohrentsafter hat einen gro\u00dfen Einlass. Sie k\u00f6nnen das Zuckerrohr leicht in die Maschine einf\u00fchren.&nbsp;<\/span><\/h3>\n<p><span style=\"color:#3f3f3f\"><br \/><\/span><span style=\"color:#3f3f3f\"><br \/><\/span><\/p>\n<h3 style=\"margin: 0px;padding: 0px;font-size: 12px;line-height: 30px\"><span style=\"color:#3f3f3f\">ROBUST UND LANGLEBIG<\/span><\/h3>\n<h3 style=\"margin: 0px;padding: 0px;font-size: 12px;line-height: 30px\"><span style=\"color:#3f3f3f\">Die Zuckerrohrsaftmaschine ist aus rostfreiem Stahl gefertigt. Sie ist korrosionsbest\u00e4ndig und verschlei\u00dffest und gew\u00e4hrleistet somit eine lange Lebensdauer.<\/span><\/h3>\n<p><span style=\"color:#3f3f3f\"><br \/><\/span><span style=\"color:#3f3f3f\"><br \/><\/span><\/p>\n<h3 style=\"margin: 0px;padding: 0px;font-size: 12px;line-height: 30px\"><span style=\"color:#3f3f3f\">EINFACH ZU REINIGEN<\/span><\/h3>\n<h3 style=\"margin: 0px;padding: 0px;font-size: 12px;line-height: 30px\"><span style=\"color:#3f3f3f\">Die Teile der Zuckerrohrsaftmaschine sind abnehmbar. Sie k\u00f6nnen sie leicht mit Wasser reinigen.<\/span><\/h3>\n<p><span style=\"color:#3f3f3f\"><br \/><\/span><span style=\"color:#3f3f3f\"><br \/><\/span><\/p>\n<h3 style=\"margin: 0px;padding: 0px;font-size: 12px;line-height: 30px\"><span style=\"color:#3f3f3f\">GEEIGNET F\u00dcR EINE VIELZAHL VON SZENARIEN<\/span><\/h3>\n<h3 style=\"margin: 0px;padding: 0px;font-size: 12px;line-height: 30px\"><span style=\"color:#3f3f3f\">Diese handbetriebene manuelle Zuckerrohrsaftmaschine eignet sich f\u00fcr den Einsatz in Obstgesch\u00e4ften, K\u00fchlh\u00e4usern, Kr\u00e4uterl\u00e4den, Restaurants, Hotels, Terminals, Bars, Kartenr\u00e4umen, Schulen, Kinos, Caf\u00e9s, Parks, M\u00e4rkten, Wohngebieten und anderen Orten. Sie ist recht vielseitig und kann zur Herstellung von frisch gepresstem Zuckerrohrsaft verwendet werden, der vor Ort verkauft werden kann.<\/span><\/h3>\n<p><span style=\"font-size: 24px\"><br \/><\/span><\/div>\n<h2><strong><span style=\"font-size: 24px;font-family: arial, helvetica, sans-serif\"><a name=\"PRODUCT SPECIFICATION\"><\/a>PRODUKTSPEZIFIKATION<\/span><\/strong><\/h2>\n<div class=\"title\"><span style=\"font-size: 14px\">Hervorragende Kundenerfahrung ist der Ausgangspunkt von Hommy<\/span><\/div>\n<p><span style=\"font-size: 24px\"><\/span><\/p>\n<table width=\"723\" cellspacing=\"0\" cellpadding=\"0\">\n<colgroup>\n<col width=\"72\" style=\"width: 72px\" span=\"2\" \/>\n<col width=\"80\" style=\"width: 80px\" \/>\n<col width=\"86\" style=\"width: 86px\" \/>\n<col width=\"110\" style=\"width: 110px\" \/>\n<col width=\"87\" style=\"width: 87px\" \/>\n<col width=\"72\" style=\"width: 72px\" span=\"3\" \/><\/colgroup>\n<tbody>\n<tr class=\"firstRow\" style=\"height: 32px\">\n<td width=\"72\" height=\"61\" style=\"background-color: transparent\" rowspan=\"2\"><span style=\"font-family: \u5b8b\u4f53;font-size: 16px\">Modell&nbsp;<\/span><\/td>\n<td width=\"152\" style=\"background-color: transparent\" rowspan=\"2\" colspan=\"2\"><span style=\"font-family: \u5b8b\u4f53;font-size: 16px\">Stromversorgung<\/span><\/td>\n<td width=\"86\" style=\"background-color: transparent\" rowspan=\"2\"><span style=\"font-family: \u5b8b\u4f53;font-size: 16px\">Typ<\/span><\/td>\n<td width=\"110\" style=\"background-color: transparent\" rowspan=\"2\"><span style=\"font-family: \u5b8b\u4f53;font-size: 16px\">Rollengr\u00f6\u00dfe \uff08mm)<\/span><\/td>\n<td width=\"87\" style=\"background-color: transparent\" rowspan=\"2\"><span style=\"font-family: \u5b8b\u4f53;font-size: 16px\">N.W.(kg)<\/span><\/td>\n<td width=\"216\" style=\"background-color: transparent\" colspan=\"3\"><span style=\"font-family: \u5b8b\u4f53;font-size: 16px\">Nettoabmessungen(mm)<\/span><\/td>\n<\/tr>\n<tr style=\"height: 29px\">\n<td style=\"background-color: transparent\"><span style=\"font-family: \u5b8b\u4f53;font-size: 16px\">Breite<\/span><\/td>\n<td style=\"background-color: transparent\"><span style=\"font-family: \u5b8b\u4f53;font-size: 16px\">Tiefe<\/span><\/td>\n<td style=\"background-color: transparent\"><span style=\"font-family: \u5b8b\u4f53;font-size: 16px\">H\u00f6he<\/span><\/td>\n<\/tr>\n<tr style=\"height: 36px\">\n<td height=\"36\" style=\"background-color: transparent\"><span style=\"font-family: \u5b8b\u4f53;font-size: 16px\">ZJ130<\/span><\/td>\n<td style=\"background-color: transparent\" colspan=\"2\"><span style=\"font-family: \u5b8b\u4f53;font-size: 16px\">Nein<\/span><\/td>\n<td style=\"background-color: transparent\"><span style=\"font-family: \u5b8b\u4f53;font-size: 16px\">Tabelle&nbsp;<\/span><\/td>\n<td style=\"background-color: transparent\"><span style=\"font-family: \u5b8b\u4f53;font-size: 16px\">100 X \u00d873<\/span><\/td>\n<td style=\"background-color: transparent\"><span style=\"font-family: \u5b8b\u4f53;font-size: 16px\">33<\/span><\/td>\n<td style=\"background-color: transparent\"><span style=\"font-family: \u5b8b\u4f53;font-size: 16px\">340<\/span><\/td>\n<td style=\"background-color: transparent\"><span style=\"font-family: \u5b8b\u4f53;font-size: 16px\">380<\/span><\/td>\n<td style=\"background-color: transparent\"><span style=\"font-family: \u5b8b\u4f53;font-size: 16px\">380<\/span><\/td>\n<\/tr>\n<tr style=\"height: 57px\">\n<td height=\"57\" style=\"background-color: transparent\"><span style=\"font-family: \u5b8b\u4f53;font-size: 16px\">ZJ140<\/span><\/td>\n<td width=\"152\" style=\"background-color: transparent\" colspan=\"2\"><span style=\"font-family: \u5b8b\u4f53;font-size: 16px\">220V,50HZ\/60HZ,1ph (0.75W)<\/span><\/td>\n<td style=\"background-color: transparent\"><span style=\"font-family: \u5b8b\u4f53;font-size: 16px\">Vertikal<\/span><\/td>\n<td style=\"background-color: transparent\"><span style=\"font-family: \u5b8b\u4f53;font-size: 16px\">100 X \u00d873<\/span><\/td>\n<td style=\"background-color: transparent\"><span style=\"font-family: \u5b8b\u4f53;font-size: 16px\">50<\/span><\/td>\n<td style=\"background-color: transparent\"><span style=\"font-family: \u5b8b\u4f53;font-size: 16px\">350<\/span><\/td>\n<td style=\"background-color: transparent\"><span style=\"font-family: \u5b8b\u4f53;font-size: 16px\">430<\/span><\/td>\n<td style=\"background-color: transparent\"><span style=\"font-family: \u5b8b\u4f53;font-size: 16px\">920<\/span><\/td>\n<\/tr>\n<\/tbody>\n<\/table>\n<p><span style=\"font-size: 24px\"><\/span><\/p>\n<p><span style=\"font-size: 24px\"><br \/><\/span><\/p>\n<h2><strong><span style=\"font-size: 24px;font-family: arial, helvetica, sans-serif\"><a name=\"PRODUCT ADVANTAGE\"><\/a>PRODUKTVORTEIL<\/span><\/strong><\/h2>\n<div class=\"text-left d-tem09-title d-interval\" data-detail=\"wrap\">\n<div class=\"title-header\">\n<div class=\"subtitle\"><span>Au\u00dferdem tragen hochqualifizierte Ingenieure, f\u00e4hige Technologen und sachkundiges Personal viel zur Entwicklung des Unternehmens bei.<\/span><\/div>\n<p><span><\/span><\/div>\n<\/div>\n<div class=\"d-tem01-graphic tem01-graphic mockup\" data-detail=\"wrap\">\n<div class=\"cont-section clearfix d-clearfix\">\n<div class=\"col-md-6 col-sm-6 col-xs-6\">\n<div class=\"right-p\">\n<div class=\"h2 heading\"><strong>Walze &nbsp;<\/strong><\/div>\n<p><strong>&nbsp;<\/strong><\/p>\n<div class=\"description\">\n<p style=\"text-align: center\"><strong><img loading=\"lazy\" decoding=\"async\" width=\"261\" height=\"239\" title=\"\" style=\"width: 247px\" alt=\"product-Hommy-img\" src=\"https:\/\/www.hommy.com\/wp-content\/uploads\/15828745399521-6.png\"><\/strong><\/p>\n<\/div>\n<\/div>\n<p><strong>&nbsp; &nbsp; &nbsp; &nbsp; &nbsp; &nbsp;<\/strong><\/div>\n<div class=\"col-md-6 col-sm-6 col-xs-6\">\n<div class=\"right-p\">\n<div class=\"h2 heading\"><strong>&nbsp;Druckbalken einstellen&nbsp;<\/strong><\/div>\n<\/div>\n<div class=\"graphic_pic animated wow bounceIn\" data-wow-delay=\".7s\">\n<p style=\"text-align: center\"><strong><img loading=\"lazy\" decoding=\"async\" width=\"471\" height=\"233\" title=\"\" style=\"width: 311px\" alt=\"product-Hommy-img\" src=\"https:\/\/www.hommy.com\/wp-content\/uploads\/15828747489869-6.png\"><\/strong><\/p>\n<\/div>\n<\/div>\n<\/div>\n<\/div>\n<p>&nbsp;<\/p>\n<p><span style=\"text-align: center\"><\/span><\/p>\n<div class=\"d-tem01-graphic tem01-graphic mockup\" data-detail=\"wrap\">\n<div class=\"cont-section clearfix d-clearfix\">\n<div class=\"col-md-6 col-sm-6 col-xs-6\">\n<div class=\"right-p\">\n<div class=\"h2 heading\">\n<p style=\"margin: 0pt\"><strong><span style=\"font-family: \u5b8b\u4f53;font-size: 24px\">Handgriff<\/span><\/strong><\/p>\n<\/div>\n<p style=\"padding: 0px;text-indent: 0px;vertical-align: baseline\"><span style=\"font-family: \u5b8b\u4f53;font-size: 16px\"><br \/><\/span><\/p>\n<\/div>\n<div class=\"graphic_pic animated wow bounceIn\" data-wow-delay=\".7s\">\n<p style=\"text-align: center\"><img loading=\"lazy\" decoding=\"async\" width=\"345\" height=\"219\" title=\"\" style=\"width: 267px\" alt=\"Produkt-Zuckerrohrsaftmaschine ohne Strom -Hommy-img\" src=\"https:\/\/www.hommy.com\/wp-content\/uploads\/15828749106493-6.png\"><\/p>\n<\/div>\n<\/div>\n<div class=\"col-md-6 col-sm-6 col-xs-6\">\n<div class=\"right-p\">\n<div class=\"h2 heading\">Auslass &nbsp;<\/div>\n<p style=\"padding: 0px;text-align: left;line-height: 17px;vertical-align: baseline\"><span style=\"letter-spacing: 0px;font-family: \u5b8b\u4f53;font-size: 16px;font-style: normal;font-weight: normal\"><br \/><\/span><\/p>\n<\/div>\n<div class=\"graphic_pic animated wow bounceIn\" data-wow-delay=\".7s\">\n<p style=\"text-align: center\"><img loading=\"lazy\" decoding=\"async\" width=\"342\" height=\"240\" title=\"\" style=\"width: 282px\" alt=\"Produkt-Hommy-ZJ130 Zuckerrohrsaftmaschine von hand-img\" src=\"https:\/\/www.hommy.com\/wp-content\/uploads\/15828750346126.png\"><\/p>\n<\/div>\n<\/div>\n<\/div>\n<\/div>\n<p><span style=\"text-align: center\"><\/span><\/p>\n<div class=\"d-tem01-graphic tem01-graphic mockup\" data-detail=\"wrap\">\n<div class=\"cont-section clearfix d-clearfix\">\n<div class=\"col-md-6 col-sm-6 col-xs-6\">\n<div class=\"right-p\">\n<div class=\"h2 heading\">Saft aus dem Wasserhahn nehmen&nbsp;&nbsp;<\/div>\n<div class=\"description\"><span style=\"font-family: \u5b8b\u4f53;font-size: 14px\">Filter hinzuf\u00fcgen <\/span><\/div>\n<\/div>\n<div class=\"graphic_pic animated wow bounceIn\" data-wow-delay=\".7s\">\n<p style=\"text-align: center\"><img loading=\"lazy\" decoding=\"async\" width=\"201\" height=\"322\" title=\"\" style=\"width: 475px\" alt=\"Produkt-Hommy-Zuckerr\u00f6hrensaftmaschine ohne Strom -img\" src=\"https:\/\/www.hommy.com\/wp-content\/uploads\/15828751527020.png\"><\/p>\n<\/div>\n<\/div>\n<div class=\"col-md-6 col-sm-6 col-xs-6\">\n<div class=\"right-p\">\n<div class=\"h2 heading\">\n<p style=\"margin: 0pt\">Einspeisung&nbsp;<\/p>\n<\/div>\n<div class=\"description\">Gr\u00f6\u00dfere Gr\u00f6\u00dfe einfach f\u00fcr den zweiten Prush<\/p>\n<p style=\"text-align: center\"><img decoding=\"async\" src=\"https:\/\/www.hommy.com\/wp-content\/uploads\/15828767927922.png\" alt=\"Produkt-ZJ130 Zuckerrohrsaftmaschine von Hand-Hommy-img-1\" title=\"\"><\/p>\n<\/div>\n<\/div>\n<p>&nbsp;&nbsp;&nbsp;&nbsp;&nbsp;&nbsp;&nbsp;&nbsp;&nbsp;&nbsp;&nbsp;&nbsp;<\/p>\n<p style=\"text-align: center\"><span style=\"font-size: 20px\"><br \/><\/span><\/p>\n<\/div>\n<\/div>\n<\/div>\n<p><!-- \u8517\u6c41\u673aadvantages End --><\/p>\n<h2>Hommy handbetriebene Zuckerrohrsaftmaschine in Indien f\u00fcr Obstgesch\u00e4fte<\/h2>\n<h3>Gr\u00fcndung eines Unternehmens f\u00fcr handbetriebene Zuckerrohrsaftmaschinen in Indien<\/h3>\n<p>Die Gr\u00fcndung einer handbetriebenen Zuckerrohrsaftmaschine in Indien ist eine gro\u00dfartige M\u00f6glichkeit, Ihr eigener Chef zu werden, Ihre Arbeitszeit selbst zu bestimmen und ein gutes Einkommen zu erzielen.<\/p>\n<p>Erstens w\u00e4chst der Markt f\u00fcr Zuckerrohrsaft in Indien schnell. Zweitens ist Zuckerrohrsaft ein gesundes und erfrischendes Getr\u00e4nk, das bei allen Altersgruppen beliebt ist.<\/p>\n<p>Drittens ist die Gr\u00fcndung eines eigenen Unternehmens eine gute M\u00f6glichkeit, sein eigener Chef zu sein und ein gutes Einkommen zu erzielen.<\/p>\n<p>Viertens: Mit einer handbetriebenen Zuckerrohrsaftmaschine k\u00f6nnen Sie Ihr Vorhaben mit einer sehr geringen Investition beginnen.<\/p>\n<p>F\u00fcnftens, Sie haben jetzt Hommy gefunden, einen vertrauensw\u00fcrdigen Lieferanten von Zuckerrohrsaftmaschinen in China.<\/p>\n<p>Wenn Sie also auf der Suche nach einer Gesch\u00e4ftsm\u00f6glichkeit mit gutem Wachstumspotenzial sind, ist die Gr\u00fcndung eines handbetriebenen Zuckerrohrsaftmaschinenprojekts in Indien eine gute Option f\u00fcr Sie.<\/p>\n<h3>Es ist schwer, in Indien eine manuelle Zuckerrohrpresse zu finden.<\/h3>\n<p>Im Folgenden finden Sie einige Punkte, die Sie bei der Suche nach einer manuellen Zuckerrohrpressenfabrik in Indien beachten sollten.<\/p>\n<p>Fragen Sie, ob sie zertifizierte Materialien in den von ihnen hergestellten Maschinen verwenden? K\u00f6nnen sie nachgewiesen werden? K\u00f6nnen sie Garantien f\u00fcr ihr Produkt geben? Welche Arten von Garantien bieten sie f\u00fcr die Maschine an? Wie hoch sind die Kosten f\u00fcr die Garantie? Wie hoch sind die Kosten f\u00fcr den Versand (national und international)? Gibt es Kontaktinformationen auf der Website des Unternehmens? Steht eine vollst\u00e4ndige Beschreibung der Maschinen zur Verf\u00fcgung? Werden die Maschinen von einem externen Labor getestet, um sicherzustellen, dass sie sicher sind? Wenn sie eine Garantie oder Gew\u00e4hrleistung in Anspruch nehmen, wie ist das Verfahren f\u00fcr die R\u00fcckgabe der Maschine, wenn sie defekt ist? Wie sieht das R\u00fcckgaberecht aus? K\u00f6nnen sie ein Zertifikat vorlegen, das belegt, dass sie von der indischen Regierung f\u00fcr die Herstellung dieser Produkte zertifiziert sind? Kann das Unternehmen bei Bedarf gegen\u00fcber der \u00f6rtlichen Regierung nachweisen, dass es die f\u00fcr den Betrieb des Werks geltenden Gesetze einh\u00e4lt? Bieten sie Anleitungsvideos f\u00fcr die Verwendung ihrer Ger\u00e4te an? Wie viel k\u00f6nnen Sie pro Artikel und Monat bezahlen? Wie sieht die Zahlungspolitik aus? Ist ein Kredit erlaubt?<\/p>\n<h3>Dinge, die Sie beim Kauf eines Produkts beachten sollten <a style=\"color:blue\" href=\"https:\/\/www.hommy.com\/de\/sugarcan-juice-machine\/\">Zuckerrohrsaftpresse<\/a> von Hand<\/h3>\n<p>Ausr\u00fcstung zur Herstellung von Rohrzucker. Viele L\u00e4nder stellen Zucker aus Zuckerrohr als Rohstoff her. Indien ist eines dieser L\u00e4nder, das jedes Jahr Zuckerrohr anbaut und es im Inland verbraucht. Es gibt jedoch einige Leute, die Zuckerrohr nur wegen des Gewinns anbauen, den sie durch den Verkauf an die Hersteller von Maschinen zur Zerkleinerung des Zuckerrohrs und anderer erforderlicher Ausr\u00fcstungen erzielen. In diesem Land gibt es viele Zuckerrohrbauern, die Jahr f\u00fcr Jahr mit dem Anbau von Zuckerrohr besch\u00e4ftigt sind. Obwohl in einigen Teilen der Welt eine hohe Nachfrage nach Zucker besteht, ist die Nachfrage hier geringer, da die ben\u00f6tigten Mengen bereits verbraucht werden. Daher werden auf dem Markt hohe Preise f\u00fcr den Kauf dieser Zerkleinerungsmaschine im Wert von etwa 2 bis 3 Lakhs verlangt. Aber, wenn Sie schauen, um eine f\u00fcr sich selbst oder Ihre Familienmitglieder zu kaufen, denken Sie daran, es gibt eine Menge Wettbewerb auf dem Markt heute, die viele der H\u00e4ndler gezwungen, Rabatte zu bieten, um den Kunden zu gewinnen \u00fcber.<\/p>\n<h3>Hommy kann Ihre Hand bedienen Zuckerrohr Entsafter Maker Gesch\u00e4ft helfen<\/h3>\n<p>Unsere Vorteile sind wie folgt: Erfahrene F&amp;E-Abteilung: Wir verf\u00fcgen \u00fcber ein erfahrenes F&amp;E-Team, das die Markttrends analysieren und neue Produkte entsprechend den Anforderungen der Kunden entwickeln kann. Au\u00dferdem setzt unser Qualit\u00e4tskontrollteam das Qualit\u00e4tspr\u00fcfungssystem w\u00e4hrend des gesamten Prozesses streng um, um die Produktqualit\u00e4t zu gew\u00e4hrleisten. Gro\u00dfe Produktpalette: Es gibt viele Arten von verschiedenen Maschinenmodellen in unserer Produktionslinie, einschlie\u00dflich manuelle Rohrsaftpresse, automatische Zuckerrohrsaftpresse, etc. OEM-F\u00e4higkeit: Wir k\u00f6nnen alle Arten von ma\u00dfgeschneiderten Maschinen in verschiedenen Gr\u00f6\u00dfen nach den spezifischen Anforderungen des Kunden entwerfen und herstellen. Gute finanzielle Lage und TQM: Unser Unternehmen hat die ISO9001:2008 Qualit\u00e4tsmanagement-Zertifizierung erhalten und verf\u00fcgt \u00fcber eine gro\u00dfe Menge an Verm\u00f6genswerten, die einen stabilen Betrieb gew\u00e4hrleisten k\u00f6nnen. Wir k\u00f6nnen Ihnen qualitativ hochwertige Produkte und erstklassigen Service zu einem wettbewerbsf\u00e4higen Preis anbieten!<\/p>\n<p>&nbsp; &nbsp; &nbsp; &nbsp; &nbsp; &nbsp; &nbsp; &nbsp; &nbsp; &nbsp; &nbsp; &nbsp; &nbsp; &nbsp; &nbsp; &nbsp; &nbsp; &nbsp; &nbsp; &nbsp; &nbsp; &nbsp; &nbsp; &nbsp; &nbsp; &nbsp; &nbsp; &nbsp; &nbsp; &nbsp; &nbsp;&nbsp;<\/p>\n<p>Dokument\uff1a<img decoding=\"async\" src=\"https:\/\/www.hommy.com\/wp-content\/uploads\/icon_pdf-22.gif\" style=\"margin-right: 2px\" alt=\"produkt-Hommy-img-1\" title=\"\"><a href=\"https:\/\/img80002414.weyesimg.com\/uploads\/www.hommy.com\/addon\/16028310973207.pdf\" title=\"16028310973207.pdf\" style=\"font-size: 12px\">16028310973207.pdf<\/a><\/p>\n<p><\/p>\n<\/div><\/div>","protected":false},"excerpt":{"rendered":"<p>Hand Operated Sugar Cane Juice Extractor Machine Sugar Cane Juice Extractor Machine by hand|PRODUCT FEATURES|Sugarcane Juice Machine by hand|PRODUCT SPECIFICATION|PRODUCT ADVANTAGE &nbsp; &nbsp; Sugarcane Juicer Machine by hand&nbsp; &nbsp; Safe, Hygienic, Revolutionary sugarcane extracting process.Outside made in stainless steel&nbsp;.Easy to operation . Roller Inside part made of ironOutside wrap with Stainless steelCan not take out [&hellip;]<\/p>\n","protected":false},"featured_media":528,"comment_status":"open","ping_status":"open","template":"","meta":{"_swt_meta_header_display":false,"_swt_meta_footer_display":false,"_swt_meta_site_title_display":false,"_swt_meta_sticky_header":false,"_swt_meta_transparent_header":false},"product_brand":[],"product_cat":[75],"product_tag":[],"class_list":{"0":"post-536","1":"product","2":"type-product","3":"status-publish","4":"has-post-thumbnail","6":"product_cat-sugarcane-juice-machine","8":"first","9":"instock","10":"shipping-taxable","11":"product-type-simple"},"_links":{"self":[{"href":"https:\/\/www.hommy.com\/de\/wp-json\/wp\/v2\/product\/536","targetHints":{"allow":["GET"]}}],"collection":[{"href":"https:\/\/www.hommy.com\/de\/wp-json\/wp\/v2\/product"}],"about":[{"href":"https:\/\/www.hommy.com\/de\/wp-json\/wp\/v2\/types\/product"}],"replies":[{"embeddable":true,"href":"https:\/\/www.hommy.com\/de\/wp-json\/wp\/v2\/comments?post=536"}],"wp:featuredmedia":[{"embeddable":true,"href":"https:\/\/www.hommy.com\/de\/wp-json\/wp\/v2\/media\/528"}],"wp:attachment":[{"href":"https:\/\/www.hommy.com\/de\/wp-json\/wp\/v2\/media?parent=536"}],"wp:term":[{"taxonomy":"product_brand","embeddable":true,"href":"https:\/\/www.hommy.com\/de\/wp-json\/wp\/v2\/product_brand?post=536"},{"taxonomy":"product_cat","embeddable":true,"href":"https:\/\/www.hommy.com\/de\/wp-json\/wp\/v2\/product_cat?post=536"},{"taxonomy":"product_tag","embeddable":true,"href":"https:\/\/www.hommy.com\/de\/wp-json\/wp\/v2\/product_tag?post=536"}],"curies":[{"name":"wp","href":"https:\/\/api.w.org\/{rel}","templated":true}]}}