{"id":53,"date":"2024-07-02T11:51:46","date_gmt":"2024-07-02T11:51:46","guid":{"rendered":"http:\/\/localhost\/hommywp\/hm160a-automatic-smoothie-vending-machine-40-second-blends\/"},"modified":"2025-08-01T09:57:26","modified_gmt":"2025-08-01T09:57:26","slug":"hm160a-automatischer-smoothie-automat-40-sekunden-mischungen","status":"publish","type":"product","link":"https:\/\/www.hommy.com\/de\/p\/hm160a-automatischer-smoothie-automat-40-sekunden-mischungen\/","title":{"rendered":"HM160A: Automatischer Smoothie-Automat (40-Sekunden-Mischungen!)"},"content":{"rendered":"<h2 class=\"wp-block-heading\">HM160A: Automatischer Smoothie-Automat (40-Sekunden-Mischungen!)<\/h2>\n\n\n\n<p>Der kommerzielle Smoothie-Automat Hommy HM160A verkauft in 40 Sekunden leckere und gesunde Smoothies aus echten gefrorenen Fr\u00fcchten.<\/p>\n\n\n\n<div class=\"wp-block-group is-content-justification-center is-nowrap is-layout-flex wp-container-core-group-is-layout-23441af8 wp-block-group-is-layout-flex\">\n<figure class=\"wp-block-image size-large\"><img decoding=\"async\" src=\"https:\/\/www.hommy.com\/wp-content\/uploads\/17105143854028.jpg\" alt=\"\" title=\"\"><\/figure>\n\n\n\n<figure class=\"wp-block-image size-large\"><img decoding=\"async\" src=\"https:\/\/www.hommy.com\/wp-content\/uploads\/17105143847413.jpg\" alt=\"\" title=\"\"><\/figure>\n\n\n\n<figure class=\"wp-block-image size-large\"><img decoding=\"async\" src=\"https:\/\/www.hommy.com\/wp-content\/uploads\/17105143852250.jpg\" alt=\"\" title=\"\"><\/figure>\n<\/div>\n\n\n\n<div style=\"height:50px\" aria-hidden=\"true\" class=\"wp-block-spacer\"><\/div>\n\n\n<p><iframe loading=\"lazy\" title=\"Smoothie-Automat\" width=\"500\" height=\"281\" src=\"https:\/\/www.youtube.com\/embed\/LroJLrzqiXU?feature=oembed\" frameborder=\"0\" allow=\"accelerometer; autoplay; clipboard-write; encrypted-media; gyroscope; picture-in-picture; web-share\" referrerpolicy=\"strict-origin-when-cross-origin\" allowfullscreen><\/iframe><\/p>\n\n\n\n<div style=\"height:50px\" aria-hidden=\"true\" class=\"wp-block-spacer\"><\/div>\n\n\n\n<div class=\"wp-block-group is-vertical is-content-justification-center is-layout-flex wp-container-core-group-is-layout-ce155fab wp-block-group-is-layout-flex\">\n<h2 class=\"wp-block-heading\">Produktspezifikation:<\/h2>\n\n\n\n<figure class=\"wp-block-image\"><img decoding=\"async\" src=\"https:\/\/www.hommy.com\/wp-content\/uploads\/17105175578638.jpg\" alt=\"Spezifikationen f\u00fcr Smoothie-Automaten\" title=\"Spezifikationen f\u00fcr Smoothie-Automaten\"\/><\/figure>\n<\/div>\n\n\n\n<div style=\"height:50px\" aria-hidden=\"true\" class=\"wp-block-spacer\"><\/div>\n\n\n\n<h2 class=\"wp-block-heading\">Produktmerkmale:<\/h2>\n\n\n\n<p>Frische Zutaten, schneller Service: Smoothie in 40 Sekunden zubereiten!<\/p>\n\n\n\n<p>Dieser Selbstbedienungs-Automat kann k\u00f6stliche und gesunde Smoothies aus echten gefrorenen Fr\u00fcchten herstellen und sie verkaufen. W\u00e4hlen Sie einfach die Zutaten aus, und der Automat mischt sie automatisch mit der gew\u00fcnschten Menge Wasser oder Milch (100ml-300ml) in weniger als einer Minute.<\/p>\n\n\n\n<div style=\"height:50px\" aria-hidden=\"true\" class=\"wp-block-spacer\"><\/div>\n\n\n\n<h3 class=\"wp-block-heading\">Zwei Touchscreens f\u00fcr einfache Bedienung und \u00dcberwachung:<\/h3>\n\n\n\n<p>25-Zoll-Kunden-Touchscreen: Durchsuchen Sie die Smoothie-Optionen, sehen Sie sich verlockende Fotos von Fruchtaromen an und geben Sie Ihre Bestellung auf.<\/p>\n\n\n\n<p>Interner 13,3-Zoll-Touchscreen (f\u00fcr Bediener): Verwalten Sie Mischdaten wie Wasser-\/Milchverbrauch, Reinigungseffizienz und Mischzyklen.<\/p>\n\n\n\n<div style=\"height:50px\" aria-hidden=\"true\" class=\"wp-block-spacer\"><\/div>\n\n\n\n<h3 class=\"wp-block-heading\">Einfaches Verfolgen des Inventars:<\/h3>\n\n\n\n<ol class=\"wp-block-list\">\n<li><p>Integrierter QR-Code-Scanner: Die Maschine scannt einen eindeutigen QR-Code auf jedem Becher und erm\u00f6glicht so eine genaue Bestandsverfolgung. Sehen Sie ganz einfach, wie viele Smoothies verkauft wurden.<\/p><\/li>\n\n\n\n<li><p>Verkaufsanzeige in Echtzeit: Der 13,3-Zoll-Bildschirm zeigt die Gesamtzahl der ausgegebenen Smoothies an und bietet so einen klaren und unmittelbaren \u00dcberblick \u00fcber Ihre Verkaufsleistung.<\/p><\/li>\n<\/ol>\n\n\n\n<div style=\"height:50px\" aria-hidden=\"true\" class=\"wp-block-spacer\"><\/div>\n\n\n\n<h3 class=\"wp-block-heading\">QR-Code-Verfolgung<\/h3>\n\n\n\n<p>Jeder Becher erh\u00e4lt einen eindeutigen QR-Code, der den Wasserverbrauch, die Mischgeschwindigkeit und -zeit sowie die Menge des Reinigungswassers f\u00fcr eine optimale Qualit\u00e4tskontrolle erfasst.<\/p>\n\n\n\n<div style=\"height:50px\" aria-hidden=\"true\" class=\"wp-block-spacer\"><\/div>\n\n\n\n<h3 class=\"wp-block-heading\">Fernverwaltung von Maschinen<\/h3>\n\n\n\n<p>\u00dcberwachen Sie Verkaufsdaten und Maschinenleistung aus der Ferne f\u00fcr eine proaktive Wartung und eine fundierte Bestandsverwaltung.<\/p>\n\n\n\n<div style=\"height:50px\" aria-hidden=\"true\" class=\"wp-block-spacer\"><\/div>\n\n\n\n<h3 class=\"wp-block-heading\">Automatischer Reinigungszyklus<\/h3>\n\n\n\n<p>Die Maschine reinigt sich nach jeder Mischung selbst und gew\u00e4hrleistet so Hygiene und gleichbleibenden Geschmack f\u00fcr jeden Kunden.<\/p>\n\n\n\n<div style=\"height:50px\" aria-hidden=\"true\" class=\"wp-block-spacer\"><\/div>\n\n\n\n<h3 class=\"wp-block-heading\">Optionen f\u00fcr die Bechergr\u00f6\u00dfe<\/h3>\n\n\n\n<p>W\u00e4hlen Sie zwischen lebensmittelechten PET-Bechern mit einem Fassungsverm\u00f6gen von 14 oz oder 16 oz, um Ihren Bed\u00fcrfnissen gerecht zu werden.<\/p>\n\n\n\n<div style=\"height:50px\" aria-hidden=\"true\" class=\"wp-block-spacer\"><\/div>\n\n\n\n<h3 class=\"wp-block-heading\">Smoothie-Automaten-Betriebsprozess:<\/h3>\n\n\n\n<p>Laden Sie die Maschine: F\u00fcllen Sie die Becher mit Obst, verschlie\u00dfen Sie sie und bringen Sie QR-Code-Aufkleber an. Lagern Sie die Becher im Gefrierschrank zwischen -10\u00b0C und -18\u00b0C.<\/p>\n\n\n\n<p>Ausw\u00e4hlen und bezahlen: W\u00e4hlen Sie den Smoothie-Geschmack und bezahlen Sie mit dem Touchscreen.<\/p>\n\n\n\n<p>Becher einsammeln: Holen Sie den gefrorenen Obstbecher aus dem daf\u00fcr vorgesehenen Schlitz.<\/p>\n\n\n\n<p>Scannen und \u00f6ffnen: Scannen Sie den QR-Code auf dem Becher, um den Mischbereich zu entriegeln. Die T\u00fcr wird automatisch ge\u00f6ffnet.<\/p>\n\n\n\n<p>Einsetzen und mixen: Setzen Sie die Tasse in die Halterung unter dem Mixer. Die T\u00fcr schlie\u00dft sich automatisch.<\/p>\n\n\n\n<p>Genie\u00dfen Sie den Smoothie! Der leckere Smoothie ist in etwa 40 Sekunden fertig.<\/p>\n\n\n\n<p>Automatische Reinigung: Die Maschine reinigt die Klingen nach jeder Mischung automatisch mit Wasser und gew\u00e4hrleistet so die Hygiene f\u00fcr den n\u00e4chsten Kunden.<\/p>\n\n\n\n<div style=\"height:50px\" aria-hidden=\"true\" class=\"wp-block-spacer\"><\/div>\n\n\n\n<h3 class=\"wp-block-heading\">Automatische UV-Sterilisation<\/h3>\n\n\n\n<p>Dank der eingebauten UV-Bestrahlung, die Bakterien und Viren innerhalb des Ger\u00e4ts abt\u00f6tet, k\u00f6nnen Sie sicher sein, dass die h\u00f6chsten Hygienestandards eingehalten werden.<\/p>\n\n\n\n<div style=\"height:50px\" aria-hidden=\"true\" class=\"wp-block-spacer\"><\/div>\n\n\n\n<h3 class=\"wp-block-heading\">Schaffen Sie Ihre Markenidentit\u00e4t<\/h3>\n\n\n\n<p>Entwerfen Sie individuelle Maschinenmuster, die zu Ihrer Marke passen. Dar\u00fcber hinaus bieten wir OEM-Dienstleistungen an, um Maschinen an Ihre speziellen Bed\u00fcrfnisse anzupassen.<\/p>\n\n\n\n<div style=\"height:50px\" aria-hidden=\"true\" class=\"wp-block-spacer\"><\/div>\n\n\n\n<div class=\"wp-block-group is-vertical is-content-justification-center is-layout-flex wp-container-core-group-is-layout-ce155fab wp-block-group-is-layout-flex\">\n<h2 class=\"wp-block-heading\">Produktvorteil:<\/h2>\n\n\n\n<p>1.<span style=\"font-size: revert; color: initial;\">Scannersystem: Das Scannersystem erkennt die im QR-Code eingestellten Informationen (F\u00fcllmenge des Wassers, Mixergeschwindigkeit, Mixzeit) und stellt den Smoothie entsprechend her. Die Maschine arbeitet f\u00fcr verschiedene Geschmacksrichtungen auf der Grundlage der Einstellung im QR-Code.<\/span><\/p>\n\n\n\n<figure class=\"wp-block-image\"><img decoding=\"async\" src=\"https:\/\/www.hommy.com\/wp-content\/uploads\/17105175559625.jpg\" alt=\"Scanner\" title=\"Scanner\"\/><\/figure>\n\n\n\n<div style=\"height:0px\" aria-hidden=\"true\" class=\"wp-block-spacer wp-container-content-28f0cd9b\"><\/div>\n\n\n\n<p>2. ein-Klick-System: Der Bediener kann w\u00e4hlen, um ein Ein-Klick-System zu verwenden, die Maschine machen Smoothie auf der Grundlage von Informationen (F\u00fcllmenge von Wasser, Mischzeit, Mischgeschwindigkeit) in den Bildschirm hinteren Ende eingestellt und machen Smoothie entsprechend. Maschine arbeitet f\u00fcr eine Geschmacksrichtung nur auf der Grundlage der Einstellung.<\/p>\n\n\n\n<figure class=\"wp-block-image\"><img decoding=\"async\" src=\"https:\/\/www.hommy.com\/wp-content\/uploads\/17105175558461.jpg\" alt=\"Ein Klick\" title=\"Ein Klick\"\/><\/figure>\n\n\n\n<div style=\"height:0px\" aria-hidden=\"true\" class=\"wp-block-spacer wp-container-content-28f0cd9b\"><\/div>\n\n\n\n<p>3. selbstreinigend: Die Maschine reinigt sich automatisch nach jedem Mixvorgang.<\/p>\n\n\n\n<figure class=\"wp-block-image\"><img decoding=\"async\" src=\"https:\/\/www.hommy.com\/wp-content\/uploads\/17105175531218.jpg\" alt=\"Reinigung\" title=\"Reinigung\"\/><\/figure>\n\n\n\n<div style=\"height:0px\" aria-hidden=\"true\" class=\"wp-block-spacer wp-container-content-28f0cd9b\"><\/div>\n\n\n\n<p>4.<span style=\"font-size: revert; color: initial;\">Sicher: Im Inneren der Maschine befindet sich ein Sensor. Die Klingen mischen sich erst, wenn die T\u00fcr geschlossen ist.<\/span><\/p>\n\n\n\n<figure class=\"wp-block-image\"><img decoding=\"async\" src=\"https:\/\/www.hommy.com\/wp-content\/uploads\/17105175522157.jpg\" alt=\"Mixer\" title=\"Mixer\"\/><\/figure>\n\n\n\n<div style=\"height:0px\" aria-hidden=\"true\" class=\"wp-block-spacer wp-container-content-28f0cd9b\"><\/div>\n\n\n\n<p>5. die Maschine im Inneren haben mehrere Sprachen f\u00fcr zu w\u00e4hlen: Chinesisch, Englisch, Deutsch, Arabisch, Malaysisch, Thai, Spanisch, Koreanisch, etc...<\/p>\n\n\n\n<figure class=\"wp-block-image\"><img decoding=\"async\" src=\"https:\/\/www.hommy.com\/wp-content\/uploads\/17105175543965.jpg\" alt=\"Sprachkenntnisse\" title=\"Sprachkenntnisse\"\/><\/figure>\n\n\n\n<div style=\"height:0px\" aria-hidden=\"true\" class=\"wp-block-spacer wp-container-content-28f0cd9b\"><\/div>\n\n\n\n<p class=\"has-text-align-left\">6. es gibt sauberen Wassertank und Abwassertank innerhalb der Maschine. Keine Wasserleitung erforderlich. Kein Bodenabfluss erforderlich. Kann immer f\u00fcr besseren Gewinn verschoben werden.<\/p>\n\n\n\n<figure class=\"wp-block-image\"><img decoding=\"async\" src=\"https:\/\/www.hommy.com\/wp-content\/uploads\/17105175576781.jpg\" alt=\"Wassertanks\" title=\"Wassertanks\"\/><\/figure>\n\n\n\n<div style=\"height:0px\" aria-hidden=\"true\" class=\"wp-block-spacer wp-container-content-28f0cd9b\"><\/div>\n<\/div>\n\n\n\n<h2 class=\"wp-block-heading\">FAQ<\/h2>\n\n\n\n<p>Ist ein Smoothie-Automat rentabel?<\/p>\n\n\n\n<p>Ein Smoothie-Automat kann die Betriebskosten senken, da er die teure Ladenmiete und die Personalkosten erheblich reduziert. Es braucht nur eine Person, die das Material regelm\u00e4\u00dfig auff\u00fcllt. Dies nimmt unsere Smoothie-Automaten Gesch\u00e4ft eine hohe profitable und kosteneffiziente M\u00f6glichkeit.<\/p>\n\n\n\n<p>Wie funktioniert der Smoothie-Automat?<\/p>\n\n\n\n<p>Dank innovativer Technologien speichert der Smoothie-Automat gefrorene Fr\u00fcchte, mischt sie im Becher und reinigt sie nach jedem Mixvorgang automatisch. Eine Tasse gesunder und frischer Smoothie kann in 1 Minute zubereitet werden.&nbsp;<\/p>\n\n\n\n<p>Was ist eine neue Gesch\u00e4ftsm\u00f6glichkeit f\u00fcr Verkaufsautomaten in den USA?<\/p>\n\n\n\n<p>Immer mehr Menschen in den USA, die auf der Suche nach Gesundheit sind, m\u00f6gen den frischen Smoothie. Wie kann man einen Smoothie \u00fcberall und jederzeit genie\u00dfen? Der erste \"Blend-in-Cup\"-Smoothie-Automat wurde in einem Einkaufszentrum in den USA aufgestellt. Der Smoothie-Automat mit gefrorenen echten Fr\u00fcchten ist eine neue Gesch\u00e4ftsm\u00f6glichkeit, die sich auf der ganzen Welt verbreitet.&nbsp;<\/p>","protected":false},"excerpt":{"rendered":"<p>HM160A: Automatic Smoothie Vending Machine (40-Second Blends!) Hommy HM160A commercial automatic smoothie vending machine can sell delicious and healthy smoothies in 40 seconds using real frozen fruit. Product specification: Product Features: Fresh ingredients, fast service: Make smoothie in 40 seconds! This self-serve vending machine can create delicious and healthy smoothies using real frozen fruit and [&hellip;]<\/p>\n","protected":false},"featured_media":42,"comment_status":"closed","ping_status":"closed","template":"","meta":{"_swt_meta_header_display":false,"_swt_meta_footer_display":false,"_swt_meta_site_title_display":false,"_swt_meta_sticky_header":false,"_swt_meta_transparent_header":false},"product_brand":[],"product_cat":[69,68],"product_tag":[],"class_list":{"0":"post-53","1":"product","2":"type-product","3":"status-publish","4":"has-post-thumbnail","6":"product_cat-smoothie-vending-machine","7":"product_cat-vending-machine","9":"first","10":"instock","11":"shipping-taxable","12":"product-type-simple"},"_links":{"self":[{"href":"https:\/\/www.hommy.com\/de\/wp-json\/wp\/v2\/product\/53","targetHints":{"allow":["GET"]}}],"collection":[{"href":"https:\/\/www.hommy.com\/de\/wp-json\/wp\/v2\/product"}],"about":[{"href":"https:\/\/www.hommy.com\/de\/wp-json\/wp\/v2\/types\/product"}],"replies":[{"embeddable":true,"href":"https:\/\/www.hommy.com\/de\/wp-json\/wp\/v2\/comments?post=53"}],"wp:featuredmedia":[{"embeddable":true,"href":"https:\/\/www.hommy.com\/de\/wp-json\/wp\/v2\/media\/42"}],"wp:attachment":[{"href":"https:\/\/www.hommy.com\/de\/wp-json\/wp\/v2\/media?parent=53"}],"wp:term":[{"taxonomy":"product_brand","embeddable":true,"href":"https:\/\/www.hommy.com\/de\/wp-json\/wp\/v2\/product_brand?post=53"},{"taxonomy":"product_cat","embeddable":true,"href":"https:\/\/www.hommy.com\/de\/wp-json\/wp\/v2\/product_cat?post=53"},{"taxonomy":"product_tag","embeddable":true,"href":"https:\/\/www.hommy.com\/de\/wp-json\/wp\/v2\/product_tag?post=53"}],"curies":[{"name":"wp","href":"https:\/\/api.w.org\/{rel}","templated":true}]}}