{"id":438,"date":"2024-07-02T13:35:55","date_gmt":"2024-07-02T13:35:55","guid":{"rendered":"http:\/\/localhost\/hommywp\/zj190d-new-instant-fresh-sugarcane-juicing-squeezing-machine\/"},"modified":"2025-08-01T09:57:32","modified_gmt":"2025-08-01T09:57:32","slug":"zj190d","status":"publish","type":"product","link":"https:\/\/www.hommy.com\/de\/p\/zj190d\/","title":{"rendered":"Zj190d Neue Instant-Frischzuckerrohr-Entsaftungsmaschine"},"content":{"rendered":"<div>\n<p><span style=\"font-size: 20px\"><br \/><\/span><\/p>\n<h2 style=\"text-align: center\"><strong><span style=\"font-family: arial, helvetica, sans-serif;font-size: 24px\"><a name=\"Sugar Cane Juice Extractor Machine with cooler\"><\/a>Zuckerrohrsaft-Extraktionsmaschine mit K\u00fchler<\/span><\/strong><\/h2>\n<p style=\"text-align: center\"><span style=\"font-family: arial, helvetica, sans-serif;font-size: 16px\"><a href=\"#Sugar Cane Juice Extractor Machine with cooler\" target=\"_self\" data-lv=\"0\" rel=\"noopener\">Zuckerrohrsaft-Extraktionsmaschine mit K\u00fchler<\/a>|<a href=\"#PRODUCT FEATURES\" target=\"_self\" data-lv=\"0\" rel=\"noopener\">PRODUKTMERKMALE<\/a>|<a href=\"#Sugarcane Juice Machine With Cooler and freezer\" target=\"_self\" data-lv=\"0\" rel=\"noopener\">Zuckerrohrsaftmaschine mit K\u00fchler und Gefrierschrank<\/a>|<a href=\"#PRODUCT ADVANTAGE\" target=\"_self\" data-lv=\"0\" rel=\"noopener\">PRODUKTVORTEIL<\/a><\/span><\/p>\n<p><span style=\"font-size: 20px\"><br \/><\/span><\/p>\n<p style=\"text-align: center\">&nbsp;<\/p>\n<p><!-- Video start --><video poster=\"https:\/\/img80002414.weyesimg.com\/uploads\/www.hommy.com\/video\/15828463075760.mp4?vframe\/jpg\/offset\/1\" id=\"video\" preload=\"auto\" controls=\"controls\" style=\"width:100%;height:510px\"><\/video><!-- Video end --><\/p>\n<div class=\"text-left d-tem09-title d-interval\" data-detail=\"wrap\">\n<p><\/p>\n<p>Unsere Maschine wird pr\u00e4zise konstruiert und mit hochwertigen Komponenten und modernster Technologie gefertigt, um sicherzustellen, dass sie nach den internationalen Standards funktioniert. Diese Maschinen sind so konzipiert, dass sie den Benutzern optimale Ergebnisse bieten. Unsere frischen Zuckerrohr-Saftpressmaschinen sind aufgrund ihrer langen Lebensdauer, Zuverl\u00e4ssigkeit, Genauigkeit, geringer Wartung usw. auf dem Markt weit verbreitet.<\/p>\n<h2><strong><span style=\"font-size: 24px;font-family: arial, helvetica, sans-serif\"><br \/><\/span><\/strong><\/h2>\n<h2><strong><span style=\"font-size: 24px;font-family: arial, helvetica, sans-serif\"><a name=\"PRODUCT FEATURES\"><\/a>PRODUKTMERKMALE<\/span><\/strong><\/h2>\n<div class=\"subtitle\"><span>Das Werk von Hommy erstreckt sich \u00fcber eine Fl\u00e4che von 30500 Quadratmetern in der Stadt Xinhui Jiangmen und umfasst flexible Produktionslinien, ein Forschungs- und Entwicklungslabor, ein Schulungszentrum und eine mit modernsten Ger\u00e4ten ausgestattete Werkstatt.<\/span><\/div>\n<p><\/p>\n<\/div>\n<p>&nbsp;<\/p>\n<div class=\"d-tem11-graphic tem11-graphic mockup\" data-detail=\"wrap\">\n<div class=\"tab_row\">\n<div class=\"img\" style=\"width: 50%\"><img decoding=\"async\" height=\"514\" title=\"\" style=\"width: 90.23%\" alt=\"product-Hommy-img\" src=\"https:\/\/www.hommy.com\/wp-content\/uploads\/15828495889503.png\"><\/div>\n<div class=\"text_box\" style=\"width: 50%\">\n<div class=\"txt\">\n<p>&nbsp;<\/p>\n<h2><strong><span style=\"font-family: arial, helvetica, sans-serif;font-size: 24px\"><a name=\"Sugarcane Juice Machine With Cooler and freezer\"><\/a>Zuckerrohrsaftmaschine mit K\u00fchler und Gefrierschrank<\/span><\/strong><\/h2>\n<p>&nbsp;<\/p>\n<p style=\"line-height: 1.5em\">Sicher, hygienisch, K\u00fchler, Becherspender, Promotion-Merkmale<br \/>Revolution\u00e4res Verfahren zur Gewinnung von Zuckerrohr.<br \/>Innovatives Design mit K\u00fchlbox und Becherspender.<br \/>\u00c4u\u00dferes Design zieht Kunden an und hilft Ihnen bei der Werbung.<br \/>Hygienisch: Alle Teile, die mit dem Saft in Ber\u00fchrung kommen, sind lebensmittelecht. Der Abfall wird in den verdeckten modularen M\u00fclleimer geleitet.<br \/>Leise: Ger\u00e4uschreduzierung bis zu 90% im Vergleich zur herk\u00f6mmlichen Maschine.<\/p>\n<p style=\"line-height: 1.5em\"><strong><span style=\"font-size: 18px\">Walze<\/span><\/strong><br \/>Hergestellt aus rostfreiem Stahl 100%.<br \/>Die Walze l\u00e4sst sich zum Reinigen jedes Mal leicht herausnehmen.<br \/>Das in einem Durchgang zerkleinerte Zuckerrohr endet mit einer Extraktionsleistung von bis zu 85%.<\/p>\n<p style=\"line-height: 1.5em\"><strong><span style=\"font-size: 18px\">Getriebemotor<\/span><\/strong><br \/>Die Motordrehzahl ist je nach Durchmesser des Zuckerrohrst\u00e4ngels variabel. Je gr\u00f6\u00dfer der Durchmesser ist, desto niedriger ist die Drehzahl, um eine maximale Extraktionsleistung zu erzielen.<br \/>1\/2HP, 400Watt, einphasig.<br \/>Die Rolle kann sich vorw\u00e4rts und r\u00fcckw\u00e4rts bewegen.<\/p>\n<p style=\"line-height: 1.5em\"><strong><span style=\"font-size: 18px\">Zuckerrohr Eingang<\/span><\/strong><br \/>Geeignet f\u00fcr Zuckerrohrst\u00e4ngel mit einem Durchmesser von bis zu 2-1\/4\".<br \/>K\u00e4ltesystem<br \/>Der gepresste Saft wird fein gefiltert und schnell gek\u00fchlt.<br \/>Es kann den Saft K\u00fchlung von3\u2103 bis 9\u2103 halten.<br \/>Wasserhahn reinigen<br \/>Erm\u00f6glicht eine bequeme t\u00e4gliche Reinigung der K\u00fchlbox und des Verbindungsrohrs.<\/p>\n<p style=\"line-height: 1.5em\">&nbsp;<\/p>\n<p style=\"line-height: 1.5em\"><span style=\"font-size: 18px\"><strong>Gefrierschrank<\/strong><\/span><br \/>Halten Sie die Temperatur von 3\u2103bis 9\u2103. <br \/>Halten Sie Zucker kann etwa 150pcs. <\/p>\n<p>&nbsp;<\/p>\n<\/div>\n<\/div>\n<\/div>\n<\/div>\n<p><!-- \u8517\u6c41\u673aadvantages start --><\/p>\n<h2><strong><span style=\"font-size: 24px;font-family: arial, helvetica, sans-serif\"><a name=\"PRODUCT ADVANTAGE\"><\/a>PRODUKTVORTEIL<\/span><\/strong><\/h2>\n<div class=\"text-left d-tem09-title d-interval\" data-detail=\"wrap\">\n<div class=\"title-header\">\n<div class=\"subtitle\"><span>Au\u00dferdem tragen hochqualifizierte Ingenieure, f\u00e4hige Technologen und sachkundiges Personal viel zur Entwicklung des Unternehmens bei.<\/span><\/div>\n<p><span><\/span><\/div>\n<\/div>\n<div class=\"d-tem01-graphic tem01-graphic mockup\" data-detail=\"wrap\">\n<div class=\"cont-section clearfix d-clearfix\">\n<div class=\"col-md-6 col-sm-6 col-xs-6\">\n<div class=\"right-p\">\n<div class=\"h2 heading\">Leicht zu reinigen&nbsp;<\/div>\n<div class=\"description\">Der Maschinenk\u00f6rper ist aus rostfreiem Stahl gefertigt und verf\u00fcgt \u00fcber einen Wasserhahn, der die Bedienung der Maschine erleichtert.&nbsp;<\/div>\n<div class=\"description\">\n<p style=\"text-align: center\"><img loading=\"lazy\" decoding=\"async\" width=\"261\" height=\"244\" style=\"width: 374px\" src=\"https:\/\/www.hommy.com\/wp-content\/uploads\/15825383689650-3.png\" alt=\"Produkt-Hommy-ZJ190D Zuckerrohr-Entsaftermaschine mit K\u00fchl-IMG\" title=\"\"><\/p>\n<\/div>\n<\/div>\n<p>&nbsp; &nbsp; &nbsp; &nbsp; &nbsp; &nbsp;<\/p><\/div>\n<div class=\"col-md-6 col-sm-6 col-xs-6\">\n<div class=\"right-p\">\n<div class=\"h2 heading\">Dach und Logo &nbsp;<\/div>\n<div class=\"description\">Das Dach von mehr als 2,5 Metern ist auch mit Lichtern ausgestattet, die mehr Kunden anziehen k\u00f6nnen, und Logo kann die Werbung f\u00fcr Ihre Marke machen.&nbsp;<\/div>\n<\/div>\n<p style=\"text-align: center\"><\/p>\n<\/div>\n<p style=\"text-align: center\"><span style=\"font-size: 20px\"><img loading=\"lazy\" decoding=\"async\" width=\"851\" height=\"269\" title=\"\" style=\"width: 215px\" alt=\"Produkt-Hommy-Kleinzuckerrohrmaschine-IMG\" src=\"https:\/\/www.hommy.com\/wp-content\/uploads\/15828500133614.png\"><\/span><\/p>\n<\/div>\n<\/div>\n<p>&nbsp;<\/p>\n<div class=\"d-tem01-graphic tem01-graphic mockup\" data-detail=\"wrap\">\n<div class=\"cont-section clearfix d-clearfix\">\n<div class=\"col-md-6 col-sm-6 col-xs-6\">\n<div class=\"right-p\">\n<div class=\"h2 heading\">Filter<\/div>\n<div class=\"description\">die Maschine hat im Inneren 3 Filterschichten und<\/div>\n<div class=\"description\">Dieser Filter ist leicht jeden Tag zu reinigen.<\/div>\n<div class=\"description\">&nbsp;&nbsp;&nbsp;&nbsp;&nbsp;&nbsp;&nbsp;&nbsp;&nbsp;&nbsp;&nbsp;&nbsp;<img loading=\"lazy\" decoding=\"async\" width=\"345\" height=\"240\" style=\"width: 274px;float: right\" src=\"https:\/\/www.hommy.com\/wp-content\/uploads\/15826146866066-3.jpg\" alt=\"Produkt-ZJ190D Zuckerrohr-Entsaftermaschine mit K\u00fchl-Hommy-img\" title=\"\"><img loading=\"lazy\" decoding=\"async\" width=\"345\" height=\"231\" title=\"\" style=\"width: 159px\" alt=\"Produkt-Kleinzuckerrohr-Maschine-Hommy-img\" src=\"https:\/\/www.hommy.com\/wp-content\/uploads\/15826146868350-3.jpg\"><\/div>\n<\/div>\n<\/div>\n<div class=\"col-md-6 col-sm-6 col-xs-6\">\n<div class=\"right-p\">\n<div class=\"h2 heading\">Starker Motor&nbsp;<\/div>\n<div class=\"description\">\n<p style=\"text-indent: 0px\"><span style=\"font-family: \u5b8b\u4f53;font-size: 14px\">Die Motordrehzahl ist je nach Durchmesser des Zuckerrohrst\u00e4ngels variabel.<\/span><span style=\"font-family: \u5b8b\u4f53;font-size: 14px\">Je gr\u00f6\u00dfer der Durchmesser, desto niedriger die Geschwindigkeit f\u00fcr maximale Extraktionsausbeute.<\/span><\/p>\n<p style=\"text-align: center\"><img loading=\"lazy\" decoding=\"async\" width=\"344\" height=\"166\" title=\"\" style=\"width: 208px\" alt=\"product-Hommy-img\" src=\"https:\/\/www.hommy.com\/wp-content\/uploads\/15826148286381-3.png\"><\/p>\n<\/div>\n<\/div>\n<\/div>\n<\/div>\n<\/div>\n<p><span style=\"text-align: center\"><\/span><span style=\"text-align: center\"><span style=\"text-align: center\"><span style=\"text-align: center\"><\/span><\/span><\/span><\/p>\n<div class=\"d-tem01-graphic tem01-graphic mockup\" data-detail=\"wrap\">\n<div class=\"cont-section clearfix d-clearfix\">\n<div class=\"col-md-6 col-sm-6 col-xs-6\">\n<div class=\"right-p\">\n<div class=\"h2 heading\">\n<p style=\"margin: 0pt\"><span style=\"text-transform: none;letter-spacing: 0pt;font-family: \u5b8b\u4f53;font-size: 13.5pt;font-style: normal;font-weight: normal\">E<\/span><span style=\"font-family: Tahoma;font-size: 10.5pt\"><span>xtraktion<\/span><\/span><span style=\"font-family: \u5b8b\u4f53;font-size: 10.5pt\"><span>&nbsp;Saftquote h\u00f6her<\/span><\/span><\/p>\n<\/div>\n<div class=\"description\">\n<p style=\"padding: 0px;text-indent: 0px;vertical-align: baseline\"><span style=\"font-family: \u5b8b\u4f53;font-size: 16px\"><span>die Maschine w\u00e4hlen starken Motor und die vern\u00fcnftige Struktur und gute Abdichtung Leistung, nur eine Presse kann 85% von Saft Ausbeute zu erreichen, keine Notwendigkeit f\u00fcr die Arbeit <\/span><\/span><\/p>\n<\/div>\n<\/div>\n<div class=\"graphic_pic animated wow bounceIn\" data-wow-delay=\".7s\">\n<p style=\"text-align: center\"><img loading=\"lazy\" decoding=\"async\" width=\"345\" height=\"219\" title=\"\" style=\"width: 267px\" alt=\"produkt-Hommy-img-1\" src=\"https:\/\/www.hommy.com\/wp-content\/uploads\/15826153385230-3.png\"><\/p>\n<\/div>\n<\/div>\n<div class=\"col-md-6 col-sm-6 col-xs-6\">\n<div class=\"right-p\">\n<div class=\"h2 heading\">Walze&nbsp;<\/div>\n<div class=\"description\">\n<p style=\"padding: 0px;text-align: left;line-height: 17px;vertical-align: baseline\"><span style=\"letter-spacing: 0px;font-family: \u5b8b\u4f53;font-size: 16px;font-style: normal;font-weight: normal\">Starke Quetschwelle <\/span><span style=\"letter-spacing: 0px;font-family: \u5b8b\u4f53;font-size: 16px;font-style: normal;font-weight: normal\">und 100% aus rostfreiem Stahl und leicht zu <\/span><span style=\"letter-spacing: 0px;font-family: Tahoma;font-size: 16px;font-style: normal;font-weight: normal\">entfernen<\/span><span style=\"letter-spacing: 0px;font-family: \u5b8b\u4f53;font-size: 16px;font-style: normal;font-weight: normal\">&nbsp;klar, dass Bakterien nicht einfach zu produzieren sind<\/span><\/p>\n<\/div>\n<\/div>\n<div class=\"graphic_pic animated wow bounceIn\" data-wow-delay=\".7s\">\n<p style=\"text-align: center\"><img loading=\"lazy\" decoding=\"async\" width=\"342\" height=\"240\" title=\"\" style=\"width: 282px\" alt=\"Produkt-Hommy-ZJ190D Zuckerrohr-Entsaftermaschine mit K\u00fchl-IMG-1\" src=\"https:\/\/www.hommy.com\/wp-content\/uploads\/15826154235310-3.png\"><\/p>\n<\/div>\n<\/div>\n<\/div>\n<\/div>\n<p><span style=\"text-align: center\"><span style=\"text-align: center\"><span style=\"text-align: center\"><span style=\"text-align: center\"><span style=\"text-align: center\"><span style=\"text-align: center\"><\/span><\/span><\/span><\/span><\/span><\/span><\/p>\n<div class=\"d-tem01-graphic tem01-graphic mockup\" data-detail=\"wrap\">\n<div class=\"cont-section clearfix d-clearfix\">\n<div class=\"col-md-6 col-sm-6 col-xs-6\">\n<div class=\"right-p\">\n<div class=\"h2 heading\">Gefrierschrank&nbsp;<\/div>\n<div class=\"description\">Die Maschine hat einen Gefrierschrank, um das Zuckerrohr frisch zu halten, der die Temperatur von<\/div>\n<div class=\"description\"><span style=\"font-family: \u5b8b\u4f53;font-size: 10.5pt\"><span>3<\/span><\/span><span style=\"font-family: \u5b8b\u4f53;font-size: 10.5pt\"><span>\u2103<\/span><\/span><span style=\"font-family: \u5b8b\u4f53;font-size: 10.5pt\"><span>bis 9<\/span><\/span><span style=\"font-family: \u5b8b\u4f53;font-size: 10.5pt\"><span>\u2103 adjut f\u00fcr Sie. der Gefrierschrank im Inneren kann etwa 100-150pcs Zuckerrohr halten.&nbsp;<\/span><\/span><\/div>\n<\/div>\n<div class=\"graphic_pic animated wow bounceIn\" data-wow-delay=\".7s\">\n<p style=\"text-align: center\"><img loading=\"lazy\" decoding=\"async\" width=\"201\" height=\"225\" title=\"\" style=\"width: 153px\" alt=\"Produkt-Hommy-Klein Zuckerrohrmaschine-IMG-1\" src=\"https:\/\/www.hommy.com\/wp-content\/uploads\/15827113126299-2.png\"><\/p>\n<\/div>\n<\/div>\n<div class=\"col-md-6 col-sm-6 col-xs-6\">\n<div class=\"right-p\">\n<div class=\"h2 heading\">\n<p style=\"margin: 0pt\">Dusbin<\/p>\n<\/div>\n<div class=\"description\">Im Inneren der Maschine befindet sich ein gro\u00dfvolumiger Staubbeh\u00e4lter.<\/div>\n<\/div>\n<div class=\"graphic_pic animated wow bounceIn\" data-wow-delay=\".7s\">&nbsp;&nbsp;&nbsp;&nbsp;&nbsp;&nbsp;&nbsp;&nbsp;&nbsp;&nbsp;&nbsp;&nbsp;<\/p>\n<p style=\"text-align: center\"><img loading=\"lazy\" decoding=\"async\" width=\"201\" height=\"268\" title=\"\" style=\"width: 250px\" alt=\"Produkt-ZJ190D Zuckerrohr-Entsaftermaschine mit K\u00fchl-Hommy-IMG-1\" src=\"https:\/\/www.hommy.com\/wp-content\/uploads\/15827116982531-2.png\"><\/p>\n<\/div>\n<\/div>\n<\/div>\n<\/div>\n<p><!-- \u8517\u6c41\u673aadvantages End --><\/p>\n<p>&nbsp;&nbsp;&nbsp;&nbsp;&nbsp;&nbsp;&nbsp;&nbsp;&nbsp;&nbsp;&nbsp;&nbsp;&nbsp;&nbsp;&nbsp;&nbsp;&nbsp;&nbsp;&nbsp;&nbsp;&nbsp;&nbsp;&nbsp;&nbsp;&nbsp;&nbsp;&nbsp;&nbsp;&nbsp;&nbsp;&nbsp;&nbsp;&nbsp;&nbsp;&nbsp;&nbsp;&nbsp;&nbsp;&nbsp;&nbsp;&nbsp;&nbsp;&nbsp;&nbsp;&nbsp;&nbsp;&nbsp;&nbsp;&nbsp;&nbsp;&nbsp;&nbsp;&nbsp;&nbsp;&nbsp;&nbsp;&nbsp;&nbsp;&nbsp;&nbsp;&nbsp;&nbsp;&nbsp;&nbsp;&nbsp;&nbsp;&nbsp;&nbsp;&nbsp;&nbsp;&nbsp;&nbsp;&nbsp;&nbsp;&nbsp;<\/p>\n<p>Dokument\uff1a<img decoding=\"async\" src=\"https:\/\/www.hommy.com\/wp-content\/uploads\/icon_pdf-14.gif\" style=\"margin-right: 2px\" alt=\"Produkt-Kleinzuckerrohrmaschine-Hommy-img-1\" title=\"\"><a href=\"https:\/\/img80002414.weyesimg.com\/uploads\/www.hommy.com\/addon\/16028294431979.pdf\" title=\"16028294431979.pdf\" style=\"font-size: 12px\">16028294431979.pdf<\/a><\/p>\n<h2>Wie viel kosten Entsafter?<\/h2>\n<p style=\"margin-top: 5px;margin-bottom: 5px\">Die durchschnittlichen Kosten einer High-End-Entsaftermaschine k\u00f6nnen je nach Produkteigenschaften und der Wahl eines Handbuchs oder eines Vertikal-Entsafters zwischen 1 TP4T250 und 1 TP4T600 variieren. Die Preise f\u00fcr budgetbewusste Entsafter beginnen bei $100 und steigen auf $300 und h\u00f6her.<\/p>\n<p style=\"margin-top: 5px;margin-bottom: 5px\"><\/p>\n<h2>L\u00e4uft Zuckerrohrsaft in 15 Minuten ab?<\/h2>\n<p style=\"margin-top: 5px;margin-bottom: 5px\">Zuckerrohrsaft ist eine gro\u00dfartige Erg\u00e4nzung zu Ihrer Ern\u00e4hrung. Es ist eine gro\u00dfartige Quelle f\u00fcr einfache Kohlenhydrate. Es ist auch eine gro\u00dfartige Proteinquelle. Zuckerrohrsaft ist auch eine gro\u00dfartige Quelle f\u00fcr Vitamin C, B6 und Fols\u00e4ure. Zuckerrohrsaft ist wie andere S\u00e4fte verderblich.<\/p>\n<p style=\"margin-top: 5px;margin-bottom: 5px\"><\/p>\n<h2>Entsafter der Serie 800 der Breville: 2.550 Watt<\/h2>\n<p style=\"margin-top: 5px;margin-bottom: 5px\">Breville Juicer ist einer der besten Entsafter f\u00fcr den Saft von Zuckerrohr. Der Juicer der Serie Breville 800 ist in verschiedenen Modellen mit unterschiedlichen Leistungs- und Saftabgaben erh\u00e4ltlich. F\u00fcr die Saftextraktion k\u00f6nnen Sie den Entsafter der Serie 800 der Breville oder den Entsafter der Serie 700 w\u00e4hlen. Hier ist, was Sie \u00fcber den Breville-Entsafter und den Saftextraktionsprozess wissen m\u00fcssen.<\/p>\n<\/div><\/div>","protected":false},"excerpt":{"rendered":"<p>Sugar Cane Juice Extractor Machine with cooler Sugar Cane Juice Extractor Machine with cooler|PRODUCT FEATURES|Sugarcane Juice Machine With Cooler and freezer|PRODUCT ADVANTAGE &nbsp; Our machine is precisely designed and fabricated using high grade components and latest technology to ensure that it functions as per the international standards. These machines are designed to offer optimum results [&hellip;]<\/p>\n","protected":false},"featured_media":422,"comment_status":"open","ping_status":"open","template":"","meta":{"_swt_meta_header_display":false,"_swt_meta_footer_display":false,"_swt_meta_site_title_display":false,"_swt_meta_sticky_header":false,"_swt_meta_transparent_header":false},"product_brand":[],"product_cat":[75],"product_tag":[],"class_list":{"0":"post-438","1":"product","2":"type-product","3":"status-publish","4":"has-post-thumbnail","6":"product_cat-sugarcane-juice-machine","8":"first","9":"instock","10":"shipping-taxable","11":"product-type-simple"},"_links":{"self":[{"href":"https:\/\/www.hommy.com\/de\/wp-json\/wp\/v2\/product\/438","targetHints":{"allow":["GET"]}}],"collection":[{"href":"https:\/\/www.hommy.com\/de\/wp-json\/wp\/v2\/product"}],"about":[{"href":"https:\/\/www.hommy.com\/de\/wp-json\/wp\/v2\/types\/product"}],"replies":[{"embeddable":true,"href":"https:\/\/www.hommy.com\/de\/wp-json\/wp\/v2\/comments?post=438"}],"wp:featuredmedia":[{"embeddable":true,"href":"https:\/\/www.hommy.com\/de\/wp-json\/wp\/v2\/media\/422"}],"wp:attachment":[{"href":"https:\/\/www.hommy.com\/de\/wp-json\/wp\/v2\/media?parent=438"}],"wp:term":[{"taxonomy":"product_brand","embeddable":true,"href":"https:\/\/www.hommy.com\/de\/wp-json\/wp\/v2\/product_brand?post=438"},{"taxonomy":"product_cat","embeddable":true,"href":"https:\/\/www.hommy.com\/de\/wp-json\/wp\/v2\/product_cat?post=438"},{"taxonomy":"product_tag","embeddable":true,"href":"https:\/\/www.hommy.com\/de\/wp-json\/wp\/v2\/product_tag?post=438"}],"curies":[{"name":"wp","href":"https:\/\/api.w.org\/{rel}","templated":true}]}}