{"id":399,"date":"2024-07-02T13:35:40","date_gmt":"2024-07-02T13:35:40","guid":{"rendered":"http:\/\/localhost\/hommywp\/zj150-table-top-sugarcane-juicer-desktop-juice-extractor-wholesale\/"},"modified":"2025-08-01T09:57:32","modified_gmt":"2025-08-01T09:57:32","slug":"tisch-zuckerrohr-entsafter","status":"publish","type":"product","link":"https:\/\/www.hommy.com\/de\/p\/tisch-zuckerrohr-entsafter\/","title":{"rendered":"Zj150 Tischplatte Zuckerrohr Entsafter Desktop Saftpresse Gro\u00dfhandel"},"content":{"rendered":"<div>\n<p>&nbsp;<\/p>\n<h2 style=\"text-align: center\"><strong><span style=\"font-family: arial, helvetica, sans-serif;font-size: 24px\"><a name=\"Sugar Cane Juice Extractor Machine with cooler\"><\/a>Zuckerrohrsaft-Extraktionsmaschine mit K\u00fchler<\/span><\/strong><\/h2>\n<p style=\"text-align: center\"><span style=\"font-size: 16px\"><span style=\"font-family: arial, helvetica, sans-serif\"><a href=\"#Sugar Cane Juice Extractor Machine with cooler\" target=\"_self\" data-lv=\"0\" rel=\"noopener\">Zuckerrohrsaft-Extraktionsmaschine mit K\u00fchler<\/a>|<a href=\"#PRODUCT FEATURES\" target=\"_self\" data-lv=\"0\" rel=\"noopener\">PRODUKTMERKMALE<\/a>|<a href=\"#Sugarcane extraction process\" target=\"_self\" data-lv=\"0\" rel=\"noopener\">Verfahren zur Gewinnung von Zuckerrohr<\/a>|<a href=\"#PRODUCT DETAILS\" target=\"_self\" data-lv=\"0\" rel=\"noopener\">PRODUKTANGABEN<\/a>|<a href=\"#PRODUCT ADVANTAGE\" target=\"_self\" data-lv=\"0\" rel=\"noopener\">PRODUKTVORTEIL<\/a><\/span><\/span><\/p>\n<p style=\"text-align: center\">&nbsp;<\/p>\n<p><!-- Video start --><video poster=\"https:\/\/img80002414.weyesimg.com\/uploads\/wij2rdgc.allweyes.com\/video\/15553140195921.mp4?vframe\/jpg\/offset\/1\" id=\"video\" preload=\"auto\" controls=\"controls\" style=\"width:100%;height:510px\"><\/video><!-- Video end --><\/p>\n<p><\/p>\n<p>Diese Tischplatte <a style=\"color:blue\" href=\"https:\/\/www.hommy.com\/de\/sugarcan-juice-machine\/\">Zuckerrohr-Entsafter-Maschine<\/a> wird von unseren Experten entworfen und hergestellt, um Ihnen die beste Qualit\u00e4t Saftpresse zu bieten. Unsere Zuckerrohr-Entsafter Maschine ist mit hochwertigen Komponenten ausgestattet, die Ihnen die beste Qualit\u00e4t Saft bieten. Dar\u00fcber hinaus ist unsere Entsafter Maschine mit einem sehr niedrigen Stromverbrauch ausgestattet, die es energieeffizient macht. Diese Entsaftermaschine ist sehr einfach zu bedienen und zu einem sehr g\u00fcnstigen Preis erh\u00e4ltlich.&nbsp;<\/p>\n<div class=\"text-left d-tem09-title d-interval\" data-detail=\"wrap\">\n<div class=\"title-header\">\n<h2><strong><span style=\"font-size: 24px;font-family: arial, helvetica, sans-serif\"><a name=\"PRODUCT FEATURES\"><\/a>PRODUKTMERKMALE<\/span><\/strong><\/h2>\n<div class=\"subtitle\"><span>Das Werk von Hommy erstreckt sich \u00fcber eine Fl\u00e4che von 30500 Quadratmetern in der Stadt Xinhui Jiangmen und umfasst flexible Produktionslinien, ein Forschungs- und Entwicklungslabor, ein Schulungszentrum und eine mit modernsten Ger\u00e4ten ausgestattete Werkstatt.<\/span><\/div>\n<\/div>\n<\/div>\n<p>&nbsp;<\/p>\n<div class=\"d-tem11-graphic tem11-graphic mockup\" data-detail=\"wrap\">\n<div class=\"tab_row\">\n<div class=\"img\" style=\"width: 50%\"><img decoding=\"async\" title=\"\" alt=\"product-Hommy-img\" src=\"https:\/\/www.hommy.com\/wp-content\/uploads\/15553143755100.jpg\"><\/div>\n<div class=\"text_box\" style=\"width: 50%\">\n<div class=\"txt\">\n<p>&nbsp;<\/p>\n<h2><strong><span style=\"font-family: arial, helvetica, sans-serif;font-size: 24px\"><a name=\"Sugarcane extraction process\"><\/a>Verfahren zur Gewinnung von Zuckerrohr<\/span><\/strong><\/h2>\n<p>&nbsp;<\/p>\n<p style=\"line-height: 1.5em\">Leise, kompakt, langlebig, leicht zu reinigen, hygienisch und sicher in der Bedienung.<\/p>\n<p style=\"line-height: 1.5em\"><strong><span style=\"font-size: 18px\">Walze<\/span><\/strong><br \/>Hergestellt aus 100% rostfreiem Stahl.<br \/>Leicht zu nehmen die Walze jedes Mal zu l\u00f6schen.<br \/>Das Zuckerrohr wird in einem einzigen Durchgang mit der 85% Extraktion zerkleinert.<\/p>\n<p style=\"line-height: 1.5em\"><strong><span style=\"font-size: 18px\">Getriebemotor<\/span><\/strong><br \/>Getriebemotor mit reduzierter Drehzahl f\u00fcr maximales Drehmoment, 1\/2PS, 400Watt, einphasig.<br \/>\nRohrstiel<br \/>Geeignet f\u00fcr Zuckerrohrst\u00e4ngel bis zu einem Durchmesser von 2-1\/4\".<\/p>\n<p style=\"line-height: 1.5em\"><strong><span style=\"font-size: 18px\">Steuersystem<\/span><\/strong><br \/>Die Walze kann vorw\u00e4rts und r\u00fcckw\u00e4rts arbeiten Schalter <br \/>Sicherheit<br \/>Automatische Sicherheitsverriegelung Schalter<br \/>Hygienisch<\/p>\n<p>&nbsp;<\/p>\n<\/div>\n<\/div>\n<\/div>\n<\/div>\n<p>&nbsp;<\/p>\n<div class=\"text-left d-tem09-title d-interval\" data-detail=\"wrap\">\n<div class=\"title-header\">\n<h2><strong><span style=\"font-size: 24px;font-family: arial, helvetica, sans-serif\"><a name=\"PRODUCT DETAILS\"><\/a>PRODUKTANGABEN<\/span><\/strong><\/h2>\n<div class=\"subtitle\"><span>Nach jahrelanger Entwicklung haben wir einen umfangreichen Netzvertrieb in verschiedenen L\u00e4ndern aufgebaut und erhalten gutes Feedback von unseren Kunden.<\/span><\/div>\n<\/div>\n<\/div>\n<p>&nbsp;<\/p>\n<div class=\"d-tem18-graphic d-clearfix d-interval mockup clearfix\" data-detail=\"wrap\">\n<div class=\"col-lg-4 col-md-4 col-sm-4 col-xs-6\">\n<div class=\"item\">\n<div class=\"images\"><img decoding=\"async\" title=\"\" alt=\"product-Hommy-img\" src=\"https:\/\/www.hommy.com\/wp-content\/uploads\/15553143982359.jpg\"><\/div>\n<\/div>\n<\/div>\n<div class=\"col-lg-4 col-md-4 col-sm-4 col-xs-6\">\n<div class=\"item\">\n<div class=\"images\"><img decoding=\"async\" title=\"\" alt=\"product-Hommy-ZJ150 Tisch-Zuckerrohr-Entsafter-img\" src=\"https:\/\/www.hommy.com\/wp-content\/uploads\/15553144069641.jpg\"><\/div>\n<\/div>\n<\/div>\n<div class=\"col-lg-4 col-md-4 col-sm-4 col-xs-6\">\n<div class=\"item\">\n<div class=\"images\"><img decoding=\"async\" title=\"\" alt=\"product-ZJ150 Tisch-Zuckerrohr-Entsafter-Hommy-img\" src=\"https:\/\/www.hommy.com\/wp-content\/uploads\/15553144137588.jpg\"><\/div>\n<\/div>\n<\/div>\n<\/div>\n<p>&nbsp;<\/p>\n<div class=\"d-tem18-graphic d-clearfix d-interval mockup clearfix\" data-detail=\"wrap\">\n<div class=\"col-lg-4 col-md-4 col-sm-4 col-xs-6\">\n<div class=\"item\">\n<div class=\"images\"><img decoding=\"async\" title=\"\" alt=\"product-Hommy-img\" src=\"https:\/\/www.hommy.com\/wp-content\/uploads\/15553144276886.jpg\"><\/div>\n<\/div>\n<\/div>\n<div class=\"col-lg-4 col-md-4 col-sm-4 col-xs-6\">\n<div class=\"item\">\n<div class=\"images\"><img decoding=\"async\" title=\"\" alt=\"product-Hommy-img\" src=\"https:\/\/www.hommy.com\/wp-content\/uploads\/15553144368062.jpg\"><\/div>\n<\/div>\n<\/div>\n<div class=\"col-lg-4 col-md-4 col-sm-4 col-xs-6\">\n<div class=\"item\">\n<div class=\"images\"><img decoding=\"async\" title=\"\" alt=\"produkt-Hommy-img-1\" src=\"https:\/\/www.hommy.com\/wp-content\/uploads\/15553144427240.jpg\"><\/div>\n<\/div>\n<\/div>\n<\/div>\n<p>&nbsp;<\/p>\n<div class=\"text-left d-tem09-title d-interval\" data-detail=\"wrap\">\n<div class=\"title-header\">\n<h2><span style=\"font-family: arial, helvetica, sans-serif\"><strong><span style=\"font-size: 24px\"><a name=\"Product Advantage\"><\/a>PRODUKTVORTEIL<\/span><\/strong><\/span><\/h2>\n<p><span>Au\u00dferdem tragen hochqualifizierte Ingenieure, f\u00e4hige Technologen und sachkundiges Personal viel zur Entwicklung des Unternehmens bei.<\/span><\/p>\n<p><span><img loading=\"lazy\" decoding=\"async\" title=\"\" alt=\"produkt-Hommy-img-1\" src=\"https:\/\/www.hommy.com\/wp-content\/uploads\/15553145973638.jpg\" style=\"font-size: 0px;width: 200px;height: 600px\" width=\"200\" height=\"600\" border=\"0\" vspace=\"0\"><\/span><\/p>\n<p><span><span style=\"text-align: center\"><img loading=\"lazy\" decoding=\"async\" src=\"https:\/\/www.hommy.com\/wp-content\/uploads\/15795117582501.jpg\" title=\"\" alt=\"product-Hommy-ZJ150 Tisch-Zuckerrohr-Entsafter-img-1\" width=\"200\" height=\"666\" border=\"0\" vspace=\"0\" style=\"width: 200px;height: 666px\"><\/span><\/span><\/p>\n<p><span><span style=\"text-align: center\">1. rollen:100% Edelstahl #304 Pass Lebensmittelqualit\u00e4t Rolle<\/span><br style=\"text-align: center\" \/><span style=\"text-align: center\">Der Roller kann leicht herausgenommen werden, um jeden Tag zu reinigen&nbsp;<\/span><br style=\"text-align: center\" \/><span style=\"text-align: center\">Saft zum Mitnehmen : 85%&nbsp;<\/span><\/span><\/p>\n<p><span><img loading=\"lazy\" decoding=\"async\" src=\"https:\/\/www.hommy.com\/wp-content\/uploads\/15795118756560.jpg\" title=\"\" alt=\"product-ZJ150 Tisch-Zuckerrohr-Entsafter-Hommy-img-1\" width=\"200\" height=\"498\" border=\"0\" vspace=\"0\" style=\"width: 200px;height: 498px\"><\/span><\/p>\n<p><span><br style=\"text-align: center\" \/><span style=\"text-align: center\">2. ein Geh\u00e4use aus rostfreiem Stahl.<\/span><\/span><\/p>\n<\/div>\n<\/div>\n<p>Dokument:<img decoding=\"async\" src=\"https:\/\/www.hommy.com\/wp-content\/uploads\/icon_pdf-11.gif\" style=\"margin-right: 2px\" alt=\"produkt-Hommy-img-1\" title=\"\"><a href=\"https:\/\/img80002414.weyesimg.com\/uploads\/www.hommy.com\/addon\/16028268331685.pdf\" title=\"16028268331685.pdf\" style=\"font-size: 12px\">16028268331685.pdf<\/a><\/p>\n<h2 style=\"font-family: sans-serif\">Kann ich Zuckerrohrsaft einfrieren?<\/h2>\n<p style=\"margin-top: 5px;margin-bottom: 5px;font-family: sans-serif;font-size: 16px\">Ja. Das ist dasselbe wie das Einfrieren von Limonade.  Frieren Sie sie aber nicht zu lange ein, sonst kristallisiert der Zucker in Ihrem Saft.  Wenn Sie ihn nur aufbewahren wollen, legen Sie ihn einfach in den K\u00fchlschrank und er h\u00e4lt sich eine Woche lang.<\/p>\n<p style=\"margin-top: 5px;margin-bottom: 5px;font-family: sans-serif;font-size: 16px\"><\/p>\n<h2 style=\"font-family: sans-serif\">Wie viele Tonnen Zuckerrohr wachsen auf einem Hektar?<\/h2>\n<p style=\"margin-top: 5px;margin-bottom: 5px;font-family: sans-serif;font-size: 16px\">Nach Angaben des USDA entspricht eine Tonne Zuckerrohr 2.224 Pfund bzw. 1.000 Kilogramm. Dies ist der durchschnittliche Ertrag f\u00fcr kommerzielle Zuckerrohranbauer in den Vereinigten Staaten. Im Jahr 2014 meldete das USDA, dass der durchschnittliche Ertrag aller Zuckerrohranbauer 5.383 Tonnen Zuckerrohr pro Acre betrug. Dies umfasst alle Arten von Zuckerrohr, einschlie\u00dflich trockenem und nassem Zuckerrohr.<\/p>\n<p style=\"margin-top: 5px;margin-bottom: 5px;font-family: sans-serif;font-size: 16px\"><\/p>\n<h2 style=\"font-family: sans-serif\">Wie lange ist Zuckerrohrsaft haltbar?<\/h2>\n<p style=\"margin-top: 5px;margin-bottom: 5px;font-family: sans-serif;font-size: 16px\">Ich habe zwar keine Langzeitstudien \u00fcber Zuckerrohrsaft durchgef\u00fchrt, aber ich gehe davon aus, dass Zuckerrohrsaft am besten ist, wenn er sofort nach seiner Herstellung getrunken wird.&nbsp;<\/p>\n<\/div><\/div>","protected":false},"excerpt":{"rendered":"<p>&nbsp; Sugar Cane Juice Extractor Machine with cooler Sugar Cane Juice Extractor Machine with cooler|PRODUCT FEATURES|Sugarcane extraction process|PRODUCT DETAILS|PRODUCT ADVANTAGE &nbsp; This Table top sugarcane juicer machine is designed and manufactured by our experts to provide you the best quality juicer. Our sugarcane juicer machine is equipped with top grade components that provide you the [&hellip;]<\/p>\n","protected":false},"featured_media":388,"comment_status":"open","ping_status":"open","template":"","meta":{"_swt_meta_header_display":false,"_swt_meta_footer_display":false,"_swt_meta_site_title_display":false,"_swt_meta_sticky_header":false,"_swt_meta_transparent_header":false},"product_brand":[],"product_cat":[75],"product_tag":[],"class_list":{"0":"post-399","1":"product","2":"type-product","3":"status-publish","4":"has-post-thumbnail","6":"product_cat-sugarcane-juice-machine","8":"first","9":"instock","10":"shipping-taxable","11":"product-type-simple"},"_links":{"self":[{"href":"https:\/\/www.hommy.com\/de\/wp-json\/wp\/v2\/product\/399","targetHints":{"allow":["GET"]}}],"collection":[{"href":"https:\/\/www.hommy.com\/de\/wp-json\/wp\/v2\/product"}],"about":[{"href":"https:\/\/www.hommy.com\/de\/wp-json\/wp\/v2\/types\/product"}],"replies":[{"embeddable":true,"href":"https:\/\/www.hommy.com\/de\/wp-json\/wp\/v2\/comments?post=399"}],"wp:featuredmedia":[{"embeddable":true,"href":"https:\/\/www.hommy.com\/de\/wp-json\/wp\/v2\/media\/388"}],"wp:attachment":[{"href":"https:\/\/www.hommy.com\/de\/wp-json\/wp\/v2\/media?parent=399"}],"wp:term":[{"taxonomy":"product_brand","embeddable":true,"href":"https:\/\/www.hommy.com\/de\/wp-json\/wp\/v2\/product_brand?post=399"},{"taxonomy":"product_cat","embeddable":true,"href":"https:\/\/www.hommy.com\/de\/wp-json\/wp\/v2\/product_cat?post=399"},{"taxonomy":"product_tag","embeddable":true,"href":"https:\/\/www.hommy.com\/de\/wp-json\/wp\/v2\/product_tag?post=399"}],"curies":[{"name":"wp","href":"https:\/\/api.w.org\/{rel}","templated":true}]}}