{"id":367,"date":"2024-07-02T13:06:07","date_gmt":"2024-07-02T13:06:07","guid":{"rendered":"http:\/\/localhost\/hommywp\/pa-c5b-auto-touch-screen-hot-dog-lunch-vending-machine\/"},"modified":"2025-08-01T09:57:32","modified_gmt":"2025-08-01T09:57:32","slug":"pa-c5b-automatischer-verkaufsautomat-fur-warme-und-tiefgekuhlte-lebensmittel","status":"publish","type":"product","link":"https:\/\/www.hommy.com\/de\/p\/pa-c5b-automatischer-verkaufsautomat-fur-warme-und-tiefgekuhlte-lebensmittel\/","title":{"rendered":"Pa-C5b Automatischer Touchscreen-Hot-Dog-Automat f\u00fcr Mittagessen"},"content":{"rendered":"<div>\n<h1 style=\"text-align: center\"><strong><span style=\"letter-spacing: 0px;font-family: arial, helvetica, sans-serif;font-size: 24px\"><a name=\"Hot meal vending machine in 24 hours\"><\/a>Warmverschlussautomat in 24 Stunden<\/span><\/strong><\/h1>\n<p style=\"text-align: center\"><a href=\"#Hot meal vending machine in 24 hours\" target=\"_self\" data-lv=\"0\" rel=\"noopener\"><span style=\"letter-spacing: 0px;font-family: arial, helvetica, sans-serif;font-size: 18px\">Warmverschlussautomat in 24 Stunden<\/span><\/a><span style=\"letter-spacing: 0px;font-family: arial, helvetica, sans-serif;font-size: 18px\">|<a href=\"#Product Features\" target=\"_self\" data-lv=\"0\" rel=\"noopener\">Produktmerkmale<\/a>|<a href=\"#Product specification\" target=\"_self\" data-lv=\"0\" rel=\"noopener\">Produktspezifikation<\/a>|<a href=\"#Product Advantage\" target=\"_self\" data-lv=\"0\" rel=\"noopener\">Produktvorteil<\/a><\/span><\/p>\n<p><strong><span style=\"letter-spacing: 0px;font-family: arial, helvetica, sans-serif;font-size: 24px\"><br \/><\/span><\/strong><\/p>\n<p><\/p>\n<p style=\"text-align: center\">&nbsp;&nbsp;&nbsp;&nbsp;<\/p>\n<p><span style=\"font-family:\u5b8b\u4f53;letter-spacing:0;font-size:29px\">Das machen wir seit einigen Jahren. Unsere Hot Dog-Automaten sind so konzipiert, dass Sie Geld verdienen. Die Hot Dog-Automaten sind heute als die beliebtesten Lebensmittel auf dem Markt bekannt. Es gibt viele verschiedene Lebensmittel, die heute auch auf dem Markt verkauft werden. Unsere Hot Dog-Automaten sind speziell daf\u00fcr konzipiert, mit dem Verkauf der Hot Dogs auf dem Markt Geld zu verdienen. Die Hot-Dog-Automaten k\u00f6nnen auf dem Markt eingerichtet werden, damit die Kunden ihre Bestellungen problemlos aufgeben k\u00f6nnen. Die Hot-Dog-Automaten sind sehr einfach zu bedienen und sind aufgestellt.<\/span><\/p>\n<p><span style=\"font-family:\u5b8b\u4f53;letter-spacing:0;font-size:29px\"><\/span><\/p>\n<div class=\"d-tem01-graphic tem01-graphic mockup\" data-detail=\"wrap\">\n<div class=\"cont-section clearfix d-clearfix\">\n<div class=\"col-md-6 col-sm-6 col-xs-6\">\n<p><\/p>\n<p><\/p>\n<p><\/p>\n<p><\/p>\n<div class=\"graphic_pic animated wow bounceIn\" data-wow-delay=\".7s\">\n<p style=\"text-align:center\"><img loading=\"lazy\" decoding=\"async\" src=\"https:\/\/www.hommy.com\/wp-content\/uploads\/16103279005601.jpg\" alt=\"product-Hommy-PA-C5B Verkaufsautomat f\u00fcr warme und gefrorene Lebensmittel-img\" title=\"\" width=\"550\" height=\"500\" border=\"0\" vspace=\"0\" style=\"width: 550px;height: 500px\"><\/p>\n<\/div>\n<\/div>\n<div class=\"col-md-6 col-sm-6 col-xs-6\">\n<div class=\"right-p\">\n<div class=\"h2 heading\">\n<p><span style=\"font-family:Calibri;font-size:21px\"><\/span><\/p>\n<h1><span style=\"font-size: 24px\"><strong><span style=\"letter-spacing: 0px;font-family: arial, helvetica, sans-serif\"><a name=\"Product Features\"><\/a>Produktmerkmale<\/span><\/strong><\/span><\/h1>\n<p><span style=\"font-size: 24px\"><strong><span style=\"letter-spacing: 0px;font-family: arial, helvetica, sans-serif\"><br \/><\/span><\/strong><\/span><\/p>\n<p><span style=\"font-family: arial, helvetica, sans-serif;font-size: 18px\">1. 32\" Touchscreen f\u00fcr Werbung und Bedienung. Cloud Platform Management System. <br \/><\/span><\/p>\n<p style=\"margin: 0 0 17px;text-indent: 0;padding: 0;line-height: 18px\"><span style=\"font-family: arial, helvetica, sans-serif;font-size: 18px\">2. EIN Visuelles Produktfenster. Die T\u00fcr besteht aus zwei Schichten aus vollst\u00e4ndig versiegeltem Sichtglas und au\u00dfen mit einer Glasfolie mit automatischer Auftaufunktion.<\/span><\/p>\n<p style=\"margin: 0 0 17px;text-indent: 0;padding: 0;line-height: 18px\"><span style=\"font-family: arial, helvetica, sans-serif;font-size: 18px\">3. e Zahlungsverkehr<span style=\"font-family: arial, helvetica, sans-serif;font-size: 21px\">\uff1a<\/span><\/span><\/p>\n<p style=\"margin: 0 0 17px;text-indent: 0;padding: 0\"><span style=\"font-family: arial, helvetica, sans-serif;font-size: 18px\">4. 1 Die Maschine im Inneren kann 81 St\u00fcck versiegelte Mahlzeit aufbewahren, versiegelte Mahlzeit Gr\u00f6\u00dfe: 8 \"(L) x5 1\/8\" (W) * 1 3\/8\" (H). <\/span><\/p>\n<p style=\"margin-left:0;text-indent:0\"><span style=\"font-family: arial, helvetica, sans-serif;font-size: 18px\">5. u Es stehen 1-27 Lebensmittel zum Verkauf, und der Preis und die Heizzeit jedes Artikels k\u00f6nnen separat eingestellt werden.<\/span><\/p>\n<p style=\"margin-left:0;text-indent:0\"><span style=\"font-family: arial, helvetica, sans-serif;font-size: 18px\">6. 1 Die Temperatur des Lagerraums ist ab 0\u2103\uff5e4\u2103 verf\u00fcgbar. Es kann auf der Basis verschiedener Produkte eingerichtet werden.<\/span><\/p>\n<p style=\"margin-left:0;text-indent:0\"><span style=\"font-size: 18px;font-family: arial, helvetica, sans-serif\"><span style=\"font-size: 18px\">7. EIN Heiztemperatur: &nbsp;<\/span>60\u2103\uff5e90\u2103. N<span style=\"font-size: 18px;letter-spacing: 0px\">EED 45 Sekunden zum Backen einer versiegelten Mahlzeit (frisch nie gefroren).<\/span><span style=\"font-size: 18px;letter-spacing: 0px\">&nbsp;<\/span><span style=\"font-size: 18px\">Die Heizzeit kann je nach Material angepasst werden.&nbsp;<\/span><\/span><\/p>\n<p style=\"margin-left:0;text-indent:0\"><span style=\"font-family: arial, helvetica, sans-serif;font-size: 18px\">8. 1 Heizmethode: Patent kommerzielle Mikrowellenherd (Mikrowellen-Ofenleistung: 3000W) <\/span><\/p>\n<p style=\"margin-left:0;text-indent:0\"><span style=\"font-family: arial, helvetica, sans-serif;font-size: 18px\">9. 1 F\u00f6rdergeschwindigkeit der Schubstange: 60\uff5e90 Sekunden. Die Geschwindigkeit wird f\u00fcr verschiedene Palettenschichten variiert. <\/span><\/p>\n<p style=\"margin-left:0;text-indent:0\"><span style=\"font-family: arial, helvetica, sans-serif;font-size: 18px\">10. 10. Maschinenk\u00f6rpermaterial: Ganze Maschine sch\u00e4umende Formung, gute W\u00e4rmed\u00e4mmung. &nbsp;<\/span><\/p>\n<p style=\"margin-left:0;text-indent:0\"><span style=\"font-family: arial, helvetica, sans-serif;font-size: 18px\">11. AC Kompressor: Power 550W, Marke Embraco, K\u00e4ltemittel 134A<\/span><\/p>\n<\/div>\n<\/div>\n<p>&nbsp; &nbsp; &nbsp; &nbsp; &nbsp; &nbsp;<\/p><\/div>\n<\/div>\n<\/div>\n<h1><span style=\"font-size: 24px;font-family: arial, helvetica, sans-serif\"><strong><span style=\"font-size: 24px;letter-spacing: 0px\"><br \/><\/span><\/strong><\/span><\/h1>\n<h1><span style=\"font-size: 24px;font-family: arial, helvetica, sans-serif\"><strong><span style=\"font-size: 24px;letter-spacing: 0px\"><a name=\"Product specification\"><\/a>Produktspezifikation<\/span><\/strong><\/span><\/h1>\n<p><span style=\"font-size: 24px;font-family: arial, helvetica, sans-serif\"><strong><span style=\"font-size: 24px;letter-spacing: 0px\"><br \/><\/span><\/strong><\/span><\/p>\n<p><span style=\"font-size: 24px;font-family: arial, helvetica, sans-serif\"><strong><span style=\"font-size: 24px;letter-spacing: 0px\"><img decoding=\"async\" src=\"https:\/\/www.hommy.com\/wp-content\/uploads\/16103283228193.png\" alt=\"product-Hommy-img\" title=\"\"><\/span><\/strong><\/span><\/p>\n<h1><span style=\"font-family: arial, helvetica, sans-serif;font-size: 24px\"><strong><span style=\"font-family: arial, helvetica, sans-serif;letter-spacing: 0px\"><br \/><\/span><\/strong><\/span><\/h1>\n<h1><span style=\"font-family: arial, helvetica, sans-serif;font-size: 24px\"><strong><span style=\"font-family: arial, helvetica, sans-serif;letter-spacing: 0px\"><a name=\"Product Advantage\"><\/a>Produktvorteil<\/span><\/strong><\/span><\/h1>\n<p><span style=\"font-family: arial, helvetica, sans-serif;font-size: 24px\"><strong><span style=\"font-family: arial, helvetica, sans-serif;letter-spacing: 0px\"><\/span><\/strong><\/span><\/p>\n<div class=\"d-tem01-graphic tem01-graphic mockup\" data-detail=\"wrap\">\n<div class=\"cont-section clearfix d-clearfix\">\n<div class=\"col-md-6 col-sm-6 col-xs-6\">\n<div class=\"right-p\">\n<div class=\"h2 heading\">\n<p style=\"margin-top: 0;margin-right: 0;margin-bottom: 0;padding: 0;vertical-align: baseline\"><span style=\"letter-spacing: 0px;font-family: arial, helvetica, sans-serif;font-size: 18px\">1. 1. . Intelligenter Manipulator XY-Achsen-Ausgang und Aufzugslieferung&nbsp;<\/span><\/p>\n<p style=\"margin-top: 0;margin-right: 0;margin-bottom: 0;padding: 0;vertical-align: baseline\"><span style=\"letter-spacing: 0px;font-family: arial, helvetica, sans-serif;font-size: 18px\"><br \/><\/span><\/p>\n<p style=\"margin-top: 0;margin-right: 0;margin-bottom: 0;padding: 0;vertical-align: baseline\"><span style=\"letter-spacing: 0px;font-family: arial, helvetica, sans-serif;font-size: 18px\"><br \/><\/span><\/p>\n<\/div>\n<\/div>\n<div class=\"graphic_pic animated wow bounceIn\" data-wow-delay=\".7s\">\n<p style=\"text-align:center\"><img loading=\"lazy\" decoding=\"async\" src=\"https:\/\/www.hommy.com\/wp-content\/uploads\/16103285159669.jpg\" alt=\"product-Hommy-img\" title=\"\" width=\"350\" height=\"500\" border=\"0\" vspace=\"0\" style=\"width: 350px;height: 500px\"><\/p>\n<\/div>\n<\/div>\n<div class=\"col-md-6 col-sm-6 col-xs-6\">\n<div class=\"right-p\">\n<div class=\"h2 heading\">\n<p style=\"text-indent: 0;padding: 0;vertical-align: baseline\"><span style=\"letter-spacing: 0px;font-size: 18px;font-family: arial, helvetica, sans-serif\">2. EIN Gr\u00f6\u00dfere Kapazit\u00e4t ca. 81pcs: 3 St\u00fcck Lanes pro Schicht x 3 Boxen\/Cargo Lane x 9 Schichten=81<\/span><\/p>\n<p style=\"text-indent: 0;padding: 0;vertical-align: baseline\"><span style=\"letter-spacing: 0px;font-size: 18px;font-family: arial, helvetica, sans-serif\"><br \/><\/span><\/p>\n<\/div>\n<\/div>\n<div class=\"graphic_pic animated wow bounceIn\" data-wow-delay=\".7s\">\n<p style=\"text-align:center\"><img loading=\"lazy\" decoding=\"async\" src=\"https:\/\/www.hommy.com\/wp-content\/uploads\/16103285488561.png\" alt=\"product-PA-C5B Verkaufsautomat f\u00fcr warme und gefrorene Lebensmittel-Hommy-img\" title=\"\" width=\"350\" height=\"500\" border=\"0\" vspace=\"0\" style=\"width: 350px;height: 500px\"><\/p>\n<\/div>\n<\/div>\n<\/div>\n<\/div>\n<p><span style=\"font-family: arial, helvetica, sans-serif;font-size: 24px\"><strong><span style=\"font-family: arial, helvetica, sans-serif;letter-spacing: 0px\"><\/span><\/strong><\/span><\/p>\n<div class=\"d-tem01-graphic tem01-graphic mockup\" data-detail=\"wrap\">\n<div class=\"cont-section clearfix d-clearfix\">\n<div class=\"col-md-6 col-sm-6 col-xs-6\">\n<div class=\"right-p\">\n<div class=\"h2 heading\">\n<p><span style=\"font-family: arial, helvetica, sans-serif;font-size: 18px\"><span style=\"font-family: arial, helvetica, sans-serif;letter-spacing: 0px\">3.&nbsp;<\/span><span style=\"font-family: arial, helvetica, sans-serif\">Das Zahlungssystem kann M\u00fcnzen, Scheine, Exchang-M\u00fcnzen und Kreditkarten akzeptieren.<\/span><\/span><\/p>\n<\/div>\n<\/div>\n<div class=\"graphic_pic animated wow bounceIn\" data-wow-delay=\".7s\">\n<p style=\"text-align:center\"><img loading=\"lazy\" decoding=\"async\" src=\"https:\/\/www.hommy.com\/wp-content\/uploads\/16103285763964.png\" alt=\"product-Hommy-img\" title=\"\" width=\"350\" height=\"500\" border=\"0\" vspace=\"0\" style=\"width: 350px;height: 500px\"><\/p>\n<\/div>\n<\/div>\n<div class=\"col-md-6 col-sm-6 col-xs-6\">\n<div class=\"right-p\">\n<div class=\"h2 heading\">\n<p><span style=\"font-size: 18px;font-family: arial, helvetica, sans-serif\">4. Computer-Fernverwaltungssystem: Abfrage von Verkaufsdetails, Mangelerinnerungen, Maschinenausfallerinnerung.<\/span><\/p>\n<\/div>\n<\/div>\n<div class=\"graphic_pic animated wow bounceIn\" data-wow-delay=\".7s\">\n<p style=\"text-align:center\"><img loading=\"lazy\" decoding=\"async\" src=\"https:\/\/www.hommy.com\/wp-content\/uploads\/16103286021739.jpg\" alt=\"product-Hommy-img\" title=\"\" width=\"350\" height=\"500\" border=\"0\" vspace=\"0\" style=\"width: 350px;height: 500px\"><\/p>\n<\/div>\n<\/div>\n<\/div>\n<\/div>\n<h2>Welche Stadt hat die meisten Verkaufsautomaten?<\/h2>\n<p style=\"margin-top: 5px;margin-bottom: 5px\"><\/p>\n<p style=\"margin-top: 5px;margin-bottom: 5px\">Dies sind einige der beliebtesten Antworten auf diese Frage.<\/p>\n<p style=\"margin-top: 5px;margin-bottom: 5px\"><\/p>\n<p style=\"margin-top: 5px;margin-bottom: 5px\">Die Stadt mit den meisten Verkaufsautomaten der Welt?<\/p>\n<p style=\"margin-top: 5px;margin-bottom: 5px\"><\/p>\n<p style=\"margin-top: 5px;margin-bottom: 5px\">Laut einem neuen Bericht aus einer Studie der Universit\u00e4t von Kalifornien in San Diego (UCSD) verf\u00fcgt Los Angeles \u00fcber die meisten Verkaufsautomaten der Welt.<\/p>\n<p style=\"margin-top: 5px;margin-bottom: 5px\"><\/p>\n<p style=\"margin-top: 5px;margin-bottom: 5px\">Die Studie ergab auch, dass es in der Stadt mehr als einen Automaten gibt, aber immer noch mehr als doppelt so viele wie in der am n\u00e4chsten bev\u00f6lkerungsreichsten Stadt New York.<\/p>\n<p style=\"margin-top: 5px;margin-bottom: 5px\"><\/p>\n<h2>Sind Online-Verkaufsautomaten rentabel?<\/h2>\n<p style=\"margin-top: 5px;margin-bottom: 5px\"><\/p>\n<p style=\"margin-top: 5px;margin-bottom: 5px\">Kurz gesagt, Online-Automaten sind eine Online-L\u00f6sung f\u00fcr das Problem der Lieferung von Waren an Verbraucher. Online-Automaten sind das Online-\u00c4quivalent eines Verkaufsautomaten, au\u00dfer sie sind webbasiert.<\/p>\n<p style=\"margin-top: 5px;margin-bottom: 5px\"><\/p>\n<p style=\"margin-top: 5px;margin-bottom: 5px\">Der Online-Automat erm\u00f6glicht es einem Unternehmen, Produkte online zu verkaufen, ohne sich um die physische Logistik eines Produkts sorgen zu m\u00fcssen. Stattdessen \u00fcbernehmen Online-Automaten die Produkterf\u00fcllung.<\/p>\n<p style=\"margin-top: 5px;margin-bottom: 5px\"><\/p>\n<p style=\"margin-top: 5px;margin-bottom: 5px\"><\/p>\n<p style=\"margin-top: 5px;margin-bottom: 5px\">Was verkauft sich am besten in einem Automaten? Eine der interessantesten Antworten kam aus einem k\u00fcrzlich durchgef\u00fchrten Interview mit dem Erfinder des \u201eTootsie Pop\u201c und dem Erfinder des modernen Schokoriegels, Forrest Mars, dem die Frage gestellt wurde, was er in einen Automaten stecken w\u00fcrde.<\/p>\n<\/p><\/div>","protected":false},"excerpt":{"rendered":"<p>Hot meal vending machine in 24 hours Hot meal vending machine in 24 hours|Product Features|Product specification|Product Advantage &nbsp;&nbsp;&nbsp;&nbsp; We have been doing this for the past several years. Our hot dog vending machines are designed to make you money. The hot dog vending machines are known to be the most popular food items in the [&hellip;]<\/p>\n","protected":false},"featured_media":361,"comment_status":"open","ping_status":"open","template":"","meta":{"_swt_meta_header_display":false,"_swt_meta_footer_display":false,"_swt_meta_site_title_display":false,"_swt_meta_sticky_header":false,"_swt_meta_transparent_header":false},"product_brand":[],"product_cat":[74,68],"product_tag":[],"class_list":{"0":"post-367","1":"product","2":"type-product","3":"status-publish","4":"has-post-thumbnail","6":"product_cat-hot-food-vending-machine","7":"product_cat-vending-machine","9":"first","10":"instock","11":"shipping-taxable","12":"product-type-simple"},"_links":{"self":[{"href":"https:\/\/www.hommy.com\/de\/wp-json\/wp\/v2\/product\/367","targetHints":{"allow":["GET"]}}],"collection":[{"href":"https:\/\/www.hommy.com\/de\/wp-json\/wp\/v2\/product"}],"about":[{"href":"https:\/\/www.hommy.com\/de\/wp-json\/wp\/v2\/types\/product"}],"replies":[{"embeddable":true,"href":"https:\/\/www.hommy.com\/de\/wp-json\/wp\/v2\/comments?post=367"}],"wp:featuredmedia":[{"embeddable":true,"href":"https:\/\/www.hommy.com\/de\/wp-json\/wp\/v2\/media\/361"}],"wp:attachment":[{"href":"https:\/\/www.hommy.com\/de\/wp-json\/wp\/v2\/media?parent=367"}],"wp:term":[{"taxonomy":"product_brand","embeddable":true,"href":"https:\/\/www.hommy.com\/de\/wp-json\/wp\/v2\/product_brand?post=367"},{"taxonomy":"product_cat","embeddable":true,"href":"https:\/\/www.hommy.com\/de\/wp-json\/wp\/v2\/product_cat?post=367"},{"taxonomy":"product_tag","embeddable":true,"href":"https:\/\/www.hommy.com\/de\/wp-json\/wp\/v2\/product_tag?post=367"}],"curies":[{"name":"wp","href":"https:\/\/api.w.org\/{rel}","templated":true}]}}