{"id":360,"date":"2024-07-02T13:06:03","date_gmt":"2024-07-02T13:06:03","guid":{"rendered":"http:\/\/localhost\/hommywp\/pa-c5a-buy-china-popular-intelligent-hamburger-vending-machine\/"},"modified":"2025-08-01T09:57:32","modified_gmt":"2025-08-01T09:57:32","slug":"pa-c5a-hamburgers-automaten","status":"publish","type":"product","link":"https:\/\/www.hommy.com\/de\/p\/pa-c5a-hamburgers-automaten\/","title":{"rendered":"Pa-C5A Kaufen China Beliebte Intelligente Hamburger-Automaten"},"content":{"rendered":"<div>\n<p style=\"margin: 0px;text-align: center\"><\/p>\n<h1 style=\"margin: 0px;text-align: center\"><strong><span style=\"letter-spacing: 0px;font-family: arial, helvetica, sans-serif;font-size: 24px\"><a name=\"Hot and Freeze vending machine 24hours\"><\/a>Hei\u00df- und Kaltgetr\u00e4nkeautomaten 24 Stunden<\/span><\/strong><br \/><\/h1>\n<p style=\"text-align: center\"><a href=\"#Hot and Freeze vending machine 24hours\" target=\"_self\" data-lv=\"0\" rel=\"noopener\"><span style=\"letter-spacing: 0px;font-family: arial, helvetica, sans-serif;font-size: 18px\">Hei\u00df- und Kaltgetr\u00e4nkeautomaten 24 Stunden<\/span><\/a><span style=\"letter-spacing: 0px;font-family: arial, helvetica, sans-serif;font-size: 18px\">|<a href=\"#Product Features\" target=\"_self\" data-lv=\"0\" rel=\"noopener\">Produktmerkmale<\/a>|<a href=\"#Product specification\" target=\"_self\" data-lv=\"0\" rel=\"noopener\">Produktspezifikation<\/a>|<a href=\"#Product Advantage\" target=\"_self\" data-lv=\"0\" rel=\"noopener\">Produktvorteil<\/a><\/span><\/p>\n<p><\/p>\n<p style=\"text-align: center\">&nbsp;&nbsp;&nbsp;&nbsp;<\/p>\n<p>Zu unserem Kundenkreis geh\u00f6ren f\u00fchrende Einzelhandelsketten im ganzen Land. Diese Automaten tragen dazu bei, den Absatz ihrer Marke zu steigern und die Zufriedenheit ihrer Kunden zu erh\u00f6hen. Sie werden f\u00fcr den Verkauf von Burgern in Restaurants, Colleges, Clubs, Universit\u00e4ten, B\u00fcros und Einkaufszentren verwendet. Auch sie werden von unseren kompetenten Designern unter Verwendung hochwertiger Rohstoffe und fortschrittlicher Technologie entworfen und hergestellt.<\/p>\n<p><\/p>\n<p>Diese Lebensmittelautomaten erm\u00f6glichen es den Kunden, Burger nach ihren Vorlieben auszuw\u00e4hlen. Wir k\u00f6nnen diese Automaten nach der Wahl unserer Kunden anpassen. Diese Maschinen k\u00f6nnen je nach Anforderung unserer Kunden angepasst werden. Sie k\u00f6nnen auch diese Maschinen in \u00dcbereinstimmung mit der gew\u00fcnschten Wahl Ihrer Kunden anpassen.<\/p>\n<p><span style=\"font-family:\u5b8b\u4f53;letter-spacing:0;font-size:29px\"><\/span><\/p>\n<div class=\"d-tem01-graphic tem01-graphic mockup\" data-detail=\"wrap\">\n<div class=\"cont-section clearfix d-clearfix\">\n<div class=\"col-md-6 col-sm-6 col-xs-6\"><\/p>\n<div class=\"graphic_pic animated wow bounceIn\" data-wow-delay=\".7s\">\n<p style=\"text-align:center\"><img decoding=\"async\" src=\"https:\/\/www.hommy.com\/wp-content\/uploads\/16103263443281.jpg\" alt=\"produkt-Hommy-PA-C5A Hamburger-Automat-img\" title=\"\"><\/p>\n<\/div>\n<\/div>\n<div class=\"col-md-6 col-sm-6 col-xs-6\">\n<div class=\"right-p\">\n<div class=\"h2 heading\">\n<h1 style=\"margin: 0px;text-indent: 0px;text-align: justify\"><strong><span style=\"letter-spacing: 0px;font-family: arial, helvetica, sans-serif;font-size: 24px\"><a name=\"Product Features\"><\/a>Produktmerkmale<\/span><\/strong><\/h1>\n<p style=\"margin-top:0;margin-right:0;margin-bottom:0;margin-left:0;text-indent:0;text-align:justify\"><span style=\"letter-spacing: 0px;font-family: arial, helvetica, sans-serif;font-size: 18px\"><br \/><\/span><\/p>\n<p><span style=\"font-size: 18px;font-family: arial, helvetica, sans-serif\">1. 32\" Touchscreen f\u00fcr Werbung und Bedienung. Cloud Platform Management System. <\/span><\/p>\n<p style=\"margin-left:0;text-indent:0\"><span style=\"font-size: 18px;font-family: arial, helvetica, sans-serif\">2. Zahlungssystem: M\u00fcnze, Rechnung, Kreditkarte bietet Schnittstelle (MDB-Port), R\u00fcckgabe von M\u00fcnzen. &nbsp;<\/span><\/p>\n<p style=\"margin-left:0;text-indent:0\"><span style=\"font-size: 18px;font-family: arial, helvetica, sans-serif\">3. Die Maschine im Inneren kann 54pcs Hamburger halten, Lebensmittel-Boxen Gr\u00f6\u00dfe: (L)220mm * (B)180mm * (H)40\uff5e70mm. Lagerung kann 81 Boxen sein, wenn die Breite der Box 150mm ist.<\/span><\/p>\n<p style=\"margin-left:0;text-indent:0\"><span style=\"font-size: 18px;font-family: arial, helvetica, sans-serif\">4. Die Temperatur des Lagerbereichs kann von 5\u2103\uff5e10\u2103 angepasst werden. Es kann Basis auf verschiedene Produkte eingestellt werden.<\/span><\/p>\n<p style=\"margin-left:0;text-indent:0\"><span style=\"font-size: 18px;font-family: arial, helvetica, sans-serif\"><span style=\"font-family: Calibri;font-size: 21px\">5. Heiztemperatur:<\/span><span style=\"font-size: 18px;font-family: arial, helvetica, sans-serif\"><span style=\"font-size: 21px\"> &nbsp;60\u2103\uff5e90\u2103. N<\/span><span style=\"letter-spacing: 0px;font-size: 21px\">eed 30 <\/span><\/span><span style=\"font-family: arial, helvetica, sans-serif;letter-spacing: 0px;font-size: 21px\">Sekunden f\u00fcr das Backen einer<\/span><span style=\"font-family: \u5b8b\u4f53;letter-spacing: 0px;font-size: 21px\"> <\/span><span style=\"font-family: Calibri;letter-spacing: 0px;font-size: 21px\">hamburger<\/span><span style=\"font-family: \u5b8b\u4f53;letter-spacing: 0px;font-size: 21px\">.<\/span><span style=\"font-family: Calibri;letter-spacing: 0px;font-size: 21px\">&nbsp;<\/span><span style=\"font-family: Calibri;font-size: 21px\">Die Heizzeit kann je nach Material angepasst werden.&nbsp;<\/span><\/span><\/p>\n<p style=\"margin-left:0;text-indent:0\"><span style=\"font-size: 18px;font-family: arial, helvetica, sans-serif\">6. Schubstange Liefergeschwindigkeit: 60\uff5e90 Sekunden. Die Geschwindigkeit wird f\u00fcr verschiedene Schichten von Paletten variiert werden. <\/span><\/p>\n<p style=\"margin-left:0;text-indent:0\"><span style=\"font-size: 18px;font-family: arial, helvetica, sans-serif\">7. Erhitzungsmethode: patentierter kommerzieller Mikrowellenofen (1600W)<\/span><\/p>\n<p style=\"margin-left:0;text-indent:0\"><span style=\"font-size: 18px;font-family: arial, helvetica, sans-serif\">8. Lebensmitteltyp verf\u00fcgbar: 1-27 Arten, Preis f\u00fcr jedes Produkt und Erhitzungszeit k\u00f6nnen konfiguriert werden <\/span><\/p>\n<p style=\"margin-left:0;text-indent:0\"><span style=\"font-size: 18px;font-family: arial, helvetica, sans-serif\">9. Maschine K\u00f6rper Material: ganze Maschine sch\u00e4umende Formgebung, gute W\u00e4rmed\u00e4mmung. &nbsp;<\/span><\/p>\n<p style=\"margin-left:0;text-indent:0\"><span style=\"font-size: 18px;font-family: arial, helvetica, sans-serif\">10. Kompressor: Leistung 550W, Marke Embraco\uff0cK\u00e4ltemittel 134A<\/span><\/p>\n<\/div>\n<\/div>\n<p><span style=\"font-family: arial, helvetica, sans-serif;font-size: 18px\"><br \/>\n &nbsp; &nbsp; &nbsp; &nbsp; &nbsp; &nbsp;<\/span><\/div>\n<\/div>\n<\/div>\n<h1><span style=\"font-family: arial, helvetica, sans-serif\"><strong><span style=\"letter-spacing: 0px;font-size: 24px\"><a name=\"Product specification\"><\/a>Produktspezifikation<\/span><\/strong><\/span><\/h1>\n<p><span style=\"font-family: arial, helvetica, sans-serif\"><strong><span style=\"letter-spacing: 0px;font-size: 24px\"><br \/><\/span><\/strong><\/span><\/p>\n<p><span style=\"font-family: arial, helvetica, sans-serif\"><strong><span style=\"letter-spacing: 0px;font-size: 24px\"><img decoding=\"async\" src=\"https:\/\/www.hommy.com\/wp-content\/uploads\/16103258145399.png\" alt=\"product-Hommy-img\" title=\"\"><\/span><\/strong><\/span><\/p>\n<p><\/p>\n<h1><strong><span style=\"letter-spacing: 0px;font-family: arial, helvetica, sans-serif;font-size: 24px\"><a name=\"Product Advantage\"><\/a>Produktvorteil<\/span><\/strong><\/h1>\n<p><strong><span style=\"letter-spacing: 0px;font-family: arial, helvetica, sans-serif;font-size: 24px\"><\/span><\/strong><\/p>\n<div class=\"d-tem01-graphic tem01-graphic mockup\" data-detail=\"wrap\">\n<div class=\"cont-section clearfix d-clearfix\">\n<div class=\"col-md-6 col-sm-6 col-xs-6\">\n<div class=\"right-p\">\n<div class=\"h2 heading\">\n<p><span style=\"letter-spacing: 0px;font-family: arial, helvetica, sans-serif;font-size: 18px\">1. Intelligente Manipulator XY-Achse Ausgang und Aufzug Lieferung<\/span><\/p>\n<p><span style=\"font-family: \u5b8b\u4f53;letter-spacing: 0;font-size: 20px\"><br \/><\/span><\/p>\n<\/div>\n<\/div>\n<div class=\"graphic_pic animated wow bounceIn\" data-wow-delay=\".7s\">\n<p style=\"text-align:center\"><img loading=\"lazy\" decoding=\"async\" src=\"https:\/\/www.hommy.com\/wp-content\/uploads\/16103259329622.jpg\" alt=\"product-Hommy-img\" title=\"\" width=\"350\" height=\"500\" border=\"0\" vspace=\"0\" style=\"width: 350px;height: 500px\"><\/p>\n<\/div>\n<\/div>\n<div class=\"col-md-6 col-sm-6 col-xs-6\">\n<div class=\"right-p\">\n<div class=\"h2 heading\">\n<p style=\"text-indent: 0;padding: 0;vertical-align: baseline\"><span style=\"letter-spacing: 0px;font-family: arial, helvetica, sans-serif;font-size: 18px\">2. Gr\u00f6\u00dfere Kapazit\u00e4t von ca. 81 St\u00fcck: 3 Bahnen pro Lage X 3 Kisten\/Fahrspur X 9 Lagen=81<\/span><\/p>\n<p style=\"text-indent: 0;padding: 0;vertical-align: baseline\"><span style=\"font-family: \u5b8b\u4f53;letter-spacing: 0;font-size: 20px\"><br \/><\/span><\/p>\n<\/div>\n<\/div>\n<div class=\"graphic_pic animated wow bounceIn\" data-wow-delay=\".7s\">\n<p style=\"text-align:center\"><img loading=\"lazy\" decoding=\"async\" src=\"https:\/\/www.hommy.com\/wp-content\/uploads\/16103259613183.png\" alt=\"product-PA-C5A Hamburger-Automat-Hommy-img\" title=\"\" width=\"350\" height=\"500\" border=\"0\" vspace=\"0\" style=\"width: 350px;height: 500px\"><\/p>\n<\/div>\n<\/div>\n<\/div>\n<\/div>\n<p><span style=\"font-family: arial, helvetica, sans-serif\"><strong><span style=\"letter-spacing: 0px;font-size: 24px\"><\/span><\/strong><\/span><\/p>\n<div class=\"d-tem01-graphic tem01-graphic mockup\" data-detail=\"wrap\">\n<div class=\"cont-section clearfix d-clearfix\">\n<div class=\"col-md-6 col-sm-6 col-xs-6\">\n<div class=\"right-p\">\n<div class=\"h2 heading\">\n<p><span style=\"font-family: arial, helvetica, sans-serif;font-size: 18px\"><span style=\"font-family: arial, helvetica, sans-serif;letter-spacing: 0px\">3.&nbsp;<\/span><span style=\"font-family: arial, helvetica, sans-serif\">Das Zahlungssystem kann M\u00fcnzen, Scheine, Exchang-M\u00fcnzen und Kreditkarten akzeptieren.<\/span><\/span><\/p>\n<p><span style=\"font-family:Calibri;font-size:21px\"><br \/><\/span><\/p>\n<\/div>\n<\/div>\n<div class=\"graphic_pic animated wow bounceIn\" data-wow-delay=\".7s\">\n<p style=\"text-align:center\"><img loading=\"lazy\" decoding=\"async\" src=\"https:\/\/www.hommy.com\/wp-content\/uploads\/16103261329674.png\" alt=\"product-Hommy-img\" title=\"\" width=\"350\" height=\"500\" border=\"0\" vspace=\"0\" style=\"width: 350px;height: 500px\"><\/p>\n<\/div>\n<\/div>\n<div class=\"col-md-6 col-sm-6 col-xs-6\">\n<div class=\"right-p\">\n<div class=\"h2 heading\">\n<p><span style=\"font-family: arial, helvetica, sans-serif;font-size: 18px\">4. Computer-Fernverwaltungssystem: Abfrage von Verkaufsdetails, Mangelerinnerungen, Maschinenausfallerinnerung.<\/span><\/p>\n<\/div>\n<\/div>\n<div class=\"graphic_pic animated wow bounceIn\" data-wow-delay=\".7s\">\n<p style=\"text-align:center\"><img loading=\"lazy\" decoding=\"async\" src=\"https:\/\/www.hommy.com\/wp-content\/uploads\/16103261597199.jpg\" alt=\"product-Hommy-img\" title=\"\" width=\"400\" height=\"350\" border=\"0\" vspace=\"0\" style=\"width: 400px;height: 350px\"><\/p>\n<\/div>\n<\/div>\n<\/div>\n<\/div>\n<p><span style=\"font-family:\u5b8b\u4f53;letter-spacing:0;font-size:29px\"><\/span><\/p>\n<h2>Wie kann man in Florida einen Verkaufsautomaten besitzen?<\/h2>\n<p style=\"margin-top: 5px;margin-bottom: 5px\">In Florida werden die Regeln und Vorschriften f\u00fcr Verkaufsautomaten vom Florida Office of the State Comptroller kontrolliert, und Sie m\u00fcssen eine Lizenz erhalten. Es gibt drei Arten von Lizenzen f\u00fcr Verkaufsautomaten: H\u00e4ndler von Verkaufsautomaten, Lizenznehmer von Verkaufsautomaten und Lizenzen f\u00fcr Einzelhandelsverkaufsstellen. Die Regeln f\u00fcr den Erwerb einer Vending-Lizenz unterscheiden sich v\u00f6llig von denen f\u00fcr Verkaufsautomaten. Hier erfahren Sie, wie Sie eine Vending-Lizenz in Florida erhalten und wie hoch die Lizenzgeb\u00fchr ist<\/p>\n<p style=\"margin-top: 5px;margin-bottom: 5px\"><\/p>\n<h2>Kann ich im Vereinigten K\u00f6nigreich \u00fcberall einen Verkaufsautomaten aufstellen?<\/h2>\n<p style=\"margin-top: 5px;margin-bottom: 5px\">Verkaufsautomaten, auch Automaten, Selbstbedienungsautomaten oder Selbstbedienungsger\u00e4te genannt, sind Lebensmittel- und Getr\u00e4nkedienstleistungen, die es den Nutzern erm\u00f6glichen, Produkte oder Dienstleistungen, in der Regel von einem Anbieter, zu erwerben, ohne mit einer Bedienung oder einem Servicemitarbeiter in Kontakt zu treten. Verkaufsautomaten werden vor allem an \u00f6ffentlichen Orten wie Verkehrssystemen, Bibliotheken, B\u00fcros, Bildungseinrichtungen und Unternehmen eingesetzt.<\/p>\n<p style=\"margin-top: 5px;margin-bottom: 5px\"><\/p>\n<h2>Wie viel wiegt ein Verkaufsautomat?<\/h2>\n<p style=\"margin-top: 5px;margin-bottom: 5px\">Eine g\u00e4ngige und einfache Methode, das Gewicht eines Automaten zu bestimmen, besteht darin, ihn zu \u00f6ffnen und die M\u00fcnzen im Fach (oder in den F\u00e4chern, wenn es mehr als ein Fach gibt) zu z\u00e4hlen. Diese Methode ist nicht perfekt, vor allem, wenn es mehrere F\u00e4cher gibt oder wenn die F\u00e4cher voll sind. Auf dieser Website erfahren Sie, wie viel ein Automat wiegt, und k\u00f6nnen dann Ihr Wechselgeld berechnen.<\/p>\n<\/p><\/div>","protected":false},"excerpt":{"rendered":"<p>Hot and Freeze vending machine 24hours Hot and Freeze vending machine 24hours|Product Features|Product specification|Product Advantage &nbsp;&nbsp;&nbsp;&nbsp; Our clientele consists of leading retail chains across the country. This machines helps in improving sales of their brand, and their customers\u2019 satisfaction. They are used for vending burgers at restaurants, colleges, clubs, universities, offices, and malls. These are [&hellip;]<\/p>\n","protected":false},"featured_media":354,"comment_status":"open","ping_status":"open","template":"","meta":{"_swt_meta_header_display":false,"_swt_meta_footer_display":false,"_swt_meta_site_title_display":false,"_swt_meta_sticky_header":false,"_swt_meta_transparent_header":false},"product_brand":[],"product_cat":[74,68],"product_tag":[],"class_list":{"0":"post-360","1":"product","2":"type-product","3":"status-publish","4":"has-post-thumbnail","6":"product_cat-hot-food-vending-machine","7":"product_cat-vending-machine","9":"first","10":"instock","11":"shipping-taxable","12":"product-type-simple"},"_links":{"self":[{"href":"https:\/\/www.hommy.com\/de\/wp-json\/wp\/v2\/product\/360","targetHints":{"allow":["GET"]}}],"collection":[{"href":"https:\/\/www.hommy.com\/de\/wp-json\/wp\/v2\/product"}],"about":[{"href":"https:\/\/www.hommy.com\/de\/wp-json\/wp\/v2\/types\/product"}],"replies":[{"embeddable":true,"href":"https:\/\/www.hommy.com\/de\/wp-json\/wp\/v2\/comments?post=360"}],"wp:featuredmedia":[{"embeddable":true,"href":"https:\/\/www.hommy.com\/de\/wp-json\/wp\/v2\/media\/354"}],"wp:attachment":[{"href":"https:\/\/www.hommy.com\/de\/wp-json\/wp\/v2\/media?parent=360"}],"wp:term":[{"taxonomy":"product_brand","embeddable":true,"href":"https:\/\/www.hommy.com\/de\/wp-json\/wp\/v2\/product_brand?post=360"},{"taxonomy":"product_cat","embeddable":true,"href":"https:\/\/www.hommy.com\/de\/wp-json\/wp\/v2\/product_cat?post=360"},{"taxonomy":"product_tag","embeddable":true,"href":"https:\/\/www.hommy.com\/de\/wp-json\/wp\/v2\/product_tag?post=360"}],"curies":[{"name":"wp","href":"https:\/\/api.w.org\/{rel}","templated":true}]}}