{"id":353,"date":"2024-07-02T13:05:59","date_gmt":"2024-07-02T13:05:59","guid":{"rendered":"http:\/\/localhost\/hommywp\/pa-c5b-automatic-smart-hot-and-frozen-food-vending-machine\/"},"modified":"2025-08-01T09:57:32","modified_gmt":"2025-08-01T09:57:32","slug":"pa-c5b-automaten-fur-warme-und-gefrorene-lebensmittel-1","status":"publish","type":"product","link":"https:\/\/www.hommy.com\/de\/p\/pa-c5b-automaten-fur-warme-und-gefrorene-lebensmittel-1\/","title":{"rendered":"Pa-C5b Automatischer intelligenter Hei\u00df- und Tiefk\u00fchlkost-Automat"},"content":{"rendered":"<div>\n<p style=\"text-align: center\">\n<p>Automatic Food Vending Machine von uns zur Verf\u00fcgung gestellt wird von der Premium-Qualit\u00e4t Komponenten, die wir beschaffen von den echten Anbietern des Marktes und der neuesten Technologie in \u00dcbereinstimmung mit der Industrie festgelegten Standards hergestellt.<\/p>\n<p>Der von uns angebotene Lebensmittelautomat wurde entwickelt, um eine sichere und bequeme M\u00f6glichkeit zu bieten, eine Vielzahl von Snacks und Getr\u00e4nken an die \u00d6ffentlichkeit zu verkaufen.<\/p>\n<p><\/p>\n<p>Wir bieten Ihnen unser Fachwissen bei der Lieferung und Installation von Lebensmittelautomaten, mit denen Sie die Bed\u00fcrfnisse eines breiten Kundenkreises erf\u00fcllen k\u00f6nnen. Diese Automatic Food Vending Machine sind einfach zu bedienen und zu warten.<\/p>\n<p><span style=\"font-family:\u5b8b\u4f53;font-size:29px\">Produkt <\/span><span style=\"font-family:\u5b8b\u4f53;font-size:29px\">Spezifikation:<\/span><\/p>\n<p><img decoding=\"async\" src=\"https:\/\/www.hommy.com\/wp-content\/uploads\/16429868956703.png\" alt=\"product-Hommy-img\" title=\"\"><\/p>\n<p><img decoding=\"async\" src=\"https:\/\/www.hommy.com\/wp-content\/uploads\/16429869202673.jpg\" alt=\"product-Hommy-img\" title=\"\"><\/p>\n<p style=\"margin-bottom:0;text-align:justify\"><span style=\"font-family:\u5b8b\u4f53;font-size:29px\"><br \/><\/span><\/p>\n<p style=\"margin-bottom:0;text-align:justify\"><span style=\"font-family:\u5b8b\u4f53;font-size:29px\">Produktmerkmale: <\/span><\/p>\n<p><span style=\"font-family:Calibri;font-size:21px\">1.&nbsp;<\/span><span style=\"font-family:Calibri;font-size:21px\">21<\/span><span style=\"font-family:\u7b49\u7ebf;font-size:21px\">.<\/span><span style=\"font-family:Calibri;font-size:21px\">5\"-Touch<\/span><span style=\"font-family:Calibri;font-size:21px\">&nbsp;Bildschirm f\u00fcr F\u00f6rderung und Betrieb<\/span><span style=\"font-family:Calibri;font-size:21px\">. Cloud Platform Management System. <\/span><\/p>\n<p style=\"margin-bottom: 17px;line-height: 18px\"><span style=\"font-family:\u5b8b\u4f53;font-size:21px\">2.<\/span><span style=\"font-family:\u5b8b\u4f53;font-size:21px\">Visuelles Produktfenster<\/span><span style=\"font-family:Calibri;font-size:21px\">. Die T\u00fcr ist hergestellt aus<\/span><span style=\"font-family:\u5b8b\u4f53;font-size:21px\">&nbsp;zwei Schichten vollst\u00e4ndig versiegelten Sichtglases und <\/span><span style=\"font-family:Calibri;font-size:21px\">drau\u00dfen mit <\/span><span style=\"font-family:\u5b8b\u4f53;font-size:21px\">eine Schicht aus Glasfolie<\/span><span style=\"font-family:Calibri;font-size:21px\">&nbsp;mit <\/span><span style=\"font-family:\u5b8b\u4f53;font-size:21px\">automatisch <\/span><span style=\"font-family:Calibri;font-size:21px\">de<\/span><span style=\"font-family:\u5b8b\u4f53;font-size:21px\">Frost<\/span><span style=\"font-family:Calibri;font-size:21px\">Funktion.<\/span><\/p>\n<p style=\"margin-bottom: 17px;line-height: 18px\"><span style=\"font-family:Calibri;font-size:21px\">3.&nbsp;<\/span><span style=\"font-family:Calibri;font-size:21px\">Das Zahlungssystem<\/span><span style=\"font-family:Calibri;font-size:21px\">\uff1a<\/span><span style=\"font-family:\u7b49\u7ebf;font-size:21px\">b<\/span><span style=\"font-family:Calibri;font-size:21px\">ill , M\u00fcnze und Austausch M\u00fcnze , Kreditkarte Schnittstelle .<\/span><\/p>\n<p style=\"margin-bottom: 17px\"><span style=\"font-family:Calibri;font-size:21px\">4.&nbsp;<\/span><span style=\"font-family:Calibri;font-size:21px\">Die<\/span><span style=\"font-family:Calibri;font-size:21px\">&nbsp;Maschine innen <\/span><span style=\"font-family:Calibri;font-size:21px\">behalten k\u00f6nnen <\/span><span style=\"font-family:Calibri;font-size:21px\">72<\/span><span style=\"font-family:Calibri;font-size:21px\">St\u00fcck <\/span><span style=\"font-family:Calibri;font-size:21px\">versiegelte Mahlzeit, versiegelte Mahlzeit Gr\u00f6\u00dfe: 8\"(L)x5 1\/8\"(W)<\/span><span style=\"font-family:Calibri;font-size:21px\">*<\/span><span style=\"font-family:Calibri;font-size:21px\">1 3\/8\"(H).<\/span><span style=\"font-family: Calibri;font-size: 21px\">Halten Sie die Anzahl der Kartons auf der Grundlage Ihrer Gr\u00f6\u00dfe.<\/span><\/p>\n<p style=\"margin-bottom: 17px\"><span style=\"font-family:Calibri;font-size:21px\">5.&nbsp;<\/span><span style=\"font-family:Calibri;font-size:21px\">Es stehen 1-27 Arten von Lebensmitteln zum Verkauf zur Verf\u00fcgung, und der Preis und die Erhitzungszeit jedes Artikels k\u00f6nnen separat eingestellt werden<\/span><span style=\"font-family:Calibri;font-size:21px\">.<\/span><\/p>\n<p><span style=\"font-family:Calibri;font-size:21px\">6.&nbsp;<\/span><span style=\"font-family:Calibri;font-size:21px\">Die <\/span><span style=\"font-family:Calibri;font-size:21px\">Temperatur<\/span><span style=\"font-family:Calibri;font-size:21px\">&nbsp;an verf\u00fcgbarem Lagerraum <\/span><span style=\"font-family:Calibri;font-size:21px\">von <\/span><span style=\"font-family:Calibri;font-size:21px\">0<\/span><span style=\"font-family:Calibri;font-size:21px\">\u2103\uff5e<\/span><span style=\"font-family:Calibri;font-size:21px\">4<\/span><span style=\"font-family:Calibri;font-size:21px\">\u2103. <\/span><span style=\"font-family:Calibri;font-size:21px\">Sie kann <\/span><span style=\"font-family:Calibri;font-size:21px\">auf der Basis verschiedener Produkte eingerichtet werden<\/span><span style=\"font-family:Calibri;font-size:21px\">cts.<\/span><\/p>\n<p><span style=\"font-family:Calibri;font-size:21px\">7.&nbsp;<\/span><span style=\"font-family:Calibri;font-size:21px\">Heiztemperatur: <\/span><span style=\"font-family:Calibri;font-size:21px\">&nbsp;60\u2103\uff5e90\u2103<\/span><span style=\"font-family:Calibri;font-size:21px\">. N<\/span><span style=\"font-family:\u5b8b\u4f53;font-size:21px\">eed 45 Sekunden<\/span><span style=\"font-family:Calibri;font-size:21px\">s<\/span><span style=\"font-family:\u5b8b\u4f53;font-size:21px\">&nbsp;f\u00fcr Bak<\/span><span style=\"font-family:Calibri;font-size:21px\">ing<\/span><span style=\"font-family:\u5b8b\u4f53;font-size:21px\">&nbsp;eine versiegelte Mahlzeit (frisch, nicht gefroren).<\/span><span style=\"font-family:Calibri;font-size:21px\">&nbsp;<\/span><span style=\"font-family:Calibri;font-size:21px\">Die Heizzeit kann je nach Material angepasst werden.<\/span><span style=\"font-family:Calibri;font-size:21px\">&nbsp;<\/span><\/p>\n<p><span style=\"font-family:Calibri;font-size:21px\">8.&nbsp;<\/span><span style=\"font-family:Calibri;font-size:21px\">Erhitzungsmethode: patentierter handels\u00fcblicher Mikrowellenofen<\/span><span style=\"font-family:Calibri;font-size:21px\">(Leistung des Mikrowellenofens: 3000 W) <\/span><\/p>\n<p><span style=\"font-family:Calibri;font-size:21px\">9.&nbsp;<\/span><span style=\"font-family:Calibri;font-size:21px\">Liefergeschwindigkeit der Schubstange: <\/span><span style=\"font-family:Calibri;font-size:21px\">60\uff5e90<\/span><span style=\"font-family:Calibri;font-size:21px\">&nbsp;Sekunden. Die Geschwindigkeit wird f\u00fcr verschiedene Palettenschichten variiert. <\/span><\/p>\n<p><span style=\"font-family:Calibri;font-size:21px\">10.&nbsp;<\/span><span style=\"font-family:Calibri;font-size:21px\">Material des Maschinenk\u00f6rpers: Sch\u00e4umende Formgebung der gesamten Maschine, gute W\u00e4rmeisolierung. &nbsp;<\/span><\/p>\n<p><span style=\"font-family:Calibri;font-size:21px\">11.&nbsp;<\/span><span style=\"font-family:Calibri;font-size:21px\">Kompressor: Leistung 550W, Marke Embraco\uff0cK\u00e4ltemittel 134A<\/span><\/p>\n<p><span style=\"font-family:Calibri;font-size:21px\">&nbsp;<\/span><\/p>\n<p style=\"margin-bottom:0;text-align:justify\"><span style=\"font-family:\u5b8b\u4f53;font-size:29px\">&nbsp;<\/span><\/p>\n<p style=\"margin-bottom:0;text-align:justify\"><span style=\"font-family:\u5b8b\u4f53;font-size:29px\">&nbsp;<\/span><\/p>\n<p style=\"margin-bottom:0;text-align:justify\"><span style=\"font-family:\u5b8b\u4f53;font-size:29px\">Produktvorteil:<\/span><\/p>\n<p style=\"vertical-align: baseline\"><span style=\"font-family: \u5b8b\u4f53;font-size: 20px\">1.&nbsp;<\/span><span style=\"font-family: \u5b8b\u4f53;font-size: 20px\">Intelligenter Manipulator XY-Achse Ausgang und Aufzug Lieferung<\/span><\/p>\n<p style=\"vertical-align: baseline\"><span style=\"font-family: \u5b8b\u4f53;font-size: 20px\"><img decoding=\"async\" src=\"https:\/\/www.hommy.com\/wp-content\/uploads\/16429869909431.jpg\" alt=\"product-Hommy-PA-C5B Verkaufsautomat f\u00fcr warme und gefrorene Lebensmittel-img\" title=\"\"><\/span><\/p>\n<p style=\"vertical-align: baseline\"><span style=\"font-family: \u5b8b\u4f53;font-size: 20px\">2.<\/span><span style=\"font-family: \u5b8b\u4f53;font-size: 20px\">Gr\u00f6\u00dfere Kapazit\u00e4t \u00fcber <\/span><span style=\"font-family: Calibri;font-size: 20px\">72<\/span><span style=\"font-family: \u5b8b\u4f53;font-size: 20px\">St\u00fcck : 3 St\u00fcck Bahnen pro Lage X 3 Kisten\/Fahrspur X <\/span><span style=\"font-family: Calibri;font-size: 20px\">8<\/span><span style=\"font-family: \u5b8b\u4f53;font-size: 20px\">&nbsp;Schichten=<\/span><span style=\"font-family: Calibri;font-size: 20px\">72<\/span><\/p>\n<p style=\"vertical-align: baseline\"><img loading=\"lazy\" decoding=\"async\" src=\"https:\/\/www.hommy.com\/wp-content\/uploads\/16429870106983.png\" title=\"\" alt=\"product-Hommy-img\" width=\"350\" height=\"617\" border=\"0\" vspace=\"0\" style=\"width: 350px;height: 617px\"><\/p>\n<p><span style=\"font-family: \u5b8b\u4f53;font-size: 20px\">3.<\/span><span style=\"font-family:Calibri;font-size:21px\">Das Zahlungssystem kann M\u00fcnzen, Scheine, Exchang-M\u00fcnzen und Kreditkarten akzeptieren.<\/span><\/p>\n<p style=\"vertical-align: baseline\"><img loading=\"lazy\" decoding=\"async\" src=\"https:\/\/www.hommy.com\/wp-content\/uploads\/16429870508135.png\" title=\"\" alt=\"product-Hommy-img\" width=\"350\" height=\"546\" border=\"0\" vspace=\"0\" style=\"width: 350px;height: 546px\"><\/p>\n<p><span style=\"font-family:Calibri;font-size:21px\">4.<\/span><span style=\"font-family:Calibri;font-size:21px\">Computer-Fernverwaltungssystem: Abfrage von Verkaufsdaten, Erinnerung an Fehlmengen, Erinnerung an Maschinenausf\u00e4lle.<\/span><\/p>\n<p style=\"vertical-align: baseline\"><img decoding=\"async\" src=\"https:\/\/www.hommy.com\/wp-content\/uploads\/16429870792380.jpg\" alt=\"product-PA-C5B Verkaufsautomat f\u00fcr warme und gefrorene Lebensmittel-Hommy-img\" title=\"\"><\/p>\n<h2>Wie viele Snacks passen in einen Verkaufsautomaten?<\/h2>\n<p><\/p>\n<p>Ich bin neugierig, was jeder denkt, die maximale Anzahl von Lebensmitteln, die ein Automat halten kann, ist? Sind es nur Snacks oder k\u00f6nnen auch andere Lebensmittel wie Sandwiches und sogar Getr\u00e4nke hineinpassen? Gibt es eine feste Grenze f\u00fcr die Menge, die in einen Automaten passt, oder ist es nur die Grenze des Herstellers?<\/p>\n<p><\/p>\n<p>Das ist meine gr\u00f6\u00dfte Beschwerde \u00fcber meinen Verkaufsautomaten bei der Arbeit. Er kann nur maximal 13 Sandwiches auf einmal aufnehmen, und er kann nur maximal 5 Getr\u00e4nke (keine Dosen) aufnehmen. Da sind die Gew\u00fcrze noch nicht einmal mitgerechnet. Wenn ich arbeite, finde ich nicht genug Zeit, um zu essen und mir etwas zu besorgen, also versuche ich immer, etwas anderes zu tun oder daf\u00fcr zu bezahlen, dass man mir etwas bringt. Also kaufe ich normalerweise 5 oder 6 Sandwiches auf einmal und vielleicht<\/p>\n<p><\/p>\n<h2>Wie viel Geld kostet ein Verkaufsautomat?<\/h2>\n<p><\/p>\n<p>A: Ein Verkaufsautomat ist ein elektromechanisches oder elektrisches Ger\u00e4t, das so programmiert ist, dass es ein ausgew\u00e4hltes Produkt aus einer Reihe von Produkten ausgibt. Das elektromechanische Produkt ist ein Ger\u00e4tetyp, bei dem ein Motor oder ein Magnetventil verwendet wird, um ein oder mehrere Produkte auszugeben. Die Ausgabe erfolgt, wenn der Motor durch einen Mikroprozessor bet\u00e4tigt wird, um das ausgew\u00e4hlte Produkt zu einer Rutsche oder \u00d6ffnung zu bef\u00f6rdern, wo es von einem Benutzer entnommen wird.<\/p>\n<p><\/p>\n<h2>F: K\u00f6nnen Sie spezielle Angebote f\u00fcr Verkaufsautomaten machen?<\/h2>\n<p><\/p>\n<p>A: Das ist von Hersteller zu Hersteller unterschiedlich. Bei einigen Ger\u00e4ten k\u00f6nnen Sie Produkte kombinieren, um den Preis zu senken, w\u00e4hrend andere so programmiert sind, dass sie das Produkt aus dem preisg\u00fcnstigeren Beh\u00e4lter liefern.<\/p>\n<p><\/p>\n<h2>F: Kann ich meinen neuen Verkaufsautomaten online bestellen?<\/h2>\n<p><\/p>\n<p>A: Das ist von Hersteller zu Hersteller unterschiedlich. Bei einigen m\u00fcssen Sie die Website des Herstellers besuchen, um Ihren Automaten zu bestellen, bei anderen k\u00f6nnen Sie ihn \u00fcber den \u00f6rtlichen Vertriebsmitarbeiter bestellen. Sie sollten sich immer \u00fcber die Automaten informieren, die Sie kaufen, um festzustellen, ob sie<\/p>\n<p><\/p>\n<h2>Wie viel wiegt ein Verkaufsautomat? Die Antwort ist nicht so einfach.<\/h2>\n<p><\/p>\n<p>Die meisten Menschen haben ihre eigene Meinung dar\u00fcber, was ein Automat wiegt, aber die Realit\u00e4t ist, dass die verschiedenen Standorte unterschiedliche Gewichtsmengen haben. So wiegt ein Automat in Seattle vielleicht 10 Pfund und in Chicago 40 Pfund. Der Grund daf\u00fcr ist nicht das tats\u00e4chliche Gewicht des Automaten, sondern die Dichte der Stadt und die Art der Produkte, die in den Automaten verkauft werden. Das liegt daran, dass die Bauweise eines Automaten unterschiedlich ist, und das wirkt sich auf sein Gewicht aus.<\/p>\n<p><\/p>\n<\/p><\/div>","protected":false},"excerpt":{"rendered":"<p>Automatic Food Vending Machine provided by us is manufactured from the premium quality components that we procure from the genuine vendors of the market and the latest technology in compliance with industry set standards. The Automatic Food Vending Machine offered by us is designed to offer safe and convenient way to vend a variety of [&hellip;]<\/p>\n","protected":false},"featured_media":1956,"comment_status":"open","ping_status":"open","template":"","meta":{"_swt_meta_header_display":false,"_swt_meta_footer_display":false,"_swt_meta_site_title_display":false,"_swt_meta_sticky_header":false,"_swt_meta_transparent_header":false},"product_brand":[],"product_cat":[74,68],"product_tag":[],"class_list":{"0":"post-353","1":"product","2":"type-product","3":"status-publish","4":"has-post-thumbnail","6":"product_cat-hot-food-vending-machine","7":"product_cat-vending-machine","9":"first","10":"instock","11":"shipping-taxable","12":"product-type-simple"},"_links":{"self":[{"href":"https:\/\/www.hommy.com\/de\/wp-json\/wp\/v2\/product\/353","targetHints":{"allow":["GET"]}}],"collection":[{"href":"https:\/\/www.hommy.com\/de\/wp-json\/wp\/v2\/product"}],"about":[{"href":"https:\/\/www.hommy.com\/de\/wp-json\/wp\/v2\/types\/product"}],"replies":[{"embeddable":true,"href":"https:\/\/www.hommy.com\/de\/wp-json\/wp\/v2\/comments?post=353"}],"wp:featuredmedia":[{"embeddable":true,"href":"https:\/\/www.hommy.com\/de\/wp-json\/wp\/v2\/media\/1956"}],"wp:attachment":[{"href":"https:\/\/www.hommy.com\/de\/wp-json\/wp\/v2\/media?parent=353"}],"wp:term":[{"taxonomy":"product_brand","embeddable":true,"href":"https:\/\/www.hommy.com\/de\/wp-json\/wp\/v2\/product_brand?post=353"},{"taxonomy":"product_cat","embeddable":true,"href":"https:\/\/www.hommy.com\/de\/wp-json\/wp\/v2\/product_cat?post=353"},{"taxonomy":"product_tag","embeddable":true,"href":"https:\/\/www.hommy.com\/de\/wp-json\/wp\/v2\/product_tag?post=353"}],"curies":[{"name":"wp","href":"https:\/\/api.w.org\/{rel}","templated":true}]}}