{"id":346,"date":"2024-07-02T13:05:55","date_gmt":"2024-07-02T13:05:55","guid":{"rendered":"http:\/\/localhost\/hommywp\/pa-c5-e-24-7-baked-fresh-food-vending-machine-with-kiosk\/"},"modified":"2025-08-01T09:57:32","modified_gmt":"2025-08-01T09:57:32","slug":"pa-c5-e-gebackene-kiosk-automaten","status":"publish","type":"product","link":"https:\/\/www.hommy.com\/de\/p\/pa-c5-e-gebackene-kiosk-automaten\/","title":{"rendered":"Pa-C5-E 24\/7 Backautomaten f\u00fcr frische Lebensmittel mit Kiosk"},"content":{"rendered":"<div>\n<p style=\"text-align: center\"><span style=\"font-family:Calibri;font-size:29px\">B\u00e4ckerei Kiosk Verkaufsautomat 24 Stunden <\/span><span style=\"font-family:\u5b8b\u4f53;font-size:29px\">&nbsp;&nbsp;&nbsp;<\/span><span style=\"font-family:\u5b8b\u4f53;font-size:29px\">&nbsp;<\/span><\/p>\n<p><span style=\"font-family:\u5b8b\u4f53;font-size:29px\">Wir sind einer der f\u00fchrenden Hersteller, Lieferanten und Exporteure von diesem Produkt. wir sind ein renommierter Name in dieser Branche, die einen guten Ruf auf dem Markt f\u00fcr die Herstellung, Lieferung und Ausfuhr dieses Produkts verdient hat. Die angebotene Food Vending Machine ist weithin auf dem Markt f\u00fcr seine Haltbarkeit, einfache Installation und kompakt gefordert.&nbsp;&nbsp;&nbsp;&nbsp;&nbsp;&nbsp;&nbsp;&nbsp;&nbsp;&nbsp;&nbsp;&nbsp;&nbsp;&nbsp;&nbsp;&nbsp;<\/span><span style=\"font-family:Calibri;font-size:29px\">&nbsp;<\/span><\/p>\n<p><span style=\"font-family:\u5b8b\u4f53;font-size:29px\">&nbsp; &nbsp; &nbsp; &nbsp; &nbsp; &nbsp; &nbsp; &nbsp; &nbsp; &nbsp; &nbsp;<\/span><\/p>\n<p><span style=\"font-family:\u5b8b\u4f53;font-size:29px\">Produkt <\/span><span style=\"font-family:\u5b8b\u4f53;font-size:29px\">Spezifikation:<\/span><\/p>\n<p><span style=\"font-family:\u5b8b\u4f53;font-size:29px\"><img decoding=\"async\" src=\"https:\/\/www.hommy.com\/wp-content\/uploads\/16432479186040.png\" alt=\"product-Hommy-img\" title=\"\"><\/span><\/p>\n<p><\/p>\n<p style=\"margin-bottom:0;text-align:justify\"><img decoding=\"async\" src=\"https:\/\/www.hommy.com\/wp-content\/uploads\/16432479979159.png\" alt=\"product-PA-C5-E Backautomaten-Kiosk-Automat-Hommy-img\" title=\"\"><\/p>\n<p style=\"margin-bottom:0;text-align:justify\"><span style=\"font-family:\u5b8b\u4f53;font-size:29px\"><br \/><\/span><\/p>\n<p style=\"margin-bottom:0;text-align:justify\"><span style=\"font-family:\u5b8b\u4f53;font-size:29px\">Produktmerkmale: <\/span><\/p>\n<p><span style=\"font-family:Calibri;font-size:21px\">1.&nbsp;<\/span><span style=\"font-family:Calibri;font-size:21px\">21<\/span><span style=\"font-family:\u7b49\u7ebf;font-size:21px\">.<\/span><span style=\"font-family:Calibri;font-size:21px\">5\"-Touch<\/span><span style=\"font-family:Calibri;font-size:21px\">&nbsp;Bildschirm f\u00fcr F\u00f6rderung und Betrieb<\/span><span style=\"font-family:Calibri;font-size:21px\">. Cloud Platform Management System. <\/span><\/p>\n<p style=\"margin-bottom: 17px;line-height: 18px\"><span style=\"font-family:\u5b8b\u4f53;font-size:21px\">2.&nbsp;<\/span><span style=\"font-family:\u5b8b\u4f53;font-size:21px\">Visuelles Produktfenster<\/span><span style=\"font-family:Calibri;font-size:21px\">. Die T\u00fcr ist hergestellt aus<\/span><span style=\"font-family:\u5b8b\u4f53;font-size:21px\">&nbsp;zwei Schichten vollst\u00e4ndig versiegelten Sichtglases und <\/span><span style=\"font-family:Calibri;font-size:21px\">drau\u00dfen mit <\/span><span style=\"font-family:\u5b8b\u4f53;font-size:21px\">eine Schicht aus Glasfolie<\/span><span style=\"font-family:Calibri;font-size:21px\">&nbsp;mit <\/span><span style=\"font-family:\u5b8b\u4f53;font-size:21px\">automatisch <\/span><span style=\"font-family:Calibri;font-size:21px\">de<\/span><span style=\"font-family:\u5b8b\u4f53;font-size:21px\">Frost<\/span><span style=\"font-family:Calibri;font-size:21px\">Funktion.<\/span><\/p>\n<p style=\"margin-bottom: 17px;line-height: 18px\"><span style=\"font-family:Calibri;font-size:21px\">3.&nbsp;<\/span><span style=\"font-family:Calibri;font-size:21px\">Das Zahlungssystem<\/span><span style=\"font-family:Calibri;font-size:21px\">\uff1a<\/span><span style=\"font-family:\u7b49\u7ebf;font-size:21px\">b<\/span><span style=\"font-family:Calibri;font-size:21px\">ill , M\u00fcnze und Austausch M\u00fcnze , Kreditkarte Schnittstelle .<\/span><\/p>\n<p style=\"margin-bottom: 17px\"><span style=\"font-family:Calibri;font-size:21px\">4.&nbsp;<\/span><span style=\"font-family:Calibri;font-size:21px\">Die<\/span><span style=\"font-family:Calibri;font-size:21px\">&nbsp;Maschine innen <\/span><span style=\"font-family:Calibri;font-size:21px\">behalten k\u00f6nnen <\/span><span style=\"font-family:Calibri;font-size:21px\">72<\/span><span style=\"font-family:Calibri;font-size:21px\">St\u00fcck <\/span><span style=\"font-family:Calibri;font-size:21px\">versiegelte Mahlzeit, versiegelte Mahlzeit Gr\u00f6\u00dfe: 8\"(L)x5 1\/8\"(W)<\/span><span style=\"font-family:Calibri;font-size:21px\">*<\/span><span style=\"font-family:Calibri;font-size:21px\">1 3\/8\"(H). <\/span><\/p>\n<p style=\"margin-bottom: 17px\"><span style=\"font-family:\u7b49\u7ebf;font-size:21px\">&nbsp;<\/span><span style=\"font-family:Calibri;font-size:21px\">&nbsp;Halten Sie die Anzahl der Kartons auf der Grundlage Ihrer Gr\u00f6\u00dfe.<\/span><\/p>\n<p style=\"margin-bottom: 17px\"><span style=\"font-family:Calibri;font-size:21px\">5.&nbsp;<\/span><span style=\"font-family:Calibri;font-size:21px\">Es stehen 1-27 Arten von Lebensmitteln zum Verkauf zur Verf\u00fcgung, und der Preis und die Erhitzungszeit jedes Artikels k\u00f6nnen separat eingestellt werden<\/span><span style=\"font-family:Calibri;font-size:21px\">.<\/span><\/p>\n<p><span style=\"font-family:Calibri;font-size:21px\">6.&nbsp;<\/span><span style=\"font-family:Calibri;font-size:21px\">Die <\/span><span style=\"font-family:Calibri;font-size:21px\">Temperatur<\/span><span style=\"font-family:Calibri;font-size:21px\">&nbsp;an verf\u00fcgbarem Lagerraum <\/span><span style=\"font-family:Calibri;font-size:21px\">von <\/span><span style=\"font-family:Calibri;font-size:21px\">0<\/span><span style=\"font-family:Calibri;font-size:21px\">\u2103\uff5e<\/span><span style=\"font-family:Calibri;font-size:21px\">4<\/span><span style=\"font-family:Calibri;font-size:21px\">\u2103. <\/span><span style=\"font-family:Calibri;font-size:21px\">Sie kann <\/span><span style=\"font-family:Calibri;font-size:21px\">auf der Basis verschiedener Produkte eingerichtet werden<\/span><span style=\"font-family:Calibri;font-size:21px\">cts.<\/span><\/p>\n<p><span style=\"font-family:Calibri;font-size:21px\">7.&nbsp;<\/span><span style=\"font-family:Calibri;font-size:21px\">Heiztemperatur: <\/span><span style=\"font-family:Calibri;font-size:21px\">&nbsp;60\u2103\uff5e90\u2103<\/span><span style=\"font-family:Calibri;font-size:21px\">. N<\/span><span style=\"font-family:\u5b8b\u4f53;font-size:21px\">eed 45 Sekunden<\/span><span style=\"font-family:Calibri;font-size:21px\">s<\/span><span style=\"font-family:\u5b8b\u4f53;font-size:21px\">&nbsp;f\u00fcr Bak<\/span><span style=\"font-family:Calibri;font-size:21px\">ing<\/span><span style=\"font-family:\u5b8b\u4f53;font-size:21px\">&nbsp;eine versiegelte Mahlzeit (frisch, nicht gefroren).<\/span><span style=\"font-family:Calibri;font-size:21px\">&nbsp;<\/span><span style=\"font-family:Calibri;font-size:21px\">Die Heizzeit kann je nach Material angepasst werden.<\/span><span style=\"font-family:Calibri;font-size:21px\">&nbsp;<\/span><\/p>\n<p><span style=\"font-family:Calibri;font-size:21px\">8.&nbsp;<\/span><span style=\"font-family:Calibri;font-size:21px\">Erhitzungsmethode: patentierter handels\u00fcblicher Mikrowellenofen<\/span><span style=\"font-family:Calibri;font-size:21px\">(Leistung des Mikrowellenofens: 3000 W) <\/span><\/p>\n<p><span style=\"font-family:Calibri;font-size:21px\">9.&nbsp;<\/span><span style=\"font-family:Calibri;font-size:21px\">Liefergeschwindigkeit der Schubstange: <\/span><span style=\"font-family:Calibri;font-size:21px\">60\uff5e90<\/span><span style=\"font-family:Calibri;font-size:21px\">&nbsp;Sekunden. Die Geschwindigkeit wird f\u00fcr verschiedene Palettenschichten variiert. <\/span><\/p>\n<p><span style=\"font-family:Calibri;font-size:21px\">10.&nbsp;<\/span><span style=\"font-family:Calibri;font-size:21px\">Material des Maschinenk\u00f6rpers: Sch\u00e4umende Formgebung der gesamten Maschine, gute W\u00e4rmeisolierung. &nbsp;<\/span><\/p>\n<p><span style=\"font-family:Calibri;font-size:21px\">11.&nbsp;<\/span><span style=\"font-family:Calibri;font-size:21px\">Kompressor: Leistung 550W, Marke Embraco\uff0cK\u00e4ltemittel 134A<\/span><\/p>\n<p><span style=\"font-family:Calibri;font-size:21px\"><br \/><\/span><\/p>\n<p><span style=\"font-family:Calibri;font-size:21px\"><\/span><\/p>\n<p style=\"margin-bottom:0;text-align:justify\"><span style=\"font-family:\u5b8b\u4f53;font-size:29px\">Produktvorteil:<\/span><\/p>\n<p style=\"vertical-align: baseline\"><span style=\"font-family: \u5b8b\u4f53;font-size: 20px\">1.<\/span><span style=\"font-family: \u5b8b\u4f53;font-size: 20px\">Intelligenter Manipulator XY-Achse Ausgang und Aufzug Lieferung<\/span><\/p>\n<p style=\"vertical-align: baseline\"><span style=\"font-family: \u5b8b\u4f53;font-size: 20px\"><img loading=\"lazy\" decoding=\"async\" src=\"https:\/\/www.hommy.com\/wp-content\/uploads\/16432481569558.png\" title=\"\" alt=\"product-Hommy-img\" width=\"350\" height=\"625\" border=\"0\" vspace=\"0\" style=\"width: 350px;height: 625px\"><\/span><\/p>\n<p style=\"vertical-align: baseline\"><span style=\"font-family: \u5b8b\u4f53;font-size: 20px\">2.<\/span><span style=\"font-family: \u5b8b\u4f53;font-size: 20px\">Gr\u00f6\u00dfere Kapazit\u00e4t \u00fcber <\/span><span style=\"font-family: Calibri;font-size: 20px\">72<\/span><span style=\"font-family: \u5b8b\u4f53;font-size: 20px\">St\u00fcck : 3 St\u00fcck Bahnen pro Lage X 3 Kisten\/Fahrspur X <\/span><span style=\"font-family: Calibri;font-size: 20px\">8<\/span><span style=\"font-family: \u5b8b\u4f53;font-size: 20px\">&nbsp;Schichten=<\/span><span style=\"font-family: Calibri;font-size: 20px\">72<\/span><\/p>\n<p style=\"vertical-align: baseline\"><img loading=\"lazy\" decoding=\"async\" src=\"https:\/\/www.hommy.com\/wp-content\/uploads\/16432481748716.jpg\" title=\"\" alt=\"product-Hommy-img\" width=\"350\" height=\"1706\" border=\"0\" vspace=\"0\" style=\"width: 350px;height: 1706px\"><\/p>\n<p><span style=\"font-family: \u5b8b\u4f53;font-size: 20px\">3.<\/span><span style=\"font-family:Calibri;font-size:21px\">Das Zahlungssystem kann M\u00fcnzen, Scheine, Exchang-M\u00fcnzen und Kreditkarten akzeptieren.<\/span><\/p>\n<p style=\"vertical-align: baseline\"><img loading=\"lazy\" decoding=\"async\" src=\"https:\/\/www.hommy.com\/wp-content\/uploads\/16432481982026.jpg\" title=\"\" alt=\"product-Hommy-img\" width=\"350\" height=\"1167\" border=\"0\" vspace=\"0\" style=\"width: 350px;height: 1167px\"><\/p>\n<p><span style=\"font-family:Calibri;font-size:21px\">4.<\/span><span style=\"font-family:Calibri;font-size:21px\">Computer-Fernverwaltungssystem: Abfrage von Verkaufsdaten, Erinnerung an Fehlmengen, Erinnerung an Maschinenausf\u00e4lle.<\/span><\/p>\n<p style=\"vertical-align: baseline\"><img decoding=\"async\" src=\"https:\/\/www.hommy.com\/wp-content\/uploads\/16432482259182.jpg\" alt=\"produkt-Hommy-PA-C5-E Kiosk-Backautomaten-img\" title=\"\"><\/p>\n<p><span style=\"font-family:Calibri;font-size:21px\"><\/span><\/p>\n<h2>Wie viel kostet ein gek\u00fchlter Verkaufsautomat?&nbsp;<\/h2>\n<p style=\"margin-top: 5px;margin-bottom: 5px\">Die Antwort auf diese Fragen ist nicht ganz einfach. W\u00e4hrend ein Verkaufsautomat mit einem betr\u00e4chtlichen Gewinn betrieben werden kann, gibt es viele andere Kosten f\u00fcr den Besitz eines Verkaufsautomaten. In diesem Beitrag werde ich einige der verschiedenen Kosten betrachten und erkl\u00e4ren, wie viel sie zur Rentabilit\u00e4t von Automaten beitragen.<\/p>\n<p style=\"margin-top: 5px;margin-bottom: 5px\"><\/p>\n<h2>Wie viel Strom verbraucht ein Snackautomat?<\/h2>\n<p style=\"margin-top: 5px;margin-bottom: 5px\">Der Stromverbrauch von Snackautomaten wird anhand einer Reihe von Merkmalen wie Gr\u00f6\u00dfe, Typ, Leistung des Elektromotors des Automaten, Kapazit\u00e4t des Ger\u00e4ts, H\u00e4ufigkeit der Eink\u00e4ufe, Preis usw. berechnet. Die folgende Tabelle soll Ihnen bei der Auswahl eines Snackautomaten mit der besten Energieeffizienz (d. h. dem h\u00f6chsten Energieverbrauch pro gekaufter Snackeinheit) helfen.<\/p>\n<p style=\"margin-top: 5px;margin-bottom: 5px\"><\/p>\n<h2>Welche Lebensmittel befinden sich in einem Automaten?<\/h2>\n<p style=\"margin-top: 5px;margin-bottom: 5px\">F\u00fcr die einen ist es eine Maschine, f\u00fcr die anderen ein Ort f\u00fcr einen Snack oder eine schnelle Mahlzeit. F\u00fcr viele da drau\u00dfen ist er eine Notwendigkeit, auch wenn er die Rolle eines Unterhaltungszentrums \u00fcbernommen hat. Einige Automaten sind so konzipiert, dass sie die Besucher mit einer Vielzahl von Snacks und Mahlzeiten locken, als Ort zum Auftanken, als Gelegenheit f\u00fcr einen schnellen Imbiss oder manchmal auch als lustiger Spielbereich f\u00fcr Kinder. Welche Arten von Lebensmitteln gibt es in den Automaten? Es gibt viele, von einem Hot Dog \u00fcber einen Burrito bis hin zu einer Vielzahl von S\u00fc\u00dfigkeiten und Snacks, die man einfach mitnehmen und unterwegs essen kann.<\/p>\n<\/p><\/div>","protected":false},"excerpt":{"rendered":"<p>Baked kiosk Vending Machine 24hours &nbsp;&nbsp;&nbsp;&nbsp; We are one of the leading manufacturers, suppliers and exporters of this product.We are a renowned name in this industry that has earned a great reputation in the market for manufacturing, supplying and exporting this product. The offered Food Vending Machine is widely demanded in the market for its [&hellip;]<\/p>\n","protected":false},"featured_media":1955,"comment_status":"open","ping_status":"open","template":"","meta":{"_swt_meta_header_display":false,"_swt_meta_footer_display":false,"_swt_meta_site_title_display":false,"_swt_meta_sticky_header":false,"_swt_meta_transparent_header":false},"product_brand":[],"product_cat":[74,68],"product_tag":[],"class_list":{"0":"post-346","1":"product","2":"type-product","3":"status-publish","4":"has-post-thumbnail","6":"product_cat-hot-food-vending-machine","7":"product_cat-vending-machine","9":"first","10":"instock","11":"shipping-taxable","12":"product-type-simple"},"_links":{"self":[{"href":"https:\/\/www.hommy.com\/de\/wp-json\/wp\/v2\/product\/346","targetHints":{"allow":["GET"]}}],"collection":[{"href":"https:\/\/www.hommy.com\/de\/wp-json\/wp\/v2\/product"}],"about":[{"href":"https:\/\/www.hommy.com\/de\/wp-json\/wp\/v2\/types\/product"}],"replies":[{"embeddable":true,"href":"https:\/\/www.hommy.com\/de\/wp-json\/wp\/v2\/comments?post=346"}],"wp:featuredmedia":[{"embeddable":true,"href":"https:\/\/www.hommy.com\/de\/wp-json\/wp\/v2\/media\/1955"}],"wp:attachment":[{"href":"https:\/\/www.hommy.com\/de\/wp-json\/wp\/v2\/media?parent=346"}],"wp:term":[{"taxonomy":"product_brand","embeddable":true,"href":"https:\/\/www.hommy.com\/de\/wp-json\/wp\/v2\/product_brand?post=346"},{"taxonomy":"product_cat","embeddable":true,"href":"https:\/\/www.hommy.com\/de\/wp-json\/wp\/v2\/product_cat?post=346"},{"taxonomy":"product_tag","embeddable":true,"href":"https:\/\/www.hommy.com\/de\/wp-json\/wp\/v2\/product_tag?post=346"}],"curies":[{"name":"wp","href":"https:\/\/api.w.org\/{rel}","templated":true}]}}